{"id":70880,"date":"2021-07-15T20:58:41","date_gmt":"2021-07-15T20:58:41","guid":{"rendered":"https:\/\/www.bullhorn.com\/de\/?page_id=70880"},"modified":"2025-08-29T15:44:56","modified_gmt":"2025-08-29T15:44:56","slug":"preise","status":"publish","type":"page","link":"https:\/\/www.bullhorn.com\/de\/preise\/","title":{"rendered":"Preise"},"content":{"rendered":"","protected":false},"excerpt":{"rendered":"","protected":false},"author":403,"featured_media":72230,"parent":0,"menu_order":0,"comment_status":"closed","ping_status":"closed","template":"","meta":{"_acf_changed":false,"om_disable_all_campaigns":false},"class_list":["post-70880","page","type-page","status-publish","has-post-thumbnail","hentry"],"acf":[],"yoast_head":"<!-- This site is optimized with the Yoast SEO plugin v27.2 - https:\/\/yoast.com\/product\/yoast-seo-wordpress\/ -->\n<title>Preise I Bullhorn DE<\/title>\n<meta name=\"description\" content=\"Was kostet Software von Bullhorn? Alle Informationen zu Preisen und Modellen haben wir hier f\u00fcr Sie zusammengestellt.\" \/>\n<meta name=\"robots\" content=\"index, follow, max-snippet:-1, max-image-preview:large, max-video-preview:-1\" \/>\n<link rel=\"canonical\" href=\"https:\/\/www.bullhorn.com\/de\/preise\/\" \/>\n<meta property=\"og:locale\" content=\"de_DE\" \/>\n<meta property=\"og:type\" content=\"article\" \/>\n<meta property=\"og:title\" content=\"Preise I Bullhorn DE\" \/>\n<meta property=\"og:description\" content=\"Was kostet Software von Bullhorn? Alle Informationen zu Preisen und Modellen haben wir hier f\u00fcr Sie zusammengestellt.\" \/>\n<meta property=\"og:url\" content=\"https:\/\/www.bullhorn.com\/de\/preise\/\" \/>\n<meta property=\"og:site_name\" content=\"Bullhorn DE\" \/>\n<meta property=\"article:publisher\" content=\"https:\/\/www.facebook.com\/Bullhorn\/\" \/>\n<meta property=\"article:modified_time\" content=\"2025-08-29T15:44:56+00:00\" \/>\n<meta property=\"og:image\" content=\"https:\/\/www.bullhorn.com\/de\/wp-content\/uploads\/sites\/7\/2021\/11\/shutterstock_574840753.jpg\" \/>\n\t<meta property=\"og:image:width\" content=\"1920\" \/>\n\t<meta property=\"og:image:height\" content=\"1080\" \/>\n\t<meta property=\"og:image:type\" content=\"image\/jpeg\" \/>\n<meta name=\"twitter:card\" content=\"summary_large_image\" \/>\n<meta name=\"twitter:site\" content=\"@Bullhorn\" \/>\n<meta name=\"twitter:label1\" content=\"Gesch\u00e4tzte Lesezeit\" \/>\n\t<meta name=\"twitter:data1\" content=\"1\u00a0Minute\" \/>\n<script type=\"application\/ld+json\" class=\"yoast-schema-graph\">{\"@context\":\"https:\/\/schema.org\",\"@graph\":[{\"@type\":\"WebPage\",\"@id\":\"https:\/\/www.bullhorn.com\/de\/preise\/\",\"url\":\"https:\/\/www.bullhorn.com\/de\/preise\/\",\"name\":\"Preise I Bullhorn DE\",\"isPartOf\":{\"@id\":\"https:\/\/www.bullhorn.com\/de\/#website\"},\"primaryImageOfPage\":{\"@id\":\"https:\/\/www.bullhorn.com\/de\/preise\/#primaryimage\"},\"image\":{\"@id\":\"https:\/\/www.bullhorn.com\/de\/preise\/#primaryimage\"},\"thumbnailUrl\":\"https:\/\/www.bullhorn.com\/de\/wp-content\/uploads\/sites\/7\/2021\/11\/shutterstock_574840753.jpg\",\"datePublished\":\"2021-07-15T20:58:41+00:00\",\"dateModified\":\"2025-08-29T15:44:56+00:00\",\"description\":\"Was kostet Software von Bullhorn? Alle Informationen zu Preisen und Modellen haben wir hier f\u00fcr Sie zusammengestellt.\",\"breadcrumb\":{\"@id\":\"https:\/\/www.bullhorn.com\/de\/preise\/#breadcrumb\"},\"inLanguage\":\"de\",\"potentialAction\":[{\"@type\":\"ReadAction\",\"target\":[\"https:\/\/www.bullhorn.com\/de\/preise\/\"]}]},{\"@type\":\"ImageObject\",\"inLanguage\":\"de\",\"@id\":\"https:\/\/www.bullhorn.com\/de\/preise\/#primaryimage\",\"url\":\"https:\/\/www.bullhorn.com\/de\/wp-content\/uploads\/sites\/7\/2021\/11\/shutterstock_574840753.jpg\",\"contentUrl\":\"https:\/\/www.bullhorn.com\/de\/wp-content\/uploads\/sites\/7\/2021\/11\/shutterstock_574840753.jpg\",\"width\":1920,\"height\":1080,\"caption\":\"Bullhorn Software I Preise\"},{\"@type\":\"BreadcrumbList\",\"@id\":\"https:\/\/www.bullhorn.com\/de\/preise\/#breadcrumb\",\"itemListElement\":[{\"@type\":\"ListItem\",\"position\":1,\"name\":\"Home\",\"item\":\"https:\/\/www.bullhorn.com\/de\/\"},{\"@type\":\"ListItem\",\"position\":2,\"name\":\"Preise\"}]},{\"@type\":\"WebSite\",\"@id\":\"https:\/\/www.bullhorn.com\/de\/#website\",\"url\":\"https:\/\/www.bullhorn.com\/de\/\",\"name\":\"Bullhorn DE\",\"description\":\"Just another Bullhorn Sites site\",\"publisher\":{\"@id\":\"https:\/\/www.bullhorn.com\/de\/#organization\"},\"potentialAction\":[{\"@type\":\"SearchAction\",\"target\":{\"@type\":\"EntryPoint\",\"urlTemplate\":\"https:\/\/www.bullhorn.com\/de\/?s={search_term_string}\"},\"query-input\":{\"@type\":\"PropertyValueSpecification\",\"valueRequired\":true,\"valueName\":\"search_term_string\"}}],\"inLanguage\":\"de\"},{\"@type\":\"Organization\",\"@id\":\"https:\/\/www.bullhorn.com\/de\/#organization\",\"name\":\"Bullhorn\",\"url\":\"https:\/\/www.bullhorn.com\/de\/\",\"logo\":{\"@type\":\"ImageObject\",\"inLanguage\":\"de\",\"@id\":\"https:\/\/www.bullhorn.com\/de\/#\/schema\/logo\/image\/\",\"url\":\"https:\/\/www.bullhorn.com\/de\/wp-content\/uploads\/sites\/7\/2021\/09\/og-img.png\",\"contentUrl\":\"https:\/\/www.bullhorn.com\/de\/wp-content\/uploads\/sites\/7\/2021\/09\/og-img.png\",\"width\":1200,\"height\":628,\"caption\":\"Bullhorn\"},\"image\":{\"@id\":\"https:\/\/www.bullhorn.com\/de\/#\/schema\/logo\/image\/\"},\"sameAs\":[\"https:\/\/www.facebook.com\/Bullhorn\/\",\"https:\/\/x.com\/Bullhorn\",\"https:\/\/www.instagram.com\/lifeatbullhorn\/?hl=de\",\"https:\/\/www.linkedin.com\/company\/bullhorn\",\"https:\/\/www.youtube.com\/channel\/UC-Rgm5YxtoxsvlCHy6KW3Ug\",\"https:\/\/en.wikipedia.org\/wiki\/Bullhorn,_Inc.\"]}]}<\/script>\n<!-- \/ Yoast SEO plugin. -->","yoast_head_json":{"title":"Preise I Bullhorn DE","description":"Was kostet Software von Bullhorn? Alle Informationen zu Preisen und Modellen haben wir hier f\u00fcr Sie zusammengestellt.","robots":{"index":"index","follow":"follow","max-snippet":"max-snippet:-1","max-image-preview":"max-image-preview:large","max-video-preview":"max-video-preview:-1"},"canonical":"https:\/\/www.bullhorn.com\/de\/preise\/","og_locale":"de_DE","og_type":"article","og_title":"Preise I Bullhorn DE","og_description":"Was kostet Software von Bullhorn? Alle Informationen zu Preisen und Modellen haben wir hier f\u00fcr Sie zusammengestellt.","og_url":"https:\/\/www.bullhorn.com\/de\/preise\/","og_site_name":"Bullhorn DE","article_publisher":"https:\/\/www.facebook.com\/Bullhorn\/","article_modified_time":"2025-08-29T15:44:56+00:00","og_image":[{"width":1920,"height":1080,"url":"https:\/\/www.bullhorn.com\/de\/wp-content\/uploads\/sites\/7\/2021\/11\/shutterstock_574840753.jpg","type":"image\/jpeg"}],"twitter_card":"summary_large_image","twitter_site":"@Bullhorn","twitter_misc":{"Gesch\u00e4tzte Lesezeit":"1\u00a0Minute"},"schema":{"@context":"https:\/\/schema.org","@graph":[{"@type":"WebPage","@id":"https:\/\/www.bullhorn.com\/de\/preise\/","url":"https:\/\/www.bullhorn.com\/de\/preise\/","name":"Preise I Bullhorn DE","isPartOf":{"@id":"https:\/\/www.bullhorn.com\/de\/#website"},"primaryImageOfPage":{"@id":"https:\/\/www.bullhorn.com\/de\/preise\/#primaryimage"},"image":{"@id":"https:\/\/www.bullhorn.com\/de\/preise\/#primaryimage"},"thumbnailUrl":"https:\/\/www.bullhorn.com\/de\/wp-content\/uploads\/sites\/7\/2021\/11\/shutterstock_574840753.jpg","datePublished":"2021-07-15T20:58:41+00:00","dateModified":"2025-08-29T15:44:56+00:00","description":"Was kostet Software von Bullhorn? Alle Informationen zu Preisen und Modellen haben wir hier f\u00fcr Sie zusammengestellt.","breadcrumb":{"@id":"https:\/\/www.bullhorn.com\/de\/preise\/#breadcrumb"},"inLanguage":"de","potentialAction":[{"@type":"ReadAction","target":["https:\/\/www.bullhorn.com\/de\/preise\/"]}]},{"@type":"ImageObject","inLanguage":"de","@id":"https:\/\/www.bullhorn.com\/de\/preise\/#primaryimage","url":"https:\/\/www.bullhorn.com\/de\/wp-content\/uploads\/sites\/7\/2021\/11\/shutterstock_574840753.jpg","contentUrl":"https:\/\/www.bullhorn.com\/de\/wp-content\/uploads\/sites\/7\/2021\/11\/shutterstock_574840753.jpg","width":1920,"height":1080,"caption":"Bullhorn Software I Preise"},{"@type":"BreadcrumbList","@id":"https:\/\/www.bullhorn.com\/de\/preise\/#breadcrumb","itemListElement":[{"@type":"ListItem","position":1,"name":"Home","item":"https:\/\/www.bullhorn.com\/de\/"},{"@type":"ListItem","position":2,"name":"Preise"}]},{"@type":"WebSite","@id":"https:\/\/www.bullhorn.com\/de\/#website","url":"https:\/\/www.bullhorn.com\/de\/","name":"Bullhorn DE","description":"Just another Bullhorn Sites site","publisher":{"@id":"https:\/\/www.bullhorn.com\/de\/#organization"},"potentialAction":[{"@type":"SearchAction","target":{"@type":"EntryPoint","urlTemplate":"https:\/\/www.bullhorn.com\/de\/?s={search_term_string}"},"query-input":{"@type":"PropertyValueSpecification","valueRequired":true,"valueName":"search_term_string"}}],"inLanguage":"de"},{"@type":"Organization","@id":"https:\/\/www.bullhorn.com\/de\/#organization","name":"Bullhorn","url":"https:\/\/www.bullhorn.com\/de\/","logo":{"@type":"ImageObject","inLanguage":"de","@id":"https:\/\/www.bullhorn.com\/de\/#\/schema\/logo\/image\/","url":"https:\/\/www.bullhorn.com\/de\/wp-content\/uploads\/sites\/7\/2021\/09\/og-img.png","contentUrl":"https:\/\/www.bullhorn.com\/de\/wp-content\/uploads\/sites\/7\/2021\/09\/og-img.png","width":1200,"height":628,"caption":"Bullhorn"},"image":{"@id":"https:\/\/www.bullhorn.com\/de\/#\/schema\/logo\/image\/"},"sameAs":["https:\/\/www.facebook.com\/Bullhorn\/","https:\/\/x.com\/Bullhorn","https:\/\/www.instagram.com\/lifeatbullhorn\/?hl=de","https:\/\/www.linkedin.com\/company\/bullhorn","https:\/\/www.youtube.com\/channel\/UC-Rgm5YxtoxsvlCHy6KW3Ug","https:\/\/en.wikipedia.org\/wiki\/Bullhorn,_Inc."]}]}},"grav_blocks":[{"acf_fc_layout":"columns","block_title":"","block_aria":"","block_subtitle":"","format":"format-sidebar-left","enable_box_shadow":false,"columns":[{"type":"wysiwyg","wysiwyg":"<h2>Applicant Tracking System und CRM<\/h2>\n","accordion_open_first_section":false,"accordion_multiple_open_sections":false,"accordion_items":false,"icon_list_items":false},{"type":"wysiwyg","wysiwyg":"<p>Moderne Recruiting-Software, mit der Personalvermittler ihre Ums\u00e4tze steigern, Abl\u00e4ufe b\u00fcndeln und sich von der Konkurrenz abheben k\u00f6nnen. Verk\u00fcrzen Sie die Zeitspanne bis zur erfolgreichen Vermittlung, erh\u00f6hen Sie die Chance Ihrer Bewerber auf eine Wiedereinstellung und betreiben Sie effizientes Customer Relationship Management &#8211; und all das mit nur einem einzigen System.<\/p>\n","accordion_open_first_section":false,"accordion_multiple_open_sections":false,"accordion_items":false,"icon_list_items":false}],"block_background":"bg-gray","block_background_video_type":"url","block_background_video_url":"","block_background_video_file":false,"block_background_image":false,"block_background_overlay":false,"unique_id":"","block_option_custom_class":"","block_animate":true,"block_option_padding":[],"block_option_hide":[],"bg_lower_slant_color":""},{"acf_fc_layout":"card-grid","block_title":"","block_aria":"","block_subtitle":"","background_shape":"","background_shape_position":"left","parallax_fx":false,"title_position":"top","cards_bg_color":"bg-white","cards_border":true,"cards_per_row":"4","cards":[{"icon":"","icon_color":"green","line_title_with_icon":false,"inline_title":"","content":"<h4>Team<\/h4>\n<ul>\n<li>Bewerbermanagement und Sourcing<\/li>\n<li>Kontakt und Gesch\u00e4ftsleitung<\/li>\n<li>Jobmanagement und Publishing<\/li>\n<li>E-Mail-Integration, Tracking und Massen-Mailing<\/li>\n<li>SMS-Texting-Add-on<\/li>\n<li>CV-Parsing<\/li>\n<li>Karriere-Portal<\/li>\n<li>Standard-Reporting<\/li>\n<\/ul>\n"},{"icon":"","icon_color":"green","line_title_with_icon":false,"inline_title":"","content":"<h4>Corporate<\/h4>\n<p><strong>Alle in Team enthaltenen Funktionen, plus:<\/strong><\/p>\n<ul>\n<li>Unbegrenzte Datenspeicherung<\/li>\n<li>API-Zugriff<\/li>\n<li>Benutzerspezifische Felder und Workflows<\/li>\n<li>LinkedIn Integration<\/li>\n<li>Produktivit\u00e4ts-Tool f\u00fcr den Posteingang<\/li>\n<li>NPS-Umfrage-Tool<\/li>\n<\/ul>\n"},{"icon":"","icon_color":"green","line_title_with_icon":false,"inline_title":"","content":"<h4><h4 data-feature-text=\"Am beliebtesten\" data-feature-text-color=\"blue-light\">Enterprise<\/h4><\/h4>\n<p><strong>Alle in Corporate enthaltenen Funktionen, plus:<\/strong><\/p>\n<ul>\n<li>Erweiterte Reporting-Dashboards<\/li>\n<li>Pulse Relationship Intelligence<\/li>\n<li>Lead- und Opportunity-Tracking<\/li>\n<li>Pipeline-Management<\/li>\n<li>Aktivit\u00e4tsziele und Verkaufskontingente<\/li>\n<\/ul>\n"},{"icon":"","icon_color":"green","line_title_with_icon":false,"inline_title":"","content":"<h4>Enterprise Plus<\/h4>\n<p><strong>Alle in Enterprise enthaltenen Funktionen, plus:<\/strong><\/p>\n<ul>\n<li>Erweiterte Berichterstattung Objects und Visualisierung<\/li>\n<\/ul>\n"}],"block_background":"bg-gray","block_background_video_type":"url","block_background_video_url":"","block_background_video_file":false,"block_background_image":false,"block_background_overlay":false,"unique_id":"","block_option_custom_class":"","block_animate":true,"block_option_padding":[],"block_option_hide":[],"bg_lower_slant_color":"white"},{"acf_fc_layout":"sidebar-anchor","sidebar_title":"Features","sidebar_title_display_large":true,"sidebar_cta_button":{"link_type":"url","link_text":"Angebot anfragen","link_page":null,"link_url":"\/de\/get-a-quote\/?LS=Website&amp;LSD=Quote_DE&amp;LA=Quote_DE&amp;LAD=Quote_DE\/","link_aria":""},"sections":[{"sidebar_label":"Bullhorn for Salesforce","link_type":"none","section_type":"content-list","section_columns":false,"content":"<p>Bullhorn for Salesforce<\/p>\n<p>Bullhorn for Salesforce bietet Personaldienstleistern einen Wettbewerbsvorteil durch Echtzeit-Dashboards, spezifische Software-Integrationen f\u00fcr Recruitingprozesse sowie alle Funktionalit\u00e4ten der Salesforce-Plattform. Die zahlreichen Funktionen unterst\u00fctzen Sie dabei, schnell den perfekten Kandidaten zu finden und alle Arbeitsabl\u00e4ufe zu optimieren.<\/p>\n","section_list_items":[{"item_text":"Bewerbermanagement und Sourcing"},{"item_text":"Kundenvereinbarungen"},{"item_text":"Kontakterfassung und Kontaktdatenpflege"},{"item_text":"Kalender und Aufgabenmanagement"},{"item_text":"Kundenportal"},{"item_text":"Job Lead Management und Conversions"},{"item_text":"Suche und Matching"},{"item_text":"Lebenslauf-Manager und Editor"},{"item_text":"Terminplaner"},{"item_text":"Kandidatenportal im eigenen Design"}],"image":false,"image_video_url":""},{"sidebar_label":"Onboarding","link_type":"none","section_type":"content-list","section_columns":false,"content":"<h2>Onboarding<\/h2>\n<p>Bullhorn Onboarding ist ein digitales Dokumenten-Managementsystem, das speziell f\u00fcr Personaldienstleister entwickelt. Das Tool reduziert die manuelle Dateneingabe und sorgt f\u00fcr eine gro\u00dfartige Erfahrung bei der Einstellung neuer Mitarbeittenden vom ersten Tag an. Der Preis richtet sich nach der Anzahl der vermittelten Kandidat:innen, deren Dokumente \u00fcber das System versendet werden.<\/p>\n","section_list_items":[{"item_text":"Integration des Applicant Tracking System "},{"item_text":" Dokumentation vor der Einstellung"},{"item_text":"Digitale Dokumentenverwaltung"},{"item_text":"Dokumentenspeicher"},{"item_text":"True Cloud Software"},{"item_text":"Integration mit E-Verify"},{"item_text":"Branded Kandidatenportal"}],"image":false,"image_video_url":""},{"sidebar_label":"Recruiting und Vertrieb","link_type":"none","section_type":"content-list","section_columns":false,"content":"<h2>Bullhorn Connexys<\/h2>\n<p>Bullhorn Connexys bietet Unternehmen einen Wettbewerbsvorteil durch Echtzeit-Dashboards, Rekrutierungs-spezifische Software-Integrationen und die globalen F\u00e4higkeiten der Salesforce-Plattform. Unser Funktionsumfang soll Ihnen helfen, schnell den perfekten Kandidaten zu finden und alle Arbeitsabl\u00e4ufe zu optimieren.<\/p>\n","section_list_items":[{"item_text":"Bewerbermanagement und Sourcing"},{"item_text":"Kontakt und Gesch\u00e4ftsleitung"},{"item_text":"Kundenvereinbarung"},{"item_text":"Verwaltung von Kalendern und Aufgaben"},{"item_text":"Kunden-Portal"},{"item_text":"Job Lead Management und Umsetzung"},{"item_text":"Suche und Matching"},{"item_text":"Lebenslauf-Manager und Editor"},{"item_text":"Terminplaner"},{"item_text":"Kandidaten-Portal"}],"image":false,"image_video_url":""},{"sidebar_label":"VMS Integration","link_type":"none","section_type":"content-list","section_columns":false,"content":"<h2>VMS Integration<\/h2>\n<p>Sie k\u00f6nnen mit dieser Funktion Bullhorn mit einer Vielzahl an Vendor Management Systemen (VMS) verkn\u00fcpfen, Daten aktualisieren und automatisch Auftragsdaten in Ihr ATS importieren. Auf Anfrage erhalten Sie Preise und Paketangebote.<\/p>\n","section_list_items":[{"item_text":"Integration des Applicant Tracking System "},{"item_text":"Automatische Stellenanzeigen"},{"item_text":"Filterung der Anforderung"},{"item_text":"Quick-Alerts"},{"item_text":"Erweiterte Analysen"},{"item_text":"Gesch\u00e4ftsregeln"}],"image":false,"image_video_url":""},{"sidebar_label":"Executive Search","link_type":"none","section_type":"content-list","section_columns":false,"content":"<h2>Invenias<\/h2>\n<p>Invenias ist die Plattform f\u00fcr Executive-Search-Firmen, um jeden Bereich ihres Gesch\u00e4fts zu verwalten. Invenias Professional ist Ihre Datenbank f\u00fcr die Suche nach F\u00fchrungskr\u00e4ften, Ihr Arbeitsbereich f\u00fcr Auftr\u00e4ge und Ihre CRM-Plattform f\u00fcr die Verwaltung von Kunden- und Kandidatenbeziehungen. Sie k\u00f6nnen Ihre L\u00f6sung mit einer Reihe von Premium-Funktionen von Invenias erweitern, um Ihre Plattform auf die n\u00e4chste Stufe zu bringen.<\/p>\n","section_list_items":[{"item_text":"Client Relationship Management"},{"item_text":"Kampagnen-Management"},{"item_text":"Umsatzprognose"},{"item_text":"Forschungsmanagement"},{"item_text":"Bewertung, Auswahl, Platzierung"},{"item_text":"Abrechnung, Rechnungsstellung, Prognose"},{"item_text":"Kunden-Portal."},{"item_text":"Analyse"},{"item_text":"Datenschutz-Modul"}],"image":false,"image_video_url":""},{"sidebar_label":"Reporting und Analyse","link_type":"none","section_type":"content-list","section_columns":false,"content":"<h2>Reporting und Analyse<\/h2>\n<p>Bullhorn Canvas ist ein Ad-hoc-Reporting-Tool, mit dem Sie \u00fcber die Standard-Berichterstattung hinausgehen und \u00fcber jeden beliebigen Datenpunkt innerhalb des Bullhorn ATS\/CRM berichten k\u00f6nnen. Canvas wird als Jahres-Abo angeboten.<\/p>\n","section_list_items":[{"item_text":"Applicant Tracking System Integration"},{"item_text":"Komplettes Bullhorn-Datenmodell verf\u00fcgbar"},{"item_text":"Erweiterte Berichtsobjekte und Visualisierungen"},{"item_text":"Vorgefertigtes Starter-Berichtspaket"},{"item_text":"Planen Sie Berichte zum automatischen Versand"},{"item_text":"Exportfunktionen (Excel, csv oder pdf)"},{"item_text":"Verwaltung von Berechtigungen auf Benutzerebene"}],"image":false,"image_video_url":""}],"block_background":"block-bg-none","block_background_video_type":"url","block_background_video_url":"","block_background_video_file":false,"block_background_image":false,"block_background_overlay":false,"unique_id":"","block_option_custom_class":"","block_animate":true,"block_option_padding":[],"block_option_hide":[]},{"acf_fc_layout":"cta","mid_page_format":false,"condensed_format":false,"text":"Bereit zum Loslegen?","subtext":"","block_aria":"","image":{"ID":71759,"id":71759,"title":"K_Footer_V1-2","filename":"K_Footer_V1-2.png","filesize":252746,"url":"https:\/\/www.bullhorn.com\/de\/wp-content\/uploads\/sites\/7\/2021\/08\/K_Footer_V1-2.png","link":"https:\/\/www.bullhorn.com\/de\/preise\/k_footer_v1-2\/","alt":"","author":"403","description":"","caption":"","name":"k_footer_v1-2","status":"inherit","uploaded_to":70880,"date":"2021-08-23 16:02:42","modified":"2021-08-23 16:02:42","menu_order":0,"mime_type":"image\/png","type":"image","subtype":"png","icon":"https:\/\/www.bullhorn.com\/de\/wp-includes\/images\/media\/default.png","width":600,"height":560,"sizes":{"thumbnail":"https:\/\/www.bullhorn.com\/de\/wp-content\/uploads\/sites\/7\/2021\/08\/K_Footer_V1-2-150x150.png","thumbnail-width":150,"thumbnail-height":150,"medium":"https:\/\/www.bullhorn.com\/de\/wp-content\/uploads\/sites\/7\/2021\/08\/K_Footer_V1-2-300x280.png","medium-width":300,"medium-height":280,"medium_large":"https:\/\/www.bullhorn.com\/de\/wp-content\/uploads\/sites\/7\/2021\/08\/K_Footer_V1-2.png","medium_large-width":600,"medium_large-height":560,"large":"https:\/\/www.bullhorn.com\/de\/wp-content\/uploads\/sites\/7\/2021\/08\/K_Footer_V1-2.png","large-width":600,"large-height":560,"1536x1536":"https:\/\/www.bullhorn.com\/de\/wp-content\/uploads\/sites\/7\/2021\/08\/K_Footer_V1-2.png","1536x1536-width":600,"1536x1536-height":560,"2048x2048":"https:\/\/www.bullhorn.com\/de\/wp-content\/uploads\/sites\/7\/2021\/08\/K_Footer_V1-2.png","2048x2048-width":600,"2048x2048-height":560,"post-thumbnail":"https:\/\/www.bullhorn.com\/de\/wp-content\/uploads\/sites\/7\/2021\/08\/K_Footer_V1-2-300x300.png","post-thumbnail-width":300,"post-thumbnail-height":300,"small":"https:\/\/www.bullhorn.com\/de\/wp-content\/uploads\/sites\/7\/2021\/08\/K_Footer_V1-2-300x280.png","small-width":300,"small-height":280,"xlarge":"https:\/\/www.bullhorn.com\/de\/wp-content\/uploads\/sites\/7\/2021\/08\/K_Footer_V1-2.png","xlarge-width":600,"xlarge-height":560,"insight-of-the-week":"https:\/\/www.bullhorn.com\/de\/wp-content\/uploads\/sites\/7\/2021\/08\/K_Footer_V1-2.png","insight-of-the-week-width":404,"insight-of-the-week-height":377,"insight-icons":"https:\/\/www.bullhorn.com\/de\/wp-content\/uploads\/sites\/7\/2021\/08\/K_Footer_V1-2.png","insight-icons-width":83,"insight-icons-height":77,"insight-research-image":"https:\/\/www.bullhorn.com\/de\/wp-content\/uploads\/sites\/7\/2021\/08\/K_Footer_V1-2.png","insight-research-image-width":236,"insight-research-image-height":220,"insight-featured-articles-thumbnail":"https:\/\/www.bullhorn.com\/de\/wp-content\/uploads\/sites\/7\/2021\/08\/K_Footer_V1-2.png","insight-featured-articles-thumbnail-width":176,"insight-featured-articles-thumbnail-height":164,"insight-logo":"https:\/\/www.bullhorn.com\/de\/wp-content\/uploads\/sites\/7\/2021\/08\/K_Footer_V1-2.png","insight-logo-width":191,"insight-logo-height":178}},"enable_bg_shape":false,"image_shape":"","action_type":"button","link_settings":{"link_type":"url","link_text":"Live Demo anfragen","link_page":null,"link_url":"\/de\/get-a-quote\/?LS=Website&amp;LSD=Quote_DE&amp;LA=Quote_DE&amp;LAD=Quote_DE\/","link_style":"button--orange","link_aria":"request a quote"},"email_placeholder_text":"Enter Your Email Address","block_background":"bg-blue","block_background_video_type":"url","block_background_video_url":"","block_background_video_file":false,"block_background_image":false,"block_background_overlay":false,"unique_id":"","block_option_custom_class":"","block_animate":true,"block_option_padding":[],"block_option_hide":[],"bg_lower_slant_color":""}],"_links":{"self":[{"href":"https:\/\/www.bullhorn.com\/de\/wp-json\/wp\/v2\/pages\/70880","targetHints":{"allow":["GET"]}}],"collection":[{"href":"https:\/\/www.bullhorn.com\/de\/wp-json\/wp\/v2\/pages"}],"about":[{"href":"https:\/\/www.bullhorn.com\/de\/wp-json\/wp\/v2\/types\/page"}],"author":[{"embeddable":true,"href":"https:\/\/www.bullhorn.com\/de\/wp-json\/wp\/v2\/users\/403"}],"replies":[{"embeddable":true,"href":"https:\/\/www.bullhorn.com\/de\/wp-json\/wp\/v2\/comments?post=70880"}],"version-history":[{"count":5,"href":"https:\/\/www.bullhorn.com\/de\/wp-json\/wp\/v2\/pages\/70880\/revisions"}],"predecessor-version":[{"id":76548,"href":"https:\/\/www.bullhorn.com\/de\/wp-json\/wp\/v2\/pages\/70880\/revisions\/76548"}],"wp:featuredmedia":[{"embeddable":true,"href":"https:\/\/www.bullhorn.com\/de\/wp-json\/wp\/v2\/media\/72230"}],"wp:attachment":[{"href":"https:\/\/www.bullhorn.com\/de\/wp-json\/wp\/v2\/media?parent=70880"}],"curies":[{"name":"wp","href":"https:\/\/api.w.org\/{rel}","templated":true}]}}