{"id":71017,"date":"2021-07-16T15:13:34","date_gmt":"2021-07-16T15:13:34","guid":{"rendered":"https:\/\/www.bullhorn.com\/de\/?page_id=71017"},"modified":"2021-09-02T15:04:29","modified_gmt":"2021-09-02T15:04:29","slug":"intro-marktplatz","status":"publish","type":"page","link":"https:\/\/www.bullhorn.com\/de\/intro-marktplatz\/","title":{"rendered":"Intro Bullhorn Marktplatz"},"content":{"rendered":"","protected":false},"excerpt":{"rendered":"","protected":false},"author":403,"featured_media":0,"parent":0,"menu_order":0,"comment_status":"closed","ping_status":"closed","template":"","meta":{"_acf_changed":false,"om_disable_all_campaigns":false},"class_list":["post-71017","page","type-page","status-publish","hentry"],"acf":[],"yoast_head":"<!-- This site is optimized with the Yoast SEO plugin v27.2 - https:\/\/yoast.com\/product\/yoast-seo-wordpress\/ -->\n<title>Intro Bullhorn Marktplatz - Bullhorn DE<\/title>\n<meta name=\"description\" content=\"Der Bullhorn Marktplatz verf\u00fcgt \u00fcber 100+ pre-integrierte Partner, die Softwarel\u00f6sungen f\u00fcr Personalvermittler und Personalberater anbieten.\" \/>\n<meta name=\"robots\" content=\"index, follow, max-snippet:-1, max-image-preview:large, max-video-preview:-1\" \/>\n<link rel=\"canonical\" href=\"https:\/\/www.bullhorn.com\/de\/intro-marktplatz\/\" \/>\n<meta property=\"og:locale\" content=\"de_DE\" \/>\n<meta property=\"og:type\" content=\"article\" \/>\n<meta property=\"og:title\" content=\"Intro Bullhorn Marktplatz - Bullhorn DE\" \/>\n<meta property=\"og:description\" content=\"Der Bullhorn Marktplatz verf\u00fcgt \u00fcber 100+ pre-integrierte Partner, die Softwarel\u00f6sungen f\u00fcr Personalvermittler und Personalberater anbieten.\" \/>\n<meta property=\"og:url\" content=\"https:\/\/www.bullhorn.com\/de\/intro-marktplatz\/\" \/>\n<meta property=\"og:site_name\" content=\"Bullhorn DE\" \/>\n<meta property=\"article:publisher\" content=\"https:\/\/www.facebook.com\/Bullhorn\/\" \/>\n<meta property=\"article:modified_time\" content=\"2021-09-02T15:04:29+00:00\" \/>\n<meta name=\"twitter:card\" content=\"summary_large_image\" \/>\n<meta name=\"twitter:site\" content=\"@Bullhorn\" \/>\n<script type=\"application\/ld+json\" class=\"yoast-schema-graph\">{\"@context\":\"https:\/\/schema.org\",\"@graph\":[{\"@type\":\"WebPage\",\"@id\":\"https:\/\/www.bullhorn.com\/de\/intro-marktplatz\/\",\"url\":\"https:\/\/www.bullhorn.com\/de\/intro-marktplatz\/\",\"name\":\"Intro Bullhorn Marktplatz - Bullhorn DE\",\"isPartOf\":{\"@id\":\"https:\/\/www.bullhorn.com\/de\/#website\"},\"datePublished\":\"2021-07-16T15:13:34+00:00\",\"dateModified\":\"2021-09-02T15:04:29+00:00\",\"description\":\"Der Bullhorn Marktplatz verf\u00fcgt \u00fcber 100+ pre-integrierte Partner, die Softwarel\u00f6sungen f\u00fcr Personalvermittler und Personalberater anbieten.\",\"breadcrumb\":{\"@id\":\"https:\/\/www.bullhorn.com\/de\/intro-marktplatz\/#breadcrumb\"},\"inLanguage\":\"de\",\"potentialAction\":[{\"@type\":\"ReadAction\",\"target\":[\"https:\/\/www.bullhorn.com\/de\/intro-marktplatz\/\"]}]},{\"@type\":\"BreadcrumbList\",\"@id\":\"https:\/\/www.bullhorn.com\/de\/intro-marktplatz\/#breadcrumb\",\"itemListElement\":[{\"@type\":\"ListItem\",\"position\":1,\"name\":\"Home\",\"item\":\"https:\/\/www.bullhorn.com\/de\/\"},{\"@type\":\"ListItem\",\"position\":2,\"name\":\"Intro Bullhorn Marktplatz\"}]},{\"@type\":\"WebSite\",\"@id\":\"https:\/\/www.bullhorn.com\/de\/#website\",\"url\":\"https:\/\/www.bullhorn.com\/de\/\",\"name\":\"Bullhorn DE\",\"description\":\"Just another Bullhorn Sites site\",\"publisher\":{\"@id\":\"https:\/\/www.bullhorn.com\/de\/#organization\"},\"potentialAction\":[{\"@type\":\"SearchAction\",\"target\":{\"@type\":\"EntryPoint\",\"urlTemplate\":\"https:\/\/www.bullhorn.com\/de\/?s={search_term_string}\"},\"query-input\":{\"@type\":\"PropertyValueSpecification\",\"valueRequired\":true,\"valueName\":\"search_term_string\"}}],\"inLanguage\":\"de\"},{\"@type\":\"Organization\",\"@id\":\"https:\/\/www.bullhorn.com\/de\/#organization\",\"name\":\"Bullhorn\",\"url\":\"https:\/\/www.bullhorn.com\/de\/\",\"logo\":{\"@type\":\"ImageObject\",\"inLanguage\":\"de\",\"@id\":\"https:\/\/www.bullhorn.com\/de\/#\/schema\/logo\/image\/\",\"url\":\"https:\/\/www.bullhorn.com\/de\/wp-content\/uploads\/sites\/7\/2021\/09\/og-img.png\",\"contentUrl\":\"https:\/\/www.bullhorn.com\/de\/wp-content\/uploads\/sites\/7\/2021\/09\/og-img.png\",\"width\":1200,\"height\":628,\"caption\":\"Bullhorn\"},\"image\":{\"@id\":\"https:\/\/www.bullhorn.com\/de\/#\/schema\/logo\/image\/\"},\"sameAs\":[\"https:\/\/www.facebook.com\/Bullhorn\/\",\"https:\/\/x.com\/Bullhorn\",\"https:\/\/www.instagram.com\/lifeatbullhorn\/?hl=de\",\"https:\/\/www.linkedin.com\/company\/bullhorn\",\"https:\/\/www.youtube.com\/channel\/UC-Rgm5YxtoxsvlCHy6KW3Ug\",\"https:\/\/en.wikipedia.org\/wiki\/Bullhorn,_Inc.\"]}]}<\/script>\n<!-- \/ Yoast SEO plugin. -->","yoast_head_json":{"title":"Intro Bullhorn Marktplatz - Bullhorn DE","description":"Der Bullhorn Marktplatz verf\u00fcgt \u00fcber 100+ pre-integrierte Partner, die Softwarel\u00f6sungen f\u00fcr Personalvermittler und Personalberater anbieten.","robots":{"index":"index","follow":"follow","max-snippet":"max-snippet:-1","max-image-preview":"max-image-preview:large","max-video-preview":"max-video-preview:-1"},"canonical":"https:\/\/www.bullhorn.com\/de\/intro-marktplatz\/","og_locale":"de_DE","og_type":"article","og_title":"Intro Bullhorn Marktplatz - Bullhorn DE","og_description":"Der Bullhorn Marktplatz verf\u00fcgt \u00fcber 100+ pre-integrierte Partner, die Softwarel\u00f6sungen f\u00fcr Personalvermittler und Personalberater anbieten.","og_url":"https:\/\/www.bullhorn.com\/de\/intro-marktplatz\/","og_site_name":"Bullhorn DE","article_publisher":"https:\/\/www.facebook.com\/Bullhorn\/","article_modified_time":"2021-09-02T15:04:29+00:00","twitter_card":"summary_large_image","twitter_site":"@Bullhorn","schema":{"@context":"https:\/\/schema.org","@graph":[{"@type":"WebPage","@id":"https:\/\/www.bullhorn.com\/de\/intro-marktplatz\/","url":"https:\/\/www.bullhorn.com\/de\/intro-marktplatz\/","name":"Intro Bullhorn Marktplatz - Bullhorn DE","isPartOf":{"@id":"https:\/\/www.bullhorn.com\/de\/#website"},"datePublished":"2021-07-16T15:13:34+00:00","dateModified":"2021-09-02T15:04:29+00:00","description":"Der Bullhorn Marktplatz verf\u00fcgt \u00fcber 100+ pre-integrierte Partner, die Softwarel\u00f6sungen f\u00fcr Personalvermittler und Personalberater anbieten.","breadcrumb":{"@id":"https:\/\/www.bullhorn.com\/de\/intro-marktplatz\/#breadcrumb"},"inLanguage":"de","potentialAction":[{"@type":"ReadAction","target":["https:\/\/www.bullhorn.com\/de\/intro-marktplatz\/"]}]},{"@type":"BreadcrumbList","@id":"https:\/\/www.bullhorn.com\/de\/intro-marktplatz\/#breadcrumb","itemListElement":[{"@type":"ListItem","position":1,"name":"Home","item":"https:\/\/www.bullhorn.com\/de\/"},{"@type":"ListItem","position":2,"name":"Intro Bullhorn Marktplatz"}]},{"@type":"WebSite","@id":"https:\/\/www.bullhorn.com\/de\/#website","url":"https:\/\/www.bullhorn.com\/de\/","name":"Bullhorn DE","description":"Just another Bullhorn Sites site","publisher":{"@id":"https:\/\/www.bullhorn.com\/de\/#organization"},"potentialAction":[{"@type":"SearchAction","target":{"@type":"EntryPoint","urlTemplate":"https:\/\/www.bullhorn.com\/de\/?s={search_term_string}"},"query-input":{"@type":"PropertyValueSpecification","valueRequired":true,"valueName":"search_term_string"}}],"inLanguage":"de"},{"@type":"Organization","@id":"https:\/\/www.bullhorn.com\/de\/#organization","name":"Bullhorn","url":"https:\/\/www.bullhorn.com\/de\/","logo":{"@type":"ImageObject","inLanguage":"de","@id":"https:\/\/www.bullhorn.com\/de\/#\/schema\/logo\/image\/","url":"https:\/\/www.bullhorn.com\/de\/wp-content\/uploads\/sites\/7\/2021\/09\/og-img.png","contentUrl":"https:\/\/www.bullhorn.com\/de\/wp-content\/uploads\/sites\/7\/2021\/09\/og-img.png","width":1200,"height":628,"caption":"Bullhorn"},"image":{"@id":"https:\/\/www.bullhorn.com\/de\/#\/schema\/logo\/image\/"},"sameAs":["https:\/\/www.facebook.com\/Bullhorn\/","https:\/\/x.com\/Bullhorn","https:\/\/www.instagram.com\/lifeatbullhorn\/?hl=de","https:\/\/www.linkedin.com\/company\/bullhorn","https:\/\/www.youtube.com\/channel\/UC-Rgm5YxtoxsvlCHy6KW3Ug","https:\/\/en.wikipedia.org\/wiki\/Bullhorn,_Inc."]}]}},"grav_blocks":[{"acf_fc_layout":"card-grid","block_title":"","block_aria":"","block_subtitle":"","background_shape":"","background_shape_position":"left","parallax_fx":false,"title_position":"top","cards_bg_color":"bg-white","cards_border":true,"cards_per_row":"4","cards":[{"icon":"icons\/target","icon_color":"blue-dark","line_title_with_icon":false,"inline_title":"","content":"<h4>Treffen Sie bessere und schnellere Entscheidungen<\/h4>\n<p>Personalvermittler, Personaldienstleister und Personalberater m\u00fcssen oftmals Informationen von einem in ein anderes System \u00fcbertragen, oftmals handelt es sich dabei sogar um f\u00fcnf oder sogar noch mehr L\u00f6sungen. Um einen m\u00f6glichst reibungslosen Betriebsablauf sicherzustellen ist es wichtig, dass alle Technologien miteinander verkn\u00fcpft sind und untereinander harmonieren, Mit dem Bullhorn Marktplatz ist es nicht mehr notwendig, Daten doppelt und dreifach einzugeben und aufgrund der transparenten Daten\u00fcbersicht k\u00f6nnen Sie fundierte Entscheidungen treffen, um Ihr Unternehmen weiter nach vorne zu bringen.<\/p>\n"},{"icon":"icons\/phone","icon_color":"blue-dark","line_title_with_icon":false,"inline_title":"","content":"<h4>Bleiben Sie \u00fcberall und jederzeit produktiv<\/h4>\n<p>Personalvermittler, Personaldienstleister und Personalberater haben es bei Systemeinf\u00fchrungen oft schwer, jeden in der Organisation mitzunehmen und vom Mehrwert der neuen L\u00f6sung zu \u00fcberzeugen. Dabei geht der Einsatz von modernen Softwarel\u00f6sungen f\u00fcr die Mitarbeiter mit einer Zeitersparnis einher und reduziert die Mitarbeiterfluktuation. Mit dem Bullhorn Marktplatz haben Sie die M\u00f6glichkeit, Technologie zu nutzen um die Best Practices in Ihrem Unternehmen zu definieren und zu verbreiten.<\/p>\n"},{"icon":"icons\/handshake","icon_color":"blue-dark","line_title_with_icon":false,"inline_title":"","content":"<h4>Bauen Sie Verbindungen mit zufriedenere Bewerbern und Kunden auf<\/h4>\n<p>Personalvermittler, Personaldienstleister und Personalberater verbringen sehr viel Zeit damit, mit externen Partnern zu kommunizieren. Dabei ist es besonders wichtig, den Kommunikationspartnern die Informationen \u00fcber geeignete Kan\u00e4le zu \u00fcbermitteln. Mit unserem Bullhorn Marktplatz k\u00f6nnen Sie eine einzigartige Erfahrung f\u00fcr Ihre Kunden und Kandidaten kreieren und so Ihre Wiederbesetzungsquote zu steigern und mehr Stellen zu besetzen.<\/p>\n"}],"block_background":"block-bg-none","block_background_video_type":"url","block_background_video_url":"","block_background_video_file":false,"block_background_image":false,"block_background_overlay":false,"unique_id":"","block_option_custom_class":"","block_animate":true,"block_option_padding":[],"block_option_hide":[],"bg_lower_slant_color":""},{"acf_fc_layout":"columns","block_title":"","block_aria":"","block_subtitle":"","format":"format-sidebar-left","enable_box_shadow":false,"columns":[{"type":"wysiwyg","wysiwyg":"<h2>Marktplatz Partner Toolkit<\/h2>\n<p>Der One-Stop-Shop f\u00fcr Bullhorn-Partner. Hier finden Sie alle wichtigen Ressourcen von der Bewertung bis zur Integration von Anwendungen.<\/p>\n","accordion_open_first_section":false,"accordion_multiple_open_sections":false,"accordion_items":false,"icon_list_items":false},{"type":"accordion","wysiwyg":"","accordion_open_first_section":true,"accordion_multiple_open_sections":false,"accordion_items":[{"title":"Leitfaden f\u00fcr die unterschiedlichen Kategorien auf dem Marktplatz","content":"<p>Sie wissen nicht genau, wie Sie im Bullhorn Marktplatz nach passenden Partnern suchen sollen? Dieser Leitfaden f\u00fchrt Sie durch alle Marktplatz-Kategorien und erl\u00e4utert Ihnen deren Inhalte und warum sie f\u00fcr Ihr Unternehmen wichtig sein k\u00f6nnten.<\/p>\n"},{"title":"10 Fragen, die Sie w\u00e4hrend einer Partner-Live-Demo fragen sollten","content":"<p>Was soll ich bei einer Live-Demo \u00fcberhaupt fragen? Wir haben eine Checkliste mit den wichtigsten Fragen zusammengestellt.<\/p>\n"},{"title":"Darauf sollten Sie achten, wenn Sie Tools in Ihr ATS integrieren","content":"<p>Worauf kommt es an, wenn ich eine Tools in mein ATS einbinde? Folgen Sie einfach diesen Leitfragen.<\/p>\n"},{"title":"3 M\u00f6glichkeiten, um mit L\u00f6sungen unserer Partner mehr Bewerber zu gewinnen","content":"<p>Sie wollen, dass Ihr Unternehmen vorankommt und mehr Auftr\u00e4ge generiert? Einer unserer Marketplace-Partner teilt wertvolle Tipps, wie Sie mehr Bewerber gewinnen und sich gegen Ihre Mitbewerber durchsetzen.<\/p>\n"},{"title":"Wie messe ich Erfolge als Marktplatz-Partner?","content":"<p>Wie l\u00e4sst sich der ROI eines Tools vom Bullhorn Marktplatz messen? Wir zeigen Ihnen drei M\u00f6glichkeiten der Leistungsmessung anhand einer ausgew\u00e4hlten Partnerl\u00f6sung.<\/p>\n"},{"title":"Partner-Angebote und -Events","content":"<p>Registrieren Sie sich hier f\u00fcr kommende Partner-Events, erhalten Sie attraktive Angebote und lesen Sie aktuelle Beitr\u00e4ge unserer Partner.<\/p>\n"}],"icon_list_items":false}],"block_background":"block-bg-none","block_background_video_type":"url","block_background_video_url":"","block_background_video_file":false,"block_background_image":false,"block_background_overlay":false,"unique_id":"","block_option_custom_class":"","block_animate":false,"block_option_padding":[],"block_option_hide":[],"bg_lower_slant_color":""},{"acf_fc_layout":"related-partners","title":"Featured Partners","title_buttons":false,"partner_source":"custom_partners","custom_tag":false,"custom_partners":[592,582],"block_background":"block-bg-none","block_background_video_type":"url","block_background_video_url":"","block_background_video_file":false,"block_background_image":false,"block_background_overlay":false,"unique_id":"","block_option_custom_class":"","block_option_padding":[],"block_option_hide":[]},{"acf_fc_layout":"card-grid","block_title":"Entdecken Sie den Bullhorn Marktplatz","block_aria":"","block_subtitle":"","background_shape":"","background_shape_position":"left","parallax_fx":false,"title_position":"left","cards_bg_color":"","cards_border":false,"cards_per_row":"4","cards":[{"icon":"icons\/support","icon_color":"blue-light","line_title_with_icon":false,"inline_title":"","content":"<h3>Partner finden<\/h3>\n<p><a class=\"button button--orange\" href=\"\/marketplace\">Mehr Informationen<\/a><\/p>\n"},{"icon":"icons\/hero","icon_color":"blue-light","line_title_with_icon":false,"inline_title":"","content":"<h3>Partner werden<\/h3>\n<p><a class=\"button button--orange\" href=\"\/become-a-partner\">Mehr Informationen<\/a><\/p>\n"}],"block_background":"bg-blue","block_background_video_type":"url","block_background_video_url":"","block_background_video_file":false,"block_background_image":false,"block_background_overlay":false,"unique_id":"","block_option_custom_class":"","block_animate":false,"block_option_padding":[],"block_option_hide":[],"bg_lower_slant_color":""}],"_links":{"self":[{"href":"https:\/\/www.bullhorn.com\/de\/wp-json\/wp\/v2\/pages\/71017","targetHints":{"allow":["GET"]}}],"collection":[{"href":"https:\/\/www.bullhorn.com\/de\/wp-json\/wp\/v2\/pages"}],"about":[{"href":"https:\/\/www.bullhorn.com\/de\/wp-json\/wp\/v2\/types\/page"}],"author":[{"embeddable":true,"href":"https:\/\/www.bullhorn.com\/de\/wp-json\/wp\/v2\/users\/403"}],"replies":[{"embeddable":true,"href":"https:\/\/www.bullhorn.com\/de\/wp-json\/wp\/v2\/comments?post=71017"}],"version-history":[{"count":6,"href":"https:\/\/www.bullhorn.com\/de\/wp-json\/wp\/v2\/pages\/71017\/revisions"}],"predecessor-version":[{"id":72008,"href":"https:\/\/www.bullhorn.com\/de\/wp-json\/wp\/v2\/pages\/71017\/revisions\/72008"}],"wp:attachment":[{"href":"https:\/\/www.bullhorn.com\/de\/wp-json\/wp\/v2\/media?parent=71017"}],"curies":[{"name":"wp","href":"https:\/\/api.w.org\/{rel}","templated":true}]}}