{"id":71021,"date":"2021-07-16T15:27:04","date_gmt":"2021-07-16T15:27:04","guid":{"rendered":"https:\/\/www.bullhorn.com\/de\/?page_id=71021"},"modified":"2023-05-17T09:45:51","modified_gmt":"2023-05-17T09:45:51","slug":"start-up","status":"publish","type":"page","link":"https:\/\/www.bullhorn.com\/de\/start-up\/","title":{"rendered":"Start-Up"},"content":{"rendered":"","protected":false},"excerpt":{"rendered":"","protected":false},"author":302,"featured_media":72243,"parent":0,"menu_order":0,"comment_status":"closed","ping_status":"closed","template":"","meta":{"_acf_changed":false,"om_disable_all_campaigns":false},"class_list":["post-71021","page","type-page","status-publish","has-post-thumbnail","hentry"],"acf":[],"yoast_head":"<!-- This site is optimized with the Yoast SEO plugin v27.2 - https:\/\/yoast.com\/product\/yoast-seo-wordpress\/ -->\n<title>Start-Up Recruiting Software | Bullhorn DE<\/title>\n<meta name=\"description\" content=\"Sie suchen nach einer Recruiting Software f\u00fcr Ihr Startup? Bullhorn unterst\u00fctzt Recruiting-Unternehmen dabei, schnell und solide zu wachsen.\" \/>\n<meta name=\"robots\" content=\"index, follow, max-snippet:-1, max-image-preview:large, max-video-preview:-1\" \/>\n<link rel=\"canonical\" href=\"https:\/\/www.bullhorn.com\/de\/start-up\/\" \/>\n<meta property=\"og:locale\" content=\"de_DE\" \/>\n<meta property=\"og:type\" content=\"article\" \/>\n<meta property=\"og:title\" content=\"Start-Up Recruiting Software | Bullhorn DE\" \/>\n<meta property=\"og:description\" content=\"Sie suchen nach einer Recruiting Software f\u00fcr Ihr Startup? Bullhorn unterst\u00fctzt Recruiting-Unternehmen dabei, schnell und solide zu wachsen.\" \/>\n<meta property=\"og:url\" content=\"https:\/\/www.bullhorn.com\/de\/start-up\/\" \/>\n<meta property=\"og:site_name\" content=\"Bullhorn DE\" \/>\n<meta property=\"article:publisher\" content=\"https:\/\/www.facebook.com\/Bullhorn\/\" \/>\n<meta property=\"article:modified_time\" content=\"2023-05-17T09:45:51+00:00\" \/>\n<meta property=\"og:image\" content=\"https:\/\/www.bullhorn.com\/de\/wp-content\/uploads\/sites\/7\/2021\/11\/Copy-of-shutterstock_1385853071.jpg\" \/>\n\t<meta property=\"og:image:width\" content=\"1920\" \/>\n\t<meta property=\"og:image:height\" content=\"1080\" \/>\n\t<meta property=\"og:image:type\" content=\"image\/jpeg\" \/>\n<meta name=\"twitter:card\" content=\"summary_large_image\" \/>\n<meta name=\"twitter:site\" content=\"@Bullhorn\" \/>\n<script type=\"application\/ld+json\" class=\"yoast-schema-graph\">{\"@context\":\"https:\/\/schema.org\",\"@graph\":[{\"@type\":\"WebPage\",\"@id\":\"https:\/\/www.bullhorn.com\/de\/start-up\/\",\"url\":\"https:\/\/www.bullhorn.com\/de\/start-up\/\",\"name\":\"Start-Up Recruiting Software | Bullhorn DE\",\"isPartOf\":{\"@id\":\"https:\/\/www.bullhorn.com\/de\/#website\"},\"primaryImageOfPage\":{\"@id\":\"https:\/\/www.bullhorn.com\/de\/start-up\/#primaryimage\"},\"image\":{\"@id\":\"https:\/\/www.bullhorn.com\/de\/start-up\/#primaryimage\"},\"thumbnailUrl\":\"https:\/\/www.bullhorn.com\/de\/wp-content\/uploads\/sites\/7\/2021\/11\/Copy-of-shutterstock_1385853071.jpg\",\"datePublished\":\"2021-07-16T15:27:04+00:00\",\"dateModified\":\"2023-05-17T09:45:51+00:00\",\"description\":\"Sie suchen nach einer Recruiting Software f\u00fcr Ihr Startup? Bullhorn unterst\u00fctzt Recruiting-Unternehmen dabei, schnell und solide zu wachsen.\",\"breadcrumb\":{\"@id\":\"https:\/\/www.bullhorn.com\/de\/start-up\/#breadcrumb\"},\"inLanguage\":\"de\",\"potentialAction\":[{\"@type\":\"ReadAction\",\"target\":[\"https:\/\/www.bullhorn.com\/de\/start-up\/\"]}]},{\"@type\":\"ImageObject\",\"inLanguage\":\"de\",\"@id\":\"https:\/\/www.bullhorn.com\/de\/start-up\/#primaryimage\",\"url\":\"https:\/\/www.bullhorn.com\/de\/wp-content\/uploads\/sites\/7\/2021\/11\/Copy-of-shutterstock_1385853071.jpg\",\"contentUrl\":\"https:\/\/www.bullhorn.com\/de\/wp-content\/uploads\/sites\/7\/2021\/11\/Copy-of-shutterstock_1385853071.jpg\",\"width\":1920,\"height\":1080,\"caption\":\"Bullhorn for Startups\"},{\"@type\":\"BreadcrumbList\",\"@id\":\"https:\/\/www.bullhorn.com\/de\/start-up\/#breadcrumb\",\"itemListElement\":[{\"@type\":\"ListItem\",\"position\":1,\"name\":\"Home\",\"item\":\"https:\/\/www.bullhorn.com\/de\/\"},{\"@type\":\"ListItem\",\"position\":2,\"name\":\"Start-Up\"}]},{\"@type\":\"WebSite\",\"@id\":\"https:\/\/www.bullhorn.com\/de\/#website\",\"url\":\"https:\/\/www.bullhorn.com\/de\/\",\"name\":\"Bullhorn DE\",\"description\":\"Just another Bullhorn Sites site\",\"publisher\":{\"@id\":\"https:\/\/www.bullhorn.com\/de\/#organization\"},\"potentialAction\":[{\"@type\":\"SearchAction\",\"target\":{\"@type\":\"EntryPoint\",\"urlTemplate\":\"https:\/\/www.bullhorn.com\/de\/?s={search_term_string}\"},\"query-input\":{\"@type\":\"PropertyValueSpecification\",\"valueRequired\":true,\"valueName\":\"search_term_string\"}}],\"inLanguage\":\"de\"},{\"@type\":\"Organization\",\"@id\":\"https:\/\/www.bullhorn.com\/de\/#organization\",\"name\":\"Bullhorn\",\"url\":\"https:\/\/www.bullhorn.com\/de\/\",\"logo\":{\"@type\":\"ImageObject\",\"inLanguage\":\"de\",\"@id\":\"https:\/\/www.bullhorn.com\/de\/#\/schema\/logo\/image\/\",\"url\":\"https:\/\/www.bullhorn.com\/de\/wp-content\/uploads\/sites\/7\/2021\/09\/og-img.png\",\"contentUrl\":\"https:\/\/www.bullhorn.com\/de\/wp-content\/uploads\/sites\/7\/2021\/09\/og-img.png\",\"width\":1200,\"height\":628,\"caption\":\"Bullhorn\"},\"image\":{\"@id\":\"https:\/\/www.bullhorn.com\/de\/#\/schema\/logo\/image\/\"},\"sameAs\":[\"https:\/\/www.facebook.com\/Bullhorn\/\",\"https:\/\/x.com\/Bullhorn\",\"https:\/\/www.instagram.com\/lifeatbullhorn\/?hl=de\",\"https:\/\/www.linkedin.com\/company\/bullhorn\",\"https:\/\/www.youtube.com\/channel\/UC-Rgm5YxtoxsvlCHy6KW3Ug\",\"https:\/\/en.wikipedia.org\/wiki\/Bullhorn,_Inc.\"]}]}<\/script>\n<!-- \/ Yoast SEO plugin. -->","yoast_head_json":{"title":"Start-Up Recruiting Software | Bullhorn DE","description":"Sie suchen nach einer Recruiting Software f\u00fcr Ihr Startup? Bullhorn unterst\u00fctzt Recruiting-Unternehmen dabei, schnell und solide zu wachsen.","robots":{"index":"index","follow":"follow","max-snippet":"max-snippet:-1","max-image-preview":"max-image-preview:large","max-video-preview":"max-video-preview:-1"},"canonical":"https:\/\/www.bullhorn.com\/de\/start-up\/","og_locale":"de_DE","og_type":"article","og_title":"Start-Up Recruiting Software | Bullhorn DE","og_description":"Sie suchen nach einer Recruiting Software f\u00fcr Ihr Startup? Bullhorn unterst\u00fctzt Recruiting-Unternehmen dabei, schnell und solide zu wachsen.","og_url":"https:\/\/www.bullhorn.com\/de\/start-up\/","og_site_name":"Bullhorn DE","article_publisher":"https:\/\/www.facebook.com\/Bullhorn\/","article_modified_time":"2023-05-17T09:45:51+00:00","og_image":[{"width":1920,"height":1080,"url":"https:\/\/www.bullhorn.com\/de\/wp-content\/uploads\/sites\/7\/2021\/11\/Copy-of-shutterstock_1385853071.jpg","type":"image\/jpeg"}],"twitter_card":"summary_large_image","twitter_site":"@Bullhorn","schema":{"@context":"https:\/\/schema.org","@graph":[{"@type":"WebPage","@id":"https:\/\/www.bullhorn.com\/de\/start-up\/","url":"https:\/\/www.bullhorn.com\/de\/start-up\/","name":"Start-Up Recruiting Software | Bullhorn DE","isPartOf":{"@id":"https:\/\/www.bullhorn.com\/de\/#website"},"primaryImageOfPage":{"@id":"https:\/\/www.bullhorn.com\/de\/start-up\/#primaryimage"},"image":{"@id":"https:\/\/www.bullhorn.com\/de\/start-up\/#primaryimage"},"thumbnailUrl":"https:\/\/www.bullhorn.com\/de\/wp-content\/uploads\/sites\/7\/2021\/11\/Copy-of-shutterstock_1385853071.jpg","datePublished":"2021-07-16T15:27:04+00:00","dateModified":"2023-05-17T09:45:51+00:00","description":"Sie suchen nach einer Recruiting Software f\u00fcr Ihr Startup? Bullhorn unterst\u00fctzt Recruiting-Unternehmen dabei, schnell und solide zu wachsen.","breadcrumb":{"@id":"https:\/\/www.bullhorn.com\/de\/start-up\/#breadcrumb"},"inLanguage":"de","potentialAction":[{"@type":"ReadAction","target":["https:\/\/www.bullhorn.com\/de\/start-up\/"]}]},{"@type":"ImageObject","inLanguage":"de","@id":"https:\/\/www.bullhorn.com\/de\/start-up\/#primaryimage","url":"https:\/\/www.bullhorn.com\/de\/wp-content\/uploads\/sites\/7\/2021\/11\/Copy-of-shutterstock_1385853071.jpg","contentUrl":"https:\/\/www.bullhorn.com\/de\/wp-content\/uploads\/sites\/7\/2021\/11\/Copy-of-shutterstock_1385853071.jpg","width":1920,"height":1080,"caption":"Bullhorn for Startups"},{"@type":"BreadcrumbList","@id":"https:\/\/www.bullhorn.com\/de\/start-up\/#breadcrumb","itemListElement":[{"@type":"ListItem","position":1,"name":"Home","item":"https:\/\/www.bullhorn.com\/de\/"},{"@type":"ListItem","position":2,"name":"Start-Up"}]},{"@type":"WebSite","@id":"https:\/\/www.bullhorn.com\/de\/#website","url":"https:\/\/www.bullhorn.com\/de\/","name":"Bullhorn DE","description":"Just another Bullhorn Sites site","publisher":{"@id":"https:\/\/www.bullhorn.com\/de\/#organization"},"potentialAction":[{"@type":"SearchAction","target":{"@type":"EntryPoint","urlTemplate":"https:\/\/www.bullhorn.com\/de\/?s={search_term_string}"},"query-input":{"@type":"PropertyValueSpecification","valueRequired":true,"valueName":"search_term_string"}}],"inLanguage":"de"},{"@type":"Organization","@id":"https:\/\/www.bullhorn.com\/de\/#organization","name":"Bullhorn","url":"https:\/\/www.bullhorn.com\/de\/","logo":{"@type":"ImageObject","inLanguage":"de","@id":"https:\/\/www.bullhorn.com\/de\/#\/schema\/logo\/image\/","url":"https:\/\/www.bullhorn.com\/de\/wp-content\/uploads\/sites\/7\/2021\/09\/og-img.png","contentUrl":"https:\/\/www.bullhorn.com\/de\/wp-content\/uploads\/sites\/7\/2021\/09\/og-img.png","width":1200,"height":628,"caption":"Bullhorn"},"image":{"@id":"https:\/\/www.bullhorn.com\/de\/#\/schema\/logo\/image\/"},"sameAs":["https:\/\/www.facebook.com\/Bullhorn\/","https:\/\/x.com\/Bullhorn","https:\/\/www.instagram.com\/lifeatbullhorn\/?hl=de","https:\/\/www.linkedin.com\/company\/bullhorn","https:\/\/www.youtube.com\/channel\/UC-Rgm5YxtoxsvlCHy6KW3Ug","https:\/\/en.wikipedia.org\/wiki\/Bullhorn,_Inc."]}]}},"grav_blocks":[{"acf_fc_layout":"card-grid","block_title":"","block_aria":"","block_subtitle":"","background_shape":"","background_shape_position":"left","parallax_fx":false,"title_position":"top","cards_bg_color":"","cards_border":false,"cards_per_row":"4","cards":[{"icon":"icons\/snap","icon_color":"blue-light","line_title_with_icon":false,"inline_title":"","content":"<h4>Einfach in der Anwendung<\/h4>\n<p>Unser ATS\/CRM ist nutzerfreundlich, intuitiv bedienbar und bietet neueste Technologie, die f\u00fcr die Anforderungen von heute geschaffen wurde.<\/p>\n"},{"icon":"icons\/hero","icon_color":"blue-light","line_title_with_icon":false,"inline_title":"","content":"<h4>Unvergleichbare Produktivit\u00e4t<\/h4>\n<p>Unsere Technologie erlaubt es Ihnen, den Output jedes Recruiters zu maximieren &#8211; so arbeiten Sie zu zweit wie ein Team aus 10 Mitarbeitern. Dank Automatisierung erreicht Ihr Unternehmen ein neues Produktivit\u00e4tslevel und Sie ziehen an Ihren Mitbewerbern vorbei.<\/p>\n"},{"icon":"icons\/24hr-support","icon_color":"blue-light","line_title_with_icon":false,"inline_title":"","content":"<h4>24\/7 Support<\/h4>\n<p>Niemand spricht gerne mit einem Computer. Deshalb ist unser Support-Team t\u00e4glich 24 Stunden weltweit f\u00fcr Sie erreichbar. Rufen Sie uns also einfach an, wenn Sie Fragen haben.<\/p>\n"}],"block_background":"block-bg-none","block_background_video_type":"url","block_background_video_url":"","block_background_video_file":false,"block_background_image":false,"block_background_overlay":false,"unique_id":"","block_option_custom_class":"","block_animate":true,"block_option_padding":[],"block_option_hide":[],"bg_lower_slant_color":""},{"acf_fc_layout":"content-icon-box","icon":"content-icon-box\/FTT_Shape_4","icon_color":"blue-light","icon_alignment":"right","background_shape":"","parallax_fx":true,"title":"Finden Sie die Top-Talente schneller","block_aria":"","content":"<p>Mit unserer &#8222;fast find&#8220;-Suchleiste, Booleschen Variablen, einer effektiven Keyword-Suche und einer Priorisierung der Suchergebnise nach Relevanz und Aktualit\u00e4t erstellen Sie im Nu aussagekr\u00e4ftige Bewerberlisten. Diese Listen lassen sich mit wenigen Klicks konfigurieren und anpassen. Au\u00dferdem k\u00f6nnen Ihre h\u00e4ufigsten Suchanfragen speichern und so noch mehr Zeit bei der n\u00e4chsten Suche sparen.<\/p>\n","links_title":"Related Products","links":[{"link_type":"url","link_text":"ATS & CRM","link_page":null,"link_url":"https:\/\/www.bullhorn.com\/de\/produkte\/bewerbermanagement-ats-crm\/","link_aria":""},{"link_type":"url","link_text":"Sourcing Accelerator","link_page":null,"link_url":"https:\/\/www.bullhorn.com\/products\/bullhorn-sidebar\/","link_aria":""},{"link_type":"url","link_text":"LinkedIn Integration","link_page":null,"link_url":"https:\/\/www.bullhorn.com\/marketplace\/linkedin-35\/","link_aria":""}],"block_background":"block-bg-none","block_background_video_type":"url","block_background_video_url":"","block_background_video_file":false,"block_background_image":false,"block_background_overlay":false,"unique_id":"talente","block_option_custom_class":"","block_animate":true,"block_option_padding":[],"block_option_hide":[],"bg_lower_slant_color":""},{"acf_fc_layout":"content-icon-box","icon":"content-icon-box\/CE_Shape_1","icon_color":"green","icon_alignment":"left","background_shape":"","parallax_fx":true,"title":"Holen Sie mit Automatisierung das Beste aus Ihrem Team heraus","block_aria":"","content":"<p>Lassen Sie Ihr Team sich h\u00e4ufig wiederholende und deshalb oft einfach zu \u00fcbersehende Aufgaben automatisieren. So stellen Sie sicher, dass die richtigen Prozesse zur richtigen Zeit angesto\u00dfen und Ihre Bewerber zwar auf automatisierte Weise und trotzdem gleichzeitig pers\u00f6nlich angesprochen werden.<\/p>\n","links_title":"Verwandte Produkte","links":[{"link_type":"url","link_text":"Recruiting Automatisierung","link_page":null,"link_url":"https:\/\/www.bullhorn.com\/de\/produkte\/recruiting-automatisierung\/","link_aria":""},{"link_type":"url","link_text":"VMS-Automatisierung","link_page":null,"link_url":"https:\/\/www.bullhorn.com\/de\/produkte\/vms-automatisierung\/","link_aria":""}],"block_background":"block-bg-none","block_background_video_type":"url","block_background_video_url":"","block_background_video_file":false,"block_background_image":false,"block_background_overlay":false,"unique_id":"automatisierung","block_option_custom_class":"","block_animate":true,"block_option_padding":[],"block_option_hide":[],"bg_lower_slant_color":""},{"acf_fc_layout":"content-icon-box","icon":"content-icon-box\/DBB_Shape_2","icon_color":"blue-dark","icon_alignment":"right","background_shape":"","parallax_fx":true,"title":"Treffen Sie datenbasierte Entscheidungen ","block_aria":"","content":"<p>Mit den Berichts- und Analysefunktionen von Bullhorn gewinnen Sie aus den Recruiting-Daten Ihrer Teams wichtige Business-Insights. Die Standard-Reports zeigen Ihnen unter anderem die Teamleistung oder die Leistung einzelner Recruiter. Au\u00dferdem erhalten Sie Analysen zu erfolgreichen Vermittlung oder zur Umsetzung von Auftr\u00e4gen, zur Pflege der Candidate Experience oder Vermittlungsquoten. Selbstverst\u00e4ndlich l\u00e4sst das Reporting auch mit Ihren spezfischen Zielen und KPI einrichten.<\/p>\n","links_title":"Related Products & Partners","links":[{"link_type":"url","link_text":"Echtzeit Reporting","link_page":null,"link_url":"https:\/\/www.bullhorn.com\/de\/echtzeit-reporting\/","link_aria":""}],"block_background":"block-bg-none","block_background_video_type":"url","block_background_video_url":"","block_background_video_file":false,"block_background_image":false,"block_background_overlay":false,"unique_id":"datenanalyse","block_option_custom_class":"","block_animate":true,"block_option_padding":[],"block_option_hide":[],"bg_lower_slant_color":""},{"acf_fc_layout":"cta","mid_page_format":true,"condensed_format":false,"text":"Bauen Sie Ihr Gesch\u00e4ft mit Bullhorn aus","subtext":"","block_aria":"","image":false,"enable_bg_shape":true,"image_shape":"","action_type":"button","link_settings":{"link_type":"url","link_text":"Live Demo","link_page":null,"link_url":"#show-demo-modal","link_style":"button--orange","link_aria":""},"email_placeholder_text":"Enter Your Email Address","block_background":"bg-blue","block_background_video_type":"url","block_background_video_url":"","block_background_video_file":false,"block_background_image":false,"block_background_overlay":false,"unique_id":"","block_option_custom_class":"","block_animate":false,"block_option_padding":[],"block_option_hide":[],"bg_lower_slant_color":""},{"acf_fc_layout":"content-media","media_type":"image","image":{"ID":71008,"id":71008,"title":"Homepage_Main_Buckets_OnePlace_DE_V1","filename":"Homepage_Main_Buckets_OnePlace_DE_V1.png","filesize":187720,"url":"https:\/\/www.bullhorn.com\/de\/wp-content\/uploads\/sites\/7\/2021\/07\/Homepage_Main_Buckets_OnePlace_DE_V1.png","link":"https:\/\/www.bullhorn.com\/de\/recruiting-software-applicant-tracking-system-bullhorn\/homepage_main_buckets_oneplace_de_v1\/","alt":"","author":"302","description":"","caption":"","name":"homepage_main_buckets_oneplace_de_v1","status":"inherit","uploaded_to":70875,"date":"2021-07-16 14:41:19","modified":"2021-07-16 14:41:19","menu_order":0,"mime_type":"image\/png","type":"image","subtype":"png","icon":"https:\/\/www.bullhorn.com\/de\/wp-includes\/images\/media\/default.png","width":2100,"height":1575,"sizes":{"thumbnail":"https:\/\/www.bullhorn.com\/de\/wp-content\/uploads\/sites\/7\/2021\/07\/Homepage_Main_Buckets_OnePlace_DE_V1-150x150.png","thumbnail-width":150,"thumbnail-height":150,"medium":"https:\/\/www.bullhorn.com\/de\/wp-content\/uploads\/sites\/7\/2021\/07\/Homepage_Main_Buckets_OnePlace_DE_V1-300x225.png","medium-width":300,"medium-height":225,"medium_large":"https:\/\/www.bullhorn.com\/de\/wp-content\/uploads\/sites\/7\/2021\/07\/Homepage_Main_Buckets_OnePlace_DE_V1-768x576.png","medium_large-width":768,"medium_large-height":576,"large":"https:\/\/www.bullhorn.com\/de\/wp-content\/uploads\/sites\/7\/2021\/07\/Homepage_Main_Buckets_OnePlace_DE_V1-1024x768.png","large-width":1024,"large-height":768,"1536x1536":"https:\/\/www.bullhorn.com\/de\/wp-content\/uploads\/sites\/7\/2021\/07\/Homepage_Main_Buckets_OnePlace_DE_V1-1536x1152.png","1536x1536-width":1536,"1536x1536-height":1152,"2048x2048":"https:\/\/www.bullhorn.com\/de\/wp-content\/uploads\/sites\/7\/2021\/07\/Homepage_Main_Buckets_OnePlace_DE_V1-2048x1536.png","2048x2048-width":2048,"2048x2048-height":1536,"post-thumbnail":"https:\/\/www.bullhorn.com\/de\/wp-content\/uploads\/sites\/7\/2021\/07\/Homepage_Main_Buckets_OnePlace_DE_V1-300x300.png","post-thumbnail-width":300,"post-thumbnail-height":300,"small":"https:\/\/www.bullhorn.com\/de\/wp-content\/uploads\/sites\/7\/2021\/07\/Homepage_Main_Buckets_OnePlace_DE_V1-300x225.png","small-width":300,"small-height":225,"xlarge":"https:\/\/www.bullhorn.com\/de\/wp-content\/uploads\/sites\/7\/2021\/07\/Homepage_Main_Buckets_OnePlace_DE_V1-1440x1080.png","xlarge-width":1440,"xlarge-height":1080,"insight-of-the-week":"https:\/\/www.bullhorn.com\/de\/wp-content\/uploads\/sites\/7\/2021\/07\/Homepage_Main_Buckets_OnePlace_DE_V1.png","insight-of-the-week-width":503,"insight-of-the-week-height":377,"insight-icons":"https:\/\/www.bullhorn.com\/de\/wp-content\/uploads\/sites\/7\/2021\/07\/Homepage_Main_Buckets_OnePlace_DE_V1.png","insight-icons-width":83,"insight-icons-height":62,"insight-research-image":"https:\/\/www.bullhorn.com\/de\/wp-content\/uploads\/sites\/7\/2021\/07\/Homepage_Main_Buckets_OnePlace_DE_V1.png","insight-research-image-width":293,"insight-research-image-height":220,"insight-featured-articles-thumbnail":"https:\/\/www.bullhorn.com\/de\/wp-content\/uploads\/sites\/7\/2021\/07\/Homepage_Main_Buckets_OnePlace_DE_V1.png","insight-featured-articles-thumbnail-width":219,"insight-featured-articles-thumbnail-height":164,"insight-logo":"https:\/\/www.bullhorn.com\/de\/wp-content\/uploads\/sites\/7\/2021\/07\/Homepage_Main_Buckets_OnePlace_DE_V1.png","insight-logo-width":237,"insight-logo-height":178}},"video_url":"","embed_code":"","image_placement":"right","image_size":"8","image_box_shadow":false,"background_shape":"shapes\/cloud","background_shape_position":"right","parallax_fx":true,"block_aria":"","link_type":"none","link_page":null,"link_url":"","link_file":false,"link_video":"","link_aria":"","content":"<h2>Das ATS f\u00fcr kleine Unternehmen<\/h2>\n<p>Mit dem leistungsstarken und einfach zu bedienenden Applicant Tracking System von Bullhorn k\u00f6nnen Sie den gesamten Recruiting-Prozess \u00fcber ein einziges Interface verwalten, und zwar mit allen Browsern, mobil oder am Desktop. Sie m\u00fcssen au\u00dferdem Daten nicht mehr manuell eingeben, z.B. f\u00fcr Stellenausschreibungen oder die Vermittlung von Bewerbern. So wird Ihr gesamter Recruiting-Prozess vereinfacht und Ihr Team arbeitet noch effizienter.<\/p>\n","block_background":"block-bg-none","block_background_video_type":"url","block_background_video_url":"","block_background_video_file":false,"block_background_image":false,"block_background_overlay":false,"unique_id":"","block_option_custom_class":"","block_animate":true,"block_option_padding":[],"block_option_hide":[]},{"acf_fc_layout":"testimonials","background_shape":"shapes\/circle","background_shape_position":"left","parallax_fx":true,"transition_speed":"10","enable_autoplay":false,"autoplay_speed":3000,"testimonials":[71029],"block_background":"block-bg-none","block_background_video_type":"url","block_background_video_url":"","block_background_video_file":false,"block_background_image":false,"block_background_overlay":false,"unique_id":"","block_option_custom_class":"","block_option_padding":[],"block_option_hide":[]},{"acf_fc_layout":"related-resources","title":"Weiterf\u00fchrende Informationen","enable_archive_link":true,"archive_link_text":"Alle Ressourcen","post_type":"resource","post_type_resource_fields":{"relationship_source":"custom","note_automatic_relationship":null,"custom_tax":false,"custom_resources":[5500,71706,70322,71610,739],"fill_remaining_resources":true},"post_type_blog_fields":{"relationship_source":false,"note_automatic_relationship":null,"custom_tag":false,"custom_category":false,"custom_resources":null,"fill_remaining_posts":true},"block_background":"block-bg-none","block_background_video_type":"url","block_background_video_url":"","block_background_video_file":false,"block_background_image":false,"block_background_overlay":false,"unique_id":"","block_option_custom_class":"","block_option_padding":[],"block_option_hide":[]},{"acf_fc_layout":"cta","mid_page_format":false,"condensed_format":false,"text":"Wachsen Sie mit Bullhorn","subtext":"","block_aria":"","image":{"ID":71024,"id":71024,"title":"H_Footer_V1","filename":"H_Footer_V1.png","filesize":60168,"url":"https:\/\/www.bullhorn.com\/de\/wp-content\/uploads\/sites\/7\/2021\/07\/H_Footer_V1.png","link":"https:\/\/www.bullhorn.com\/de\/start-up\/h_footer_v1\/","alt":"","author":"302","description":"","caption":"","name":"h_footer_v1","status":"inherit","uploaded_to":71021,"date":"2021-07-16 15:12:55","modified":"2021-07-16 15:12:55","menu_order":0,"mime_type":"image\/png","type":"image","subtype":"png","icon":"https:\/\/www.bullhorn.com\/de\/wp-includes\/images\/media\/default.png","width":600,"height":560,"sizes":{"thumbnail":"https:\/\/www.bullhorn.com\/de\/wp-content\/uploads\/sites\/7\/2021\/07\/H_Footer_V1-150x150.png","thumbnail-width":150,"thumbnail-height":150,"medium":"https:\/\/www.bullhorn.com\/de\/wp-content\/uploads\/sites\/7\/2021\/07\/H_Footer_V1-300x280.png","medium-width":300,"medium-height":280,"medium_large":"https:\/\/www.bullhorn.com\/de\/wp-content\/uploads\/sites\/7\/2021\/07\/H_Footer_V1.png","medium_large-width":600,"medium_large-height":560,"large":"https:\/\/www.bullhorn.com\/de\/wp-content\/uploads\/sites\/7\/2021\/07\/H_Footer_V1.png","large-width":600,"large-height":560,"1536x1536":"https:\/\/www.bullhorn.com\/de\/wp-content\/uploads\/sites\/7\/2021\/07\/H_Footer_V1.png","1536x1536-width":600,"1536x1536-height":560,"2048x2048":"https:\/\/www.bullhorn.com\/de\/wp-content\/uploads\/sites\/7\/2021\/07\/H_Footer_V1.png","2048x2048-width":600,"2048x2048-height":560,"post-thumbnail":"https:\/\/www.bullhorn.com\/de\/wp-content\/uploads\/sites\/7\/2021\/07\/H_Footer_V1-300x300.png","post-thumbnail-width":300,"post-thumbnail-height":300,"small":"https:\/\/www.bullhorn.com\/de\/wp-content\/uploads\/sites\/7\/2021\/07\/H_Footer_V1-300x280.png","small-width":300,"small-height":280,"xlarge":"https:\/\/www.bullhorn.com\/de\/wp-content\/uploads\/sites\/7\/2021\/07\/H_Footer_V1.png","xlarge-width":600,"xlarge-height":560,"insight-of-the-week":"https:\/\/www.bullhorn.com\/de\/wp-content\/uploads\/sites\/7\/2021\/07\/H_Footer_V1.png","insight-of-the-week-width":404,"insight-of-the-week-height":377,"insight-icons":"https:\/\/www.bullhorn.com\/de\/wp-content\/uploads\/sites\/7\/2021\/07\/H_Footer_V1.png","insight-icons-width":83,"insight-icons-height":77,"insight-research-image":"https:\/\/www.bullhorn.com\/de\/wp-content\/uploads\/sites\/7\/2021\/07\/H_Footer_V1.png","insight-research-image-width":236,"insight-research-image-height":220,"insight-featured-articles-thumbnail":"https:\/\/www.bullhorn.com\/de\/wp-content\/uploads\/sites\/7\/2021\/07\/H_Footer_V1.png","insight-featured-articles-thumbnail-width":176,"insight-featured-articles-thumbnail-height":164,"insight-logo":"https:\/\/www.bullhorn.com\/de\/wp-content\/uploads\/sites\/7\/2021\/07\/H_Footer_V1.png","insight-logo-width":191,"insight-logo-height":178}},"enable_bg_shape":false,"image_shape":"","action_type":"button","link_settings":{"link_type":"url","link_text":"Live Demo anfordern!","link_page":null,"link_url":"#show-demo-modal","link_style":"button--orange","link_aria":""},"email_placeholder_text":"Enter Your Email Address","block_background":"bg-blue","block_background_video_type":"url","block_background_video_url":"","block_background_video_file":false,"block_background_image":false,"block_background_overlay":false,"unique_id":"","block_option_custom_class":"","block_animate":true,"block_option_padding":[],"block_option_hide":[],"bg_lower_slant_color":""}],"_links":{"self":[{"href":"https:\/\/www.bullhorn.com\/de\/wp-json\/wp\/v2\/pages\/71021","targetHints":{"allow":["GET"]}}],"collection":[{"href":"https:\/\/www.bullhorn.com\/de\/wp-json\/wp\/v2\/pages"}],"about":[{"href":"https:\/\/www.bullhorn.com\/de\/wp-json\/wp\/v2\/types\/page"}],"author":[{"embeddable":true,"href":"https:\/\/www.bullhorn.com\/de\/wp-json\/wp\/v2\/users\/302"}],"replies":[{"embeddable":true,"href":"https:\/\/www.bullhorn.com\/de\/wp-json\/wp\/v2\/comments?post=71021"}],"version-history":[{"count":5,"href":"https:\/\/www.bullhorn.com\/de\/wp-json\/wp\/v2\/pages\/71021\/revisions"}],"predecessor-version":[{"id":73350,"href":"https:\/\/www.bullhorn.com\/de\/wp-json\/wp\/v2\/pages\/71021\/revisions\/73350"}],"wp:featuredmedia":[{"embeddable":true,"href":"https:\/\/www.bullhorn.com\/de\/wp-json\/wp\/v2\/media\/72243"}],"wp:attachment":[{"href":"https:\/\/www.bullhorn.com\/de\/wp-json\/wp\/v2\/media?parent=71021"}],"curies":[{"name":"wp","href":"https:\/\/api.w.org\/{rel}","templated":true}]}}