{"id":71034,"date":"2021-07-16T15:50:24","date_gmt":"2021-07-16T15:50:24","guid":{"rendered":"https:\/\/www.bullhorn.com\/de\/?page_id=71034"},"modified":"2023-05-31T13:30:56","modified_gmt":"2023-05-31T13:30:56","slug":"kmu","status":"publish","type":"page","link":"https:\/\/www.bullhorn.com\/de\/kmu\/","title":{"rendered":"KMU"},"content":{"rendered":"","protected":false},"excerpt":{"rendered":"","protected":false},"author":302,"featured_media":0,"parent":0,"menu_order":0,"comment_status":"closed","ping_status":"closed","template":"","meta":{"_acf_changed":false,"om_disable_all_campaigns":false},"class_list":["post-71034","page","type-page","status-publish","hentry"],"acf":[],"yoast_head":"<!-- This site is optimized with the Yoast SEO plugin v27.2 - https:\/\/yoast.com\/product\/yoast-seo-wordpress\/ -->\n<title>Bewerbermanagement Software f\u00fcr KMU | Bullhorn DE<\/title>\n<meta name=\"description\" content=\"Bewerbermanagement-Software von Bullhorn. F\u00fcr die Personaldienstleistung entwickelt. Mehr Leistung, h\u00f6here Effizienz. Jetzt informieren.\" \/>\n<meta name=\"robots\" content=\"index, follow, max-snippet:-1, max-image-preview:large, max-video-preview:-1\" \/>\n<link rel=\"canonical\" href=\"https:\/\/www.bullhorn.com\/de\/kmu\/\" \/>\n<meta property=\"og:locale\" content=\"de_DE\" \/>\n<meta property=\"og:type\" content=\"article\" \/>\n<meta property=\"og:title\" content=\"Bewerbermanagement Software f\u00fcr KMU | Bullhorn DE\" \/>\n<meta property=\"og:description\" content=\"Bewerbermanagement-Software von Bullhorn. F\u00fcr die Personaldienstleistung entwickelt. Mehr Leistung, h\u00f6here Effizienz. Jetzt informieren.\" \/>\n<meta property=\"og:url\" content=\"https:\/\/www.bullhorn.com\/de\/kmu\/\" \/>\n<meta property=\"og:site_name\" content=\"Bullhorn DE\" \/>\n<meta property=\"article:publisher\" content=\"https:\/\/www.facebook.com\/Bullhorn\/\" \/>\n<meta property=\"article:modified_time\" content=\"2023-05-31T13:30:56+00:00\" \/>\n<meta name=\"twitter:card\" content=\"summary_large_image\" \/>\n<meta name=\"twitter:site\" content=\"@Bullhorn\" \/>\n<script type=\"application\/ld+json\" class=\"yoast-schema-graph\">{\"@context\":\"https:\/\/schema.org\",\"@graph\":[{\"@type\":\"WebPage\",\"@id\":\"https:\/\/www.bullhorn.com\/de\/kmu\/\",\"url\":\"https:\/\/www.bullhorn.com\/de\/kmu\/\",\"name\":\"Bewerbermanagement Software f\u00fcr KMU | Bullhorn DE\",\"isPartOf\":{\"@id\":\"https:\/\/www.bullhorn.com\/de\/#website\"},\"datePublished\":\"2021-07-16T15:50:24+00:00\",\"dateModified\":\"2023-05-31T13:30:56+00:00\",\"description\":\"Bewerbermanagement-Software von Bullhorn. F\u00fcr die Personaldienstleistung entwickelt. Mehr Leistung, h\u00f6here Effizienz. Jetzt informieren.\",\"breadcrumb\":{\"@id\":\"https:\/\/www.bullhorn.com\/de\/kmu\/#breadcrumb\"},\"inLanguage\":\"de\",\"potentialAction\":[{\"@type\":\"ReadAction\",\"target\":[\"https:\/\/www.bullhorn.com\/de\/kmu\/\"]}]},{\"@type\":\"BreadcrumbList\",\"@id\":\"https:\/\/www.bullhorn.com\/de\/kmu\/#breadcrumb\",\"itemListElement\":[{\"@type\":\"ListItem\",\"position\":1,\"name\":\"Home\",\"item\":\"https:\/\/www.bullhorn.com\/de\/\"},{\"@type\":\"ListItem\",\"position\":2,\"name\":\"KMU\"}]},{\"@type\":\"WebSite\",\"@id\":\"https:\/\/www.bullhorn.com\/de\/#website\",\"url\":\"https:\/\/www.bullhorn.com\/de\/\",\"name\":\"Bullhorn DE\",\"description\":\"Just another Bullhorn Sites site\",\"publisher\":{\"@id\":\"https:\/\/www.bullhorn.com\/de\/#organization\"},\"potentialAction\":[{\"@type\":\"SearchAction\",\"target\":{\"@type\":\"EntryPoint\",\"urlTemplate\":\"https:\/\/www.bullhorn.com\/de\/?s={search_term_string}\"},\"query-input\":{\"@type\":\"PropertyValueSpecification\",\"valueRequired\":true,\"valueName\":\"search_term_string\"}}],\"inLanguage\":\"de\"},{\"@type\":\"Organization\",\"@id\":\"https:\/\/www.bullhorn.com\/de\/#organization\",\"name\":\"Bullhorn\",\"url\":\"https:\/\/www.bullhorn.com\/de\/\",\"logo\":{\"@type\":\"ImageObject\",\"inLanguage\":\"de\",\"@id\":\"https:\/\/www.bullhorn.com\/de\/#\/schema\/logo\/image\/\",\"url\":\"https:\/\/www.bullhorn.com\/de\/wp-content\/uploads\/sites\/7\/2021\/09\/og-img.png\",\"contentUrl\":\"https:\/\/www.bullhorn.com\/de\/wp-content\/uploads\/sites\/7\/2021\/09\/og-img.png\",\"width\":1200,\"height\":628,\"caption\":\"Bullhorn\"},\"image\":{\"@id\":\"https:\/\/www.bullhorn.com\/de\/#\/schema\/logo\/image\/\"},\"sameAs\":[\"https:\/\/www.facebook.com\/Bullhorn\/\",\"https:\/\/x.com\/Bullhorn\",\"https:\/\/www.instagram.com\/lifeatbullhorn\/?hl=de\",\"https:\/\/www.linkedin.com\/company\/bullhorn\",\"https:\/\/www.youtube.com\/channel\/UC-Rgm5YxtoxsvlCHy6KW3Ug\",\"https:\/\/en.wikipedia.org\/wiki\/Bullhorn,_Inc.\"]}]}<\/script>\n<!-- \/ Yoast SEO plugin. -->","yoast_head_json":{"title":"Bewerbermanagement Software f\u00fcr KMU | Bullhorn DE","description":"Bewerbermanagement-Software von Bullhorn. F\u00fcr die Personaldienstleistung entwickelt. Mehr Leistung, h\u00f6here Effizienz. Jetzt informieren.","robots":{"index":"index","follow":"follow","max-snippet":"max-snippet:-1","max-image-preview":"max-image-preview:large","max-video-preview":"max-video-preview:-1"},"canonical":"https:\/\/www.bullhorn.com\/de\/kmu\/","og_locale":"de_DE","og_type":"article","og_title":"Bewerbermanagement Software f\u00fcr KMU | Bullhorn DE","og_description":"Bewerbermanagement-Software von Bullhorn. F\u00fcr die Personaldienstleistung entwickelt. Mehr Leistung, h\u00f6here Effizienz. Jetzt informieren.","og_url":"https:\/\/www.bullhorn.com\/de\/kmu\/","og_site_name":"Bullhorn DE","article_publisher":"https:\/\/www.facebook.com\/Bullhorn\/","article_modified_time":"2023-05-31T13:30:56+00:00","twitter_card":"summary_large_image","twitter_site":"@Bullhorn","schema":{"@context":"https:\/\/schema.org","@graph":[{"@type":"WebPage","@id":"https:\/\/www.bullhorn.com\/de\/kmu\/","url":"https:\/\/www.bullhorn.com\/de\/kmu\/","name":"Bewerbermanagement Software f\u00fcr KMU | Bullhorn DE","isPartOf":{"@id":"https:\/\/www.bullhorn.com\/de\/#website"},"datePublished":"2021-07-16T15:50:24+00:00","dateModified":"2023-05-31T13:30:56+00:00","description":"Bewerbermanagement-Software von Bullhorn. F\u00fcr die Personaldienstleistung entwickelt. Mehr Leistung, h\u00f6here Effizienz. Jetzt informieren.","breadcrumb":{"@id":"https:\/\/www.bullhorn.com\/de\/kmu\/#breadcrumb"},"inLanguage":"de","potentialAction":[{"@type":"ReadAction","target":["https:\/\/www.bullhorn.com\/de\/kmu\/"]}]},{"@type":"BreadcrumbList","@id":"https:\/\/www.bullhorn.com\/de\/kmu\/#breadcrumb","itemListElement":[{"@type":"ListItem","position":1,"name":"Home","item":"https:\/\/www.bullhorn.com\/de\/"},{"@type":"ListItem","position":2,"name":"KMU"}]},{"@type":"WebSite","@id":"https:\/\/www.bullhorn.com\/de\/#website","url":"https:\/\/www.bullhorn.com\/de\/","name":"Bullhorn DE","description":"Just another Bullhorn Sites site","publisher":{"@id":"https:\/\/www.bullhorn.com\/de\/#organization"},"potentialAction":[{"@type":"SearchAction","target":{"@type":"EntryPoint","urlTemplate":"https:\/\/www.bullhorn.com\/de\/?s={search_term_string}"},"query-input":{"@type":"PropertyValueSpecification","valueRequired":true,"valueName":"search_term_string"}}],"inLanguage":"de"},{"@type":"Organization","@id":"https:\/\/www.bullhorn.com\/de\/#organization","name":"Bullhorn","url":"https:\/\/www.bullhorn.com\/de\/","logo":{"@type":"ImageObject","inLanguage":"de","@id":"https:\/\/www.bullhorn.com\/de\/#\/schema\/logo\/image\/","url":"https:\/\/www.bullhorn.com\/de\/wp-content\/uploads\/sites\/7\/2021\/09\/og-img.png","contentUrl":"https:\/\/www.bullhorn.com\/de\/wp-content\/uploads\/sites\/7\/2021\/09\/og-img.png","width":1200,"height":628,"caption":"Bullhorn"},"image":{"@id":"https:\/\/www.bullhorn.com\/de\/#\/schema\/logo\/image\/"},"sameAs":["https:\/\/www.facebook.com\/Bullhorn\/","https:\/\/x.com\/Bullhorn","https:\/\/www.instagram.com\/lifeatbullhorn\/?hl=de","https:\/\/www.linkedin.com\/company\/bullhorn","https:\/\/www.youtube.com\/channel\/UC-Rgm5YxtoxsvlCHy6KW3Ug","https:\/\/en.wikipedia.org\/wiki\/Bullhorn,_Inc."]}]}},"grav_blocks":[{"acf_fc_layout":"card-grid","block_title":"","block_aria":"","block_subtitle":"","background_shape":"","background_shape_position":"left","parallax_fx":false,"title_position":"top","cards_bg_color":"","cards_border":false,"cards_per_row":"4","cards":[{"icon":"icons\/gauge","icon_color":"blue-light","line_title_with_icon":false,"inline_title":"","content":"<h4>Erstklassige Leistung<\/h4>\n<p>5 von 6 Personalverantwortlichen empfehlen Bullhorn. Unsere Software ist einfach zu bedienen, wurde speziell f\u00fcr die Arbeitsabl\u00e4ufe in der Personalvermittlung entwickelt und neue Mitarbeiter k\u00f6nnen damit schon innerhalb von 48 Stunden loslegen. Jedes Jahr investieren wir \u00fcber 35 Millionen Euro in Forschung und Entwicklung. So stellen wir sicher, dass die Technologie auf dem neuesten Stand ist und Sie der Konkurrenz immer einen Schritt voraus sind.<\/p>\n"},{"icon":"icons\/call","icon_color":"blue-light","line_title_with_icon":false,"inline_title":"","content":"<h4>Erstklassiger Support<\/h4>\n<p>95 % unsere Kunden sind mit unserem Support zufrieden. Das liegt u.a. daran, dass die Anliegen unserer Kunden mehrheitlich schon mit dem ersten Anruf gel\u00f6st werden. Unser Support-Team stellt sicher, dass Sie jederzeit die Unterst\u00fctzung erhalten, die Sie ben\u00f6tigen. Unsere Teams sind \u00fcber die ganze Welt verteilt, sodass Sie bei uns immer einen Menschen erreichen und keinen Anrufbeantworter.<\/p>\n"},{"icon":"icons\/cube","icon_color":"blue-light","line_title_with_icon":false,"inline_title":"","content":"<h4>Der gr\u00f6\u00dfte Marktplatz mit Tools f\u00fcr die Personalbeschaffung<\/h4>\n<p>\u00dcber 100 Technologie-Partner sind in das Bullhorn-\u00d6kosystem integriert. So k\u00f6nnen Sie genau die L\u00f6sung zusammenstellen, die Sie f\u00fcr Ihr Unternehmen ben\u00f6tigen. Alle Komponenten arbeiten dabei reibungslos miteinander. Profitieren Sie dabei von der Erfahrung unseres Teams und \u00fcber 10.000 Kunden.<\/p>\n"}],"block_background":"block-bg-none","block_background_video_type":"url","block_background_video_url":"","block_background_video_file":false,"block_background_image":false,"block_background_overlay":false,"unique_id":"","block_option_custom_class":"","block_animate":true,"block_option_padding":[],"block_option_hide":[],"bg_lower_slant_color":""},{"acf_fc_layout":"content-icon-box","icon":"content-icon-box\/S2M_Shape_1","icon_color":"orange","icon_alignment":"right","background_shape":"","parallax_fx":true,"title":"Un\u00fcbertroffene Zufriedenheit bei Bewerbern und Kunden","block_aria":"","content":"<p>&#8222;Wenn Ihr Unternehen wachsen soll, sollte die eingesetzte Technologie Ihre Arbeit einfacher machen und dank schnellerer Prozesse die Zufriedenheit bei Kunden und Bewerbern erh\u00f6hen. Mit den Tools von Bullhorn k\u00f6nnen Sie qualifizierte Bewerber besser finden, zu ihnen Kontakt aufnehmen und sie durch den gesamten Recruiting-Prozess begleiten.&#8220;<\/p>\n","links_title":"Related Products","links":[{"link_type":"url","link_text":"ATS","link_page":null,"link_url":"https:\/\/www.bullhorn.com\/de\/produkte\/bewerbermanagement-ats-crm\/","link_aria":""},{"link_type":"url","link_text":"Sourcing Accelerator","link_page":null,"link_url":"https:\/\/www.bullhorn.com\/products\/bullhorn-sidebar\/","link_aria":""},{"link_type":"url","link_text":"LinkedIn Integration","link_page":null,"link_url":"https:\/\/www.bullhorn.com\/marketplace\/linkedin-35\/","link_aria":""}],"block_background":"block-bg-none","block_background_video_type":"url","block_background_video_url":"","block_background_video_file":false,"block_background_image":false,"block_background_overlay":false,"unique_id":"zufriedenheit","block_option_custom_class":"","block_animate":true,"block_option_padding":[],"block_option_hide":[],"bg_lower_slant_color":""},{"acf_fc_layout":"content-icon-box","icon":"content-icon-box\/S2M_Shape_2","icon_color":"green","icon_alignment":"left","background_shape":"","parallax_fx":true,"title":"Den Output mit Automatisierung erh\u00f6hen","block_aria":"","content":"<p>Automatisierung erm\u00f6glicht es mittelst\u00e4ndischen Unternehmen, Kosten zu senken und schneller zu wachsen. Wenn die Flei\u00dfarbeit erledigt ist, k\u00f6nnen sich Ihre Mitarbeiter auf das konzentrieren, was sie am besten k\u00f6nnen &#8211; Beziehungen aufbauen. Bullhorn-Kunden, die in Automatisierung investieren, erh\u00f6hen ihre Vermittlungsquote durchschnittlich um 12 Prozent und sparen viel Zeit, die sie sonst f\u00fcr die manuelle Dateneingabe aufbringen mussten.<\/p>\n","links_title":"Related Products","links":[{"link_type":"url","link_text":"Recruitment Automation","link_page":null,"link_url":"https:\/\/www.bullhorn.com\/de\/produkte\/recruiting-automatisierung\/","link_aria":""},{"link_type":"url","link_text":"VMS Automation","link_page":null,"link_url":"https:\/\/www.bullhorn.com\/de\/produkte\/vms-automatisierung\/","link_aria":""}],"block_background":"block-bg-none","block_background_video_type":"url","block_background_video_url":"","block_background_video_file":false,"block_background_image":false,"block_background_overlay":false,"unique_id":"automatisierung","block_option_custom_class":"","block_animate":true,"block_option_padding":[],"block_option_hide":[],"bg_lower_slant_color":""},{"acf_fc_layout":"content-icon-box","icon":"content-icon-box\/S2M_Shape_3","icon_color":"blue-dark","icon_alignment":"right","background_shape":"","parallax_fx":true,"title":"Berichte einfach erstellen","block_aria":"","content":"<p>Mit Hilfe von einfach zu genierenden Reports verstehen Sie alle Bereiche Ihres Unternehmens noch besser. Sie wissen genau, was funktioniert und was nicht und k\u00f6nnen wichtige Entscheidungen auf der Basis von Daten treffen. Alle Berichte lassen sich einfach an Ihre individuellen Ziele und KPI ausrichten.<\/p>\n","links_title":"Related Products","links":[{"link_type":"url","link_text":"Ad Hoc Reporting","link_page":null,"link_url":"https:\/\/www.bullhorn.com\/de\/echtzeit-reporting\/","link_aria":""},{"link_type":"url","link_text":"Data Replication","link_page":null,"link_url":"https:\/\/www.bullhorn.com\/de\/produkte\/data-replication\/","link_aria":""}],"block_background":"block-bg-none","block_background_video_type":"url","block_background_video_url":"","block_background_video_file":false,"block_background_image":false,"block_background_overlay":false,"unique_id":"reporting","block_option_custom_class":"","block_animate":true,"block_option_padding":[],"block_option_hide":[],"bg_lower_slant_color":""},{"acf_fc_layout":"cta","mid_page_format":true,"condensed_format":false,"text":"Wachsen Sie mit Bullhorn","subtext":"","block_aria":"","image":false,"enable_bg_shape":true,"image_shape":"","action_type":"button","link_settings":{"link_type":"url","link_text":"Jetzt Live-Demo anfordern","link_page":null,"link_url":"#show-demo-modal","link_style":"button--orange","link_aria":""},"email_placeholder_text":"Enter Your Email Address","block_background":"bg-blue","block_background_video_type":"url","block_background_video_url":"","block_background_video_file":false,"block_background_image":false,"block_background_overlay":false,"unique_id":"","block_option_custom_class":"","block_animate":true,"block_option_padding":[],"block_option_hide":[],"bg_lower_slant_color":""},{"acf_fc_layout":"content-media","media_type":"image","image":{"ID":71008,"id":71008,"title":"Homepage_Main_Buckets_OnePlace_DE_V1","filename":"Homepage_Main_Buckets_OnePlace_DE_V1.png","filesize":187720,"url":"https:\/\/www.bullhorn.com\/de\/wp-content\/uploads\/sites\/7\/2021\/07\/Homepage_Main_Buckets_OnePlace_DE_V1.png","link":"https:\/\/www.bullhorn.com\/de\/recruiting-software-applicant-tracking-system-bullhorn\/homepage_main_buckets_oneplace_de_v1\/","alt":"","author":"302","description":"","caption":"","name":"homepage_main_buckets_oneplace_de_v1","status":"inherit","uploaded_to":70875,"date":"2021-07-16 14:41:19","modified":"2021-07-16 14:41:19","menu_order":0,"mime_type":"image\/png","type":"image","subtype":"png","icon":"https:\/\/www.bullhorn.com\/de\/wp-includes\/images\/media\/default.png","width":2100,"height":1575,"sizes":{"thumbnail":"https:\/\/www.bullhorn.com\/de\/wp-content\/uploads\/sites\/7\/2021\/07\/Homepage_Main_Buckets_OnePlace_DE_V1-150x150.png","thumbnail-width":150,"thumbnail-height":150,"medium":"https:\/\/www.bullhorn.com\/de\/wp-content\/uploads\/sites\/7\/2021\/07\/Homepage_Main_Buckets_OnePlace_DE_V1-300x225.png","medium-width":300,"medium-height":225,"medium_large":"https:\/\/www.bullhorn.com\/de\/wp-content\/uploads\/sites\/7\/2021\/07\/Homepage_Main_Buckets_OnePlace_DE_V1-768x576.png","medium_large-width":768,"medium_large-height":576,"large":"https:\/\/www.bullhorn.com\/de\/wp-content\/uploads\/sites\/7\/2021\/07\/Homepage_Main_Buckets_OnePlace_DE_V1-1024x768.png","large-width":1024,"large-height":768,"1536x1536":"https:\/\/www.bullhorn.com\/de\/wp-content\/uploads\/sites\/7\/2021\/07\/Homepage_Main_Buckets_OnePlace_DE_V1-1536x1152.png","1536x1536-width":1536,"1536x1536-height":1152,"2048x2048":"https:\/\/www.bullhorn.com\/de\/wp-content\/uploads\/sites\/7\/2021\/07\/Homepage_Main_Buckets_OnePlace_DE_V1-2048x1536.png","2048x2048-width":2048,"2048x2048-height":1536,"post-thumbnail":"https:\/\/www.bullhorn.com\/de\/wp-content\/uploads\/sites\/7\/2021\/07\/Homepage_Main_Buckets_OnePlace_DE_V1-300x300.png","post-thumbnail-width":300,"post-thumbnail-height":300,"small":"https:\/\/www.bullhorn.com\/de\/wp-content\/uploads\/sites\/7\/2021\/07\/Homepage_Main_Buckets_OnePlace_DE_V1-300x225.png","small-width":300,"small-height":225,"xlarge":"https:\/\/www.bullhorn.com\/de\/wp-content\/uploads\/sites\/7\/2021\/07\/Homepage_Main_Buckets_OnePlace_DE_V1-1440x1080.png","xlarge-width":1440,"xlarge-height":1080,"insight-of-the-week":"https:\/\/www.bullhorn.com\/de\/wp-content\/uploads\/sites\/7\/2021\/07\/Homepage_Main_Buckets_OnePlace_DE_V1.png","insight-of-the-week-width":503,"insight-of-the-week-height":377,"insight-icons":"https:\/\/www.bullhorn.com\/de\/wp-content\/uploads\/sites\/7\/2021\/07\/Homepage_Main_Buckets_OnePlace_DE_V1.png","insight-icons-width":83,"insight-icons-height":62,"insight-research-image":"https:\/\/www.bullhorn.com\/de\/wp-content\/uploads\/sites\/7\/2021\/07\/Homepage_Main_Buckets_OnePlace_DE_V1.png","insight-research-image-width":293,"insight-research-image-height":220,"insight-featured-articles-thumbnail":"https:\/\/www.bullhorn.com\/de\/wp-content\/uploads\/sites\/7\/2021\/07\/Homepage_Main_Buckets_OnePlace_DE_V1.png","insight-featured-articles-thumbnail-width":219,"insight-featured-articles-thumbnail-height":164,"insight-logo":"https:\/\/www.bullhorn.com\/de\/wp-content\/uploads\/sites\/7\/2021\/07\/Homepage_Main_Buckets_OnePlace_DE_V1.png","insight-logo-width":237,"insight-logo-height":178}},"video_url":"","embed_code":"","image_placement":"right","image_size":"8","image_box_shadow":false,"background_shape":"shapes\/cloud","background_shape_position":"right","parallax_fx":true,"block_aria":"","link_type":"none","link_page":null,"link_url":"","link_file":false,"link_video":"","link_aria":"","content":"<h2>Bullhorn Applicant Tracking System und CRM: Geschaffen f\u00fcr wachsende Unternehmen<\/h2>\n<p>Mit dem leistungsstarken, einfach zu bedienenden Applicant Tracking System von Bullhorn k\u00f6nnen Sie den gesamten Recruiting-Prozess \u00fcber nur ein einzige Benutzeroberfl\u00e4che verwalten &#8211; und das mit jedem Browser, vom Desktop oder mobilen Ger\u00e4t aus.<\/p>\n<p>Durch die Automatisierung erh\u00f6hen Sie die Schlagkraft Ihres Unternehmens. So k\u00f6nnen Sie die Leistung Ihres Teams durch automatisierte und gleichzeitig personalisierte Bewerberkommunikation auch in gro\u00dfem Umfang verdoppeln &#8211; ein Plus f\u00fcr Ihr Team, Ihre Bewerber und Ihre Kunden.<\/p>\n","block_background":"block-bg-none","block_background_video_type":"url","block_background_video_url":"","block_background_video_file":false,"block_background_image":false,"block_background_overlay":false,"unique_id":"","block_option_custom_class":"","block_animate":true,"block_option_padding":[],"block_option_hide":[]},{"acf_fc_layout":"testimonials","background_shape":"shapes\/circle","background_shape_position":"left","parallax_fx":true,"transition_speed":"10","enable_autoplay":false,"autoplay_speed":3000,"testimonials":[71037],"block_background":"block-bg-none","block_background_video_type":"url","block_background_video_url":"","block_background_video_file":false,"block_background_image":false,"block_background_overlay":false,"unique_id":"","block_option_custom_class":"","block_option_padding":[],"block_option_hide":[]},{"acf_fc_layout":"related-resources","title":"Ressourcen","enable_archive_link":true,"archive_link_text":"Alle Ressourcen","post_type":"resource","post_type_resource_fields":{"relationship_source":"custom","note_automatic_relationship":null,"custom_tax":false,"custom_resources":[6966,5500,70719,7002],"fill_remaining_resources":true},"post_type_blog_fields":{"relationship_source":false,"note_automatic_relationship":null,"custom_tag":false,"custom_category":false,"custom_resources":null,"fill_remaining_posts":true},"block_background":"block-bg-none","block_background_video_type":"url","block_background_video_url":"","block_background_video_file":false,"block_background_image":false,"block_background_overlay":false,"unique_id":"","block_option_custom_class":"","block_option_padding":[],"block_option_hide":[]},{"acf_fc_layout":"cta","mid_page_format":false,"condensed_format":false,"text":"Sind Sie startbereit?","subtext":"Bullhorns Software f\u00fcr die Personalbeschaffung unterst\u00fctzt wachsende Unternehmen weltweit w\u00e4hrend des gesamten Recruiting-Lifecycles.","block_aria":"","image":{"ID":71005,"id":71005,"title":"L_Footer_V1-2","filename":"L_Footer_V1-2.png","filesize":58410,"url":"https:\/\/www.bullhorn.com\/de\/wp-content\/uploads\/sites\/7\/2021\/07\/L_Footer_V1-2.png","link":"https:\/\/www.bullhorn.com\/de\/karriere\/l_footer_v1-2\/","alt":"","author":"403","description":"","caption":"","name":"l_footer_v1-2","status":"inherit","uploaded_to":70998,"date":"2021-07-16 13:22:58","modified":"2021-07-16 13:22:58","menu_order":0,"mime_type":"image\/png","type":"image","subtype":"png","icon":"https:\/\/www.bullhorn.com\/de\/wp-includes\/images\/media\/default.png","width":478,"height":503,"sizes":{"thumbnail":"https:\/\/www.bullhorn.com\/de\/wp-content\/uploads\/sites\/7\/2021\/07\/L_Footer_V1-2-150x150.png","thumbnail-width":150,"thumbnail-height":150,"medium":"https:\/\/www.bullhorn.com\/de\/wp-content\/uploads\/sites\/7\/2021\/07\/L_Footer_V1-2-285x300.png","medium-width":285,"medium-height":300,"medium_large":"https:\/\/www.bullhorn.com\/de\/wp-content\/uploads\/sites\/7\/2021\/07\/L_Footer_V1-2.png","medium_large-width":478,"medium_large-height":503,"large":"https:\/\/www.bullhorn.com\/de\/wp-content\/uploads\/sites\/7\/2021\/07\/L_Footer_V1-2.png","large-width":478,"large-height":503,"1536x1536":"https:\/\/www.bullhorn.com\/de\/wp-content\/uploads\/sites\/7\/2021\/07\/L_Footer_V1-2.png","1536x1536-width":478,"1536x1536-height":503,"2048x2048":"https:\/\/www.bullhorn.com\/de\/wp-content\/uploads\/sites\/7\/2021\/07\/L_Footer_V1-2.png","2048x2048-width":478,"2048x2048-height":503,"post-thumbnail":"https:\/\/www.bullhorn.com\/de\/wp-content\/uploads\/sites\/7\/2021\/07\/L_Footer_V1-2-300x300.png","post-thumbnail-width":300,"post-thumbnail-height":300,"small":"https:\/\/www.bullhorn.com\/de\/wp-content\/uploads\/sites\/7\/2021\/07\/L_Footer_V1-2-285x300.png","small-width":285,"small-height":300,"xlarge":"https:\/\/www.bullhorn.com\/de\/wp-content\/uploads\/sites\/7\/2021\/07\/L_Footer_V1-2.png","xlarge-width":478,"xlarge-height":503,"insight-of-the-week":"https:\/\/www.bullhorn.com\/de\/wp-content\/uploads\/sites\/7\/2021\/07\/L_Footer_V1-2.png","insight-of-the-week-width":358,"insight-of-the-week-height":377,"insight-icons":"https:\/\/www.bullhorn.com\/de\/wp-content\/uploads\/sites\/7\/2021\/07\/L_Footer_V1-2.png","insight-icons-width":79,"insight-icons-height":83,"insight-research-image":"https:\/\/www.bullhorn.com\/de\/wp-content\/uploads\/sites\/7\/2021\/07\/L_Footer_V1-2.png","insight-research-image-width":209,"insight-research-image-height":220,"insight-featured-articles-thumbnail":"https:\/\/www.bullhorn.com\/de\/wp-content\/uploads\/sites\/7\/2021\/07\/L_Footer_V1-2.png","insight-featured-articles-thumbnail-width":156,"insight-featured-articles-thumbnail-height":164,"insight-logo":"https:\/\/www.bullhorn.com\/de\/wp-content\/uploads\/sites\/7\/2021\/07\/L_Footer_V1-2.png","insight-logo-width":169,"insight-logo-height":178}},"enable_bg_shape":false,"image_shape":"","action_type":"button","link_settings":{"link_type":"url","link_text":"Jetzt Live-Demo anfordern","link_page":null,"link_url":"#show-demo-modal","link_style":"button--orange","link_aria":""},"email_placeholder_text":"Enter Your Email Address","block_background":"bg-blue","block_background_video_type":"url","block_background_video_url":"","block_background_video_file":false,"block_background_image":false,"block_background_overlay":false,"unique_id":"","block_option_custom_class":"","block_animate":true,"block_option_padding":[],"block_option_hide":[],"bg_lower_slant_color":""}],"_links":{"self":[{"href":"https:\/\/www.bullhorn.com\/de\/wp-json\/wp\/v2\/pages\/71034","targetHints":{"allow":["GET"]}}],"collection":[{"href":"https:\/\/www.bullhorn.com\/de\/wp-json\/wp\/v2\/pages"}],"about":[{"href":"https:\/\/www.bullhorn.com\/de\/wp-json\/wp\/v2\/types\/page"}],"author":[{"embeddable":true,"href":"https:\/\/www.bullhorn.com\/de\/wp-json\/wp\/v2\/users\/302"}],"replies":[{"embeddable":true,"href":"https:\/\/www.bullhorn.com\/de\/wp-json\/wp\/v2\/comments?post=71034"}],"version-history":[{"count":6,"href":"https:\/\/www.bullhorn.com\/de\/wp-json\/wp\/v2\/pages\/71034\/revisions"}],"predecessor-version":[{"id":73384,"href":"https:\/\/www.bullhorn.com\/de\/wp-json\/wp\/v2\/pages\/71034\/revisions\/73384"}],"wp:attachment":[{"href":"https:\/\/www.bullhorn.com\/de\/wp-json\/wp\/v2\/media?parent=71034"}],"curies":[{"name":"wp","href":"https:\/\/api.w.org\/{rel}","templated":true}]}}