{"id":71075,"date":"2021-07-16T19:51:13","date_gmt":"2021-07-16T19:51:13","guid":{"rendered":"https:\/\/www.bullhorn.com\/de\/?page_id=71075"},"modified":"2022-08-17T13:46:16","modified_gmt":"2022-08-17T13:46:16","slug":"ad-hoc-reporting","status":"publish","type":"page","link":"https:\/\/www.bullhorn.com\/de\/produkte\/ad-hoc-reporting\/","title":{"rendered":"Ad Hoc Reporting"},"content":{"rendered":"","protected":false},"excerpt":{"rendered":"","protected":false},"author":403,"featured_media":0,"parent":72647,"menu_order":0,"comment_status":"closed","ping_status":"closed","template":"","meta":{"_acf_changed":false,"om_disable_all_campaigns":false},"class_list":["post-71075","page","type-page","status-publish","hentry"],"acf":[],"yoast_head":"<!-- This site is optimized with the Yoast SEO plugin v27.2 - https:\/\/yoast.com\/product\/yoast-seo-wordpress\/ -->\n<title>Ad Hoc Reporting - Bullhorn DE<\/title>\n<meta name=\"description\" content=\"Verstehen und analysieren Sie Ihre Daten im Detail mit Bullhorn Canvas, dem Recruiting-Analytics Tool f\u00fcr die Personalvermittlung.\" \/>\n<meta name=\"robots\" content=\"index, follow, max-snippet:-1, max-image-preview:large, max-video-preview:-1\" \/>\n<link rel=\"canonical\" href=\"https:\/\/www.bullhorn.com\/de\/produkte\/ad-hoc-reporting\/\" \/>\n<meta property=\"og:locale\" content=\"de_DE\" \/>\n<meta property=\"og:type\" content=\"article\" \/>\n<meta property=\"og:title\" content=\"Ad Hoc Reporting - Bullhorn DE\" \/>\n<meta property=\"og:description\" content=\"Verstehen und analysieren Sie Ihre Daten im Detail mit Bullhorn Canvas, dem Recruiting-Analytics Tool f\u00fcr die Personalvermittlung.\" \/>\n<meta property=\"og:url\" content=\"https:\/\/www.bullhorn.com\/de\/produkte\/ad-hoc-reporting\/\" \/>\n<meta property=\"og:site_name\" content=\"Bullhorn DE\" \/>\n<meta property=\"article:publisher\" content=\"https:\/\/www.facebook.com\/Bullhorn\/\" \/>\n<meta property=\"article:modified_time\" content=\"2022-08-17T13:46:16+00:00\" \/>\n<meta name=\"twitter:card\" content=\"summary_large_image\" \/>\n<meta name=\"twitter:site\" content=\"@Bullhorn\" \/>\n<script type=\"application\/ld+json\" class=\"yoast-schema-graph\">{\"@context\":\"https:\/\/schema.org\",\"@graph\":[{\"@type\":\"WebPage\",\"@id\":\"https:\/\/www.bullhorn.com\/de\/produkte\/ad-hoc-reporting\/\",\"url\":\"https:\/\/www.bullhorn.com\/de\/produkte\/ad-hoc-reporting\/\",\"name\":\"Ad Hoc Reporting - Bullhorn DE\",\"isPartOf\":{\"@id\":\"https:\/\/www.bullhorn.com\/de\/#website\"},\"datePublished\":\"2021-07-16T19:51:13+00:00\",\"dateModified\":\"2022-08-17T13:46:16+00:00\",\"description\":\"Verstehen und analysieren Sie Ihre Daten im Detail mit Bullhorn Canvas, dem Recruiting-Analytics Tool f\u00fcr die Personalvermittlung.\",\"breadcrumb\":{\"@id\":\"https:\/\/www.bullhorn.com\/de\/produkte\/ad-hoc-reporting\/#breadcrumb\"},\"inLanguage\":\"de\",\"potentialAction\":[{\"@type\":\"ReadAction\",\"target\":[\"https:\/\/www.bullhorn.com\/de\/produkte\/ad-hoc-reporting\/\"]}]},{\"@type\":\"BreadcrumbList\",\"@id\":\"https:\/\/www.bullhorn.com\/de\/produkte\/ad-hoc-reporting\/#breadcrumb\",\"itemListElement\":[{\"@type\":\"ListItem\",\"position\":1,\"name\":\"Home\",\"item\":\"https:\/\/www.bullhorn.com\/de\/\"},{\"@type\":\"ListItem\",\"position\":2,\"name\":\"Produkte\",\"item\":\"https:\/\/www.bullhorn.com\/de\/produkte\/\"},{\"@type\":\"ListItem\",\"position\":3,\"name\":\"Ad Hoc Reporting\"}]},{\"@type\":\"WebSite\",\"@id\":\"https:\/\/www.bullhorn.com\/de\/#website\",\"url\":\"https:\/\/www.bullhorn.com\/de\/\",\"name\":\"Bullhorn DE\",\"description\":\"Just another Bullhorn Sites site\",\"publisher\":{\"@id\":\"https:\/\/www.bullhorn.com\/de\/#organization\"},\"potentialAction\":[{\"@type\":\"SearchAction\",\"target\":{\"@type\":\"EntryPoint\",\"urlTemplate\":\"https:\/\/www.bullhorn.com\/de\/?s={search_term_string}\"},\"query-input\":{\"@type\":\"PropertyValueSpecification\",\"valueRequired\":true,\"valueName\":\"search_term_string\"}}],\"inLanguage\":\"de\"},{\"@type\":\"Organization\",\"@id\":\"https:\/\/www.bullhorn.com\/de\/#organization\",\"name\":\"Bullhorn\",\"url\":\"https:\/\/www.bullhorn.com\/de\/\",\"logo\":{\"@type\":\"ImageObject\",\"inLanguage\":\"de\",\"@id\":\"https:\/\/www.bullhorn.com\/de\/#\/schema\/logo\/image\/\",\"url\":\"https:\/\/www.bullhorn.com\/de\/wp-content\/uploads\/sites\/7\/2021\/09\/og-img.png\",\"contentUrl\":\"https:\/\/www.bullhorn.com\/de\/wp-content\/uploads\/sites\/7\/2021\/09\/og-img.png\",\"width\":1200,\"height\":628,\"caption\":\"Bullhorn\"},\"image\":{\"@id\":\"https:\/\/www.bullhorn.com\/de\/#\/schema\/logo\/image\/\"},\"sameAs\":[\"https:\/\/www.facebook.com\/Bullhorn\/\",\"https:\/\/x.com\/Bullhorn\",\"https:\/\/www.instagram.com\/lifeatbullhorn\/?hl=de\",\"https:\/\/www.linkedin.com\/company\/bullhorn\",\"https:\/\/www.youtube.com\/channel\/UC-Rgm5YxtoxsvlCHy6KW3Ug\",\"https:\/\/en.wikipedia.org\/wiki\/Bullhorn,_Inc.\"]}]}<\/script>\n<!-- \/ Yoast SEO plugin. -->","yoast_head_json":{"title":"Ad Hoc Reporting - Bullhorn DE","description":"Verstehen und analysieren Sie Ihre Daten im Detail mit Bullhorn Canvas, dem Recruiting-Analytics Tool f\u00fcr die Personalvermittlung.","robots":{"index":"index","follow":"follow","max-snippet":"max-snippet:-1","max-image-preview":"max-image-preview:large","max-video-preview":"max-video-preview:-1"},"canonical":"https:\/\/www.bullhorn.com\/de\/produkte\/ad-hoc-reporting\/","og_locale":"de_DE","og_type":"article","og_title":"Ad Hoc Reporting - Bullhorn DE","og_description":"Verstehen und analysieren Sie Ihre Daten im Detail mit Bullhorn Canvas, dem Recruiting-Analytics Tool f\u00fcr die Personalvermittlung.","og_url":"https:\/\/www.bullhorn.com\/de\/produkte\/ad-hoc-reporting\/","og_site_name":"Bullhorn DE","article_publisher":"https:\/\/www.facebook.com\/Bullhorn\/","article_modified_time":"2022-08-17T13:46:16+00:00","twitter_card":"summary_large_image","twitter_site":"@Bullhorn","schema":{"@context":"https:\/\/schema.org","@graph":[{"@type":"WebPage","@id":"https:\/\/www.bullhorn.com\/de\/produkte\/ad-hoc-reporting\/","url":"https:\/\/www.bullhorn.com\/de\/produkte\/ad-hoc-reporting\/","name":"Ad Hoc Reporting - Bullhorn DE","isPartOf":{"@id":"https:\/\/www.bullhorn.com\/de\/#website"},"datePublished":"2021-07-16T19:51:13+00:00","dateModified":"2022-08-17T13:46:16+00:00","description":"Verstehen und analysieren Sie Ihre Daten im Detail mit Bullhorn Canvas, dem Recruiting-Analytics Tool f\u00fcr die Personalvermittlung.","breadcrumb":{"@id":"https:\/\/www.bullhorn.com\/de\/produkte\/ad-hoc-reporting\/#breadcrumb"},"inLanguage":"de","potentialAction":[{"@type":"ReadAction","target":["https:\/\/www.bullhorn.com\/de\/produkte\/ad-hoc-reporting\/"]}]},{"@type":"BreadcrumbList","@id":"https:\/\/www.bullhorn.com\/de\/produkte\/ad-hoc-reporting\/#breadcrumb","itemListElement":[{"@type":"ListItem","position":1,"name":"Home","item":"https:\/\/www.bullhorn.com\/de\/"},{"@type":"ListItem","position":2,"name":"Produkte","item":"https:\/\/www.bullhorn.com\/de\/produkte\/"},{"@type":"ListItem","position":3,"name":"Ad Hoc Reporting"}]},{"@type":"WebSite","@id":"https:\/\/www.bullhorn.com\/de\/#website","url":"https:\/\/www.bullhorn.com\/de\/","name":"Bullhorn DE","description":"Just another Bullhorn Sites site","publisher":{"@id":"https:\/\/www.bullhorn.com\/de\/#organization"},"potentialAction":[{"@type":"SearchAction","target":{"@type":"EntryPoint","urlTemplate":"https:\/\/www.bullhorn.com\/de\/?s={search_term_string}"},"query-input":{"@type":"PropertyValueSpecification","valueRequired":true,"valueName":"search_term_string"}}],"inLanguage":"de"},{"@type":"Organization","@id":"https:\/\/www.bullhorn.com\/de\/#organization","name":"Bullhorn","url":"https:\/\/www.bullhorn.com\/de\/","logo":{"@type":"ImageObject","inLanguage":"de","@id":"https:\/\/www.bullhorn.com\/de\/#\/schema\/logo\/image\/","url":"https:\/\/www.bullhorn.com\/de\/wp-content\/uploads\/sites\/7\/2021\/09\/og-img.png","contentUrl":"https:\/\/www.bullhorn.com\/de\/wp-content\/uploads\/sites\/7\/2021\/09\/og-img.png","width":1200,"height":628,"caption":"Bullhorn"},"image":{"@id":"https:\/\/www.bullhorn.com\/de\/#\/schema\/logo\/image\/"},"sameAs":["https:\/\/www.facebook.com\/Bullhorn\/","https:\/\/x.com\/Bullhorn","https:\/\/www.instagram.com\/lifeatbullhorn\/?hl=de","https:\/\/www.linkedin.com\/company\/bullhorn","https:\/\/www.youtube.com\/channel\/UC-Rgm5YxtoxsvlCHy6KW3Ug","https:\/\/en.wikipedia.org\/wiki\/Bullhorn,_Inc."]}]}},"grav_blocks":[{"acf_fc_layout":"card-grid","block_title":"","block_aria":"","block_subtitle":"","background_shape":"","background_shape_position":"left","parallax_fx":false,"title_position":"top","cards_bg_color":"","cards_border":false,"cards_per_row":"4","cards":[{"icon":"icons\/graph","icon_color":"blue-light","line_title_with_icon":false,"inline_title":"","content":"<h4>Individuelle Reports erstellen<\/h4>\n<p>Mit Bullhorn Canvas erstellen Sie so viele Reports wie Sie ben\u00f6tigen. Jeder Report l\u00e4sst sich individuell an Ihre KPIs und individuellen Ziele anpassen.<\/p>\n"},{"icon":"icons\/binoculars","icon_color":"blue-light","line_title_with_icon":false,"inline_title":"","content":"<h4>Transparenter arbeiten<\/h4>\n<p>Bullhorn Canvas erm\u00f6glicht es Ihnen Reports zu erstellen und diese mit Teams, anderen B\u00fcros oder Standorten zu teilen. So kann das gesamte Unternehmen von relevanten Berichten profitieren.<\/p>\n"},{"icon":"icons\/graph-2","icon_color":"blue-light","line_title_with_icon":false,"inline_title":"","content":"<h4>Wichtige Ziele schneller erreichen<\/h4>\n<p>Mit Bullhorn Canvas erheben Sie Daten, die Ihnen wertvolle Einblicke zu Ihren wichtigsten Kunden liefern. So k\u00f6nnen Sie fundiertere Entscheidungen f\u00fcr Ihr Unternehmen und wichtige Investitionen treffen.<\/p>\n"}],"block_background":"block-bg-none","block_background_video_type":"url","block_background_video_url":"","block_background_video_file":false,"block_background_image":false,"block_background_overlay":false,"unique_id":"","block_option_custom_class":"","block_animate":true,"block_option_padding":[],"block_option_hide":[],"bg_lower_slant_color":""},{"acf_fc_layout":"sidebar-anchor","sidebar_title":"Features","sidebar_title_display_large":true,"sidebar_cta_button":{"link_type":"url","link_text":"Live Demo","link_page":null,"link_url":"#show-demo-modal","link_aria":""},"sections":[{"sidebar_label":"Standardberichte direkt abrufen oder anpassen","link_type":"none","section_type":"content-media","section_columns":false,"content":"<h2>Standardberichte direkt abrufen oder anpassen<\/h2>\n<p>Bullhorn Canvas bietet Ihnen bereits viele Standard-Reports, die sich problemlos an Ihr Unternehmen anpassen lassen:<\/p>\n<ul>\n<li>Aktivit\u00e4t Ihrer Recruiter mit detaillierten Informationen zur Leistung f\u00fcr jeden Kunden<\/li>\n<li>Entwicklung der Marge, um schlecht performende Investitionen zu identifizieren<\/li>\n<li>Heatmaps zu Aktivit\u00e4ten des Vertriebs, um die Leistung zwischen verschiedenen Standorten zu vergleichen<\/li>\n<\/ul>\n","section_list_items":false,"image":{"ID":71778,"id":71778,"title":"CAN_1_Cust_Rep_DE_V1","filename":"CAN_1_Cust_Rep_DE_V1.png","filesize":23747,"url":"https:\/\/www.bullhorn.com\/de\/wp-content\/uploads\/sites\/7\/2021\/08\/CAN_1_Cust_Rep_DE_V1.png","link":"https:\/\/www.bullhorn.com\/de\/produkte\/ad-hoc-reporting\/can_1_cust_rep_de_v1\/","alt":"","author":"403","description":"","caption":"","name":"can_1_cust_rep_de_v1","status":"inherit","uploaded_to":71075,"date":"2021-08-23 18:32:51","modified":"2021-08-23 18:32:51","menu_order":0,"mime_type":"image\/png","type":"image","subtype":"png","icon":"https:\/\/www.bullhorn.com\/de\/wp-includes\/images\/media\/default.png","width":600,"height":450,"sizes":{"thumbnail":"https:\/\/www.bullhorn.com\/de\/wp-content\/uploads\/sites\/7\/2021\/08\/CAN_1_Cust_Rep_DE_V1-150x150.png","thumbnail-width":150,"thumbnail-height":150,"medium":"https:\/\/www.bullhorn.com\/de\/wp-content\/uploads\/sites\/7\/2021\/08\/CAN_1_Cust_Rep_DE_V1-300x225.png","medium-width":300,"medium-height":225,"medium_large":"https:\/\/www.bullhorn.com\/de\/wp-content\/uploads\/sites\/7\/2021\/08\/CAN_1_Cust_Rep_DE_V1.png","medium_large-width":600,"medium_large-height":450,"large":"https:\/\/www.bullhorn.com\/de\/wp-content\/uploads\/sites\/7\/2021\/08\/CAN_1_Cust_Rep_DE_V1.png","large-width":600,"large-height":450,"1536x1536":"https:\/\/www.bullhorn.com\/de\/wp-content\/uploads\/sites\/7\/2021\/08\/CAN_1_Cust_Rep_DE_V1.png","1536x1536-width":600,"1536x1536-height":450,"2048x2048":"https:\/\/www.bullhorn.com\/de\/wp-content\/uploads\/sites\/7\/2021\/08\/CAN_1_Cust_Rep_DE_V1.png","2048x2048-width":600,"2048x2048-height":450,"post-thumbnail":"https:\/\/www.bullhorn.com\/de\/wp-content\/uploads\/sites\/7\/2021\/08\/CAN_1_Cust_Rep_DE_V1-300x300.png","post-thumbnail-width":300,"post-thumbnail-height":300,"small":"https:\/\/www.bullhorn.com\/de\/wp-content\/uploads\/sites\/7\/2021\/08\/CAN_1_Cust_Rep_DE_V1-300x225.png","small-width":300,"small-height":225,"xlarge":"https:\/\/www.bullhorn.com\/de\/wp-content\/uploads\/sites\/7\/2021\/08\/CAN_1_Cust_Rep_DE_V1.png","xlarge-width":600,"xlarge-height":450,"insight-of-the-week":"https:\/\/www.bullhorn.com\/de\/wp-content\/uploads\/sites\/7\/2021\/08\/CAN_1_Cust_Rep_DE_V1.png","insight-of-the-week-width":503,"insight-of-the-week-height":377,"insight-icons":"https:\/\/www.bullhorn.com\/de\/wp-content\/uploads\/sites\/7\/2021\/08\/CAN_1_Cust_Rep_DE_V1.png","insight-icons-width":83,"insight-icons-height":62,"insight-research-image":"https:\/\/www.bullhorn.com\/de\/wp-content\/uploads\/sites\/7\/2021\/08\/CAN_1_Cust_Rep_DE_V1.png","insight-research-image-width":293,"insight-research-image-height":220,"insight-featured-articles-thumbnail":"https:\/\/www.bullhorn.com\/de\/wp-content\/uploads\/sites\/7\/2021\/08\/CAN_1_Cust_Rep_DE_V1.png","insight-featured-articles-thumbnail-width":219,"insight-featured-articles-thumbnail-height":164,"insight-logo":"https:\/\/www.bullhorn.com\/de\/wp-content\/uploads\/sites\/7\/2021\/08\/CAN_1_Cust_Rep_DE_V1.png","insight-logo-width":237,"insight-logo-height":178}},"image_video_url":""},{"sidebar_label":"Individuelle Berichte erstellen","link_type":"none","section_type":"content-media","section_columns":false,"content":"<h2>Individuelle Berichte erstellen<\/h2>\n<p>Bullhorn bietet bereits viele branchenspezifische Standard-Reports. Doch jedes Unternehmen ist anders, deshalb ben\u00f6tigen Sie Berichte, die Ihre spezifischen KPIs und Ziele ber\u00fccksichtigen. Mit Bullhorn Canvas nutzen Sie ein Tool, das Ihnen genau diese Einblicke liefert.<\/p>\n","section_list_items":false,"image":{"ID":71779,"id":71779,"title":"CAN_2_Modify_DE_V1","filename":"CAN_2_Modify_DE_V1.png","filesize":20322,"url":"https:\/\/www.bullhorn.com\/de\/wp-content\/uploads\/sites\/7\/2021\/08\/CAN_2_Modify_DE_V1.png","link":"https:\/\/www.bullhorn.com\/de\/produkte\/ad-hoc-reporting\/can_2_modify_de_v1\/","alt":"","author":"403","description":"","caption":"","name":"can_2_modify_de_v1","status":"inherit","uploaded_to":71075,"date":"2021-08-23 18:33:22","modified":"2021-08-23 18:33:22","menu_order":0,"mime_type":"image\/png","type":"image","subtype":"png","icon":"https:\/\/www.bullhorn.com\/de\/wp-includes\/images\/media\/default.png","width":600,"height":450,"sizes":{"thumbnail":"https:\/\/www.bullhorn.com\/de\/wp-content\/uploads\/sites\/7\/2021\/08\/CAN_2_Modify_DE_V1-150x150.png","thumbnail-width":150,"thumbnail-height":150,"medium":"https:\/\/www.bullhorn.com\/de\/wp-content\/uploads\/sites\/7\/2021\/08\/CAN_2_Modify_DE_V1-300x225.png","medium-width":300,"medium-height":225,"medium_large":"https:\/\/www.bullhorn.com\/de\/wp-content\/uploads\/sites\/7\/2021\/08\/CAN_2_Modify_DE_V1.png","medium_large-width":600,"medium_large-height":450,"large":"https:\/\/www.bullhorn.com\/de\/wp-content\/uploads\/sites\/7\/2021\/08\/CAN_2_Modify_DE_V1.png","large-width":600,"large-height":450,"1536x1536":"https:\/\/www.bullhorn.com\/de\/wp-content\/uploads\/sites\/7\/2021\/08\/CAN_2_Modify_DE_V1.png","1536x1536-width":600,"1536x1536-height":450,"2048x2048":"https:\/\/www.bullhorn.com\/de\/wp-content\/uploads\/sites\/7\/2021\/08\/CAN_2_Modify_DE_V1.png","2048x2048-width":600,"2048x2048-height":450,"post-thumbnail":"https:\/\/www.bullhorn.com\/de\/wp-content\/uploads\/sites\/7\/2021\/08\/CAN_2_Modify_DE_V1-300x300.png","post-thumbnail-width":300,"post-thumbnail-height":300,"small":"https:\/\/www.bullhorn.com\/de\/wp-content\/uploads\/sites\/7\/2021\/08\/CAN_2_Modify_DE_V1-300x225.png","small-width":300,"small-height":225,"xlarge":"https:\/\/www.bullhorn.com\/de\/wp-content\/uploads\/sites\/7\/2021\/08\/CAN_2_Modify_DE_V1.png","xlarge-width":600,"xlarge-height":450,"insight-of-the-week":"https:\/\/www.bullhorn.com\/de\/wp-content\/uploads\/sites\/7\/2021\/08\/CAN_2_Modify_DE_V1.png","insight-of-the-week-width":503,"insight-of-the-week-height":377,"insight-icons":"https:\/\/www.bullhorn.com\/de\/wp-content\/uploads\/sites\/7\/2021\/08\/CAN_2_Modify_DE_V1.png","insight-icons-width":83,"insight-icons-height":62,"insight-research-image":"https:\/\/www.bullhorn.com\/de\/wp-content\/uploads\/sites\/7\/2021\/08\/CAN_2_Modify_DE_V1.png","insight-research-image-width":293,"insight-research-image-height":220,"insight-featured-articles-thumbnail":"https:\/\/www.bullhorn.com\/de\/wp-content\/uploads\/sites\/7\/2021\/08\/CAN_2_Modify_DE_V1.png","insight-featured-articles-thumbnail-width":219,"insight-featured-articles-thumbnail-height":164,"insight-logo":"https:\/\/www.bullhorn.com\/de\/wp-content\/uploads\/sites\/7\/2021\/08\/CAN_2_Modify_DE_V1.png","insight-logo-width":237,"insight-logo-height":178}},"image_video_url":""},{"sidebar_label":"Ergebnisse exportieren und teilen","link_type":"none","section_type":"content-media","section_columns":false,"content":"<h2>Ergebnisse exportieren und teilen<\/h2>\n<p>Exportieren Sie Ihre Reports mit wenigen Klicks in Excel, als CSV- oder PDF-Datei, um diese mit Ihrem Team zu teilen. Sie k\u00f6nnen Ihre Reports au\u00dferdem planen und automatisch an ausgew\u00e4hlte Empf\u00e4nger versenden.<\/p>\n","section_list_items":false,"image":{"ID":71780,"id":71780,"title":"CAN_3_Schedule_DE_V1","filename":"CAN_3_Schedule_DE_V1.png","filesize":22351,"url":"https:\/\/www.bullhorn.com\/de\/wp-content\/uploads\/sites\/7\/2021\/08\/CAN_3_Schedule_DE_V1.png","link":"https:\/\/www.bullhorn.com\/de\/produkte\/ad-hoc-reporting\/can_3_schedule_de_v1\/","alt":"","author":"403","description":"","caption":"","name":"can_3_schedule_de_v1","status":"inherit","uploaded_to":71075,"date":"2021-08-23 18:33:56","modified":"2021-08-23 18:33:56","menu_order":0,"mime_type":"image\/png","type":"image","subtype":"png","icon":"https:\/\/www.bullhorn.com\/de\/wp-includes\/images\/media\/default.png","width":600,"height":450,"sizes":{"thumbnail":"https:\/\/www.bullhorn.com\/de\/wp-content\/uploads\/sites\/7\/2021\/08\/CAN_3_Schedule_DE_V1-150x150.png","thumbnail-width":150,"thumbnail-height":150,"medium":"https:\/\/www.bullhorn.com\/de\/wp-content\/uploads\/sites\/7\/2021\/08\/CAN_3_Schedule_DE_V1-300x225.png","medium-width":300,"medium-height":225,"medium_large":"https:\/\/www.bullhorn.com\/de\/wp-content\/uploads\/sites\/7\/2021\/08\/CAN_3_Schedule_DE_V1.png","medium_large-width":600,"medium_large-height":450,"large":"https:\/\/www.bullhorn.com\/de\/wp-content\/uploads\/sites\/7\/2021\/08\/CAN_3_Schedule_DE_V1.png","large-width":600,"large-height":450,"1536x1536":"https:\/\/www.bullhorn.com\/de\/wp-content\/uploads\/sites\/7\/2021\/08\/CAN_3_Schedule_DE_V1.png","1536x1536-width":600,"1536x1536-height":450,"2048x2048":"https:\/\/www.bullhorn.com\/de\/wp-content\/uploads\/sites\/7\/2021\/08\/CAN_3_Schedule_DE_V1.png","2048x2048-width":600,"2048x2048-height":450,"post-thumbnail":"https:\/\/www.bullhorn.com\/de\/wp-content\/uploads\/sites\/7\/2021\/08\/CAN_3_Schedule_DE_V1-300x300.png","post-thumbnail-width":300,"post-thumbnail-height":300,"small":"https:\/\/www.bullhorn.com\/de\/wp-content\/uploads\/sites\/7\/2021\/08\/CAN_3_Schedule_DE_V1-300x225.png","small-width":300,"small-height":225,"xlarge":"https:\/\/www.bullhorn.com\/de\/wp-content\/uploads\/sites\/7\/2021\/08\/CAN_3_Schedule_DE_V1.png","xlarge-width":600,"xlarge-height":450,"insight-of-the-week":"https:\/\/www.bullhorn.com\/de\/wp-content\/uploads\/sites\/7\/2021\/08\/CAN_3_Schedule_DE_V1.png","insight-of-the-week-width":503,"insight-of-the-week-height":377,"insight-icons":"https:\/\/www.bullhorn.com\/de\/wp-content\/uploads\/sites\/7\/2021\/08\/CAN_3_Schedule_DE_V1.png","insight-icons-width":83,"insight-icons-height":62,"insight-research-image":"https:\/\/www.bullhorn.com\/de\/wp-content\/uploads\/sites\/7\/2021\/08\/CAN_3_Schedule_DE_V1.png","insight-research-image-width":293,"insight-research-image-height":220,"insight-featured-articles-thumbnail":"https:\/\/www.bullhorn.com\/de\/wp-content\/uploads\/sites\/7\/2021\/08\/CAN_3_Schedule_DE_V1.png","insight-featured-articles-thumbnail-width":219,"insight-featured-articles-thumbnail-height":164,"insight-logo":"https:\/\/www.bullhorn.com\/de\/wp-content\/uploads\/sites\/7\/2021\/08\/CAN_3_Schedule_DE_V1.png","insight-logo-width":237,"insight-logo-height":178}},"image_video_url":""}],"block_background":"block-bg-none","block_background_video_type":"url","block_background_video_url":"","block_background_video_file":false,"block_background_image":false,"block_background_overlay":false,"unique_id":"","block_option_custom_class":"","block_animate":true,"block_option_padding":[],"block_option_hide":[]},{"acf_fc_layout":"testimonials","background_shape":"shapes\/arrow-up","background_shape_position":"right","parallax_fx":true,"transition_speed":"10","enable_autoplay":false,"autoplay_speed":3000,"testimonials":[71081],"block_background":"block-bg-none","block_background_video_type":"url","block_background_video_url":"","block_background_video_file":false,"block_background_image":false,"block_background_overlay":false,"unique_id":"","block_option_custom_class":"","block_option_padding":[],"block_option_hide":[]},{"acf_fc_layout":"related-resources","title":"Weiterf\u00fchrende Informationen","enable_archive_link":true,"archive_link_text":"Alle Ressourcen","post_type":"resource","post_type_resource_fields":{"relationship_source":"custom","note_automatic_relationship":null,"custom_tax":false,"custom_resources":[6966,70719,6349,7002,70322],"fill_remaining_resources":true},"post_type_blog_fields":{"relationship_source":false,"note_automatic_relationship":null,"custom_tag":false,"custom_category":false,"custom_resources":null,"fill_remaining_posts":true},"block_background":"block-bg-none","block_background_video_type":"url","block_background_video_url":"","block_background_video_file":false,"block_background_image":false,"block_background_overlay":false,"unique_id":"","block_option_custom_class":"","block_option_padding":[],"block_option_hide":[]},{"acf_fc_layout":"cta","mid_page_format":false,"condensed_format":false,"text":"Bereit f\u00fcr smartes Reporting?","subtext":"","block_aria":"","image":{"ID":71079,"id":71079,"title":"E_Footer_V1-2","filename":"E_Footer_V1-2.png","filesize":58434,"url":"https:\/\/www.bullhorn.com\/de\/wp-content\/uploads\/sites\/7\/2021\/07\/E_Footer_V1-2.png","link":"https:\/\/www.bullhorn.com\/de\/produkte\/ad-hoc-reporting\/e_footer_v1-2\/","alt":"","author":"403","description":"","caption":"","name":"e_footer_v1-2","status":"inherit","uploaded_to":71075,"date":"2021-07-16 19:24:51","modified":"2021-07-16 19:24:51","menu_order":0,"mime_type":"image\/png","type":"image","subtype":"png","icon":"https:\/\/www.bullhorn.com\/de\/wp-includes\/images\/media\/default.png","width":478,"height":504,"sizes":{"thumbnail":"https:\/\/www.bullhorn.com\/de\/wp-content\/uploads\/sites\/7\/2021\/07\/E_Footer_V1-2-150x150.png","thumbnail-width":150,"thumbnail-height":150,"medium":"https:\/\/www.bullhorn.com\/de\/wp-content\/uploads\/sites\/7\/2021\/07\/E_Footer_V1-2-285x300.png","medium-width":285,"medium-height":300,"medium_large":"https:\/\/www.bullhorn.com\/de\/wp-content\/uploads\/sites\/7\/2021\/07\/E_Footer_V1-2.png","medium_large-width":478,"medium_large-height":504,"large":"https:\/\/www.bullhorn.com\/de\/wp-content\/uploads\/sites\/7\/2021\/07\/E_Footer_V1-2.png","large-width":478,"large-height":504,"1536x1536":"https:\/\/www.bullhorn.com\/de\/wp-content\/uploads\/sites\/7\/2021\/07\/E_Footer_V1-2.png","1536x1536-width":478,"1536x1536-height":504,"2048x2048":"https:\/\/www.bullhorn.com\/de\/wp-content\/uploads\/sites\/7\/2021\/07\/E_Footer_V1-2.png","2048x2048-width":478,"2048x2048-height":504,"post-thumbnail":"https:\/\/www.bullhorn.com\/de\/wp-content\/uploads\/sites\/7\/2021\/07\/E_Footer_V1-2-300x300.png","post-thumbnail-width":300,"post-thumbnail-height":300,"small":"https:\/\/www.bullhorn.com\/de\/wp-content\/uploads\/sites\/7\/2021\/07\/E_Footer_V1-2-285x300.png","small-width":285,"small-height":300,"xlarge":"https:\/\/www.bullhorn.com\/de\/wp-content\/uploads\/sites\/7\/2021\/07\/E_Footer_V1-2.png","xlarge-width":478,"xlarge-height":504,"insight-of-the-week":"https:\/\/www.bullhorn.com\/de\/wp-content\/uploads\/sites\/7\/2021\/07\/E_Footer_V1-2.png","insight-of-the-week-width":358,"insight-of-the-week-height":377,"insight-icons":"https:\/\/www.bullhorn.com\/de\/wp-content\/uploads\/sites\/7\/2021\/07\/E_Footer_V1-2.png","insight-icons-width":79,"insight-icons-height":83,"insight-research-image":"https:\/\/www.bullhorn.com\/de\/wp-content\/uploads\/sites\/7\/2021\/07\/E_Footer_V1-2.png","insight-research-image-width":209,"insight-research-image-height":220,"insight-featured-articles-thumbnail":"https:\/\/www.bullhorn.com\/de\/wp-content\/uploads\/sites\/7\/2021\/07\/E_Footer_V1-2.png","insight-featured-articles-thumbnail-width":156,"insight-featured-articles-thumbnail-height":164,"insight-logo":"https:\/\/www.bullhorn.com\/de\/wp-content\/uploads\/sites\/7\/2021\/07\/E_Footer_V1-2.png","insight-logo-width":169,"insight-logo-height":178}},"enable_bg_shape":false,"image_shape":"masks\/arrow-right","action_type":"button","link_settings":{"link_type":"url","link_text":"Jetzt Live-Demo anfordern","link_page":null,"link_url":"#show-demo-modal","link_style":"button--orange","link_aria":""},"email_placeholder_text":"Enter Your Email Address","block_background":"bg-blue","block_background_video_type":"url","block_background_video_url":"","block_background_video_file":false,"block_background_image":false,"block_background_overlay":false,"unique_id":"","block_option_custom_class":"","block_animate":false,"block_option_padding":[],"block_option_hide":[],"bg_lower_slant_color":""}],"_links":{"self":[{"href":"https:\/\/www.bullhorn.com\/de\/wp-json\/wp\/v2\/pages\/71075","targetHints":{"allow":["GET"]}}],"collection":[{"href":"https:\/\/www.bullhorn.com\/de\/wp-json\/wp\/v2\/pages"}],"about":[{"href":"https:\/\/www.bullhorn.com\/de\/wp-json\/wp\/v2\/types\/page"}],"author":[{"embeddable":true,"href":"https:\/\/www.bullhorn.com\/de\/wp-json\/wp\/v2\/users\/403"}],"replies":[{"embeddable":true,"href":"https:\/\/www.bullhorn.com\/de\/wp-json\/wp\/v2\/comments?post=71075"}],"version-history":[{"count":7,"href":"https:\/\/www.bullhorn.com\/de\/wp-json\/wp\/v2\/pages\/71075\/revisions"}],"predecessor-version":[{"id":72076,"href":"https:\/\/www.bullhorn.com\/de\/wp-json\/wp\/v2\/pages\/71075\/revisions\/72076"}],"up":[{"embeddable":true,"href":"https:\/\/www.bullhorn.com\/de\/wp-json\/wp\/v2\/pages\/72647"}],"wp:attachment":[{"href":"https:\/\/www.bullhorn.com\/de\/wp-json\/wp\/v2\/media?parent=71075"}],"curies":[{"name":"wp","href":"https:\/\/api.w.org\/{rel}","templated":true}]}}