{"id":71132,"date":"2021-07-19T17:16:40","date_gmt":"2021-07-19T17:16:40","guid":{"rendered":"https:\/\/www.bullhorn.com\/de\/?page_id=71132"},"modified":"2023-08-10T12:36:36","modified_gmt":"2023-08-10T12:36:36","slug":"enterprise","status":"publish","type":"page","link":"https:\/\/www.bullhorn.com\/de\/enterprise\/","title":{"rendered":"Enterprise"},"content":{"rendered":"","protected":false},"excerpt":{"rendered":"","protected":false},"author":302,"featured_media":0,"parent":0,"menu_order":0,"comment_status":"closed","ping_status":"closed","template":"","meta":{"_acf_changed":false,"om_disable_all_campaigns":false},"class_list":["post-71132","page","type-page","status-publish","hentry"],"acf":[],"yoast_head":"<!-- This site is optimized with the Yoast SEO plugin v27.2 - https:\/\/yoast.com\/product\/yoast-seo-wordpress\/ -->\n<title>Bewerbermanagement-Software f\u00fcr gro\u00dfe Unternehmen | Bullhorn DE<\/title>\n<meta name=\"description\" content=\"Gro\u00dfe Unternehmen finden die passende Software f\u00fcr das Bewerbermanagement bei Bullhorn. Jetzt \u00fcber alle Vorteile und Leistungen informieren.\" \/>\n<meta name=\"robots\" content=\"index, follow, max-snippet:-1, max-image-preview:large, max-video-preview:-1\" \/>\n<link rel=\"canonical\" href=\"https:\/\/www.bullhorn.com\/de\/enterprise\/\" \/>\n<meta property=\"og:locale\" content=\"de_DE\" \/>\n<meta property=\"og:type\" content=\"article\" \/>\n<meta property=\"og:title\" content=\"Bewerbermanagement-Software f\u00fcr gro\u00dfe Unternehmen | Bullhorn DE\" \/>\n<meta property=\"og:description\" content=\"Gro\u00dfe Unternehmen finden die passende Software f\u00fcr das Bewerbermanagement bei Bullhorn. Jetzt \u00fcber alle Vorteile und Leistungen informieren.\" \/>\n<meta property=\"og:url\" content=\"https:\/\/www.bullhorn.com\/de\/enterprise\/\" \/>\n<meta property=\"og:site_name\" content=\"Bullhorn DE\" \/>\n<meta property=\"article:publisher\" content=\"https:\/\/www.facebook.com\/Bullhorn\/\" \/>\n<meta property=\"article:modified_time\" content=\"2023-08-10T12:36:36+00:00\" \/>\n<meta name=\"twitter:card\" content=\"summary_large_image\" \/>\n<meta name=\"twitter:site\" content=\"@Bullhorn\" \/>\n<script type=\"application\/ld+json\" class=\"yoast-schema-graph\">{\"@context\":\"https:\/\/schema.org\",\"@graph\":[{\"@type\":\"WebPage\",\"@id\":\"https:\/\/www.bullhorn.com\/de\/enterprise\/\",\"url\":\"https:\/\/www.bullhorn.com\/de\/enterprise\/\",\"name\":\"Bewerbermanagement-Software f\u00fcr gro\u00dfe Unternehmen | Bullhorn DE\",\"isPartOf\":{\"@id\":\"https:\/\/www.bullhorn.com\/de\/#website\"},\"datePublished\":\"2021-07-19T17:16:40+00:00\",\"dateModified\":\"2023-08-10T12:36:36+00:00\",\"description\":\"Gro\u00dfe Unternehmen finden die passende Software f\u00fcr das Bewerbermanagement bei Bullhorn. Jetzt \u00fcber alle Vorteile und Leistungen informieren.\",\"breadcrumb\":{\"@id\":\"https:\/\/www.bullhorn.com\/de\/enterprise\/#breadcrumb\"},\"inLanguage\":\"de\",\"potentialAction\":[{\"@type\":\"ReadAction\",\"target\":[\"https:\/\/www.bullhorn.com\/de\/enterprise\/\"]}]},{\"@type\":\"BreadcrumbList\",\"@id\":\"https:\/\/www.bullhorn.com\/de\/enterprise\/#breadcrumb\",\"itemListElement\":[{\"@type\":\"ListItem\",\"position\":1,\"name\":\"Home\",\"item\":\"https:\/\/www.bullhorn.com\/de\/\"},{\"@type\":\"ListItem\",\"position\":2,\"name\":\"Enterprise\"}]},{\"@type\":\"WebSite\",\"@id\":\"https:\/\/www.bullhorn.com\/de\/#website\",\"url\":\"https:\/\/www.bullhorn.com\/de\/\",\"name\":\"Bullhorn DE\",\"description\":\"Just another Bullhorn Sites site\",\"publisher\":{\"@id\":\"https:\/\/www.bullhorn.com\/de\/#organization\"},\"potentialAction\":[{\"@type\":\"SearchAction\",\"target\":{\"@type\":\"EntryPoint\",\"urlTemplate\":\"https:\/\/www.bullhorn.com\/de\/?s={search_term_string}\"},\"query-input\":{\"@type\":\"PropertyValueSpecification\",\"valueRequired\":true,\"valueName\":\"search_term_string\"}}],\"inLanguage\":\"de\"},{\"@type\":\"Organization\",\"@id\":\"https:\/\/www.bullhorn.com\/de\/#organization\",\"name\":\"Bullhorn\",\"url\":\"https:\/\/www.bullhorn.com\/de\/\",\"logo\":{\"@type\":\"ImageObject\",\"inLanguage\":\"de\",\"@id\":\"https:\/\/www.bullhorn.com\/de\/#\/schema\/logo\/image\/\",\"url\":\"https:\/\/www.bullhorn.com\/de\/wp-content\/uploads\/sites\/7\/2021\/09\/og-img.png\",\"contentUrl\":\"https:\/\/www.bullhorn.com\/de\/wp-content\/uploads\/sites\/7\/2021\/09\/og-img.png\",\"width\":1200,\"height\":628,\"caption\":\"Bullhorn\"},\"image\":{\"@id\":\"https:\/\/www.bullhorn.com\/de\/#\/schema\/logo\/image\/\"},\"sameAs\":[\"https:\/\/www.facebook.com\/Bullhorn\/\",\"https:\/\/x.com\/Bullhorn\",\"https:\/\/www.instagram.com\/lifeatbullhorn\/?hl=de\",\"https:\/\/www.linkedin.com\/company\/bullhorn\",\"https:\/\/www.youtube.com\/channel\/UC-Rgm5YxtoxsvlCHy6KW3Ug\",\"https:\/\/en.wikipedia.org\/wiki\/Bullhorn,_Inc.\"]}]}<\/script>\n<!-- \/ Yoast SEO plugin. -->","yoast_head_json":{"title":"Bewerbermanagement-Software f\u00fcr gro\u00dfe Unternehmen | Bullhorn DE","description":"Gro\u00dfe Unternehmen finden die passende Software f\u00fcr das Bewerbermanagement bei Bullhorn. Jetzt \u00fcber alle Vorteile und Leistungen informieren.","robots":{"index":"index","follow":"follow","max-snippet":"max-snippet:-1","max-image-preview":"max-image-preview:large","max-video-preview":"max-video-preview:-1"},"canonical":"https:\/\/www.bullhorn.com\/de\/enterprise\/","og_locale":"de_DE","og_type":"article","og_title":"Bewerbermanagement-Software f\u00fcr gro\u00dfe Unternehmen | Bullhorn DE","og_description":"Gro\u00dfe Unternehmen finden die passende Software f\u00fcr das Bewerbermanagement bei Bullhorn. Jetzt \u00fcber alle Vorteile und Leistungen informieren.","og_url":"https:\/\/www.bullhorn.com\/de\/enterprise\/","og_site_name":"Bullhorn DE","article_publisher":"https:\/\/www.facebook.com\/Bullhorn\/","article_modified_time":"2023-08-10T12:36:36+00:00","twitter_card":"summary_large_image","twitter_site":"@Bullhorn","schema":{"@context":"https:\/\/schema.org","@graph":[{"@type":"WebPage","@id":"https:\/\/www.bullhorn.com\/de\/enterprise\/","url":"https:\/\/www.bullhorn.com\/de\/enterprise\/","name":"Bewerbermanagement-Software f\u00fcr gro\u00dfe Unternehmen | Bullhorn DE","isPartOf":{"@id":"https:\/\/www.bullhorn.com\/de\/#website"},"datePublished":"2021-07-19T17:16:40+00:00","dateModified":"2023-08-10T12:36:36+00:00","description":"Gro\u00dfe Unternehmen finden die passende Software f\u00fcr das Bewerbermanagement bei Bullhorn. Jetzt \u00fcber alle Vorteile und Leistungen informieren.","breadcrumb":{"@id":"https:\/\/www.bullhorn.com\/de\/enterprise\/#breadcrumb"},"inLanguage":"de","potentialAction":[{"@type":"ReadAction","target":["https:\/\/www.bullhorn.com\/de\/enterprise\/"]}]},{"@type":"BreadcrumbList","@id":"https:\/\/www.bullhorn.com\/de\/enterprise\/#breadcrumb","itemListElement":[{"@type":"ListItem","position":1,"name":"Home","item":"https:\/\/www.bullhorn.com\/de\/"},{"@type":"ListItem","position":2,"name":"Enterprise"}]},{"@type":"WebSite","@id":"https:\/\/www.bullhorn.com\/de\/#website","url":"https:\/\/www.bullhorn.com\/de\/","name":"Bullhorn DE","description":"Just another Bullhorn Sites site","publisher":{"@id":"https:\/\/www.bullhorn.com\/de\/#organization"},"potentialAction":[{"@type":"SearchAction","target":{"@type":"EntryPoint","urlTemplate":"https:\/\/www.bullhorn.com\/de\/?s={search_term_string}"},"query-input":{"@type":"PropertyValueSpecification","valueRequired":true,"valueName":"search_term_string"}}],"inLanguage":"de"},{"@type":"Organization","@id":"https:\/\/www.bullhorn.com\/de\/#organization","name":"Bullhorn","url":"https:\/\/www.bullhorn.com\/de\/","logo":{"@type":"ImageObject","inLanguage":"de","@id":"https:\/\/www.bullhorn.com\/de\/#\/schema\/logo\/image\/","url":"https:\/\/www.bullhorn.com\/de\/wp-content\/uploads\/sites\/7\/2021\/09\/og-img.png","contentUrl":"https:\/\/www.bullhorn.com\/de\/wp-content\/uploads\/sites\/7\/2021\/09\/og-img.png","width":1200,"height":628,"caption":"Bullhorn"},"image":{"@id":"https:\/\/www.bullhorn.com\/de\/#\/schema\/logo\/image\/"},"sameAs":["https:\/\/www.facebook.com\/Bullhorn\/","https:\/\/x.com\/Bullhorn","https:\/\/www.instagram.com\/lifeatbullhorn\/?hl=de","https:\/\/www.linkedin.com\/company\/bullhorn","https:\/\/www.youtube.com\/channel\/UC-Rgm5YxtoxsvlCHy6KW3Ug","https:\/\/en.wikipedia.org\/wiki\/Bullhorn,_Inc."]}]}},"grav_blocks":[{"acf_fc_layout":"card-grid","block_title":"","block_aria":"","block_subtitle":"","background_shape":"","background_shape_position":"left","parallax_fx":false,"title_position":"top","cards_bg_color":"","cards_border":false,"cards_per_row":"4","cards":[{"icon":"icons\/crane","icon_color":"blue-light","line_title_with_icon":false,"inline_title":"","content":"<h4>Plattform<\/h4>\n<p>Unternehmen ben\u00f6tigen skalierbare Plattformen, die sie beim Erreichen ihrer Ziele, bei t\u00e4glichen Arbeitsprozessen sowie beim Wachstum unterst\u00fctzen. Ganz gleich ob Ihre L\u00f6sung auf Bullhorn oder Salesforce basiert, unsere Technologie wird Sie beim Erreichen Ihrer Ziele heute und auch morgen effektiv unterst\u00fctzen.<\/p>\n"},{"icon":"icons\/support","icon_color":"blue-light","line_title_with_icon":false,"inline_title":"","content":"<h4>Partner<\/h4>\n<p>Bullhorn versteht sich als Partner f\u00fcr Unternehmen, nicht einfach nur als Softwareanbieter. Die prim\u00e4re Aufgabe unseres Teams ist es, f\u00fcr Ihren Erfolg zu sorgen. Wir setzen all unsere Erfahrung und unsere Expertise ein, um die Herausforderungen in Ihrem Unternehmen zu l\u00f6sen und Ihre individuellen Gesch\u00e4ftsprozesse nachhaltig zu unterst\u00fctzen.<\/p>\n"},{"icon":"icons\/lightbulb","icon_color":"blue-light","line_title_with_icon":false,"inline_title":"","content":"<h4>Innovation<\/h4>\n<p>Jedes Jahr investiert Bullhorn mehr als 30 Millionen Euro in Forschung und Entwicklung, um Ihnen Tools auf dem aktuellesten Stand der Technik zu bieten. Unsere Cloud-basierte Plattform l\u00e4sst sich mit allen Internetbrowsern, mobil oder mit dem Desktop nutzen und bietet Ihnen so maximale Flexibilit\u00e4t und Nutzerfreundlichkeit.<\/p>\n"}],"block_background":"block-bg-none","block_background_video_type":"url","block_background_video_url":"","block_background_video_file":false,"block_background_image":false,"block_background_overlay":false,"unique_id":"","block_option_custom_class":"","block_animate":true,"block_option_padding":[],"block_option_hide":[],"bg_lower_slant_color":""},{"acf_fc_layout":"content-icon-box","icon":"content-icon-box\/CE_Shape_2","icon_color":"blue-light","icon_alignment":"right","background_shape":"","parallax_fx":true,"title":"Ein System mit einer zentralen Datenquelle","block_aria":"","content":"<p>Cloud-Computing bedeutet, dass jedes Teammitglied in Ihrem Unternehmen jederzeit von \u00fcberall auf dieselben Daten zugreifen kann. Bullhorn kann dabei jeden Bereich Ihres Unternehmens abbilden und bietet Ihnen passende L\u00f6sungen f\u00fcr alle wichtigen Prozesse von der Bewerbersuche \u00fcber die Vermittlung bis hin zum Reporting. Alles, was Sie daf\u00fcr ben\u00f6tigen, ist nur eine Plattform.<\/p>\n","links_title":"","links":false,"block_background":"block-bg-none","block_background_video_type":"url","block_background_video_url":"","block_background_video_file":false,"block_background_image":false,"block_background_overlay":false,"unique_id":"Plattform","block_option_custom_class":"","block_animate":true,"block_option_padding":[],"block_option_hide":[],"bg_lower_slant_color":""},{"acf_fc_layout":"content-icon-box","icon":"content-icon-box\/DBB_Shape_3","icon_color":"blue-dark","icon_alignment":"left","background_shape":"","parallax_fx":true,"title":"Sie haben die Wahl","block_aria":"","content":"<p>Wir m\u00f6chten, dass unsere Kunden die Plattform w\u00e4hlen k\u00f6nnen, die am besten zu ihrem Bedarf passt. Deshalb entwickeln wir unsere Produkte f\u00fcr gleich drei Plattformen, Bullhorn, Invenias und Salesforce. Diese k\u00f6nnen sich mit Ihrem Unternehmen weiterentwickeln und wachsen.<\/p>\n","links_title":"","links":false,"block_background":"block-bg-none","block_background_video_type":"url","block_background_video_url":"","block_background_video_file":false,"block_background_image":false,"block_background_overlay":false,"unique_id":"personalisierung","block_option_custom_class":"","block_animate":true,"block_option_padding":[],"block_option_hide":[],"bg_lower_slant_color":""},{"acf_fc_layout":"content-icon-box","icon":"content-icon-box\/CE_Shape_1","icon_color":"green","icon_alignment":"right","background_shape":"","parallax_fx":true,"title":"Setzen Sie auf Automatisierung","block_aria":"","content":"<p>Mit Bullhorn setzen Sie auf eine Automatisierungsl\u00f6sung, die speziell f\u00fcr den Bedarf von Personaldienstleistern entwickelt wurde. Dank Automatisierung haben Sie mehr Zeit f\u00fcr die Pflege Ihrer Beziehungen zu Kunden und Bewerbern. Auf diese Weise l\u00e4sst sich Ihre Produktivit\u00e4t deutlich steigern und die Datenqualit\u00e4t verbessern. Und gleichzeitig sorgen Sie f\u00fcr noch zufriedenere Kunden und Bewerber.<\/p>\n","links_title":"","links":false,"block_background":"block-bg-none","block_background_video_type":"url","block_background_video_url":"","block_background_video_file":false,"block_background_image":false,"block_background_overlay":false,"unique_id":"automatisierung","block_option_custom_class":"","block_animate":true,"block_option_padding":[],"block_option_hide":[],"bg_lower_slant_color":""},{"acf_fc_layout":"cta","mid_page_format":true,"condensed_format":false,"text":"Sind Sie startklar?","subtext":"","block_aria":"","image":false,"enable_bg_shape":true,"image_shape":"","action_type":"button","link_settings":{"link_type":"url","link_text":"Jetzt Live-Demo anfordern","link_page":null,"link_url":"#show-demo-modal","link_style":"button--orange","link_aria":""},"email_placeholder_text":"Enter Your Email Address","block_background":"bg-blue","block_background_video_type":"url","block_background_video_url":"","block_background_video_file":false,"block_background_image":false,"block_background_overlay":false,"unique_id":"","block_option_custom_class":"","block_animate":true,"block_option_padding":[],"block_option_hide":[],"bg_lower_slant_color":""},{"acf_fc_layout":"testimonials","background_shape":"shapes\/cloud","background_shape_position":"left","parallax_fx":true,"transition_speed":"10","enable_autoplay":false,"autoplay_speed":3000,"testimonials":[71134],"block_background":"block-bg-none","block_background_video_type":"url","block_background_video_url":"","block_background_video_file":false,"block_background_image":false,"block_background_overlay":false,"unique_id":"","block_option_custom_class":"","block_option_padding":[],"block_option_hide":[]},{"acf_fc_layout":"related-resources","title":"Weiterf\u00fchrende Informationen","enable_archive_link":true,"archive_link_text":"Alle Ressourcen","post_type":"resource","post_type_resource_fields":{"relationship_source":"custom","note_automatic_relationship":null,"custom_tax":false,"custom_resources":[70719,70322,71706,7002,6966],"fill_remaining_resources":true},"post_type_blog_fields":{"relationship_source":false,"note_automatic_relationship":null,"custom_tag":false,"custom_category":false,"custom_resources":null,"fill_remaining_posts":true},"block_background":"block-bg-none","block_background_video_type":"url","block_background_video_url":"","block_background_video_file":false,"block_background_image":false,"block_background_overlay":false,"unique_id":"","block_option_custom_class":"","block_option_padding":[],"block_option_hide":[]},{"acf_fc_layout":"cta","mid_page_format":false,"condensed_format":false,"text":"Sind Sie startbereit?","subtext":"","block_aria":"","image":{"ID":71042,"id":71042,"title":"G_Footer_V1","filename":"G_Footer_V1.png","filesize":53408,"url":"https:\/\/www.bullhorn.com\/de\/wp-content\/uploads\/sites\/7\/2021\/07\/G_Footer_V1.png","link":"https:\/\/www.bullhorn.com\/de\/technischer-support\/g_footer_v1\/","alt":"","author":"403","description":"","caption":"","name":"g_footer_v1","status":"inherit","uploaded_to":71041,"date":"2021-07-16 16:13:55","modified":"2021-07-16 16:13:55","menu_order":0,"mime_type":"image\/png","type":"image","subtype":"png","icon":"https:\/\/www.bullhorn.com\/de\/wp-includes\/images\/media\/default.png","width":600,"height":560,"sizes":{"thumbnail":"https:\/\/www.bullhorn.com\/de\/wp-content\/uploads\/sites\/7\/2021\/07\/G_Footer_V1-150x150.png","thumbnail-width":150,"thumbnail-height":150,"medium":"https:\/\/www.bullhorn.com\/de\/wp-content\/uploads\/sites\/7\/2021\/07\/G_Footer_V1-300x280.png","medium-width":300,"medium-height":280,"medium_large":"https:\/\/www.bullhorn.com\/de\/wp-content\/uploads\/sites\/7\/2021\/07\/G_Footer_V1.png","medium_large-width":600,"medium_large-height":560,"large":"https:\/\/www.bullhorn.com\/de\/wp-content\/uploads\/sites\/7\/2021\/07\/G_Footer_V1.png","large-width":600,"large-height":560,"1536x1536":"https:\/\/www.bullhorn.com\/de\/wp-content\/uploads\/sites\/7\/2021\/07\/G_Footer_V1.png","1536x1536-width":600,"1536x1536-height":560,"2048x2048":"https:\/\/www.bullhorn.com\/de\/wp-content\/uploads\/sites\/7\/2021\/07\/G_Footer_V1.png","2048x2048-width":600,"2048x2048-height":560,"post-thumbnail":"https:\/\/www.bullhorn.com\/de\/wp-content\/uploads\/sites\/7\/2021\/07\/G_Footer_V1-300x300.png","post-thumbnail-width":300,"post-thumbnail-height":300,"small":"https:\/\/www.bullhorn.com\/de\/wp-content\/uploads\/sites\/7\/2021\/07\/G_Footer_V1-300x280.png","small-width":300,"small-height":280,"xlarge":"https:\/\/www.bullhorn.com\/de\/wp-content\/uploads\/sites\/7\/2021\/07\/G_Footer_V1.png","xlarge-width":600,"xlarge-height":560,"insight-of-the-week":"https:\/\/www.bullhorn.com\/de\/wp-content\/uploads\/sites\/7\/2021\/07\/G_Footer_V1.png","insight-of-the-week-width":404,"insight-of-the-week-height":377,"insight-icons":"https:\/\/www.bullhorn.com\/de\/wp-content\/uploads\/sites\/7\/2021\/07\/G_Footer_V1.png","insight-icons-width":83,"insight-icons-height":77,"insight-research-image":"https:\/\/www.bullhorn.com\/de\/wp-content\/uploads\/sites\/7\/2021\/07\/G_Footer_V1.png","insight-research-image-width":236,"insight-research-image-height":220,"insight-featured-articles-thumbnail":"https:\/\/www.bullhorn.com\/de\/wp-content\/uploads\/sites\/7\/2021\/07\/G_Footer_V1.png","insight-featured-articles-thumbnail-width":176,"insight-featured-articles-thumbnail-height":164,"insight-logo":"https:\/\/www.bullhorn.com\/de\/wp-content\/uploads\/sites\/7\/2021\/07\/G_Footer_V1.png","insight-logo-width":191,"insight-logo-height":178}},"enable_bg_shape":false,"image_shape":"","action_type":"button","link_settings":{"link_type":"url","link_text":"Jetzt Live-Demo anfordern","link_page":null,"link_url":"#show-demo-modal","link_style":"button--orange","link_aria":""},"email_placeholder_text":"Enter Your Email Address","block_background":"bg-blue","block_background_video_type":"url","block_background_video_url":"","block_background_video_file":false,"block_background_image":false,"block_background_overlay":false,"unique_id":"","block_option_custom_class":"","block_animate":true,"block_option_padding":[],"block_option_hide":[],"bg_lower_slant_color":""}],"_links":{"self":[{"href":"https:\/\/www.bullhorn.com\/de\/wp-json\/wp\/v2\/pages\/71132","targetHints":{"allow":["GET"]}}],"collection":[{"href":"https:\/\/www.bullhorn.com\/de\/wp-json\/wp\/v2\/pages"}],"about":[{"href":"https:\/\/www.bullhorn.com\/de\/wp-json\/wp\/v2\/types\/page"}],"author":[{"embeddable":true,"href":"https:\/\/www.bullhorn.com\/de\/wp-json\/wp\/v2\/users\/302"}],"replies":[{"embeddable":true,"href":"https:\/\/www.bullhorn.com\/de\/wp-json\/wp\/v2\/comments?post=71132"}],"version-history":[{"count":5,"href":"https:\/\/www.bullhorn.com\/de\/wp-json\/wp\/v2\/pages\/71132\/revisions"}],"predecessor-version":[{"id":73490,"href":"https:\/\/www.bullhorn.com\/de\/wp-json\/wp\/v2\/pages\/71132\/revisions\/73490"}],"wp:attachment":[{"href":"https:\/\/www.bullhorn.com\/de\/wp-json\/wp\/v2\/media?parent=71132"}],"curies":[{"name":"wp","href":"https:\/\/api.w.org\/{rel}","templated":true}]}}