{"id":71139,"date":"2021-07-19T17:54:24","date_gmt":"2021-07-19T17:54:24","guid":{"rendered":"https:\/\/www.bullhorn.com\/de\/?page_id=71139"},"modified":"2021-11-30T13:29:09","modified_gmt":"2021-11-30T13:29:09","slug":"recruiting-zyklus-automatisieren","status":"publish","type":"page","link":"https:\/\/www.bullhorn.com\/de\/recruiting-zyklus-automatisieren\/","title":{"rendered":"Automatisieren Sie Ihren Recruiting-Lifecycle"},"content":{"rendered":"","protected":false},"excerpt":{"rendered":"","protected":false},"author":302,"featured_media":0,"parent":0,"menu_order":0,"comment_status":"closed","ping_status":"closed","template":"","meta":{"_acf_changed":false,"om_disable_all_campaigns":false},"class_list":["post-71139","page","type-page","status-publish","hentry"],"acf":[],"yoast_head":"<!-- This site is optimized with the Yoast SEO plugin v27.2 - https:\/\/yoast.com\/product\/yoast-seo-wordpress\/ -->\n<title>Recruiting automatisieren I Bullhorn DE<\/title>\n<meta name=\"description\" content=\"Automatisieren Sie Ihren Recruiting-Zyklus und schaffen Sie so mehr Zeit f\u00fcr das Wesentliche - die Betreuung Ihrer Kunden- und Kandidaten!\" \/>\n<meta name=\"robots\" content=\"index, follow, max-snippet:-1, max-image-preview:large, max-video-preview:-1\" \/>\n<link rel=\"canonical\" href=\"https:\/\/www.bullhorn.com\/de\/recruiting-zyklus-automatisieren\/\" \/>\n<meta property=\"og:locale\" content=\"de_DE\" \/>\n<meta property=\"og:type\" content=\"article\" \/>\n<meta property=\"og:title\" content=\"Recruiting automatisieren I Bullhorn DE\" \/>\n<meta property=\"og:description\" content=\"Automatisieren Sie Ihren Recruiting-Zyklus und schaffen Sie so mehr Zeit f\u00fcr das Wesentliche - die Betreuung Ihrer Kunden- und Kandidaten!\" \/>\n<meta property=\"og:url\" content=\"https:\/\/www.bullhorn.com\/de\/recruiting-zyklus-automatisieren\/\" \/>\n<meta property=\"og:site_name\" content=\"Bullhorn DE\" \/>\n<meta property=\"article:publisher\" content=\"https:\/\/www.facebook.com\/Bullhorn\/\" \/>\n<meta property=\"article:modified_time\" content=\"2021-11-30T13:29:09+00:00\" \/>\n<meta name=\"twitter:card\" content=\"summary_large_image\" \/>\n<meta name=\"twitter:site\" content=\"@Bullhorn\" \/>\n<script type=\"application\/ld+json\" class=\"yoast-schema-graph\">{\"@context\":\"https:\/\/schema.org\",\"@graph\":[{\"@type\":\"WebPage\",\"@id\":\"https:\/\/www.bullhorn.com\/de\/recruiting-zyklus-automatisieren\/\",\"url\":\"https:\/\/www.bullhorn.com\/de\/recruiting-zyklus-automatisieren\/\",\"name\":\"Recruiting automatisieren I Bullhorn DE\",\"isPartOf\":{\"@id\":\"https:\/\/www.bullhorn.com\/de\/#website\"},\"datePublished\":\"2021-07-19T17:54:24+00:00\",\"dateModified\":\"2021-11-30T13:29:09+00:00\",\"description\":\"Automatisieren Sie Ihren Recruiting-Zyklus und schaffen Sie so mehr Zeit f\u00fcr das Wesentliche - die Betreuung Ihrer Kunden- und Kandidaten!\",\"breadcrumb\":{\"@id\":\"https:\/\/www.bullhorn.com\/de\/recruiting-zyklus-automatisieren\/#breadcrumb\"},\"inLanguage\":\"de\",\"potentialAction\":[{\"@type\":\"ReadAction\",\"target\":[\"https:\/\/www.bullhorn.com\/de\/recruiting-zyklus-automatisieren\/\"]}]},{\"@type\":\"BreadcrumbList\",\"@id\":\"https:\/\/www.bullhorn.com\/de\/recruiting-zyklus-automatisieren\/#breadcrumb\",\"itemListElement\":[{\"@type\":\"ListItem\",\"position\":1,\"name\":\"Home\",\"item\":\"https:\/\/www.bullhorn.com\/de\/\"},{\"@type\":\"ListItem\",\"position\":2,\"name\":\"Automatisieren Sie Ihren Recruiting-Lifecycle\"}]},{\"@type\":\"WebSite\",\"@id\":\"https:\/\/www.bullhorn.com\/de\/#website\",\"url\":\"https:\/\/www.bullhorn.com\/de\/\",\"name\":\"Bullhorn DE\",\"description\":\"Just another Bullhorn Sites site\",\"publisher\":{\"@id\":\"https:\/\/www.bullhorn.com\/de\/#organization\"},\"potentialAction\":[{\"@type\":\"SearchAction\",\"target\":{\"@type\":\"EntryPoint\",\"urlTemplate\":\"https:\/\/www.bullhorn.com\/de\/?s={search_term_string}\"},\"query-input\":{\"@type\":\"PropertyValueSpecification\",\"valueRequired\":true,\"valueName\":\"search_term_string\"}}],\"inLanguage\":\"de\"},{\"@type\":\"Organization\",\"@id\":\"https:\/\/www.bullhorn.com\/de\/#organization\",\"name\":\"Bullhorn\",\"url\":\"https:\/\/www.bullhorn.com\/de\/\",\"logo\":{\"@type\":\"ImageObject\",\"inLanguage\":\"de\",\"@id\":\"https:\/\/www.bullhorn.com\/de\/#\/schema\/logo\/image\/\",\"url\":\"https:\/\/www.bullhorn.com\/de\/wp-content\/uploads\/sites\/7\/2021\/09\/og-img.png\",\"contentUrl\":\"https:\/\/www.bullhorn.com\/de\/wp-content\/uploads\/sites\/7\/2021\/09\/og-img.png\",\"width\":1200,\"height\":628,\"caption\":\"Bullhorn\"},\"image\":{\"@id\":\"https:\/\/www.bullhorn.com\/de\/#\/schema\/logo\/image\/\"},\"sameAs\":[\"https:\/\/www.facebook.com\/Bullhorn\/\",\"https:\/\/x.com\/Bullhorn\",\"https:\/\/www.instagram.com\/lifeatbullhorn\/?hl=de\",\"https:\/\/www.linkedin.com\/company\/bullhorn\",\"https:\/\/www.youtube.com\/channel\/UC-Rgm5YxtoxsvlCHy6KW3Ug\",\"https:\/\/en.wikipedia.org\/wiki\/Bullhorn,_Inc.\"]}]}<\/script>\n<!-- \/ Yoast SEO plugin. -->","yoast_head_json":{"title":"Recruiting automatisieren I Bullhorn DE","description":"Automatisieren Sie Ihren Recruiting-Zyklus und schaffen Sie so mehr Zeit f\u00fcr das Wesentliche - die Betreuung Ihrer Kunden- und Kandidaten!","robots":{"index":"index","follow":"follow","max-snippet":"max-snippet:-1","max-image-preview":"max-image-preview:large","max-video-preview":"max-video-preview:-1"},"canonical":"https:\/\/www.bullhorn.com\/de\/recruiting-zyklus-automatisieren\/","og_locale":"de_DE","og_type":"article","og_title":"Recruiting automatisieren I Bullhorn DE","og_description":"Automatisieren Sie Ihren Recruiting-Zyklus und schaffen Sie so mehr Zeit f\u00fcr das Wesentliche - die Betreuung Ihrer Kunden- und Kandidaten!","og_url":"https:\/\/www.bullhorn.com\/de\/recruiting-zyklus-automatisieren\/","og_site_name":"Bullhorn DE","article_publisher":"https:\/\/www.facebook.com\/Bullhorn\/","article_modified_time":"2021-11-30T13:29:09+00:00","twitter_card":"summary_large_image","twitter_site":"@Bullhorn","schema":{"@context":"https:\/\/schema.org","@graph":[{"@type":"WebPage","@id":"https:\/\/www.bullhorn.com\/de\/recruiting-zyklus-automatisieren\/","url":"https:\/\/www.bullhorn.com\/de\/recruiting-zyklus-automatisieren\/","name":"Recruiting automatisieren I Bullhorn DE","isPartOf":{"@id":"https:\/\/www.bullhorn.com\/de\/#website"},"datePublished":"2021-07-19T17:54:24+00:00","dateModified":"2021-11-30T13:29:09+00:00","description":"Automatisieren Sie Ihren Recruiting-Zyklus und schaffen Sie so mehr Zeit f\u00fcr das Wesentliche - die Betreuung Ihrer Kunden- und Kandidaten!","breadcrumb":{"@id":"https:\/\/www.bullhorn.com\/de\/recruiting-zyklus-automatisieren\/#breadcrumb"},"inLanguage":"de","potentialAction":[{"@type":"ReadAction","target":["https:\/\/www.bullhorn.com\/de\/recruiting-zyklus-automatisieren\/"]}]},{"@type":"BreadcrumbList","@id":"https:\/\/www.bullhorn.com\/de\/recruiting-zyklus-automatisieren\/#breadcrumb","itemListElement":[{"@type":"ListItem","position":1,"name":"Home","item":"https:\/\/www.bullhorn.com\/de\/"},{"@type":"ListItem","position":2,"name":"Automatisieren Sie Ihren Recruiting-Lifecycle"}]},{"@type":"WebSite","@id":"https:\/\/www.bullhorn.com\/de\/#website","url":"https:\/\/www.bullhorn.com\/de\/","name":"Bullhorn DE","description":"Just another Bullhorn Sites site","publisher":{"@id":"https:\/\/www.bullhorn.com\/de\/#organization"},"potentialAction":[{"@type":"SearchAction","target":{"@type":"EntryPoint","urlTemplate":"https:\/\/www.bullhorn.com\/de\/?s={search_term_string}"},"query-input":{"@type":"PropertyValueSpecification","valueRequired":true,"valueName":"search_term_string"}}],"inLanguage":"de"},{"@type":"Organization","@id":"https:\/\/www.bullhorn.com\/de\/#organization","name":"Bullhorn","url":"https:\/\/www.bullhorn.com\/de\/","logo":{"@type":"ImageObject","inLanguage":"de","@id":"https:\/\/www.bullhorn.com\/de\/#\/schema\/logo\/image\/","url":"https:\/\/www.bullhorn.com\/de\/wp-content\/uploads\/sites\/7\/2021\/09\/og-img.png","contentUrl":"https:\/\/www.bullhorn.com\/de\/wp-content\/uploads\/sites\/7\/2021\/09\/og-img.png","width":1200,"height":628,"caption":"Bullhorn"},"image":{"@id":"https:\/\/www.bullhorn.com\/de\/#\/schema\/logo\/image\/"},"sameAs":["https:\/\/www.facebook.com\/Bullhorn\/","https:\/\/x.com\/Bullhorn","https:\/\/www.instagram.com\/lifeatbullhorn\/?hl=de","https:\/\/www.linkedin.com\/company\/bullhorn","https:\/\/www.youtube.com\/channel\/UC-Rgm5YxtoxsvlCHy6KW3Ug","https:\/\/en.wikipedia.org\/wiki\/Bullhorn,_Inc."]}]}},"grav_blocks":[{"acf_fc_layout":"columns","block_title":"","block_aria":"","block_subtitle":"","format":"","enable_box_shadow":true,"columns":[{"type":"wysiwyg","wysiwyg":"<h3>Die Herausforderung<\/h3>\n<p>Zeit ist Ihre wertvollste Ressource. Doch in der Praxis erfordern manuell durchgef\u00fchrte Aufgaben wie E-Mails schreiben, die Datenbankpflege oder das Tracking von Kommunikationskan\u00e4len viel Zeit. Wie lassen sich zeitraubende Aufgaben bei gleichzeitigem Unternehmenswachstum verringern?<\/p>\n","accordion_open_first_section":false,"accordion_multiple_open_sections":false,"accordion_items":false,"icon_list_items":false},{"type":"wysiwyg","wysiwyg":"<h3>Unsere L\u00f6sung<\/h3>\n<p>Die Automatisierung Ihres Recruiting-Prozesses erm\u00f6glicht es Ihnen, sich wiederholende Arbeitsschritte, Prozesse sowie die Kommunikation zu rationalisieren. Auf diese Weise steigern Sie Ums\u00e4tze und Gewinn w\u00e4hrend des gesamten Recruiting-Zyklus.<\/p>\n","accordion_open_first_section":false,"accordion_multiple_open_sections":false,"accordion_items":false,"icon_list_items":false}],"block_background":"bg-blue","block_background_video_type":"url","block_background_video_url":"","block_background_video_file":false,"block_background_image":false,"block_background_overlay":false,"unique_id":"","block_option_custom_class":"","block_animate":true,"block_option_padding":[],"block_option_hide":[],"bg_lower_slant_color":"white"},{"acf_fc_layout":"card-grid","block_title":"","block_aria":"","block_subtitle":"","background_shape":"","background_shape_position":"left","parallax_fx":false,"title_position":"top","cards_bg_color":"","cards_border":false,"cards_per_row":"4","cards":[{"icon":"icons\/checklist","icon_color":"green","line_title_with_icon":false,"inline_title":"","content":"<h3>Produktivit\u00e4t<\/h3>\n<p>Automatisieren Sie oft vergessene Aufgaben und stellen Sie sicher, dass die richtigen Prozesse zur richtigen Zeit ablaufen. So kann Ihr Team mehr Zeit f\u00fcr die Aufgaben aufwenden, die am meisten zum Umsatz beitragen.<\/p>\n"},{"icon":"icons\/table","icon_color":"green","line_title_with_icon":false,"inline_title":"","content":"<h3>Datenqualit\u00e4t<\/h3>\n<p>Finden Sie falsche oder unvollst\u00e4ndige Datens\u00e4tze und automatisieren verschiedene Prozesse zur Datenbankpflege.<\/p>\n"},{"icon":"icons\/email","icon_color":"green","line_title_with_icon":false,"inline_title":"","content":"<h3>Kommunikation<\/h3>\n<p>Kommunizieren Sie effektiv mit Bewerbern und Kunden w\u00e4hrend des gesamten Recruiting-Prozesses.<\/p>\n"}],"block_background":"block-bg-none","block_background_video_type":"url","block_background_video_url":"","block_background_video_file":false,"block_background_image":false,"block_background_overlay":false,"unique_id":"","block_option_custom_class":"","block_animate":true,"block_option_padding":[],"block_option_hide":[],"bg_lower_slant_color":""},{"acf_fc_layout":"content-icon-box","icon":"content-icon-box\/ARL_Shape_1","icon_color":"green","icon_alignment":"right","background_shape":"","parallax_fx":false,"title":"Nutzen Sie Ihre Datenbank","block_aria":"","content":"<p>Verbessern Sie die Datenqualit\u00e4t und erleichtern Sie sich die Arbeit mit Ihrem Talent-Pool, indem Sie einfache Aufgaben bei der Datenbankpflege wie das Kopieren, Aufr\u00e4umen oder das Einstellen von Feldwerten automatisieren.<\/p>\n","links_title":"","links":false,"block_background":"block-bg-none","block_background_video_type":"url","block_background_video_url":"","block_background_video_file":false,"block_background_image":false,"block_background_overlay":false,"unique_id":"","block_option_custom_class":"","block_animate":true,"block_option_padding":[],"block_option_hide":[],"bg_lower_slant_color":""},{"acf_fc_layout":"content-icon-box","icon":"content-icon-box\/ARL_Shape_2","icon_color":"green","icon_alignment":"left","background_shape":"","parallax_fx":false,"title":"Vermitteln Sie Bewerber schneller","block_aria":"","content":"<p>Vergessen Sie Copy und Paste. Mit unserem automatisierten VMS k\u00f6nnen Sie Ihre Bewerber schneller als Ihre Mitbewerber aktivieren und vermitteln. Stellenanforderungen werden aus \u00fcber 60 Vendor Management Systemen automatisch in unser ATS importiert. Somit k\u00f6nnen Recruiter Bewerber direkt aus der Bullhorn-Anwendung f\u00fcr eine Stelle vorschlagen.<\/p>\n","links_title":"","links":false,"block_background":"block-bg-none","block_background_video_type":"url","block_background_video_url":"","block_background_video_file":false,"block_background_image":false,"block_background_overlay":false,"unique_id":"","block_option_custom_class":"","block_animate":true,"block_option_padding":[],"block_option_hide":[],"bg_lower_slant_color":""},{"acf_fc_layout":"content-icon-box","icon":"content-icon-box\/ARL_Shape_3","icon_color":"green","icon_alignment":"right","background_shape":"","parallax_fx":false,"title":"Rationalisieren Sie Interview- und Einstellungsprozesse","block_aria":"","content":"<p>Sorgen Sie f\u00fcr mehr Interaktion im gesamten Recruiting-Workflow mit Bewerbern oder Kunden. Ein Beispiel: Automatisieren Sie Erinnerungen f\u00fcr bevorstehende Interviews, um sicherzustellen, dass Ihr Kandidat vorbereitet ist. Bitten Sie anschlie\u00dfend Ihre Kunden automatisiert um Feedback.<\/p>\n","links_title":"","links":false,"block_background":"block-bg-none","block_background_video_type":"url","block_background_video_url":"","block_background_video_file":false,"block_background_image":false,"block_background_overlay":false,"unique_id":"","block_option_custom_class":"","block_animate":true,"block_option_padding":[],"block_option_hide":[],"bg_lower_slant_color":""},{"acf_fc_layout":"global-block","block_group":71141},{"acf_fc_layout":"testimonials","background_shape":"shapes\/heart","background_shape_position":"left","parallax_fx":true,"transition_speed":"10","enable_autoplay":false,"autoplay_speed":3000,"testimonials":[71142],"block_background":"block-bg-none","block_background_video_type":"url","block_background_video_url":"","block_background_video_file":false,"block_background_image":false,"block_background_overlay":false,"unique_id":"","block_option_custom_class":"","block_option_padding":[],"block_option_hide":[]},{"acf_fc_layout":"related-resources","title":"Weiterf\u00fchrende Informationen","enable_archive_link":true,"archive_link_text":"Alle Ressourcen","post_type":"resource","post_type_resource_fields":{"relationship_source":"custom","note_automatic_relationship":null,"custom_tax":false,"custom_resources":[70322,7002,6966,739,735],"fill_remaining_resources":true},"post_type_blog_fields":{"relationship_source":false,"note_automatic_relationship":null,"custom_tag":false,"custom_category":false,"custom_resources":null,"fill_remaining_posts":true},"block_background":"block-bg-none","block_background_video_type":"url","block_background_video_url":"","block_background_video_file":false,"block_background_image":false,"block_background_overlay":false,"unique_id":"","block_option_custom_class":"","block_option_padding":[],"block_option_hide":[]},{"acf_fc_layout":"cta","mid_page_format":false,"condensed_format":false,"text":"Sind Sie bereit?","subtext":"","block_aria":"","image":{"ID":71140,"id":71140,"title":"I_Footer_V1","filename":"I_Footer_V1.png","filesize":42830,"url":"https:\/\/www.bullhorn.com\/de\/wp-content\/uploads\/sites\/7\/2021\/07\/I_Footer_V1.png","link":"https:\/\/www.bullhorn.com\/de\/recruiting-zyklus-automatisieren\/i_footer_v1\/","alt":"","author":"302","description":"","caption":"","name":"i_footer_v1","status":"inherit","uploaded_to":71139,"date":"2021-07-19 17:19:39","modified":"2021-07-19 17:19:39","menu_order":0,"mime_type":"image\/png","type":"image","subtype":"png","icon":"https:\/\/www.bullhorn.com\/de\/wp-includes\/images\/media\/default.png","width":600,"height":560,"sizes":{"thumbnail":"https:\/\/www.bullhorn.com\/de\/wp-content\/uploads\/sites\/7\/2021\/07\/I_Footer_V1-150x150.png","thumbnail-width":150,"thumbnail-height":150,"medium":"https:\/\/www.bullhorn.com\/de\/wp-content\/uploads\/sites\/7\/2021\/07\/I_Footer_V1-300x280.png","medium-width":300,"medium-height":280,"medium_large":"https:\/\/www.bullhorn.com\/de\/wp-content\/uploads\/sites\/7\/2021\/07\/I_Footer_V1.png","medium_large-width":600,"medium_large-height":560,"large":"https:\/\/www.bullhorn.com\/de\/wp-content\/uploads\/sites\/7\/2021\/07\/I_Footer_V1.png","large-width":600,"large-height":560,"1536x1536":"https:\/\/www.bullhorn.com\/de\/wp-content\/uploads\/sites\/7\/2021\/07\/I_Footer_V1.png","1536x1536-width":600,"1536x1536-height":560,"2048x2048":"https:\/\/www.bullhorn.com\/de\/wp-content\/uploads\/sites\/7\/2021\/07\/I_Footer_V1.png","2048x2048-width":600,"2048x2048-height":560,"post-thumbnail":"https:\/\/www.bullhorn.com\/de\/wp-content\/uploads\/sites\/7\/2021\/07\/I_Footer_V1-300x300.png","post-thumbnail-width":300,"post-thumbnail-height":300,"small":"https:\/\/www.bullhorn.com\/de\/wp-content\/uploads\/sites\/7\/2021\/07\/I_Footer_V1-300x280.png","small-width":300,"small-height":280,"xlarge":"https:\/\/www.bullhorn.com\/de\/wp-content\/uploads\/sites\/7\/2021\/07\/I_Footer_V1.png","xlarge-width":600,"xlarge-height":560,"insight-of-the-week":"https:\/\/www.bullhorn.com\/de\/wp-content\/uploads\/sites\/7\/2021\/07\/I_Footer_V1.png","insight-of-the-week-width":404,"insight-of-the-week-height":377,"insight-icons":"https:\/\/www.bullhorn.com\/de\/wp-content\/uploads\/sites\/7\/2021\/07\/I_Footer_V1.png","insight-icons-width":83,"insight-icons-height":77,"insight-research-image":"https:\/\/www.bullhorn.com\/de\/wp-content\/uploads\/sites\/7\/2021\/07\/I_Footer_V1.png","insight-research-image-width":236,"insight-research-image-height":220,"insight-featured-articles-thumbnail":"https:\/\/www.bullhorn.com\/de\/wp-content\/uploads\/sites\/7\/2021\/07\/I_Footer_V1.png","insight-featured-articles-thumbnail-width":176,"insight-featured-articles-thumbnail-height":164,"insight-logo":"https:\/\/www.bullhorn.com\/de\/wp-content\/uploads\/sites\/7\/2021\/07\/I_Footer_V1.png","insight-logo-width":191,"insight-logo-height":178}},"enable_bg_shape":false,"image_shape":"","action_type":"button","link_settings":{"link_type":"url","link_text":"Jetzt Live-Demo anfordern","link_page":null,"link_url":"#show-demo-modal","link_style":"button--orange","link_aria":""},"email_placeholder_text":"Enter Your Email Address","block_background":"bg-blue","block_background_video_type":"url","block_background_video_url":"","block_background_video_file":false,"block_background_image":false,"block_background_overlay":false,"unique_id":"","block_option_custom_class":"","block_animate":true,"block_option_padding":[],"block_option_hide":[],"bg_lower_slant_color":""}],"_links":{"self":[{"href":"https:\/\/www.bullhorn.com\/de\/wp-json\/wp\/v2\/pages\/71139","targetHints":{"allow":["GET"]}}],"collection":[{"href":"https:\/\/www.bullhorn.com\/de\/wp-json\/wp\/v2\/pages"}],"about":[{"href":"https:\/\/www.bullhorn.com\/de\/wp-json\/wp\/v2\/types\/page"}],"author":[{"embeddable":true,"href":"https:\/\/www.bullhorn.com\/de\/wp-json\/wp\/v2\/users\/302"}],"replies":[{"embeddable":true,"href":"https:\/\/www.bullhorn.com\/de\/wp-json\/wp\/v2\/comments?post=71139"}],"version-history":[{"count":8,"href":"https:\/\/www.bullhorn.com\/de\/wp-json\/wp\/v2\/pages\/71139\/revisions"}],"predecessor-version":[{"id":72220,"href":"https:\/\/www.bullhorn.com\/de\/wp-json\/wp\/v2\/pages\/71139\/revisions\/72220"}],"wp:attachment":[{"href":"https:\/\/www.bullhorn.com\/de\/wp-json\/wp\/v2\/media?parent=71139"}],"curies":[{"name":"wp","href":"https:\/\/api.w.org\/{rel}","templated":true}]}}