{"id":71147,"date":"2021-07-19T18:07:38","date_gmt":"2021-07-19T18:07:38","guid":{"rendered":"https:\/\/www.bullhorn.com\/de\/?page_id=71147"},"modified":"2021-11-30T13:32:51","modified_gmt":"2021-11-30T13:32:51","slug":"top-talente-finden","status":"publish","type":"page","link":"https:\/\/www.bullhorn.com\/de\/top-talente-finden\/","title":{"rendered":"Top-Talente finden"},"content":{"rendered":"","protected":false},"excerpt":{"rendered":"","protected":false},"author":302,"featured_media":72189,"parent":0,"menu_order":0,"comment_status":"closed","ping_status":"closed","template":"","meta":{"_acf_changed":false,"om_disable_all_campaigns":false},"class_list":["post-71147","page","type-page","status-publish","has-post-thumbnail","hentry"],"acf":[],"yoast_head":"<!-- This site is optimized with the Yoast SEO plugin v27.2 - https:\/\/yoast.com\/product\/yoast-seo-wordpress\/ -->\n<title>Die besten Bewerber finden I Bullhorn DE<\/title>\n<meta name=\"description\" content=\"Sie wollen wie besten Bewerber f\u00fcr Ihre Kunden finden? Bullhorn liefert Ihnen die passenden Tools und Softwarel\u00f6sungen. Jetzt informieren.\" \/>\n<meta name=\"robots\" content=\"index, follow, max-snippet:-1, max-image-preview:large, max-video-preview:-1\" \/>\n<link rel=\"canonical\" href=\"https:\/\/www.bullhorn.com\/de\/top-talente-finden\/\" \/>\n<meta property=\"og:locale\" content=\"de_DE\" \/>\n<meta property=\"og:type\" content=\"article\" \/>\n<meta property=\"og:title\" content=\"Die besten Bewerber finden I Bullhorn DE\" \/>\n<meta property=\"og:description\" content=\"Sie wollen wie besten Bewerber f\u00fcr Ihre Kunden finden? Bullhorn liefert Ihnen die passenden Tools und Softwarel\u00f6sungen. Jetzt informieren.\" \/>\n<meta property=\"og:url\" content=\"https:\/\/www.bullhorn.com\/de\/top-talente-finden\/\" \/>\n<meta property=\"og:site_name\" content=\"Bullhorn DE\" \/>\n<meta property=\"article:publisher\" content=\"https:\/\/www.facebook.com\/Bullhorn\/\" \/>\n<meta property=\"article:modified_time\" content=\"2021-11-30T13:32:51+00:00\" \/>\n<meta property=\"og:image\" content=\"https:\/\/www.bullhorn.com\/de\/wp-content\/uploads\/sites\/7\/2021\/10\/Copy-of-shutterstock_664137217.jpg\" \/>\n\t<meta property=\"og:image:width\" content=\"1920\" \/>\n\t<meta property=\"og:image:height\" content=\"1080\" \/>\n\t<meta property=\"og:image:type\" content=\"image\/jpeg\" \/>\n<meta name=\"twitter:card\" content=\"summary_large_image\" \/>\n<meta name=\"twitter:site\" content=\"@Bullhorn\" \/>\n<script type=\"application\/ld+json\" class=\"yoast-schema-graph\">{\"@context\":\"https:\/\/schema.org\",\"@graph\":[{\"@type\":\"WebPage\",\"@id\":\"https:\/\/www.bullhorn.com\/de\/top-talente-finden\/\",\"url\":\"https:\/\/www.bullhorn.com\/de\/top-talente-finden\/\",\"name\":\"Die besten Bewerber finden I Bullhorn DE\",\"isPartOf\":{\"@id\":\"https:\/\/www.bullhorn.com\/de\/#website\"},\"primaryImageOfPage\":{\"@id\":\"https:\/\/www.bullhorn.com\/de\/top-talente-finden\/#primaryimage\"},\"image\":{\"@id\":\"https:\/\/www.bullhorn.com\/de\/top-talente-finden\/#primaryimage\"},\"thumbnailUrl\":\"https:\/\/www.bullhorn.com\/de\/wp-content\/uploads\/sites\/7\/2021\/10\/Copy-of-shutterstock_664137217.jpg\",\"datePublished\":\"2021-07-19T18:07:38+00:00\",\"dateModified\":\"2021-11-30T13:32:51+00:00\",\"description\":\"Sie wollen wie besten Bewerber f\u00fcr Ihre Kunden finden? Bullhorn liefert Ihnen die passenden Tools und Softwarel\u00f6sungen. Jetzt informieren.\",\"breadcrumb\":{\"@id\":\"https:\/\/www.bullhorn.com\/de\/top-talente-finden\/#breadcrumb\"},\"inLanguage\":\"de\",\"potentialAction\":[{\"@type\":\"ReadAction\",\"target\":[\"https:\/\/www.bullhorn.com\/de\/top-talente-finden\/\"]}]},{\"@type\":\"ImageObject\",\"inLanguage\":\"de\",\"@id\":\"https:\/\/www.bullhorn.com\/de\/top-talente-finden\/#primaryimage\",\"url\":\"https:\/\/www.bullhorn.com\/de\/wp-content\/uploads\/sites\/7\/2021\/10\/Copy-of-shutterstock_664137217.jpg\",\"contentUrl\":\"https:\/\/www.bullhorn.com\/de\/wp-content\/uploads\/sites\/7\/2021\/10\/Copy-of-shutterstock_664137217.jpg\",\"width\":1920,\"height\":1080,\"caption\":\"Neue Welt der Arbeit - Bullhorn\"},{\"@type\":\"BreadcrumbList\",\"@id\":\"https:\/\/www.bullhorn.com\/de\/top-talente-finden\/#breadcrumb\",\"itemListElement\":[{\"@type\":\"ListItem\",\"position\":1,\"name\":\"Home\",\"item\":\"https:\/\/www.bullhorn.com\/de\/\"},{\"@type\":\"ListItem\",\"position\":2,\"name\":\"Top-Talente finden\"}]},{\"@type\":\"WebSite\",\"@id\":\"https:\/\/www.bullhorn.com\/de\/#website\",\"url\":\"https:\/\/www.bullhorn.com\/de\/\",\"name\":\"Bullhorn DE\",\"description\":\"Just another Bullhorn Sites site\",\"publisher\":{\"@id\":\"https:\/\/www.bullhorn.com\/de\/#organization\"},\"potentialAction\":[{\"@type\":\"SearchAction\",\"target\":{\"@type\":\"EntryPoint\",\"urlTemplate\":\"https:\/\/www.bullhorn.com\/de\/?s={search_term_string}\"},\"query-input\":{\"@type\":\"PropertyValueSpecification\",\"valueRequired\":true,\"valueName\":\"search_term_string\"}}],\"inLanguage\":\"de\"},{\"@type\":\"Organization\",\"@id\":\"https:\/\/www.bullhorn.com\/de\/#organization\",\"name\":\"Bullhorn\",\"url\":\"https:\/\/www.bullhorn.com\/de\/\",\"logo\":{\"@type\":\"ImageObject\",\"inLanguage\":\"de\",\"@id\":\"https:\/\/www.bullhorn.com\/de\/#\/schema\/logo\/image\/\",\"url\":\"https:\/\/www.bullhorn.com\/de\/wp-content\/uploads\/sites\/7\/2021\/09\/og-img.png\",\"contentUrl\":\"https:\/\/www.bullhorn.com\/de\/wp-content\/uploads\/sites\/7\/2021\/09\/og-img.png\",\"width\":1200,\"height\":628,\"caption\":\"Bullhorn\"},\"image\":{\"@id\":\"https:\/\/www.bullhorn.com\/de\/#\/schema\/logo\/image\/\"},\"sameAs\":[\"https:\/\/www.facebook.com\/Bullhorn\/\",\"https:\/\/x.com\/Bullhorn\",\"https:\/\/www.instagram.com\/lifeatbullhorn\/?hl=de\",\"https:\/\/www.linkedin.com\/company\/bullhorn\",\"https:\/\/www.youtube.com\/channel\/UC-Rgm5YxtoxsvlCHy6KW3Ug\",\"https:\/\/en.wikipedia.org\/wiki\/Bullhorn,_Inc.\"]}]}<\/script>\n<!-- \/ Yoast SEO plugin. -->","yoast_head_json":{"title":"Die besten Bewerber finden I Bullhorn DE","description":"Sie wollen wie besten Bewerber f\u00fcr Ihre Kunden finden? Bullhorn liefert Ihnen die passenden Tools und Softwarel\u00f6sungen. Jetzt informieren.","robots":{"index":"index","follow":"follow","max-snippet":"max-snippet:-1","max-image-preview":"max-image-preview:large","max-video-preview":"max-video-preview:-1"},"canonical":"https:\/\/www.bullhorn.com\/de\/top-talente-finden\/","og_locale":"de_DE","og_type":"article","og_title":"Die besten Bewerber finden I Bullhorn DE","og_description":"Sie wollen wie besten Bewerber f\u00fcr Ihre Kunden finden? Bullhorn liefert Ihnen die passenden Tools und Softwarel\u00f6sungen. Jetzt informieren.","og_url":"https:\/\/www.bullhorn.com\/de\/top-talente-finden\/","og_site_name":"Bullhorn DE","article_publisher":"https:\/\/www.facebook.com\/Bullhorn\/","article_modified_time":"2021-11-30T13:32:51+00:00","og_image":[{"width":1920,"height":1080,"url":"https:\/\/www.bullhorn.com\/de\/wp-content\/uploads\/sites\/7\/2021\/10\/Copy-of-shutterstock_664137217.jpg","type":"image\/jpeg"}],"twitter_card":"summary_large_image","twitter_site":"@Bullhorn","schema":{"@context":"https:\/\/schema.org","@graph":[{"@type":"WebPage","@id":"https:\/\/www.bullhorn.com\/de\/top-talente-finden\/","url":"https:\/\/www.bullhorn.com\/de\/top-talente-finden\/","name":"Die besten Bewerber finden I Bullhorn DE","isPartOf":{"@id":"https:\/\/www.bullhorn.com\/de\/#website"},"primaryImageOfPage":{"@id":"https:\/\/www.bullhorn.com\/de\/top-talente-finden\/#primaryimage"},"image":{"@id":"https:\/\/www.bullhorn.com\/de\/top-talente-finden\/#primaryimage"},"thumbnailUrl":"https:\/\/www.bullhorn.com\/de\/wp-content\/uploads\/sites\/7\/2021\/10\/Copy-of-shutterstock_664137217.jpg","datePublished":"2021-07-19T18:07:38+00:00","dateModified":"2021-11-30T13:32:51+00:00","description":"Sie wollen wie besten Bewerber f\u00fcr Ihre Kunden finden? Bullhorn liefert Ihnen die passenden Tools und Softwarel\u00f6sungen. Jetzt informieren.","breadcrumb":{"@id":"https:\/\/www.bullhorn.com\/de\/top-talente-finden\/#breadcrumb"},"inLanguage":"de","potentialAction":[{"@type":"ReadAction","target":["https:\/\/www.bullhorn.com\/de\/top-talente-finden\/"]}]},{"@type":"ImageObject","inLanguage":"de","@id":"https:\/\/www.bullhorn.com\/de\/top-talente-finden\/#primaryimage","url":"https:\/\/www.bullhorn.com\/de\/wp-content\/uploads\/sites\/7\/2021\/10\/Copy-of-shutterstock_664137217.jpg","contentUrl":"https:\/\/www.bullhorn.com\/de\/wp-content\/uploads\/sites\/7\/2021\/10\/Copy-of-shutterstock_664137217.jpg","width":1920,"height":1080,"caption":"Neue Welt der Arbeit - Bullhorn"},{"@type":"BreadcrumbList","@id":"https:\/\/www.bullhorn.com\/de\/top-talente-finden\/#breadcrumb","itemListElement":[{"@type":"ListItem","position":1,"name":"Home","item":"https:\/\/www.bullhorn.com\/de\/"},{"@type":"ListItem","position":2,"name":"Top-Talente finden"}]},{"@type":"WebSite","@id":"https:\/\/www.bullhorn.com\/de\/#website","url":"https:\/\/www.bullhorn.com\/de\/","name":"Bullhorn DE","description":"Just another Bullhorn Sites site","publisher":{"@id":"https:\/\/www.bullhorn.com\/de\/#organization"},"potentialAction":[{"@type":"SearchAction","target":{"@type":"EntryPoint","urlTemplate":"https:\/\/www.bullhorn.com\/de\/?s={search_term_string}"},"query-input":{"@type":"PropertyValueSpecification","valueRequired":true,"valueName":"search_term_string"}}],"inLanguage":"de"},{"@type":"Organization","@id":"https:\/\/www.bullhorn.com\/de\/#organization","name":"Bullhorn","url":"https:\/\/www.bullhorn.com\/de\/","logo":{"@type":"ImageObject","inLanguage":"de","@id":"https:\/\/www.bullhorn.com\/de\/#\/schema\/logo\/image\/","url":"https:\/\/www.bullhorn.com\/de\/wp-content\/uploads\/sites\/7\/2021\/09\/og-img.png","contentUrl":"https:\/\/www.bullhorn.com\/de\/wp-content\/uploads\/sites\/7\/2021\/09\/og-img.png","width":1200,"height":628,"caption":"Bullhorn"},"image":{"@id":"https:\/\/www.bullhorn.com\/de\/#\/schema\/logo\/image\/"},"sameAs":["https:\/\/www.facebook.com\/Bullhorn\/","https:\/\/x.com\/Bullhorn","https:\/\/www.instagram.com\/lifeatbullhorn\/?hl=de","https:\/\/www.linkedin.com\/company\/bullhorn","https:\/\/www.youtube.com\/channel\/UC-Rgm5YxtoxsvlCHy6KW3Ug","https:\/\/en.wikipedia.org\/wiki\/Bullhorn,_Inc."]}]}},"grav_blocks":[{"acf_fc_layout":"columns","block_title":"","block_aria":"","block_subtitle":"","format":"","enable_box_shadow":true,"columns":[{"type":"wysiwyg","wysiwyg":"<h3>Die Herausforderung<\/h3>\n<p>Unabh\u00e4ngig von Ihrer Branche ist es immer eine gro\u00dfe Herausforderung, dann qualifizierte Mitarbeiter zu finden, wenn sie ben\u00f6tigt werden.<\/p>\n","accordion_open_first_section":false,"accordion_multiple_open_sections":false,"accordion_items":false,"icon_list_items":false},{"type":"wysiwyg","wysiwyg":"<h3>Unsere L\u00f6sung<\/h3>\n<p>Wir wissen, wie schwer es ist, auf einem umk\u00e4mpften Markt \u00fcberhaupt Bewerber zu finden. Mit L\u00f6sungen von Bullhorn haben Sie jedoch die passenden Instrumente daf\u00fcr. Unsere Tools helfen Ihnen dabei, qualifizierte Bewerber schneller als Ihre Mitbewerber zu identifizieren und Bewerber so f\u00fcr eine Stelle bei Ihnen begeistern, dass sie unbedingt bei Ihnen arbeiten wollen.<\/p>\n","accordion_open_first_section":false,"accordion_multiple_open_sections":false,"accordion_items":false,"icon_list_items":false}],"block_background":"bg-blue","block_background_video_type":"url","block_background_video_url":"","block_background_video_file":false,"block_background_image":false,"block_background_overlay":false,"unique_id":"","block_option_custom_class":"","block_animate":true,"block_option_padding":[],"block_option_hide":[],"bg_lower_slant_color":"white"},{"acf_fc_layout":"card-grid","block_title":"","block_aria":"","block_subtitle":"","background_shape":"","background_shape_position":"left","parallax_fx":false,"title_position":"top","cards_bg_color":"","cards_border":false,"cards_per_row":"4","cards":[{"icon":"icons\/doc-check","icon_color":"blue-dark","line_title_with_icon":false,"inline_title":"","content":"<h3>Nehmen Sie qualifizierte Bewerber in Ihre Datenbank auf<\/h3>\n<p>Zuerst machen Sie die besten Talente auf Ihr Team aufmerksam. Mit unseren Tools schreiben Sie Stellen aus und finden die besten Bewerber noch schneller.<\/p>\n"},{"icon":"icons\/arrows-up","icon_color":"blue-dark","line_title_with_icon":false,"inline_title":"","content":"<h3>Besetzen Sie jeden Job mit den besten Bewerbern<\/h3>\n<p>Im n\u00e4chsten Schritt identifizieren Sie die besten Bewerber, und zwar f\u00fcr jeden verf\u00fcgbaren Job, z.B. anhand von F\u00e4higkeiten oder Einsatzort. Unsere Suchmaschine liefert Ihnen jederzeit eine Liste mit den besten Kandidaten f\u00fcr die Stelle.<\/p>\n"},{"icon":"icons\/personalized","icon_color":"blue-dark","line_title_with_icon":false,"inline_title":"","content":"<h3>Motivieren Sie Ihre Kandidaten zum richtigen Zeitpunkt<\/h3>\n<p>Wecken Sie das Interesse Ihrer Bewerber per Mail oder Kurznachricht mit einer personalisierten und automatisierten Ansprache.<\/p>\n"}],"block_background":"block-bg-none","block_background_video_type":"url","block_background_video_url":"","block_background_video_file":false,"block_background_image":false,"block_background_overlay":false,"unique_id":"","block_option_custom_class":"","block_animate":true,"block_option_padding":[],"block_option_hide":[],"bg_lower_slant_color":""},{"acf_fc_layout":"content-icon-box","icon":"content-icon-box\/FTT_Shape_2","icon_color":"blue-dark","icon_alignment":"left","background_shape":"","parallax_fx":false,"title":"Parsing von Lebensl\u00e4ufen","block_aria":"","content":"<p>Steigern Sie Ihre Effizienz und verringern Sie Klicks, indem Sie der Parsing-Engine von Bullhorn die Arbeit \u00fcberlassen. Das Tool extrahiert die ben\u00f6tigten Informationen f\u00fcr Sie, unabh\u00e4ngig davon, wo Sie sie finden. Und mit diesen Daten reichern Sie die Daten zu Bewerbern, Kontakten oder Jobeintr\u00e4gen an.<\/p>\n","links_title":"","links":false,"block_background":"block-bg-none","block_background_video_type":"url","block_background_video_url":"","block_background_video_file":false,"block_background_image":false,"block_background_overlay":false,"unique_id":"","block_option_custom_class":"","block_animate":true,"block_option_padding":[],"block_option_hide":[],"bg_lower_slant_color":""},{"acf_fc_layout":"content-icon-box","icon":"content-icon-box\/FTT_Shape_3","icon_color":"blue-light","icon_alignment":"right","background_shape":"","parallax_fx":false,"title":"Einbindung von LinkedIn Recruiter","block_aria":"","content":"<p>Mit der Integration von LinkedIn Recruiter vereinfachen Sie den Workflow als Personaldienstleister, reduzieren Sie Klicks und stellen sicher, dass Sie jederzeit \u00fcber aktuelle Informationen zu Ihren Bewerbern verf\u00fcgen.<\/p>\n","links_title":"","links":false,"block_background":"block-bg-none","block_background_video_type":"url","block_background_video_url":"","block_background_video_file":false,"block_background_image":false,"block_background_overlay":false,"unique_id":"","block_option_custom_class":"","block_animate":true,"block_option_padding":[],"block_option_hide":[],"bg_lower_slant_color":""},{"acf_fc_layout":"content-icon-box","icon":"content-icon-box\/FTT_Shape_4","icon_color":"blue-dark","icon_alignment":"left","background_shape":"","parallax_fx":false,"title":"Boolesche Suche","block_aria":"","content":"<p>Im Handumdrehen erstellen Sie eine Auswahlliste mit qualifizierten Bewerbern. Bullhorns &#8222;fast find&#8220; Suchleiste, Boolesche Suchoperatoren, eine hochentwickelte Keyword-Suche sowie eine intelligente Priorisierung der Suchergebnisse nach Relevanz und Aktualit\u00e4t helfen Ihnen dabei.<\/p>\n","links_title":"","links":false,"block_background":"block-bg-none","block_background_video_type":"url","block_background_video_url":"","block_background_video_file":false,"block_background_image":false,"block_background_overlay":false,"unique_id":"","block_option_custom_class":"","block_animate":true,"block_option_padding":[],"block_option_hide":[],"bg_lower_slant_color":""},{"acf_fc_layout":"content-icon-box","icon":"content-icon-box\/FTT_Shape_5","icon_color":"blue-light","icon_alignment":"right","background_shape":"","parallax_fx":false,"title":"Automatisierte Kontaktaufnahme","block_aria":"","content":"<p>Mit Bullhorn kontaktieren Sie Ihre Bewerbergruppen pers\u00f6nlich und automatisiert. So sorgen Sie daf\u00fcr, dass sich Ihre Bewerber wieder voll einbringen, wenn ihr befristeter Job geendet hat oder wenn eine freie Stelle perfekt zu ihrem Profil passt.<\/p>\n","links_title":"","links":false,"block_background":"block-bg-none","block_background_video_type":"url","block_background_video_url":"","block_background_video_file":false,"block_background_image":false,"block_background_overlay":false,"unique_id":"","block_option_custom_class":"","block_animate":true,"block_option_padding":[],"block_option_hide":[],"bg_lower_slant_color":""},{"acf_fc_layout":"global-block","block_group":71141},{"acf_fc_layout":"testimonials","background_shape":"shapes\/heart","background_shape_position":"left","parallax_fx":true,"transition_speed":"10","enable_autoplay":false,"autoplay_speed":3000,"testimonials":[71148],"block_background":"block-bg-none","block_background_video_type":"url","block_background_video_url":"","block_background_video_file":false,"block_background_image":false,"block_background_overlay":false,"unique_id":"","block_option_custom_class":"","block_option_padding":[],"block_option_hide":[]},{"acf_fc_layout":"related-resources","title":"Weiterf\u00fchrende Ressourcen","enable_archive_link":true,"archive_link_text":"Alle Ressourcen","post_type":"resource","post_type_resource_fields":{"relationship_source":"custom","note_automatic_relationship":null,"custom_tax":false,"custom_resources":[564,70322,7002,532,147],"fill_remaining_resources":true},"post_type_blog_fields":{"relationship_source":false,"note_automatic_relationship":null,"custom_tag":false,"custom_category":false,"custom_resources":null,"fill_remaining_posts":true},"block_background":"block-bg-none","block_background_video_type":"url","block_background_video_url":"","block_background_video_file":false,"block_background_image":false,"block_background_overlay":false,"unique_id":"","block_option_custom_class":"","block_option_padding":[],"block_option_hide":[]},{"acf_fc_layout":"global-block","block_group":71013}],"_links":{"self":[{"href":"https:\/\/www.bullhorn.com\/de\/wp-json\/wp\/v2\/pages\/71147","targetHints":{"allow":["GET"]}}],"collection":[{"href":"https:\/\/www.bullhorn.com\/de\/wp-json\/wp\/v2\/pages"}],"about":[{"href":"https:\/\/www.bullhorn.com\/de\/wp-json\/wp\/v2\/types\/page"}],"author":[{"embeddable":true,"href":"https:\/\/www.bullhorn.com\/de\/wp-json\/wp\/v2\/users\/302"}],"replies":[{"embeddable":true,"href":"https:\/\/www.bullhorn.com\/de\/wp-json\/wp\/v2\/comments?post=71147"}],"version-history":[{"count":6,"href":"https:\/\/www.bullhorn.com\/de\/wp-json\/wp\/v2\/pages\/71147\/revisions"}],"predecessor-version":[{"id":72221,"href":"https:\/\/www.bullhorn.com\/de\/wp-json\/wp\/v2\/pages\/71147\/revisions\/72221"}],"wp:featuredmedia":[{"embeddable":true,"href":"https:\/\/www.bullhorn.com\/de\/wp-json\/wp\/v2\/media\/72189"}],"wp:attachment":[{"href":"https:\/\/www.bullhorn.com\/de\/wp-json\/wp\/v2\/media?parent=71147"}],"curies":[{"name":"wp","href":"https:\/\/api.w.org\/{rel}","templated":true}]}}