{"id":71152,"date":"2021-07-19T18:22:11","date_gmt":"2021-07-19T18:22:11","guid":{"rendered":"https:\/\/www.bullhorn.com\/de\/?page_id=71152"},"modified":"2021-11-30T13:37:25","modified_gmt":"2021-11-30T13:37:25","slug":"candidate-experience","status":"publish","type":"page","link":"https:\/\/www.bullhorn.com\/de\/candidate-experience\/","title":{"rendered":"Candidate Experience"},"content":{"rendered":"","protected":false},"excerpt":{"rendered":"","protected":false},"author":302,"featured_media":72222,"parent":0,"menu_order":0,"comment_status":"closed","ping_status":"closed","template":"","meta":{"_acf_changed":false,"om_disable_all_campaigns":false},"class_list":["post-71152","page","type-page","status-publish","has-post-thumbnail","hentry"],"acf":[],"yoast_head":"<!-- This site is optimized with the Yoast SEO plugin v27.2 - https:\/\/yoast.com\/product\/yoast-seo-wordpress\/ -->\n<title>Candidate Experience optimieren I Bullhorn DE<\/title>\n<meta name=\"description\" content=\"Es gibt viele M\u00f6glichkeiten, um die Candidate Experience zu optimieren. Bullhorn unterst\u00fctzt Sie dabei. Jetzt \u00fcber alle Vorteile informieren!\" \/>\n<meta name=\"robots\" content=\"index, follow, max-snippet:-1, max-image-preview:large, max-video-preview:-1\" \/>\n<link rel=\"canonical\" href=\"https:\/\/www.bullhorn.com\/de\/candidate-experience\/\" \/>\n<meta property=\"og:locale\" content=\"de_DE\" \/>\n<meta property=\"og:type\" content=\"article\" \/>\n<meta property=\"og:title\" content=\"Candidate Experience optimieren I Bullhorn DE\" \/>\n<meta property=\"og:description\" content=\"Es gibt viele M\u00f6glichkeiten, um die Candidate Experience zu optimieren. Bullhorn unterst\u00fctzt Sie dabei. Jetzt \u00fcber alle Vorteile informieren!\" \/>\n<meta property=\"og:url\" content=\"https:\/\/www.bullhorn.com\/de\/candidate-experience\/\" \/>\n<meta property=\"og:site_name\" content=\"Bullhorn DE\" \/>\n<meta property=\"article:publisher\" content=\"https:\/\/www.facebook.com\/Bullhorn\/\" \/>\n<meta property=\"article:modified_time\" content=\"2021-11-30T13:37:25+00:00\" \/>\n<meta property=\"og:image\" content=\"https:\/\/www.bullhorn.com\/de\/wp-content\/uploads\/sites\/7\/2021\/11\/Copy-of-shutterstock_245116123.jpg\" \/>\n\t<meta property=\"og:image:width\" content=\"1920\" \/>\n\t<meta property=\"og:image:height\" content=\"1080\" \/>\n\t<meta property=\"og:image:type\" content=\"image\/jpeg\" \/>\n<meta name=\"twitter:card\" content=\"summary_large_image\" \/>\n<meta name=\"twitter:site\" content=\"@Bullhorn\" \/>\n<script type=\"application\/ld+json\" class=\"yoast-schema-graph\">{\"@context\":\"https:\/\/schema.org\",\"@graph\":[{\"@type\":\"WebPage\",\"@id\":\"https:\/\/www.bullhorn.com\/de\/candidate-experience\/\",\"url\":\"https:\/\/www.bullhorn.com\/de\/candidate-experience\/\",\"name\":\"Candidate Experience optimieren I Bullhorn DE\",\"isPartOf\":{\"@id\":\"https:\/\/www.bullhorn.com\/de\/#website\"},\"primaryImageOfPage\":{\"@id\":\"https:\/\/www.bullhorn.com\/de\/candidate-experience\/#primaryimage\"},\"image\":{\"@id\":\"https:\/\/www.bullhorn.com\/de\/candidate-experience\/#primaryimage\"},\"thumbnailUrl\":\"https:\/\/www.bullhorn.com\/de\/wp-content\/uploads\/sites\/7\/2021\/11\/Copy-of-shutterstock_245116123.jpg\",\"datePublished\":\"2021-07-19T18:22:11+00:00\",\"dateModified\":\"2021-11-30T13:37:25+00:00\",\"description\":\"Es gibt viele M\u00f6glichkeiten, um die Candidate Experience zu optimieren. Bullhorn unterst\u00fctzt Sie dabei. Jetzt \u00fcber alle Vorteile informieren!\",\"breadcrumb\":{\"@id\":\"https:\/\/www.bullhorn.com\/de\/candidate-experience\/#breadcrumb\"},\"inLanguage\":\"de\",\"potentialAction\":[{\"@type\":\"ReadAction\",\"target\":[\"https:\/\/www.bullhorn.com\/de\/candidate-experience\/\"]}]},{\"@type\":\"ImageObject\",\"inLanguage\":\"de\",\"@id\":\"https:\/\/www.bullhorn.com\/de\/candidate-experience\/#primaryimage\",\"url\":\"https:\/\/www.bullhorn.com\/de\/wp-content\/uploads\/sites\/7\/2021\/11\/Copy-of-shutterstock_245116123.jpg\",\"contentUrl\":\"https:\/\/www.bullhorn.com\/de\/wp-content\/uploads\/sites\/7\/2021\/11\/Copy-of-shutterstock_245116123.jpg\",\"width\":1920,\"height\":1080,\"caption\":\"Candidate Experience optimieren\"},{\"@type\":\"BreadcrumbList\",\"@id\":\"https:\/\/www.bullhorn.com\/de\/candidate-experience\/#breadcrumb\",\"itemListElement\":[{\"@type\":\"ListItem\",\"position\":1,\"name\":\"Home\",\"item\":\"https:\/\/www.bullhorn.com\/de\/\"},{\"@type\":\"ListItem\",\"position\":2,\"name\":\"Candidate Experience\"}]},{\"@type\":\"WebSite\",\"@id\":\"https:\/\/www.bullhorn.com\/de\/#website\",\"url\":\"https:\/\/www.bullhorn.com\/de\/\",\"name\":\"Bullhorn DE\",\"description\":\"Just another Bullhorn Sites site\",\"publisher\":{\"@id\":\"https:\/\/www.bullhorn.com\/de\/#organization\"},\"potentialAction\":[{\"@type\":\"SearchAction\",\"target\":{\"@type\":\"EntryPoint\",\"urlTemplate\":\"https:\/\/www.bullhorn.com\/de\/?s={search_term_string}\"},\"query-input\":{\"@type\":\"PropertyValueSpecification\",\"valueRequired\":true,\"valueName\":\"search_term_string\"}}],\"inLanguage\":\"de\"},{\"@type\":\"Organization\",\"@id\":\"https:\/\/www.bullhorn.com\/de\/#organization\",\"name\":\"Bullhorn\",\"url\":\"https:\/\/www.bullhorn.com\/de\/\",\"logo\":{\"@type\":\"ImageObject\",\"inLanguage\":\"de\",\"@id\":\"https:\/\/www.bullhorn.com\/de\/#\/schema\/logo\/image\/\",\"url\":\"https:\/\/www.bullhorn.com\/de\/wp-content\/uploads\/sites\/7\/2021\/09\/og-img.png\",\"contentUrl\":\"https:\/\/www.bullhorn.com\/de\/wp-content\/uploads\/sites\/7\/2021\/09\/og-img.png\",\"width\":1200,\"height\":628,\"caption\":\"Bullhorn\"},\"image\":{\"@id\":\"https:\/\/www.bullhorn.com\/de\/#\/schema\/logo\/image\/\"},\"sameAs\":[\"https:\/\/www.facebook.com\/Bullhorn\/\",\"https:\/\/x.com\/Bullhorn\",\"https:\/\/www.instagram.com\/lifeatbullhorn\/?hl=de\",\"https:\/\/www.linkedin.com\/company\/bullhorn\",\"https:\/\/www.youtube.com\/channel\/UC-Rgm5YxtoxsvlCHy6KW3Ug\",\"https:\/\/en.wikipedia.org\/wiki\/Bullhorn,_Inc.\"]}]}<\/script>\n<!-- \/ Yoast SEO plugin. -->","yoast_head_json":{"title":"Candidate Experience optimieren I Bullhorn DE","description":"Es gibt viele M\u00f6glichkeiten, um die Candidate Experience zu optimieren. Bullhorn unterst\u00fctzt Sie dabei. Jetzt \u00fcber alle Vorteile informieren!","robots":{"index":"index","follow":"follow","max-snippet":"max-snippet:-1","max-image-preview":"max-image-preview:large","max-video-preview":"max-video-preview:-1"},"canonical":"https:\/\/www.bullhorn.com\/de\/candidate-experience\/","og_locale":"de_DE","og_type":"article","og_title":"Candidate Experience optimieren I Bullhorn DE","og_description":"Es gibt viele M\u00f6glichkeiten, um die Candidate Experience zu optimieren. Bullhorn unterst\u00fctzt Sie dabei. Jetzt \u00fcber alle Vorteile informieren!","og_url":"https:\/\/www.bullhorn.com\/de\/candidate-experience\/","og_site_name":"Bullhorn DE","article_publisher":"https:\/\/www.facebook.com\/Bullhorn\/","article_modified_time":"2021-11-30T13:37:25+00:00","og_image":[{"width":1920,"height":1080,"url":"https:\/\/www.bullhorn.com\/de\/wp-content\/uploads\/sites\/7\/2021\/11\/Copy-of-shutterstock_245116123.jpg","type":"image\/jpeg"}],"twitter_card":"summary_large_image","twitter_site":"@Bullhorn","schema":{"@context":"https:\/\/schema.org","@graph":[{"@type":"WebPage","@id":"https:\/\/www.bullhorn.com\/de\/candidate-experience\/","url":"https:\/\/www.bullhorn.com\/de\/candidate-experience\/","name":"Candidate Experience optimieren I Bullhorn DE","isPartOf":{"@id":"https:\/\/www.bullhorn.com\/de\/#website"},"primaryImageOfPage":{"@id":"https:\/\/www.bullhorn.com\/de\/candidate-experience\/#primaryimage"},"image":{"@id":"https:\/\/www.bullhorn.com\/de\/candidate-experience\/#primaryimage"},"thumbnailUrl":"https:\/\/www.bullhorn.com\/de\/wp-content\/uploads\/sites\/7\/2021\/11\/Copy-of-shutterstock_245116123.jpg","datePublished":"2021-07-19T18:22:11+00:00","dateModified":"2021-11-30T13:37:25+00:00","description":"Es gibt viele M\u00f6glichkeiten, um die Candidate Experience zu optimieren. Bullhorn unterst\u00fctzt Sie dabei. Jetzt \u00fcber alle Vorteile informieren!","breadcrumb":{"@id":"https:\/\/www.bullhorn.com\/de\/candidate-experience\/#breadcrumb"},"inLanguage":"de","potentialAction":[{"@type":"ReadAction","target":["https:\/\/www.bullhorn.com\/de\/candidate-experience\/"]}]},{"@type":"ImageObject","inLanguage":"de","@id":"https:\/\/www.bullhorn.com\/de\/candidate-experience\/#primaryimage","url":"https:\/\/www.bullhorn.com\/de\/wp-content\/uploads\/sites\/7\/2021\/11\/Copy-of-shutterstock_245116123.jpg","contentUrl":"https:\/\/www.bullhorn.com\/de\/wp-content\/uploads\/sites\/7\/2021\/11\/Copy-of-shutterstock_245116123.jpg","width":1920,"height":1080,"caption":"Candidate Experience optimieren"},{"@type":"BreadcrumbList","@id":"https:\/\/www.bullhorn.com\/de\/candidate-experience\/#breadcrumb","itemListElement":[{"@type":"ListItem","position":1,"name":"Home","item":"https:\/\/www.bullhorn.com\/de\/"},{"@type":"ListItem","position":2,"name":"Candidate Experience"}]},{"@type":"WebSite","@id":"https:\/\/www.bullhorn.com\/de\/#website","url":"https:\/\/www.bullhorn.com\/de\/","name":"Bullhorn DE","description":"Just another Bullhorn Sites site","publisher":{"@id":"https:\/\/www.bullhorn.com\/de\/#organization"},"potentialAction":[{"@type":"SearchAction","target":{"@type":"EntryPoint","urlTemplate":"https:\/\/www.bullhorn.com\/de\/?s={search_term_string}"},"query-input":{"@type":"PropertyValueSpecification","valueRequired":true,"valueName":"search_term_string"}}],"inLanguage":"de"},{"@type":"Organization","@id":"https:\/\/www.bullhorn.com\/de\/#organization","name":"Bullhorn","url":"https:\/\/www.bullhorn.com\/de\/","logo":{"@type":"ImageObject","inLanguage":"de","@id":"https:\/\/www.bullhorn.com\/de\/#\/schema\/logo\/image\/","url":"https:\/\/www.bullhorn.com\/de\/wp-content\/uploads\/sites\/7\/2021\/09\/og-img.png","contentUrl":"https:\/\/www.bullhorn.com\/de\/wp-content\/uploads\/sites\/7\/2021\/09\/og-img.png","width":1200,"height":628,"caption":"Bullhorn"},"image":{"@id":"https:\/\/www.bullhorn.com\/de\/#\/schema\/logo\/image\/"},"sameAs":["https:\/\/www.facebook.com\/Bullhorn\/","https:\/\/x.com\/Bullhorn","https:\/\/www.instagram.com\/lifeatbullhorn\/?hl=de","https:\/\/www.linkedin.com\/company\/bullhorn","https:\/\/www.youtube.com\/channel\/UC-Rgm5YxtoxsvlCHy6KW3Ug","https:\/\/en.wikipedia.org\/wiki\/Bullhorn,_Inc."]}]}},"grav_blocks":[{"acf_fc_layout":"columns","block_title":"","block_aria":"","block_subtitle":"","format":"","enable_box_shadow":true,"columns":[{"type":"wysiwyg","wysiwyg":"<h3>Die Herausforderung<\/h3>\n<p>Bewerber erwarten heute eine perfekte Dienstleistung, die auch ihr Leben abseits von Arbeit ber\u00fccksichtigt und sie wollen in Echtzeit Zugang zu zentralen Informationen haben. Sie erwarten, dass die Jobvermittlung schnell und einfach ist, aber gleichzeitig legen sie Wert auf einen pers\u00f6nlichen Kontakt &#8211; doch leider springen viele Kandidaten bereits w\u00e4hrend des Recruiting-Prozesses ab, weil sie unzufrieden sind.<\/p>\n","accordion_open_first_section":false,"accordion_multiple_open_sections":false,"accordion_items":false,"icon_list_items":false},{"type":"wysiwyg","wysiwyg":"<h3>Unsere L\u00f6sung<\/h3>\n<p>Softwarel\u00f6sungen von Bullhorn erm\u00f6glichen es Ihrem Unternehmen, Ihren Bewerbern eine konstant hohe Servicequalit\u00e4t zu bieten. Von der Kontaktaufnahme \u00fcber die Registrierung bis zum Onboarding und weiteren Services wurden alle Bullhorn L\u00f6sungen nur daf\u00fcr geschaffen, dass Ihre Kandidaten erfolgreich dauerhaft vermittelt werden.<\/p>\n","accordion_open_first_section":false,"accordion_multiple_open_sections":false,"accordion_items":false,"icon_list_items":false}],"block_background":"bg-blue","block_background_video_type":"url","block_background_video_url":"","block_background_video_file":false,"block_background_image":false,"block_background_overlay":false,"unique_id":"","block_option_custom_class":"","block_animate":true,"block_option_padding":[],"block_option_hide":[],"bg_lower_slant_color":"white"},{"acf_fc_layout":"card-grid","block_title":"","block_aria":"","block_subtitle":"","background_shape":"","background_shape_position":"left","parallax_fx":false,"title_position":"top","cards_bg_color":"","cards_border":false,"cards_per_row":"4","cards":[{"icon":"icons\/heart","icon_color":"orange","line_title_with_icon":false,"inline_title":"","content":"<h3>Kandidatenbindung steigern<\/h3>\n<p>Bieten Sie Ihren Kandidaten einen Service, der sie wirklich \u00fcberzeugt. Einfach zu bedienen, mobil, flexibel. Sorgen Sie f\u00fcr reibungslose Prozesse bei der Jobvermittlung und Sie binden Ihre Bewerber ein Leben lang &#8211; dadurch senken Sie Personalkosten und erleichtern den Personalumbau.<\/p>\n"},{"icon":"icons\/phone","icon_color":"orange","line_title_with_icon":false,"inline_title":"","content":"<h3>Eigeninitiative von Kandidaten st\u00e4rken<\/h3>\n<p>Indem Sie Ihren Kandidaten das Leben leichter machen, erh\u00f6hen Sie deren Einsatzwillen und die Bereitschaft, einen neuen Job anzunehmen. Gleichzeitig spart Ihr Team dadurch viel Verwaltungsarbeit und Zeit.<\/p>\n"},{"icon":"icons\/gear-chat","icon_color":"orange","line_title_with_icon":false,"inline_title":"","content":"<h3>Den pers\u00f6nlichen Kontakt automatisieren<\/h3>\n<p>Sorgen Sie automatisiert f\u00fcr h\u00f6chste Zufriedenheit bei Ihren Bewerbern. So bauen Sie eine dauerhafte Bindung auf und verringern gleichzeitig den Arbeitsaufwand.<\/p>\n"}],"block_background":"block-bg-none","block_background_video_type":"url","block_background_video_url":"","block_background_video_file":false,"block_background_image":false,"block_background_overlay":false,"unique_id":"","block_option_custom_class":"","block_animate":true,"block_option_padding":[],"block_option_hide":[],"bg_lower_slant_color":""},{"acf_fc_layout":"content-icon-box","icon":"content-icon-box\/CE_Shape_1","icon_color":"orange","icon_alignment":"right","background_shape":"","parallax_fx":false,"title":"Automatisierung ist der Schl\u00fcssel","block_aria":"","content":"<p>Mit Herefish von Bullhorn automatisieren Sie Prozesse und Arbeitsabl\u00e4ufe mit wenigen Klicks und schaffen so h\u00f6chste Zufriedeneit bei Ihren Kandidaten. Teilen Sie Ihren Kandidaten z.B. automatisch mit, dass Sie Ihre Bewerbung erhalten haben, senden Sie automatisierte R\u00fcckfragen nach Auftr\u00e4gen oder informieren Sie Ihre Kandidaten \u00fcber neue Jobm\u00f6glichkeiten, die zu ihrem Profil passen. Mit Hilfe automatisierter Abl\u00e4ufe k\u00f6nnen Sie auch passive Kandidaten einfacher reaktieren und so Ihren aktiven Bewerberpool konstant vergr\u00f6\u00dfern.<\/p>\n<p><a class=\"button button--orange\" href=\"\/recruitment-automation\/\">Mehr erfahren<\/a><\/p>\n","links_title":"","links":false,"block_background":"block-bg-none","block_background_video_type":"url","block_background_video_url":"","block_background_video_file":false,"block_background_image":false,"block_background_overlay":false,"unique_id":"","block_option_custom_class":"","block_animate":true,"block_option_padding":[],"block_option_hide":[],"bg_lower_slant_color":""},{"acf_fc_layout":"content-icon-box","icon":"content-icon-box\/CE_Shape_2","icon_color":"orange","icon_alignment":"left","background_shape":"","parallax_fx":false,"title":"Verbesserte Kommunikation via Smartphone","block_aria":"","content":"<p>Erh\u00f6hen Sie die Antwortrate im Vergleich zu herk\u00f6mmlicher Kaltakquise oder E-Mails. Textnachrichten beschleunigen nicht nur Ihre Kommunikation mit Kandidaten, sondern sorgen f\u00fcr eine 10 Mal h\u00f6here Antwortrate. Bullhorn Messaging hilft Ihnen dabei, Ihre Textnachrichten zu koordinieren und Kandidaten direkt zu kontaktieren.<\/p>\n<p><a class=\"button button--orange\" href=\"\/bullhorn-messaging\/\">Mehr erfahren<\/a><\/p>\n","links_title":"","links":false,"block_background":"block-bg-none","block_background_video_type":"url","block_background_video_url":"","block_background_video_file":false,"block_background_image":false,"block_background_overlay":false,"unique_id":"","block_option_custom_class":"","block_animate":true,"block_option_padding":[],"block_option_hide":[],"bg_lower_slant_color":""},{"acf_fc_layout":"content-icon-box","icon":"content-icon-box\/CE_Shape_3","icon_color":"orange","icon_alignment":"right","background_shape":"","parallax_fx":false,"title":"Zur richtigen Zeit Kontakt aufnehmen","block_aria":"","content":"<p>W\u00e4re es nicht toll, wenn Sie wissen w\u00fcrden, zu welchem Zeitpunkt Sie Ihre Kandidaten am besten kontaktieren sollten? Oder wenn Sie w\u00fcssten, wann Sie das letzte Mal in Kontakt waren? Mit Bullhorn Pulse erhalten Sie alle wichtigen Einblicke in Ihre Kommunikation mit Kunden und Bewerbern und k\u00f6nnen die Ergebnisse nutzen, um noch effektiver zu kommunizieren.<\/p>\n","links_title":"","links":false,"block_background":"block-bg-none","block_background_video_type":"url","block_background_video_url":"","block_background_video_file":false,"block_background_image":false,"block_background_overlay":false,"unique_id":"","block_option_custom_class":"","block_animate":true,"block_option_padding":[],"block_option_hide":[],"bg_lower_slant_color":""},{"acf_fc_layout":"global-block","block_group":71141},{"acf_fc_layout":"testimonials","background_shape":"shapes\/heart","background_shape_position":"left","parallax_fx":true,"transition_speed":"10","enable_autoplay":false,"autoplay_speed":3000,"testimonials":[71154],"block_background":"block-bg-none","block_background_video_type":"url","block_background_video_url":"","block_background_video_file":false,"block_background_image":false,"block_background_overlay":false,"unique_id":"","block_option_custom_class":"","block_option_padding":[],"block_option_hide":[]},{"acf_fc_layout":"related-resources","title":"Weiterf\u00fchrende Informationen","enable_archive_link":true,"archive_link_text":"Alle Ressourcen","post_type":"resource","post_type_resource_fields":{"relationship_source":"custom","note_automatic_relationship":null,"custom_tax":false,"custom_resources":[7002,70322,533],"fill_remaining_resources":true},"post_type_blog_fields":{"relationship_source":false,"note_automatic_relationship":null,"custom_tag":false,"custom_category":false,"custom_resources":null,"fill_remaining_posts":true},"block_background":"block-bg-none","block_background_video_type":"url","block_background_video_url":"","block_background_video_file":false,"block_background_image":false,"block_background_overlay":false,"unique_id":"","block_option_custom_class":"","block_option_padding":[],"block_option_hide":[]},{"acf_fc_layout":"cta","mid_page_format":false,"condensed_format":false,"text":"Bereit zum Loslegen?","subtext":"","block_aria":"","image":{"ID":71005,"id":71005,"title":"L_Footer_V1-2","filename":"L_Footer_V1-2.png","filesize":58410,"url":"https:\/\/www.bullhorn.com\/de\/wp-content\/uploads\/sites\/7\/2021\/07\/L_Footer_V1-2.png","link":"https:\/\/www.bullhorn.com\/de\/karriere\/l_footer_v1-2\/","alt":"","author":"403","description":"","caption":"","name":"l_footer_v1-2","status":"inherit","uploaded_to":70998,"date":"2021-07-16 13:22:58","modified":"2021-07-16 13:22:58","menu_order":0,"mime_type":"image\/png","type":"image","subtype":"png","icon":"https:\/\/www.bullhorn.com\/de\/wp-includes\/images\/media\/default.png","width":478,"height":503,"sizes":{"thumbnail":"https:\/\/www.bullhorn.com\/de\/wp-content\/uploads\/sites\/7\/2021\/07\/L_Footer_V1-2-150x150.png","thumbnail-width":150,"thumbnail-height":150,"medium":"https:\/\/www.bullhorn.com\/de\/wp-content\/uploads\/sites\/7\/2021\/07\/L_Footer_V1-2-285x300.png","medium-width":285,"medium-height":300,"medium_large":"https:\/\/www.bullhorn.com\/de\/wp-content\/uploads\/sites\/7\/2021\/07\/L_Footer_V1-2.png","medium_large-width":478,"medium_large-height":503,"large":"https:\/\/www.bullhorn.com\/de\/wp-content\/uploads\/sites\/7\/2021\/07\/L_Footer_V1-2.png","large-width":478,"large-height":503,"1536x1536":"https:\/\/www.bullhorn.com\/de\/wp-content\/uploads\/sites\/7\/2021\/07\/L_Footer_V1-2.png","1536x1536-width":478,"1536x1536-height":503,"2048x2048":"https:\/\/www.bullhorn.com\/de\/wp-content\/uploads\/sites\/7\/2021\/07\/L_Footer_V1-2.png","2048x2048-width":478,"2048x2048-height":503,"post-thumbnail":"https:\/\/www.bullhorn.com\/de\/wp-content\/uploads\/sites\/7\/2021\/07\/L_Footer_V1-2-300x300.png","post-thumbnail-width":300,"post-thumbnail-height":300,"small":"https:\/\/www.bullhorn.com\/de\/wp-content\/uploads\/sites\/7\/2021\/07\/L_Footer_V1-2-285x300.png","small-width":285,"small-height":300,"xlarge":"https:\/\/www.bullhorn.com\/de\/wp-content\/uploads\/sites\/7\/2021\/07\/L_Footer_V1-2.png","xlarge-width":478,"xlarge-height":503,"insight-of-the-week":"https:\/\/www.bullhorn.com\/de\/wp-content\/uploads\/sites\/7\/2021\/07\/L_Footer_V1-2.png","insight-of-the-week-width":358,"insight-of-the-week-height":377,"insight-icons":"https:\/\/www.bullhorn.com\/de\/wp-content\/uploads\/sites\/7\/2021\/07\/L_Footer_V1-2.png","insight-icons-width":79,"insight-icons-height":83,"insight-research-image":"https:\/\/www.bullhorn.com\/de\/wp-content\/uploads\/sites\/7\/2021\/07\/L_Footer_V1-2.png","insight-research-image-width":209,"insight-research-image-height":220,"insight-featured-articles-thumbnail":"https:\/\/www.bullhorn.com\/de\/wp-content\/uploads\/sites\/7\/2021\/07\/L_Footer_V1-2.png","insight-featured-articles-thumbnail-width":156,"insight-featured-articles-thumbnail-height":164,"insight-logo":"https:\/\/www.bullhorn.com\/de\/wp-content\/uploads\/sites\/7\/2021\/07\/L_Footer_V1-2.png","insight-logo-width":169,"insight-logo-height":178}},"enable_bg_shape":false,"image_shape":"masks\/arrow-right","action_type":"button","link_settings":{"link_type":"url","link_text":"Jetzt Live-Demo anfordern","link_page":null,"link_url":"#show-demo-modal","link_style":"button--orange","link_aria":""},"email_placeholder_text":"Enter Your Email Address","block_background":"bg-blue","block_background_video_type":"url","block_background_video_url":"","block_background_video_file":false,"block_background_image":false,"block_background_overlay":false,"unique_id":"","block_option_custom_class":"","block_animate":true,"block_option_padding":[],"block_option_hide":[],"bg_lower_slant_color":""}],"_links":{"self":[{"href":"https:\/\/www.bullhorn.com\/de\/wp-json\/wp\/v2\/pages\/71152","targetHints":{"allow":["GET"]}}],"collection":[{"href":"https:\/\/www.bullhorn.com\/de\/wp-json\/wp\/v2\/pages"}],"about":[{"href":"https:\/\/www.bullhorn.com\/de\/wp-json\/wp\/v2\/types\/page"}],"author":[{"embeddable":true,"href":"https:\/\/www.bullhorn.com\/de\/wp-json\/wp\/v2\/users\/302"}],"replies":[{"embeddable":true,"href":"https:\/\/www.bullhorn.com\/de\/wp-json\/wp\/v2\/comments?post=71152"}],"version-history":[{"count":9,"href":"https:\/\/www.bullhorn.com\/de\/wp-json\/wp\/v2\/pages\/71152\/revisions"}],"predecessor-version":[{"id":72223,"href":"https:\/\/www.bullhorn.com\/de\/wp-json\/wp\/v2\/pages\/71152\/revisions\/72223"}],"wp:featuredmedia":[{"embeddable":true,"href":"https:\/\/www.bullhorn.com\/de\/wp-json\/wp\/v2\/media\/72222"}],"wp:attachment":[{"href":"https:\/\/www.bullhorn.com\/de\/wp-json\/wp\/v2\/media?parent=71152"}],"curies":[{"name":"wp","href":"https:\/\/api.w.org\/{rel}","templated":true}]}}