{"id":71158,"date":"2021-07-19T18:33:18","date_gmt":"2021-07-19T18:33:18","guid":{"rendered":"https:\/\/www.bullhorn.com\/de\/?page_id=71158"},"modified":"2024-03-06T15:29:16","modified_gmt":"2024-03-06T15:29:16","slug":"echtzeit-reporting","status":"publish","type":"page","link":"https:\/\/www.bullhorn.com\/de\/echtzeit-reporting\/","title":{"rendered":"Reporting in Echtzeit"},"content":{"rendered":"","protected":false},"excerpt":{"rendered":"","protected":false},"author":302,"featured_media":72241,"parent":0,"menu_order":0,"comment_status":"closed","ping_status":"closed","template":"","meta":{"_acf_changed":false,"om_disable_all_campaigns":false},"class_list":["post-71158","page","type-page","status-publish","has-post-thumbnail","hentry"],"acf":[],"yoast_head":"<!-- This site is optimized with the Yoast SEO plugin v27.2 - https:\/\/yoast.com\/product\/yoast-seo-wordpress\/ -->\n<title>Echtzeit-Reporting im Recruiting I Bullhorn DE<\/title>\n<meta name=\"description\" content=\"Wichtige Daten aus Ihren Recruiting-Aktivit\u00e4ten in Echtzeit erhalten. Mit Echtzeit-Reporting von Bullhorn. Jetzt mehr dar\u00fcber erfahren!\" \/>\n<meta name=\"robots\" content=\"index, follow, max-snippet:-1, max-image-preview:large, max-video-preview:-1\" \/>\n<link rel=\"canonical\" href=\"https:\/\/www.bullhorn.com\/de\/echtzeit-reporting\/\" \/>\n<meta property=\"og:locale\" content=\"de_DE\" \/>\n<meta property=\"og:type\" content=\"article\" \/>\n<meta property=\"og:title\" content=\"Echtzeit-Reporting im Recruiting I Bullhorn DE\" \/>\n<meta property=\"og:description\" content=\"Wichtige Daten aus Ihren Recruiting-Aktivit\u00e4ten in Echtzeit erhalten. Mit Echtzeit-Reporting von Bullhorn. Jetzt mehr dar\u00fcber erfahren!\" \/>\n<meta property=\"og:url\" content=\"https:\/\/www.bullhorn.com\/de\/echtzeit-reporting\/\" \/>\n<meta property=\"og:site_name\" content=\"Bullhorn DE\" \/>\n<meta property=\"article:publisher\" content=\"https:\/\/www.facebook.com\/Bullhorn\/\" \/>\n<meta property=\"article:modified_time\" content=\"2024-03-06T15:29:16+00:00\" \/>\n<meta property=\"og:image\" content=\"https:\/\/www.bullhorn.com\/de\/wp-content\/uploads\/sites\/7\/2021\/11\/shutterstock_161209889-1.jpg\" \/>\n\t<meta property=\"og:image:width\" content=\"1920\" \/>\n\t<meta property=\"og:image:height\" content=\"1080\" \/>\n\t<meta property=\"og:image:type\" content=\"image\/jpeg\" \/>\n<meta name=\"twitter:card\" content=\"summary_large_image\" \/>\n<meta name=\"twitter:site\" content=\"@Bullhorn\" \/>\n<meta name=\"twitter:label1\" content=\"Gesch\u00e4tzte Lesezeit\" \/>\n\t<meta name=\"twitter:data1\" content=\"1\u00a0Minute\" \/>\n<script type=\"application\/ld+json\" class=\"yoast-schema-graph\">{\"@context\":\"https:\/\/schema.org\",\"@graph\":[{\"@type\":\"WebPage\",\"@id\":\"https:\/\/www.bullhorn.com\/de\/echtzeit-reporting\/\",\"url\":\"https:\/\/www.bullhorn.com\/de\/echtzeit-reporting\/\",\"name\":\"Echtzeit-Reporting im Recruiting I Bullhorn DE\",\"isPartOf\":{\"@id\":\"https:\/\/www.bullhorn.com\/de\/#website\"},\"primaryImageOfPage\":{\"@id\":\"https:\/\/www.bullhorn.com\/de\/echtzeit-reporting\/#primaryimage\"},\"image\":{\"@id\":\"https:\/\/www.bullhorn.com\/de\/echtzeit-reporting\/#primaryimage\"},\"thumbnailUrl\":\"https:\/\/www.bullhorn.com\/de\/wp-content\/uploads\/sites\/7\/2021\/11\/shutterstock_161209889-1.jpg\",\"datePublished\":\"2021-07-19T18:33:18+00:00\",\"dateModified\":\"2024-03-06T15:29:16+00:00\",\"description\":\"Wichtige Daten aus Ihren Recruiting-Aktivit\u00e4ten in Echtzeit erhalten. Mit Echtzeit-Reporting von Bullhorn. Jetzt mehr dar\u00fcber erfahren!\",\"breadcrumb\":{\"@id\":\"https:\/\/www.bullhorn.com\/de\/echtzeit-reporting\/#breadcrumb\"},\"inLanguage\":\"de\",\"potentialAction\":[{\"@type\":\"ReadAction\",\"target\":[\"https:\/\/www.bullhorn.com\/de\/echtzeit-reporting\/\"]}]},{\"@type\":\"ImageObject\",\"inLanguage\":\"de\",\"@id\":\"https:\/\/www.bullhorn.com\/de\/echtzeit-reporting\/#primaryimage\",\"url\":\"https:\/\/www.bullhorn.com\/de\/wp-content\/uploads\/sites\/7\/2021\/11\/shutterstock_161209889-1.jpg\",\"contentUrl\":\"https:\/\/www.bullhorn.com\/de\/wp-content\/uploads\/sites\/7\/2021\/11\/shutterstock_161209889-1.jpg\",\"width\":1920,\"height\":1080,\"caption\":\"Bullhorn Reporting\"},{\"@type\":\"BreadcrumbList\",\"@id\":\"https:\/\/www.bullhorn.com\/de\/echtzeit-reporting\/#breadcrumb\",\"itemListElement\":[{\"@type\":\"ListItem\",\"position\":1,\"name\":\"Home\",\"item\":\"https:\/\/www.bullhorn.com\/de\/\"},{\"@type\":\"ListItem\",\"position\":2,\"name\":\"Reporting in Echtzeit\"}]},{\"@type\":\"WebSite\",\"@id\":\"https:\/\/www.bullhorn.com\/de\/#website\",\"url\":\"https:\/\/www.bullhorn.com\/de\/\",\"name\":\"Bullhorn DE\",\"description\":\"Just another Bullhorn Sites site\",\"publisher\":{\"@id\":\"https:\/\/www.bullhorn.com\/de\/#organization\"},\"potentialAction\":[{\"@type\":\"SearchAction\",\"target\":{\"@type\":\"EntryPoint\",\"urlTemplate\":\"https:\/\/www.bullhorn.com\/de\/?s={search_term_string}\"},\"query-input\":{\"@type\":\"PropertyValueSpecification\",\"valueRequired\":true,\"valueName\":\"search_term_string\"}}],\"inLanguage\":\"de\"},{\"@type\":\"Organization\",\"@id\":\"https:\/\/www.bullhorn.com\/de\/#organization\",\"name\":\"Bullhorn\",\"url\":\"https:\/\/www.bullhorn.com\/de\/\",\"logo\":{\"@type\":\"ImageObject\",\"inLanguage\":\"de\",\"@id\":\"https:\/\/www.bullhorn.com\/de\/#\/schema\/logo\/image\/\",\"url\":\"https:\/\/www.bullhorn.com\/de\/wp-content\/uploads\/sites\/7\/2021\/09\/og-img.png\",\"contentUrl\":\"https:\/\/www.bullhorn.com\/de\/wp-content\/uploads\/sites\/7\/2021\/09\/og-img.png\",\"width\":1200,\"height\":628,\"caption\":\"Bullhorn\"},\"image\":{\"@id\":\"https:\/\/www.bullhorn.com\/de\/#\/schema\/logo\/image\/\"},\"sameAs\":[\"https:\/\/www.facebook.com\/Bullhorn\/\",\"https:\/\/x.com\/Bullhorn\",\"https:\/\/www.instagram.com\/lifeatbullhorn\/?hl=de\",\"https:\/\/www.linkedin.com\/company\/bullhorn\",\"https:\/\/www.youtube.com\/channel\/UC-Rgm5YxtoxsvlCHy6KW3Ug\",\"https:\/\/en.wikipedia.org\/wiki\/Bullhorn,_Inc.\"]}]}<\/script>\n<!-- \/ Yoast SEO plugin. -->","yoast_head_json":{"title":"Echtzeit-Reporting im Recruiting I Bullhorn DE","description":"Wichtige Daten aus Ihren Recruiting-Aktivit\u00e4ten in Echtzeit erhalten. Mit Echtzeit-Reporting von Bullhorn. Jetzt mehr dar\u00fcber erfahren!","robots":{"index":"index","follow":"follow","max-snippet":"max-snippet:-1","max-image-preview":"max-image-preview:large","max-video-preview":"max-video-preview:-1"},"canonical":"https:\/\/www.bullhorn.com\/de\/echtzeit-reporting\/","og_locale":"de_DE","og_type":"article","og_title":"Echtzeit-Reporting im Recruiting I Bullhorn DE","og_description":"Wichtige Daten aus Ihren Recruiting-Aktivit\u00e4ten in Echtzeit erhalten. Mit Echtzeit-Reporting von Bullhorn. Jetzt mehr dar\u00fcber erfahren!","og_url":"https:\/\/www.bullhorn.com\/de\/echtzeit-reporting\/","og_site_name":"Bullhorn DE","article_publisher":"https:\/\/www.facebook.com\/Bullhorn\/","article_modified_time":"2024-03-06T15:29:16+00:00","og_image":[{"width":1920,"height":1080,"url":"https:\/\/www.bullhorn.com\/de\/wp-content\/uploads\/sites\/7\/2021\/11\/shutterstock_161209889-1.jpg","type":"image\/jpeg"}],"twitter_card":"summary_large_image","twitter_site":"@Bullhorn","twitter_misc":{"Gesch\u00e4tzte Lesezeit":"1\u00a0Minute"},"schema":{"@context":"https:\/\/schema.org","@graph":[{"@type":"WebPage","@id":"https:\/\/www.bullhorn.com\/de\/echtzeit-reporting\/","url":"https:\/\/www.bullhorn.com\/de\/echtzeit-reporting\/","name":"Echtzeit-Reporting im Recruiting I Bullhorn DE","isPartOf":{"@id":"https:\/\/www.bullhorn.com\/de\/#website"},"primaryImageOfPage":{"@id":"https:\/\/www.bullhorn.com\/de\/echtzeit-reporting\/#primaryimage"},"image":{"@id":"https:\/\/www.bullhorn.com\/de\/echtzeit-reporting\/#primaryimage"},"thumbnailUrl":"https:\/\/www.bullhorn.com\/de\/wp-content\/uploads\/sites\/7\/2021\/11\/shutterstock_161209889-1.jpg","datePublished":"2021-07-19T18:33:18+00:00","dateModified":"2024-03-06T15:29:16+00:00","description":"Wichtige Daten aus Ihren Recruiting-Aktivit\u00e4ten in Echtzeit erhalten. Mit Echtzeit-Reporting von Bullhorn. Jetzt mehr dar\u00fcber erfahren!","breadcrumb":{"@id":"https:\/\/www.bullhorn.com\/de\/echtzeit-reporting\/#breadcrumb"},"inLanguage":"de","potentialAction":[{"@type":"ReadAction","target":["https:\/\/www.bullhorn.com\/de\/echtzeit-reporting\/"]}]},{"@type":"ImageObject","inLanguage":"de","@id":"https:\/\/www.bullhorn.com\/de\/echtzeit-reporting\/#primaryimage","url":"https:\/\/www.bullhorn.com\/de\/wp-content\/uploads\/sites\/7\/2021\/11\/shutterstock_161209889-1.jpg","contentUrl":"https:\/\/www.bullhorn.com\/de\/wp-content\/uploads\/sites\/7\/2021\/11\/shutterstock_161209889-1.jpg","width":1920,"height":1080,"caption":"Bullhorn Reporting"},{"@type":"BreadcrumbList","@id":"https:\/\/www.bullhorn.com\/de\/echtzeit-reporting\/#breadcrumb","itemListElement":[{"@type":"ListItem","position":1,"name":"Home","item":"https:\/\/www.bullhorn.com\/de\/"},{"@type":"ListItem","position":2,"name":"Reporting in Echtzeit"}]},{"@type":"WebSite","@id":"https:\/\/www.bullhorn.com\/de\/#website","url":"https:\/\/www.bullhorn.com\/de\/","name":"Bullhorn DE","description":"Just another Bullhorn Sites site","publisher":{"@id":"https:\/\/www.bullhorn.com\/de\/#organization"},"potentialAction":[{"@type":"SearchAction","target":{"@type":"EntryPoint","urlTemplate":"https:\/\/www.bullhorn.com\/de\/?s={search_term_string}"},"query-input":{"@type":"PropertyValueSpecification","valueRequired":true,"valueName":"search_term_string"}}],"inLanguage":"de"},{"@type":"Organization","@id":"https:\/\/www.bullhorn.com\/de\/#organization","name":"Bullhorn","url":"https:\/\/www.bullhorn.com\/de\/","logo":{"@type":"ImageObject","inLanguage":"de","@id":"https:\/\/www.bullhorn.com\/de\/#\/schema\/logo\/image\/","url":"https:\/\/www.bullhorn.com\/de\/wp-content\/uploads\/sites\/7\/2021\/09\/og-img.png","contentUrl":"https:\/\/www.bullhorn.com\/de\/wp-content\/uploads\/sites\/7\/2021\/09\/og-img.png","width":1200,"height":628,"caption":"Bullhorn"},"image":{"@id":"https:\/\/www.bullhorn.com\/de\/#\/schema\/logo\/image\/"},"sameAs":["https:\/\/www.facebook.com\/Bullhorn\/","https:\/\/x.com\/Bullhorn","https:\/\/www.instagram.com\/lifeatbullhorn\/?hl=de","https:\/\/www.linkedin.com\/company\/bullhorn","https:\/\/www.youtube.com\/channel\/UC-Rgm5YxtoxsvlCHy6KW3Ug","https:\/\/en.wikipedia.org\/wiki\/Bullhorn,_Inc."]}]}},"grav_blocks":[{"acf_fc_layout":"columns","block_title":"","block_aria":"","block_subtitle":"","format":"","enable_box_shadow":true,"columns":[{"type":"wysiwyg","wysiwyg":"<h3>Die Herausforderung<\/h3>\n<p>Entscheidungen ohne Datengrundlage sind wie der Wurf eines Dartpfeils mit verbundenen Augen. Beim Recruiting kommt es auf Zeit an. Damit Sie sich von Ihren Mitbewerbern absetzen, ben\u00f6tigen Sie alle relevanten Zahlen sofort, um schnell die richtigen Entscheidungen treffen zu k\u00f6nnen.<\/p>\n","accordion_open_first_section":false,"accordion_multiple_open_sections":false,"accordion_items":false,"icon_list_items":false},{"type":"wysiwyg","wysiwyg":"<h3>Unsere L\u00f6sung<\/h3>\n<p>Live-Reports von Bullhorn bieten Ihnen wertvolle Einblicke in verschiedene Bereiche Ihres Unternehmens. Ganz gleich, ob Sie wissen wollen, wo Sie expandieren sollten oder welche Vermittlungen die h\u00f6chste Marge gebracht haben, Bullhorn zeigt es Ihnen.<\/p>\n","accordion_open_first_section":false,"accordion_multiple_open_sections":false,"accordion_items":false,"icon_list_items":false}],"block_background":"bg-blue","block_background_video_type":"url","block_background_video_url":"","block_background_video_file":false,"block_background_image":false,"block_background_overlay":false,"unique_id":"","block_option_custom_class":"","block_animate":true,"block_option_padding":[],"block_option_hide":[],"bg_lower_slant_color":"white"},{"acf_fc_layout":"card-grid","block_title":"","block_aria":"","block_subtitle":"","background_shape":"","background_shape_position":"left","parallax_fx":false,"title_position":"top","cards_bg_color":"","cards_border":false,"cards_per_row":"4","cards":[{"icon":"icons\/arrows-up","icon_color":"orange","line_title_with_icon":false,"inline_title":"","content":"<h3>Verdoppeln Sie Ihren Erfolg<\/h3>\n<p>Wenn Sie wissen, was in Ihrem Unternehmen funktioniert und was nicht, k\u00f6nnen Sie den Fokus Ihrer Teams auf die umsatzst\u00e4rksten Bereiche lenken. Beispiel gef\u00e4llig? Sehen Sie hier, wo Sie ansetzen k\u00f6nnen, um die Zeit bis zur Vermittlung zu verk\u00fcrzen.<\/p>\n"}],"block_background":"block-bg-none","block_background_video_type":"url","block_background_video_url":"","block_background_video_file":false,"block_background_image":false,"block_background_overlay":false,"unique_id":"","block_option_custom_class":"","block_animate":true,"block_option_padding":[],"block_option_hide":[],"bg_lower_slant_color":""},{"acf_fc_layout":"content-icon-box","icon":"content-icon-box\/CE_Shape_3","icon_color":"green","icon_alignment":"right","background_shape":"","parallax_fx":false,"title":"Echtzeit-Dashboards","block_aria":"","content":"<p>Mit den Dashboards von Bullhorn ziehen Sie aus Ihren Recruiting-Aktivit\u00e4ten wertvolle Insights f\u00fcr Ihr Unternehmen. Die Standard-Berichte zeigen die Performance Ihres gesamten Teams oder einzelner Recruiter sowie Details zu erfolgreichen Vermittlungen, Kontakten zu Bewerbern, Effektivit\u00e4t beim Sourcing und vieles mehr.<\/p>\n","links_title":"","links":false,"block_background":"block-bg-none","block_background_video_type":"url","block_background_video_url":"","block_background_video_file":false,"block_background_image":false,"block_background_overlay":false,"unique_id":"","block_option_custom_class":"","block_animate":true,"block_option_padding":[],"block_option_hide":[],"bg_lower_slant_color":""},{"acf_fc_layout":"content-icon-box","icon":"content-icon-box\/CE_Shape_2","icon_color":"green","icon_alignment":"left","background_shape":"","parallax_fx":false,"title":"Ad Hoc Reporting","block_aria":"","content":"<p>Recruiting-Analytics von Bullhorn bieten Ihnen fundierte Analysen Ihres Unternehmens und Sie k\u00f6nnen beliebige Reports erstellen.<\/p>\n","links_title":"","links":false,"block_background":"block-bg-none","block_background_video_type":"url","block_background_video_url":"","block_background_video_file":false,"block_background_image":false,"block_background_overlay":false,"unique_id":"","block_option_custom_class":"","block_animate":true,"block_option_padding":[],"block_option_hide":[],"bg_lower_slant_color":""},{"acf_fc_layout":"content-icon-box","icon":"content-icon-box\/CE_Shape_1","icon_color":"green","icon_alignment":"right","background_shape":"","parallax_fx":false,"title":"Marketplace-Partner","block_aria":"","content":"<p>Im Bullhorn-\u00d6kosystem haben Sie Zugriff auf Anwendungen unserer Partner, mit welchen Sie die Recruiting-Software perfekt auf Ihre Bed\u00fcrfnisse und Technik ausrichten k\u00f6nnen.<\/p>\n","links_title":"","links":false,"block_background":"block-bg-none","block_background_video_type":"url","block_background_video_url":"","block_background_video_file":false,"block_background_image":false,"block_background_overlay":false,"unique_id":"","block_option_custom_class":"","block_animate":true,"block_option_padding":[],"block_option_hide":[],"bg_lower_slant_color":""},{"acf_fc_layout":"global-block","block_group":71141},{"acf_fc_layout":"testimonials","background_shape":"shapes\/heart","background_shape_position":"left","parallax_fx":true,"transition_speed":"10","enable_autoplay":false,"autoplay_speed":3000,"testimonials":[71159,71081],"block_background":"block-bg-none","block_background_video_type":"url","block_background_video_url":"","block_background_video_file":false,"block_background_image":false,"block_background_overlay":false,"unique_id":"","block_option_custom_class":"","block_option_padding":[],"block_option_hide":[]},{"acf_fc_layout":"related-resources","title":"Weiterf\u00fchrende Informationen","enable_archive_link":true,"archive_link_text":"Alle Ressourcen","post_type":"resource","post_type_resource_fields":{"relationship_source":"custom","note_automatic_relationship":null,"custom_tax":false,"custom_resources":[74231,7002,6349,729,71621],"fill_remaining_resources":true},"post_type_blog_fields":{"relationship_source":false,"note_automatic_relationship":null,"custom_tag":false,"custom_category":false,"custom_resources":null,"fill_remaining_posts":true},"block_background":"block-bg-none","block_background_video_type":"url","block_background_video_url":"","block_background_video_file":false,"block_background_image":false,"block_background_overlay":false,"unique_id":"","block_option_custom_class":"","block_option_padding":[],"block_option_hide":[]},{"acf_fc_layout":"global-block","block_group":71013}],"_links":{"self":[{"href":"https:\/\/www.bullhorn.com\/de\/wp-json\/wp\/v2\/pages\/71158","targetHints":{"allow":["GET"]}}],"collection":[{"href":"https:\/\/www.bullhorn.com\/de\/wp-json\/wp\/v2\/pages"}],"about":[{"href":"https:\/\/www.bullhorn.com\/de\/wp-json\/wp\/v2\/types\/page"}],"author":[{"embeddable":true,"href":"https:\/\/www.bullhorn.com\/de\/wp-json\/wp\/v2\/users\/302"}],"replies":[{"embeddable":true,"href":"https:\/\/www.bullhorn.com\/de\/wp-json\/wp\/v2\/comments?post=71158"}],"version-history":[{"count":5,"href":"https:\/\/www.bullhorn.com\/de\/wp-json\/wp\/v2\/pages\/71158\/revisions"}],"predecessor-version":[{"id":74246,"href":"https:\/\/www.bullhorn.com\/de\/wp-json\/wp\/v2\/pages\/71158\/revisions\/74246"}],"wp:featuredmedia":[{"embeddable":true,"href":"https:\/\/www.bullhorn.com\/de\/wp-json\/wp\/v2\/media\/72241"}],"wp:attachment":[{"href":"https:\/\/www.bullhorn.com\/de\/wp-json\/wp\/v2\/media?parent=71158"}],"curies":[{"name":"wp","href":"https:\/\/api.w.org\/{rel}","templated":true}]}}