{"id":71177,"date":"2021-07-19T19:25:22","date_gmt":"2021-07-19T19:25:22","guid":{"rendered":"https:\/\/www.bullhorn.com\/de\/?page_id=71177"},"modified":"2024-10-16T14:54:38","modified_gmt":"2024-10-16T14:54:38","slug":"sales","status":"publish","type":"page","link":"https:\/\/www.bullhorn.com\/de\/sales\/","title":{"rendered":"Sales"},"content":{"rendered":"","protected":false},"excerpt":{"rendered":"","protected":false},"author":302,"featured_media":0,"parent":0,"menu_order":0,"comment_status":"closed","ping_status":"closed","template":"","meta":{"_acf_changed":false,"om_disable_all_campaigns":false},"class_list":["post-71177","page","type-page","status-publish","hentry"],"acf":[],"yoast_head":"<!-- This site is optimized with the Yoast SEO plugin v27.2 - https:\/\/yoast.com\/product\/yoast-seo-wordpress\/ -->\n<title>Vertriebssoftware f\u00fcr personaldienstleister und recruiter<\/title>\n<meta name=\"description\" content=\"Machen Sie Ihren Vertrieb effizienter: Bullhorn f\u00fcr Personaldienstleister &amp; Recruiter bietet passende L\u00f6sungen. Jetzt mehr erfahren!\" \/>\n<meta name=\"robots\" content=\"index, follow, max-snippet:-1, max-image-preview:large, max-video-preview:-1\" \/>\n<link rel=\"canonical\" href=\"https:\/\/www.bullhorn.com\/de\/sales\/\" \/>\n<meta property=\"og:locale\" content=\"de_DE\" \/>\n<meta property=\"og:type\" content=\"article\" \/>\n<meta property=\"og:title\" content=\"Vertriebssoftware f\u00fcr personaldienstleister und recruiter\" \/>\n<meta property=\"og:description\" content=\"Machen Sie Ihren Vertrieb effizienter: Bullhorn f\u00fcr Personaldienstleister &amp; Recruiter bietet passende L\u00f6sungen. Jetzt mehr erfahren!\" \/>\n<meta property=\"og:url\" content=\"https:\/\/www.bullhorn.com\/de\/sales\/\" \/>\n<meta property=\"og:site_name\" content=\"Bullhorn DE\" \/>\n<meta property=\"article:publisher\" content=\"https:\/\/www.facebook.com\/Bullhorn\/\" \/>\n<meta property=\"article:modified_time\" content=\"2024-10-16T14:54:38+00:00\" \/>\n<meta name=\"twitter:card\" content=\"summary_large_image\" \/>\n<meta name=\"twitter:site\" content=\"@Bullhorn\" \/>\n<script type=\"application\/ld+json\" class=\"yoast-schema-graph\">{\"@context\":\"https:\/\/schema.org\",\"@graph\":[{\"@type\":\"WebPage\",\"@id\":\"https:\/\/www.bullhorn.com\/de\/sales\/\",\"url\":\"https:\/\/www.bullhorn.com\/de\/sales\/\",\"name\":\"Vertriebssoftware f\u00fcr personaldienstleister und recruiter\",\"isPartOf\":{\"@id\":\"https:\/\/www.bullhorn.com\/de\/#website\"},\"datePublished\":\"2021-07-19T19:25:22+00:00\",\"dateModified\":\"2024-10-16T14:54:38+00:00\",\"description\":\"Machen Sie Ihren Vertrieb effizienter: Bullhorn f\u00fcr Personaldienstleister & Recruiter bietet passende L\u00f6sungen. Jetzt mehr erfahren!\",\"breadcrumb\":{\"@id\":\"https:\/\/www.bullhorn.com\/de\/sales\/#breadcrumb\"},\"inLanguage\":\"de\",\"potentialAction\":[{\"@type\":\"ReadAction\",\"target\":[\"https:\/\/www.bullhorn.com\/de\/sales\/\"]}]},{\"@type\":\"BreadcrumbList\",\"@id\":\"https:\/\/www.bullhorn.com\/de\/sales\/#breadcrumb\",\"itemListElement\":[{\"@type\":\"ListItem\",\"position\":1,\"name\":\"Home\",\"item\":\"https:\/\/www.bullhorn.com\/de\/\"},{\"@type\":\"ListItem\",\"position\":2,\"name\":\"Sales\"}]},{\"@type\":\"WebSite\",\"@id\":\"https:\/\/www.bullhorn.com\/de\/#website\",\"url\":\"https:\/\/www.bullhorn.com\/de\/\",\"name\":\"Bullhorn DE\",\"description\":\"Just another Bullhorn Sites site\",\"publisher\":{\"@id\":\"https:\/\/www.bullhorn.com\/de\/#organization\"},\"potentialAction\":[{\"@type\":\"SearchAction\",\"target\":{\"@type\":\"EntryPoint\",\"urlTemplate\":\"https:\/\/www.bullhorn.com\/de\/?s={search_term_string}\"},\"query-input\":{\"@type\":\"PropertyValueSpecification\",\"valueRequired\":true,\"valueName\":\"search_term_string\"}}],\"inLanguage\":\"de\"},{\"@type\":\"Organization\",\"@id\":\"https:\/\/www.bullhorn.com\/de\/#organization\",\"name\":\"Bullhorn\",\"url\":\"https:\/\/www.bullhorn.com\/de\/\",\"logo\":{\"@type\":\"ImageObject\",\"inLanguage\":\"de\",\"@id\":\"https:\/\/www.bullhorn.com\/de\/#\/schema\/logo\/image\/\",\"url\":\"https:\/\/www.bullhorn.com\/de\/wp-content\/uploads\/sites\/7\/2021\/09\/og-img.png\",\"contentUrl\":\"https:\/\/www.bullhorn.com\/de\/wp-content\/uploads\/sites\/7\/2021\/09\/og-img.png\",\"width\":1200,\"height\":628,\"caption\":\"Bullhorn\"},\"image\":{\"@id\":\"https:\/\/www.bullhorn.com\/de\/#\/schema\/logo\/image\/\"},\"sameAs\":[\"https:\/\/www.facebook.com\/Bullhorn\/\",\"https:\/\/x.com\/Bullhorn\",\"https:\/\/www.instagram.com\/lifeatbullhorn\/?hl=de\",\"https:\/\/www.linkedin.com\/company\/bullhorn\",\"https:\/\/www.youtube.com\/channel\/UC-Rgm5YxtoxsvlCHy6KW3Ug\",\"https:\/\/en.wikipedia.org\/wiki\/Bullhorn,_Inc.\"]}]}<\/script>\n<!-- \/ Yoast SEO plugin. -->","yoast_head_json":{"title":"Vertriebssoftware f\u00fcr personaldienstleister und recruiter","description":"Machen Sie Ihren Vertrieb effizienter: Bullhorn f\u00fcr Personaldienstleister & Recruiter bietet passende L\u00f6sungen. Jetzt mehr erfahren!","robots":{"index":"index","follow":"follow","max-snippet":"max-snippet:-1","max-image-preview":"max-image-preview:large","max-video-preview":"max-video-preview:-1"},"canonical":"https:\/\/www.bullhorn.com\/de\/sales\/","og_locale":"de_DE","og_type":"article","og_title":"Vertriebssoftware f\u00fcr personaldienstleister und recruiter","og_description":"Machen Sie Ihren Vertrieb effizienter: Bullhorn f\u00fcr Personaldienstleister & Recruiter bietet passende L\u00f6sungen. Jetzt mehr erfahren!","og_url":"https:\/\/www.bullhorn.com\/de\/sales\/","og_site_name":"Bullhorn DE","article_publisher":"https:\/\/www.facebook.com\/Bullhorn\/","article_modified_time":"2024-10-16T14:54:38+00:00","twitter_card":"summary_large_image","twitter_site":"@Bullhorn","schema":{"@context":"https:\/\/schema.org","@graph":[{"@type":"WebPage","@id":"https:\/\/www.bullhorn.com\/de\/sales\/","url":"https:\/\/www.bullhorn.com\/de\/sales\/","name":"Vertriebssoftware f\u00fcr personaldienstleister und recruiter","isPartOf":{"@id":"https:\/\/www.bullhorn.com\/de\/#website"},"datePublished":"2021-07-19T19:25:22+00:00","dateModified":"2024-10-16T14:54:38+00:00","description":"Machen Sie Ihren Vertrieb effizienter: Bullhorn f\u00fcr Personaldienstleister & Recruiter bietet passende L\u00f6sungen. Jetzt mehr erfahren!","breadcrumb":{"@id":"https:\/\/www.bullhorn.com\/de\/sales\/#breadcrumb"},"inLanguage":"de","potentialAction":[{"@type":"ReadAction","target":["https:\/\/www.bullhorn.com\/de\/sales\/"]}]},{"@type":"BreadcrumbList","@id":"https:\/\/www.bullhorn.com\/de\/sales\/#breadcrumb","itemListElement":[{"@type":"ListItem","position":1,"name":"Home","item":"https:\/\/www.bullhorn.com\/de\/"},{"@type":"ListItem","position":2,"name":"Sales"}]},{"@type":"WebSite","@id":"https:\/\/www.bullhorn.com\/de\/#website","url":"https:\/\/www.bullhorn.com\/de\/","name":"Bullhorn DE","description":"Just another Bullhorn Sites site","publisher":{"@id":"https:\/\/www.bullhorn.com\/de\/#organization"},"potentialAction":[{"@type":"SearchAction","target":{"@type":"EntryPoint","urlTemplate":"https:\/\/www.bullhorn.com\/de\/?s={search_term_string}"},"query-input":{"@type":"PropertyValueSpecification","valueRequired":true,"valueName":"search_term_string"}}],"inLanguage":"de"},{"@type":"Organization","@id":"https:\/\/www.bullhorn.com\/de\/#organization","name":"Bullhorn","url":"https:\/\/www.bullhorn.com\/de\/","logo":{"@type":"ImageObject","inLanguage":"de","@id":"https:\/\/www.bullhorn.com\/de\/#\/schema\/logo\/image\/","url":"https:\/\/www.bullhorn.com\/de\/wp-content\/uploads\/sites\/7\/2021\/09\/og-img.png","contentUrl":"https:\/\/www.bullhorn.com\/de\/wp-content\/uploads\/sites\/7\/2021\/09\/og-img.png","width":1200,"height":628,"caption":"Bullhorn"},"image":{"@id":"https:\/\/www.bullhorn.com\/de\/#\/schema\/logo\/image\/"},"sameAs":["https:\/\/www.facebook.com\/Bullhorn\/","https:\/\/x.com\/Bullhorn","https:\/\/www.instagram.com\/lifeatbullhorn\/?hl=de","https:\/\/www.linkedin.com\/company\/bullhorn","https:\/\/www.youtube.com\/channel\/UC-Rgm5YxtoxsvlCHy6KW3Ug","https:\/\/en.wikipedia.org\/wiki\/Bullhorn,_Inc."]}]}},"grav_blocks":[{"acf_fc_layout":"card-grid","block_title":"","block_aria":"","block_subtitle":"","background_shape":"","background_shape_position":"left","parallax_fx":false,"title_position":"top","cards_bg_color":"bg-white","cards_border":true,"cards_per_row":"4","cards":[{"icon":"icons\/increase-revenue","icon_color":"blue-dark","line_title_with_icon":false,"inline_title":"","content":"<h4>Gewinnen Sie neue Auftr\u00e4ge<\/h4>\n<p>Erschlie\u00dfen Sie sich neue Kunden und bauen Sie starke Gesch\u00e4ftsbeziehungen mit den richtigen Kontakten auf, um Ihre Ums\u00e4tze zu steigern.<\/p>\n"},{"icon":"icons\/handshake","icon_color":"blue-dark","line_title_with_icon":false,"inline_title":"","content":"<h4>Erweitern Sie die Beziehungen zu Ihren Bestandskunden<\/h4>\n<p>Erhalten Sie mehr Auftr\u00e4ge von Ihren Bestandskunden, indem Sie ihnen dank Echtzeitanalysen neue Wachtstumschancen aufzeigen und die Kundenbindung st\u00e4rken.<\/p>\n"}],"block_background":"block-bg-none","block_background_video_type":"url","block_background_video_url":"","block_background_video_file":false,"block_background_image":false,"block_background_overlay":false,"unique_id":"","block_option_custom_class":"","block_animate":true,"block_option_padding":[],"block_option_hide":[],"bg_lower_slant_color":""},{"acf_fc_layout":"content-media","media_type":"image","image":{"ID":71182,"id":71182,"title":"SALE_1_Pulse_DE_V1","filename":"SALE_1_Pulse_DE_V1.png","filesize":27866,"url":"https:\/\/www.bullhorn.com\/de\/wp-content\/uploads\/sites\/7\/2021\/07\/SALE_1_Pulse_DE_V1.png","link":"https:\/\/www.bullhorn.com\/de\/sales\/sale_1_pulse_de_v1\/","alt":"","author":"302","description":"","caption":"","name":"sale_1_pulse_de_v1","status":"inherit","uploaded_to":71177,"date":"2021-07-19 19:20:38","modified":"2021-07-19 19:20:38","menu_order":0,"mime_type":"image\/png","type":"image","subtype":"png","icon":"https:\/\/www.bullhorn.com\/de\/wp-includes\/images\/media\/default.png","width":600,"height":450,"sizes":{"thumbnail":"https:\/\/www.bullhorn.com\/de\/wp-content\/uploads\/sites\/7\/2021\/07\/SALE_1_Pulse_DE_V1-150x150.png","thumbnail-width":150,"thumbnail-height":150,"medium":"https:\/\/www.bullhorn.com\/de\/wp-content\/uploads\/sites\/7\/2021\/07\/SALE_1_Pulse_DE_V1-300x225.png","medium-width":300,"medium-height":225,"medium_large":"https:\/\/www.bullhorn.com\/de\/wp-content\/uploads\/sites\/7\/2021\/07\/SALE_1_Pulse_DE_V1.png","medium_large-width":600,"medium_large-height":450,"large":"https:\/\/www.bullhorn.com\/de\/wp-content\/uploads\/sites\/7\/2021\/07\/SALE_1_Pulse_DE_V1.png","large-width":600,"large-height":450,"1536x1536":"https:\/\/www.bullhorn.com\/de\/wp-content\/uploads\/sites\/7\/2021\/07\/SALE_1_Pulse_DE_V1.png","1536x1536-width":600,"1536x1536-height":450,"2048x2048":"https:\/\/www.bullhorn.com\/de\/wp-content\/uploads\/sites\/7\/2021\/07\/SALE_1_Pulse_DE_V1.png","2048x2048-width":600,"2048x2048-height":450,"post-thumbnail":"https:\/\/www.bullhorn.com\/de\/wp-content\/uploads\/sites\/7\/2021\/07\/SALE_1_Pulse_DE_V1-300x300.png","post-thumbnail-width":300,"post-thumbnail-height":300,"small":"https:\/\/www.bullhorn.com\/de\/wp-content\/uploads\/sites\/7\/2021\/07\/SALE_1_Pulse_DE_V1-300x225.png","small-width":300,"small-height":225,"xlarge":"https:\/\/www.bullhorn.com\/de\/wp-content\/uploads\/sites\/7\/2021\/07\/SALE_1_Pulse_DE_V1.png","xlarge-width":600,"xlarge-height":450,"insight-of-the-week":"https:\/\/www.bullhorn.com\/de\/wp-content\/uploads\/sites\/7\/2021\/07\/SALE_1_Pulse_DE_V1.png","insight-of-the-week-width":503,"insight-of-the-week-height":377,"insight-icons":"https:\/\/www.bullhorn.com\/de\/wp-content\/uploads\/sites\/7\/2021\/07\/SALE_1_Pulse_DE_V1.png","insight-icons-width":83,"insight-icons-height":62,"insight-research-image":"https:\/\/www.bullhorn.com\/de\/wp-content\/uploads\/sites\/7\/2021\/07\/SALE_1_Pulse_DE_V1.png","insight-research-image-width":293,"insight-research-image-height":220,"insight-featured-articles-thumbnail":"https:\/\/www.bullhorn.com\/de\/wp-content\/uploads\/sites\/7\/2021\/07\/SALE_1_Pulse_DE_V1.png","insight-featured-articles-thumbnail-width":219,"insight-featured-articles-thumbnail-height":164,"insight-logo":"https:\/\/www.bullhorn.com\/de\/wp-content\/uploads\/sites\/7\/2021\/07\/SALE_1_Pulse_DE_V1.png","insight-logo-width":237,"insight-logo-height":178}},"video_url":"","embed_code":"","image_placement":"right","image_size":"6","image_box_shadow":false,"background_shape":"","background_shape_position":"left","parallax_fx":false,"block_aria":"","link_type":"none","link_page":null,"link_url":"","link_file":false,"link_video":"","link_aria":"","content":"<h2>Kunden-Analyse mit Pulse von Bullhorn<\/h2>\n<p>Bullhorn Pulse liefert eine ganzheitliche Sicht auf die Beziehung zu Kunden und Interessenten. Dank der hohen Transparenz wissen Sie jederzeit, welches Bed\u00fcrfnis Ihre Kontakte gerade haben. Die verwertbaren Insights helfen Ihnen dabei, wirtschaftliche Risiken zu minimieren und aus Interessenten Ihre besten Kunden zu machen.<\/p>\n","block_background":"block-bg-none","block_background_video_type":"url","block_background_video_url":"","block_background_video_file":false,"block_background_image":false,"block_background_overlay":false,"unique_id":"","block_option_custom_class":"","block_animate":true,"block_option_padding":["block-options-padding-remove-bottom"],"block_option_hide":[]},{"acf_fc_layout":"content-media","media_type":"image","image":{"ID":71183,"id":71183,"title":"SALE_2_CRM_DE_V1","filename":"SALE_2_CRM_DE_V1.png","filesize":105877,"url":"https:\/\/www.bullhorn.com\/de\/wp-content\/uploads\/sites\/7\/2021\/07\/SALE_2_CRM_DE_V1.png","link":"https:\/\/www.bullhorn.com\/de\/sales\/sale_2_crm_de_v1\/","alt":"","author":"302","description":"","caption":"","name":"sale_2_crm_de_v1","status":"inherit","uploaded_to":71177,"date":"2021-07-19 19:20:39","modified":"2021-07-19 19:20:39","menu_order":0,"mime_type":"image\/png","type":"image","subtype":"png","icon":"https:\/\/www.bullhorn.com\/de\/wp-includes\/images\/media\/default.png","width":600,"height":450,"sizes":{"thumbnail":"https:\/\/www.bullhorn.com\/de\/wp-content\/uploads\/sites\/7\/2021\/07\/SALE_2_CRM_DE_V1-150x150.png","thumbnail-width":150,"thumbnail-height":150,"medium":"https:\/\/www.bullhorn.com\/de\/wp-content\/uploads\/sites\/7\/2021\/07\/SALE_2_CRM_DE_V1-300x225.png","medium-width":300,"medium-height":225,"medium_large":"https:\/\/www.bullhorn.com\/de\/wp-content\/uploads\/sites\/7\/2021\/07\/SALE_2_CRM_DE_V1.png","medium_large-width":600,"medium_large-height":450,"large":"https:\/\/www.bullhorn.com\/de\/wp-content\/uploads\/sites\/7\/2021\/07\/SALE_2_CRM_DE_V1.png","large-width":600,"large-height":450,"1536x1536":"https:\/\/www.bullhorn.com\/de\/wp-content\/uploads\/sites\/7\/2021\/07\/SALE_2_CRM_DE_V1.png","1536x1536-width":600,"1536x1536-height":450,"2048x2048":"https:\/\/www.bullhorn.com\/de\/wp-content\/uploads\/sites\/7\/2021\/07\/SALE_2_CRM_DE_V1.png","2048x2048-width":600,"2048x2048-height":450,"post-thumbnail":"https:\/\/www.bullhorn.com\/de\/wp-content\/uploads\/sites\/7\/2021\/07\/SALE_2_CRM_DE_V1-300x300.png","post-thumbnail-width":300,"post-thumbnail-height":300,"small":"https:\/\/www.bullhorn.com\/de\/wp-content\/uploads\/sites\/7\/2021\/07\/SALE_2_CRM_DE_V1-300x225.png","small-width":300,"small-height":225,"xlarge":"https:\/\/www.bullhorn.com\/de\/wp-content\/uploads\/sites\/7\/2021\/07\/SALE_2_CRM_DE_V1.png","xlarge-width":600,"xlarge-height":450,"insight-of-the-week":"https:\/\/www.bullhorn.com\/de\/wp-content\/uploads\/sites\/7\/2021\/07\/SALE_2_CRM_DE_V1.png","insight-of-the-week-width":503,"insight-of-the-week-height":377,"insight-icons":"https:\/\/www.bullhorn.com\/de\/wp-content\/uploads\/sites\/7\/2021\/07\/SALE_2_CRM_DE_V1.png","insight-icons-width":83,"insight-icons-height":62,"insight-research-image":"https:\/\/www.bullhorn.com\/de\/wp-content\/uploads\/sites\/7\/2021\/07\/SALE_2_CRM_DE_V1.png","insight-research-image-width":293,"insight-research-image-height":220,"insight-featured-articles-thumbnail":"https:\/\/www.bullhorn.com\/de\/wp-content\/uploads\/sites\/7\/2021\/07\/SALE_2_CRM_DE_V1.png","insight-featured-articles-thumbnail-width":219,"insight-featured-articles-thumbnail-height":164,"insight-logo":"https:\/\/www.bullhorn.com\/de\/wp-content\/uploads\/sites\/7\/2021\/07\/SALE_2_CRM_DE_V1.png","insight-logo-width":237,"insight-logo-height":178}},"video_url":"","embed_code":"","image_placement":"left","image_size":"6","image_box_shadow":false,"background_shape":"","background_shape_position":"left","parallax_fx":false,"block_aria":"","link_type":"none","link_page":null,"link_url":"","link_file":false,"link_video":"","link_aria":"","content":"<h2>Customer Relationship Management<\/h2>\n<p>Mit dem CRM von Bullhorn erh\u00f6hen Sie die Transparenz in Ihrem Team und wissen jederzeit, welches Teammitglied mit welchen Kunden in Kontakt steht und was gerade Thema ist. Dieses mobile, intuitiv nutzbare und komplett automatisierte Tool verbessert die Zusammenarbeit im Team und hilft Ihnen dabei, aus Leads Kunden zu generieren.<\/p>\n","block_background":"block-bg-none","block_background_video_type":"url","block_background_video_url":"","block_background_video_file":false,"block_background_image":false,"block_background_overlay":false,"unique_id":"","block_option_custom_class":"","block_animate":true,"block_option_padding":["block-options-padding-remove-bottom"],"block_option_hide":[]},{"acf_fc_layout":"content-media","media_type":"image","image":{"ID":71184,"id":71184,"title":"SALE_3_Reporting_DE_V1","filename":"SALE_3_Reporting_DE_V1.png","filesize":20322,"url":"https:\/\/www.bullhorn.com\/de\/wp-content\/uploads\/sites\/7\/2021\/07\/SALE_3_Reporting_DE_V1.png","link":"https:\/\/www.bullhorn.com\/de\/sales\/sale_3_reporting_de_v1\/","alt":"","author":"302","description":"","caption":"","name":"sale_3_reporting_de_v1","status":"inherit","uploaded_to":71177,"date":"2021-07-19 19:20:41","modified":"2021-07-19 19:20:41","menu_order":0,"mime_type":"image\/png","type":"image","subtype":"png","icon":"https:\/\/www.bullhorn.com\/de\/wp-includes\/images\/media\/default.png","width":600,"height":450,"sizes":{"thumbnail":"https:\/\/www.bullhorn.com\/de\/wp-content\/uploads\/sites\/7\/2021\/07\/SALE_3_Reporting_DE_V1-150x150.png","thumbnail-width":150,"thumbnail-height":150,"medium":"https:\/\/www.bullhorn.com\/de\/wp-content\/uploads\/sites\/7\/2021\/07\/SALE_3_Reporting_DE_V1-300x225.png","medium-width":300,"medium-height":225,"medium_large":"https:\/\/www.bullhorn.com\/de\/wp-content\/uploads\/sites\/7\/2021\/07\/SALE_3_Reporting_DE_V1.png","medium_large-width":600,"medium_large-height":450,"large":"https:\/\/www.bullhorn.com\/de\/wp-content\/uploads\/sites\/7\/2021\/07\/SALE_3_Reporting_DE_V1.png","large-width":600,"large-height":450,"1536x1536":"https:\/\/www.bullhorn.com\/de\/wp-content\/uploads\/sites\/7\/2021\/07\/SALE_3_Reporting_DE_V1.png","1536x1536-width":600,"1536x1536-height":450,"2048x2048":"https:\/\/www.bullhorn.com\/de\/wp-content\/uploads\/sites\/7\/2021\/07\/SALE_3_Reporting_DE_V1.png","2048x2048-width":600,"2048x2048-height":450,"post-thumbnail":"https:\/\/www.bullhorn.com\/de\/wp-content\/uploads\/sites\/7\/2021\/07\/SALE_3_Reporting_DE_V1-300x300.png","post-thumbnail-width":300,"post-thumbnail-height":300,"small":"https:\/\/www.bullhorn.com\/de\/wp-content\/uploads\/sites\/7\/2021\/07\/SALE_3_Reporting_DE_V1-300x225.png","small-width":300,"small-height":225,"xlarge":"https:\/\/www.bullhorn.com\/de\/wp-content\/uploads\/sites\/7\/2021\/07\/SALE_3_Reporting_DE_V1.png","xlarge-width":600,"xlarge-height":450,"insight-of-the-week":"https:\/\/www.bullhorn.com\/de\/wp-content\/uploads\/sites\/7\/2021\/07\/SALE_3_Reporting_DE_V1.png","insight-of-the-week-width":503,"insight-of-the-week-height":377,"insight-icons":"https:\/\/www.bullhorn.com\/de\/wp-content\/uploads\/sites\/7\/2021\/07\/SALE_3_Reporting_DE_V1.png","insight-icons-width":83,"insight-icons-height":62,"insight-research-image":"https:\/\/www.bullhorn.com\/de\/wp-content\/uploads\/sites\/7\/2021\/07\/SALE_3_Reporting_DE_V1.png","insight-research-image-width":293,"insight-research-image-height":220,"insight-featured-articles-thumbnail":"https:\/\/www.bullhorn.com\/de\/wp-content\/uploads\/sites\/7\/2021\/07\/SALE_3_Reporting_DE_V1.png","insight-featured-articles-thumbnail-width":219,"insight-featured-articles-thumbnail-height":164,"insight-logo":"https:\/\/www.bullhorn.com\/de\/wp-content\/uploads\/sites\/7\/2021\/07\/SALE_3_Reporting_DE_V1.png","insight-logo-width":237,"insight-logo-height":178}},"video_url":"","embed_code":"","image_placement":"right","image_size":"6","image_box_shadow":false,"background_shape":"","background_shape_position":"left","parallax_fx":true,"block_aria":"","link_type":"none","link_page":null,"link_url":"","link_file":false,"link_video":"","link_aria":"","content":"<h2>Intelligentes Reporting<\/h2>\n<p>Ziehen Sie aus den Aktivit\u00e4ten Ihres Vertriebsteams wertvolle Schl\u00fcsse f\u00fcr Ihr Unternehmen, indem Sie Reports konfigurieren, die exakt auf Ihre Ziele und KPIs zugeschnitten sind.<\/p>\n","block_background":"block-bg-none","block_background_video_type":"url","block_background_video_url":"","block_background_video_file":false,"block_background_image":false,"block_background_overlay":false,"unique_id":"","block_option_custom_class":"","block_animate":true,"block_option_padding":[],"block_option_hide":[]},{"acf_fc_layout":"testimonials","background_shape":"shapes\/heart","background_shape_position":"left","parallax_fx":true,"transition_speed":"10","enable_autoplay":false,"autoplay_speed":3000,"testimonials":[71185],"block_background":"block-bg-none","block_background_video_type":"url","block_background_video_url":"","block_background_video_file":false,"block_background_image":false,"block_background_overlay":false,"unique_id":"","block_option_custom_class":"","block_option_padding":[],"block_option_hide":[]},{"acf_fc_layout":"related-resources","title":"Weiterf\u00fchrende Informationen","enable_archive_link":true,"archive_link_text":"All Resources","post_type":"resource","post_type_resource_fields":{"relationship_source":"custom","note_automatic_relationship":null,"custom_tax":false,"custom_resources":[70322,70719,6349,564,924],"fill_remaining_resources":true},"post_type_blog_fields":{"relationship_source":false,"note_automatic_relationship":null,"custom_tag":false,"custom_category":false,"custom_resources":null,"fill_remaining_posts":true},"block_background":"block-bg-none","block_background_video_type":"url","block_background_video_url":"","block_background_video_file":false,"block_background_image":false,"block_background_overlay":false,"unique_id":"","block_option_custom_class":"","block_option_padding":[],"block_option_hide":[]},{"acf_fc_layout":"cta","mid_page_format":false,"condensed_format":false,"text":"Sind Sie startklar?","subtext":"","block_aria":"","image":{"ID":71140,"id":71140,"title":"I_Footer_V1","filename":"I_Footer_V1.png","filesize":42830,"url":"https:\/\/www.bullhorn.com\/de\/wp-content\/uploads\/sites\/7\/2021\/07\/I_Footer_V1.png","link":"https:\/\/www.bullhorn.com\/de\/recruiting-zyklus-automatisieren\/i_footer_v1\/","alt":"","author":"302","description":"","caption":"","name":"i_footer_v1","status":"inherit","uploaded_to":71139,"date":"2021-07-19 17:19:39","modified":"2021-07-19 17:19:39","menu_order":0,"mime_type":"image\/png","type":"image","subtype":"png","icon":"https:\/\/www.bullhorn.com\/de\/wp-includes\/images\/media\/default.png","width":600,"height":560,"sizes":{"thumbnail":"https:\/\/www.bullhorn.com\/de\/wp-content\/uploads\/sites\/7\/2021\/07\/I_Footer_V1-150x150.png","thumbnail-width":150,"thumbnail-height":150,"medium":"https:\/\/www.bullhorn.com\/de\/wp-content\/uploads\/sites\/7\/2021\/07\/I_Footer_V1-300x280.png","medium-width":300,"medium-height":280,"medium_large":"https:\/\/www.bullhorn.com\/de\/wp-content\/uploads\/sites\/7\/2021\/07\/I_Footer_V1.png","medium_large-width":600,"medium_large-height":560,"large":"https:\/\/www.bullhorn.com\/de\/wp-content\/uploads\/sites\/7\/2021\/07\/I_Footer_V1.png","large-width":600,"large-height":560,"1536x1536":"https:\/\/www.bullhorn.com\/de\/wp-content\/uploads\/sites\/7\/2021\/07\/I_Footer_V1.png","1536x1536-width":600,"1536x1536-height":560,"2048x2048":"https:\/\/www.bullhorn.com\/de\/wp-content\/uploads\/sites\/7\/2021\/07\/I_Footer_V1.png","2048x2048-width":600,"2048x2048-height":560,"post-thumbnail":"https:\/\/www.bullhorn.com\/de\/wp-content\/uploads\/sites\/7\/2021\/07\/I_Footer_V1-300x300.png","post-thumbnail-width":300,"post-thumbnail-height":300,"small":"https:\/\/www.bullhorn.com\/de\/wp-content\/uploads\/sites\/7\/2021\/07\/I_Footer_V1-300x280.png","small-width":300,"small-height":280,"xlarge":"https:\/\/www.bullhorn.com\/de\/wp-content\/uploads\/sites\/7\/2021\/07\/I_Footer_V1.png","xlarge-width":600,"xlarge-height":560,"insight-of-the-week":"https:\/\/www.bullhorn.com\/de\/wp-content\/uploads\/sites\/7\/2021\/07\/I_Footer_V1.png","insight-of-the-week-width":404,"insight-of-the-week-height":377,"insight-icons":"https:\/\/www.bullhorn.com\/de\/wp-content\/uploads\/sites\/7\/2021\/07\/I_Footer_V1.png","insight-icons-width":83,"insight-icons-height":77,"insight-research-image":"https:\/\/www.bullhorn.com\/de\/wp-content\/uploads\/sites\/7\/2021\/07\/I_Footer_V1.png","insight-research-image-width":236,"insight-research-image-height":220,"insight-featured-articles-thumbnail":"https:\/\/www.bullhorn.com\/de\/wp-content\/uploads\/sites\/7\/2021\/07\/I_Footer_V1.png","insight-featured-articles-thumbnail-width":176,"insight-featured-articles-thumbnail-height":164,"insight-logo":"https:\/\/www.bullhorn.com\/de\/wp-content\/uploads\/sites\/7\/2021\/07\/I_Footer_V1.png","insight-logo-width":191,"insight-logo-height":178}},"enable_bg_shape":false,"image_shape":"","action_type":"button","link_settings":{"link_type":"url","link_text":"Jetzt Live-Demo anfordern!","link_page":null,"link_url":"#show-demo-modal","link_style":"button--orange","link_aria":"Jetzt Live-Demo anfordern!"},"email_placeholder_text":"Enter Your Email Address","block_background":"bg-blue","block_background_video_type":"url","block_background_video_url":"","block_background_video_file":false,"block_background_image":false,"block_background_overlay":false,"unique_id":"","block_option_custom_class":"","block_animate":true,"block_option_padding":[],"block_option_hide":[],"bg_lower_slant_color":""}],"_links":{"self":[{"href":"https:\/\/www.bullhorn.com\/de\/wp-json\/wp\/v2\/pages\/71177","targetHints":{"allow":["GET"]}}],"collection":[{"href":"https:\/\/www.bullhorn.com\/de\/wp-json\/wp\/v2\/pages"}],"about":[{"href":"https:\/\/www.bullhorn.com\/de\/wp-json\/wp\/v2\/types\/page"}],"author":[{"embeddable":true,"href":"https:\/\/www.bullhorn.com\/de\/wp-json\/wp\/v2\/users\/302"}],"replies":[{"embeddable":true,"href":"https:\/\/www.bullhorn.com\/de\/wp-json\/wp\/v2\/comments?post=71177"}],"version-history":[{"count":5,"href":"https:\/\/www.bullhorn.com\/de\/wp-json\/wp\/v2\/pages\/71177\/revisions"}],"predecessor-version":[{"id":75161,"href":"https:\/\/www.bullhorn.com\/de\/wp-json\/wp\/v2\/pages\/71177\/revisions\/75161"}],"wp:attachment":[{"href":"https:\/\/www.bullhorn.com\/de\/wp-json\/wp\/v2\/media?parent=71177"}],"curies":[{"name":"wp","href":"https:\/\/api.w.org\/{rel}","templated":true}]}}