{"id":71234,"date":"2021-07-21T13:58:46","date_gmt":"2021-07-21T13:58:46","guid":{"rendered":"https:\/\/www.bullhorn.com\/de\/?page_id=71234"},"modified":"2021-11-25T15:07:25","modified_gmt":"2021-11-25T15:07:25","slug":"personaldienstleistung","status":"publish","type":"page","link":"https:\/\/www.bullhorn.com\/de\/personaldienstleistung\/","title":{"rendered":"Personaldienstleister"},"content":{"rendered":"","protected":false},"excerpt":{"rendered":"","protected":false},"author":302,"featured_media":70350,"parent":0,"menu_order":0,"comment_status":"closed","ping_status":"closed","template":"","meta":{"_acf_changed":false,"om_disable_all_campaigns":false},"class_list":["post-71234","page","type-page","status-publish","has-post-thumbnail","hentry"],"acf":[],"yoast_head":"<!-- This site is optimized with the Yoast SEO plugin v27.2 - https:\/\/yoast.com\/product\/yoast-seo-wordpress\/ -->\n<title>Personaldienstleistungs-Software | Bullhorn DE<\/title>\n<meta name=\"description\" content=\"Leistungsstarke Personaldienstleistungs-Software finden Sie bei Bullhorn: jetzt \u00fcber alle M\u00f6glichkeiten, Leistungen und Vorteile informieren.\" \/>\n<meta name=\"robots\" content=\"index, follow, max-snippet:-1, max-image-preview:large, max-video-preview:-1\" \/>\n<link rel=\"canonical\" href=\"https:\/\/www.bullhorn.com\/de\/personaldienstleistung\/\" \/>\n<meta property=\"og:locale\" content=\"de_DE\" \/>\n<meta property=\"og:type\" content=\"article\" \/>\n<meta property=\"og:title\" content=\"Personaldienstleistungs-Software | Bullhorn DE\" \/>\n<meta property=\"og:description\" content=\"Leistungsstarke Personaldienstleistungs-Software finden Sie bei Bullhorn: jetzt \u00fcber alle M\u00f6glichkeiten, Leistungen und Vorteile informieren.\" \/>\n<meta property=\"og:url\" content=\"https:\/\/www.bullhorn.com\/de\/personaldienstleistung\/\" \/>\n<meta property=\"og:site_name\" content=\"Bullhorn DE\" \/>\n<meta property=\"article:publisher\" content=\"https:\/\/www.facebook.com\/Bullhorn\/\" \/>\n<meta property=\"article:modified_time\" content=\"2021-11-25T15:07:25+00:00\" \/>\n<meta property=\"og:image\" content=\"https:\/\/www.bullhorn.com\/de\/wp-content\/uploads\/sites\/7\/2020\/10\/handshake-3-scaled.jpg\" \/>\n\t<meta property=\"og:image:width\" content=\"2560\" \/>\n\t<meta property=\"og:image:height\" content=\"1584\" \/>\n\t<meta property=\"og:image:type\" content=\"image\/jpeg\" \/>\n<meta name=\"twitter:card\" content=\"summary_large_image\" \/>\n<meta name=\"twitter:site\" content=\"@Bullhorn\" \/>\n<script type=\"application\/ld+json\" class=\"yoast-schema-graph\">{\"@context\":\"https:\/\/schema.org\",\"@graph\":[{\"@type\":\"WebPage\",\"@id\":\"https:\/\/www.bullhorn.com\/de\/personaldienstleistung\/\",\"url\":\"https:\/\/www.bullhorn.com\/de\/personaldienstleistung\/\",\"name\":\"Personaldienstleistungs-Software | Bullhorn DE\",\"isPartOf\":{\"@id\":\"https:\/\/www.bullhorn.com\/de\/#website\"},\"primaryImageOfPage\":{\"@id\":\"https:\/\/www.bullhorn.com\/de\/personaldienstleistung\/#primaryimage\"},\"image\":{\"@id\":\"https:\/\/www.bullhorn.com\/de\/personaldienstleistung\/#primaryimage\"},\"thumbnailUrl\":\"https:\/\/www.bullhorn.com\/de\/wp-content\/uploads\/sites\/7\/2020\/10\/handshake-3-scaled.jpg\",\"datePublished\":\"2021-07-21T13:58:46+00:00\",\"dateModified\":\"2021-11-25T15:07:25+00:00\",\"description\":\"Leistungsstarke Personaldienstleistungs-Software finden Sie bei Bullhorn: jetzt \u00fcber alle M\u00f6glichkeiten, Leistungen und Vorteile informieren.\",\"breadcrumb\":{\"@id\":\"https:\/\/www.bullhorn.com\/de\/personaldienstleistung\/#breadcrumb\"},\"inLanguage\":\"de\",\"potentialAction\":[{\"@type\":\"ReadAction\",\"target\":[\"https:\/\/www.bullhorn.com\/de\/personaldienstleistung\/\"]}]},{\"@type\":\"ImageObject\",\"inLanguage\":\"de\",\"@id\":\"https:\/\/www.bullhorn.com\/de\/personaldienstleistung\/#primaryimage\",\"url\":\"https:\/\/www.bullhorn.com\/de\/wp-content\/uploads\/sites\/7\/2020\/10\/handshake-3-scaled.jpg\",\"contentUrl\":\"https:\/\/www.bullhorn.com\/de\/wp-content\/uploads\/sites\/7\/2020\/10\/handshake-3-scaled.jpg\",\"width\":2560,\"height\":1584,\"caption\":\"software-fuer-personaldienstleister\"},{\"@type\":\"BreadcrumbList\",\"@id\":\"https:\/\/www.bullhorn.com\/de\/personaldienstleistung\/#breadcrumb\",\"itemListElement\":[{\"@type\":\"ListItem\",\"position\":1,\"name\":\"Home\",\"item\":\"https:\/\/www.bullhorn.com\/de\/\"},{\"@type\":\"ListItem\",\"position\":2,\"name\":\"Personaldienstleister\"}]},{\"@type\":\"WebSite\",\"@id\":\"https:\/\/www.bullhorn.com\/de\/#website\",\"url\":\"https:\/\/www.bullhorn.com\/de\/\",\"name\":\"Bullhorn DE\",\"description\":\"Just another Bullhorn Sites site\",\"publisher\":{\"@id\":\"https:\/\/www.bullhorn.com\/de\/#organization\"},\"potentialAction\":[{\"@type\":\"SearchAction\",\"target\":{\"@type\":\"EntryPoint\",\"urlTemplate\":\"https:\/\/www.bullhorn.com\/de\/?s={search_term_string}\"},\"query-input\":{\"@type\":\"PropertyValueSpecification\",\"valueRequired\":true,\"valueName\":\"search_term_string\"}}],\"inLanguage\":\"de\"},{\"@type\":\"Organization\",\"@id\":\"https:\/\/www.bullhorn.com\/de\/#organization\",\"name\":\"Bullhorn\",\"url\":\"https:\/\/www.bullhorn.com\/de\/\",\"logo\":{\"@type\":\"ImageObject\",\"inLanguage\":\"de\",\"@id\":\"https:\/\/www.bullhorn.com\/de\/#\/schema\/logo\/image\/\",\"url\":\"https:\/\/www.bullhorn.com\/de\/wp-content\/uploads\/sites\/7\/2021\/09\/og-img.png\",\"contentUrl\":\"https:\/\/www.bullhorn.com\/de\/wp-content\/uploads\/sites\/7\/2021\/09\/og-img.png\",\"width\":1200,\"height\":628,\"caption\":\"Bullhorn\"},\"image\":{\"@id\":\"https:\/\/www.bullhorn.com\/de\/#\/schema\/logo\/image\/\"},\"sameAs\":[\"https:\/\/www.facebook.com\/Bullhorn\/\",\"https:\/\/x.com\/Bullhorn\",\"https:\/\/www.instagram.com\/lifeatbullhorn\/?hl=de\",\"https:\/\/www.linkedin.com\/company\/bullhorn\",\"https:\/\/www.youtube.com\/channel\/UC-Rgm5YxtoxsvlCHy6KW3Ug\",\"https:\/\/en.wikipedia.org\/wiki\/Bullhorn,_Inc.\"]}]}<\/script>\n<!-- \/ Yoast SEO plugin. -->","yoast_head_json":{"title":"Personaldienstleistungs-Software | Bullhorn DE","description":"Leistungsstarke Personaldienstleistungs-Software finden Sie bei Bullhorn: jetzt \u00fcber alle M\u00f6glichkeiten, Leistungen und Vorteile informieren.","robots":{"index":"index","follow":"follow","max-snippet":"max-snippet:-1","max-image-preview":"max-image-preview:large","max-video-preview":"max-video-preview:-1"},"canonical":"https:\/\/www.bullhorn.com\/de\/personaldienstleistung\/","og_locale":"de_DE","og_type":"article","og_title":"Personaldienstleistungs-Software | Bullhorn DE","og_description":"Leistungsstarke Personaldienstleistungs-Software finden Sie bei Bullhorn: jetzt \u00fcber alle M\u00f6glichkeiten, Leistungen und Vorteile informieren.","og_url":"https:\/\/www.bullhorn.com\/de\/personaldienstleistung\/","og_site_name":"Bullhorn DE","article_publisher":"https:\/\/www.facebook.com\/Bullhorn\/","article_modified_time":"2021-11-25T15:07:25+00:00","og_image":[{"width":2560,"height":1584,"url":"https:\/\/www.bullhorn.com\/de\/wp-content\/uploads\/sites\/7\/2020\/10\/handshake-3-scaled.jpg","type":"image\/jpeg"}],"twitter_card":"summary_large_image","twitter_site":"@Bullhorn","schema":{"@context":"https:\/\/schema.org","@graph":[{"@type":"WebPage","@id":"https:\/\/www.bullhorn.com\/de\/personaldienstleistung\/","url":"https:\/\/www.bullhorn.com\/de\/personaldienstleistung\/","name":"Personaldienstleistungs-Software | Bullhorn DE","isPartOf":{"@id":"https:\/\/www.bullhorn.com\/de\/#website"},"primaryImageOfPage":{"@id":"https:\/\/www.bullhorn.com\/de\/personaldienstleistung\/#primaryimage"},"image":{"@id":"https:\/\/www.bullhorn.com\/de\/personaldienstleistung\/#primaryimage"},"thumbnailUrl":"https:\/\/www.bullhorn.com\/de\/wp-content\/uploads\/sites\/7\/2020\/10\/handshake-3-scaled.jpg","datePublished":"2021-07-21T13:58:46+00:00","dateModified":"2021-11-25T15:07:25+00:00","description":"Leistungsstarke Personaldienstleistungs-Software finden Sie bei Bullhorn: jetzt \u00fcber alle M\u00f6glichkeiten, Leistungen und Vorteile informieren.","breadcrumb":{"@id":"https:\/\/www.bullhorn.com\/de\/personaldienstleistung\/#breadcrumb"},"inLanguage":"de","potentialAction":[{"@type":"ReadAction","target":["https:\/\/www.bullhorn.com\/de\/personaldienstleistung\/"]}]},{"@type":"ImageObject","inLanguage":"de","@id":"https:\/\/www.bullhorn.com\/de\/personaldienstleistung\/#primaryimage","url":"https:\/\/www.bullhorn.com\/de\/wp-content\/uploads\/sites\/7\/2020\/10\/handshake-3-scaled.jpg","contentUrl":"https:\/\/www.bullhorn.com\/de\/wp-content\/uploads\/sites\/7\/2020\/10\/handshake-3-scaled.jpg","width":2560,"height":1584,"caption":"software-fuer-personaldienstleister"},{"@type":"BreadcrumbList","@id":"https:\/\/www.bullhorn.com\/de\/personaldienstleistung\/#breadcrumb","itemListElement":[{"@type":"ListItem","position":1,"name":"Home","item":"https:\/\/www.bullhorn.com\/de\/"},{"@type":"ListItem","position":2,"name":"Personaldienstleister"}]},{"@type":"WebSite","@id":"https:\/\/www.bullhorn.com\/de\/#website","url":"https:\/\/www.bullhorn.com\/de\/","name":"Bullhorn DE","description":"Just another Bullhorn Sites site","publisher":{"@id":"https:\/\/www.bullhorn.com\/de\/#organization"},"potentialAction":[{"@type":"SearchAction","target":{"@type":"EntryPoint","urlTemplate":"https:\/\/www.bullhorn.com\/de\/?s={search_term_string}"},"query-input":{"@type":"PropertyValueSpecification","valueRequired":true,"valueName":"search_term_string"}}],"inLanguage":"de"},{"@type":"Organization","@id":"https:\/\/www.bullhorn.com\/de\/#organization","name":"Bullhorn","url":"https:\/\/www.bullhorn.com\/de\/","logo":{"@type":"ImageObject","inLanguage":"de","@id":"https:\/\/www.bullhorn.com\/de\/#\/schema\/logo\/image\/","url":"https:\/\/www.bullhorn.com\/de\/wp-content\/uploads\/sites\/7\/2021\/09\/og-img.png","contentUrl":"https:\/\/www.bullhorn.com\/de\/wp-content\/uploads\/sites\/7\/2021\/09\/og-img.png","width":1200,"height":628,"caption":"Bullhorn"},"image":{"@id":"https:\/\/www.bullhorn.com\/de\/#\/schema\/logo\/image\/"},"sameAs":["https:\/\/www.facebook.com\/Bullhorn\/","https:\/\/x.com\/Bullhorn","https:\/\/www.instagram.com\/lifeatbullhorn\/?hl=de","https:\/\/www.linkedin.com\/company\/bullhorn","https:\/\/www.youtube.com\/channel\/UC-Rgm5YxtoxsvlCHy6KW3Ug","https:\/\/en.wikipedia.org\/wiki\/Bullhorn,_Inc."]}]}},"grav_blocks":[{"acf_fc_layout":"card-grid","block_title":"","block_aria":"","block_subtitle":"","background_shape":"","background_shape_position":"left","parallax_fx":false,"title_position":"top","cards_bg_color":"bg-white","cards_border":true,"cards_per_row":"4","cards":[{"icon":"icons\/arrows-up","icon_color":"blue-dark","line_title_with_icon":false,"inline_title":"","content":"<h3>Mehr Effizienz f\u00fcr Recruiting und Vertrieb<\/h3>\n<p>Mit dem Recruiting-Tool f\u00fcr professionelle Anwender gleichen Sie Bewerber schnell und effizient mit einem vorhandenen Anforderungskatalog ab. Dar\u00fcber hinaus lassen sich mehrere Auftr\u00e4ge im Bulk-Verfahren erstellen, bearbeiten und abschlie\u00dfen.<\/p>\n"},{"icon":"icons\/magic","icon_color":"blue-dark","line_title_with_icon":false,"inline_title":"","content":"<h3>Mehr Flexibilit\u00e4t und Kontrolle \u00fcber Arbeitsabl\u00e4ufe<\/h3>\n<p>Konfigurieren Sie Bewerberdaten schneller, indem Sie z.B. wichtige Informationen \u00fcber die Bewerber in Abh\u00e4ngigkeit von der Art der Vermittlung zusammenstellen. So k\u00f6nnen Ihre Recruiter freie Stellen noch schneller mit ihren Kandidaten besetzen.<\/p>\n"},{"icon":"icons\/happy","icon_color":"blue-dark","line_title_with_icon":false,"inline_title":"","content":"<h3>Verbesserte Candidate Experience<\/h3>\n<p>Aus den von Bewerbern ausgef\u00fcllten Online-Formularen erstellt das Bullhorn ATS automatisch Bewerberdatens\u00e4tze. So sparen Recruiter wertvolle Zeit, denn sie m\u00fcssen die Daten nicht mehr von Hand anlegen.<\/p>\n"}],"block_background":"block-bg-none","block_background_video_type":"url","block_background_video_url":"","block_background_video_file":false,"block_background_image":false,"block_background_overlay":false,"unique_id":"","block_option_custom_class":"","block_animate":true,"block_option_padding":[],"block_option_hide":[],"bg_lower_slant_color":""},{"acf_fc_layout":"sidebar-anchor","sidebar_title":"Differentiators","sidebar_title_display_large":true,"sidebar_cta_button":{"link_type":"url","link_text":"Live Demo","link_page":null,"link_url":"#show-demo-modal","link_aria":""},"sections":[{"sidebar_label":"Aufnahme von Bewerbern und Onboarding","link_type":"none","section_type":"content-media","section_columns":false,"content":"<h2>Aufnahme von Bewerbern und Onboarding<\/h2>\n<p>Skalieren Sie und verringern Sie die Time-to-Revenue, indem Sie manuellen Papierkram beseitigen und dabei Compliance sicherstellen und Deadlines besser einhalten. Gleichzeitig bieten Sie Ihren Bewerbern ein perfektes Onboarding.<\/p>\n","section_list_items":false,"image":{"ID":71243,"id":71243,"title":"COMM_1_Intake_DE_V1","filename":"COMM_1_Intake_DE_V1.png","filesize":66048,"url":"https:\/\/www.bullhorn.com\/de\/wp-content\/uploads\/sites\/7\/2021\/07\/COMM_1_Intake_DE_V1.png","link":"https:\/\/www.bullhorn.com\/de\/personaldienstleistung\/comm_1_intake_de_v1\/","alt":"","author":"302","description":"","caption":"","name":"comm_1_intake_de_v1","status":"inherit","uploaded_to":71234,"date":"2021-07-21 13:56:14","modified":"2021-07-21 13:56:14","menu_order":0,"mime_type":"image\/png","type":"image","subtype":"png","icon":"https:\/\/www.bullhorn.com\/de\/wp-includes\/images\/media\/default.png","width":600,"height":450,"sizes":{"thumbnail":"https:\/\/www.bullhorn.com\/de\/wp-content\/uploads\/sites\/7\/2021\/07\/COMM_1_Intake_DE_V1-150x150.png","thumbnail-width":150,"thumbnail-height":150,"medium":"https:\/\/www.bullhorn.com\/de\/wp-content\/uploads\/sites\/7\/2021\/07\/COMM_1_Intake_DE_V1-300x225.png","medium-width":300,"medium-height":225,"medium_large":"https:\/\/www.bullhorn.com\/de\/wp-content\/uploads\/sites\/7\/2021\/07\/COMM_1_Intake_DE_V1.png","medium_large-width":600,"medium_large-height":450,"large":"https:\/\/www.bullhorn.com\/de\/wp-content\/uploads\/sites\/7\/2021\/07\/COMM_1_Intake_DE_V1.png","large-width":600,"large-height":450,"1536x1536":"https:\/\/www.bullhorn.com\/de\/wp-content\/uploads\/sites\/7\/2021\/07\/COMM_1_Intake_DE_V1.png","1536x1536-width":600,"1536x1536-height":450,"2048x2048":"https:\/\/www.bullhorn.com\/de\/wp-content\/uploads\/sites\/7\/2021\/07\/COMM_1_Intake_DE_V1.png","2048x2048-width":600,"2048x2048-height":450,"post-thumbnail":"https:\/\/www.bullhorn.com\/de\/wp-content\/uploads\/sites\/7\/2021\/07\/COMM_1_Intake_DE_V1-300x300.png","post-thumbnail-width":300,"post-thumbnail-height":300,"small":"https:\/\/www.bullhorn.com\/de\/wp-content\/uploads\/sites\/7\/2021\/07\/COMM_1_Intake_DE_V1-300x225.png","small-width":300,"small-height":225,"xlarge":"https:\/\/www.bullhorn.com\/de\/wp-content\/uploads\/sites\/7\/2021\/07\/COMM_1_Intake_DE_V1.png","xlarge-width":600,"xlarge-height":450,"insight-of-the-week":"https:\/\/www.bullhorn.com\/de\/wp-content\/uploads\/sites\/7\/2021\/07\/COMM_1_Intake_DE_V1.png","insight-of-the-week-width":503,"insight-of-the-week-height":377,"insight-icons":"https:\/\/www.bullhorn.com\/de\/wp-content\/uploads\/sites\/7\/2021\/07\/COMM_1_Intake_DE_V1.png","insight-icons-width":83,"insight-icons-height":62,"insight-research-image":"https:\/\/www.bullhorn.com\/de\/wp-content\/uploads\/sites\/7\/2021\/07\/COMM_1_Intake_DE_V1.png","insight-research-image-width":293,"insight-research-image-height":220,"insight-featured-articles-thumbnail":"https:\/\/www.bullhorn.com\/de\/wp-content\/uploads\/sites\/7\/2021\/07\/COMM_1_Intake_DE_V1.png","insight-featured-articles-thumbnail-width":219,"insight-featured-articles-thumbnail-height":164,"insight-logo":"https:\/\/www.bullhorn.com\/de\/wp-content\/uploads\/sites\/7\/2021\/07\/COMM_1_Intake_DE_V1.png","insight-logo-width":237,"insight-logo-height":178}},"image_video_url":""}],"block_background":"block-bg-none","block_background_video_type":"url","block_background_video_url":"","block_background_video_file":false,"block_background_image":false,"block_background_overlay":false,"unique_id":"","block_option_custom_class":"","block_animate":true,"block_option_padding":[],"block_option_hide":[]},{"acf_fc_layout":"testimonials","background_shape":"shapes\/heart","background_shape_position":"left","parallax_fx":true,"transition_speed":"10","enable_autoplay":false,"autoplay_speed":3000,"testimonials":[71245],"block_background":"block-bg-none","block_background_video_type":"url","block_background_video_url":"","block_background_video_file":false,"block_background_image":false,"block_background_overlay":false,"unique_id":"","block_option_custom_class":"","block_option_padding":[],"block_option_hide":[]},{"acf_fc_layout":"related-resources","title":"Weiterf\u00fchrende Ressourcen","enable_archive_link":true,"archive_link_text":"Alle Ressourcen","post_type":"resource","post_type_resource_fields":{"relationship_source":"custom","note_automatic_relationship":null,"custom_tax":false,"custom_resources":[7002,71706,70322,70719,532],"fill_remaining_resources":true},"post_type_blog_fields":{"relationship_source":false,"note_automatic_relationship":null,"custom_tag":false,"custom_category":false,"custom_resources":null,"fill_remaining_posts":true},"block_background":"block-bg-none","block_background_video_type":"url","block_background_video_url":"","block_background_video_file":false,"block_background_image":false,"block_background_overlay":false,"unique_id":"","block_option_custom_class":"","block_option_padding":[],"block_option_hide":[]},{"acf_fc_layout":"cta","mid_page_format":false,"condensed_format":false,"text":"Sind Sie startklar?","subtext":"","block_aria":"","image":{"ID":71240,"id":71240,"title":"H_Footer_V1-2","filename":"H_Footer_V1-2.png","filesize":269969,"url":"https:\/\/www.bullhorn.com\/de\/wp-content\/uploads\/sites\/7\/2021\/07\/H_Footer_V1-2.png","link":"https:\/\/www.bullhorn.com\/de\/personaldienstleistung\/h_footer_v1-2\/","alt":"","author":"302","description":"","caption":"","name":"h_footer_v1-2","status":"inherit","uploaded_to":71234,"date":"2021-07-20 16:06:36","modified":"2021-07-20 16:06:36","menu_order":0,"mime_type":"image\/png","type":"image","subtype":"png","icon":"https:\/\/www.bullhorn.com\/de\/wp-includes\/images\/media\/default.png","width":600,"height":560,"sizes":{"thumbnail":"https:\/\/www.bullhorn.com\/de\/wp-content\/uploads\/sites\/7\/2021\/07\/H_Footer_V1-2-150x150.png","thumbnail-width":150,"thumbnail-height":150,"medium":"https:\/\/www.bullhorn.com\/de\/wp-content\/uploads\/sites\/7\/2021\/07\/H_Footer_V1-2-300x280.png","medium-width":300,"medium-height":280,"medium_large":"https:\/\/www.bullhorn.com\/de\/wp-content\/uploads\/sites\/7\/2021\/07\/H_Footer_V1-2.png","medium_large-width":600,"medium_large-height":560,"large":"https:\/\/www.bullhorn.com\/de\/wp-content\/uploads\/sites\/7\/2021\/07\/H_Footer_V1-2.png","large-width":600,"large-height":560,"1536x1536":"https:\/\/www.bullhorn.com\/de\/wp-content\/uploads\/sites\/7\/2021\/07\/H_Footer_V1-2.png","1536x1536-width":600,"1536x1536-height":560,"2048x2048":"https:\/\/www.bullhorn.com\/de\/wp-content\/uploads\/sites\/7\/2021\/07\/H_Footer_V1-2.png","2048x2048-width":600,"2048x2048-height":560,"post-thumbnail":"https:\/\/www.bullhorn.com\/de\/wp-content\/uploads\/sites\/7\/2021\/07\/H_Footer_V1-2-300x300.png","post-thumbnail-width":300,"post-thumbnail-height":300,"small":"https:\/\/www.bullhorn.com\/de\/wp-content\/uploads\/sites\/7\/2021\/07\/H_Footer_V1-2-300x280.png","small-width":300,"small-height":280,"xlarge":"https:\/\/www.bullhorn.com\/de\/wp-content\/uploads\/sites\/7\/2021\/07\/H_Footer_V1-2.png","xlarge-width":600,"xlarge-height":560,"insight-of-the-week":"https:\/\/www.bullhorn.com\/de\/wp-content\/uploads\/sites\/7\/2021\/07\/H_Footer_V1-2.png","insight-of-the-week-width":404,"insight-of-the-week-height":377,"insight-icons":"https:\/\/www.bullhorn.com\/de\/wp-content\/uploads\/sites\/7\/2021\/07\/H_Footer_V1-2.png","insight-icons-width":83,"insight-icons-height":77,"insight-research-image":"https:\/\/www.bullhorn.com\/de\/wp-content\/uploads\/sites\/7\/2021\/07\/H_Footer_V1-2.png","insight-research-image-width":236,"insight-research-image-height":220,"insight-featured-articles-thumbnail":"https:\/\/www.bullhorn.com\/de\/wp-content\/uploads\/sites\/7\/2021\/07\/H_Footer_V1-2.png","insight-featured-articles-thumbnail-width":176,"insight-featured-articles-thumbnail-height":164,"insight-logo":"https:\/\/www.bullhorn.com\/de\/wp-content\/uploads\/sites\/7\/2021\/07\/H_Footer_V1-2.png","insight-logo-width":191,"insight-logo-height":178}},"enable_bg_shape":false,"image_shape":"","action_type":"button","link_settings":{"link_type":"url","link_text":"Jetzt Live-Demo anfordern!","link_page":null,"link_url":"#show-demo-modal","link_style":"button--orange","link_aria":""},"email_placeholder_text":"Enter Your Email Address","block_background":"bg-blue","block_background_video_type":"url","block_background_video_url":"","block_background_video_file":false,"block_background_image":false,"block_background_overlay":false,"unique_id":"","block_option_custom_class":"","block_animate":true,"block_option_padding":[],"block_option_hide":[],"bg_lower_slant_color":""}],"_links":{"self":[{"href":"https:\/\/www.bullhorn.com\/de\/wp-json\/wp\/v2\/pages\/71234","targetHints":{"allow":["GET"]}}],"collection":[{"href":"https:\/\/www.bullhorn.com\/de\/wp-json\/wp\/v2\/pages"}],"about":[{"href":"https:\/\/www.bullhorn.com\/de\/wp-json\/wp\/v2\/types\/page"}],"author":[{"embeddable":true,"href":"https:\/\/www.bullhorn.com\/de\/wp-json\/wp\/v2\/users\/302"}],"replies":[{"embeddable":true,"href":"https:\/\/www.bullhorn.com\/de\/wp-json\/wp\/v2\/comments?post=71234"}],"version-history":[{"count":6,"href":"https:\/\/www.bullhorn.com\/de\/wp-json\/wp\/v2\/pages\/71234\/revisions"}],"predecessor-version":[{"id":72110,"href":"https:\/\/www.bullhorn.com\/de\/wp-json\/wp\/v2\/pages\/71234\/revisions\/72110"}],"wp:featuredmedia":[{"embeddable":true,"href":"https:\/\/www.bullhorn.com\/de\/wp-json\/wp\/v2\/media\/70350"}],"wp:attachment":[{"href":"https:\/\/www.bullhorn.com\/de\/wp-json\/wp\/v2\/media?parent=71234"}],"curies":[{"name":"wp","href":"https:\/\/api.w.org\/{rel}","templated":true}]}}