{"id":71378,"date":"2021-08-05T21:10:51","date_gmt":"2021-08-05T21:10:51","guid":{"rendered":"https:\/\/www.bullhorn.com\/de\/?page_id=71378"},"modified":"2021-08-24T10:46:29","modified_gmt":"2021-08-24T10:46:29","slug":"recruiting-software-fuer-den-finanziellen-sektor","status":"publish","type":"page","link":"https:\/\/www.bullhorn.com\/de\/recruiting-software-fuer-den-finanziellen-sektor\/","title":{"rendered":"Recruiting Software f\u00fcr den finanziellen Sektor"},"content":{"rendered":"","protected":false},"excerpt":{"rendered":"","protected":false},"author":403,"featured_media":0,"parent":0,"menu_order":0,"comment_status":"closed","ping_status":"closed","template":"","meta":{"_acf_changed":false,"om_disable_all_campaigns":false},"class_list":["post-71378","page","type-page","status-publish","hentry"],"acf":[],"yoast_head":"<!-- This site is optimized with the Yoast SEO plugin v27.2 - https:\/\/yoast.com\/product\/yoast-seo-wordpress\/ -->\n<title>Recruiting Software f\u00fcr den finanziellen Sektor - Bullhorn DE<\/title>\n<meta name=\"description\" content=\"Die Recruiting-Software Bullhorn Connexys unterst\u00fctzt den finanziellen Sektor bei der Suche und Einstellung von geeignetem Personal.\" \/>\n<meta name=\"robots\" content=\"index, follow, max-snippet:-1, max-image-preview:large, max-video-preview:-1\" \/>\n<link rel=\"canonical\" href=\"https:\/\/www.bullhorn.com\/de\/recruiting-software-fuer-den-finanziellen-sektor\/\" \/>\n<meta property=\"og:locale\" content=\"de_DE\" \/>\n<meta property=\"og:type\" content=\"article\" \/>\n<meta property=\"og:title\" content=\"Recruiting Software f\u00fcr den finanziellen Sektor - Bullhorn DE\" \/>\n<meta property=\"og:description\" content=\"Die Recruiting-Software Bullhorn Connexys unterst\u00fctzt den finanziellen Sektor bei der Suche und Einstellung von geeignetem Personal.\" \/>\n<meta property=\"og:url\" content=\"https:\/\/www.bullhorn.com\/de\/recruiting-software-fuer-den-finanziellen-sektor\/\" \/>\n<meta property=\"og:site_name\" content=\"Bullhorn DE\" \/>\n<meta property=\"article:publisher\" content=\"https:\/\/www.facebook.com\/Bullhorn\/\" \/>\n<meta property=\"article:modified_time\" content=\"2021-08-24T10:46:29+00:00\" \/>\n<meta name=\"twitter:card\" content=\"summary_large_image\" \/>\n<meta name=\"twitter:site\" content=\"@Bullhorn\" \/>\n<script type=\"application\/ld+json\" class=\"yoast-schema-graph\">{\"@context\":\"https:\/\/schema.org\",\"@graph\":[{\"@type\":\"WebPage\",\"@id\":\"https:\/\/www.bullhorn.com\/de\/recruiting-software-fuer-den-finanziellen-sektor\/\",\"url\":\"https:\/\/www.bullhorn.com\/de\/recruiting-software-fuer-den-finanziellen-sektor\/\",\"name\":\"Recruiting Software f\u00fcr den finanziellen Sektor - Bullhorn DE\",\"isPartOf\":{\"@id\":\"https:\/\/www.bullhorn.com\/de\/#website\"},\"datePublished\":\"2021-08-05T21:10:51+00:00\",\"dateModified\":\"2021-08-24T10:46:29+00:00\",\"description\":\"Die Recruiting-Software Bullhorn Connexys unterst\u00fctzt den finanziellen Sektor bei der Suche und Einstellung von geeignetem Personal.\",\"breadcrumb\":{\"@id\":\"https:\/\/www.bullhorn.com\/de\/recruiting-software-fuer-den-finanziellen-sektor\/#breadcrumb\"},\"inLanguage\":\"de\",\"potentialAction\":[{\"@type\":\"ReadAction\",\"target\":[\"https:\/\/www.bullhorn.com\/de\/recruiting-software-fuer-den-finanziellen-sektor\/\"]}]},{\"@type\":\"BreadcrumbList\",\"@id\":\"https:\/\/www.bullhorn.com\/de\/recruiting-software-fuer-den-finanziellen-sektor\/#breadcrumb\",\"itemListElement\":[{\"@type\":\"ListItem\",\"position\":1,\"name\":\"Home\",\"item\":\"https:\/\/www.bullhorn.com\/de\/\"},{\"@type\":\"ListItem\",\"position\":2,\"name\":\"Recruiting Software f\u00fcr den finanziellen Sektor\"}]},{\"@type\":\"WebSite\",\"@id\":\"https:\/\/www.bullhorn.com\/de\/#website\",\"url\":\"https:\/\/www.bullhorn.com\/de\/\",\"name\":\"Bullhorn DE\",\"description\":\"Just another Bullhorn Sites site\",\"publisher\":{\"@id\":\"https:\/\/www.bullhorn.com\/de\/#organization\"},\"potentialAction\":[{\"@type\":\"SearchAction\",\"target\":{\"@type\":\"EntryPoint\",\"urlTemplate\":\"https:\/\/www.bullhorn.com\/de\/?s={search_term_string}\"},\"query-input\":{\"@type\":\"PropertyValueSpecification\",\"valueRequired\":true,\"valueName\":\"search_term_string\"}}],\"inLanguage\":\"de\"},{\"@type\":\"Organization\",\"@id\":\"https:\/\/www.bullhorn.com\/de\/#organization\",\"name\":\"Bullhorn\",\"url\":\"https:\/\/www.bullhorn.com\/de\/\",\"logo\":{\"@type\":\"ImageObject\",\"inLanguage\":\"de\",\"@id\":\"https:\/\/www.bullhorn.com\/de\/#\/schema\/logo\/image\/\",\"url\":\"https:\/\/www.bullhorn.com\/de\/wp-content\/uploads\/sites\/7\/2021\/09\/og-img.png\",\"contentUrl\":\"https:\/\/www.bullhorn.com\/de\/wp-content\/uploads\/sites\/7\/2021\/09\/og-img.png\",\"width\":1200,\"height\":628,\"caption\":\"Bullhorn\"},\"image\":{\"@id\":\"https:\/\/www.bullhorn.com\/de\/#\/schema\/logo\/image\/\"},\"sameAs\":[\"https:\/\/www.facebook.com\/Bullhorn\/\",\"https:\/\/x.com\/Bullhorn\",\"https:\/\/www.instagram.com\/lifeatbullhorn\/?hl=de\",\"https:\/\/www.linkedin.com\/company\/bullhorn\",\"https:\/\/www.youtube.com\/channel\/UC-Rgm5YxtoxsvlCHy6KW3Ug\",\"https:\/\/en.wikipedia.org\/wiki\/Bullhorn,_Inc.\"]}]}<\/script>\n<!-- \/ Yoast SEO plugin. -->","yoast_head_json":{"title":"Recruiting Software f\u00fcr den finanziellen Sektor - Bullhorn DE","description":"Die Recruiting-Software Bullhorn Connexys unterst\u00fctzt den finanziellen Sektor bei der Suche und Einstellung von geeignetem Personal.","robots":{"index":"index","follow":"follow","max-snippet":"max-snippet:-1","max-image-preview":"max-image-preview:large","max-video-preview":"max-video-preview:-1"},"canonical":"https:\/\/www.bullhorn.com\/de\/recruiting-software-fuer-den-finanziellen-sektor\/","og_locale":"de_DE","og_type":"article","og_title":"Recruiting Software f\u00fcr den finanziellen Sektor - Bullhorn DE","og_description":"Die Recruiting-Software Bullhorn Connexys unterst\u00fctzt den finanziellen Sektor bei der Suche und Einstellung von geeignetem Personal.","og_url":"https:\/\/www.bullhorn.com\/de\/recruiting-software-fuer-den-finanziellen-sektor\/","og_site_name":"Bullhorn DE","article_publisher":"https:\/\/www.facebook.com\/Bullhorn\/","article_modified_time":"2021-08-24T10:46:29+00:00","twitter_card":"summary_large_image","twitter_site":"@Bullhorn","schema":{"@context":"https:\/\/schema.org","@graph":[{"@type":"WebPage","@id":"https:\/\/www.bullhorn.com\/de\/recruiting-software-fuer-den-finanziellen-sektor\/","url":"https:\/\/www.bullhorn.com\/de\/recruiting-software-fuer-den-finanziellen-sektor\/","name":"Recruiting Software f\u00fcr den finanziellen Sektor - Bullhorn DE","isPartOf":{"@id":"https:\/\/www.bullhorn.com\/de\/#website"},"datePublished":"2021-08-05T21:10:51+00:00","dateModified":"2021-08-24T10:46:29+00:00","description":"Die Recruiting-Software Bullhorn Connexys unterst\u00fctzt den finanziellen Sektor bei der Suche und Einstellung von geeignetem Personal.","breadcrumb":{"@id":"https:\/\/www.bullhorn.com\/de\/recruiting-software-fuer-den-finanziellen-sektor\/#breadcrumb"},"inLanguage":"de","potentialAction":[{"@type":"ReadAction","target":["https:\/\/www.bullhorn.com\/de\/recruiting-software-fuer-den-finanziellen-sektor\/"]}]},{"@type":"BreadcrumbList","@id":"https:\/\/www.bullhorn.com\/de\/recruiting-software-fuer-den-finanziellen-sektor\/#breadcrumb","itemListElement":[{"@type":"ListItem","position":1,"name":"Home","item":"https:\/\/www.bullhorn.com\/de\/"},{"@type":"ListItem","position":2,"name":"Recruiting Software f\u00fcr den finanziellen Sektor"}]},{"@type":"WebSite","@id":"https:\/\/www.bullhorn.com\/de\/#website","url":"https:\/\/www.bullhorn.com\/de\/","name":"Bullhorn DE","description":"Just another Bullhorn Sites site","publisher":{"@id":"https:\/\/www.bullhorn.com\/de\/#organization"},"potentialAction":[{"@type":"SearchAction","target":{"@type":"EntryPoint","urlTemplate":"https:\/\/www.bullhorn.com\/de\/?s={search_term_string}"},"query-input":{"@type":"PropertyValueSpecification","valueRequired":true,"valueName":"search_term_string"}}],"inLanguage":"de"},{"@type":"Organization","@id":"https:\/\/www.bullhorn.com\/de\/#organization","name":"Bullhorn","url":"https:\/\/www.bullhorn.com\/de\/","logo":{"@type":"ImageObject","inLanguage":"de","@id":"https:\/\/www.bullhorn.com\/de\/#\/schema\/logo\/image\/","url":"https:\/\/www.bullhorn.com\/de\/wp-content\/uploads\/sites\/7\/2021\/09\/og-img.png","contentUrl":"https:\/\/www.bullhorn.com\/de\/wp-content\/uploads\/sites\/7\/2021\/09\/og-img.png","width":1200,"height":628,"caption":"Bullhorn"},"image":{"@id":"https:\/\/www.bullhorn.com\/de\/#\/schema\/logo\/image\/"},"sameAs":["https:\/\/www.facebook.com\/Bullhorn\/","https:\/\/x.com\/Bullhorn","https:\/\/www.instagram.com\/lifeatbullhorn\/?hl=de","https:\/\/www.linkedin.com\/company\/bullhorn","https:\/\/www.youtube.com\/channel\/UC-Rgm5YxtoxsvlCHy6KW3Ug","https:\/\/en.wikipedia.org\/wiki\/Bullhorn,_Inc."]}]}},"grav_blocks":[{"acf_fc_layout":"columns","block_title":"Ein gesunder finanzieller Sektor","block_aria":"","block_subtitle":"","format":"","enable_box_shadow":false,"columns":[{"type":"wysiwyg","wysiwyg":"<p>Ein starker und zuverl\u00e4ssiger finanzieller Sektor ist notwendig f\u00fcr ein stabiles wirtschaftliches Wachstum. Finanzinstitute m\u00fcssen gesund sein. Daher ist eine Reform des Sektors wichtig. Auf diese Weise gelingt die \u00dcberwachung des gesamten Sektors besser und werden die Kundeninteressen zentralisiert.<\/p>\n","accordion_open_first_section":false,"accordion_multiple_open_sections":false,"accordion_items":false,"icon_list_items":false}],"block_background":"block-bg-none","block_background_video_type":"url","block_background_video_url":"","block_background_video_file":false,"block_background_image":false,"block_background_overlay":false,"unique_id":"","block_option_custom_class":"","block_animate":false,"block_option_padding":["block-options-padding-remove-top"],"block_option_hide":[],"bg_lower_slant_color":""},{"acf_fc_layout":"columns","block_title":"Besserer Schutz der Konsumenten","block_aria":"","block_subtitle":"","format":"","enable_box_shadow":false,"columns":[{"type":"wysiwyg","wysiwyg":"<p>Die Konsumenten der Finanzkonzerne ben\u00f6tigen einen besseren Schutz. Unternehmen m\u00fcssen Kundeninteressen in den Mittelpunkt stellen. Finanzielle Produkte m\u00fcssen f\u00fcr den Kunden verst\u00e4ndlich sein. Dann kann der Kunde die Entscheidung f\u00fcr die Anschaffung eines finanziellen Produkts gut abw\u00e4gen.<\/p>\n","accordion_open_first_section":false,"accordion_multiple_open_sections":false,"accordion_items":false,"icon_list_items":false}],"block_background":"block-bg-none","block_background_video_type":"url","block_background_video_url":"","block_background_video_file":false,"block_background_image":false,"block_background_overlay":false,"unique_id":"","block_option_custom_class":"","block_animate":false,"block_option_padding":[],"block_option_hide":[],"bg_lower_slant_color":""},{"acf_fc_layout":"content-media","media_type":"image","image":{"ID":929,"id":929,"title":"Telefon marketing und leads","filename":"Telefoon-marketing-en-leads.jpg","filesize":144506,"url":"https:\/\/www.bullhorn.com\/de\/wp-content\/uploads\/sites\/7\/2017\/11\/Telefoon-marketing-en-leads.jpg","link":"https:\/\/www.bullhorn.com\/de\/recruiting-software-fuer-den-finanziellen-sektor\/telefoon-marketing-en-leads\/","alt":"","author":"189","description":"","caption":"","name":"telefoon-marketing-en-leads","status":"inherit","uploaded_to":71378,"date":"2017-11-28 15:33:40","modified":"2021-08-24 10:45:15","menu_order":0,"mime_type":"image\/jpeg","type":"image","subtype":"jpeg","icon":"https:\/\/www.bullhorn.com\/de\/wp-includes\/images\/media\/default.png","width":500,"height":500,"sizes":{"thumbnail":"https:\/\/www.bullhorn.com\/de\/wp-content\/uploads\/sites\/7\/2017\/11\/Telefoon-marketing-en-leads-150x150.jpg","thumbnail-width":150,"thumbnail-height":150,"medium":"https:\/\/www.bullhorn.com\/de\/wp-content\/uploads\/sites\/7\/2017\/11\/Telefoon-marketing-en-leads-300x300.jpg","medium-width":300,"medium-height":300,"medium_large":"https:\/\/www.bullhorn.com\/de\/wp-content\/uploads\/sites\/7\/2017\/11\/Telefoon-marketing-en-leads.jpg","medium_large-width":500,"medium_large-height":500,"large":"https:\/\/www.bullhorn.com\/de\/wp-content\/uploads\/sites\/7\/2017\/11\/Telefoon-marketing-en-leads.jpg","large-width":500,"large-height":500,"1536x1536":"https:\/\/www.bullhorn.com\/de\/wp-content\/uploads\/sites\/7\/2017\/11\/Telefoon-marketing-en-leads.jpg","1536x1536-width":500,"1536x1536-height":500,"2048x2048":"https:\/\/www.bullhorn.com\/de\/wp-content\/uploads\/sites\/7\/2017\/11\/Telefoon-marketing-en-leads.jpg","2048x2048-width":500,"2048x2048-height":500,"post-thumbnail":"https:\/\/www.bullhorn.com\/de\/wp-content\/uploads\/sites\/7\/2017\/11\/Telefoon-marketing-en-leads.jpg","post-thumbnail-width":300,"post-thumbnail-height":300,"small":"https:\/\/www.bullhorn.com\/de\/wp-content\/uploads\/sites\/7\/2017\/11\/Telefoon-marketing-en-leads.jpg","small-width":300,"small-height":300,"xlarge":"https:\/\/www.bullhorn.com\/de\/wp-content\/uploads\/sites\/7\/2017\/11\/Telefoon-marketing-en-leads.jpg","xlarge-width":500,"xlarge-height":500,"insight-of-the-week":"https:\/\/www.bullhorn.com\/de\/wp-content\/uploads\/sites\/7\/2017\/11\/Telefoon-marketing-en-leads.jpg","insight-of-the-week-width":377,"insight-of-the-week-height":377,"insight-icons":"https:\/\/www.bullhorn.com\/de\/wp-content\/uploads\/sites\/7\/2017\/11\/Telefoon-marketing-en-leads.jpg","insight-icons-width":83,"insight-icons-height":83,"insight-research-image":"https:\/\/www.bullhorn.com\/de\/wp-content\/uploads\/sites\/7\/2017\/11\/Telefoon-marketing-en-leads.jpg","insight-research-image-width":220,"insight-research-image-height":220,"insight-featured-articles-thumbnail":"https:\/\/www.bullhorn.com\/de\/wp-content\/uploads\/sites\/7\/2017\/11\/Telefoon-marketing-en-leads.jpg","insight-featured-articles-thumbnail-width":164,"insight-featured-articles-thumbnail-height":164,"insight-logo":"https:\/\/www.bullhorn.com\/de\/wp-content\/uploads\/sites\/7\/2017\/11\/Telefoon-marketing-en-leads.jpg","insight-logo-width":178,"insight-logo-height":178}},"video_url":"","embed_code":"","image_placement":"right","image_size":"4","image_box_shadow":false,"background_shape":"","background_shape_position":"left","parallax_fx":false,"block_aria":"","link_type":"none","link_page":null,"link_url":"","link_file":false,"link_video":"","link_aria":"","content":"<h2>Bullhorn Connexys Bewerbermanagementsystem<\/h2>\n<p>Am 06.01.2016 hat das Bundeskabinett den Regierungsentwurf eines Ersten Finanzmarktnovellierungsgesetzes beschlossen, unter anderem, um die Transparenz der Finanzm\u00e4rkte zu verbessern. F\u00fcr Finanzinstitute ist es daher wichtig, Kandidaten finden zu k\u00f6nnen, die diese Anforderungen einhalten k\u00f6nnen. Die Recruiting-Software von Bullhorn Connexys unterst\u00fctzt den finanziellen Sektor in dieser Suche nach dem richtigen Personal.<\/p>\n","block_background":"block-bg-none","block_background_video_type":"url","block_background_video_url":"","block_background_video_file":false,"block_background_image":false,"block_background_overlay":false,"unique_id":"","block_option_custom_class":"","block_animate":false,"block_option_padding":[],"block_option_hide":[]},{"acf_fc_layout":"global-block","block_group":71013}],"_links":{"self":[{"href":"https:\/\/www.bullhorn.com\/de\/wp-json\/wp\/v2\/pages\/71378","targetHints":{"allow":["GET"]}}],"collection":[{"href":"https:\/\/www.bullhorn.com\/de\/wp-json\/wp\/v2\/pages"}],"about":[{"href":"https:\/\/www.bullhorn.com\/de\/wp-json\/wp\/v2\/types\/page"}],"author":[{"embeddable":true,"href":"https:\/\/www.bullhorn.com\/de\/wp-json\/wp\/v2\/users\/403"}],"replies":[{"embeddable":true,"href":"https:\/\/www.bullhorn.com\/de\/wp-json\/wp\/v2\/comments?post=71378"}],"version-history":[{"count":5,"href":"https:\/\/www.bullhorn.com\/de\/wp-json\/wp\/v2\/pages\/71378\/revisions"}],"predecessor-version":[{"id":71807,"href":"https:\/\/www.bullhorn.com\/de\/wp-json\/wp\/v2\/pages\/71378\/revisions\/71807"}],"wp:attachment":[{"href":"https:\/\/www.bullhorn.com\/de\/wp-json\/wp\/v2\/media?parent=71378"}],"curies":[{"name":"wp","href":"https:\/\/api.w.org\/{rel}","templated":true}]}}