{"id":71394,"date":"2021-08-05T22:22:03","date_gmt":"2021-08-05T22:22:03","guid":{"rendered":"https:\/\/www.bullhorn.com\/de\/?page_id=71394"},"modified":"2024-09-23T15:17:30","modified_gmt":"2024-09-23T15:17:30","slug":"was-ist-e-recruiting","status":"publish","type":"page","link":"https:\/\/www.bullhorn.com\/de\/was-ist-e-recruiting\/","title":{"rendered":"E-Recruiting-Software"},"content":{"rendered":"","protected":false},"excerpt":{"rendered":"","protected":false},"author":403,"featured_media":0,"parent":0,"menu_order":0,"comment_status":"closed","ping_status":"closed","template":"","meta":{"_acf_changed":false,"om_disable_all_campaigns":false},"class_list":["post-71394","page","type-page","status-publish","hentry"],"acf":[],"yoast_head":"<!-- This site is optimized with the Yoast SEO plugin v27.2 - https:\/\/yoast.com\/product\/yoast-seo-wordpress\/ -->\n<title>E-Recruiting-Software - Bullhorn DE<\/title>\n<meta name=\"description\" content=\"Alles, was Sie \u00fcber E-Recruiting wissen m\u00fcssen: Was es ist und wie es Ihre Rekrutierung optimieren kann.\" \/>\n<meta name=\"robots\" content=\"index, follow, max-snippet:-1, max-image-preview:large, max-video-preview:-1\" \/>\n<link rel=\"canonical\" href=\"https:\/\/www.bullhorn.com\/de\/was-ist-e-recruiting\/\" \/>\n<meta property=\"og:locale\" content=\"de_DE\" \/>\n<meta property=\"og:type\" content=\"article\" \/>\n<meta property=\"og:title\" content=\"E-Recruiting-Software - Bullhorn DE\" \/>\n<meta property=\"og:description\" content=\"Alles, was Sie \u00fcber E-Recruiting wissen m\u00fcssen: Was es ist und wie es Ihre Rekrutierung optimieren kann.\" \/>\n<meta property=\"og:url\" content=\"https:\/\/www.bullhorn.com\/de\/was-ist-e-recruiting\/\" \/>\n<meta property=\"og:site_name\" content=\"Bullhorn DE\" \/>\n<meta property=\"article:publisher\" content=\"https:\/\/www.facebook.com\/Bullhorn\/\" \/>\n<meta property=\"article:modified_time\" content=\"2024-09-23T15:17:30+00:00\" \/>\n<meta name=\"twitter:card\" content=\"summary_large_image\" \/>\n<meta name=\"twitter:site\" content=\"@Bullhorn\" \/>\n<script type=\"application\/ld+json\" class=\"yoast-schema-graph\">{\"@context\":\"https:\/\/schema.org\",\"@graph\":[{\"@type\":\"WebPage\",\"@id\":\"https:\/\/www.bullhorn.com\/de\/was-ist-e-recruiting\/\",\"url\":\"https:\/\/www.bullhorn.com\/de\/was-ist-e-recruiting\/\",\"name\":\"E-Recruiting-Software - Bullhorn DE\",\"isPartOf\":{\"@id\":\"https:\/\/www.bullhorn.com\/de\/#website\"},\"datePublished\":\"2021-08-05T22:22:03+00:00\",\"dateModified\":\"2024-09-23T15:17:30+00:00\",\"description\":\"Alles, was Sie \u00fcber E-Recruiting wissen m\u00fcssen: Was es ist und wie es Ihre Rekrutierung optimieren kann.\",\"breadcrumb\":{\"@id\":\"https:\/\/www.bullhorn.com\/de\/was-ist-e-recruiting\/#breadcrumb\"},\"inLanguage\":\"de\",\"potentialAction\":[{\"@type\":\"ReadAction\",\"target\":[\"https:\/\/www.bullhorn.com\/de\/was-ist-e-recruiting\/\"]}]},{\"@type\":\"BreadcrumbList\",\"@id\":\"https:\/\/www.bullhorn.com\/de\/was-ist-e-recruiting\/#breadcrumb\",\"itemListElement\":[{\"@type\":\"ListItem\",\"position\":1,\"name\":\"Home\",\"item\":\"https:\/\/www.bullhorn.com\/de\/\"},{\"@type\":\"ListItem\",\"position\":2,\"name\":\"E-Recruiting-Software\"}]},{\"@type\":\"WebSite\",\"@id\":\"https:\/\/www.bullhorn.com\/de\/#website\",\"url\":\"https:\/\/www.bullhorn.com\/de\/\",\"name\":\"Bullhorn DE\",\"description\":\"Just another Bullhorn Sites site\",\"publisher\":{\"@id\":\"https:\/\/www.bullhorn.com\/de\/#organization\"},\"potentialAction\":[{\"@type\":\"SearchAction\",\"target\":{\"@type\":\"EntryPoint\",\"urlTemplate\":\"https:\/\/www.bullhorn.com\/de\/?s={search_term_string}\"},\"query-input\":{\"@type\":\"PropertyValueSpecification\",\"valueRequired\":true,\"valueName\":\"search_term_string\"}}],\"inLanguage\":\"de\"},{\"@type\":\"Organization\",\"@id\":\"https:\/\/www.bullhorn.com\/de\/#organization\",\"name\":\"Bullhorn\",\"url\":\"https:\/\/www.bullhorn.com\/de\/\",\"logo\":{\"@type\":\"ImageObject\",\"inLanguage\":\"de\",\"@id\":\"https:\/\/www.bullhorn.com\/de\/#\/schema\/logo\/image\/\",\"url\":\"https:\/\/www.bullhorn.com\/de\/wp-content\/uploads\/sites\/7\/2021\/09\/og-img.png\",\"contentUrl\":\"https:\/\/www.bullhorn.com\/de\/wp-content\/uploads\/sites\/7\/2021\/09\/og-img.png\",\"width\":1200,\"height\":628,\"caption\":\"Bullhorn\"},\"image\":{\"@id\":\"https:\/\/www.bullhorn.com\/de\/#\/schema\/logo\/image\/\"},\"sameAs\":[\"https:\/\/www.facebook.com\/Bullhorn\/\",\"https:\/\/x.com\/Bullhorn\",\"https:\/\/www.instagram.com\/lifeatbullhorn\/?hl=de\",\"https:\/\/www.linkedin.com\/company\/bullhorn\",\"https:\/\/www.youtube.com\/channel\/UC-Rgm5YxtoxsvlCHy6KW3Ug\",\"https:\/\/en.wikipedia.org\/wiki\/Bullhorn,_Inc.\"]}]}<\/script>\n<!-- \/ Yoast SEO plugin. -->","yoast_head_json":{"title":"E-Recruiting-Software - Bullhorn DE","description":"Alles, was Sie \u00fcber E-Recruiting wissen m\u00fcssen: Was es ist und wie es Ihre Rekrutierung optimieren kann.","robots":{"index":"index","follow":"follow","max-snippet":"max-snippet:-1","max-image-preview":"max-image-preview:large","max-video-preview":"max-video-preview:-1"},"canonical":"https:\/\/www.bullhorn.com\/de\/was-ist-e-recruiting\/","og_locale":"de_DE","og_type":"article","og_title":"E-Recruiting-Software - Bullhorn DE","og_description":"Alles, was Sie \u00fcber E-Recruiting wissen m\u00fcssen: Was es ist und wie es Ihre Rekrutierung optimieren kann.","og_url":"https:\/\/www.bullhorn.com\/de\/was-ist-e-recruiting\/","og_site_name":"Bullhorn DE","article_publisher":"https:\/\/www.facebook.com\/Bullhorn\/","article_modified_time":"2024-09-23T15:17:30+00:00","twitter_card":"summary_large_image","twitter_site":"@Bullhorn","schema":{"@context":"https:\/\/schema.org","@graph":[{"@type":"WebPage","@id":"https:\/\/www.bullhorn.com\/de\/was-ist-e-recruiting\/","url":"https:\/\/www.bullhorn.com\/de\/was-ist-e-recruiting\/","name":"E-Recruiting-Software - Bullhorn DE","isPartOf":{"@id":"https:\/\/www.bullhorn.com\/de\/#website"},"datePublished":"2021-08-05T22:22:03+00:00","dateModified":"2024-09-23T15:17:30+00:00","description":"Alles, was Sie \u00fcber E-Recruiting wissen m\u00fcssen: Was es ist und wie es Ihre Rekrutierung optimieren kann.","breadcrumb":{"@id":"https:\/\/www.bullhorn.com\/de\/was-ist-e-recruiting\/#breadcrumb"},"inLanguage":"de","potentialAction":[{"@type":"ReadAction","target":["https:\/\/www.bullhorn.com\/de\/was-ist-e-recruiting\/"]}]},{"@type":"BreadcrumbList","@id":"https:\/\/www.bullhorn.com\/de\/was-ist-e-recruiting\/#breadcrumb","itemListElement":[{"@type":"ListItem","position":1,"name":"Home","item":"https:\/\/www.bullhorn.com\/de\/"},{"@type":"ListItem","position":2,"name":"E-Recruiting-Software"}]},{"@type":"WebSite","@id":"https:\/\/www.bullhorn.com\/de\/#website","url":"https:\/\/www.bullhorn.com\/de\/","name":"Bullhorn DE","description":"Just another Bullhorn Sites site","publisher":{"@id":"https:\/\/www.bullhorn.com\/de\/#organization"},"potentialAction":[{"@type":"SearchAction","target":{"@type":"EntryPoint","urlTemplate":"https:\/\/www.bullhorn.com\/de\/?s={search_term_string}"},"query-input":{"@type":"PropertyValueSpecification","valueRequired":true,"valueName":"search_term_string"}}],"inLanguage":"de"},{"@type":"Organization","@id":"https:\/\/www.bullhorn.com\/de\/#organization","name":"Bullhorn","url":"https:\/\/www.bullhorn.com\/de\/","logo":{"@type":"ImageObject","inLanguage":"de","@id":"https:\/\/www.bullhorn.com\/de\/#\/schema\/logo\/image\/","url":"https:\/\/www.bullhorn.com\/de\/wp-content\/uploads\/sites\/7\/2021\/09\/og-img.png","contentUrl":"https:\/\/www.bullhorn.com\/de\/wp-content\/uploads\/sites\/7\/2021\/09\/og-img.png","width":1200,"height":628,"caption":"Bullhorn"},"image":{"@id":"https:\/\/www.bullhorn.com\/de\/#\/schema\/logo\/image\/"},"sameAs":["https:\/\/www.facebook.com\/Bullhorn\/","https:\/\/x.com\/Bullhorn","https:\/\/www.instagram.com\/lifeatbullhorn\/?hl=de","https:\/\/www.linkedin.com\/company\/bullhorn","https:\/\/www.youtube.com\/channel\/UC-Rgm5YxtoxsvlCHy6KW3Ug","https:\/\/en.wikipedia.org\/wiki\/Bullhorn,_Inc."]}]}},"grav_blocks":[{"acf_fc_layout":"columns","block_title":"E-Recruiting-Software: Eine Begriffsdefinition","block_aria":"","block_subtitle":"","format":"","enable_box_shadow":false,"columns":[{"type":"wysiwyg","wysiwyg":"<p>Die Zukunft des Recruitings ist digital und auch Ihre Mitstreiter auf dem Markt warten nicht damit, auf eine digitale Personalgewinnungsstrategie umzur\u00fcsten. Im E-Recruiting findet der Recruiting-Prozess online statt und wird von spezifischer Software unterst\u00fctzt. Der Einsatz einer E-Recruiting-Software um die <a href=\"https:\/\/www.bullhorn.com\/de\/ressourcen\/engagement-fur-die-bewerber-leitfaden-fur-personaldienstleister\/?LS=Website&amp;LSD=Topics_E_Recruiting_Software_GER&amp;LA=Candidate_Engagement_eBook_GER&amp;LAD=Candidate_Engagement_eBook_GER&amp;utm_source=topics_e_recruiting_software_ger&amp;utm_medium=website\">Candidate Experience<\/a> zu optimieren und Prozesse so effektiv und effizient wie m\u00f6glich einzurichten liegt so im Trend der Zeit.<\/p>\n<p>Im E-Recruiting werden mehrere Recruiting-Kan\u00e4le digitalisiert. Dies betrifft nicht nur die Prozesse auf der eigenen Unternehmenswebseite oder spezieller Karrierewebseiten, sondern auch auch auf Recruiting-Prozesse \u00fcber Soziale Medien und Online-Stellenb\u00f6rsen. Auch der Zugriff auf Bewerberdaten \u00fcber mobile Endger\u00e4te wie Smartphones oder Tablets wird durch E-Recruiting-Software vereinfacht. Im mobile Recruiting ist es Kandidaten so m\u00f6glich, Bewerbungen \u00fcber mobile Endger\u00e4te einzureichen. Im Umkehrschluss, sind Personalvermittler nicht an Ihr B\u00fcro gebunden sondern k\u00f6nnen einfach und von unterwegs Daten einsehen und bearbeiten.<\/p>\n","accordion_open_first_section":false,"accordion_multiple_open_sections":false,"accordion_items":false,"icon_list_items":false}],"block_background":"block-bg-none","block_background_video_type":"url","block_background_video_url":"","block_background_video_file":false,"block_background_image":false,"block_background_overlay":false,"unique_id":"","block_option_custom_class":"","block_animate":false,"block_option_padding":[],"block_option_hide":[],"bg_lower_slant_color":""},{"acf_fc_layout":"columns","block_title":"Welche Ziele verfolgt der Einsatz einer E-Recruiting-Software?","block_aria":"","block_subtitle":"","format":"","enable_box_shadow":false,"columns":[{"type":"wysiwyg","wysiwyg":"<p>Die Digitalisierung wird von der Mehrheit der deutschen Unternehmen als positiver Schritt in die Zukunft gewertet. Laut einer Studie bez\u00fcglich der Digitalisierung im Personalwesen, beurteilen drei Viertel der Top-1.000 Unternehmen die\u00a0<a href=\"https:\/\/arbeitgeber.monster.de\/recruiting\/studien.aspx\" target=\"_blank\" rel=\"noopener\">Digitalisierung im Personalwesen<\/a>\u00a0als Chance. Gleichzeitig berichten auch 42% der im\u00a0<a href=\"https:\/\/www.bullhorn.com\/de\/ressourcen\/recruiting-trends-personaldienstleistung-2018\/?LS=Website&amp;LSD=Topics_E_Recruiting_Software_GER&amp;LA=2018_Trends_Survey_Report_GER&amp;LAD=2018_Trends_Survey_Report_GER&amp;utm_source=topics_e_recruiting_software_ger&amp;utm_medium=website\">Recruiting-Trendbericht 2018<\/a>\u00a0befragten Personaldienstleister, dass der wirksame Einsatz von Technologie und Automatisierung zur Verbesserung Ihres Betriebs eine der wichtigsten Herausforderungen f\u00fcr 2018 darstellt.<\/p>\n<h3>Mit dem Einsatz einer E-Recruiting-Software werden Prozesse<\/h3>\n<p>&#8230;<strong>vereinfacht<\/strong>. Die E-Recruiting-Software \u00fcbernimmt verschiedene T\u00e4tigkeiten im Recruiting-Prozess und gestaltet komplexe Vorg\u00e4nge zeiteffizient. \u00a0Dabei wird Transparenz und die \u00dcberschaubarkeit f\u00fcr sowohl Recruiter als auch Bewerber gewahrt und sogar gesteigert. Die Einsicht und Bearbeitung von Bewerbungen gestaltet sich unkompliziert und ist von verschiedenen Endger\u00e4ten aus m\u00f6glich.<\/p>\n<p>&#8230;<strong>beschleunigt<\/strong>. Durch die Automatisierung von zeitraubenden manuellen Vorg\u00e4ngen wird der Recruiting-Prozess zeiteffizienter gestaltet. So kann sich Ihr Recruiter auf andere wichtige Aufgaben konzentrieren und mehr Zeit f\u00fcr eine bessere Kundenbindung und Candidate Experience aufbringen.<\/p>\n<p>&#8230;<strong>in der Qualit\u00e4t gesteigert<\/strong>. Der Bewerber wird in den Mittelpunkt gestellt, und Qualit\u00e4t gewinnt \u00fcber Quantit\u00e4t. Der Bewerberprozess wird menschlicher und die Wahrscheinlichkeit einer ausgezeichneten Candidate Experience erh\u00f6ht. Der Vorteil ist: Auch Ihre Arbeitgebermarke profitiert von dieser Qualit\u00e4tssteigerung.<\/p>\n","accordion_open_first_section":false,"accordion_multiple_open_sections":false,"accordion_items":false,"icon_list_items":false}],"block_background":"block-bg-none","block_background_video_type":"url","block_background_video_url":"","block_background_video_file":false,"block_background_image":false,"block_background_overlay":false,"unique_id":"","block_option_custom_class":"","block_animate":false,"block_option_padding":[],"block_option_hide":[],"bg_lower_slant_color":""},{"acf_fc_layout":"columns","block_title":"Vorteile f\u00fcr Ihr Unternehmen","block_aria":"","block_subtitle":"","format":"","enable_box_shadow":false,"columns":[{"type":"wysiwyg","wysiwyg":"<p>Der Erwerb und die Abstimmung einer E-Recruiting-Software auf die Bed\u00fcrfnisse Ihres Unternehmen steht auch im Zeichen von finanziellem Aufwand. Doch fast immer birgt die Umstellung auf eine E-Recruiting-Software mehr Vor-als Nachteile, sodass sich der finanzielle Aufwand der Digitalisierung lohnt.<\/p>\n<p>Das optimale Bewerbermanagementsystem erlaubt das Arbeiten auf globaler Ebene: Sind Daten in der Cloud gespeichert, sind diese immer und \u00fcberall von berechtigten Personen einsehbar und erlaubt so eine Unabh\u00e4ngigkeit von geographischen Positionen. Ebenso k\u00f6nnen Aktualisierungen vorgenommen, ohne Ihre Arbeitsprozesse ma\u00dfgeblich dabei einzuschr\u00e4nken.<\/p>\n","accordion_open_first_section":false,"accordion_multiple_open_sections":false,"accordion_items":false,"icon_list_items":false}],"block_background":"block-bg-none","block_background_video_type":"url","block_background_video_url":"","block_background_video_file":false,"block_background_image":false,"block_background_overlay":false,"unique_id":"","block_option_custom_class":"","block_animate":false,"block_option_padding":[],"block_option_hide":[],"bg_lower_slant_color":""},{"acf_fc_layout":"columns","block_title":"Weitere Informationen?","block_aria":"","block_subtitle":"","format":"","enable_box_shadow":false,"columns":[{"type":"wysiwyg","wysiwyg":"<p style=\"text-align: left\">Fordern Sie eine unverbindliche &amp; kostenlose Demo an. W\u00fcrden Sie gerne einen Einblick in unsere E-Recruiting-Software haben? Das ist m\u00f6glich!<\/p>\n<p style=\"text-align: center\"><a class=\"button button--blue\">Demotermin vereinbaren<\/a><\/p>\n<p>Haben wir Sie neugierig gemacht? Wir w\u00fcrden uns dar\u00fcber freuen, Ihnen mehr \u00fcber die Vorteile von E-Recruiting-Software zu erz\u00e4hlen. Nehmen Sie gerne\u00a0Kontakt\u00a0zu uns auf, um einen unverbindlichen Beratungstermin mit einem unserer Experten auszumachen.<\/p>\n","accordion_open_first_section":false,"accordion_multiple_open_sections":false,"accordion_items":false,"icon_list_items":false}],"block_background":"block-bg-none","block_background_video_type":"url","block_background_video_url":"","block_background_video_file":false,"block_background_image":false,"block_background_overlay":false,"unique_id":"","block_option_custom_class":"","block_animate":false,"block_option_padding":[],"block_option_hide":[],"bg_lower_slant_color":""},{"acf_fc_layout":"global-block","block_group":71013}],"_links":{"self":[{"href":"https:\/\/www.bullhorn.com\/de\/wp-json\/wp\/v2\/pages\/71394","targetHints":{"allow":["GET"]}}],"collection":[{"href":"https:\/\/www.bullhorn.com\/de\/wp-json\/wp\/v2\/pages"}],"about":[{"href":"https:\/\/www.bullhorn.com\/de\/wp-json\/wp\/v2\/types\/page"}],"author":[{"embeddable":true,"href":"https:\/\/www.bullhorn.com\/de\/wp-json\/wp\/v2\/users\/403"}],"replies":[{"embeddable":true,"href":"https:\/\/www.bullhorn.com\/de\/wp-json\/wp\/v2\/comments?post=71394"}],"version-history":[{"count":2,"href":"https:\/\/www.bullhorn.com\/de\/wp-json\/wp\/v2\/pages\/71394\/revisions"}],"predecessor-version":[{"id":71396,"href":"https:\/\/www.bullhorn.com\/de\/wp-json\/wp\/v2\/pages\/71394\/revisions\/71396"}],"wp:attachment":[{"href":"https:\/\/www.bullhorn.com\/de\/wp-json\/wp\/v2\/media?parent=71394"}],"curies":[{"name":"wp","href":"https:\/\/api.w.org\/{rel}","templated":true}]}}