{"id":71478,"date":"2021-08-11T15:24:15","date_gmt":"2021-08-11T15:24:15","guid":{"rendered":"https:\/\/www.bullhorn.com\/de\/?page_id=71478"},"modified":"2024-09-23T15:03:55","modified_gmt":"2024-09-23T15:03:55","slug":"randstad","status":"publish","type":"page","link":"https:\/\/www.bullhorn.com\/de\/randstad\/","title":{"rendered":"Randstad"},"content":{"rendered":"","protected":false},"excerpt":{"rendered":"","protected":false},"author":403,"featured_media":0,"parent":0,"menu_order":0,"comment_status":"closed","ping_status":"closed","template":"","meta":{"_acf_changed":false,"om_disable_all_campaigns":false},"class_list":["post-71478","page","type-page","status-publish","hentry"],"acf":[],"yoast_head":"<!-- This site is optimized with the Yoast SEO plugin v27.2 - https:\/\/yoast.com\/product\/yoast-seo-wordpress\/ -->\n<title>Randstad - Bullhorn DE<\/title>\n<meta name=\"description\" content=\"Randstad und Bullhorn: Gemeinsam f\u00fcr bessere Recruiting-L\u00f6sungen.\" \/>\n<meta name=\"robots\" content=\"index, follow, max-snippet:-1, max-image-preview:large, max-video-preview:-1\" \/>\n<link rel=\"canonical\" href=\"https:\/\/www.bullhorn.com\/de\/randstad\/\" \/>\n<meta property=\"og:locale\" content=\"de_DE\" \/>\n<meta property=\"og:type\" content=\"article\" \/>\n<meta property=\"og:title\" content=\"Randstad - Bullhorn DE\" \/>\n<meta property=\"og:description\" content=\"Randstad und Bullhorn: Gemeinsam f\u00fcr bessere Recruiting-L\u00f6sungen.\" \/>\n<meta property=\"og:url\" content=\"https:\/\/www.bullhorn.com\/de\/randstad\/\" \/>\n<meta property=\"og:site_name\" content=\"Bullhorn DE\" \/>\n<meta property=\"article:publisher\" content=\"https:\/\/www.facebook.com\/Bullhorn\/\" \/>\n<meta property=\"article:modified_time\" content=\"2024-09-23T15:03:55+00:00\" \/>\n<meta name=\"twitter:card\" content=\"summary_large_image\" \/>\n<meta name=\"twitter:site\" content=\"@Bullhorn\" \/>\n<script type=\"application\/ld+json\" class=\"yoast-schema-graph\">{\"@context\":\"https:\/\/schema.org\",\"@graph\":[{\"@type\":\"WebPage\",\"@id\":\"https:\/\/www.bullhorn.com\/de\/randstad\/\",\"url\":\"https:\/\/www.bullhorn.com\/de\/randstad\/\",\"name\":\"Randstad - Bullhorn DE\",\"isPartOf\":{\"@id\":\"https:\/\/www.bullhorn.com\/de\/#website\"},\"datePublished\":\"2021-08-11T15:24:15+00:00\",\"dateModified\":\"2024-09-23T15:03:55+00:00\",\"description\":\"Randstad und Bullhorn: Gemeinsam f\u00fcr bessere Recruiting-L\u00f6sungen.\",\"breadcrumb\":{\"@id\":\"https:\/\/www.bullhorn.com\/de\/randstad\/#breadcrumb\"},\"inLanguage\":\"de\",\"potentialAction\":[{\"@type\":\"ReadAction\",\"target\":[\"https:\/\/www.bullhorn.com\/de\/randstad\/\"]}]},{\"@type\":\"BreadcrumbList\",\"@id\":\"https:\/\/www.bullhorn.com\/de\/randstad\/#breadcrumb\",\"itemListElement\":[{\"@type\":\"ListItem\",\"position\":1,\"name\":\"Home\",\"item\":\"https:\/\/www.bullhorn.com\/de\/\"},{\"@type\":\"ListItem\",\"position\":2,\"name\":\"Randstad\"}]},{\"@type\":\"WebSite\",\"@id\":\"https:\/\/www.bullhorn.com\/de\/#website\",\"url\":\"https:\/\/www.bullhorn.com\/de\/\",\"name\":\"Bullhorn DE\",\"description\":\"Just another Bullhorn Sites site\",\"publisher\":{\"@id\":\"https:\/\/www.bullhorn.com\/de\/#organization\"},\"potentialAction\":[{\"@type\":\"SearchAction\",\"target\":{\"@type\":\"EntryPoint\",\"urlTemplate\":\"https:\/\/www.bullhorn.com\/de\/?s={search_term_string}\"},\"query-input\":{\"@type\":\"PropertyValueSpecification\",\"valueRequired\":true,\"valueName\":\"search_term_string\"}}],\"inLanguage\":\"de\"},{\"@type\":\"Organization\",\"@id\":\"https:\/\/www.bullhorn.com\/de\/#organization\",\"name\":\"Bullhorn\",\"url\":\"https:\/\/www.bullhorn.com\/de\/\",\"logo\":{\"@type\":\"ImageObject\",\"inLanguage\":\"de\",\"@id\":\"https:\/\/www.bullhorn.com\/de\/#\/schema\/logo\/image\/\",\"url\":\"https:\/\/www.bullhorn.com\/de\/wp-content\/uploads\/sites\/7\/2021\/09\/og-img.png\",\"contentUrl\":\"https:\/\/www.bullhorn.com\/de\/wp-content\/uploads\/sites\/7\/2021\/09\/og-img.png\",\"width\":1200,\"height\":628,\"caption\":\"Bullhorn\"},\"image\":{\"@id\":\"https:\/\/www.bullhorn.com\/de\/#\/schema\/logo\/image\/\"},\"sameAs\":[\"https:\/\/www.facebook.com\/Bullhorn\/\",\"https:\/\/x.com\/Bullhorn\",\"https:\/\/www.instagram.com\/lifeatbullhorn\/?hl=de\",\"https:\/\/www.linkedin.com\/company\/bullhorn\",\"https:\/\/www.youtube.com\/channel\/UC-Rgm5YxtoxsvlCHy6KW3Ug\",\"https:\/\/en.wikipedia.org\/wiki\/Bullhorn,_Inc.\"]}]}<\/script>\n<!-- \/ Yoast SEO plugin. -->","yoast_head_json":{"title":"Randstad - Bullhorn DE","description":"Randstad und Bullhorn: Gemeinsam f\u00fcr bessere Recruiting-L\u00f6sungen.","robots":{"index":"index","follow":"follow","max-snippet":"max-snippet:-1","max-image-preview":"max-image-preview:large","max-video-preview":"max-video-preview:-1"},"canonical":"https:\/\/www.bullhorn.com\/de\/randstad\/","og_locale":"de_DE","og_type":"article","og_title":"Randstad - Bullhorn DE","og_description":"Randstad und Bullhorn: Gemeinsam f\u00fcr bessere Recruiting-L\u00f6sungen.","og_url":"https:\/\/www.bullhorn.com\/de\/randstad\/","og_site_name":"Bullhorn DE","article_publisher":"https:\/\/www.facebook.com\/Bullhorn\/","article_modified_time":"2024-09-23T15:03:55+00:00","twitter_card":"summary_large_image","twitter_site":"@Bullhorn","schema":{"@context":"https:\/\/schema.org","@graph":[{"@type":"WebPage","@id":"https:\/\/www.bullhorn.com\/de\/randstad\/","url":"https:\/\/www.bullhorn.com\/de\/randstad\/","name":"Randstad - Bullhorn DE","isPartOf":{"@id":"https:\/\/www.bullhorn.com\/de\/#website"},"datePublished":"2021-08-11T15:24:15+00:00","dateModified":"2024-09-23T15:03:55+00:00","description":"Randstad und Bullhorn: Gemeinsam f\u00fcr bessere Recruiting-L\u00f6sungen.","breadcrumb":{"@id":"https:\/\/www.bullhorn.com\/de\/randstad\/#breadcrumb"},"inLanguage":"de","potentialAction":[{"@type":"ReadAction","target":["https:\/\/www.bullhorn.com\/de\/randstad\/"]}]},{"@type":"BreadcrumbList","@id":"https:\/\/www.bullhorn.com\/de\/randstad\/#breadcrumb","itemListElement":[{"@type":"ListItem","position":1,"name":"Home","item":"https:\/\/www.bullhorn.com\/de\/"},{"@type":"ListItem","position":2,"name":"Randstad"}]},{"@type":"WebSite","@id":"https:\/\/www.bullhorn.com\/de\/#website","url":"https:\/\/www.bullhorn.com\/de\/","name":"Bullhorn DE","description":"Just another Bullhorn Sites site","publisher":{"@id":"https:\/\/www.bullhorn.com\/de\/#organization"},"potentialAction":[{"@type":"SearchAction","target":{"@type":"EntryPoint","urlTemplate":"https:\/\/www.bullhorn.com\/de\/?s={search_term_string}"},"query-input":{"@type":"PropertyValueSpecification","valueRequired":true,"valueName":"search_term_string"}}],"inLanguage":"de"},{"@type":"Organization","@id":"https:\/\/www.bullhorn.com\/de\/#organization","name":"Bullhorn","url":"https:\/\/www.bullhorn.com\/de\/","logo":{"@type":"ImageObject","inLanguage":"de","@id":"https:\/\/www.bullhorn.com\/de\/#\/schema\/logo\/image\/","url":"https:\/\/www.bullhorn.com\/de\/wp-content\/uploads\/sites\/7\/2021\/09\/og-img.png","contentUrl":"https:\/\/www.bullhorn.com\/de\/wp-content\/uploads\/sites\/7\/2021\/09\/og-img.png","width":1200,"height":628,"caption":"Bullhorn"},"image":{"@id":"https:\/\/www.bullhorn.com\/de\/#\/schema\/logo\/image\/"},"sameAs":["https:\/\/www.facebook.com\/Bullhorn\/","https:\/\/x.com\/Bullhorn","https:\/\/www.instagram.com\/lifeatbullhorn\/?hl=de","https:\/\/www.linkedin.com\/company\/bullhorn","https:\/\/www.youtube.com\/channel\/UC-Rgm5YxtoxsvlCHy6KW3Ug","https:\/\/en.wikipedia.org\/wiki\/Bullhorn,_Inc."]}]}},"grav_blocks":[{"acf_fc_layout":"columns","block_title":"","block_aria":"","block_subtitle":"","format":"","enable_box_shadow":false,"columns":[{"type":"wysiwyg","wysiwyg":"<p>Randstad ist ein weltweit agierender Personaldienstleister und seit 1968 in Deutschland aktiv. Das umfangreiche Leistungsportfolio reicht von der klassischen Zeitarbeit, \u00fcber die direkte Personalvermittlung bis hin zu spezialisierten Personall\u00f6sungen.<\/p>\n<p>Wenn Sie mit 1.500 Kollegen zusammenarbeiten, ist es wichtig, stets transparent, informativ sowie effektiv f\u00fcr jeden einzelnen Kunden zu arbeiten. Sehen Sie sich diese Videos an, um zu erfahren, wie Randstad die Herausforderungen im Rekrutierungsprozess bew\u00e4ltigt, indem sie Bullhorn als ATS-L\u00f6sung nutzen. Eine Plattform &#8211; eine Informationsquelle.<\/p>\n","accordion_open_first_section":false,"accordion_multiple_open_sections":false,"accordion_items":false,"icon_list_items":false},{"type":"wysiwyg","wysiwyg":"<div class=\"wistia_responsive_padding\" style=\"padding: 56.25% 0 0 0;position: relative\">\n<div class=\"wistia_responsive_wrapper\" style=\"height: 100%;left: 0;position: absolute;top: 0;width: 100%\"><span class=\"wistia_embed wistia_async_7eftw2cvfg popover=true popoverAnimateThumbnail=true videoFoam=true\" style=\"height: 100%;position: relative;width: 100%\">\u00a0<\/span><\/div>\n<\/div>\n","accordion_open_first_section":false,"accordion_multiple_open_sections":false,"accordion_items":false,"icon_list_items":false}],"block_background":"bg-blue","block_background_video_type":"url","block_background_video_url":"","block_background_video_file":false,"block_background_image":false,"block_background_overlay":false,"unique_id":"","block_option_custom_class":"","block_animate":false,"block_option_padding":["block-options-padding-remove-top"],"block_option_hide":[],"bg_lower_slant_color":""},{"acf_fc_layout":"columns","block_title":"","block_aria":"","block_subtitle":"","format":"","enable_box_shadow":false,"columns":[{"type":"icon-list","wysiwyg":"","accordion_open_first_section":false,"accordion_multiple_open_sections":false,"accordion_items":false,"icon_list_items":[{"icon":"icons\/graph-2","icon_color":"blue-light","content":"<h4>Effizienzsteigerung<\/h4>\n"}]},{"type":"icon-list","wysiwyg":"","accordion_open_first_section":false,"accordion_multiple_open_sections":false,"accordion_items":false,"icon_list_items":[{"icon":"icons\/clock","icon_color":"blue-light","content":"<h4>Deutliche Zeitersparnis<\/h4>\n"}]},{"type":"icon-list","wysiwyg":"","accordion_open_first_section":false,"accordion_multiple_open_sections":false,"accordion_items":false,"icon_list_items":[{"icon":"icons\/arrows-up","icon_color":"blue-light","content":"<h4>Zukunftsorientierter Partner<\/h4>\n"}]}],"block_background":"bg-blue","block_background_video_type":"url","block_background_video_url":"","block_background_video_file":false,"block_background_image":false,"block_background_overlay":false,"unique_id":"","block_option_custom_class":"","block_animate":false,"block_option_padding":[],"block_option_hide":[],"bg_lower_slant_color":""},{"acf_fc_layout":"columns","block_title":"Die Experten erz\u00e4hlen Ihnen mehr:","block_aria":"","block_subtitle":"","format":"","enable_box_shadow":false,"columns":[{"type":"wysiwyg","wysiwyg":"<h4 style=\"text-align: center\">Susanne Wi\u00dffeld,<br \/>\nManaging Director Operations<\/h4>\n<div class=\"wistia_responsive_padding\" style=\"padding: 56.25% 0 0 0;position: relative\">\n<div class=\"wistia_responsive_wrapper\" style=\"height: 100%;left: 0;position: absolute;top: 0;width: 100%\"><span class=\"wistia_embed wistia_async_s7dakuypu7 popover=true popoverAnimateThumbnail=true videoFoam=true\" style=\"height: 100%;position: relative;width: 100%\">\u00a0<\/span><\/div>\n<\/div>\n<p>&nbsp;<\/p>\n<p style=\"text-align: left\">\u201eWir versuchen, \u00fcberall da, wo Technik uns helfen kann, es einzusetzen. Aber immer als Idee, niemals den Menschen zu ersetzen, sondern ihn zu unterst\u00fctzen.\u201c<\/p>\n","accordion_open_first_section":false,"accordion_multiple_open_sections":false,"accordion_items":false,"icon_list_items":false},{"type":"wysiwyg","wysiwyg":"<h4 style=\"text-align: center\">Patrick Wamelink,<br \/>\nProgrammanager Randstad IT<\/h4>\n<div class=\"wistia_responsive_padding\" style=\"padding: 56.25% 0 0 0;position: relative\">\n<div class=\"wistia_responsive_wrapper\" style=\"height: 100%;left: 0px;position: absolute;top: 0px;width: 100%;text-align: left\"><span class=\"wistia_embed wistia_async_w8yfh0xvlq popover=true popoverAnimateThumbnail=true videoFoam=true\" style=\"height: 100%;position: relative;width: 100%\">\u00a0<\/span><\/div>\n<\/div>\n<p>&nbsp;<\/p>\n<p style=\"text-align: left\">\u201eEs ist nicht nur eine sch\u00f6ne L\u00f6sung von der Technik her, sondern man hat bei Bullhorn auch Consultants, die wirklich verstehen, um was es in unserem Business geht.\u201c<\/p>\n","accordion_open_first_section":false,"accordion_multiple_open_sections":false,"accordion_items":false,"icon_list_items":false},{"type":"wysiwyg","wysiwyg":"<h4 style=\"text-align: center\">Danny Edler,<br \/>\nSenior Consultant Business Processes<\/h4>\n<div class=\"wistia_responsive_padding\" style=\"padding: 56.25% 0 0 0;position: relative\">\n<div class=\"wistia_responsive_wrapper\" style=\"height: 100%;left: 0;position: absolute;top: 0;width: 100%\"><span class=\"wistia_embed wistia_async_xnoefk14fg popover=true popoverAnimateThumbnail=true videoFoam=true\" style=\"height: 100%;position: relative;width: 100%\">\u00a0<\/span><\/div>\n<\/div>\n<p>&nbsp;<\/p>\n<p style=\"text-align: left\">\u201eDie Nutzung einer einzigen Plattform bietet uns im Alltag den Vorteil, dass wir immer genau wissen, was mit dem Kandidaten passiert.\u201c<\/p>\n","accordion_open_first_section":false,"accordion_multiple_open_sections":false,"accordion_items":false,"icon_list_items":false}],"block_background":"block-bg-none","block_background_video_type":"url","block_background_video_url":"","block_background_video_file":false,"block_background_image":false,"block_background_overlay":false,"unique_id":"","block_option_custom_class":"","block_animate":false,"block_option_padding":[],"block_option_hide":[],"bg_lower_slant_color":""},{"acf_fc_layout":"content-media","media_type":"image","image":{"ID":6719,"id":6719,"title":"randstad logo","filename":"randstad-logo.png","filesize":38825,"url":"https:\/\/www.bullhorn.com\/de\/wp-content\/uploads\/sites\/7\/2019\/12\/randstad-logo.png","link":"https:\/\/www.bullhorn.com\/de\/connexys-recruiting-software\/randstad-logo\/","alt":"","author":"481","description":"","caption":"","name":"randstad-logo","status":"inherit","uploaded_to":71365,"date":"2019-12-10 14:23:53","modified":"2021-08-24 09:50:03","menu_order":0,"mime_type":"image\/png","type":"image","subtype":"png","icon":"https:\/\/www.bullhorn.com\/de\/wp-includes\/images\/media\/default.png","width":2000,"height":418,"sizes":{"thumbnail":"https:\/\/www.bullhorn.com\/de\/wp-content\/uploads\/sites\/7\/2019\/12\/randstad-logo-150x150.png","thumbnail-width":150,"thumbnail-height":150,"medium":"https:\/\/www.bullhorn.com\/de\/wp-content\/uploads\/sites\/7\/2019\/12\/randstad-logo-300x63.png","medium-width":300,"medium-height":63,"medium_large":"https:\/\/www.bullhorn.com\/de\/wp-content\/uploads\/sites\/7\/2019\/12\/randstad-logo-768x161.png","medium_large-width":768,"medium_large-height":161,"large":"https:\/\/www.bullhorn.com\/de\/wp-content\/uploads\/sites\/7\/2019\/12\/randstad-logo-1024x214.png","large-width":1024,"large-height":214,"1536x1536":"https:\/\/www.bullhorn.com\/de\/wp-content\/uploads\/sites\/7\/2019\/12\/randstad-logo.png","1536x1536-width":1536,"1536x1536-height":321,"2048x2048":"https:\/\/www.bullhorn.com\/de\/wp-content\/uploads\/sites\/7\/2019\/12\/randstad-logo.png","2048x2048-width":2000,"2048x2048-height":418,"post-thumbnail":"https:\/\/www.bullhorn.com\/de\/wp-content\/uploads\/sites\/7\/2019\/12\/randstad-logo.png","post-thumbnail-width":300,"post-thumbnail-height":63,"small":"https:\/\/www.bullhorn.com\/de\/wp-content\/uploads\/sites\/7\/2019\/12\/randstad-logo.png","small-width":300,"small-height":63,"xlarge":"https:\/\/www.bullhorn.com\/de\/wp-content\/uploads\/sites\/7\/2019\/12\/randstad-logo.png","xlarge-width":1440,"xlarge-height":301,"insight-of-the-week":"https:\/\/www.bullhorn.com\/de\/wp-content\/uploads\/sites\/7\/2019\/12\/randstad-logo.png","insight-of-the-week-width":567,"insight-of-the-week-height":119,"insight-icons":"https:\/\/www.bullhorn.com\/de\/wp-content\/uploads\/sites\/7\/2019\/12\/randstad-logo.png","insight-icons-width":83,"insight-icons-height":17,"insight-research-image":"https:\/\/www.bullhorn.com\/de\/wp-content\/uploads\/sites\/7\/2019\/12\/randstad-logo.png","insight-research-image-width":362,"insight-research-image-height":76,"insight-featured-articles-thumbnail":"https:\/\/www.bullhorn.com\/de\/wp-content\/uploads\/sites\/7\/2019\/12\/randstad-logo.png","insight-featured-articles-thumbnail-width":312,"insight-featured-articles-thumbnail-height":65,"insight-logo":"https:\/\/www.bullhorn.com\/de\/wp-content\/uploads\/sites\/7\/2019\/12\/randstad-logo.png","insight-logo-width":618,"insight-logo-height":129}},"video_url":"","embed_code":"","image_placement":"left","image_size":"4","image_box_shadow":false,"background_shape":"","background_shape_position":"left","parallax_fx":false,"block_aria":"","link_type":"none","link_page":null,"link_url":"","link_file":false,"link_video":"","link_aria":"","content":"<h2>M\u00f6chten Sie mehr \u00fcber die L\u00f6sungen von Bullhorn erfahren?<\/h2>\n<p>Senden Sie uns eine Anfrage und einer unserer Experten wird sich mit Ihnen in Verbindung setzen.<\/p>\n<p><a class=\"button\" href=\"#show-demo-modal\">Demo anfragen<\/a><\/p>\n","block_background":"block-bg-none","block_background_video_type":"url","block_background_video_url":"","block_background_video_file":false,"block_background_image":false,"block_background_overlay":false,"unique_id":"","block_option_custom_class":"","block_animate":false,"block_option_padding":[],"block_option_hide":[]}],"_links":{"self":[{"href":"https:\/\/www.bullhorn.com\/de\/wp-json\/wp\/v2\/pages\/71478","targetHints":{"allow":["GET"]}}],"collection":[{"href":"https:\/\/www.bullhorn.com\/de\/wp-json\/wp\/v2\/pages"}],"about":[{"href":"https:\/\/www.bullhorn.com\/de\/wp-json\/wp\/v2\/types\/page"}],"author":[{"embeddable":true,"href":"https:\/\/www.bullhorn.com\/de\/wp-json\/wp\/v2\/users\/403"}],"replies":[{"embeddable":true,"href":"https:\/\/www.bullhorn.com\/de\/wp-json\/wp\/v2\/comments?post=71478"}],"version-history":[{"count":10,"href":"https:\/\/www.bullhorn.com\/de\/wp-json\/wp\/v2\/pages\/71478\/revisions"}],"predecessor-version":[{"id":71488,"href":"https:\/\/www.bullhorn.com\/de\/wp-json\/wp\/v2\/pages\/71478\/revisions\/71488"}],"wp:attachment":[{"href":"https:\/\/www.bullhorn.com\/de\/wp-json\/wp\/v2\/media?parent=71478"}],"curies":[{"name":"wp","href":"https:\/\/api.w.org\/{rel}","templated":true}]}}