{"id":71504,"date":"2021-08-11T20:28:45","date_gmt":"2021-08-11T20:28:45","guid":{"rendered":"https:\/\/www.bullhorn.com\/de\/?page_id=71504"},"modified":"2023-08-31T13:44:26","modified_gmt":"2023-08-31T13:44:26","slug":"verpflichtungserklaerung-fuer-dsgvo","status":"publish","type":"page","link":"https:\/\/www.bullhorn.com\/de\/verpflichtungserklaerung-fuer-dsgvo\/","title":{"rendered":"Verpflichtungserklarung f\u00fcr DSGVO"},"content":{"rendered":"","protected":false},"excerpt":{"rendered":"","protected":false},"author":403,"featured_media":0,"parent":0,"menu_order":0,"comment_status":"closed","ping_status":"closed","template":"","meta":{"_acf_changed":false,"om_disable_all_campaigns":false},"class_list":["post-71504","page","type-page","status-publish","hentry"],"acf":[],"yoast_head":"<!-- This site is optimized with the Yoast SEO plugin v27.2 - https:\/\/yoast.com\/product\/yoast-seo-wordpress\/ -->\n<title>Verpflichtungserklarung f\u00fcr DSGVO<\/title>\n<meta name=\"description\" content=\"Hier erfahren Sie mehr zur Verpflichtungserkl\u00e4rung von Bullhorn gem\u00e4\u00df der Datenschutzgrundverordnung (DSGVO).\" \/>\n<meta name=\"robots\" content=\"index, follow, max-snippet:-1, max-image-preview:large, max-video-preview:-1\" \/>\n<link rel=\"canonical\" href=\"https:\/\/www.bullhorn.com\/de\/verpflichtungserklaerung-fuer-dsgvo\/\" \/>\n<meta property=\"og:locale\" content=\"de_DE\" \/>\n<meta property=\"og:type\" content=\"article\" \/>\n<meta property=\"og:title\" content=\"Verpflichtungserklarung f\u00fcr DSGVO\" \/>\n<meta property=\"og:description\" content=\"Hier erfahren Sie mehr zur Verpflichtungserkl\u00e4rung von Bullhorn gem\u00e4\u00df der Datenschutzgrundverordnung (DSGVO).\" \/>\n<meta property=\"og:url\" content=\"https:\/\/www.bullhorn.com\/de\/verpflichtungserklaerung-fuer-dsgvo\/\" \/>\n<meta property=\"og:site_name\" content=\"Bullhorn DE\" \/>\n<meta property=\"article:publisher\" content=\"https:\/\/www.facebook.com\/Bullhorn\/\" \/>\n<meta property=\"article:modified_time\" content=\"2023-08-31T13:44:26+00:00\" \/>\n<meta name=\"twitter:card\" content=\"summary_large_image\" \/>\n<meta name=\"twitter:site\" content=\"@Bullhorn\" \/>\n<script type=\"application\/ld+json\" class=\"yoast-schema-graph\">{\"@context\":\"https:\/\/schema.org\",\"@graph\":[{\"@type\":\"WebPage\",\"@id\":\"https:\/\/www.bullhorn.com\/de\/verpflichtungserklaerung-fuer-dsgvo\/\",\"url\":\"https:\/\/www.bullhorn.com\/de\/verpflichtungserklaerung-fuer-dsgvo\/\",\"name\":\"Verpflichtungserklarung f\u00fcr DSGVO\",\"isPartOf\":{\"@id\":\"https:\/\/www.bullhorn.com\/de\/#website\"},\"datePublished\":\"2021-08-11T20:28:45+00:00\",\"dateModified\":\"2023-08-31T13:44:26+00:00\",\"description\":\"Hier erfahren Sie mehr zur Verpflichtungserkl\u00e4rung von Bullhorn gem\u00e4\u00df der Datenschutzgrundverordnung (DSGVO).\",\"breadcrumb\":{\"@id\":\"https:\/\/www.bullhorn.com\/de\/verpflichtungserklaerung-fuer-dsgvo\/#breadcrumb\"},\"inLanguage\":\"de\",\"potentialAction\":[{\"@type\":\"ReadAction\",\"target\":[\"https:\/\/www.bullhorn.com\/de\/verpflichtungserklaerung-fuer-dsgvo\/\"]}]},{\"@type\":\"BreadcrumbList\",\"@id\":\"https:\/\/www.bullhorn.com\/de\/verpflichtungserklaerung-fuer-dsgvo\/#breadcrumb\",\"itemListElement\":[{\"@type\":\"ListItem\",\"position\":1,\"name\":\"Home\",\"item\":\"https:\/\/www.bullhorn.com\/de\/\"},{\"@type\":\"ListItem\",\"position\":2,\"name\":\"Verpflichtungserklarung f\u00fcr DSGVO\"}]},{\"@type\":\"WebSite\",\"@id\":\"https:\/\/www.bullhorn.com\/de\/#website\",\"url\":\"https:\/\/www.bullhorn.com\/de\/\",\"name\":\"Bullhorn DE\",\"description\":\"Just another Bullhorn Sites site\",\"publisher\":{\"@id\":\"https:\/\/www.bullhorn.com\/de\/#organization\"},\"potentialAction\":[{\"@type\":\"SearchAction\",\"target\":{\"@type\":\"EntryPoint\",\"urlTemplate\":\"https:\/\/www.bullhorn.com\/de\/?s={search_term_string}\"},\"query-input\":{\"@type\":\"PropertyValueSpecification\",\"valueRequired\":true,\"valueName\":\"search_term_string\"}}],\"inLanguage\":\"de\"},{\"@type\":\"Organization\",\"@id\":\"https:\/\/www.bullhorn.com\/de\/#organization\",\"name\":\"Bullhorn\",\"url\":\"https:\/\/www.bullhorn.com\/de\/\",\"logo\":{\"@type\":\"ImageObject\",\"inLanguage\":\"de\",\"@id\":\"https:\/\/www.bullhorn.com\/de\/#\/schema\/logo\/image\/\",\"url\":\"https:\/\/www.bullhorn.com\/de\/wp-content\/uploads\/sites\/7\/2021\/09\/og-img.png\",\"contentUrl\":\"https:\/\/www.bullhorn.com\/de\/wp-content\/uploads\/sites\/7\/2021\/09\/og-img.png\",\"width\":1200,\"height\":628,\"caption\":\"Bullhorn\"},\"image\":{\"@id\":\"https:\/\/www.bullhorn.com\/de\/#\/schema\/logo\/image\/\"},\"sameAs\":[\"https:\/\/www.facebook.com\/Bullhorn\/\",\"https:\/\/x.com\/Bullhorn\",\"https:\/\/www.instagram.com\/lifeatbullhorn\/?hl=de\",\"https:\/\/www.linkedin.com\/company\/bullhorn\",\"https:\/\/www.youtube.com\/channel\/UC-Rgm5YxtoxsvlCHy6KW3Ug\",\"https:\/\/en.wikipedia.org\/wiki\/Bullhorn,_Inc.\"]}]}<\/script>\n<!-- \/ Yoast SEO plugin. -->","yoast_head_json":{"title":"Verpflichtungserklarung f\u00fcr DSGVO","description":"Hier erfahren Sie mehr zur Verpflichtungserkl\u00e4rung von Bullhorn gem\u00e4\u00df der Datenschutzgrundverordnung (DSGVO).","robots":{"index":"index","follow":"follow","max-snippet":"max-snippet:-1","max-image-preview":"max-image-preview:large","max-video-preview":"max-video-preview:-1"},"canonical":"https:\/\/www.bullhorn.com\/de\/verpflichtungserklaerung-fuer-dsgvo\/","og_locale":"de_DE","og_type":"article","og_title":"Verpflichtungserklarung f\u00fcr DSGVO","og_description":"Hier erfahren Sie mehr zur Verpflichtungserkl\u00e4rung von Bullhorn gem\u00e4\u00df der Datenschutzgrundverordnung (DSGVO).","og_url":"https:\/\/www.bullhorn.com\/de\/verpflichtungserklaerung-fuer-dsgvo\/","og_site_name":"Bullhorn DE","article_publisher":"https:\/\/www.facebook.com\/Bullhorn\/","article_modified_time":"2023-08-31T13:44:26+00:00","twitter_card":"summary_large_image","twitter_site":"@Bullhorn","schema":{"@context":"https:\/\/schema.org","@graph":[{"@type":"WebPage","@id":"https:\/\/www.bullhorn.com\/de\/verpflichtungserklaerung-fuer-dsgvo\/","url":"https:\/\/www.bullhorn.com\/de\/verpflichtungserklaerung-fuer-dsgvo\/","name":"Verpflichtungserklarung f\u00fcr DSGVO","isPartOf":{"@id":"https:\/\/www.bullhorn.com\/de\/#website"},"datePublished":"2021-08-11T20:28:45+00:00","dateModified":"2023-08-31T13:44:26+00:00","description":"Hier erfahren Sie mehr zur Verpflichtungserkl\u00e4rung von Bullhorn gem\u00e4\u00df der Datenschutzgrundverordnung (DSGVO).","breadcrumb":{"@id":"https:\/\/www.bullhorn.com\/de\/verpflichtungserklaerung-fuer-dsgvo\/#breadcrumb"},"inLanguage":"de","potentialAction":[{"@type":"ReadAction","target":["https:\/\/www.bullhorn.com\/de\/verpflichtungserklaerung-fuer-dsgvo\/"]}]},{"@type":"BreadcrumbList","@id":"https:\/\/www.bullhorn.com\/de\/verpflichtungserklaerung-fuer-dsgvo\/#breadcrumb","itemListElement":[{"@type":"ListItem","position":1,"name":"Home","item":"https:\/\/www.bullhorn.com\/de\/"},{"@type":"ListItem","position":2,"name":"Verpflichtungserklarung f\u00fcr DSGVO"}]},{"@type":"WebSite","@id":"https:\/\/www.bullhorn.com\/de\/#website","url":"https:\/\/www.bullhorn.com\/de\/","name":"Bullhorn DE","description":"Just another Bullhorn Sites site","publisher":{"@id":"https:\/\/www.bullhorn.com\/de\/#organization"},"potentialAction":[{"@type":"SearchAction","target":{"@type":"EntryPoint","urlTemplate":"https:\/\/www.bullhorn.com\/de\/?s={search_term_string}"},"query-input":{"@type":"PropertyValueSpecification","valueRequired":true,"valueName":"search_term_string"}}],"inLanguage":"de"},{"@type":"Organization","@id":"https:\/\/www.bullhorn.com\/de\/#organization","name":"Bullhorn","url":"https:\/\/www.bullhorn.com\/de\/","logo":{"@type":"ImageObject","inLanguage":"de","@id":"https:\/\/www.bullhorn.com\/de\/#\/schema\/logo\/image\/","url":"https:\/\/www.bullhorn.com\/de\/wp-content\/uploads\/sites\/7\/2021\/09\/og-img.png","contentUrl":"https:\/\/www.bullhorn.com\/de\/wp-content\/uploads\/sites\/7\/2021\/09\/og-img.png","width":1200,"height":628,"caption":"Bullhorn"},"image":{"@id":"https:\/\/www.bullhorn.com\/de\/#\/schema\/logo\/image\/"},"sameAs":["https:\/\/www.facebook.com\/Bullhorn\/","https:\/\/x.com\/Bullhorn","https:\/\/www.instagram.com\/lifeatbullhorn\/?hl=de","https:\/\/www.linkedin.com\/company\/bullhorn","https:\/\/www.youtube.com\/channel\/UC-Rgm5YxtoxsvlCHy6KW3Ug","https:\/\/en.wikipedia.org\/wiki\/Bullhorn,_Inc."]}]}},"grav_blocks":[{"acf_fc_layout":"global-block","block_group":71013}],"_links":{"self":[{"href":"https:\/\/www.bullhorn.com\/de\/wp-json\/wp\/v2\/pages\/71504","targetHints":{"allow":["GET"]}}],"collection":[{"href":"https:\/\/www.bullhorn.com\/de\/wp-json\/wp\/v2\/pages"}],"about":[{"href":"https:\/\/www.bullhorn.com\/de\/wp-json\/wp\/v2\/types\/page"}],"author":[{"embeddable":true,"href":"https:\/\/www.bullhorn.com\/de\/wp-json\/wp\/v2\/users\/403"}],"replies":[{"embeddable":true,"href":"https:\/\/www.bullhorn.com\/de\/wp-json\/wp\/v2\/comments?post=71504"}],"version-history":[{"count":2,"href":"https:\/\/www.bullhorn.com\/de\/wp-json\/wp\/v2\/pages\/71504\/revisions"}],"predecessor-version":[{"id":73561,"href":"https:\/\/www.bullhorn.com\/de\/wp-json\/wp\/v2\/pages\/71504\/revisions\/73561"}],"wp:attachment":[{"href":"https:\/\/www.bullhorn.com\/de\/wp-json\/wp\/v2\/media?parent=71504"}],"curies":[{"name":"wp","href":"https:\/\/api.w.org\/{rel}","templated":true}]}}