{"id":71544,"date":"2021-08-12T17:05:49","date_gmt":"2021-08-12T17:05:49","guid":{"rendered":"https:\/\/www.bullhorn.com\/de\/?page_id=71544"},"modified":"2021-08-12T17:08:40","modified_gmt":"2021-08-12T17:08:40","slug":"umfrage-zur-digitalen-transformation","status":"publish","type":"page","link":"https:\/\/www.bullhorn.com\/de\/umfrage-zur-digitalen-transformation\/","title":{"rendered":"Umfrage zur Digitalen Transformation"},"content":{"rendered":"","protected":false},"excerpt":{"rendered":"","protected":false},"author":403,"featured_media":0,"parent":0,"menu_order":0,"comment_status":"closed","ping_status":"closed","template":"","meta":{"_acf_changed":false,"om_disable_all_campaigns":false},"class_list":["post-71544","page","type-page","status-publish","hentry"],"acf":[],"yoast_head":"<!-- This site is optimized with the Yoast SEO plugin v27.2 - https:\/\/yoast.com\/product\/yoast-seo-wordpress\/ -->\n<title>Umfrage zur Digitalen Transformation - Bullhorn DE<\/title>\n<meta name=\"description\" content=\"F\u00fcllen Sie diesen Fragebogen aus, um zu erfahren, wo Sie aktuell stehen und welche n\u00e4chsten Schritte f\u00fcr Ihr Unternehmen Sinn machen.\" \/>\n<meta name=\"robots\" content=\"index, follow, max-snippet:-1, max-image-preview:large, max-video-preview:-1\" \/>\n<link rel=\"canonical\" href=\"https:\/\/www.bullhorn.com\/de\/umfrage-zur-digitalen-transformation\/\" \/>\n<meta property=\"og:locale\" content=\"de_DE\" \/>\n<meta property=\"og:type\" content=\"article\" \/>\n<meta property=\"og:title\" content=\"Umfrage zur Digitalen Transformation - Bullhorn DE\" \/>\n<meta property=\"og:description\" content=\"F\u00fcllen Sie diesen Fragebogen aus, um zu erfahren, wo Sie aktuell stehen und welche n\u00e4chsten Schritte f\u00fcr Ihr Unternehmen Sinn machen.\" \/>\n<meta property=\"og:url\" content=\"https:\/\/www.bullhorn.com\/de\/umfrage-zur-digitalen-transformation\/\" \/>\n<meta property=\"og:site_name\" content=\"Bullhorn DE\" \/>\n<meta property=\"article:publisher\" content=\"https:\/\/www.facebook.com\/Bullhorn\/\" \/>\n<meta property=\"article:modified_time\" content=\"2021-08-12T17:08:40+00:00\" \/>\n<meta name=\"twitter:card\" content=\"summary_large_image\" \/>\n<meta name=\"twitter:site\" content=\"@Bullhorn\" \/>\n<script type=\"application\/ld+json\" class=\"yoast-schema-graph\">{\"@context\":\"https:\/\/schema.org\",\"@graph\":[{\"@type\":\"WebPage\",\"@id\":\"https:\/\/www.bullhorn.com\/de\/umfrage-zur-digitalen-transformation\/\",\"url\":\"https:\/\/www.bullhorn.com\/de\/umfrage-zur-digitalen-transformation\/\",\"name\":\"Umfrage zur Digitalen Transformation - Bullhorn DE\",\"isPartOf\":{\"@id\":\"https:\/\/www.bullhorn.com\/de\/#website\"},\"datePublished\":\"2021-08-12T17:05:49+00:00\",\"dateModified\":\"2021-08-12T17:08:40+00:00\",\"description\":\"F\u00fcllen Sie diesen Fragebogen aus, um zu erfahren, wo Sie aktuell stehen und welche n\u00e4chsten Schritte f\u00fcr Ihr Unternehmen Sinn machen.\",\"breadcrumb\":{\"@id\":\"https:\/\/www.bullhorn.com\/de\/umfrage-zur-digitalen-transformation\/#breadcrumb\"},\"inLanguage\":\"de\",\"potentialAction\":[{\"@type\":\"ReadAction\",\"target\":[\"https:\/\/www.bullhorn.com\/de\/umfrage-zur-digitalen-transformation\/\"]}]},{\"@type\":\"BreadcrumbList\",\"@id\":\"https:\/\/www.bullhorn.com\/de\/umfrage-zur-digitalen-transformation\/#breadcrumb\",\"itemListElement\":[{\"@type\":\"ListItem\",\"position\":1,\"name\":\"Home\",\"item\":\"https:\/\/www.bullhorn.com\/de\/\"},{\"@type\":\"ListItem\",\"position\":2,\"name\":\"Umfrage zur Digitalen Transformation\"}]},{\"@type\":\"WebSite\",\"@id\":\"https:\/\/www.bullhorn.com\/de\/#website\",\"url\":\"https:\/\/www.bullhorn.com\/de\/\",\"name\":\"Bullhorn DE\",\"description\":\"Just another Bullhorn Sites site\",\"publisher\":{\"@id\":\"https:\/\/www.bullhorn.com\/de\/#organization\"},\"potentialAction\":[{\"@type\":\"SearchAction\",\"target\":{\"@type\":\"EntryPoint\",\"urlTemplate\":\"https:\/\/www.bullhorn.com\/de\/?s={search_term_string}\"},\"query-input\":{\"@type\":\"PropertyValueSpecification\",\"valueRequired\":true,\"valueName\":\"search_term_string\"}}],\"inLanguage\":\"de\"},{\"@type\":\"Organization\",\"@id\":\"https:\/\/www.bullhorn.com\/de\/#organization\",\"name\":\"Bullhorn\",\"url\":\"https:\/\/www.bullhorn.com\/de\/\",\"logo\":{\"@type\":\"ImageObject\",\"inLanguage\":\"de\",\"@id\":\"https:\/\/www.bullhorn.com\/de\/#\/schema\/logo\/image\/\",\"url\":\"https:\/\/www.bullhorn.com\/de\/wp-content\/uploads\/sites\/7\/2021\/09\/og-img.png\",\"contentUrl\":\"https:\/\/www.bullhorn.com\/de\/wp-content\/uploads\/sites\/7\/2021\/09\/og-img.png\",\"width\":1200,\"height\":628,\"caption\":\"Bullhorn\"},\"image\":{\"@id\":\"https:\/\/www.bullhorn.com\/de\/#\/schema\/logo\/image\/\"},\"sameAs\":[\"https:\/\/www.facebook.com\/Bullhorn\/\",\"https:\/\/x.com\/Bullhorn\",\"https:\/\/www.instagram.com\/lifeatbullhorn\/?hl=de\",\"https:\/\/www.linkedin.com\/company\/bullhorn\",\"https:\/\/www.youtube.com\/channel\/UC-Rgm5YxtoxsvlCHy6KW3Ug\",\"https:\/\/en.wikipedia.org\/wiki\/Bullhorn,_Inc.\"]}]}<\/script>\n<!-- \/ Yoast SEO plugin. -->","yoast_head_json":{"title":"Umfrage zur Digitalen Transformation - Bullhorn DE","description":"F\u00fcllen Sie diesen Fragebogen aus, um zu erfahren, wo Sie aktuell stehen und welche n\u00e4chsten Schritte f\u00fcr Ihr Unternehmen Sinn machen.","robots":{"index":"index","follow":"follow","max-snippet":"max-snippet:-1","max-image-preview":"max-image-preview:large","max-video-preview":"max-video-preview:-1"},"canonical":"https:\/\/www.bullhorn.com\/de\/umfrage-zur-digitalen-transformation\/","og_locale":"de_DE","og_type":"article","og_title":"Umfrage zur Digitalen Transformation - Bullhorn DE","og_description":"F\u00fcllen Sie diesen Fragebogen aus, um zu erfahren, wo Sie aktuell stehen und welche n\u00e4chsten Schritte f\u00fcr Ihr Unternehmen Sinn machen.","og_url":"https:\/\/www.bullhorn.com\/de\/umfrage-zur-digitalen-transformation\/","og_site_name":"Bullhorn DE","article_publisher":"https:\/\/www.facebook.com\/Bullhorn\/","article_modified_time":"2021-08-12T17:08:40+00:00","twitter_card":"summary_large_image","twitter_site":"@Bullhorn","schema":{"@context":"https:\/\/schema.org","@graph":[{"@type":"WebPage","@id":"https:\/\/www.bullhorn.com\/de\/umfrage-zur-digitalen-transformation\/","url":"https:\/\/www.bullhorn.com\/de\/umfrage-zur-digitalen-transformation\/","name":"Umfrage zur Digitalen Transformation - Bullhorn DE","isPartOf":{"@id":"https:\/\/www.bullhorn.com\/de\/#website"},"datePublished":"2021-08-12T17:05:49+00:00","dateModified":"2021-08-12T17:08:40+00:00","description":"F\u00fcllen Sie diesen Fragebogen aus, um zu erfahren, wo Sie aktuell stehen und welche n\u00e4chsten Schritte f\u00fcr Ihr Unternehmen Sinn machen.","breadcrumb":{"@id":"https:\/\/www.bullhorn.com\/de\/umfrage-zur-digitalen-transformation\/#breadcrumb"},"inLanguage":"de","potentialAction":[{"@type":"ReadAction","target":["https:\/\/www.bullhorn.com\/de\/umfrage-zur-digitalen-transformation\/"]}]},{"@type":"BreadcrumbList","@id":"https:\/\/www.bullhorn.com\/de\/umfrage-zur-digitalen-transformation\/#breadcrumb","itemListElement":[{"@type":"ListItem","position":1,"name":"Home","item":"https:\/\/www.bullhorn.com\/de\/"},{"@type":"ListItem","position":2,"name":"Umfrage zur Digitalen Transformation"}]},{"@type":"WebSite","@id":"https:\/\/www.bullhorn.com\/de\/#website","url":"https:\/\/www.bullhorn.com\/de\/","name":"Bullhorn DE","description":"Just another Bullhorn Sites site","publisher":{"@id":"https:\/\/www.bullhorn.com\/de\/#organization"},"potentialAction":[{"@type":"SearchAction","target":{"@type":"EntryPoint","urlTemplate":"https:\/\/www.bullhorn.com\/de\/?s={search_term_string}"},"query-input":{"@type":"PropertyValueSpecification","valueRequired":true,"valueName":"search_term_string"}}],"inLanguage":"de"},{"@type":"Organization","@id":"https:\/\/www.bullhorn.com\/de\/#organization","name":"Bullhorn","url":"https:\/\/www.bullhorn.com\/de\/","logo":{"@type":"ImageObject","inLanguage":"de","@id":"https:\/\/www.bullhorn.com\/de\/#\/schema\/logo\/image\/","url":"https:\/\/www.bullhorn.com\/de\/wp-content\/uploads\/sites\/7\/2021\/09\/og-img.png","contentUrl":"https:\/\/www.bullhorn.com\/de\/wp-content\/uploads\/sites\/7\/2021\/09\/og-img.png","width":1200,"height":628,"caption":"Bullhorn"},"image":{"@id":"https:\/\/www.bullhorn.com\/de\/#\/schema\/logo\/image\/"},"sameAs":["https:\/\/www.facebook.com\/Bullhorn\/","https:\/\/x.com\/Bullhorn","https:\/\/www.instagram.com\/lifeatbullhorn\/?hl=de","https:\/\/www.linkedin.com\/company\/bullhorn","https:\/\/www.youtube.com\/channel\/UC-Rgm5YxtoxsvlCHy6KW3Ug","https:\/\/en.wikipedia.org\/wiki\/Bullhorn,_Inc."]}]}},"grav_blocks":[{"acf_fc_layout":"columns","block_title":"","block_aria":"","block_subtitle":"","format":"","enable_box_shadow":false,"columns":[{"type":"wysiwyg","wysiwyg":"<p>Der Begriff digitale Transformation schlie\u00dft f\u00fcr viele Menschen unterschiedliche Dinge mit ein.<\/p>\n<p>Wir sprechen jeden Tag mit F\u00fchrungskr\u00e4ften aus der Personaldienstleistungsbranche \u00fcber deren aktuelle Herausforderungen und dar\u00fcber, wie Sie Ver\u00e4nderungen in Ihrem Unternehmen m\u00f6glich machen k\u00f6nnen und wie Sie dabei Technologie als Hebel verwenden k\u00f6nnen, um diese Ver\u00e4nderungen in die Tat umzusetzen.<\/p>\n<p>F\u00fcr uns ist genau das die digitale Transformation. Einen genauen Blick auf die eigenen Mitarbeiter, Prozesse und Technologien zu werfen und Ver\u00e4nderungen zu implementieren, die zu einer Verbesserung der Gesch\u00e4ftsergebnisse f\u00fchren (und das Leben eines Recruiters einfacher machen).<\/p>\n<p>Diese Art von Transformation passiert nicht \u00fcber Nacht und sie erfordert ein gewisses Mindset, eine passende Struktur und eine Selbstverpflichtung \u00fcber die ganze Organisation hinweg. Wissen Sie, ob Sie \u2013 und Ihr Unternehmen \u2013 bereit sind, den Weg der Ver\u00e4nderung zu gehen?<\/p>\n<p>Erfahrungsgem\u00e4\u00df unsere Kunden fallen \u00fcblicherweise in eine dieser drei Kategorien:<\/p>\n","accordion_open_first_section":false,"accordion_multiple_open_sections":false,"accordion_items":false,"icon_list_items":false}],"block_background":"block-bg-none","block_background_video_type":"url","block_background_video_url":"","block_background_video_file":false,"block_background_image":false,"block_background_overlay":false,"unique_id":"","block_option_custom_class":"","block_animate":false,"block_option_padding":[],"block_option_hide":[],"bg_lower_slant_color":""},{"acf_fc_layout":"columns","block_title":"","block_aria":"","block_subtitle":"","format":"","enable_box_shadow":false,"columns":[{"type":"icon-list","wysiwyg":"","accordion_open_first_section":false,"accordion_multiple_open_sections":false,"accordion_items":false,"icon_list_items":[{"icon":"icons\/spinning-gear","icon_color":"blue-light","content":"<h4>&#8218;Sie stehen am Anfang Ihrer Reise\u2019<\/h4>\n<p>Bei diesem Ergebnis ben\u00f6tigen Sie noch ein wenig Unterst\u00fctzung bei der Formulierung Ihrer Ziele im Bereich der digitalen Transformation und dabei, wie Sie diese erreichen k\u00f6nnen.<\/p>\n"}]},{"type":"icon-list","wysiwyg":"","accordion_open_first_section":false,"accordion_multiple_open_sections":false,"accordion_items":false,"icon_list_items":[{"icon":"icons\/clip-board","icon_color":"blue-light","content":"<h4>&#8218;Sie sind auf dem Weg\u2019<\/h4>\n<p>Sie wissen, dass eine Ver\u00e4nderung notwendig ist oder haben sogar bereits Ihre Ziele definiert. Bullhorn kann Ihnen helfen, die n\u00e4chsten Schritte mit Leichtigkeit zu bew\u00e4ltigen.<\/p>\n"}]},{"type":"icon-list","wysiwyg":"","accordion_open_first_section":false,"accordion_multiple_open_sections":false,"accordion_items":false,"icon_list_items":[{"icon":"icons\/graph-2","icon_color":"blue-light","content":"<h4>\u2018Sie sind ganz vorne mit dabei\u2019<\/h4>\n<p>Sie haben signifikant Zeit investiert, um Ihre Ziele zu definieren und verf\u00fcgen \u00fcber das richtige Mindset und die passende Struktur innerhalb Ihrer Organisation. Sie verstehen auch, dass die digitale Transformation nie stehen bleibt sondern sich st\u00e4ndig weiterentwickelt. Bullhorn kann Ihnen helfen, auf diesem Weg stets die passende Technologieauswahl zu treffen.<\/p>\n"}]}],"block_background":"block-bg-none","block_background_video_type":"url","block_background_video_url":"","block_background_video_file":false,"block_background_image":false,"block_background_overlay":false,"unique_id":"","block_option_custom_class":"","block_animate":false,"block_option_padding":[],"block_option_hide":[],"bg_lower_slant_color":""},{"acf_fc_layout":"columns","block_title":"","block_aria":"","block_subtitle":"F\u00fcllen Sie diesen 4-minutigen Fragebogen aus, um zu sehen in welche Kategorie Sie fallen, wie gut sie f\u00fcr die digitale Transformation vorbereitet sind und welche n\u00e4chsten Schritte f\u00fcr Sie am passendsten sind.","format":"","enable_box_shadow":false,"columns":[{"type":"wysiwyg","wysiwyg":"<p>Nach dem Test werden Sie in der Lage sein, sich selbst und Ihr Unternehmen besser einzusch\u00e4tzen und sie erhalten Insights, die Sie f\u00fcr spannende Konversationen mit Ihren Kollegen nutzen k\u00f6nnen, um die Digitalisierung in Ihrem Unternehmen weiter voran zu treiben &#8211; dies ist zwar noch keine detaillierte Bestandsaufnahme&#8230; Aber gerne begleiten wir Sie auf dem Weg dahin!<\/p>\n<p><a class=\"button\" href=\"https:\/\/quiz.tryinteract.com\/#\/5fb38ec8194c270016e24cfa\">Zum Fragebogen<\/a><\/p>\n","accordion_open_first_section":false,"accordion_multiple_open_sections":false,"accordion_items":false,"icon_list_items":false}],"block_background":"block-bg-none","block_background_video_type":"url","block_background_video_url":"","block_background_video_file":false,"block_background_image":false,"block_background_overlay":false,"unique_id":"","block_option_custom_class":"","block_animate":false,"block_option_padding":[],"block_option_hide":[],"bg_lower_slant_color":""}],"_links":{"self":[{"href":"https:\/\/www.bullhorn.com\/de\/wp-json\/wp\/v2\/pages\/71544","targetHints":{"allow":["GET"]}}],"collection":[{"href":"https:\/\/www.bullhorn.com\/de\/wp-json\/wp\/v2\/pages"}],"about":[{"href":"https:\/\/www.bullhorn.com\/de\/wp-json\/wp\/v2\/types\/page"}],"author":[{"embeddable":true,"href":"https:\/\/www.bullhorn.com\/de\/wp-json\/wp\/v2\/users\/403"}],"replies":[{"embeddable":true,"href":"https:\/\/www.bullhorn.com\/de\/wp-json\/wp\/v2\/comments?post=71544"}],"version-history":[{"count":2,"href":"https:\/\/www.bullhorn.com\/de\/wp-json\/wp\/v2\/pages\/71544\/revisions"}],"predecessor-version":[{"id":71547,"href":"https:\/\/www.bullhorn.com\/de\/wp-json\/wp\/v2\/pages\/71544\/revisions\/71547"}],"wp:attachment":[{"href":"https:\/\/www.bullhorn.com\/de\/wp-json\/wp\/v2\/media?parent=71544"}],"curies":[{"name":"wp","href":"https:\/\/api.w.org\/{rel}","templated":true}]}}