{"id":72139,"date":"2021-09-27T17:41:49","date_gmt":"2021-09-27T17:41:49","guid":{"rendered":"https:\/\/www.bullhorn.com\/de\/?page_id=72139"},"modified":"2025-07-02T18:10:36","modified_gmt":"2025-07-02T18:10:36","slug":"kontakt","status":"publish","type":"page","link":"https:\/\/www.bullhorn.com\/de\/kontakt\/","title":{"rendered":"Kontakt"},"content":{"rendered":"","protected":false},"excerpt":{"rendered":"","protected":false},"author":302,"featured_media":0,"parent":0,"menu_order":0,"comment_status":"closed","ping_status":"closed","template":"","meta":{"_acf_changed":false,"om_disable_all_campaigns":false},"class_list":["post-72139","page","type-page","status-publish","hentry"],"acf":[],"yoast_head":"<!-- This site is optimized with the Yoast SEO plugin v27.2 - https:\/\/yoast.com\/product\/yoast-seo-wordpress\/ -->\n<title>Kontakt - Bullhorn DE<\/title>\n<meta name=\"description\" content=\"Kontaktiere uns unter +49 (0) 69 667 79993, um mehr \u00fcber Bullhorns Beziehungsmanagement- und Rekrutierungsl\u00f6sungen zu erfahren.\" \/>\n<meta name=\"robots\" content=\"index, follow, max-snippet:-1, max-image-preview:large, max-video-preview:-1\" \/>\n<link rel=\"canonical\" href=\"https:\/\/www.bullhorn.com\/de\/kontakt\/\" \/>\n<meta property=\"og:locale\" content=\"de_DE\" \/>\n<meta property=\"og:type\" content=\"article\" \/>\n<meta property=\"og:title\" content=\"Kontakt - Bullhorn DE\" \/>\n<meta property=\"og:description\" content=\"Kontaktiere uns unter +49 (0) 69 667 79993, um mehr \u00fcber Bullhorns Beziehungsmanagement- und Rekrutierungsl\u00f6sungen zu erfahren.\" \/>\n<meta property=\"og:url\" content=\"https:\/\/www.bullhorn.com\/de\/kontakt\/\" \/>\n<meta property=\"og:site_name\" content=\"Bullhorn DE\" \/>\n<meta property=\"article:publisher\" content=\"https:\/\/www.facebook.com\/Bullhorn\/\" \/>\n<meta property=\"article:modified_time\" content=\"2025-07-02T18:10:36+00:00\" \/>\n<meta name=\"twitter:card\" content=\"summary_large_image\" \/>\n<meta name=\"twitter:site\" content=\"@Bullhorn\" \/>\n<script type=\"application\/ld+json\" class=\"yoast-schema-graph\">{\"@context\":\"https:\/\/schema.org\",\"@graph\":[{\"@type\":[\"WebPage\",\"ContactPage\"],\"@id\":\"https:\/\/www.bullhorn.com\/de\/kontakt\/\",\"url\":\"https:\/\/www.bullhorn.com\/de\/kontakt\/\",\"name\":\"Kontakt - Bullhorn DE\",\"isPartOf\":{\"@id\":\"https:\/\/www.bullhorn.com\/de\/#website\"},\"datePublished\":\"2021-09-27T17:41:49+00:00\",\"dateModified\":\"2025-07-02T18:10:36+00:00\",\"description\":\"Kontaktiere uns unter +49 (0) 69 667 79993, um mehr \u00fcber Bullhorns Beziehungsmanagement- und Rekrutierungsl\u00f6sungen zu erfahren.\",\"breadcrumb\":{\"@id\":\"https:\/\/www.bullhorn.com\/de\/kontakt\/#breadcrumb\"},\"inLanguage\":\"de\",\"potentialAction\":[{\"@type\":\"ReadAction\",\"target\":[\"https:\/\/www.bullhorn.com\/de\/kontakt\/\"]}]},{\"@type\":\"BreadcrumbList\",\"@id\":\"https:\/\/www.bullhorn.com\/de\/kontakt\/#breadcrumb\",\"itemListElement\":[{\"@type\":\"ListItem\",\"position\":1,\"name\":\"Home\",\"item\":\"https:\/\/www.bullhorn.com\/de\/\"},{\"@type\":\"ListItem\",\"position\":2,\"name\":\"Kontakt\"}]},{\"@type\":\"WebSite\",\"@id\":\"https:\/\/www.bullhorn.com\/de\/#website\",\"url\":\"https:\/\/www.bullhorn.com\/de\/\",\"name\":\"Bullhorn DE\",\"description\":\"Just another Bullhorn Sites site\",\"publisher\":{\"@id\":\"https:\/\/www.bullhorn.com\/de\/#organization\"},\"potentialAction\":[{\"@type\":\"SearchAction\",\"target\":{\"@type\":\"EntryPoint\",\"urlTemplate\":\"https:\/\/www.bullhorn.com\/de\/?s={search_term_string}\"},\"query-input\":{\"@type\":\"PropertyValueSpecification\",\"valueRequired\":true,\"valueName\":\"search_term_string\"}}],\"inLanguage\":\"de\"},{\"@type\":\"Organization\",\"@id\":\"https:\/\/www.bullhorn.com\/de\/#organization\",\"name\":\"Bullhorn\",\"url\":\"https:\/\/www.bullhorn.com\/de\/\",\"logo\":{\"@type\":\"ImageObject\",\"inLanguage\":\"de\",\"@id\":\"https:\/\/www.bullhorn.com\/de\/#\/schema\/logo\/image\/\",\"url\":\"https:\/\/www.bullhorn.com\/de\/wp-content\/uploads\/sites\/7\/2021\/09\/og-img.png\",\"contentUrl\":\"https:\/\/www.bullhorn.com\/de\/wp-content\/uploads\/sites\/7\/2021\/09\/og-img.png\",\"width\":1200,\"height\":628,\"caption\":\"Bullhorn\"},\"image\":{\"@id\":\"https:\/\/www.bullhorn.com\/de\/#\/schema\/logo\/image\/\"},\"sameAs\":[\"https:\/\/www.facebook.com\/Bullhorn\/\",\"https:\/\/x.com\/Bullhorn\",\"https:\/\/www.instagram.com\/lifeatbullhorn\/?hl=de\",\"https:\/\/www.linkedin.com\/company\/bullhorn\",\"https:\/\/www.youtube.com\/channel\/UC-Rgm5YxtoxsvlCHy6KW3Ug\",\"https:\/\/en.wikipedia.org\/wiki\/Bullhorn,_Inc.\"]}]}<\/script>\n<!-- \/ Yoast SEO plugin. -->","yoast_head_json":{"title":"Kontakt - Bullhorn DE","description":"Kontaktiere uns unter +49 (0) 69 667 79993, um mehr \u00fcber Bullhorns Beziehungsmanagement- und Rekrutierungsl\u00f6sungen zu erfahren.","robots":{"index":"index","follow":"follow","max-snippet":"max-snippet:-1","max-image-preview":"max-image-preview:large","max-video-preview":"max-video-preview:-1"},"canonical":"https:\/\/www.bullhorn.com\/de\/kontakt\/","og_locale":"de_DE","og_type":"article","og_title":"Kontakt - Bullhorn DE","og_description":"Kontaktiere uns unter +49 (0) 69 667 79993, um mehr \u00fcber Bullhorns Beziehungsmanagement- und Rekrutierungsl\u00f6sungen zu erfahren.","og_url":"https:\/\/www.bullhorn.com\/de\/kontakt\/","og_site_name":"Bullhorn DE","article_publisher":"https:\/\/www.facebook.com\/Bullhorn\/","article_modified_time":"2025-07-02T18:10:36+00:00","twitter_card":"summary_large_image","twitter_site":"@Bullhorn","schema":{"@context":"https:\/\/schema.org","@graph":[{"@type":["WebPage","ContactPage"],"@id":"https:\/\/www.bullhorn.com\/de\/kontakt\/","url":"https:\/\/www.bullhorn.com\/de\/kontakt\/","name":"Kontakt - Bullhorn DE","isPartOf":{"@id":"https:\/\/www.bullhorn.com\/de\/#website"},"datePublished":"2021-09-27T17:41:49+00:00","dateModified":"2025-07-02T18:10:36+00:00","description":"Kontaktiere uns unter +49 (0) 69 667 79993, um mehr \u00fcber Bullhorns Beziehungsmanagement- und Rekrutierungsl\u00f6sungen zu erfahren.","breadcrumb":{"@id":"https:\/\/www.bullhorn.com\/de\/kontakt\/#breadcrumb"},"inLanguage":"de","potentialAction":[{"@type":"ReadAction","target":["https:\/\/www.bullhorn.com\/de\/kontakt\/"]}]},{"@type":"BreadcrumbList","@id":"https:\/\/www.bullhorn.com\/de\/kontakt\/#breadcrumb","itemListElement":[{"@type":"ListItem","position":1,"name":"Home","item":"https:\/\/www.bullhorn.com\/de\/"},{"@type":"ListItem","position":2,"name":"Kontakt"}]},{"@type":"WebSite","@id":"https:\/\/www.bullhorn.com\/de\/#website","url":"https:\/\/www.bullhorn.com\/de\/","name":"Bullhorn DE","description":"Just another Bullhorn Sites site","publisher":{"@id":"https:\/\/www.bullhorn.com\/de\/#organization"},"potentialAction":[{"@type":"SearchAction","target":{"@type":"EntryPoint","urlTemplate":"https:\/\/www.bullhorn.com\/de\/?s={search_term_string}"},"query-input":{"@type":"PropertyValueSpecification","valueRequired":true,"valueName":"search_term_string"}}],"inLanguage":"de"},{"@type":"Organization","@id":"https:\/\/www.bullhorn.com\/de\/#organization","name":"Bullhorn","url":"https:\/\/www.bullhorn.com\/de\/","logo":{"@type":"ImageObject","inLanguage":"de","@id":"https:\/\/www.bullhorn.com\/de\/#\/schema\/logo\/image\/","url":"https:\/\/www.bullhorn.com\/de\/wp-content\/uploads\/sites\/7\/2021\/09\/og-img.png","contentUrl":"https:\/\/www.bullhorn.com\/de\/wp-content\/uploads\/sites\/7\/2021\/09\/og-img.png","width":1200,"height":628,"caption":"Bullhorn"},"image":{"@id":"https:\/\/www.bullhorn.com\/de\/#\/schema\/logo\/image\/"},"sameAs":["https:\/\/www.facebook.com\/Bullhorn\/","https:\/\/x.com\/Bullhorn","https:\/\/www.instagram.com\/lifeatbullhorn\/?hl=de","https:\/\/www.linkedin.com\/company\/bullhorn","https:\/\/www.youtube.com\/channel\/UC-Rgm5YxtoxsvlCHy6KW3Ug","https:\/\/en.wikipedia.org\/wiki\/Bullhorn,_Inc."]}]}},"grav_blocks":[{"acf_fc_layout":"content-form","content":"<div class=\"col-md-6\">\n<h5><strong>Bullhorn Hauptsitz<\/strong><\/h5>\n<p>100 Summer Street<br \/>\n17th Floor<br \/>\nBoston, MA 02110<br \/>\nUSA<br \/>\n+1 617.478.9100<\/p>\n<\/div>\n","marketo_form_id":"4860","pre_form_content":"<h2>Kontakt aufnehmen<\/h2>\n<p>M\u00f6chtest du erfahren, wie Bullhorn das Wachstum deines Unternehmens unterst\u00fctzen kann? Rufe uns unter +49 (0) 69 667 79993 oder f\u00fclle das untenstehende Formular aus.<\/p>\n","block_background":"block-bg-none","block_background_video_type":"url","block_background_video_url":"","block_background_video_file":false,"block_background_image":false,"block_background_overlay":false,"unique_id":"","block_option_custom_class":"","block_option_padding":["block-options-padding-remove-top"],"block_option_hide":[]},{"acf_fc_layout":"card-grid","block_title":"Customer Service","block_aria":"","block_subtitle":"","background_shape":"","background_shape_position":"left","parallax_fx":false,"title_position":"top","cards_bg_color":"","cards_border":false,"cards_per_row":"4","cards":[{"icon":"","icon_color":"green","line_title_with_icon":false,"inline_title":"","content":"<h3>Serviceteam Bullhorn Produkte<\/h3>\n<p>Montags bis Donnerstags: <strong>09.00 bis 22.00<\/strong> Uhr<br \/>\nFreitags: <strong>09.00-21.00<\/strong> Uhr<\/p>\n<p>Telefonummer:<br \/>\n<strong>+44 800 131 0842<\/strong> oder <strong>+49 69 120063534<\/strong><\/p>\n<p>Um ein Ticket zu \u00f6ffnen oder f\u00fcr den Live-Chat: besuche das Resource Center im Bullhorn Support-Men\u00fc.<\/p>\n"},{"icon":"","icon_color":"green","line_title_with_icon":false,"inline_title":"","content":"<h3>Serviceteam Connexys Produkte<\/h3>\n<p>Montags bis Freitags: <strong>08.30-17.30<\/strong> Uhr<\/p>\n<p>Telefonnummer: <strong>+31 (0)10 49 80 988<\/strong><\/p>\n"}],"block_background":"block-bg-none","block_background_video_type":"url","block_background_video_url":"","block_background_video_file":false,"block_background_image":false,"block_background_overlay":false,"unique_id":"","block_option_custom_class":"","block_animate":false,"block_option_padding":[],"block_option_hide":[],"bg_lower_slant_color":""},{"acf_fc_layout":"global-block","block_group":71013}],"_links":{"self":[{"href":"https:\/\/www.bullhorn.com\/de\/wp-json\/wp\/v2\/pages\/72139","targetHints":{"allow":["GET"]}}],"collection":[{"href":"https:\/\/www.bullhorn.com\/de\/wp-json\/wp\/v2\/pages"}],"about":[{"href":"https:\/\/www.bullhorn.com\/de\/wp-json\/wp\/v2\/types\/page"}],"author":[{"embeddable":true,"href":"https:\/\/www.bullhorn.com\/de\/wp-json\/wp\/v2\/users\/302"}],"replies":[{"embeddable":true,"href":"https:\/\/www.bullhorn.com\/de\/wp-json\/wp\/v2\/comments?post=72139"}],"version-history":[{"count":6,"href":"https:\/\/www.bullhorn.com\/de\/wp-json\/wp\/v2\/pages\/72139\/revisions"}],"predecessor-version":[{"id":76372,"href":"https:\/\/www.bullhorn.com\/de\/wp-json\/wp\/v2\/pages\/72139\/revisions\/76372"}],"wp:attachment":[{"href":"https:\/\/www.bullhorn.com\/de\/wp-json\/wp\/v2\/media?parent=72139"}],"curies":[{"name":"wp","href":"https:\/\/api.w.org\/{rel}","templated":true}]}}