{"id":72157,"date":"2021-10-19T21:40:39","date_gmt":"2021-10-19T21:40:39","guid":{"rendered":"https:\/\/www.bullhorn.com\/de\/?page_id=72157"},"modified":"2021-10-27T13:29:00","modified_gmt":"2021-10-27T13:29:00","slug":"2021-engagex-europe-session-recordings","status":"publish","type":"page","link":"https:\/\/www.bullhorn.com\/de\/2021-engagex-europe-session-recordings\/","title":{"rendered":"2021 EngageX Europe Session Recordings"},"content":{"rendered":"","protected":false},"excerpt":{"rendered":"","protected":false},"author":403,"featured_media":72194,"parent":0,"menu_order":0,"comment_status":"closed","ping_status":"closed","template":"","meta":{"_acf_changed":false,"om_disable_all_campaigns":false},"class_list":["post-72157","page","type-page","status-publish","has-post-thumbnail","hentry"],"acf":[],"yoast_head":"<!-- This site is optimized with the Yoast SEO plugin v27.2 - https:\/\/yoast.com\/product\/yoast-seo-wordpress\/ -->\n<title>2021 EngageX Europe Session Recordings - Bullhorn DE<\/title>\n<meta name=\"robots\" content=\"index, follow, max-snippet:-1, max-image-preview:large, max-video-preview:-1\" \/>\n<link rel=\"canonical\" href=\"https:\/\/www.bullhorn.com\/de\/2021-engagex-europe-session-recordings\/\" \/>\n<meta property=\"og:locale\" content=\"de_DE\" \/>\n<meta property=\"og:type\" content=\"article\" \/>\n<meta property=\"og:title\" content=\"2021 EngageX Europe Session Recordings - Bullhorn DE\" \/>\n<meta property=\"og:url\" content=\"https:\/\/www.bullhorn.com\/de\/2021-engagex-europe-session-recordings\/\" \/>\n<meta property=\"og:site_name\" content=\"Bullhorn DE\" \/>\n<meta property=\"article:publisher\" content=\"https:\/\/www.facebook.com\/Bullhorn\/\" \/>\n<meta property=\"article:modified_time\" content=\"2021-10-27T13:29:00+00:00\" \/>\n<meta property=\"og:image\" content=\"https:\/\/www.bullhorn.com\/de\/wp-content\/uploads\/sites\/7\/2021\/10\/EngageXEurope_masthead-scaled.jpeg\" \/>\n\t<meta property=\"og:image:width\" content=\"2560\" \/>\n\t<meta property=\"og:image:height\" content=\"904\" \/>\n\t<meta property=\"og:image:type\" content=\"image\/jpeg\" \/>\n<meta name=\"twitter:card\" content=\"summary_large_image\" \/>\n<meta name=\"twitter:site\" content=\"@Bullhorn\" \/>\n<script type=\"application\/ld+json\" class=\"yoast-schema-graph\">{\"@context\":\"https:\/\/schema.org\",\"@graph\":[{\"@type\":\"WebPage\",\"@id\":\"https:\/\/www.bullhorn.com\/de\/2021-engagex-europe-session-recordings\/\",\"url\":\"https:\/\/www.bullhorn.com\/de\/2021-engagex-europe-session-recordings\/\",\"name\":\"2021 EngageX Europe Session Recordings - Bullhorn DE\",\"isPartOf\":{\"@id\":\"https:\/\/www.bullhorn.com\/de\/#website\"},\"primaryImageOfPage\":{\"@id\":\"https:\/\/www.bullhorn.com\/de\/2021-engagex-europe-session-recordings\/#primaryimage\"},\"image\":{\"@id\":\"https:\/\/www.bullhorn.com\/de\/2021-engagex-europe-session-recordings\/#primaryimage\"},\"thumbnailUrl\":\"https:\/\/www.bullhorn.com\/de\/wp-content\/uploads\/sites\/7\/2021\/10\/EngageXEurope_masthead-scaled.jpeg\",\"datePublished\":\"2021-10-19T21:40:39+00:00\",\"dateModified\":\"2021-10-27T13:29:00+00:00\",\"breadcrumb\":{\"@id\":\"https:\/\/www.bullhorn.com\/de\/2021-engagex-europe-session-recordings\/#breadcrumb\"},\"inLanguage\":\"de\",\"potentialAction\":[{\"@type\":\"ReadAction\",\"target\":[\"https:\/\/www.bullhorn.com\/de\/2021-engagex-europe-session-recordings\/\"]}]},{\"@type\":\"ImageObject\",\"inLanguage\":\"de\",\"@id\":\"https:\/\/www.bullhorn.com\/de\/2021-engagex-europe-session-recordings\/#primaryimage\",\"url\":\"https:\/\/www.bullhorn.com\/de\/wp-content\/uploads\/sites\/7\/2021\/10\/EngageXEurope_masthead-scaled.jpeg\",\"contentUrl\":\"https:\/\/www.bullhorn.com\/de\/wp-content\/uploads\/sites\/7\/2021\/10\/EngageXEurope_masthead-scaled.jpeg\",\"width\":2560,\"height\":904},{\"@type\":\"BreadcrumbList\",\"@id\":\"https:\/\/www.bullhorn.com\/de\/2021-engagex-europe-session-recordings\/#breadcrumb\",\"itemListElement\":[{\"@type\":\"ListItem\",\"position\":1,\"name\":\"Home\",\"item\":\"https:\/\/www.bullhorn.com\/de\/\"},{\"@type\":\"ListItem\",\"position\":2,\"name\":\"2021 EngageX Europe Session Recordings\"}]},{\"@type\":\"WebSite\",\"@id\":\"https:\/\/www.bullhorn.com\/de\/#website\",\"url\":\"https:\/\/www.bullhorn.com\/de\/\",\"name\":\"Bullhorn DE\",\"description\":\"Just another Bullhorn Sites site\",\"publisher\":{\"@id\":\"https:\/\/www.bullhorn.com\/de\/#organization\"},\"potentialAction\":[{\"@type\":\"SearchAction\",\"target\":{\"@type\":\"EntryPoint\",\"urlTemplate\":\"https:\/\/www.bullhorn.com\/de\/?s={search_term_string}\"},\"query-input\":{\"@type\":\"PropertyValueSpecification\",\"valueRequired\":true,\"valueName\":\"search_term_string\"}}],\"inLanguage\":\"de\"},{\"@type\":\"Organization\",\"@id\":\"https:\/\/www.bullhorn.com\/de\/#organization\",\"name\":\"Bullhorn\",\"url\":\"https:\/\/www.bullhorn.com\/de\/\",\"logo\":{\"@type\":\"ImageObject\",\"inLanguage\":\"de\",\"@id\":\"https:\/\/www.bullhorn.com\/de\/#\/schema\/logo\/image\/\",\"url\":\"https:\/\/www.bullhorn.com\/de\/wp-content\/uploads\/sites\/7\/2021\/09\/og-img.png\",\"contentUrl\":\"https:\/\/www.bullhorn.com\/de\/wp-content\/uploads\/sites\/7\/2021\/09\/og-img.png\",\"width\":1200,\"height\":628,\"caption\":\"Bullhorn\"},\"image\":{\"@id\":\"https:\/\/www.bullhorn.com\/de\/#\/schema\/logo\/image\/\"},\"sameAs\":[\"https:\/\/www.facebook.com\/Bullhorn\/\",\"https:\/\/x.com\/Bullhorn\",\"https:\/\/www.instagram.com\/lifeatbullhorn\/?hl=de\",\"https:\/\/www.linkedin.com\/company\/bullhorn\",\"https:\/\/www.youtube.com\/channel\/UC-Rgm5YxtoxsvlCHy6KW3Ug\",\"https:\/\/en.wikipedia.org\/wiki\/Bullhorn,_Inc.\"]}]}<\/script>\n<!-- \/ Yoast SEO plugin. -->","yoast_head_json":{"title":"2021 EngageX Europe Session Recordings - Bullhorn DE","robots":{"index":"index","follow":"follow","max-snippet":"max-snippet:-1","max-image-preview":"max-image-preview:large","max-video-preview":"max-video-preview:-1"},"canonical":"https:\/\/www.bullhorn.com\/de\/2021-engagex-europe-session-recordings\/","og_locale":"de_DE","og_type":"article","og_title":"2021 EngageX Europe Session Recordings - Bullhorn DE","og_url":"https:\/\/www.bullhorn.com\/de\/2021-engagex-europe-session-recordings\/","og_site_name":"Bullhorn DE","article_publisher":"https:\/\/www.facebook.com\/Bullhorn\/","article_modified_time":"2021-10-27T13:29:00+00:00","og_image":[{"width":2560,"height":904,"url":"https:\/\/www.bullhorn.com\/de\/wp-content\/uploads\/sites\/7\/2021\/10\/EngageXEurope_masthead-scaled.jpeg","type":"image\/jpeg"}],"twitter_card":"summary_large_image","twitter_site":"@Bullhorn","schema":{"@context":"https:\/\/schema.org","@graph":[{"@type":"WebPage","@id":"https:\/\/www.bullhorn.com\/de\/2021-engagex-europe-session-recordings\/","url":"https:\/\/www.bullhorn.com\/de\/2021-engagex-europe-session-recordings\/","name":"2021 EngageX Europe Session Recordings - Bullhorn DE","isPartOf":{"@id":"https:\/\/www.bullhorn.com\/de\/#website"},"primaryImageOfPage":{"@id":"https:\/\/www.bullhorn.com\/de\/2021-engagex-europe-session-recordings\/#primaryimage"},"image":{"@id":"https:\/\/www.bullhorn.com\/de\/2021-engagex-europe-session-recordings\/#primaryimage"},"thumbnailUrl":"https:\/\/www.bullhorn.com\/de\/wp-content\/uploads\/sites\/7\/2021\/10\/EngageXEurope_masthead-scaled.jpeg","datePublished":"2021-10-19T21:40:39+00:00","dateModified":"2021-10-27T13:29:00+00:00","breadcrumb":{"@id":"https:\/\/www.bullhorn.com\/de\/2021-engagex-europe-session-recordings\/#breadcrumb"},"inLanguage":"de","potentialAction":[{"@type":"ReadAction","target":["https:\/\/www.bullhorn.com\/de\/2021-engagex-europe-session-recordings\/"]}]},{"@type":"ImageObject","inLanguage":"de","@id":"https:\/\/www.bullhorn.com\/de\/2021-engagex-europe-session-recordings\/#primaryimage","url":"https:\/\/www.bullhorn.com\/de\/wp-content\/uploads\/sites\/7\/2021\/10\/EngageXEurope_masthead-scaled.jpeg","contentUrl":"https:\/\/www.bullhorn.com\/de\/wp-content\/uploads\/sites\/7\/2021\/10\/EngageXEurope_masthead-scaled.jpeg","width":2560,"height":904},{"@type":"BreadcrumbList","@id":"https:\/\/www.bullhorn.com\/de\/2021-engagex-europe-session-recordings\/#breadcrumb","itemListElement":[{"@type":"ListItem","position":1,"name":"Home","item":"https:\/\/www.bullhorn.com\/de\/"},{"@type":"ListItem","position":2,"name":"2021 EngageX Europe Session Recordings"}]},{"@type":"WebSite","@id":"https:\/\/www.bullhorn.com\/de\/#website","url":"https:\/\/www.bullhorn.com\/de\/","name":"Bullhorn DE","description":"Just another Bullhorn Sites site","publisher":{"@id":"https:\/\/www.bullhorn.com\/de\/#organization"},"potentialAction":[{"@type":"SearchAction","target":{"@type":"EntryPoint","urlTemplate":"https:\/\/www.bullhorn.com\/de\/?s={search_term_string}"},"query-input":{"@type":"PropertyValueSpecification","valueRequired":true,"valueName":"search_term_string"}}],"inLanguage":"de"},{"@type":"Organization","@id":"https:\/\/www.bullhorn.com\/de\/#organization","name":"Bullhorn","url":"https:\/\/www.bullhorn.com\/de\/","logo":{"@type":"ImageObject","inLanguage":"de","@id":"https:\/\/www.bullhorn.com\/de\/#\/schema\/logo\/image\/","url":"https:\/\/www.bullhorn.com\/de\/wp-content\/uploads\/sites\/7\/2021\/09\/og-img.png","contentUrl":"https:\/\/www.bullhorn.com\/de\/wp-content\/uploads\/sites\/7\/2021\/09\/og-img.png","width":1200,"height":628,"caption":"Bullhorn"},"image":{"@id":"https:\/\/www.bullhorn.com\/de\/#\/schema\/logo\/image\/"},"sameAs":["https:\/\/www.facebook.com\/Bullhorn\/","https:\/\/x.com\/Bullhorn","https:\/\/www.instagram.com\/lifeatbullhorn\/?hl=de","https:\/\/www.linkedin.com\/company\/bullhorn","https:\/\/www.youtube.com\/channel\/UC-Rgm5YxtoxsvlCHy6KW3Ug","https:\/\/en.wikipedia.org\/wiki\/Bullhorn,_Inc."]}]}},"grav_blocks":[{"acf_fc_layout":"columns","block_title":"","block_aria":"","block_subtitle":"","format":"","enable_box_shadow":false,"columns":[{"type":"wysiwyg","wysiwyg":"<h2>DACH Breakout Sessions<\/h2>\n","accordion_open_first_section":false,"accordion_multiple_open_sections":false,"accordion_items":false,"icon_list_items":false}],"block_background":"block-bg-none","block_background_video_type":"url","block_background_video_url":"","block_background_video_file":false,"block_background_image":false,"block_background_overlay":false,"unique_id":"","block_option_custom_class":"","block_animate":false,"block_option_padding":["block-options-padding-remove-bottom"],"block_option_hide":[],"bg_lower_slant_color":""},{"acf_fc_layout":"content-media","media_type":"image","image":{"ID":72162,"id":72162,"title":"EngageX_Thomas_Andre_Sola","filename":"EngageX_Thomas_Andre_Sola.png","filesize":188841,"url":"https:\/\/www.bullhorn.com\/de\/wp-content\/uploads\/sites\/7\/2021\/10\/EngageX_Thomas_Andre_Sola.png","link":"https:\/\/www.bullhorn.com\/de\/2021-engagex-europe-session-recordings\/engagex_thomas_andre_sola\/","alt":"","author":"403","description":"","caption":"","name":"engagex_thomas_andre_sola","status":"inherit","uploaded_to":72157,"date":"2021-10-19 21:33:22","modified":"2021-10-19 21:33:22","menu_order":0,"mime_type":"image\/png","type":"image","subtype":"png","icon":"https:\/\/www.bullhorn.com\/de\/wp-includes\/images\/media\/default.png","width":400,"height":400,"sizes":{"thumbnail":"https:\/\/www.bullhorn.com\/de\/wp-content\/uploads\/sites\/7\/2021\/10\/EngageX_Thomas_Andre_Sola-150x150.png","thumbnail-width":150,"thumbnail-height":150,"medium":"https:\/\/www.bullhorn.com\/de\/wp-content\/uploads\/sites\/7\/2021\/10\/EngageX_Thomas_Andre_Sola-300x300.png","medium-width":300,"medium-height":300,"medium_large":"https:\/\/www.bullhorn.com\/de\/wp-content\/uploads\/sites\/7\/2021\/10\/EngageX_Thomas_Andre_Sola.png","medium_large-width":400,"medium_large-height":400,"large":"https:\/\/www.bullhorn.com\/de\/wp-content\/uploads\/sites\/7\/2021\/10\/EngageX_Thomas_Andre_Sola.png","large-width":400,"large-height":400,"1536x1536":"https:\/\/www.bullhorn.com\/de\/wp-content\/uploads\/sites\/7\/2021\/10\/EngageX_Thomas_Andre_Sola.png","1536x1536-width":400,"1536x1536-height":400,"2048x2048":"https:\/\/www.bullhorn.com\/de\/wp-content\/uploads\/sites\/7\/2021\/10\/EngageX_Thomas_Andre_Sola.png","2048x2048-width":400,"2048x2048-height":400,"post-thumbnail":"https:\/\/www.bullhorn.com\/de\/wp-content\/uploads\/sites\/7\/2021\/10\/EngageX_Thomas_Andre_Sola-300x300.png","post-thumbnail-width":300,"post-thumbnail-height":300,"small":"https:\/\/www.bullhorn.com\/de\/wp-content\/uploads\/sites\/7\/2021\/10\/EngageX_Thomas_Andre_Sola-300x300.png","small-width":300,"small-height":300,"xlarge":"https:\/\/www.bullhorn.com\/de\/wp-content\/uploads\/sites\/7\/2021\/10\/EngageX_Thomas_Andre_Sola.png","xlarge-width":400,"xlarge-height":400,"insight-of-the-week":"https:\/\/www.bullhorn.com\/de\/wp-content\/uploads\/sites\/7\/2021\/10\/EngageX_Thomas_Andre_Sola.png","insight-of-the-week-width":377,"insight-of-the-week-height":377,"insight-icons":"https:\/\/www.bullhorn.com\/de\/wp-content\/uploads\/sites\/7\/2021\/10\/EngageX_Thomas_Andre_Sola.png","insight-icons-width":83,"insight-icons-height":83,"insight-research-image":"https:\/\/www.bullhorn.com\/de\/wp-content\/uploads\/sites\/7\/2021\/10\/EngageX_Thomas_Andre_Sola.png","insight-research-image-width":220,"insight-research-image-height":220,"insight-featured-articles-thumbnail":"https:\/\/www.bullhorn.com\/de\/wp-content\/uploads\/sites\/7\/2021\/10\/EngageX_Thomas_Andre_Sola.png","insight-featured-articles-thumbnail-width":164,"insight-featured-articles-thumbnail-height":164,"insight-logo":"https:\/\/www.bullhorn.com\/de\/wp-content\/uploads\/sites\/7\/2021\/10\/EngageX_Thomas_Andre_Sola.png","insight-logo-width":178,"insight-logo-height":178}},"video_url":"","embed_code":"","image_placement":"left","image_size":"4","image_box_shadow":false,"background_shape":"","background_shape_position":"left","parallax_fx":false,"block_aria":"","link_type":"none","link_page":null,"link_url":"","link_file":false,"link_video":"","link_aria":"","content":"<h3><strong>Die &#8218;Neue Welt der Arbeit&#8216; &#8211; Und was das f\u00fcr Recruiter in der DACH-Region bedeutet<\/strong><\/h3>\n<p>Die letzten 18-20 Monaten waren von rasanten gesellschaftlichen und technologischen Ver\u00e4nderungen gepr\u00e4gt. In dieser Session wird Thomas Andr\u00e9 Sola, Managing Director bei APSCo Deutschland, die wichtigsten Trends, die wir in der DACH-Region beobachten konnten genauer unter die Lupe nehmen. Zudem wird er Ihnen einen Einblick geben, wohin die Reise in den kommenden 18-20 Monaten gehen k\u00f6nnte und was dies f\u00fcr die Recruiting-Branche bedeutet.<\/p>\n<p><a class=\"button button--orange\" href=\"#form\"> Mehr erfahren<\/a><\/p>\n","block_background":"block-bg-none","block_background_video_type":"url","block_background_video_url":"","block_background_video_file":false,"block_background_image":false,"block_background_overlay":false,"unique_id":"","block_option_custom_class":"","block_animate":true,"block_option_padding":[],"block_option_hide":[]},{"acf_fc_layout":"content-media","media_type":"image","image":{"ID":72163,"id":72163,"title":"engagex-europe2021-4","filename":"engagex-europe2021-4.png","filesize":462805,"url":"https:\/\/www.bullhorn.com\/de\/wp-content\/uploads\/sites\/7\/2021\/10\/engagex-europe2021-4.png","link":"https:\/\/www.bullhorn.com\/de\/2021-engagex-europe-session-recordings\/engagex-europe2021-4\/","alt":"","author":"403","description":"","caption":"","name":"engagex-europe2021-4","status":"inherit","uploaded_to":72157,"date":"2021-10-19 21:37:27","modified":"2021-10-19 21:37:27","menu_order":0,"mime_type":"image\/png","type":"image","subtype":"png","icon":"https:\/\/www.bullhorn.com\/de\/wp-includes\/images\/media\/default.png","width":800,"height":800,"sizes":{"thumbnail":"https:\/\/www.bullhorn.com\/de\/wp-content\/uploads\/sites\/7\/2021\/10\/engagex-europe2021-4-150x150.png","thumbnail-width":150,"thumbnail-height":150,"medium":"https:\/\/www.bullhorn.com\/de\/wp-content\/uploads\/sites\/7\/2021\/10\/engagex-europe2021-4-300x300.png","medium-width":300,"medium-height":300,"medium_large":"https:\/\/www.bullhorn.com\/de\/wp-content\/uploads\/sites\/7\/2021\/10\/engagex-europe2021-4-768x768.png","medium_large-width":768,"medium_large-height":768,"large":"https:\/\/www.bullhorn.com\/de\/wp-content\/uploads\/sites\/7\/2021\/10\/engagex-europe2021-4.png","large-width":800,"large-height":800,"1536x1536":"https:\/\/www.bullhorn.com\/de\/wp-content\/uploads\/sites\/7\/2021\/10\/engagex-europe2021-4.png","1536x1536-width":800,"1536x1536-height":800,"2048x2048":"https:\/\/www.bullhorn.com\/de\/wp-content\/uploads\/sites\/7\/2021\/10\/engagex-europe2021-4.png","2048x2048-width":800,"2048x2048-height":800,"post-thumbnail":"https:\/\/www.bullhorn.com\/de\/wp-content\/uploads\/sites\/7\/2021\/10\/engagex-europe2021-4-300x300.png","post-thumbnail-width":300,"post-thumbnail-height":300,"small":"https:\/\/www.bullhorn.com\/de\/wp-content\/uploads\/sites\/7\/2021\/10\/engagex-europe2021-4-300x300.png","small-width":300,"small-height":300,"xlarge":"https:\/\/www.bullhorn.com\/de\/wp-content\/uploads\/sites\/7\/2021\/10\/engagex-europe2021-4.png","xlarge-width":800,"xlarge-height":800,"insight-of-the-week":"https:\/\/www.bullhorn.com\/de\/wp-content\/uploads\/sites\/7\/2021\/10\/engagex-europe2021-4.png","insight-of-the-week-width":377,"insight-of-the-week-height":377,"insight-icons":"https:\/\/www.bullhorn.com\/de\/wp-content\/uploads\/sites\/7\/2021\/10\/engagex-europe2021-4.png","insight-icons-width":83,"insight-icons-height":83,"insight-research-image":"https:\/\/www.bullhorn.com\/de\/wp-content\/uploads\/sites\/7\/2021\/10\/engagex-europe2021-4.png","insight-research-image-width":220,"insight-research-image-height":220,"insight-featured-articles-thumbnail":"https:\/\/www.bullhorn.com\/de\/wp-content\/uploads\/sites\/7\/2021\/10\/engagex-europe2021-4.png","insight-featured-articles-thumbnail-width":164,"insight-featured-articles-thumbnail-height":164,"insight-logo":"https:\/\/www.bullhorn.com\/de\/wp-content\/uploads\/sites\/7\/2021\/10\/engagex-europe2021-4.png","insight-logo-width":178,"insight-logo-height":178}},"video_url":"","embed_code":"","image_placement":"right","image_size":"4","image_box_shadow":false,"background_shape":"","background_shape_position":"left","parallax_fx":false,"block_aria":"","link_type":"none","link_page":null,"link_url":"","link_file":false,"link_video":"","link_aria":"","content":"<h3><strong>Wie Sie den Fachkr\u00e4ftemangel innerhalb der Recruiting-Branche mit Reskilling gekonnt meistern<\/strong><\/h3>\n<p>In dieser Podiumsdiskussion lernen Sie von erfahrenen F\u00fchrungskr\u00e4ften aus der Personaldienstleistung wie diese Ihre Unternehmen erfolgreich durch den aktuellen Fachkr\u00e4ftemangel und den Umgang mit Qualifikationsdefiziten bei der Kandidatensuche auf dem deutschsprachigen Markt f\u00fchren. In dieser Session erfahren Sie mehr \u00fcber unterschiedliche M\u00f6glichkeiten, um die besten Kandidaten f\u00fcr sich zu gewinnen und Talente langfristig an Ihr Unternehmen zu binden.<\/p>\n<p><a class=\"button button--orange\" href=\"#form\"> Mehr erfahren<\/a><\/p>\n","block_background":"block-bg-none","block_background_video_type":"url","block_background_video_url":"","block_background_video_file":false,"block_background_image":false,"block_background_overlay":false,"unique_id":"","block_option_custom_class":"","block_animate":true,"block_option_padding":[],"block_option_hide":[]},{"acf_fc_layout":"content-media","media_type":"image","image":{"ID":72165,"id":72165,"title":"EngageX_Nasser_Agha","filename":"EngageX_Nasser_Agha.png","filesize":189821,"url":"https:\/\/www.bullhorn.com\/de\/wp-content\/uploads\/sites\/7\/2021\/10\/EngageX_Nasser_Agha.png","link":"https:\/\/www.bullhorn.com\/de\/2021-engagex-europe-session-recordings\/engagex_nasser_agha\/","alt":"","author":"403","description":"","caption":"","name":"engagex_nasser_agha","status":"inherit","uploaded_to":72157,"date":"2021-10-19 21:39:00","modified":"2021-10-19 21:39:00","menu_order":0,"mime_type":"image\/png","type":"image","subtype":"png","icon":"https:\/\/www.bullhorn.com\/de\/wp-includes\/images\/media\/default.png","width":400,"height":400,"sizes":{"thumbnail":"https:\/\/www.bullhorn.com\/de\/wp-content\/uploads\/sites\/7\/2021\/10\/EngageX_Nasser_Agha-150x150.png","thumbnail-width":150,"thumbnail-height":150,"medium":"https:\/\/www.bullhorn.com\/de\/wp-content\/uploads\/sites\/7\/2021\/10\/EngageX_Nasser_Agha-300x300.png","medium-width":300,"medium-height":300,"medium_large":"https:\/\/www.bullhorn.com\/de\/wp-content\/uploads\/sites\/7\/2021\/10\/EngageX_Nasser_Agha.png","medium_large-width":400,"medium_large-height":400,"large":"https:\/\/www.bullhorn.com\/de\/wp-content\/uploads\/sites\/7\/2021\/10\/EngageX_Nasser_Agha.png","large-width":400,"large-height":400,"1536x1536":"https:\/\/www.bullhorn.com\/de\/wp-content\/uploads\/sites\/7\/2021\/10\/EngageX_Nasser_Agha.png","1536x1536-width":400,"1536x1536-height":400,"2048x2048":"https:\/\/www.bullhorn.com\/de\/wp-content\/uploads\/sites\/7\/2021\/10\/EngageX_Nasser_Agha.png","2048x2048-width":400,"2048x2048-height":400,"post-thumbnail":"https:\/\/www.bullhorn.com\/de\/wp-content\/uploads\/sites\/7\/2021\/10\/EngageX_Nasser_Agha-300x300.png","post-thumbnail-width":300,"post-thumbnail-height":300,"small":"https:\/\/www.bullhorn.com\/de\/wp-content\/uploads\/sites\/7\/2021\/10\/EngageX_Nasser_Agha-300x300.png","small-width":300,"small-height":300,"xlarge":"https:\/\/www.bullhorn.com\/de\/wp-content\/uploads\/sites\/7\/2021\/10\/EngageX_Nasser_Agha.png","xlarge-width":400,"xlarge-height":400,"insight-of-the-week":"https:\/\/www.bullhorn.com\/de\/wp-content\/uploads\/sites\/7\/2021\/10\/EngageX_Nasser_Agha.png","insight-of-the-week-width":377,"insight-of-the-week-height":377,"insight-icons":"https:\/\/www.bullhorn.com\/de\/wp-content\/uploads\/sites\/7\/2021\/10\/EngageX_Nasser_Agha.png","insight-icons-width":83,"insight-icons-height":83,"insight-research-image":"https:\/\/www.bullhorn.com\/de\/wp-content\/uploads\/sites\/7\/2021\/10\/EngageX_Nasser_Agha.png","insight-research-image-width":220,"insight-research-image-height":220,"insight-featured-articles-thumbnail":"https:\/\/www.bullhorn.com\/de\/wp-content\/uploads\/sites\/7\/2021\/10\/EngageX_Nasser_Agha.png","insight-featured-articles-thumbnail-width":164,"insight-featured-articles-thumbnail-height":164,"insight-logo":"https:\/\/www.bullhorn.com\/de\/wp-content\/uploads\/sites\/7\/2021\/10\/EngageX_Nasser_Agha.png","insight-logo-width":178,"insight-logo-height":178}},"video_url":"","embed_code":"","image_placement":"left","image_size":"4","image_box_shadow":false,"background_shape":"","background_shape_position":"left","parallax_fx":false,"block_aria":"","link_type":"none","link_page":null,"link_url":"","link_file":false,"link_video":"","link_aria":"","content":"<h3><strong>\u00dcber Dinge, von denen Sie noch nicht wussten, dass Sie sie automatisieren k\u00f6nnen<\/strong><\/h3>\n<p>Ganz egal, ob Ihnen die Automatisierungsl\u00f6sung Herefish von Bullhorn bereits ein Begriff ist oder noch komplettes Neuland, diese Session sollten Sie definitiv nicht verpassen. Der Bullhorn Recruiting-Automatisierungsexperte Nasser Agha gibt Ihnen in diesem Deep Dive einen Einblick in die vielen M\u00f6glichkeiten, die Herefish von Bullhorn Ihnen bietet, inklusive interne Umfrage, der Automatisierung von Kandidateneintr\u00e4ge und Best Practices f\u00fcr Ihr gesamtes Unternehmen sowie dynamische Knock-Out Fragen um Bewerbungen zu screenen und mehr! Unsere Anwendungsbeispiele im Bereich Recruiting-Automatisierung sind unendlich, aber eines ist sicher: Sie werden diese Session mit vielen neuen Ideen verlassen wie Sie Ihre Strategie zur Recruiting-Automatisierung Ihres Unternehmens weiter optimieren k\u00f6nnen.<\/p>\n<p><a class=\"button button--orange\" href=\"#form\"> Mehr erfahren<\/a><\/p>\n","block_background":"block-bg-none","block_background_video_type":"url","block_background_video_url":"","block_background_video_file":false,"block_background_image":false,"block_background_overlay":false,"unique_id":"","block_option_custom_class":"","block_animate":true,"block_option_padding":[],"block_option_hide":[]}],"_links":{"self":[{"href":"https:\/\/www.bullhorn.com\/de\/wp-json\/wp\/v2\/pages\/72157","targetHints":{"allow":["GET"]}}],"collection":[{"href":"https:\/\/www.bullhorn.com\/de\/wp-json\/wp\/v2\/pages"}],"about":[{"href":"https:\/\/www.bullhorn.com\/de\/wp-json\/wp\/v2\/types\/page"}],"author":[{"embeddable":true,"href":"https:\/\/www.bullhorn.com\/de\/wp-json\/wp\/v2\/users\/403"}],"replies":[{"embeddable":true,"href":"https:\/\/www.bullhorn.com\/de\/wp-json\/wp\/v2\/comments?post=72157"}],"version-history":[{"count":4,"href":"https:\/\/www.bullhorn.com\/de\/wp-json\/wp\/v2\/pages\/72157\/revisions"}],"predecessor-version":[{"id":72169,"href":"https:\/\/www.bullhorn.com\/de\/wp-json\/wp\/v2\/pages\/72157\/revisions\/72169"}],"wp:featuredmedia":[{"embeddable":true,"href":"https:\/\/www.bullhorn.com\/de\/wp-json\/wp\/v2\/media\/72194"}],"wp:attachment":[{"href":"https:\/\/www.bullhorn.com\/de\/wp-json\/wp\/v2\/media?parent=72157"}],"curies":[{"name":"wp","href":"https:\/\/api.w.org\/{rel}","templated":true}]}}