{"id":72892,"date":"2022-11-29T23:05:58","date_gmt":"2022-11-29T23:05:58","guid":{"rendered":"https:\/\/www.bullhorn.com\/de\/?page_id=72892"},"modified":"2024-10-16T14:14:26","modified_gmt":"2024-10-16T14:14:26","slug":"eine-milliarde-automatisierungen","status":"publish","type":"page","link":"https:\/\/www.bullhorn.com\/de\/eine-milliarde-automatisierungen\/","title":{"rendered":"Bullhorn Kunden erreichen eine Milliarde Automatisierungen"},"content":{"rendered":"","protected":false},"excerpt":{"rendered":"","protected":false},"author":403,"featured_media":0,"parent":0,"menu_order":0,"comment_status":"closed","ping_status":"closed","template":"","meta":{"_acf_changed":false,"om_disable_all_campaigns":false},"class_list":["post-72892","page","type-page","status-publish","hentry"],"acf":[],"yoast_head":"<!-- This site is optimized with the Yoast SEO plugin v27.2 - https:\/\/yoast.com\/product\/yoast-seo-wordpress\/ -->\n<title>Bullhorn-kunden erreichen 1 milliarde automatisierungen<\/title>\n<meta name=\"description\" content=\"Wie Bullhorn eine Milliarde Automatisierungen erreicht hat \u2013 mehr erfahren.\" \/>\n<meta name=\"robots\" content=\"index, follow, max-snippet:-1, max-image-preview:large, max-video-preview:-1\" \/>\n<link rel=\"canonical\" href=\"https:\/\/www.bullhorn.com\/de\/eine-milliarde-automatisierungen\/\" \/>\n<meta property=\"og:locale\" content=\"de_DE\" \/>\n<meta property=\"og:type\" content=\"article\" \/>\n<meta property=\"og:title\" content=\"Bullhorn-kunden erreichen 1 milliarde automatisierungen\" \/>\n<meta property=\"og:description\" content=\"Wie Bullhorn eine Milliarde Automatisierungen erreicht hat \u2013 mehr erfahren.\" \/>\n<meta property=\"og:url\" content=\"https:\/\/www.bullhorn.com\/de\/eine-milliarde-automatisierungen\/\" \/>\n<meta property=\"og:site_name\" content=\"Bullhorn DE\" \/>\n<meta property=\"article:publisher\" content=\"https:\/\/www.facebook.com\/Bullhorn\/\" \/>\n<meta property=\"article:modified_time\" content=\"2024-10-16T14:14:26+00:00\" \/>\n<meta name=\"twitter:card\" content=\"summary_large_image\" \/>\n<meta name=\"twitter:site\" content=\"@Bullhorn\" \/>\n<script type=\"application\/ld+json\" class=\"yoast-schema-graph\">{\"@context\":\"https:\/\/schema.org\",\"@graph\":[{\"@type\":\"WebPage\",\"@id\":\"https:\/\/www.bullhorn.com\/de\/eine-milliarde-automatisierungen\/\",\"url\":\"https:\/\/www.bullhorn.com\/de\/eine-milliarde-automatisierungen\/\",\"name\":\"Bullhorn-kunden erreichen 1 milliarde automatisierungen\",\"isPartOf\":{\"@id\":\"https:\/\/www.bullhorn.com\/de\/#website\"},\"datePublished\":\"2022-11-29T23:05:58+00:00\",\"dateModified\":\"2024-10-16T14:14:26+00:00\",\"description\":\"Wie Bullhorn eine Milliarde Automatisierungen erreicht hat \u2013 mehr erfahren.\",\"breadcrumb\":{\"@id\":\"https:\/\/www.bullhorn.com\/de\/eine-milliarde-automatisierungen\/#breadcrumb\"},\"inLanguage\":\"de\",\"potentialAction\":[{\"@type\":\"ReadAction\",\"target\":[\"https:\/\/www.bullhorn.com\/de\/eine-milliarde-automatisierungen\/\"]}]},{\"@type\":\"BreadcrumbList\",\"@id\":\"https:\/\/www.bullhorn.com\/de\/eine-milliarde-automatisierungen\/#breadcrumb\",\"itemListElement\":[{\"@type\":\"ListItem\",\"position\":1,\"name\":\"Home\",\"item\":\"https:\/\/www.bullhorn.com\/de\/\"},{\"@type\":\"ListItem\",\"position\":2,\"name\":\"Bullhorn Kunden erreichen eine Milliarde Automatisierungen\"}]},{\"@type\":\"WebSite\",\"@id\":\"https:\/\/www.bullhorn.com\/de\/#website\",\"url\":\"https:\/\/www.bullhorn.com\/de\/\",\"name\":\"Bullhorn DE\",\"description\":\"Just another Bullhorn Sites site\",\"publisher\":{\"@id\":\"https:\/\/www.bullhorn.com\/de\/#organization\"},\"potentialAction\":[{\"@type\":\"SearchAction\",\"target\":{\"@type\":\"EntryPoint\",\"urlTemplate\":\"https:\/\/www.bullhorn.com\/de\/?s={search_term_string}\"},\"query-input\":{\"@type\":\"PropertyValueSpecification\",\"valueRequired\":true,\"valueName\":\"search_term_string\"}}],\"inLanguage\":\"de\"},{\"@type\":\"Organization\",\"@id\":\"https:\/\/www.bullhorn.com\/de\/#organization\",\"name\":\"Bullhorn\",\"url\":\"https:\/\/www.bullhorn.com\/de\/\",\"logo\":{\"@type\":\"ImageObject\",\"inLanguage\":\"de\",\"@id\":\"https:\/\/www.bullhorn.com\/de\/#\/schema\/logo\/image\/\",\"url\":\"https:\/\/www.bullhorn.com\/de\/wp-content\/uploads\/sites\/7\/2021\/09\/og-img.png\",\"contentUrl\":\"https:\/\/www.bullhorn.com\/de\/wp-content\/uploads\/sites\/7\/2021\/09\/og-img.png\",\"width\":1200,\"height\":628,\"caption\":\"Bullhorn\"},\"image\":{\"@id\":\"https:\/\/www.bullhorn.com\/de\/#\/schema\/logo\/image\/\"},\"sameAs\":[\"https:\/\/www.facebook.com\/Bullhorn\/\",\"https:\/\/x.com\/Bullhorn\",\"https:\/\/www.instagram.com\/lifeatbullhorn\/?hl=de\",\"https:\/\/www.linkedin.com\/company\/bullhorn\",\"https:\/\/www.youtube.com\/channel\/UC-Rgm5YxtoxsvlCHy6KW3Ug\",\"https:\/\/en.wikipedia.org\/wiki\/Bullhorn,_Inc.\"]}]}<\/script>\n<!-- \/ Yoast SEO plugin. -->","yoast_head_json":{"title":"Bullhorn-kunden erreichen 1 milliarde automatisierungen","description":"Wie Bullhorn eine Milliarde Automatisierungen erreicht hat \u2013 mehr erfahren.","robots":{"index":"index","follow":"follow","max-snippet":"max-snippet:-1","max-image-preview":"max-image-preview:large","max-video-preview":"max-video-preview:-1"},"canonical":"https:\/\/www.bullhorn.com\/de\/eine-milliarde-automatisierungen\/","og_locale":"de_DE","og_type":"article","og_title":"Bullhorn-kunden erreichen 1 milliarde automatisierungen","og_description":"Wie Bullhorn eine Milliarde Automatisierungen erreicht hat \u2013 mehr erfahren.","og_url":"https:\/\/www.bullhorn.com\/de\/eine-milliarde-automatisierungen\/","og_site_name":"Bullhorn DE","article_publisher":"https:\/\/www.facebook.com\/Bullhorn\/","article_modified_time":"2024-10-16T14:14:26+00:00","twitter_card":"summary_large_image","twitter_site":"@Bullhorn","schema":{"@context":"https:\/\/schema.org","@graph":[{"@type":"WebPage","@id":"https:\/\/www.bullhorn.com\/de\/eine-milliarde-automatisierungen\/","url":"https:\/\/www.bullhorn.com\/de\/eine-milliarde-automatisierungen\/","name":"Bullhorn-kunden erreichen 1 milliarde automatisierungen","isPartOf":{"@id":"https:\/\/www.bullhorn.com\/de\/#website"},"datePublished":"2022-11-29T23:05:58+00:00","dateModified":"2024-10-16T14:14:26+00:00","description":"Wie Bullhorn eine Milliarde Automatisierungen erreicht hat \u2013 mehr erfahren.","breadcrumb":{"@id":"https:\/\/www.bullhorn.com\/de\/eine-milliarde-automatisierungen\/#breadcrumb"},"inLanguage":"de","potentialAction":[{"@type":"ReadAction","target":["https:\/\/www.bullhorn.com\/de\/eine-milliarde-automatisierungen\/"]}]},{"@type":"BreadcrumbList","@id":"https:\/\/www.bullhorn.com\/de\/eine-milliarde-automatisierungen\/#breadcrumb","itemListElement":[{"@type":"ListItem","position":1,"name":"Home","item":"https:\/\/www.bullhorn.com\/de\/"},{"@type":"ListItem","position":2,"name":"Bullhorn Kunden erreichen eine Milliarde Automatisierungen"}]},{"@type":"WebSite","@id":"https:\/\/www.bullhorn.com\/de\/#website","url":"https:\/\/www.bullhorn.com\/de\/","name":"Bullhorn DE","description":"Just another Bullhorn Sites site","publisher":{"@id":"https:\/\/www.bullhorn.com\/de\/#organization"},"potentialAction":[{"@type":"SearchAction","target":{"@type":"EntryPoint","urlTemplate":"https:\/\/www.bullhorn.com\/de\/?s={search_term_string}"},"query-input":{"@type":"PropertyValueSpecification","valueRequired":true,"valueName":"search_term_string"}}],"inLanguage":"de"},{"@type":"Organization","@id":"https:\/\/www.bullhorn.com\/de\/#organization","name":"Bullhorn","url":"https:\/\/www.bullhorn.com\/de\/","logo":{"@type":"ImageObject","inLanguage":"de","@id":"https:\/\/www.bullhorn.com\/de\/#\/schema\/logo\/image\/","url":"https:\/\/www.bullhorn.com\/de\/wp-content\/uploads\/sites\/7\/2021\/09\/og-img.png","contentUrl":"https:\/\/www.bullhorn.com\/de\/wp-content\/uploads\/sites\/7\/2021\/09\/og-img.png","width":1200,"height":628,"caption":"Bullhorn"},"image":{"@id":"https:\/\/www.bullhorn.com\/de\/#\/schema\/logo\/image\/"},"sameAs":["https:\/\/www.facebook.com\/Bullhorn\/","https:\/\/x.com\/Bullhorn","https:\/\/www.instagram.com\/lifeatbullhorn\/?hl=de","https:\/\/www.linkedin.com\/company\/bullhorn","https:\/\/www.youtube.com\/channel\/UC-Rgm5YxtoxsvlCHy6KW3Ug","https:\/\/en.wikipedia.org\/wiki\/Bullhorn,_Inc."]}]}},"grav_blocks":[{"acf_fc_layout":"content-media","media_type":"image","image":{"ID":72915,"id":72915,"title":"GER_Automation_Site_Header_V1","filename":"GER_Automation_Site_Header_V1.png","filesize":20153,"url":"https:\/\/www.bullhorn.com\/de\/wp-content\/uploads\/sites\/7\/2022\/12\/GER_Automation_Site_Header_V1.png","link":"https:\/\/www.bullhorn.com\/de\/eine-milliarde-automatisierungen\/ger_automation_site_header_v1\/","alt":"","author":"481","description":"","caption":"","name":"ger_automation_site_header_v1","status":"inherit","uploaded_to":72892,"date":"2022-12-09 12:48:25","modified":"2022-12-09 12:48:25","menu_order":0,"mime_type":"image\/png","type":"image","subtype":"png","icon":"https:\/\/www.bullhorn.com\/de\/wp-includes\/images\/media\/default.png","width":450,"height":450,"sizes":{"thumbnail":"https:\/\/www.bullhorn.com\/de\/wp-content\/uploads\/sites\/7\/2022\/12\/GER_Automation_Site_Header_V1-150x150.png","thumbnail-width":150,"thumbnail-height":150,"medium":"https:\/\/www.bullhorn.com\/de\/wp-content\/uploads\/sites\/7\/2022\/12\/GER_Automation_Site_Header_V1-300x300.png","medium-width":300,"medium-height":300,"medium_large":"https:\/\/www.bullhorn.com\/de\/wp-content\/uploads\/sites\/7\/2022\/12\/GER_Automation_Site_Header_V1.png","medium_large-width":450,"medium_large-height":450,"large":"https:\/\/www.bullhorn.com\/de\/wp-content\/uploads\/sites\/7\/2022\/12\/GER_Automation_Site_Header_V1.png","large-width":450,"large-height":450,"1536x1536":"https:\/\/www.bullhorn.com\/de\/wp-content\/uploads\/sites\/7\/2022\/12\/GER_Automation_Site_Header_V1.png","1536x1536-width":450,"1536x1536-height":450,"2048x2048":"https:\/\/www.bullhorn.com\/de\/wp-content\/uploads\/sites\/7\/2022\/12\/GER_Automation_Site_Header_V1.png","2048x2048-width":450,"2048x2048-height":450,"post-thumbnail":"https:\/\/www.bullhorn.com\/de\/wp-content\/uploads\/sites\/7\/2022\/12\/GER_Automation_Site_Header_V1-300x300.png","post-thumbnail-width":300,"post-thumbnail-height":300,"small":"https:\/\/www.bullhorn.com\/de\/wp-content\/uploads\/sites\/7\/2022\/12\/GER_Automation_Site_Header_V1-300x300.png","small-width":300,"small-height":300,"xlarge":"https:\/\/www.bullhorn.com\/de\/wp-content\/uploads\/sites\/7\/2022\/12\/GER_Automation_Site_Header_V1.png","xlarge-width":450,"xlarge-height":450,"insight-of-the-week":"https:\/\/www.bullhorn.com\/de\/wp-content\/uploads\/sites\/7\/2022\/12\/GER_Automation_Site_Header_V1.png","insight-of-the-week-width":377,"insight-of-the-week-height":377,"insight-icons":"https:\/\/www.bullhorn.com\/de\/wp-content\/uploads\/sites\/7\/2022\/12\/GER_Automation_Site_Header_V1.png","insight-icons-width":83,"insight-icons-height":83,"insight-research-image":"https:\/\/www.bullhorn.com\/de\/wp-content\/uploads\/sites\/7\/2022\/12\/GER_Automation_Site_Header_V1.png","insight-research-image-width":220,"insight-research-image-height":220,"insight-featured-articles-thumbnail":"https:\/\/www.bullhorn.com\/de\/wp-content\/uploads\/sites\/7\/2022\/12\/GER_Automation_Site_Header_V1.png","insight-featured-articles-thumbnail-width":164,"insight-featured-articles-thumbnail-height":164,"insight-logo":"https:\/\/www.bullhorn.com\/de\/wp-content\/uploads\/sites\/7\/2022\/12\/GER_Automation_Site_Header_V1.png","insight-logo-width":178,"insight-logo-height":178}},"video_url":"","embed_code":"","image_placement":"right","image_size":"4","image_box_shadow":false,"background_shape":"shapes\/spoke","background_shape_position":"right","parallax_fx":false,"block_aria":"","link_type":"none","link_page":null,"link_url":"","link_file":false,"link_video":"","link_aria":"","content":"<h2>Welche Erfolge bringen Automatisierungen?<\/h2>\n<h3>Im Schnitt automatisiert ein Personalvermittler mehr als 20.000 E-Mails, Texte, Updates, Notizen und Aufgaben pro Recruiter und Jahr.<\/h3>\n","block_background":"block-bg-none","block_background_video_type":"url","block_background_video_url":"","block_background_video_file":false,"block_background_image":false,"block_background_overlay":false,"unique_id":"results","block_option_custom_class":"","block_animate":true,"block_option_padding":[],"block_option_hide":[]},{"acf_fc_layout":"stats","block_title":"","block_aria":"","block_subtitle":"","background_shape":"","background_shape_position":"left","parallax_fx":false,"highlight_color":"green","stats":[{"icon":"","number_start":"1","number_end":"30","number_interval":"30","delay":"50","number_prepend":"","number_append":"%","add_content_space":false,"left_right_space":"","title":"H\u00f6here \u00d6ffnungsraten","description":"<p>Unternehmen, die Automatisierung f\u00fcr die Bewerberkommunikation einsetzen, erreichen eine um 30 Prozent h\u00f6here \u00d6ffnungsrate und eine um 20 Prozent h\u00f6here Klickrate verglichen mit dem Branchendurchschnitt.<\/p>\n"},{"icon":"","number_start":"1","number_end":"55","number_interval":"55","delay":"50","number_prepend":"","number_append":"%","add_content_space":false,"left_right_space":"","title":"Mehr Umsatzsteigerungen","description":"<p>Personaldienstleistenden mit einem oder mehr automatisierten Prozessen konnten mit einer um 55 Prozent h\u00f6heren Wahrscheinlichkeit ihren Umsatz im Jahr 2021 erheblich steigern.<\/p>\n"},{"icon":"","number_start":"1","number_end":"3","number_interval":"1","delay":"50","number_prepend":"","number_append":"h","add_content_space":false,"left_right_space":"","title":"Zeitersparnis","description":"<p>Mit Hilfe der Automatisierung konnten t\u00e4glich drei Stunden pro Recruiter eingespart werden. Im Jahr 2021 ergab das eine Ersparnis von insgesamt 2,5 Millionen Stunden.<\/p>\n"}],"block_background":"block-bg-none","block_background_video_type":"url","block_background_video_url":"","block_background_video_file":false,"block_background_image":false,"block_background_overlay":false,"unique_id":"","block_option_custom_class":"","block_option_padding":[],"block_option_hide":[]},{"acf_fc_layout":"cta","mid_page_format":true,"condensed_format":false,"text":"Motion Recruitment reduzierte mit Bullhorn Automation den manuellen Aufwand von Prozessen um 25.000 Stunden.","subtext":"","block_aria":"","image":false,"enable_bg_shape":false,"image_shape":"","action_type":"button","link_settings":{"link_type":"url","link_text":"Weiterlesen","link_page":null,"link_url":"\/customers\/motionrecruitment\/","link_style":"button--orange","link_aria":"Weiterlesen"},"email_placeholder_text":"Enter Your Email Address","block_background":"bg-blue","block_background_video_type":"url","block_background_video_url":"","block_background_video_file":false,"block_background_image":false,"block_background_overlay":false,"unique_id":"","block_option_custom_class":"","block_animate":false,"block_option_padding":[],"block_option_hide":[],"bg_lower_slant_color":""},{"acf_fc_layout":"columns","block_title":"","block_aria":"","block_subtitle":"","format":"","enable_box_shadow":false,"columns":[{"type":"wysiwyg","wysiwyg":"<p><img loading=\"lazy\" decoding=\"async\" class=\"alignnone wp-image-72917 size-medium\" src=\"https:\/\/www.bullhorn.com\/de\/wp-content\/uploads\/sites\/7\/2022\/12\/GER_Automation_Site_Stat_A_V1-300x300.png\" alt=\"\" width=\"300\" height=\"300\" srcset=\"https:\/\/www.bullhorn.com\/de\/wp-content\/uploads\/sites\/7\/2022\/12\/GER_Automation_Site_Stat_A_V1-300x300.png 300w, https:\/\/www.bullhorn.com\/de\/wp-content\/uploads\/sites\/7\/2022\/12\/GER_Automation_Site_Stat_A_V1-150x150.png 150w, https:\/\/www.bullhorn.com\/de\/wp-content\/uploads\/sites\/7\/2022\/12\/GER_Automation_Site_Stat_A_V1.png 400w\" sizes=\"auto, (max-width: 300px) 100vw, 300px\" \/><\/p>\n","accordion_open_first_section":false,"accordion_multiple_open_sections":false,"accordion_items":false,"icon_list_items":false},{"type":"wysiwyg","wysiwyg":"<p><img loading=\"lazy\" decoding=\"async\" class=\"alignnone wp-image-72918 size-medium\" src=\"https:\/\/www.bullhorn.com\/de\/wp-content\/uploads\/sites\/7\/2022\/12\/GER_Automation_Site_Stat_B_V1-300x300.png\" alt=\"\" width=\"300\" height=\"300\" srcset=\"https:\/\/www.bullhorn.com\/de\/wp-content\/uploads\/sites\/7\/2022\/12\/GER_Automation_Site_Stat_B_V1-300x300.png 300w, https:\/\/www.bullhorn.com\/de\/wp-content\/uploads\/sites\/7\/2022\/12\/GER_Automation_Site_Stat_B_V1-150x150.png 150w, https:\/\/www.bullhorn.com\/de\/wp-content\/uploads\/sites\/7\/2022\/12\/GER_Automation_Site_Stat_B_V1.png 400w\" sizes=\"auto, (max-width: 300px) 100vw, 300px\" \/><\/p>\n","accordion_open_first_section":false,"accordion_multiple_open_sections":false,"accordion_items":false,"icon_list_items":false},{"type":"wysiwyg","wysiwyg":"<p><img loading=\"lazy\" decoding=\"async\" class=\"alignnone wp-image-72956 size-medium\" src=\"https:\/\/www.bullhorn.com\/de\/wp-content\/uploads\/sites\/7\/2022\/12\/GER_Automation_Site_Stat_C_V2-300x300.png\" alt=\"\" width=\"300\" height=\"300\" srcset=\"https:\/\/www.bullhorn.com\/de\/wp-content\/uploads\/sites\/7\/2022\/12\/GER_Automation_Site_Stat_C_V2-300x300.png 300w, https:\/\/www.bullhorn.com\/de\/wp-content\/uploads\/sites\/7\/2022\/12\/GER_Automation_Site_Stat_C_V2-150x150.png 150w, https:\/\/www.bullhorn.com\/de\/wp-content\/uploads\/sites\/7\/2022\/12\/GER_Automation_Site_Stat_C_V2.png 400w\" sizes=\"auto, (max-width: 300px) 100vw, 300px\" \/><\/p>\n","accordion_open_first_section":false,"accordion_multiple_open_sections":false,"accordion_items":false,"icon_list_items":false}],"block_background":"block-bg-none","block_background_video_type":"url","block_background_video_url":"","block_background_video_file":false,"block_background_image":false,"block_background_overlay":false,"unique_id":"","block_option_custom_class":"","block_animate":false,"block_option_padding":[],"block_option_hide":[],"bg_lower_slant_color":""},{"acf_fc_layout":"card-grid","block_title":"Wo wird die Automatisierung am h\u00e4ufigsten eingesetzt?","block_aria":"","block_subtitle":"Entlang des gesamten Recruitingprozesses eines Personaldienstleisters, vom operativen Gesch\u00e4ft bis hin zum Marketing, k\u00f6nnen Abl\u00e4ufe automatisiert werden. Die drei h\u00e4ufigsten Anwendungsf\u00e4lle sind:","background_shape":"","background_shape_position":"left","parallax_fx":false,"title_position":"top","cards_bg_color":"bg-blue","cards_border":false,"cards_per_row":"3","cards":[{"icon":"icons\/chat","icon_color":"green","line_title_with_icon":true,"inline_title":"Bewerberkommunikation","content":"<ul>\n<li style=\"font-weight: 400\"><span style=\"font-weight: 400\">E-Mails<\/span><\/li>\n<li style=\"font-weight: 400\"><span style=\"font-weight: 400\">SMS\/Nachrichten<\/span><\/li>\n<li style=\"font-weight: 400\"><span style=\"font-weight: 400\">Befragungen<\/span><\/li>\n<\/ul>\n"},{"icon":"icons\/graph-2","icon_color":"green","line_title_with_icon":true,"inline_title":"Datenqualit\u00e4t","content":"<ul>\n<li style=\"font-weight: 400\"><span style=\"font-weight: 400\">Anonymisierung von Daten f\u00fcr Compliance-Konformit\u00e4t<\/span><\/li>\n<li style=\"font-weight: 400\"><span style=\"font-weight: 400\">Aktualisierung aller Datens\u00e4tze rund um Job, Unternehmen und Vertragsform innerhalb des ATS<\/span><\/li>\n<\/ul>\n"},{"icon":"icons\/chat-bubble","icon_color":"green","line_title_with_icon":true,"inline_title":"Interne Kommunikation","content":"<ul>\n<li style=\"font-weight: 400\"><span style=\"font-weight: 400\">Notizen<\/span><\/li>\n<li style=\"font-weight: 400\"><span style=\"font-weight: 400\">Alerts<\/span><\/li>\n<li style=\"font-weight: 400\"><span style=\"font-weight: 400\">Profilaktualisierungen<\/span><\/li>\n<\/ul>\n"}],"block_background":"block-bg-none","block_background_video_type":"url","block_background_video_url":"","block_background_video_file":false,"block_background_image":false,"block_background_overlay":false,"unique_id":"","block_option_custom_class":"","block_animate":false,"block_option_padding":[],"block_option_hide":[],"bg_lower_slant_color":""},{"acf_fc_layout":"cta","mid_page_format":true,"condensed_format":false,"text":"Sie m\u00f6chten mehr \u00fcber Automatisierungen erfahren?","subtext":"Weitere Informationen liefert unser Automation Buyer's Guide.","block_aria":"","image":false,"enable_bg_shape":false,"image_shape":"","action_type":"button","link_settings":{"link_type":"url","link_text":"Guide anzeigen","link_page":null,"link_url":"https:\/\/www.bullhorn.com\/de\/ressourcen\/automatisierungs-einkaufsratgeber\/","link_style":"button--orange","link_aria":"Guide anzeigen"},"email_placeholder_text":"Enter Your Email Address","block_background":"bg-blue","block_background_video_type":"url","block_background_video_url":"","block_background_video_file":false,"block_background_image":false,"block_background_overlay":false,"unique_id":"","block_option_custom_class":"","block_animate":false,"block_option_padding":[],"block_option_hide":[],"bg_lower_slant_color":""},{"acf_fc_layout":"columns","block_title":"Was bedeutet eine Milliarde?","block_aria":"","block_subtitle":"Eine Milliarde entspricht in etwa der Anzahl aller Arbeitnehmenden in Deutschland multipliziert mit 22.","format":"","enable_box_shadow":false,"columns":[{"type":"wysiwyg","wysiwyg":"<p><img loading=\"lazy\" decoding=\"async\" class=\"alignnone wp-image-72912 size-medium\" src=\"https:\/\/www.bullhorn.com\/de\/wp-content\/uploads\/sites\/7\/2022\/12\/GER_Automation_Site_Card_A_V1-300x200.png\" alt=\"\" width=\"300\" height=\"200\" srcset=\"https:\/\/www.bullhorn.com\/de\/wp-content\/uploads\/sites\/7\/2022\/12\/GER_Automation_Site_Card_A_V1-300x200.png 300w, https:\/\/www.bullhorn.com\/de\/wp-content\/uploads\/sites\/7\/2022\/12\/GER_Automation_Site_Card_A_V1.png 450w\" sizes=\"auto, (max-width: 300px) 100vw, 300px\" \/><\/p>\n","accordion_open_first_section":false,"accordion_multiple_open_sections":false,"accordion_items":false,"icon_list_items":false},{"type":"wysiwyg","wysiwyg":"<p><img loading=\"lazy\" decoding=\"async\" class=\"alignnone size-medium wp-image-72913\" src=\"https:\/\/www.bullhorn.com\/de\/wp-content\/uploads\/sites\/7\/2022\/12\/GER_Automation_Site_Card_B_V1-300x200.png\" alt=\"\" width=\"300\" height=\"200\" srcset=\"https:\/\/www.bullhorn.com\/de\/wp-content\/uploads\/sites\/7\/2022\/12\/GER_Automation_Site_Card_B_V1-300x200.png 300w, https:\/\/www.bullhorn.com\/de\/wp-content\/uploads\/sites\/7\/2022\/12\/GER_Automation_Site_Card_B_V1.png 450w\" sizes=\"auto, (max-width: 300px) 100vw, 300px\" \/><\/p>\n","accordion_open_first_section":false,"accordion_multiple_open_sections":false,"accordion_items":false,"icon_list_items":false},{"type":"wysiwyg","wysiwyg":"<p><img loading=\"lazy\" decoding=\"async\" class=\"alignnone wp-image-72914 size-medium\" src=\"https:\/\/www.bullhorn.com\/de\/wp-content\/uploads\/sites\/7\/2022\/12\/GER_Automation_Site_Card_C_V1-300x200.png\" alt=\"\" width=\"300\" height=\"200\" srcset=\"https:\/\/www.bullhorn.com\/de\/wp-content\/uploads\/sites\/7\/2022\/12\/GER_Automation_Site_Card_C_V1-300x200.png 300w, https:\/\/www.bullhorn.com\/de\/wp-content\/uploads\/sites\/7\/2022\/12\/GER_Automation_Site_Card_C_V1.png 450w\" sizes=\"auto, (max-width: 300px) 100vw, 300px\" \/><\/p>\n","accordion_open_first_section":false,"accordion_multiple_open_sections":false,"accordion_items":false,"icon_list_items":false}],"block_background":"block-bg-none","block_background_video_type":"url","block_background_video_url":"","block_background_video_file":false,"block_background_image":false,"block_background_overlay":false,"unique_id":"","block_option_custom_class":"","block_animate":false,"block_option_padding":[],"block_option_hide":[],"bg_lower_slant_color":""},{"acf_fc_layout":"related-resources","title":"\u00c4hnliche Ressourcen","enable_archive_link":false,"archive_link_text":"All Resources","post_type":"resource","post_type_resource_fields":{"relationship_source":"","note_automatic_relationship":null,"custom_tax":false,"custom_resources":null,"fill_remaining_resources":true},"post_type_blog_fields":{"relationship_source":false,"note_automatic_relationship":null,"custom_tag":false,"custom_category":false,"custom_resources":null,"fill_remaining_posts":true},"block_background":"bg-gray","block_background_video_type":"url","block_background_video_url":"","block_background_video_file":false,"block_background_image":false,"block_background_overlay":false,"unique_id":"","block_option_custom_class":"","block_option_padding":[],"block_option_hide":[]}],"_links":{"self":[{"href":"https:\/\/www.bullhorn.com\/de\/wp-json\/wp\/v2\/pages\/72892","targetHints":{"allow":["GET"]}}],"collection":[{"href":"https:\/\/www.bullhorn.com\/de\/wp-json\/wp\/v2\/pages"}],"about":[{"href":"https:\/\/www.bullhorn.com\/de\/wp-json\/wp\/v2\/types\/page"}],"author":[{"embeddable":true,"href":"https:\/\/www.bullhorn.com\/de\/wp-json\/wp\/v2\/users\/403"}],"replies":[{"embeddable":true,"href":"https:\/\/www.bullhorn.com\/de\/wp-json\/wp\/v2\/comments?post=72892"}],"version-history":[{"count":5,"href":"https:\/\/www.bullhorn.com\/de\/wp-json\/wp\/v2\/pages\/72892\/revisions"}],"predecessor-version":[{"id":74982,"href":"https:\/\/www.bullhorn.com\/de\/wp-json\/wp\/v2\/pages\/72892\/revisions\/74982"}],"wp:attachment":[{"href":"https:\/\/www.bullhorn.com\/de\/wp-json\/wp\/v2\/media?parent=72892"}],"curies":[{"name":"wp","href":"https:\/\/api.w.org\/{rel}","templated":true}]}}