{"id":73059,"date":"2023-02-01T15:22:48","date_gmt":"2023-02-01T15:22:48","guid":{"rendered":"https:\/\/www.bullhorn.com\/de\/test-grid-home\/"},"modified":"2026-02-25T15:35:08","modified_gmt":"2026-02-25T15:35:08","slug":"grid","status":"publish","type":"page","link":"https:\/\/www.bullhorn.com\/de\/grid\/","title":{"rendered":"GRID Home"},"content":{"rendered":"","protected":false},"excerpt":{"rendered":"","protected":false},"author":403,"featured_media":74205,"parent":0,"menu_order":0,"comment_status":"closed","ping_status":"closed","template":"templates\/page-grid.php","meta":{"_acf_changed":false,"om_disable_all_campaigns":false},"class_list":["post-73059","page","type-page","status-publish","has-post-thumbnail","hentry"],"acf":[],"yoast_head":"<!-- This site is optimized with the Yoast SEO plugin v27.2 - https:\/\/yoast.com\/product\/yoast-seo-wordpress\/ -->\n<title>GRID Home - Bullhorn DE<\/title>\n<meta name=\"description\" content=\"Grid: Die umfassende Analyse der Recruiting-Trends.\" \/>\n<meta name=\"robots\" content=\"index, follow, max-snippet:-1, max-image-preview:large, max-video-preview:-1\" \/>\n<link rel=\"canonical\" href=\"https:\/\/www.bullhorn.com\/de\/grid\/\" \/>\n<meta property=\"og:locale\" content=\"de_DE\" \/>\n<meta property=\"og:type\" content=\"article\" \/>\n<meta property=\"og:title\" content=\"GRID Home - Bullhorn DE\" \/>\n<meta property=\"og:description\" content=\"Grid: Die umfassende Analyse der Recruiting-Trends.\" \/>\n<meta property=\"og:url\" content=\"https:\/\/www.bullhorn.com\/de\/grid\/\" \/>\n<meta property=\"og:site_name\" content=\"Bullhorn DE\" \/>\n<meta property=\"article:publisher\" content=\"https:\/\/www.facebook.com\/Bullhorn\/\" \/>\n<meta property=\"article:modified_time\" content=\"2026-02-25T15:35:08+00:00\" \/>\n<meta property=\"og:image\" content=\"https:\/\/www.bullhorn.com\/de\/wp-content\/uploads\/sites\/7\/2024\/02\/GRID_Industry_Report24_Social-Cards1_V2DACH.jpg\" \/>\n\t<meta property=\"og:image:width\" content=\"1200\" \/>\n\t<meta property=\"og:image:height\" content=\"627\" \/>\n\t<meta property=\"og:image:type\" content=\"image\/jpeg\" \/>\n<meta name=\"twitter:card\" content=\"summary_large_image\" \/>\n<meta name=\"twitter:site\" content=\"@Bullhorn\" \/>\n<meta name=\"twitter:label1\" content=\"Gesch\u00e4tzte Lesezeit\" \/>\n\t<meta name=\"twitter:data1\" content=\"1\u00a0Minute\" \/>\n<script type=\"application\/ld+json\" class=\"yoast-schema-graph\">{\"@context\":\"https:\/\/schema.org\",\"@graph\":[{\"@type\":\"WebPage\",\"@id\":\"https:\/\/www.bullhorn.com\/de\/grid\/\",\"url\":\"https:\/\/www.bullhorn.com\/de\/grid\/\",\"name\":\"GRID Home - Bullhorn DE\",\"isPartOf\":{\"@id\":\"https:\/\/www.bullhorn.com\/de\/#website\"},\"primaryImageOfPage\":{\"@id\":\"https:\/\/www.bullhorn.com\/de\/grid\/#primaryimage\"},\"image\":{\"@id\":\"https:\/\/www.bullhorn.com\/de\/grid\/#primaryimage\"},\"thumbnailUrl\":\"https:\/\/www.bullhorn.com\/de\/wp-content\/uploads\/sites\/7\/2024\/02\/GRID_Industry_Report24_Social-Cards1_V2DACH.jpg\",\"datePublished\":\"2023-02-01T15:22:48+00:00\",\"dateModified\":\"2026-02-25T15:35:08+00:00\",\"description\":\"Grid: Die umfassende Analyse der Recruiting-Trends.\",\"breadcrumb\":{\"@id\":\"https:\/\/www.bullhorn.com\/de\/grid\/#breadcrumb\"},\"inLanguage\":\"de\",\"potentialAction\":[{\"@type\":\"ReadAction\",\"target\":[\"https:\/\/www.bullhorn.com\/de\/grid\/\"]}]},{\"@type\":\"ImageObject\",\"inLanguage\":\"de\",\"@id\":\"https:\/\/www.bullhorn.com\/de\/grid\/#primaryimage\",\"url\":\"https:\/\/www.bullhorn.com\/de\/wp-content\/uploads\/sites\/7\/2024\/02\/GRID_Industry_Report24_Social-Cards1_V2DACH.jpg\",\"contentUrl\":\"https:\/\/www.bullhorn.com\/de\/wp-content\/uploads\/sites\/7\/2024\/02\/GRID_Industry_Report24_Social-Cards1_V2DACH.jpg\",\"width\":1200,\"height\":627,\"caption\":\"GRID 2024 Recruiting-Trends-Report\"},{\"@type\":\"BreadcrumbList\",\"@id\":\"https:\/\/www.bullhorn.com\/de\/grid\/#breadcrumb\",\"itemListElement\":[{\"@type\":\"ListItem\",\"position\":1,\"name\":\"Home\",\"item\":\"https:\/\/www.bullhorn.com\/de\/\"},{\"@type\":\"ListItem\",\"position\":2,\"name\":\"GRID Home\"}]},{\"@type\":\"WebSite\",\"@id\":\"https:\/\/www.bullhorn.com\/de\/#website\",\"url\":\"https:\/\/www.bullhorn.com\/de\/\",\"name\":\"Bullhorn DE\",\"description\":\"Just another Bullhorn Sites site\",\"publisher\":{\"@id\":\"https:\/\/www.bullhorn.com\/de\/#organization\"},\"potentialAction\":[{\"@type\":\"SearchAction\",\"target\":{\"@type\":\"EntryPoint\",\"urlTemplate\":\"https:\/\/www.bullhorn.com\/de\/?s={search_term_string}\"},\"query-input\":{\"@type\":\"PropertyValueSpecification\",\"valueRequired\":true,\"valueName\":\"search_term_string\"}}],\"inLanguage\":\"de\"},{\"@type\":\"Organization\",\"@id\":\"https:\/\/www.bullhorn.com\/de\/#organization\",\"name\":\"Bullhorn\",\"url\":\"https:\/\/www.bullhorn.com\/de\/\",\"logo\":{\"@type\":\"ImageObject\",\"inLanguage\":\"de\",\"@id\":\"https:\/\/www.bullhorn.com\/de\/#\/schema\/logo\/image\/\",\"url\":\"https:\/\/www.bullhorn.com\/de\/wp-content\/uploads\/sites\/7\/2021\/09\/og-img.png\",\"contentUrl\":\"https:\/\/www.bullhorn.com\/de\/wp-content\/uploads\/sites\/7\/2021\/09\/og-img.png\",\"width\":1200,\"height\":628,\"caption\":\"Bullhorn\"},\"image\":{\"@id\":\"https:\/\/www.bullhorn.com\/de\/#\/schema\/logo\/image\/\"},\"sameAs\":[\"https:\/\/www.facebook.com\/Bullhorn\/\",\"https:\/\/x.com\/Bullhorn\",\"https:\/\/www.instagram.com\/lifeatbullhorn\/?hl=de\",\"https:\/\/www.linkedin.com\/company\/bullhorn\",\"https:\/\/www.youtube.com\/channel\/UC-Rgm5YxtoxsvlCHy6KW3Ug\",\"https:\/\/en.wikipedia.org\/wiki\/Bullhorn,_Inc.\"]}]}<\/script>\n<!-- \/ Yoast SEO plugin. -->","yoast_head_json":{"title":"GRID Home - Bullhorn DE","description":"Grid: Die umfassende Analyse der Recruiting-Trends.","robots":{"index":"index","follow":"follow","max-snippet":"max-snippet:-1","max-image-preview":"max-image-preview:large","max-video-preview":"max-video-preview:-1"},"canonical":"https:\/\/www.bullhorn.com\/de\/grid\/","og_locale":"de_DE","og_type":"article","og_title":"GRID Home - Bullhorn DE","og_description":"Grid: Die umfassende Analyse der Recruiting-Trends.","og_url":"https:\/\/www.bullhorn.com\/de\/grid\/","og_site_name":"Bullhorn DE","article_publisher":"https:\/\/www.facebook.com\/Bullhorn\/","article_modified_time":"2026-02-25T15:35:08+00:00","og_image":[{"width":1200,"height":627,"url":"https:\/\/www.bullhorn.com\/de\/wp-content\/uploads\/sites\/7\/2024\/02\/GRID_Industry_Report24_Social-Cards1_V2DACH.jpg","type":"image\/jpeg"}],"twitter_card":"summary_large_image","twitter_site":"@Bullhorn","twitter_misc":{"Gesch\u00e4tzte Lesezeit":"1\u00a0Minute"},"schema":{"@context":"https:\/\/schema.org","@graph":[{"@type":"WebPage","@id":"https:\/\/www.bullhorn.com\/de\/grid\/","url":"https:\/\/www.bullhorn.com\/de\/grid\/","name":"GRID Home - Bullhorn DE","isPartOf":{"@id":"https:\/\/www.bullhorn.com\/de\/#website"},"primaryImageOfPage":{"@id":"https:\/\/www.bullhorn.com\/de\/grid\/#primaryimage"},"image":{"@id":"https:\/\/www.bullhorn.com\/de\/grid\/#primaryimage"},"thumbnailUrl":"https:\/\/www.bullhorn.com\/de\/wp-content\/uploads\/sites\/7\/2024\/02\/GRID_Industry_Report24_Social-Cards1_V2DACH.jpg","datePublished":"2023-02-01T15:22:48+00:00","dateModified":"2026-02-25T15:35:08+00:00","description":"Grid: Die umfassende Analyse der Recruiting-Trends.","breadcrumb":{"@id":"https:\/\/www.bullhorn.com\/de\/grid\/#breadcrumb"},"inLanguage":"de","potentialAction":[{"@type":"ReadAction","target":["https:\/\/www.bullhorn.com\/de\/grid\/"]}]},{"@type":"ImageObject","inLanguage":"de","@id":"https:\/\/www.bullhorn.com\/de\/grid\/#primaryimage","url":"https:\/\/www.bullhorn.com\/de\/wp-content\/uploads\/sites\/7\/2024\/02\/GRID_Industry_Report24_Social-Cards1_V2DACH.jpg","contentUrl":"https:\/\/www.bullhorn.com\/de\/wp-content\/uploads\/sites\/7\/2024\/02\/GRID_Industry_Report24_Social-Cards1_V2DACH.jpg","width":1200,"height":627,"caption":"GRID 2024 Recruiting-Trends-Report"},{"@type":"BreadcrumbList","@id":"https:\/\/www.bullhorn.com\/de\/grid\/#breadcrumb","itemListElement":[{"@type":"ListItem","position":1,"name":"Home","item":"https:\/\/www.bullhorn.com\/de\/"},{"@type":"ListItem","position":2,"name":"GRID Home"}]},{"@type":"WebSite","@id":"https:\/\/www.bullhorn.com\/de\/#website","url":"https:\/\/www.bullhorn.com\/de\/","name":"Bullhorn DE","description":"Just another Bullhorn Sites site","publisher":{"@id":"https:\/\/www.bullhorn.com\/de\/#organization"},"potentialAction":[{"@type":"SearchAction","target":{"@type":"EntryPoint","urlTemplate":"https:\/\/www.bullhorn.com\/de\/?s={search_term_string}"},"query-input":{"@type":"PropertyValueSpecification","valueRequired":true,"valueName":"search_term_string"}}],"inLanguage":"de"},{"@type":"Organization","@id":"https:\/\/www.bullhorn.com\/de\/#organization","name":"Bullhorn","url":"https:\/\/www.bullhorn.com\/de\/","logo":{"@type":"ImageObject","inLanguage":"de","@id":"https:\/\/www.bullhorn.com\/de\/#\/schema\/logo\/image\/","url":"https:\/\/www.bullhorn.com\/de\/wp-content\/uploads\/sites\/7\/2021\/09\/og-img.png","contentUrl":"https:\/\/www.bullhorn.com\/de\/wp-content\/uploads\/sites\/7\/2021\/09\/og-img.png","width":1200,"height":628,"caption":"Bullhorn"},"image":{"@id":"https:\/\/www.bullhorn.com\/de\/#\/schema\/logo\/image\/"},"sameAs":["https:\/\/www.facebook.com\/Bullhorn\/","https:\/\/x.com\/Bullhorn","https:\/\/www.instagram.com\/lifeatbullhorn\/?hl=de","https:\/\/www.linkedin.com\/company\/bullhorn","https:\/\/www.youtube.com\/channel\/UC-Rgm5YxtoxsvlCHy6KW3Ug","https:\/\/en.wikipedia.org\/wiki\/Bullhorn,_Inc."]}]}},"grav_blocks":[{"acf_fc_layout":"card-grid","block_title":"","block_aria":"","block_subtitle":"","background_shape":"","background_shape_position":"left","parallax_fx":false,"title_position":"top","cards_bg_color":"bg-white","cards_border":false,"cards_per_row":"4","cards":[{"icon":"","icon_color":"green","line_title_with_icon":false,"inline_title":"","content":"<div class=\"new-grid-tag-purple\">NEU!<\/div>\n<p><a href=\"\/de\/grid\/2026-recruiting-trends\/\"><img decoding=\"async\" src=\"https:\/\/www.bullhorn.com\/de\/wp-content\/uploads\/sites\/7\/2023\/02\/GRID_Website_DACH_1360x710_Recruiting-Trends-Report_V2.png\" \/><\/a><\/p>\n<h4><span class=\"new_grid_title\">NEU!<\/span> GRID 2026 Recruiting-Trends-Report<\/h4>\n<p>Wir Fachkr\u00e4fte aus der Personaldienstleistungsbranche weltweit befragt, um ihre Priorit\u00e4ten, Herausforderungen und Erwartungen f\u00fcr das kommende Jahr zu erfahren.<\/p>\n<p><a class=\"button button--magenta\" href=\"\/de\/grid\/2026-recruiting-trends\/\">Recruiting-Trends-Report 2026 entdecken<\/a><\/p>\n"},{"icon":"","icon_color":"green","line_title_with_icon":false,"inline_title":"","content":"<p><a href=\"\/de\/grid\/2025-talent-trends\/\"><img decoding=\"async\" style=\"margin-top: 22px;\" src=\"https:\/\/www.bullhorn.com\/de\/wp-content\/uploads\/sites\/7\/2023\/02\/GRID_Website_DACH_1360x710_Talent-Trends-Report_V2.png\" \/><\/a><\/p>\n<h4>GRID 2025 Talent-Trends-Report<\/h4>\n<p>In einer sich wandelnden Wirtschaft verlieren Recruiter zunehmend an Jobb\u00f6rsen.<\/p>\n<p><a class=\"button button--magenta\" href=\"\/de\/grid\/2025-talent-trends\/\">Talent-Trends-Report 2025 entdecken<\/a><\/p>\n"}],"block_background":"block-bg-none","block_background_video_type":"url","block_background_video_url":"","block_background_video_file":false,"block_background_image":false,"block_background_overlay":false,"unique_id":"","block_option_custom_class":"","block_animate":true,"block_option_padding":[],"block_option_hide":[],"bg_lower_slant_color":""},{"acf_fc_layout":"columns","block_title":"","block_aria":"","block_subtitle":"","format":"","enable_box_shadow":false,"columns":[{"type":"wysiwyg","wysiwyg":"<h2 class=\"title-color-purple\">Interesse an weiteren Untersuchungen?<\/h2>\n<h3>Sehen Sie sich diese Erkenntnisse aus der Bullhorn-Kundendatenbank an.<\/h3>\n","accordion_open_first_section":false,"accordion_multiple_open_sections":false,"accordion_items":false,"icon_list_items":false}],"block_background":"block-bg-none","block_background_video_type":"url","block_background_video_url":"","block_background_video_file":false,"block_background_image":false,"block_background_overlay":false,"unique_id":"","block_option_custom_class":"","block_animate":false,"block_option_padding":["block-options-padding-remove-bottom"],"block_option_hide":[],"bg_lower_slant_color":""},{"acf_fc_layout":"card-grid","block_title":"","block_aria":"","block_subtitle":"","background_shape":"","background_shape_position":"left","parallax_fx":false,"title_position":"top","cards_bg_color":"","cards_border":false,"cards_per_row":"4","cards":[{"icon":"","icon_color":"green","line_title_with_icon":false,"inline_title":"","content":"<p><img decoding=\"async\" src=\"https:\/\/www.bullhorn.com\/wp-content\/uploads\/2023\/02\/GRID_Website_Homepage_Blog-Image_SIA_V1.png\" \/><\/p>\n<p>Erforschen Sie die aktuellen w\u00f6chentlichen Trends zum US-Zeitarbeitsvolumen mit dem SIA | Bullhorn Staffing Indicator.<\/p>\n<p><a class=\"button button--blue\" href=\"https:\/\/www.bullhorn.com\/resources\/staffing-industry-indicator\/\">Mehr erfahren<\/a><\/p>\n"},{"icon":"","icon_color":"green","line_title_with_icon":false,"inline_title":"","content":"<p><img decoding=\"async\" src=\"https:\/\/www.bullhorn.com\/de\/wp-content\/uploads\/sites\/7\/2023\/02\/GRID_Website_DACH_1360x710_MilliardAutomatisierungen_V1.png\" \/><\/p>\n<p>Entdecken Sie die Ergebnisse von Unternehmen, die mit Bullhorn-Produkten <a href=\"https:\/\/www.bullhorn.com\/de\/eine-milliarde-automatisierungen\/\">1 Milliarde Automatisierungen<\/a> erreicht haben.<\/p>\n<p><a class=\"button button--blue\" href=\"https:\/\/www.bullhorn.com\/de\/eine-milliarde-automatisierungen\/\">Mehr erfahren<\/a><\/p>\n"}],"block_background":"block-bg-none","block_background_video_type":"url","block_background_video_url":"","block_background_video_file":false,"block_background_image":false,"block_background_overlay":false,"unique_id":"","block_option_custom_class":"","block_animate":true,"block_option_padding":[],"block_option_hide":[],"bg_lower_slant_color":""}],"_links":{"self":[{"href":"https:\/\/www.bullhorn.com\/de\/wp-json\/wp\/v2\/pages\/73059","targetHints":{"allow":["GET"]}}],"collection":[{"href":"https:\/\/www.bullhorn.com\/de\/wp-json\/wp\/v2\/pages"}],"about":[{"href":"https:\/\/www.bullhorn.com\/de\/wp-json\/wp\/v2\/types\/page"}],"author":[{"embeddable":true,"href":"https:\/\/www.bullhorn.com\/de\/wp-json\/wp\/v2\/users\/403"}],"replies":[{"embeddable":true,"href":"https:\/\/www.bullhorn.com\/de\/wp-json\/wp\/v2\/comments?post=73059"}],"version-history":[{"count":5,"href":"https:\/\/www.bullhorn.com\/de\/wp-json\/wp\/v2\/pages\/73059\/revisions"}],"predecessor-version":[{"id":77077,"href":"https:\/\/www.bullhorn.com\/de\/wp-json\/wp\/v2\/pages\/73059\/revisions\/77077"}],"wp:featuredmedia":[{"embeddable":true,"href":"https:\/\/www.bullhorn.com\/de\/wp-json\/wp\/v2\/media\/74205"}],"wp:attachment":[{"href":"https:\/\/www.bullhorn.com\/de\/wp-json\/wp\/v2\/media?parent=73059"}],"curies":[{"name":"wp","href":"https:\/\/api.w.org\/{rel}","templated":true}]}}