{"id":73068,"date":"2023-02-08T17:36:23","date_gmt":"2023-02-08T17:36:23","guid":{"rendered":"https:\/\/www.bullhorn.com\/de\/test-2023-industry-trends-report\/"},"modified":"2024-09-23T14:33:52","modified_gmt":"2024-09-23T14:33:52","slug":"recruiting-trends","status":"publish","type":"page","link":"https:\/\/www.bullhorn.com\/de\/grid\/recruiting-trends\/","title":{"rendered":"GRID 2023 Recruiting-Trends-Report"},"content":{"rendered":"","protected":false},"excerpt":{"rendered":"<p>Jedes Jahr befragen wir Tausende Personaldienstleister auf der ganzen Welt zu den Herausforderungen, Chancen und Trends, die ihr Unternehmen pr\u00e4gen.<\/p>\n","protected":false},"author":403,"featured_media":73209,"parent":73059,"menu_order":0,"comment_status":"closed","ping_status":"closed","template":"templates\/page-grid.php","meta":{"_acf_changed":false,"om_disable_all_campaigns":false},"class_list":["post-73068","page","type-page","status-publish","has-post-thumbnail","hentry"],"acf":[],"yoast_head":"<!-- This site is optimized with the Yoast SEO plugin v27.2 - https:\/\/yoast.com\/product\/yoast-seo-wordpress\/ -->\n<title>GRID 2023 Recruiting-Trends-Report - Bullhorn DE<\/title>\n<meta name=\"description\" content=\"Recruiting-Trends: Wichtige Einblicke und Prognosen f\u00fcr die Branche.\" \/>\n<meta name=\"robots\" content=\"index, follow, max-snippet:-1, max-image-preview:large, max-video-preview:-1\" \/>\n<link rel=\"canonical\" href=\"https:\/\/www.bullhorn.com\/de\/grid\/recruiting-trends\/\" \/>\n<meta property=\"og:locale\" content=\"de_DE\" \/>\n<meta property=\"og:type\" content=\"article\" \/>\n<meta property=\"og:title\" content=\"GRID 2023 Recruiting-Trends-Report - Bullhorn DE\" \/>\n<meta property=\"og:description\" content=\"Recruiting-Trends: Wichtige Einblicke und Prognosen f\u00fcr die Branche.\" \/>\n<meta property=\"og:url\" content=\"https:\/\/www.bullhorn.com\/de\/grid\/recruiting-trends\/\" \/>\n<meta property=\"og:site_name\" content=\"Bullhorn DE\" \/>\n<meta property=\"article:publisher\" content=\"https:\/\/www.facebook.com\/Bullhorn\/\" \/>\n<meta property=\"article:modified_time\" content=\"2024-09-23T14:33:52+00:00\" \/>\n<meta property=\"og:image\" content=\"https:\/\/www.bullhorn.com\/de\/wp-content\/uploads\/sites\/7\/2023\/02\/DACH_GRID23_Social_Image3.jpg\" \/>\n\t<meta property=\"og:image:width\" content=\"1200\" \/>\n\t<meta property=\"og:image:height\" content=\"627\" \/>\n\t<meta property=\"og:image:type\" content=\"image\/jpeg\" \/>\n<meta name=\"twitter:card\" content=\"summary_large_image\" \/>\n<meta name=\"twitter:site\" content=\"@Bullhorn\" \/>\n<meta name=\"twitter:label1\" content=\"Gesch\u00e4tzte Lesezeit\" \/>\n\t<meta name=\"twitter:data1\" content=\"1\u00a0Minute\" \/>\n<script type=\"application\/ld+json\" class=\"yoast-schema-graph\">{\"@context\":\"https:\/\/schema.org\",\"@graph\":[{\"@type\":\"WebPage\",\"@id\":\"https:\/\/www.bullhorn.com\/de\/grid\/recruiting-trends\/\",\"url\":\"https:\/\/www.bullhorn.com\/de\/grid\/recruiting-trends\/\",\"name\":\"GRID 2023 Recruiting-Trends-Report - Bullhorn DE\",\"isPartOf\":{\"@id\":\"https:\/\/www.bullhorn.com\/de\/#website\"},\"primaryImageOfPage\":{\"@id\":\"https:\/\/www.bullhorn.com\/de\/grid\/recruiting-trends\/#primaryimage\"},\"image\":{\"@id\":\"https:\/\/www.bullhorn.com\/de\/grid\/recruiting-trends\/#primaryimage\"},\"thumbnailUrl\":\"https:\/\/www.bullhorn.com\/de\/wp-content\/uploads\/sites\/7\/2023\/02\/DACH_GRID23_Social_Image3.jpg\",\"datePublished\":\"2023-02-08T17:36:23+00:00\",\"dateModified\":\"2024-09-23T14:33:52+00:00\",\"description\":\"Recruiting-Trends: Wichtige Einblicke und Prognosen f\u00fcr die Branche.\",\"breadcrumb\":{\"@id\":\"https:\/\/www.bullhorn.com\/de\/grid\/recruiting-trends\/#breadcrumb\"},\"inLanguage\":\"de\",\"potentialAction\":[{\"@type\":\"ReadAction\",\"target\":[\"https:\/\/www.bullhorn.com\/de\/grid\/recruiting-trends\/\"]}]},{\"@type\":\"ImageObject\",\"inLanguage\":\"de\",\"@id\":\"https:\/\/www.bullhorn.com\/de\/grid\/recruiting-trends\/#primaryimage\",\"url\":\"https:\/\/www.bullhorn.com\/de\/wp-content\/uploads\/sites\/7\/2023\/02\/DACH_GRID23_Social_Image3.jpg\",\"contentUrl\":\"https:\/\/www.bullhorn.com\/de\/wp-content\/uploads\/sites\/7\/2023\/02\/DACH_GRID23_Social_Image3.jpg\",\"width\":1200,\"height\":627},{\"@type\":\"BreadcrumbList\",\"@id\":\"https:\/\/www.bullhorn.com\/de\/grid\/recruiting-trends\/#breadcrumb\",\"itemListElement\":[{\"@type\":\"ListItem\",\"position\":1,\"name\":\"Home\",\"item\":\"https:\/\/www.bullhorn.com\/de\/\"},{\"@type\":\"ListItem\",\"position\":2,\"name\":\"GRID Home\",\"item\":\"https:\/\/www.bullhorn.com\/de\/grid\/\"},{\"@type\":\"ListItem\",\"position\":3,\"name\":\"GRID 2023 Recruiting-Trends-Report\"}]},{\"@type\":\"WebSite\",\"@id\":\"https:\/\/www.bullhorn.com\/de\/#website\",\"url\":\"https:\/\/www.bullhorn.com\/de\/\",\"name\":\"Bullhorn DE\",\"description\":\"Just another Bullhorn Sites site\",\"publisher\":{\"@id\":\"https:\/\/www.bullhorn.com\/de\/#organization\"},\"potentialAction\":[{\"@type\":\"SearchAction\",\"target\":{\"@type\":\"EntryPoint\",\"urlTemplate\":\"https:\/\/www.bullhorn.com\/de\/?s={search_term_string}\"},\"query-input\":{\"@type\":\"PropertyValueSpecification\",\"valueRequired\":true,\"valueName\":\"search_term_string\"}}],\"inLanguage\":\"de\"},{\"@type\":\"Organization\",\"@id\":\"https:\/\/www.bullhorn.com\/de\/#organization\",\"name\":\"Bullhorn\",\"url\":\"https:\/\/www.bullhorn.com\/de\/\",\"logo\":{\"@type\":\"ImageObject\",\"inLanguage\":\"de\",\"@id\":\"https:\/\/www.bullhorn.com\/de\/#\/schema\/logo\/image\/\",\"url\":\"https:\/\/www.bullhorn.com\/de\/wp-content\/uploads\/sites\/7\/2021\/09\/og-img.png\",\"contentUrl\":\"https:\/\/www.bullhorn.com\/de\/wp-content\/uploads\/sites\/7\/2021\/09\/og-img.png\",\"width\":1200,\"height\":628,\"caption\":\"Bullhorn\"},\"image\":{\"@id\":\"https:\/\/www.bullhorn.com\/de\/#\/schema\/logo\/image\/\"},\"sameAs\":[\"https:\/\/www.facebook.com\/Bullhorn\/\",\"https:\/\/x.com\/Bullhorn\",\"https:\/\/www.instagram.com\/lifeatbullhorn\/?hl=de\",\"https:\/\/www.linkedin.com\/company\/bullhorn\",\"https:\/\/www.youtube.com\/channel\/UC-Rgm5YxtoxsvlCHy6KW3Ug\",\"https:\/\/en.wikipedia.org\/wiki\/Bullhorn,_Inc.\"]}]}<\/script>\n<!-- \/ Yoast SEO plugin. -->","yoast_head_json":{"title":"GRID 2023 Recruiting-Trends-Report - Bullhorn DE","description":"Recruiting-Trends: Wichtige Einblicke und Prognosen f\u00fcr die Branche.","robots":{"index":"index","follow":"follow","max-snippet":"max-snippet:-1","max-image-preview":"max-image-preview:large","max-video-preview":"max-video-preview:-1"},"canonical":"https:\/\/www.bullhorn.com\/de\/grid\/recruiting-trends\/","og_locale":"de_DE","og_type":"article","og_title":"GRID 2023 Recruiting-Trends-Report - Bullhorn DE","og_description":"Recruiting-Trends: Wichtige Einblicke und Prognosen f\u00fcr die Branche.","og_url":"https:\/\/www.bullhorn.com\/de\/grid\/recruiting-trends\/","og_site_name":"Bullhorn DE","article_publisher":"https:\/\/www.facebook.com\/Bullhorn\/","article_modified_time":"2024-09-23T14:33:52+00:00","og_image":[{"width":1200,"height":627,"url":"https:\/\/www.bullhorn.com\/de\/wp-content\/uploads\/sites\/7\/2023\/02\/DACH_GRID23_Social_Image3.jpg","type":"image\/jpeg"}],"twitter_card":"summary_large_image","twitter_site":"@Bullhorn","twitter_misc":{"Gesch\u00e4tzte Lesezeit":"1\u00a0Minute"},"schema":{"@context":"https:\/\/schema.org","@graph":[{"@type":"WebPage","@id":"https:\/\/www.bullhorn.com\/de\/grid\/recruiting-trends\/","url":"https:\/\/www.bullhorn.com\/de\/grid\/recruiting-trends\/","name":"GRID 2023 Recruiting-Trends-Report - Bullhorn DE","isPartOf":{"@id":"https:\/\/www.bullhorn.com\/de\/#website"},"primaryImageOfPage":{"@id":"https:\/\/www.bullhorn.com\/de\/grid\/recruiting-trends\/#primaryimage"},"image":{"@id":"https:\/\/www.bullhorn.com\/de\/grid\/recruiting-trends\/#primaryimage"},"thumbnailUrl":"https:\/\/www.bullhorn.com\/de\/wp-content\/uploads\/sites\/7\/2023\/02\/DACH_GRID23_Social_Image3.jpg","datePublished":"2023-02-08T17:36:23+00:00","dateModified":"2024-09-23T14:33:52+00:00","description":"Recruiting-Trends: Wichtige Einblicke und Prognosen f\u00fcr die Branche.","breadcrumb":{"@id":"https:\/\/www.bullhorn.com\/de\/grid\/recruiting-trends\/#breadcrumb"},"inLanguage":"de","potentialAction":[{"@type":"ReadAction","target":["https:\/\/www.bullhorn.com\/de\/grid\/recruiting-trends\/"]}]},{"@type":"ImageObject","inLanguage":"de","@id":"https:\/\/www.bullhorn.com\/de\/grid\/recruiting-trends\/#primaryimage","url":"https:\/\/www.bullhorn.com\/de\/wp-content\/uploads\/sites\/7\/2023\/02\/DACH_GRID23_Social_Image3.jpg","contentUrl":"https:\/\/www.bullhorn.com\/de\/wp-content\/uploads\/sites\/7\/2023\/02\/DACH_GRID23_Social_Image3.jpg","width":1200,"height":627},{"@type":"BreadcrumbList","@id":"https:\/\/www.bullhorn.com\/de\/grid\/recruiting-trends\/#breadcrumb","itemListElement":[{"@type":"ListItem","position":1,"name":"Home","item":"https:\/\/www.bullhorn.com\/de\/"},{"@type":"ListItem","position":2,"name":"GRID Home","item":"https:\/\/www.bullhorn.com\/de\/grid\/"},{"@type":"ListItem","position":3,"name":"GRID 2023 Recruiting-Trends-Report"}]},{"@type":"WebSite","@id":"https:\/\/www.bullhorn.com\/de\/#website","url":"https:\/\/www.bullhorn.com\/de\/","name":"Bullhorn DE","description":"Just another Bullhorn Sites site","publisher":{"@id":"https:\/\/www.bullhorn.com\/de\/#organization"},"potentialAction":[{"@type":"SearchAction","target":{"@type":"EntryPoint","urlTemplate":"https:\/\/www.bullhorn.com\/de\/?s={search_term_string}"},"query-input":{"@type":"PropertyValueSpecification","valueRequired":true,"valueName":"search_term_string"}}],"inLanguage":"de"},{"@type":"Organization","@id":"https:\/\/www.bullhorn.com\/de\/#organization","name":"Bullhorn","url":"https:\/\/www.bullhorn.com\/de\/","logo":{"@type":"ImageObject","inLanguage":"de","@id":"https:\/\/www.bullhorn.com\/de\/#\/schema\/logo\/image\/","url":"https:\/\/www.bullhorn.com\/de\/wp-content\/uploads\/sites\/7\/2021\/09\/og-img.png","contentUrl":"https:\/\/www.bullhorn.com\/de\/wp-content\/uploads\/sites\/7\/2021\/09\/og-img.png","width":1200,"height":628,"caption":"Bullhorn"},"image":{"@id":"https:\/\/www.bullhorn.com\/de\/#\/schema\/logo\/image\/"},"sameAs":["https:\/\/www.facebook.com\/Bullhorn\/","https:\/\/x.com\/Bullhorn","https:\/\/www.instagram.com\/lifeatbullhorn\/?hl=de","https:\/\/www.linkedin.com\/company\/bullhorn","https:\/\/www.youtube.com\/channel\/UC-Rgm5YxtoxsvlCHy6KW3Ug","https:\/\/en.wikipedia.org\/wiki\/Bullhorn,_Inc."]}]}},"grav_blocks":[{"acf_fc_layout":"content-icon-box","icon":"","icon_color":"green","icon_alignment":"left","background_shape":"","parallax_fx":false,"title":"","block_aria":"","content":"<h2 class=\"title-color-purple\">Was haben die Top-Personaldienstleister gemeinsam?<\/h2>\n<h3>Der diesj\u00e4hrige Bericht zeigt einige gemeinsame Trends bei den Unternehmen, die 2022 das h\u00f6chste Umsatzwachstum verzeichnen konnten.<\/h3>\n<div class=\"wistia_responsive_padding\" style=\"padding: 56.25% 0 0 0;position: relative\">\n<div class=\"wistia_responsive_wrapper\" style=\"height: 100%;left: 0;position: absolute;top: 0;width: 100%\"><span class=\"wistia_embed wistia_async_uz6f43jujp popover=true popoverAnimateThumbnail=true videoFoam=true\" style=\"height: 100%;position: relative;width: 100%\">\u00a0<\/span><\/div>\n<\/div>\n<p>&nbsp;<\/p>\n<h3>Die leistungsst\u00e4rksten Unternehmen verfolgten einen anderen Ansatz bei der Nutzung von Technologien, der Suche nach Kandidat:innen und der Einbindung ihrer Talentpools. Erfahren Sie mehr dar\u00fcber, was sie auszeichnet und erhalten Sie einen detaillierten Einblick in ihre Priorit\u00e4ten, Herausforderungen und Aussichten in der Branche.<\/h3>\n<p><a class=\"button button--magenta\" href=\"#banner\">Lesen Sie den Report<\/a><\/p>\n","links_title":"Related Products","links":false,"block_background":"block-bg-none","block_background_video_type":"url","block_background_video_url":"","block_background_video_file":false,"block_background_image":false,"block_background_overlay":false,"unique_id":"","block_option_custom_class":"","block_animate":true,"block_option_padding":[],"block_option_hide":[],"bg_lower_slant_color":"white"},{"acf_fc_layout":"card-grid","block_title":"","block_aria":"","block_subtitle":"","background_shape":"","background_shape_position":"left","parallax_fx":false,"title_position":"top","cards_bg_color":"","cards_border":false,"cards_per_row":"4","cards":[{"icon":"","icon_color":"green","line_title_with_icon":false,"inline_title":"","content":"<h3 class=\"title-color-purple\">Hier sind ein paar Dinge, die die leistungsst\u00e4rksten Unternehmen anders gemacht haben<\/h3>\n<div class=\"row\">\n<div class=\"container small-2\" style=\"margin: auto;text-align: center\">\n<h2 style=\"font-size: 6.5rem;color: #cc33cc\">2x<\/h2>\n<\/div>\n<div class=\"container small-9\">\n<h5><i class=\"fa-solid fa-arrow-right\"><\/i> so wahrscheinlich, Daten zu digitalisieren<\/h5>\n<h5><i class=\"fa-solid fa-arrow-right\"><\/i> so wahrscheinlich, Prozesse zu automatisieren<\/h5>\n<h5><i class=\"fa-solid fa-arrow-right\"><\/i> so wahrscheinlich, bei der Wiederbesetzung von Kandidat:innen neue Ma\u00dfst\u00e4be zu erreichen<\/h5>\n<\/div>\n<\/div>\n"},{"icon":"","icon_color":"green","line_title_with_icon":false,"inline_title":"","content":"<h3 class=\"title-color-purple\">Lesen Sie den diesj\u00e4hrigen Bericht, um mehr zu erfahren<\/h3>\n<h5><i class=\"fa-solid fa-arrow-right\"><\/i> Was die Top-Performer des letzten Jahres getan haben, um sich von der Konkurrenz abzusetzen<\/h5>\n<h5><i class=\"fa-solid fa-arrow-right\"><\/i> Warum die Neukundengewinnung zum ersten Mal seit sechs Jahren wieder oberste Priorit\u00e4t hat<\/h5>\n<h5><i class=\"fa-solid fa-arrow-right\"><\/i> Wie sich Personaldienstleister auf den anhaltenden Talentmangel einstellen<\/h5>\n"}],"block_background":"block-bg-none","block_background_video_type":"url","block_background_video_url":"","block_background_video_file":false,"block_background_image":false,"block_background_overlay":false,"unique_id":"","block_option_custom_class":"","block_animate":true,"block_option_padding":["block-options-padding-remove-bottom"],"block_option_hide":[],"bg_lower_slant_color":""},{"acf_fc_layout":"columns","block_title":"","block_aria":"","block_subtitle":"","format":"","enable_box_shadow":false,"columns":[{"type":"wysiwyg","wysiwyg":"<h2 class=\"title-color-purple\">\u00dcber den Bericht<\/h2>\n<h3>Unser 13. j\u00e4hrlicher Report enth\u00e4lt die bisher umfassendste Analyse der Personaldienstleistungs- und -vermittlungsbranche und umfasst Antworten von Unternehmen aller Gr\u00f6\u00dfen, Recruitmentformen und Branchen. Mehr als 2.000 Personaldienstleister aus der ganzen Welt haben an der diesj\u00e4hrigen Umfrage teilgenommen, davon \u00fcber 250 aus dem DACH-Raum.<\/h3>\n<p><a class=\"button button--magenta\" href=\"#banner\">Lesen Sie den Report<\/a><\/p>\n","accordion_open_first_section":false,"accordion_multiple_open_sections":false,"accordion_items":false,"icon_list_items":false}],"block_background":"block-bg-none","block_background_video_type":"url","block_background_video_url":"","block_background_video_file":false,"block_background_image":false,"block_background_overlay":false,"unique_id":"","block_option_custom_class":"","block_animate":false,"block_option_padding":["block-options-padding-add-extra"],"block_option_hide":[],"bg_lower_slant_color":""}],"_links":{"self":[{"href":"https:\/\/www.bullhorn.com\/de\/wp-json\/wp\/v2\/pages\/73068","targetHints":{"allow":["GET"]}}],"collection":[{"href":"https:\/\/www.bullhorn.com\/de\/wp-json\/wp\/v2\/pages"}],"about":[{"href":"https:\/\/www.bullhorn.com\/de\/wp-json\/wp\/v2\/types\/page"}],"author":[{"embeddable":true,"href":"https:\/\/www.bullhorn.com\/de\/wp-json\/wp\/v2\/users\/403"}],"replies":[{"embeddable":true,"href":"https:\/\/www.bullhorn.com\/de\/wp-json\/wp\/v2\/comments?post=73068"}],"version-history":[{"count":5,"href":"https:\/\/www.bullhorn.com\/de\/wp-json\/wp\/v2\/pages\/73068\/revisions"}],"predecessor-version":[{"id":73976,"href":"https:\/\/www.bullhorn.com\/de\/wp-json\/wp\/v2\/pages\/73068\/revisions\/73976"}],"up":[{"embeddable":true,"href":"https:\/\/www.bullhorn.com\/de\/wp-json\/wp\/v2\/pages\/73059"}],"wp:featuredmedia":[{"embeddable":true,"href":"https:\/\/www.bullhorn.com\/de\/wp-json\/wp\/v2\/media\/73209"}],"wp:attachment":[{"href":"https:\/\/www.bullhorn.com\/de\/wp-json\/wp\/v2\/media?parent=73068"}],"curies":[{"name":"wp","href":"https:\/\/api.w.org\/{rel}","templated":true}]}}