{"id":73523,"date":"2023-08-24T16:58:45","date_gmt":"2023-08-24T16:58:45","guid":{"rendered":"https:\/\/www.bullhorn.com\/de\/?page_id=73523"},"modified":"2023-12-11T08:49:45","modified_gmt":"2023-12-11T08:49:45","slug":"konjunkturindex-zeitarbeit-q2-2023","status":"publish","type":"page","link":"https:\/\/www.bullhorn.com\/de\/konjunkturindex-zeitarbeit-q2-2023\/","title":{"rendered":"Konjunkturindex Zeitarbeit 2. Quartal 2023"},"content":{"rendered":"","protected":false},"excerpt":{"rendered":"","protected":false},"author":403,"featured_media":73502,"parent":0,"menu_order":0,"comment_status":"closed","ping_status":"closed","template":"","meta":{"_acf_changed":false,"om_disable_all_campaigns":false},"class_list":["post-73523","page","type-page","status-publish","has-post-thumbnail","hentry"],"acf":[],"yoast_head":"<!-- This site is optimized with the Yoast SEO plugin v27.2 - https:\/\/yoast.com\/product\/yoast-seo-wordpress\/ -->\n<title>Konjunkturindex Zeitarbeit 2. Quartal 2023 - Bullhorn DE<\/title>\n<meta name=\"description\" content=\"Wie entwickelt sich der Markt f\u00fcr Zeitarbeit? Lesen Sie die spannendsten Erkenntnisse aus unserem Gemeinschaftsprojekt mit L\u00fcnendonk &amp; Hosenfelder GmbH hier.\" \/>\n<meta name=\"robots\" content=\"index, follow, max-snippet:-1, max-image-preview:large, max-video-preview:-1\" \/>\n<link rel=\"canonical\" href=\"https:\/\/www.bullhorn.com\/de\/konjunkturindex-zeitarbeit-q2-2023\/\" \/>\n<meta property=\"og:locale\" content=\"de_DE\" \/>\n<meta property=\"og:type\" content=\"article\" \/>\n<meta property=\"og:title\" content=\"Konjunkturindex Zeitarbeit 2. Quartal 2023 - Bullhorn DE\" \/>\n<meta property=\"og:description\" content=\"Wie entwickelt sich der Markt f\u00fcr Zeitarbeit? Lesen Sie die spannendsten Erkenntnisse aus unserem Gemeinschaftsprojekt mit L\u00fcnendonk &amp; Hosenfelder GmbH hier.\" \/>\n<meta property=\"og:url\" content=\"https:\/\/www.bullhorn.com\/de\/konjunkturindex-zeitarbeit-q2-2023\/\" \/>\n<meta property=\"og:site_name\" content=\"Bullhorn DE\" \/>\n<meta property=\"article:publisher\" content=\"https:\/\/www.facebook.com\/Bullhorn\/\" \/>\n<meta property=\"article:modified_time\" content=\"2023-12-11T08:49:45+00:00\" \/>\n<meta property=\"og:image\" content=\"https:\/\/www.bullhorn.com\/de\/wp-content\/uploads\/sites\/7\/2023\/08\/Luenendonk-Q1-Report.png\" \/>\n\t<meta property=\"og:image:width\" content=\"1279\" \/>\n\t<meta property=\"og:image:height\" content=\"720\" \/>\n\t<meta property=\"og:image:type\" content=\"image\/png\" \/>\n<meta name=\"twitter:card\" content=\"summary_large_image\" \/>\n<meta name=\"twitter:site\" content=\"@Bullhorn\" \/>\n<script type=\"application\/ld+json\" class=\"yoast-schema-graph\">{\"@context\":\"https:\/\/schema.org\",\"@graph\":[{\"@type\":\"WebPage\",\"@id\":\"https:\/\/www.bullhorn.com\/de\/konjunkturindex-zeitarbeit-q2-2023\/\",\"url\":\"https:\/\/www.bullhorn.com\/de\/konjunkturindex-zeitarbeit-q2-2023\/\",\"name\":\"Konjunkturindex Zeitarbeit 2. Quartal 2023 - Bullhorn DE\",\"isPartOf\":{\"@id\":\"https:\/\/www.bullhorn.com\/de\/#website\"},\"primaryImageOfPage\":{\"@id\":\"https:\/\/www.bullhorn.com\/de\/konjunkturindex-zeitarbeit-q2-2023\/#primaryimage\"},\"image\":{\"@id\":\"https:\/\/www.bullhorn.com\/de\/konjunkturindex-zeitarbeit-q2-2023\/#primaryimage\"},\"thumbnailUrl\":\"https:\/\/www.bullhorn.com\/de\/wp-content\/uploads\/sites\/7\/2023\/08\/Luenendonk-Q1-Report.png\",\"datePublished\":\"2023-08-24T16:58:45+00:00\",\"dateModified\":\"2023-12-11T08:49:45+00:00\",\"description\":\"Wie entwickelt sich der Markt f\u00fcr Zeitarbeit? Lesen Sie die spannendsten Erkenntnisse aus unserem Gemeinschaftsprojekt mit L\u00fcnendonk & Hosenfelder GmbH hier.\",\"breadcrumb\":{\"@id\":\"https:\/\/www.bullhorn.com\/de\/konjunkturindex-zeitarbeit-q2-2023\/#breadcrumb\"},\"inLanguage\":\"de\",\"potentialAction\":[{\"@type\":\"ReadAction\",\"target\":[\"https:\/\/www.bullhorn.com\/de\/konjunkturindex-zeitarbeit-q2-2023\/\"]}]},{\"@type\":\"ImageObject\",\"inLanguage\":\"de\",\"@id\":\"https:\/\/www.bullhorn.com\/de\/konjunkturindex-zeitarbeit-q2-2023\/#primaryimage\",\"url\":\"https:\/\/www.bullhorn.com\/de\/wp-content\/uploads\/sites\/7\/2023\/08\/Luenendonk-Q1-Report.png\",\"contentUrl\":\"https:\/\/www.bullhorn.com\/de\/wp-content\/uploads\/sites\/7\/2023\/08\/Luenendonk-Q1-Report.png\",\"width\":1279,\"height\":720},{\"@type\":\"BreadcrumbList\",\"@id\":\"https:\/\/www.bullhorn.com\/de\/konjunkturindex-zeitarbeit-q2-2023\/#breadcrumb\",\"itemListElement\":[{\"@type\":\"ListItem\",\"position\":1,\"name\":\"Home\",\"item\":\"https:\/\/www.bullhorn.com\/de\/\"},{\"@type\":\"ListItem\",\"position\":2,\"name\":\"Konjunkturindex Zeitarbeit 2. Quartal 2023\"}]},{\"@type\":\"WebSite\",\"@id\":\"https:\/\/www.bullhorn.com\/de\/#website\",\"url\":\"https:\/\/www.bullhorn.com\/de\/\",\"name\":\"Bullhorn DE\",\"description\":\"Just another Bullhorn Sites site\",\"publisher\":{\"@id\":\"https:\/\/www.bullhorn.com\/de\/#organization\"},\"potentialAction\":[{\"@type\":\"SearchAction\",\"target\":{\"@type\":\"EntryPoint\",\"urlTemplate\":\"https:\/\/www.bullhorn.com\/de\/?s={search_term_string}\"},\"query-input\":{\"@type\":\"PropertyValueSpecification\",\"valueRequired\":true,\"valueName\":\"search_term_string\"}}],\"inLanguage\":\"de\"},{\"@type\":\"Organization\",\"@id\":\"https:\/\/www.bullhorn.com\/de\/#organization\",\"name\":\"Bullhorn\",\"url\":\"https:\/\/www.bullhorn.com\/de\/\",\"logo\":{\"@type\":\"ImageObject\",\"inLanguage\":\"de\",\"@id\":\"https:\/\/www.bullhorn.com\/de\/#\/schema\/logo\/image\/\",\"url\":\"https:\/\/www.bullhorn.com\/de\/wp-content\/uploads\/sites\/7\/2021\/09\/og-img.png\",\"contentUrl\":\"https:\/\/www.bullhorn.com\/de\/wp-content\/uploads\/sites\/7\/2021\/09\/og-img.png\",\"width\":1200,\"height\":628,\"caption\":\"Bullhorn\"},\"image\":{\"@id\":\"https:\/\/www.bullhorn.com\/de\/#\/schema\/logo\/image\/\"},\"sameAs\":[\"https:\/\/www.facebook.com\/Bullhorn\/\",\"https:\/\/x.com\/Bullhorn\",\"https:\/\/www.instagram.com\/lifeatbullhorn\/?hl=de\",\"https:\/\/www.linkedin.com\/company\/bullhorn\",\"https:\/\/www.youtube.com\/channel\/UC-Rgm5YxtoxsvlCHy6KW3Ug\",\"https:\/\/en.wikipedia.org\/wiki\/Bullhorn,_Inc.\"]}]}<\/script>\n<!-- \/ Yoast SEO plugin. -->","yoast_head_json":{"title":"Konjunkturindex Zeitarbeit 2. Quartal 2023 - Bullhorn DE","description":"Wie entwickelt sich der Markt f\u00fcr Zeitarbeit? Lesen Sie die spannendsten Erkenntnisse aus unserem Gemeinschaftsprojekt mit L\u00fcnendonk & Hosenfelder GmbH hier.","robots":{"index":"index","follow":"follow","max-snippet":"max-snippet:-1","max-image-preview":"max-image-preview:large","max-video-preview":"max-video-preview:-1"},"canonical":"https:\/\/www.bullhorn.com\/de\/konjunkturindex-zeitarbeit-q2-2023\/","og_locale":"de_DE","og_type":"article","og_title":"Konjunkturindex Zeitarbeit 2. Quartal 2023 - Bullhorn DE","og_description":"Wie entwickelt sich der Markt f\u00fcr Zeitarbeit? Lesen Sie die spannendsten Erkenntnisse aus unserem Gemeinschaftsprojekt mit L\u00fcnendonk & Hosenfelder GmbH hier.","og_url":"https:\/\/www.bullhorn.com\/de\/konjunkturindex-zeitarbeit-q2-2023\/","og_site_name":"Bullhorn DE","article_publisher":"https:\/\/www.facebook.com\/Bullhorn\/","article_modified_time":"2023-12-11T08:49:45+00:00","og_image":[{"width":1279,"height":720,"url":"https:\/\/www.bullhorn.com\/de\/wp-content\/uploads\/sites\/7\/2023\/08\/Luenendonk-Q1-Report.png","type":"image\/png"}],"twitter_card":"summary_large_image","twitter_site":"@Bullhorn","schema":{"@context":"https:\/\/schema.org","@graph":[{"@type":"WebPage","@id":"https:\/\/www.bullhorn.com\/de\/konjunkturindex-zeitarbeit-q2-2023\/","url":"https:\/\/www.bullhorn.com\/de\/konjunkturindex-zeitarbeit-q2-2023\/","name":"Konjunkturindex Zeitarbeit 2. Quartal 2023 - Bullhorn DE","isPartOf":{"@id":"https:\/\/www.bullhorn.com\/de\/#website"},"primaryImageOfPage":{"@id":"https:\/\/www.bullhorn.com\/de\/konjunkturindex-zeitarbeit-q2-2023\/#primaryimage"},"image":{"@id":"https:\/\/www.bullhorn.com\/de\/konjunkturindex-zeitarbeit-q2-2023\/#primaryimage"},"thumbnailUrl":"https:\/\/www.bullhorn.com\/de\/wp-content\/uploads\/sites\/7\/2023\/08\/Luenendonk-Q1-Report.png","datePublished":"2023-08-24T16:58:45+00:00","dateModified":"2023-12-11T08:49:45+00:00","description":"Wie entwickelt sich der Markt f\u00fcr Zeitarbeit? Lesen Sie die spannendsten Erkenntnisse aus unserem Gemeinschaftsprojekt mit L\u00fcnendonk & Hosenfelder GmbH hier.","breadcrumb":{"@id":"https:\/\/www.bullhorn.com\/de\/konjunkturindex-zeitarbeit-q2-2023\/#breadcrumb"},"inLanguage":"de","potentialAction":[{"@type":"ReadAction","target":["https:\/\/www.bullhorn.com\/de\/konjunkturindex-zeitarbeit-q2-2023\/"]}]},{"@type":"ImageObject","inLanguage":"de","@id":"https:\/\/www.bullhorn.com\/de\/konjunkturindex-zeitarbeit-q2-2023\/#primaryimage","url":"https:\/\/www.bullhorn.com\/de\/wp-content\/uploads\/sites\/7\/2023\/08\/Luenendonk-Q1-Report.png","contentUrl":"https:\/\/www.bullhorn.com\/de\/wp-content\/uploads\/sites\/7\/2023\/08\/Luenendonk-Q1-Report.png","width":1279,"height":720},{"@type":"BreadcrumbList","@id":"https:\/\/www.bullhorn.com\/de\/konjunkturindex-zeitarbeit-q2-2023\/#breadcrumb","itemListElement":[{"@type":"ListItem","position":1,"name":"Home","item":"https:\/\/www.bullhorn.com\/de\/"},{"@type":"ListItem","position":2,"name":"Konjunkturindex Zeitarbeit 2. Quartal 2023"}]},{"@type":"WebSite","@id":"https:\/\/www.bullhorn.com\/de\/#website","url":"https:\/\/www.bullhorn.com\/de\/","name":"Bullhorn DE","description":"Just another Bullhorn Sites site","publisher":{"@id":"https:\/\/www.bullhorn.com\/de\/#organization"},"potentialAction":[{"@type":"SearchAction","target":{"@type":"EntryPoint","urlTemplate":"https:\/\/www.bullhorn.com\/de\/?s={search_term_string}"},"query-input":{"@type":"PropertyValueSpecification","valueRequired":true,"valueName":"search_term_string"}}],"inLanguage":"de"},{"@type":"Organization","@id":"https:\/\/www.bullhorn.com\/de\/#organization","name":"Bullhorn","url":"https:\/\/www.bullhorn.com\/de\/","logo":{"@type":"ImageObject","inLanguage":"de","@id":"https:\/\/www.bullhorn.com\/de\/#\/schema\/logo\/image\/","url":"https:\/\/www.bullhorn.com\/de\/wp-content\/uploads\/sites\/7\/2021\/09\/og-img.png","contentUrl":"https:\/\/www.bullhorn.com\/de\/wp-content\/uploads\/sites\/7\/2021\/09\/og-img.png","width":1200,"height":628,"caption":"Bullhorn"},"image":{"@id":"https:\/\/www.bullhorn.com\/de\/#\/schema\/logo\/image\/"},"sameAs":["https:\/\/www.facebook.com\/Bullhorn\/","https:\/\/x.com\/Bullhorn","https:\/\/www.instagram.com\/lifeatbullhorn\/?hl=de","https:\/\/www.linkedin.com\/company\/bullhorn","https:\/\/www.youtube.com\/channel\/UC-Rgm5YxtoxsvlCHy6KW3Ug","https:\/\/en.wikipedia.org\/wiki\/Bullhorn,_Inc."]}]}},"grav_blocks":[{"acf_fc_layout":"content-icon-box","icon":"","icon_color":"green","icon_alignment":"left","background_shape":"","parallax_fx":false,"title":"","block_aria":"","content":"<h2>Zeitarbeitsunternehmen mit ged\u00e4mpften Umsatzsteigerungen im 2. Quartal<\/h2>\n<h3>Nach einem starken ersten Quartal ist das durchschnittliche Umsatzwachstum im zweiten Quartal 2023 in der Zeitarbeitsbranche von 9,2 % auf 5,8 % gesunken.<\/h3>\n<h3>F\u00fcr das dritte Quartal erwarten die befragten Zeitarbeitsunternehmen hingegen wieder eine positive Entwicklung: Demnach soll das Umsatzwachstum auf 9,9 % steigen.<\/h3>\n<p><img loading=\"lazy\" decoding=\"async\" class=\"alignnone wp-image-73504 size-large\" src=\"https:\/\/www.bullhorn.com\/de\/wp-content\/uploads\/sites\/7\/2023\/08\/LueQ1_Image1-1024x577.png\" alt=\"\" width=\"1024\" height=\"577\" srcset=\"https:\/\/www.bullhorn.com\/de\/wp-content\/uploads\/sites\/7\/2023\/08\/LueQ1_Image1-1024x577.png 1024w, https:\/\/www.bullhorn.com\/de\/wp-content\/uploads\/sites\/7\/2023\/08\/LueQ1_Image1-300x169.png 300w, https:\/\/www.bullhorn.com\/de\/wp-content\/uploads\/sites\/7\/2023\/08\/LueQ1_Image1-768x433.png 768w, https:\/\/www.bullhorn.com\/de\/wp-content\/uploads\/sites\/7\/2023\/08\/LueQ1_Image1.png 1279w\" sizes=\"auto, (max-width: 1024px) 100vw, 1024px\" \/><\/p>\n<p><a class=\"button button--orange\" href=\"\/de\/vielen-dank-fur-ihr-interesse-am-lunendonk-konjunkturindex-q2\/\">Jetzt Konjunkturindex Zeitarbeit herunterladen<\/a><\/p>\n","links_title":"Related Products","links":false,"block_background":"block-bg-none","block_background_video_type":"url","block_background_video_url":"","block_background_video_file":false,"block_background_image":false,"block_background_overlay":false,"unique_id":"","block_option_custom_class":"","block_animate":true,"block_option_padding":[],"block_option_hide":[],"bg_lower_slant_color":"white"},{"acf_fc_layout":"card-grid","block_title":"","block_aria":"","block_subtitle":"","background_shape":"","background_shape_position":"left","parallax_fx":false,"title_position":"top","cards_bg_color":"","cards_border":false,"cards_per_row":"4","cards":[{"icon":"","icon_color":"green","line_title_with_icon":false,"inline_title":"","content":"<h3>Die h\u00f6chsten Umsatzzuw\u00e4chse zeigen Zeitarbeitsunternehmen<\/h3>\n<div class=\"row\">\n<div class=\"container small-3\" style=\"margin: auto; text-align: center;\">\n<h2 style=\"color: #1995d3;\">+14,6 %<\/h2>\n<\/div>\n<div class=\"container small-8\">\n<h5><i class=\"fa-solid fa-arrow-right\"><\/i> mit einem Fokus auf das Gesundheitswesen (+14,6 %) und<\/h5>\n<h5><i class=\"fa-solid fa-arrow-right\"><\/i> Anbieter von hoch qualifiziertem Personal (Akademiker:innen oder Fachkr\u00e4fte mit Berufsausbildung, +12,6%)<\/h5>\n<\/div>\n<\/div>\n"},{"icon":"","icon_color":"green","line_title_with_icon":false,"inline_title":"","content":"<h3>Die gr\u00f6\u00dften Herausforderungen f\u00fcr Zeitarbeitsunternehmen:<\/h3>\n<h5><i class=\"fa-solid fa-arrow-right\"><\/i> Personal- und Fachkr\u00e4ftemangel (69%)<\/h5>\n<h5><i class=\"fa-solid fa-arrow-right\"><\/i> Zur\u00fcckhaltende Auftragslage (16%)<\/h5>\n<h5><i class=\"fa-solid fa-arrow-right\"><\/i> Qualit\u00e4t und Motivation der ZA (6%)<\/h5>\n"}],"block_background":"block-bg-none","block_background_video_type":"url","block_background_video_url":"","block_background_video_file":false,"block_background_image":false,"block_background_overlay":false,"unique_id":"","block_option_custom_class":"","block_animate":true,"block_option_padding":["block-options-padding-remove-bottom"],"block_option_hide":[],"bg_lower_slant_color":""},{"acf_fc_layout":"columns","block_title":"","block_aria":"","block_subtitle":"","format":"","enable_box_shadow":false,"columns":[{"type":"wysiwyg","wysiwyg":"<h2>\u00dcber den Konjunkturindex Zeitarbeit<\/h2>\n<h3>Der vorliegende Report ist ein Gemeinschaftsprojekt von Bullhorn mit L\u00fcnendonk &amp; Hossenfelder. Der Konjunkturindex wird viermal im Jahr erhoben und zeigt aktuelle Zahlen, Daten und Fakten zur Entwicklung des Zeitarbeitsmarktes. Die vorliegenden Daten basieren auf den Angaben von 130 Zeitarbeitsunternehmen im Befragungszeitraum 6.-20. Juli 2023.<\/h3>\n<p><a class=\"button button--orange\" href=\"\/de\/vielen-dank-fur-ihr-interesse-am-lunendonk-konjunkturindex-q2\/\">Jetzt Konjunkturindex Zeitarbeit herunterladen<\/a><\/p>\n","accordion_open_first_section":false,"accordion_multiple_open_sections":false,"accordion_items":false,"icon_list_items":false}],"block_background":"block-bg-none","block_background_video_type":"url","block_background_video_url":"","block_background_video_file":false,"block_background_image":false,"block_background_overlay":false,"unique_id":"","block_option_custom_class":"","block_animate":false,"block_option_padding":["block-options-padding-add-extra"],"block_option_hide":[],"bg_lower_slant_color":""},{"acf_fc_layout":"content-media","media_type":"image","image":{"ID":73502,"id":73502,"title":"L\u00fcnendonk Q1 Report","filename":"Luenendonk-Q1-Report.png","filesize":989878,"url":"https:\/\/www.bullhorn.com\/de\/wp-content\/uploads\/sites\/7\/2023\/08\/Luenendonk-Q1-Report.png","link":"https:\/\/www.bullhorn.com\/de\/konjunkturindex-zeitarbeit-q1-2023\/luenendonk-q1-report\/","alt":"","author":"481","description":"","caption":"","name":"luenendonk-q1-report","status":"inherit","uploaded_to":73492,"date":"2023-08-22 12:37:02","modified":"2023-08-22 12:37:02","menu_order":0,"mime_type":"image\/png","type":"image","subtype":"png","icon":"https:\/\/www.bullhorn.com\/de\/wp-includes\/images\/media\/default.png","width":1279,"height":720,"sizes":{"thumbnail":"https:\/\/www.bullhorn.com\/de\/wp-content\/uploads\/sites\/7\/2023\/08\/Luenendonk-Q1-Report-150x150.png","thumbnail-width":150,"thumbnail-height":150,"medium":"https:\/\/www.bullhorn.com\/de\/wp-content\/uploads\/sites\/7\/2023\/08\/Luenendonk-Q1-Report-300x169.png","medium-width":300,"medium-height":169,"medium_large":"https:\/\/www.bullhorn.com\/de\/wp-content\/uploads\/sites\/7\/2023\/08\/Luenendonk-Q1-Report-768x432.png","medium_large-width":768,"medium_large-height":432,"large":"https:\/\/www.bullhorn.com\/de\/wp-content\/uploads\/sites\/7\/2023\/08\/Luenendonk-Q1-Report-1024x576.png","large-width":1024,"large-height":576,"1536x1536":"https:\/\/www.bullhorn.com\/de\/wp-content\/uploads\/sites\/7\/2023\/08\/Luenendonk-Q1-Report.png","1536x1536-width":1279,"1536x1536-height":720,"2048x2048":"https:\/\/www.bullhorn.com\/de\/wp-content\/uploads\/sites\/7\/2023\/08\/Luenendonk-Q1-Report.png","2048x2048-width":1279,"2048x2048-height":720,"post-thumbnail":"https:\/\/www.bullhorn.com\/de\/wp-content\/uploads\/sites\/7\/2023\/08\/Luenendonk-Q1-Report-300x300.png","post-thumbnail-width":300,"post-thumbnail-height":300,"small":"https:\/\/www.bullhorn.com\/de\/wp-content\/uploads\/sites\/7\/2023\/08\/Luenendonk-Q1-Report-300x169.png","small-width":300,"small-height":169,"xlarge":"https:\/\/www.bullhorn.com\/de\/wp-content\/uploads\/sites\/7\/2023\/08\/Luenendonk-Q1-Report.png","xlarge-width":1279,"xlarge-height":720,"insight-of-the-week":"https:\/\/www.bullhorn.com\/de\/wp-content\/uploads\/sites\/7\/2023\/08\/Luenendonk-Q1-Report.png","insight-of-the-week-width":567,"insight-of-the-week-height":319,"insight-icons":"https:\/\/www.bullhorn.com\/de\/wp-content\/uploads\/sites\/7\/2023\/08\/Luenendonk-Q1-Report.png","insight-icons-width":83,"insight-icons-height":47,"insight-research-image":"https:\/\/www.bullhorn.com\/de\/wp-content\/uploads\/sites\/7\/2023\/08\/Luenendonk-Q1-Report.png","insight-research-image-width":362,"insight-research-image-height":204,"insight-featured-articles-thumbnail":"https:\/\/www.bullhorn.com\/de\/wp-content\/uploads\/sites\/7\/2023\/08\/Luenendonk-Q1-Report.png","insight-featured-articles-thumbnail-width":291,"insight-featured-articles-thumbnail-height":164,"insight-logo":"https:\/\/www.bullhorn.com\/de\/wp-content\/uploads\/sites\/7\/2023\/08\/Luenendonk-Q1-Report.png","insight-logo-width":316,"insight-logo-height":178}},"video_url":"","embed_code":"","image_placement":"left","image_size":"4","image_box_shadow":false,"background_shape":"","background_shape_position":"left","parallax_fx":false,"block_aria":"","link_type":"none","link_page":null,"link_url":"","link_file":false,"link_video":"","link_aria":"","content":"<h3>Sie w\u00fcnschen Sich weitere Daten zur Entwicklung in der Zeitarbeitsbranche? Kein Problem!<\/h3>\n<p><a href=\"https:\/\/www.bullhorn.com\/de\/konjunkturindex-zeitarbeit-q1-2023\/\">Hier<\/a> geht\u2019s zum Konjunkturindex Zeitarbeit im 1. Quartal 2023.<\/p>\n<p>Au\u00dferdem <a href=\"https:\/\/schedule.qualified.com\/fT1MhxS\">stehen unsere Expert:innen gerne f\u00fcr Sie zur Verf\u00fcgung,<\/a> wenn Sie R\u00fcckfragen haben und \u00fcber die Entwicklungen im Markt sprechen wollen.<\/p>\n","block_background":"block-bg-none","block_background_video_type":"url","block_background_video_url":"","block_background_video_file":false,"block_background_image":false,"block_background_overlay":false,"unique_id":"","block_option_custom_class":"","block_animate":false,"block_option_padding":[],"block_option_hide":[]}],"_links":{"self":[{"href":"https:\/\/www.bullhorn.com\/de\/wp-json\/wp\/v2\/pages\/73523","targetHints":{"allow":["GET"]}}],"collection":[{"href":"https:\/\/www.bullhorn.com\/de\/wp-json\/wp\/v2\/pages"}],"about":[{"href":"https:\/\/www.bullhorn.com\/de\/wp-json\/wp\/v2\/types\/page"}],"author":[{"embeddable":true,"href":"https:\/\/www.bullhorn.com\/de\/wp-json\/wp\/v2\/users\/403"}],"replies":[{"embeddable":true,"href":"https:\/\/www.bullhorn.com\/de\/wp-json\/wp\/v2\/comments?post=73523"}],"version-history":[{"count":5,"href":"https:\/\/www.bullhorn.com\/de\/wp-json\/wp\/v2\/pages\/73523\/revisions"}],"predecessor-version":[{"id":73906,"href":"https:\/\/www.bullhorn.com\/de\/wp-json\/wp\/v2\/pages\/73523\/revisions\/73906"}],"wp:featuredmedia":[{"embeddable":true,"href":"https:\/\/www.bullhorn.com\/de\/wp-json\/wp\/v2\/media\/73502"}],"wp:attachment":[{"href":"https:\/\/www.bullhorn.com\/de\/wp-json\/wp\/v2\/media?parent=73523"}],"curies":[{"name":"wp","href":"https:\/\/api.w.org\/{rel}","templated":true}]}}