{"id":73727,"date":"2023-11-01T18:18:11","date_gmt":"2023-11-01T18:18:11","guid":{"rendered":"https:\/\/www.bullhorn.com\/de\/grid-2023-talent-trends\/"},"modified":"2024-09-23T14:16:36","modified_gmt":"2024-09-23T14:16:36","slug":"2023-dach-talent-report","status":"publish","type":"page","link":"https:\/\/www.bullhorn.com\/de\/grid\/2023-dach-talent-report\/","title":{"rendered":"GRID 2023 Talent-Trends-Report"},"content":{"rendered":"","protected":false},"excerpt":{"rendered":"","protected":false},"author":403,"featured_media":0,"parent":73059,"menu_order":0,"comment_status":"closed","ping_status":"closed","template":"templates\/page-grid.php","meta":{"_acf_changed":false,"om_disable_all_campaigns":false},"class_list":["post-73727","page","type-page","status-publish","hentry"],"acf":[],"yoast_head":"<!-- This site is optimized with the Yoast SEO plugin v27.2 - https:\/\/yoast.com\/product\/yoast-seo-wordpress\/ -->\n<title>GRID 2023 Talent-Trends-Report - Bullhorn DE<\/title>\n<meta name=\"description\" content=\"2023 DACH Talent Report: Die neuesten Erkenntnisse zum Talentmarkt.\" \/>\n<meta name=\"robots\" content=\"index, follow, max-snippet:-1, max-image-preview:large, max-video-preview:-1\" \/>\n<link rel=\"canonical\" href=\"https:\/\/www.bullhorn.com\/de\/grid\/2023-dach-talent-report\/\" \/>\n<meta property=\"og:locale\" content=\"de_DE\" \/>\n<meta property=\"og:type\" content=\"article\" \/>\n<meta property=\"og:title\" content=\"GRID 2023 Talent-Trends-Report - Bullhorn DE\" \/>\n<meta property=\"og:description\" content=\"2023 DACH Talent Report: Die neuesten Erkenntnisse zum Talentmarkt.\" \/>\n<meta property=\"og:url\" content=\"https:\/\/www.bullhorn.com\/de\/grid\/2023-dach-talent-report\/\" \/>\n<meta property=\"og:site_name\" content=\"Bullhorn DE\" \/>\n<meta property=\"article:publisher\" content=\"https:\/\/www.facebook.com\/Bullhorn\/\" \/>\n<meta property=\"article:modified_time\" content=\"2024-09-23T14:16:36+00:00\" \/>\n<meta name=\"twitter:card\" content=\"summary_large_image\" \/>\n<meta name=\"twitter:site\" content=\"@Bullhorn\" \/>\n<script type=\"application\/ld+json\" class=\"yoast-schema-graph\">{\"@context\":\"https:\/\/schema.org\",\"@graph\":[{\"@type\":\"WebPage\",\"@id\":\"https:\/\/www.bullhorn.com\/de\/grid\/2023-dach-talent-report\/\",\"url\":\"https:\/\/www.bullhorn.com\/de\/grid\/2023-dach-talent-report\/\",\"name\":\"GRID 2023 Talent-Trends-Report - Bullhorn DE\",\"isPartOf\":{\"@id\":\"https:\/\/www.bullhorn.com\/de\/#website\"},\"datePublished\":\"2023-11-01T18:18:11+00:00\",\"dateModified\":\"2024-09-23T14:16:36+00:00\",\"description\":\"2023 DACH Talent Report: Die neuesten Erkenntnisse zum Talentmarkt.\",\"breadcrumb\":{\"@id\":\"https:\/\/www.bullhorn.com\/de\/grid\/2023-dach-talent-report\/#breadcrumb\"},\"inLanguage\":\"de\",\"potentialAction\":[{\"@type\":\"ReadAction\",\"target\":[\"https:\/\/www.bullhorn.com\/de\/grid\/2023-dach-talent-report\/\"]}]},{\"@type\":\"BreadcrumbList\",\"@id\":\"https:\/\/www.bullhorn.com\/de\/grid\/2023-dach-talent-report\/#breadcrumb\",\"itemListElement\":[{\"@type\":\"ListItem\",\"position\":1,\"name\":\"Home\",\"item\":\"https:\/\/www.bullhorn.com\/de\/\"},{\"@type\":\"ListItem\",\"position\":2,\"name\":\"GRID Home\",\"item\":\"https:\/\/www.bullhorn.com\/de\/grid\/\"},{\"@type\":\"ListItem\",\"position\":3,\"name\":\"GRID 2023 Talent-Trends-Report\"}]},{\"@type\":\"WebSite\",\"@id\":\"https:\/\/www.bullhorn.com\/de\/#website\",\"url\":\"https:\/\/www.bullhorn.com\/de\/\",\"name\":\"Bullhorn DE\",\"description\":\"Just another Bullhorn Sites site\",\"publisher\":{\"@id\":\"https:\/\/www.bullhorn.com\/de\/#organization\"},\"potentialAction\":[{\"@type\":\"SearchAction\",\"target\":{\"@type\":\"EntryPoint\",\"urlTemplate\":\"https:\/\/www.bullhorn.com\/de\/?s={search_term_string}\"},\"query-input\":{\"@type\":\"PropertyValueSpecification\",\"valueRequired\":true,\"valueName\":\"search_term_string\"}}],\"inLanguage\":\"de\"},{\"@type\":\"Organization\",\"@id\":\"https:\/\/www.bullhorn.com\/de\/#organization\",\"name\":\"Bullhorn\",\"url\":\"https:\/\/www.bullhorn.com\/de\/\",\"logo\":{\"@type\":\"ImageObject\",\"inLanguage\":\"de\",\"@id\":\"https:\/\/www.bullhorn.com\/de\/#\/schema\/logo\/image\/\",\"url\":\"https:\/\/www.bullhorn.com\/de\/wp-content\/uploads\/sites\/7\/2021\/09\/og-img.png\",\"contentUrl\":\"https:\/\/www.bullhorn.com\/de\/wp-content\/uploads\/sites\/7\/2021\/09\/og-img.png\",\"width\":1200,\"height\":628,\"caption\":\"Bullhorn\"},\"image\":{\"@id\":\"https:\/\/www.bullhorn.com\/de\/#\/schema\/logo\/image\/\"},\"sameAs\":[\"https:\/\/www.facebook.com\/Bullhorn\/\",\"https:\/\/x.com\/Bullhorn\",\"https:\/\/www.instagram.com\/lifeatbullhorn\/?hl=de\",\"https:\/\/www.linkedin.com\/company\/bullhorn\",\"https:\/\/www.youtube.com\/channel\/UC-Rgm5YxtoxsvlCHy6KW3Ug\",\"https:\/\/en.wikipedia.org\/wiki\/Bullhorn,_Inc.\"]}]}<\/script>\n<!-- \/ Yoast SEO plugin. -->","yoast_head_json":{"title":"GRID 2023 Talent-Trends-Report - Bullhorn DE","description":"2023 DACH Talent Report: Die neuesten Erkenntnisse zum Talentmarkt.","robots":{"index":"index","follow":"follow","max-snippet":"max-snippet:-1","max-image-preview":"max-image-preview:large","max-video-preview":"max-video-preview:-1"},"canonical":"https:\/\/www.bullhorn.com\/de\/grid\/2023-dach-talent-report\/","og_locale":"de_DE","og_type":"article","og_title":"GRID 2023 Talent-Trends-Report - Bullhorn DE","og_description":"2023 DACH Talent Report: Die neuesten Erkenntnisse zum Talentmarkt.","og_url":"https:\/\/www.bullhorn.com\/de\/grid\/2023-dach-talent-report\/","og_site_name":"Bullhorn DE","article_publisher":"https:\/\/www.facebook.com\/Bullhorn\/","article_modified_time":"2024-09-23T14:16:36+00:00","twitter_card":"summary_large_image","twitter_site":"@Bullhorn","schema":{"@context":"https:\/\/schema.org","@graph":[{"@type":"WebPage","@id":"https:\/\/www.bullhorn.com\/de\/grid\/2023-dach-talent-report\/","url":"https:\/\/www.bullhorn.com\/de\/grid\/2023-dach-talent-report\/","name":"GRID 2023 Talent-Trends-Report - Bullhorn DE","isPartOf":{"@id":"https:\/\/www.bullhorn.com\/de\/#website"},"datePublished":"2023-11-01T18:18:11+00:00","dateModified":"2024-09-23T14:16:36+00:00","description":"2023 DACH Talent Report: Die neuesten Erkenntnisse zum Talentmarkt.","breadcrumb":{"@id":"https:\/\/www.bullhorn.com\/de\/grid\/2023-dach-talent-report\/#breadcrumb"},"inLanguage":"de","potentialAction":[{"@type":"ReadAction","target":["https:\/\/www.bullhorn.com\/de\/grid\/2023-dach-talent-report\/"]}]},{"@type":"BreadcrumbList","@id":"https:\/\/www.bullhorn.com\/de\/grid\/2023-dach-talent-report\/#breadcrumb","itemListElement":[{"@type":"ListItem","position":1,"name":"Home","item":"https:\/\/www.bullhorn.com\/de\/"},{"@type":"ListItem","position":2,"name":"GRID Home","item":"https:\/\/www.bullhorn.com\/de\/grid\/"},{"@type":"ListItem","position":3,"name":"GRID 2023 Talent-Trends-Report"}]},{"@type":"WebSite","@id":"https:\/\/www.bullhorn.com\/de\/#website","url":"https:\/\/www.bullhorn.com\/de\/","name":"Bullhorn DE","description":"Just another Bullhorn Sites site","publisher":{"@id":"https:\/\/www.bullhorn.com\/de\/#organization"},"potentialAction":[{"@type":"SearchAction","target":{"@type":"EntryPoint","urlTemplate":"https:\/\/www.bullhorn.com\/de\/?s={search_term_string}"},"query-input":{"@type":"PropertyValueSpecification","valueRequired":true,"valueName":"search_term_string"}}],"inLanguage":"de"},{"@type":"Organization","@id":"https:\/\/www.bullhorn.com\/de\/#organization","name":"Bullhorn","url":"https:\/\/www.bullhorn.com\/de\/","logo":{"@type":"ImageObject","inLanguage":"de","@id":"https:\/\/www.bullhorn.com\/de\/#\/schema\/logo\/image\/","url":"https:\/\/www.bullhorn.com\/de\/wp-content\/uploads\/sites\/7\/2021\/09\/og-img.png","contentUrl":"https:\/\/www.bullhorn.com\/de\/wp-content\/uploads\/sites\/7\/2021\/09\/og-img.png","width":1200,"height":628,"caption":"Bullhorn"},"image":{"@id":"https:\/\/www.bullhorn.com\/de\/#\/schema\/logo\/image\/"},"sameAs":["https:\/\/www.facebook.com\/Bullhorn\/","https:\/\/x.com\/Bullhorn","https:\/\/www.instagram.com\/lifeatbullhorn\/?hl=de","https:\/\/www.linkedin.com\/company\/bullhorn","https:\/\/www.youtube.com\/channel\/UC-Rgm5YxtoxsvlCHy6KW3Ug","https:\/\/en.wikipedia.org\/wiki\/Bullhorn,_Inc."]}]}},"grav_blocks":[{"acf_fc_layout":"card-grid","block_title":"","block_aria":"","block_subtitle":"","background_shape":"","background_shape_position":"left","parallax_fx":false,"title_position":"top","cards_bg_color":"","cards_border":false,"cards_per_row":"4","cards":[{"icon":"","icon_color":"green","line_title_with_icon":false,"inline_title":"","content":"<h3 class=\"title-color-purple\">Hier sehen Sie einige Highlights aus dem diesj\u00e4hrigen Bericht<\/h3>\n<h5><i class=\"fa-solid fa-arrow-right\"><\/i> <strong>64% der Befragten beendeten<\/strong> die Zusammenarbeit mit einer Personaldienstleistung, weil der Prozess zu lange dauerte<\/h5>\n<h5><i class=\"fa-solid fa-arrow-right\"><\/i> Knapp zwei Drittel der Kandidat:innen erwarten innerhalb von 4 Wochen vermittelt zu werden<\/h5>\n<h5><i class=\"fa-solid fa-arrow-right\"><\/i> Etwas <strong>mehr als die H\u00e4lfte der Befragten<\/strong> w\u00e4hlte einen Personaldienstleister aufgrund positiver Erfahrungen in der Vergangenheit<\/h5>\n"},{"icon":"","icon_color":"green","line_title_with_icon":false,"inline_title":"","content":"<h3 class=\"title-color-purple\">Weitere Erkenntnisse aus dem Report<\/h3>\n<h5><i class=\"fa-solid fa-arrow-right\"><\/i> Wie Technologie Ihnen helfen kann, Talente zu binden und Loyalit\u00e4t aufzubauen<\/h5>\n<h5><i class=\"fa-solid fa-arrow-right\"><\/i> Wie Automatisierung administrative Aufgaben vereinfachen kann<\/h5>\n<h5><i class=\"fa-solid fa-arrow-right\"><\/i> Warum Recruiter sich auf die menschlichen Aspekte des Candidate Engagements konzentrieren sollten<\/h5>\n"}],"block_background":"block-bg-none","block_background_video_type":"url","block_background_video_url":"","block_background_video_file":false,"block_background_image":false,"block_background_overlay":false,"unique_id":"","block_option_custom_class":"","block_animate":false,"block_option_padding":[],"block_option_hide":[],"bg_lower_slant_color":""},{"acf_fc_layout":"columns","block_title":"","block_aria":"","block_subtitle":"","format":"","enable_box_shadow":true,"columns":[{"type":"wysiwyg","wysiwyg":"<h2 class=\"title-color-purple\">\u00dcber diesen Report<\/h2>\n<h3>Unser j\u00e4hrlicher Report enth\u00e4lt unsere umfassendste Analyse des heutigen Kandidatenpools. An der diesj\u00e4hrigen Umfrage beteiligten sich \u00fcber 1.000 globale Zeitarbeitskr\u00e4fte aus der ganzen Welt, daraus \u00fcber 200 aus dem DACH-Raum.<\/h3>\n<p><a class=\"button button--magenta\" href=\"#banner\">Report und Folien herunterladen<\/a><\/p>\n","accordion_open_first_section":false,"accordion_multiple_open_sections":false,"accordion_items":false,"icon_list_items":false}],"block_background":"block-bg-none","block_background_video_type":"url","block_background_video_url":"","block_background_video_file":false,"block_background_image":false,"block_background_overlay":false,"unique_id":"","block_option_custom_class":"","block_animate":false,"block_option_padding":[],"block_option_hide":[],"bg_lower_slant_color":""}],"_links":{"self":[{"href":"https:\/\/www.bullhorn.com\/de\/wp-json\/wp\/v2\/pages\/73727","targetHints":{"allow":["GET"]}}],"collection":[{"href":"https:\/\/www.bullhorn.com\/de\/wp-json\/wp\/v2\/pages"}],"about":[{"href":"https:\/\/www.bullhorn.com\/de\/wp-json\/wp\/v2\/types\/page"}],"author":[{"embeddable":true,"href":"https:\/\/www.bullhorn.com\/de\/wp-json\/wp\/v2\/users\/403"}],"replies":[{"embeddable":true,"href":"https:\/\/www.bullhorn.com\/de\/wp-json\/wp\/v2\/comments?post=73727"}],"version-history":[{"count":6,"href":"https:\/\/www.bullhorn.com\/de\/wp-json\/wp\/v2\/pages\/73727\/revisions"}],"predecessor-version":[{"id":73798,"href":"https:\/\/www.bullhorn.com\/de\/wp-json\/wp\/v2\/pages\/73727\/revisions\/73798"}],"up":[{"embeddable":true,"href":"https:\/\/www.bullhorn.com\/de\/wp-json\/wp\/v2\/pages\/73059"}],"wp:attachment":[{"href":"https:\/\/www.bullhorn.com\/de\/wp-json\/wp\/v2\/media?parent=73727"}],"curies":[{"name":"wp","href":"https:\/\/api.w.org\/{rel}","templated":true}]}}