{"id":74171,"date":"2024-02-21T19:10:36","date_gmt":"2024-02-21T19:10:36","guid":{"rendered":"https:\/\/www.bullhorn.com\/de\/2024-industry-trends\/"},"modified":"2025-01-13T14:14:38","modified_gmt":"2025-01-13T14:14:38","slug":"2024-recruiting-trends","status":"publish","type":"page","link":"https:\/\/www.bullhorn.com\/de\/grid\/2024-recruiting-trends\/","title":{"rendered":"2024 Industry Trends"},"content":{"rendered":"","protected":false},"excerpt":{"rendered":"","protected":false},"author":403,"featured_media":74205,"parent":73059,"menu_order":0,"comment_status":"closed","ping_status":"closed","template":"templates\/page-grid.php","meta":{"_acf_changed":false,"om_disable_all_campaigns":false},"class_list":["post-74171","page","type-page","status-publish","has-post-thumbnail","hentry"],"acf":[],"yoast_head":"<!-- This site is optimized with the Yoast SEO plugin v27.2 - https:\/\/yoast.com\/product\/yoast-seo-wordpress\/ -->\n<title>2024 Industry Trends - Bullhorn DE<\/title>\n<meta name=\"description\" content=\"Recruiting-Trends 2024: Wichtige Entwicklungen und Ausblicke.\" \/>\n<meta name=\"robots\" content=\"index, follow, max-snippet:-1, max-image-preview:large, max-video-preview:-1\" \/>\n<link rel=\"canonical\" href=\"https:\/\/www.bullhorn.com\/de\/grid\/2024-recruiting-trends\/\" \/>\n<meta property=\"og:locale\" content=\"de_DE\" \/>\n<meta property=\"og:type\" content=\"article\" \/>\n<meta property=\"og:title\" content=\"2024 Industry Trends - Bullhorn DE\" \/>\n<meta property=\"og:description\" content=\"Recruiting-Trends 2024: Wichtige Entwicklungen und Ausblicke.\" \/>\n<meta property=\"og:url\" content=\"https:\/\/www.bullhorn.com\/de\/grid\/2024-recruiting-trends\/\" \/>\n<meta property=\"og:site_name\" content=\"Bullhorn DE\" \/>\n<meta property=\"article:publisher\" content=\"https:\/\/www.facebook.com\/Bullhorn\/\" \/>\n<meta property=\"article:modified_time\" content=\"2025-01-13T14:14:38+00:00\" \/>\n<meta property=\"og:image\" content=\"https:\/\/www.bullhorn.com\/de\/wp-content\/uploads\/sites\/7\/2024\/02\/GRID_Industry_Report24_Social-Cards1_V2DACH.jpg\" \/>\n\t<meta property=\"og:image:width\" content=\"1200\" \/>\n\t<meta property=\"og:image:height\" content=\"627\" \/>\n\t<meta property=\"og:image:type\" content=\"image\/jpeg\" \/>\n<meta name=\"twitter:card\" content=\"summary_large_image\" \/>\n<meta name=\"twitter:site\" content=\"@Bullhorn\" \/>\n<meta name=\"twitter:label1\" content=\"Gesch\u00e4tzte Lesezeit\" \/>\n\t<meta name=\"twitter:data1\" content=\"1\u00a0Minute\" \/>\n<script type=\"application\/ld+json\" class=\"yoast-schema-graph\">{\"@context\":\"https:\/\/schema.org\",\"@graph\":[{\"@type\":\"WebPage\",\"@id\":\"https:\/\/www.bullhorn.com\/de\/grid\/2024-recruiting-trends\/\",\"url\":\"https:\/\/www.bullhorn.com\/de\/grid\/2024-recruiting-trends\/\",\"name\":\"2024 Industry Trends - Bullhorn DE\",\"isPartOf\":{\"@id\":\"https:\/\/www.bullhorn.com\/de\/#website\"},\"primaryImageOfPage\":{\"@id\":\"https:\/\/www.bullhorn.com\/de\/grid\/2024-recruiting-trends\/#primaryimage\"},\"image\":{\"@id\":\"https:\/\/www.bullhorn.com\/de\/grid\/2024-recruiting-trends\/#primaryimage\"},\"thumbnailUrl\":\"https:\/\/www.bullhorn.com\/de\/wp-content\/uploads\/sites\/7\/2024\/02\/GRID_Industry_Report24_Social-Cards1_V2DACH.jpg\",\"datePublished\":\"2024-02-21T19:10:36+00:00\",\"dateModified\":\"2025-01-13T14:14:38+00:00\",\"description\":\"Recruiting-Trends 2024: Wichtige Entwicklungen und Ausblicke.\",\"breadcrumb\":{\"@id\":\"https:\/\/www.bullhorn.com\/de\/grid\/2024-recruiting-trends\/#breadcrumb\"},\"inLanguage\":\"de\",\"potentialAction\":[{\"@type\":\"ReadAction\",\"target\":[\"https:\/\/www.bullhorn.com\/de\/grid\/2024-recruiting-trends\/\"]}]},{\"@type\":\"ImageObject\",\"inLanguage\":\"de\",\"@id\":\"https:\/\/www.bullhorn.com\/de\/grid\/2024-recruiting-trends\/#primaryimage\",\"url\":\"https:\/\/www.bullhorn.com\/de\/wp-content\/uploads\/sites\/7\/2024\/02\/GRID_Industry_Report24_Social-Cards1_V2DACH.jpg\",\"contentUrl\":\"https:\/\/www.bullhorn.com\/de\/wp-content\/uploads\/sites\/7\/2024\/02\/GRID_Industry_Report24_Social-Cards1_V2DACH.jpg\",\"width\":1200,\"height\":627,\"caption\":\"GRID 2024 Recruiting-Trends-Report\"},{\"@type\":\"BreadcrumbList\",\"@id\":\"https:\/\/www.bullhorn.com\/de\/grid\/2024-recruiting-trends\/#breadcrumb\",\"itemListElement\":[{\"@type\":\"ListItem\",\"position\":1,\"name\":\"Home\",\"item\":\"https:\/\/www.bullhorn.com\/de\/\"},{\"@type\":\"ListItem\",\"position\":2,\"name\":\"GRID Home\",\"item\":\"https:\/\/www.bullhorn.com\/de\/grid\/\"},{\"@type\":\"ListItem\",\"position\":3,\"name\":\"2024 Industry Trends\"}]},{\"@type\":\"WebSite\",\"@id\":\"https:\/\/www.bullhorn.com\/de\/#website\",\"url\":\"https:\/\/www.bullhorn.com\/de\/\",\"name\":\"Bullhorn DE\",\"description\":\"Just another Bullhorn Sites site\",\"publisher\":{\"@id\":\"https:\/\/www.bullhorn.com\/de\/#organization\"},\"potentialAction\":[{\"@type\":\"SearchAction\",\"target\":{\"@type\":\"EntryPoint\",\"urlTemplate\":\"https:\/\/www.bullhorn.com\/de\/?s={search_term_string}\"},\"query-input\":{\"@type\":\"PropertyValueSpecification\",\"valueRequired\":true,\"valueName\":\"search_term_string\"}}],\"inLanguage\":\"de\"},{\"@type\":\"Organization\",\"@id\":\"https:\/\/www.bullhorn.com\/de\/#organization\",\"name\":\"Bullhorn\",\"url\":\"https:\/\/www.bullhorn.com\/de\/\",\"logo\":{\"@type\":\"ImageObject\",\"inLanguage\":\"de\",\"@id\":\"https:\/\/www.bullhorn.com\/de\/#\/schema\/logo\/image\/\",\"url\":\"https:\/\/www.bullhorn.com\/de\/wp-content\/uploads\/sites\/7\/2021\/09\/og-img.png\",\"contentUrl\":\"https:\/\/www.bullhorn.com\/de\/wp-content\/uploads\/sites\/7\/2021\/09\/og-img.png\",\"width\":1200,\"height\":628,\"caption\":\"Bullhorn\"},\"image\":{\"@id\":\"https:\/\/www.bullhorn.com\/de\/#\/schema\/logo\/image\/\"},\"sameAs\":[\"https:\/\/www.facebook.com\/Bullhorn\/\",\"https:\/\/x.com\/Bullhorn\",\"https:\/\/www.instagram.com\/lifeatbullhorn\/?hl=de\",\"https:\/\/www.linkedin.com\/company\/bullhorn\",\"https:\/\/www.youtube.com\/channel\/UC-Rgm5YxtoxsvlCHy6KW3Ug\",\"https:\/\/en.wikipedia.org\/wiki\/Bullhorn,_Inc.\"]}]}<\/script>\n<!-- \/ Yoast SEO plugin. -->","yoast_head_json":{"title":"2024 Industry Trends - Bullhorn DE","description":"Recruiting-Trends 2024: Wichtige Entwicklungen und Ausblicke.","robots":{"index":"index","follow":"follow","max-snippet":"max-snippet:-1","max-image-preview":"max-image-preview:large","max-video-preview":"max-video-preview:-1"},"canonical":"https:\/\/www.bullhorn.com\/de\/grid\/2024-recruiting-trends\/","og_locale":"de_DE","og_type":"article","og_title":"2024 Industry Trends - Bullhorn DE","og_description":"Recruiting-Trends 2024: Wichtige Entwicklungen und Ausblicke.","og_url":"https:\/\/www.bullhorn.com\/de\/grid\/2024-recruiting-trends\/","og_site_name":"Bullhorn DE","article_publisher":"https:\/\/www.facebook.com\/Bullhorn\/","article_modified_time":"2025-01-13T14:14:38+00:00","og_image":[{"width":1200,"height":627,"url":"https:\/\/www.bullhorn.com\/de\/wp-content\/uploads\/sites\/7\/2024\/02\/GRID_Industry_Report24_Social-Cards1_V2DACH.jpg","type":"image\/jpeg"}],"twitter_card":"summary_large_image","twitter_site":"@Bullhorn","twitter_misc":{"Gesch\u00e4tzte Lesezeit":"1\u00a0Minute"},"schema":{"@context":"https:\/\/schema.org","@graph":[{"@type":"WebPage","@id":"https:\/\/www.bullhorn.com\/de\/grid\/2024-recruiting-trends\/","url":"https:\/\/www.bullhorn.com\/de\/grid\/2024-recruiting-trends\/","name":"2024 Industry Trends - Bullhorn DE","isPartOf":{"@id":"https:\/\/www.bullhorn.com\/de\/#website"},"primaryImageOfPage":{"@id":"https:\/\/www.bullhorn.com\/de\/grid\/2024-recruiting-trends\/#primaryimage"},"image":{"@id":"https:\/\/www.bullhorn.com\/de\/grid\/2024-recruiting-trends\/#primaryimage"},"thumbnailUrl":"https:\/\/www.bullhorn.com\/de\/wp-content\/uploads\/sites\/7\/2024\/02\/GRID_Industry_Report24_Social-Cards1_V2DACH.jpg","datePublished":"2024-02-21T19:10:36+00:00","dateModified":"2025-01-13T14:14:38+00:00","description":"Recruiting-Trends 2024: Wichtige Entwicklungen und Ausblicke.","breadcrumb":{"@id":"https:\/\/www.bullhorn.com\/de\/grid\/2024-recruiting-trends\/#breadcrumb"},"inLanguage":"de","potentialAction":[{"@type":"ReadAction","target":["https:\/\/www.bullhorn.com\/de\/grid\/2024-recruiting-trends\/"]}]},{"@type":"ImageObject","inLanguage":"de","@id":"https:\/\/www.bullhorn.com\/de\/grid\/2024-recruiting-trends\/#primaryimage","url":"https:\/\/www.bullhorn.com\/de\/wp-content\/uploads\/sites\/7\/2024\/02\/GRID_Industry_Report24_Social-Cards1_V2DACH.jpg","contentUrl":"https:\/\/www.bullhorn.com\/de\/wp-content\/uploads\/sites\/7\/2024\/02\/GRID_Industry_Report24_Social-Cards1_V2DACH.jpg","width":1200,"height":627,"caption":"GRID 2024 Recruiting-Trends-Report"},{"@type":"BreadcrumbList","@id":"https:\/\/www.bullhorn.com\/de\/grid\/2024-recruiting-trends\/#breadcrumb","itemListElement":[{"@type":"ListItem","position":1,"name":"Home","item":"https:\/\/www.bullhorn.com\/de\/"},{"@type":"ListItem","position":2,"name":"GRID Home","item":"https:\/\/www.bullhorn.com\/de\/grid\/"},{"@type":"ListItem","position":3,"name":"2024 Industry Trends"}]},{"@type":"WebSite","@id":"https:\/\/www.bullhorn.com\/de\/#website","url":"https:\/\/www.bullhorn.com\/de\/","name":"Bullhorn DE","description":"Just another Bullhorn Sites site","publisher":{"@id":"https:\/\/www.bullhorn.com\/de\/#organization"},"potentialAction":[{"@type":"SearchAction","target":{"@type":"EntryPoint","urlTemplate":"https:\/\/www.bullhorn.com\/de\/?s={search_term_string}"},"query-input":{"@type":"PropertyValueSpecification","valueRequired":true,"valueName":"search_term_string"}}],"inLanguage":"de"},{"@type":"Organization","@id":"https:\/\/www.bullhorn.com\/de\/#organization","name":"Bullhorn","url":"https:\/\/www.bullhorn.com\/de\/","logo":{"@type":"ImageObject","inLanguage":"de","@id":"https:\/\/www.bullhorn.com\/de\/#\/schema\/logo\/image\/","url":"https:\/\/www.bullhorn.com\/de\/wp-content\/uploads\/sites\/7\/2021\/09\/og-img.png","contentUrl":"https:\/\/www.bullhorn.com\/de\/wp-content\/uploads\/sites\/7\/2021\/09\/og-img.png","width":1200,"height":628,"caption":"Bullhorn"},"image":{"@id":"https:\/\/www.bullhorn.com\/de\/#\/schema\/logo\/image\/"},"sameAs":["https:\/\/www.facebook.com\/Bullhorn\/","https:\/\/x.com\/Bullhorn","https:\/\/www.instagram.com\/lifeatbullhorn\/?hl=de","https:\/\/www.linkedin.com\/company\/bullhorn","https:\/\/www.youtube.com\/channel\/UC-Rgm5YxtoxsvlCHy6KW3Ug","https:\/\/en.wikipedia.org\/wiki\/Bullhorn,_Inc."]}]}},"grav_blocks":[{"acf_fc_layout":"content-icon-box","icon":"","icon_color":"green","icon_alignment":"left","background_shape":"","parallax_fx":false,"title":"","block_aria":"","content":"<h2 class=\"title-color-purple\">Was unternehmen Top-Personaldienstleister, um in 2024 erfolgreich zu sein?<\/h2>\n<h3>Unser Report zeigt einige gemeinsame Trends bei den Unternehmen, die im Jahr 2023 das h\u00f6chste Umsatzwachstum verzeichnen konnten.<\/h3>\n<p><script src=\"https:\/\/fast.wistia.com\/player.js\" async><\/script><script src=\"https:\/\/fast.wistia.com\/embed\/zdnos18sp6.js\" async type=\"module\"><\/script><\/p>\n<style>wistia-player[media-id='zdnos18sp6']:not(:defined) { background: center \/ contain no-repeat url('https:\/\/fast.wistia.com\/embed\/medias\/zdnos18sp6\/swatch'); display: block; filter: blur(5px); padding-top:56.25%; }<\/style>\n<p> <wistia-player media-id=\"zdnos18sp6\" wistia-popover=\"true\"><\/wistia-player><br \/>\n<a class=\"button button--magenta\" style=\"margin-top: 20px\" href=\"#banner\">Report lesen<\/a><\/p>\n","links_title":"Related Products","links":false,"block_background":"block-bg-none","block_background_video_type":"url","block_background_video_url":"","block_background_video_file":false,"block_background_image":false,"block_background_overlay":false,"unique_id":"","block_option_custom_class":"","block_animate":false,"block_option_padding":["block-options-padding-remove-top"],"block_option_hide":[],"bg_lower_slant_color":"gray"},{"acf_fc_layout":"columns","block_title":"","block_aria":"","block_subtitle":"","format":"","enable_box_shadow":false,"columns":[{"type":"wysiwyg","wysiwyg":"<h2 class=\"title-color-purple\">Hier ist ein erster Einblick in einige unserer Ergebnisse:<\/h2>\n","accordion_open_first_section":false,"accordion_multiple_open_sections":false,"accordion_items":false,"icon_list_items":false},{"type":"wysiwyg","wysiwyg":"<h5><i class=\"fa-solid fa-arrow-right\"><\/i> Die leistungsst\u00e4rksten Personaldienstleister vermitteln Kandidat:innen <strong>in 19 Tagen oder weniger<\/strong><\/h5>\n<h5><i class=\"fa-solid fa-arrow-right\"><\/i> <strong>60 % der Personaldienstleister<\/strong> nennen die wirtschaftliche Unsicherheit als eine der gr\u00f6\u00dften Herausforderung, auch in 2024<\/h5>\n<h5><i class=\"fa-solid fa-arrow-right\"><\/i> Fast die H\u00e4lfte der Personaldienstleister erwarten einen <strong>Umsatzanstieg von bis zu 10% im Jahr 2024<\/strong><\/h5>\n","accordion_open_first_section":false,"accordion_multiple_open_sections":false,"accordion_items":false,"icon_list_items":false}],"block_background":"bg-gray","block_background_video_type":"url","block_background_video_url":"","block_background_video_file":false,"block_background_image":false,"block_background_overlay":false,"unique_id":"","block_option_custom_class":"","block_animate":false,"block_option_padding":[],"block_option_hide":[],"bg_lower_slant_color":""},{"acf_fc_layout":"columns","block_title":"","block_aria":"","block_subtitle":"","format":"","enable_box_shadow":false,"columns":[{"type":"wysiwyg","wysiwyg":"<h2 class=\"title-color-purple\">\u00dcber den Report<\/h2>\n<h3>Unser 14. j\u00e4hrlicher Report enth\u00e4lt eine umfassende Analyse der Personaldienstleistungsbranche, die Antworten von Unternehmen aller Gr\u00f6\u00dfen, Recruiting-Modelle und Branchen umfasst. \u00dcber 1.400 Personaldienstleister aus der ganzen Welt haben an der diesj\u00e4hrigen Umfrage teilgenommen, davon \u00fcber 100 aus dem DACH-Raum.<\/h3>\n<p><a class=\"button button--magenta\" href=\"#banner\">Zum GRID-Report<\/a><\/p>\n","accordion_open_first_section":false,"accordion_multiple_open_sections":false,"accordion_items":false,"icon_list_items":false}],"block_background":"bg-gray","block_background_video_type":"url","block_background_video_url":"","block_background_video_file":false,"block_background_image":false,"block_background_overlay":false,"unique_id":"","block_option_custom_class":"","block_animate":false,"block_option_padding":[],"block_option_hide":[],"bg_lower_slant_color":""}],"_links":{"self":[{"href":"https:\/\/www.bullhorn.com\/de\/wp-json\/wp\/v2\/pages\/74171","targetHints":{"allow":["GET"]}}],"collection":[{"href":"https:\/\/www.bullhorn.com\/de\/wp-json\/wp\/v2\/pages"}],"about":[{"href":"https:\/\/www.bullhorn.com\/de\/wp-json\/wp\/v2\/types\/page"}],"author":[{"embeddable":true,"href":"https:\/\/www.bullhorn.com\/de\/wp-json\/wp\/v2\/users\/403"}],"replies":[{"embeddable":true,"href":"https:\/\/www.bullhorn.com\/de\/wp-json\/wp\/v2\/comments?post=74171"}],"version-history":[{"count":4,"href":"https:\/\/www.bullhorn.com\/de\/wp-json\/wp\/v2\/pages\/74171\/revisions"}],"predecessor-version":[{"id":75501,"href":"https:\/\/www.bullhorn.com\/de\/wp-json\/wp\/v2\/pages\/74171\/revisions\/75501"}],"up":[{"embeddable":true,"href":"https:\/\/www.bullhorn.com\/de\/wp-json\/wp\/v2\/pages\/73059"}],"wp:featuredmedia":[{"embeddable":true,"href":"https:\/\/www.bullhorn.com\/de\/wp-json\/wp\/v2\/media\/74205"}],"wp:attachment":[{"href":"https:\/\/www.bullhorn.com\/de\/wp-json\/wp\/v2\/media?parent=74171"}],"curies":[{"name":"wp","href":"https:\/\/api.w.org\/{rel}","templated":true}]}}