{"id":74347,"date":"2024-03-22T21:58:03","date_gmt":"2024-03-22T21:58:03","guid":{"rendered":"https:\/\/www.bullhorn.com\/de\/welcome-to-bullhorn\/"},"modified":"2024-10-01T03:05:19","modified_gmt":"2024-10-01T03:05:19","slug":"welcome-to-bullhorn","status":"publish","type":"page","link":"https:\/\/www.bullhorn.com\/de\/welcome-to-bullhorn\/","title":{"rendered":"Willkommen bei Bullhorn"},"content":{"rendered":"","protected":false},"excerpt":{"rendered":"","protected":false},"author":403,"featured_media":0,"parent":0,"menu_order":0,"comment_status":"closed","ping_status":"closed","template":"","meta":{"_acf_changed":false,"om_disable_all_campaigns":false},"class_list":["post-74347","page","type-page","status-publish","hentry"],"acf":[],"yoast_head":"<!-- This site is optimized with the Yoast SEO plugin v27.2 - https:\/\/yoast.com\/product\/yoast-seo-wordpress\/ -->\n<title>Willkommen bei Bullhorn - Bullhorn DE<\/title>\n<meta name=\"description\" content=\"Willkommen bei Bullhorn! Erfahren Sie mehr \u00fcber unsere L\u00f6sungen und wie wir Ihnen helfen k\u00f6nnen.\" \/>\n<meta name=\"robots\" content=\"index, follow, max-snippet:-1, max-image-preview:large, max-video-preview:-1\" \/>\n<link rel=\"canonical\" href=\"https:\/\/www.bullhorn.com\/de\/welcome-to-bullhorn\/\" \/>\n<meta property=\"og:locale\" content=\"de_DE\" \/>\n<meta property=\"og:type\" content=\"article\" \/>\n<meta property=\"og:title\" content=\"Willkommen bei Bullhorn - Bullhorn DE\" \/>\n<meta property=\"og:description\" content=\"Willkommen bei Bullhorn! Erfahren Sie mehr \u00fcber unsere L\u00f6sungen und wie wir Ihnen helfen k\u00f6nnen.\" \/>\n<meta property=\"og:url\" content=\"https:\/\/www.bullhorn.com\/de\/welcome-to-bullhorn\/\" \/>\n<meta property=\"og:site_name\" content=\"Bullhorn DE\" \/>\n<meta property=\"article:publisher\" content=\"https:\/\/www.facebook.com\/Bullhorn\/\" \/>\n<meta property=\"article:modified_time\" content=\"2024-10-01T03:05:19+00:00\" \/>\n<meta name=\"twitter:card\" content=\"summary_large_image\" \/>\n<meta name=\"twitter:site\" content=\"@Bullhorn\" \/>\n<script type=\"application\/ld+json\" class=\"yoast-schema-graph\">{\"@context\":\"https:\/\/schema.org\",\"@graph\":[{\"@type\":\"WebPage\",\"@id\":\"https:\/\/www.bullhorn.com\/de\/welcome-to-bullhorn\/\",\"url\":\"https:\/\/www.bullhorn.com\/de\/welcome-to-bullhorn\/\",\"name\":\"Willkommen bei Bullhorn - Bullhorn DE\",\"isPartOf\":{\"@id\":\"https:\/\/www.bullhorn.com\/de\/#website\"},\"datePublished\":\"2024-03-22T21:58:03+00:00\",\"dateModified\":\"2024-10-01T03:05:19+00:00\",\"description\":\"Willkommen bei Bullhorn! Erfahren Sie mehr \u00fcber unsere L\u00f6sungen und wie wir Ihnen helfen k\u00f6nnen.\",\"breadcrumb\":{\"@id\":\"https:\/\/www.bullhorn.com\/de\/welcome-to-bullhorn\/#breadcrumb\"},\"inLanguage\":\"de\",\"potentialAction\":[{\"@type\":\"ReadAction\",\"target\":[\"https:\/\/www.bullhorn.com\/de\/welcome-to-bullhorn\/\"]}]},{\"@type\":\"BreadcrumbList\",\"@id\":\"https:\/\/www.bullhorn.com\/de\/welcome-to-bullhorn\/#breadcrumb\",\"itemListElement\":[{\"@type\":\"ListItem\",\"position\":1,\"name\":\"Home\",\"item\":\"https:\/\/www.bullhorn.com\/de\/\"},{\"@type\":\"ListItem\",\"position\":2,\"name\":\"Willkommen bei Bullhorn\"}]},{\"@type\":\"WebSite\",\"@id\":\"https:\/\/www.bullhorn.com\/de\/#website\",\"url\":\"https:\/\/www.bullhorn.com\/de\/\",\"name\":\"Bullhorn DE\",\"description\":\"Just another Bullhorn Sites site\",\"publisher\":{\"@id\":\"https:\/\/www.bullhorn.com\/de\/#organization\"},\"potentialAction\":[{\"@type\":\"SearchAction\",\"target\":{\"@type\":\"EntryPoint\",\"urlTemplate\":\"https:\/\/www.bullhorn.com\/de\/?s={search_term_string}\"},\"query-input\":{\"@type\":\"PropertyValueSpecification\",\"valueRequired\":true,\"valueName\":\"search_term_string\"}}],\"inLanguage\":\"de\"},{\"@type\":\"Organization\",\"@id\":\"https:\/\/www.bullhorn.com\/de\/#organization\",\"name\":\"Bullhorn\",\"url\":\"https:\/\/www.bullhorn.com\/de\/\",\"logo\":{\"@type\":\"ImageObject\",\"inLanguage\":\"de\",\"@id\":\"https:\/\/www.bullhorn.com\/de\/#\/schema\/logo\/image\/\",\"url\":\"https:\/\/www.bullhorn.com\/de\/wp-content\/uploads\/sites\/7\/2021\/09\/og-img.png\",\"contentUrl\":\"https:\/\/www.bullhorn.com\/de\/wp-content\/uploads\/sites\/7\/2021\/09\/og-img.png\",\"width\":1200,\"height\":628,\"caption\":\"Bullhorn\"},\"image\":{\"@id\":\"https:\/\/www.bullhorn.com\/de\/#\/schema\/logo\/image\/\"},\"sameAs\":[\"https:\/\/www.facebook.com\/Bullhorn\/\",\"https:\/\/x.com\/Bullhorn\",\"https:\/\/www.instagram.com\/lifeatbullhorn\/?hl=de\",\"https:\/\/www.linkedin.com\/company\/bullhorn\",\"https:\/\/www.youtube.com\/channel\/UC-Rgm5YxtoxsvlCHy6KW3Ug\",\"https:\/\/en.wikipedia.org\/wiki\/Bullhorn,_Inc.\"]}]}<\/script>\n<!-- \/ Yoast SEO plugin. -->","yoast_head_json":{"title":"Willkommen bei Bullhorn - Bullhorn DE","description":"Willkommen bei Bullhorn! Erfahren Sie mehr \u00fcber unsere L\u00f6sungen und wie wir Ihnen helfen k\u00f6nnen.","robots":{"index":"index","follow":"follow","max-snippet":"max-snippet:-1","max-image-preview":"max-image-preview:large","max-video-preview":"max-video-preview:-1"},"canonical":"https:\/\/www.bullhorn.com\/de\/welcome-to-bullhorn\/","og_locale":"de_DE","og_type":"article","og_title":"Willkommen bei Bullhorn - Bullhorn DE","og_description":"Willkommen bei Bullhorn! Erfahren Sie mehr \u00fcber unsere L\u00f6sungen und wie wir Ihnen helfen k\u00f6nnen.","og_url":"https:\/\/www.bullhorn.com\/de\/welcome-to-bullhorn\/","og_site_name":"Bullhorn DE","article_publisher":"https:\/\/www.facebook.com\/Bullhorn\/","article_modified_time":"2024-10-01T03:05:19+00:00","twitter_card":"summary_large_image","twitter_site":"@Bullhorn","schema":{"@context":"https:\/\/schema.org","@graph":[{"@type":"WebPage","@id":"https:\/\/www.bullhorn.com\/de\/welcome-to-bullhorn\/","url":"https:\/\/www.bullhorn.com\/de\/welcome-to-bullhorn\/","name":"Willkommen bei Bullhorn - Bullhorn DE","isPartOf":{"@id":"https:\/\/www.bullhorn.com\/de\/#website"},"datePublished":"2024-03-22T21:58:03+00:00","dateModified":"2024-10-01T03:05:19+00:00","description":"Willkommen bei Bullhorn! Erfahren Sie mehr \u00fcber unsere L\u00f6sungen und wie wir Ihnen helfen k\u00f6nnen.","breadcrumb":{"@id":"https:\/\/www.bullhorn.com\/de\/welcome-to-bullhorn\/#breadcrumb"},"inLanguage":"de","potentialAction":[{"@type":"ReadAction","target":["https:\/\/www.bullhorn.com\/de\/welcome-to-bullhorn\/"]}]},{"@type":"BreadcrumbList","@id":"https:\/\/www.bullhorn.com\/de\/welcome-to-bullhorn\/#breadcrumb","itemListElement":[{"@type":"ListItem","position":1,"name":"Home","item":"https:\/\/www.bullhorn.com\/de\/"},{"@type":"ListItem","position":2,"name":"Willkommen bei Bullhorn"}]},{"@type":"WebSite","@id":"https:\/\/www.bullhorn.com\/de\/#website","url":"https:\/\/www.bullhorn.com\/de\/","name":"Bullhorn DE","description":"Just another Bullhorn Sites site","publisher":{"@id":"https:\/\/www.bullhorn.com\/de\/#organization"},"potentialAction":[{"@type":"SearchAction","target":{"@type":"EntryPoint","urlTemplate":"https:\/\/www.bullhorn.com\/de\/?s={search_term_string}"},"query-input":{"@type":"PropertyValueSpecification","valueRequired":true,"valueName":"search_term_string"}}],"inLanguage":"de"},{"@type":"Organization","@id":"https:\/\/www.bullhorn.com\/de\/#organization","name":"Bullhorn","url":"https:\/\/www.bullhorn.com\/de\/","logo":{"@type":"ImageObject","inLanguage":"de","@id":"https:\/\/www.bullhorn.com\/de\/#\/schema\/logo\/image\/","url":"https:\/\/www.bullhorn.com\/de\/wp-content\/uploads\/sites\/7\/2021\/09\/og-img.png","contentUrl":"https:\/\/www.bullhorn.com\/de\/wp-content\/uploads\/sites\/7\/2021\/09\/og-img.png","width":1200,"height":628,"caption":"Bullhorn"},"image":{"@id":"https:\/\/www.bullhorn.com\/de\/#\/schema\/logo\/image\/"},"sameAs":["https:\/\/www.facebook.com\/Bullhorn\/","https:\/\/x.com\/Bullhorn","https:\/\/www.instagram.com\/lifeatbullhorn\/?hl=de","https:\/\/www.linkedin.com\/company\/bullhorn","https:\/\/www.youtube.com\/channel\/UC-Rgm5YxtoxsvlCHy6KW3Ug","https:\/\/en.wikipedia.org\/wiki\/Bullhorn,_Inc."]}]}},"grav_blocks":[{"acf_fc_layout":"content-media","media_type":"image","image":{"ID":74348,"id":74348,"title":"bullhorn_welcome_evergreen","filename":"bullhorn_welcome_evergreen.png","filesize":1068036,"url":"https:\/\/www.bullhorn.com\/de\/wp-content\/uploads\/sites\/7\/2024\/04\/bullhorn_welcome_evergreen.png","link":"https:\/\/www.bullhorn.com\/de\/welcome-to-bullhorn\/bullhorn_welcome_evergreen\/","alt":"Welcome to Bullhorn screenshot","author":"403","description":"","caption":"","name":"bullhorn_welcome_evergreen","status":"inherit","uploaded_to":74347,"date":"2024-04-03 13:17:18","modified":"2024-04-03 13:17:18","menu_order":0,"mime_type":"image\/png","type":"image","subtype":"png","icon":"https:\/\/www.bullhorn.com\/de\/wp-includes\/images\/media\/default.png","width":2142,"height":1200,"sizes":{"thumbnail":"https:\/\/www.bullhorn.com\/de\/wp-content\/uploads\/sites\/7\/2024\/04\/bullhorn_welcome_evergreen-150x150.png","thumbnail-width":150,"thumbnail-height":150,"medium":"https:\/\/www.bullhorn.com\/de\/wp-content\/uploads\/sites\/7\/2024\/04\/bullhorn_welcome_evergreen-300x168.png","medium-width":300,"medium-height":168,"medium_large":"https:\/\/www.bullhorn.com\/de\/wp-content\/uploads\/sites\/7\/2024\/04\/bullhorn_welcome_evergreen-768x430.png","medium_large-width":768,"medium_large-height":430,"large":"https:\/\/www.bullhorn.com\/de\/wp-content\/uploads\/sites\/7\/2024\/04\/bullhorn_welcome_evergreen-1024x574.png","large-width":1024,"large-height":574,"1536x1536":"https:\/\/www.bullhorn.com\/de\/wp-content\/uploads\/sites\/7\/2024\/04\/bullhorn_welcome_evergreen-1536x861.png","1536x1536-width":1536,"1536x1536-height":861,"2048x2048":"https:\/\/www.bullhorn.com\/de\/wp-content\/uploads\/sites\/7\/2024\/04\/bullhorn_welcome_evergreen-2048x1147.png","2048x2048-width":2048,"2048x2048-height":1147,"post-thumbnail":"https:\/\/www.bullhorn.com\/de\/wp-content\/uploads\/sites\/7\/2024\/04\/bullhorn_welcome_evergreen-300x300.png","post-thumbnail-width":300,"post-thumbnail-height":300,"small":"https:\/\/www.bullhorn.com\/de\/wp-content\/uploads\/sites\/7\/2024\/04\/bullhorn_welcome_evergreen-300x168.png","small-width":300,"small-height":168,"xlarge":"https:\/\/www.bullhorn.com\/de\/wp-content\/uploads\/sites\/7\/2024\/04\/bullhorn_welcome_evergreen-1440x807.png","xlarge-width":1440,"xlarge-height":807,"insight-of-the-week":"https:\/\/www.bullhorn.com\/de\/wp-content\/uploads\/sites\/7\/2024\/04\/bullhorn_welcome_evergreen.png","insight-of-the-week-width":567,"insight-of-the-week-height":318,"insight-icons":"https:\/\/www.bullhorn.com\/de\/wp-content\/uploads\/sites\/7\/2024\/04\/bullhorn_welcome_evergreen.png","insight-icons-width":83,"insight-icons-height":46,"insight-research-image":"https:\/\/www.bullhorn.com\/de\/wp-content\/uploads\/sites\/7\/2024\/04\/bullhorn_welcome_evergreen.png","insight-research-image-width":362,"insight-research-image-height":203,"insight-featured-articles-thumbnail":"https:\/\/www.bullhorn.com\/de\/wp-content\/uploads\/sites\/7\/2024\/04\/bullhorn_welcome_evergreen.png","insight-featured-articles-thumbnail-width":293,"insight-featured-articles-thumbnail-height":164,"insight-logo":"https:\/\/www.bullhorn.com\/de\/wp-content\/uploads\/sites\/7\/2024\/04\/bullhorn_welcome_evergreen.png","insight-logo-width":318,"insight-logo-height":178}},"video_url":"","embed_code":"","image_placement":"left","image_size":"6","image_box_shadow":false,"background_shape":"","background_shape_position":"left","parallax_fx":false,"block_aria":"","link_type":"video","link_page":null,"link_url":"","link_file":false,"link_video":"https:\/\/bullhorn.wistia.com\/medias\/4pu755or2s","link_aria":"","content":"<h2>Dein Erfolg beginnt hier<\/h2>\n<h3>Von den ersten Schritten bis zum Ziel \u2013 unser Team unterst\u00fctzt dich dabei, deine Investition in Bullhorns L\u00f6sungen in jeder Phase optimal zu nutzen.<\/h3>\n<h3>Wir bieten zahlreiche Tools, die deinem Team helfen, das Beste aus Bullhorn herauszuholen. Speichere diese Seite in deinen Favoriten und teile sie mit deinen Kolleg:innen!<\/h3>\n","block_background":"block-bg-none","block_background_video_type":"url","block_background_video_url":"","block_background_video_file":false,"block_background_image":false,"block_background_overlay":false,"unique_id":"","block_option_custom_class":"","block_animate":false,"block_option_padding":[],"block_option_hide":[]},{"acf_fc_layout":"card-grid","block_title":"Deine Bullhorn-Checkliste","block_aria":"","block_subtitle":"","background_shape":"","background_shape_position":"left","parallax_fx":false,"title_position":"top","cards_bg_color":"bg-white","cards_border":false,"cards_per_row":"4","cards":[{"icon":"","icon_color":"green","line_title_with_icon":false,"inline_title":"","content":"<h3 style=\"color: #ffb400;\"><strong>Schritt 1:<\/strong><\/h3>\n<p>Erkunde die Bullhorn-Plattform.<\/p>\n<p><a class=\"button\" href=\"https:\/\/www.bullhorn.com\/client-login\/\">Jetzt einloggen<\/a><\/p>\n"},{"icon":"","icon_color":"green","line_title_with_icon":false,"inline_title":"","content":"<h3 style=\"color: #f69520;\"><strong>Schritt 2:<\/strong><\/h3>\n<p>Lerne in deinem eigenen Tempo.<\/p>\n<p><a class=\"button\" href=\"\/de\/bullhorn-launch\/\" rel=\"noopener\">Bullhorn Launch<\/a><\/p>\n"},{"icon":"","icon_color":"green","line_title_with_icon":false,"inline_title":"","content":"<h3 style=\"color: #ff6b00;\"><strong>Schritt 3:<\/strong><\/h3>\n<p>Registriere dich f\u00fcr \u201cBullhorn Basics\u201d oder sieh dir unsere Webinar-Aufzeichnungen an.<\/p>\n<p><a class=\"button\" href=\"https:\/\/www.bullhorn.com\/events\/\">Zum Webinar<\/a><\/p>\n"},{"icon":"","icon_color":"green","line_title_with_icon":false,"inline_title":"","content":"<h3 style=\"color: #125783;\"><strong>Schritt 4:<\/strong><\/h3>\n<p>Abonniere unseren Blog.<\/p>\n<p><a class=\"button\" href=\"https:\/\/www.bullhorn.com\/subscribe-to-blog\/\">Jetzt abonnieren<\/a><\/p>\n"},{"icon":"","icon_color":"green","line_title_with_icon":false,"inline_title":"","content":"<h3 style=\"color: #009bdf;\"><strong>Schritt 5:<\/strong><\/h3>\n<p>Melde dich zum Newsletter an.<\/p>\n<p><a class=\"button\" href=\"https:\/\/pages.bullhorn.com\/UnsubscribePage.html?mkt_unsubscribe=1\" target=\"_blank\" rel=\"noopener\">Jetzt anmelden<\/a><\/p>\n"}],"block_background":"block-bg-none","block_background_video_type":"url","block_background_video_url":"","block_background_video_file":false,"block_background_image":false,"block_background_overlay":false,"unique_id":"","block_option_custom_class":"","block_animate":false,"block_option_padding":[],"block_option_hide":[],"bg_lower_slant_color":""},{"acf_fc_layout":"columns","block_title":"Dein Ressourcen-Hub bei Bullhorn","block_aria":"","block_subtitle":"","format":"","enable_box_shadow":false,"columns":[{"type":"icon-list","wysiwyg":"","accordion_open_first_section":false,"accordion_multiple_open_sections":false,"accordion_items":false,"icon_list_items":[{"icon":"icons\/24hr-support","icon_color":"green","content":"<h4>Support<\/h4>\n<p>Erhalte jederzeit Hilfe, wenn sie brauchst. \u00dcber 200 Support-Kolleg:innen stehen dir per Telefon, E-Mail oder Chatbot zur Verf\u00fcgung.<\/p>\n<p><a class=\"button button--blue\" href=\"https:\/\/www.bullhorn.com\/technical-support\/\">Support<\/a><\/p>\n"}]},{"type":"icon-list","wysiwyg":"","accordion_open_first_section":false,"accordion_multiple_open_sections":false,"accordion_items":false,"icon_list_items":[{"icon":"icons\/award","icon_color":"blue-light","content":"<h4>Das Bullhorn-Team<\/h4>\n<p>Lernen die Menschen bei Bullhorn kennen, denen dein Erfolg wichtig ist.<\/p>\n<p><a class=\"button button--blue\" href=\"https:\/\/www.bullhorn.com\/bullhorn-customer-experience\/\">Team<\/a><\/p>\n"}]},{"type":"icon-list","wysiwyg":"","accordion_open_first_section":false,"accordion_multiple_open_sections":false,"accordion_items":false,"icon_list_items":[{"icon":"icons\/cube","icon_color":"orange","content":"<h4>Lerne mit Bullhorn Launch<\/h4>\n<p>Besuche unsere Lernplattform, Bullhorn Launch, um dein Bullhorn-Wissen zu erweitern, Best Practices zu erlernen und deine Karriere durchzustarten.<\/p>\n<p><a class=\"button button--blue\" href=\"\/de\/bullhorn-launch\/\" rel=\"noopener\">Bullhorn Launch<\/a><\/p>\n"}]}],"block_background":"bg-gray","block_background_video_type":"url","block_background_video_url":"","block_background_video_file":false,"block_background_image":false,"block_background_overlay":false,"unique_id":"","block_option_custom_class":"","block_animate":false,"block_option_padding":[],"block_option_hide":[],"bg_lower_slant_color":""},{"acf_fc_layout":"columns","block_title":"","block_aria":"","block_subtitle":"","format":"","enable_box_shadow":false,"columns":[{"type":"icon-list","wysiwyg":"","accordion_open_first_section":false,"accordion_multiple_open_sections":false,"accordion_items":false,"icon_list_items":[{"icon":"icons\/lightbulb","icon_color":"blue-dark","content":"<h4>Knowledgebase (Englisch)<\/h4>\n<p>In der Knowledgebase von Bullhorn findest du Dokumentationen zu all unseren Produkten.<\/p>\n<p><a class=\"button button--blue\" href=\"https:\/\/help.bullhorn.com\/s\/\" target=\"_blank\" rel=\"noopener\">Learn<\/a><\/p>\n"}]},{"type":"icon-list","wysiwyg":"","accordion_open_first_section":false,"accordion_multiple_open_sections":false,"accordion_items":false,"icon_list_items":[{"icon":"icons\/globe-3","icon_color":"green","content":"<h4>Veranstaltungen<\/h4>\n<p>Nimm an unseren virtuellen und pers\u00f6nlichen Veranstaltungen teil und profitiere von Best Practices.<\/p>\n<p><a class=\"button button--blue\" href=\"\/de\/dach-events\/\">Events<\/a><\/p>\n"}]},{"type":"icon-list","wysiwyg":"","accordion_open_first_section":false,"accordion_multiple_open_sections":false,"accordion_items":false,"icon_list_items":[{"icon":"icons\/spinning-gear","icon_color":"blue-light","content":"<h4>Produkt-Updates<\/h4>\n<p>Bleibe \u00fcber die neuesten Produktentwicklungen auf dem Laufenden.<\/p>\n<p><a class=\"button button--blue\" href=\"https:\/\/help.bullhorn.com\/s\/product-updates\" target=\"_blank\" rel=\"noopener\">Produkt-Updates<\/a><\/p>\n"}]}],"block_background":"bg-gray","block_background_video_type":"url","block_background_video_url":"","block_background_video_file":false,"block_background_image":false,"block_background_overlay":false,"unique_id":"","block_option_custom_class":"","block_animate":false,"block_option_padding":[],"block_option_hide":[],"bg_lower_slant_color":""},{"acf_fc_layout":"card-grid","block_title":"Bew\u00e4hrte Playbooks","block_aria":"","block_subtitle":"Es gibt viele Wege, eine Personaldienstleistung erfolgreich zu f\u00fchren. In unseren Leitf\u00e4den findest du alle wichtigen Informationen, damit Talente effizienter gewinnen, neue Gesch\u00e4fte schneller abschlie\u00dfen und deine Prozesse optimieren kannst .","background_shape":"","background_shape_position":"left","parallax_fx":false,"title_position":"top","cards_bg_color":"bg-white","cards_border":true,"cards_per_row":"4","cards":[{"icon":"","icon_color":"green","line_title_with_icon":false,"inline_title":"","content":"<p><img decoding=\"async\" src=\"\/uk\/wp-content\/uploads\/sites\/2\/2022\/06\/Connected_Recruiting_1200x627_D_V1.png\" \/><\/p>\n<h4>Talente binden<\/h4>\n<p>Mit unserer Connected Recruiting-Strategie baust du eine loyale Talente-Community auf. Du erkennst entscheidende Momente in der Candidate Journey und kannst messen, wie gut deine Personaldienstleistung deren Erwartungen in jeder Phase erf\u00fcllt.<\/p>\n<p><a class=\"button\" href=\"\/de\/connected-recruiting\/\">Talent Community aufbauen<\/a><\/p>\n"},{"icon":"","icon_color":"green","line_title_with_icon":false,"inline_title":"","content":"<p><img decoding=\"async\" src=\"\/uk\/wp-content\/uploads\/sites\/2\/2023\/10\/SW2WNB_Assets_1200x627_B_V2.png\" \/><\/p>\n<h4>Business Development<\/h4>\n<p>F\u00fcr den kontinuierlichen Erfolg musst du dein Unternehmen unabh\u00e4ngig von Marktbedingungen aufstellen. Unser eBook zeigt Best Practices beim Einsatz einer Technologieplattform, die auf Automatisierung und KI setzt.<\/p>\n<p><a class=\"button\" href=\"\/de\/win-new-business-ebook\/\">Der smarte Weg zur Neukundengewinnung<\/a><\/p>\n"},{"icon":"","icon_color":"green","line_title_with_icon":false,"inline_title":"","content":"<p><img decoding=\"async\" src=\"\/uk\/wp-content\/uploads\/sites\/2\/2023\/11\/Template-for-event-featured-images-1.png\" \/><\/p>\n<h4>Performance steigern<\/h4>\n<p>Um die Vorteile der KI voll auszusch\u00f6pfen, m\u00fcssen Personaldienstleister ihre Systeme, Teams und Strategien optimal vorbereiten. Unser Leitfaden zur Einf\u00fchrung von KI hilft dir, weniger Zeit mit Fehlerbehebung und mehr Zeit mit Transformation zu verbringen.<\/p>\n<p><a class=\"button\" href=\"\/uk\/resources\/prepare-your-business-for-ai-adoption\/\">KI sinnvoll nutzen<\/a><\/p>\n"}],"block_background":"bg-blue","block_background_video_type":"url","block_background_video_url":"","block_background_video_file":false,"block_background_image":false,"block_background_overlay":false,"unique_id":"","block_option_custom_class":"","block_animate":true,"block_option_padding":[],"block_option_hide":[],"bg_lower_slant_color":""},{"acf_fc_layout":"content-icon-box","icon":"shapes-solid\/plus","icon_color":"green","icon_alignment":"left","background_shape":"","parallax_fx":false,"title":"Deine Bullhorn-Community","block_aria":"","content":"<h3>Mit 150.000 Mitglieder:innen bietet dir unsere Community die einzigartige Chance, direkt mit Staffing-Expert:innen aus deiner Branche in den Austausch zu gehen und voneinander zu lernen. Profitiere von exklusiven Webinaren, Fokus-Gruppen und pers\u00f6nlichen Treffen.<\/h3>\n<h3>Wir laden dich herzlich ein, gemeinsam mit uns auf Erfolgskurs zu gehen!<\/h3>\n","links_title":"Related Products","links":false,"block_background":"bg-blue","block_background_video_type":"url","block_background_video_url":"","block_background_video_file":false,"block_background_image":false,"block_background_overlay":false,"unique_id":"","block_option_custom_class":"","block_animate":false,"block_option_padding":[],"block_option_hide":[],"bg_lower_slant_color":""}],"_links":{"self":[{"href":"https:\/\/www.bullhorn.com\/de\/wp-json\/wp\/v2\/pages\/74347","targetHints":{"allow":["GET"]}}],"collection":[{"href":"https:\/\/www.bullhorn.com\/de\/wp-json\/wp\/v2\/pages"}],"about":[{"href":"https:\/\/www.bullhorn.com\/de\/wp-json\/wp\/v2\/types\/page"}],"author":[{"embeddable":true,"href":"https:\/\/www.bullhorn.com\/de\/wp-json\/wp\/v2\/users\/403"}],"replies":[{"embeddable":true,"href":"https:\/\/www.bullhorn.com\/de\/wp-json\/wp\/v2\/comments?post=74347"}],"version-history":[{"count":5,"href":"https:\/\/www.bullhorn.com\/de\/wp-json\/wp\/v2\/pages\/74347\/revisions"}],"predecessor-version":[{"id":75062,"href":"https:\/\/www.bullhorn.com\/de\/wp-json\/wp\/v2\/pages\/74347\/revisions\/75062"}],"wp:attachment":[{"href":"https:\/\/www.bullhorn.com\/de\/wp-json\/wp\/v2\/media?parent=74347"}],"curies":[{"name":"wp","href":"https:\/\/api.w.org\/{rel}","templated":true}]}}