{"id":74931,"date":"2023-11-01T18:18:11","date_gmt":"2023-11-01T18:18:11","guid":{"rendered":"https:\/\/www.bullhorn.com\/de\/2024-talent-trends\/"},"modified":"2025-07-01T22:28:53","modified_gmt":"2025-07-01T22:28:53","slug":"2024-talent-trends","status":"publish","type":"page","link":"https:\/\/www.bullhorn.com\/de\/grid\/2024-talent-trends\/","title":{"rendered":"GRID 2024 Talent-Trends-Report"},"content":{"rendered":"","protected":false},"excerpt":{"rendered":"","protected":false},"author":403,"featured_media":73737,"parent":73059,"menu_order":0,"comment_status":"closed","ping_status":"closed","template":"templates\/page-grid.php","meta":{"_acf_changed":false,"om_disable_all_campaigns":false},"class_list":["post-74931","page","type-page","status-publish","has-post-thumbnail","hentry"],"acf":[],"yoast_head":"<!-- This site is optimized with the Yoast SEO plugin v27.2 - https:\/\/yoast.com\/product\/yoast-seo-wordpress\/ -->\n<title>GRID 2024 Talent-Trends-Report - Bullhorn DE<\/title>\n<meta name=\"robots\" content=\"index, follow, max-snippet:-1, max-image-preview:large, max-video-preview:-1\" \/>\n<link rel=\"canonical\" href=\"https:\/\/www.bullhorn.com\/de\/grid\/2024-talent-trends\/\" \/>\n<meta property=\"og:locale\" content=\"de_DE\" \/>\n<meta property=\"og:type\" content=\"article\" \/>\n<meta property=\"og:title\" content=\"GRID 2024 Talent-Trends-Report - Bullhorn DE\" \/>\n<meta property=\"og:url\" content=\"https:\/\/www.bullhorn.com\/de\/grid\/2024-talent-trends\/\" \/>\n<meta property=\"og:site_name\" content=\"Bullhorn DE\" \/>\n<meta property=\"article:publisher\" content=\"https:\/\/www.facebook.com\/Bullhorn\/\" \/>\n<meta property=\"article:modified_time\" content=\"2025-07-01T22:28:53+00:00\" \/>\n<meta property=\"og:image\" content=\"https:\/\/www.bullhorn.com\/de\/wp-content\/uploads\/sites\/7\/2023\/11\/Talent_Trends_Report_Social-Cards-US-UKI-APAC-.jpg\" \/>\n\t<meta property=\"og:image:width\" content=\"1200\" \/>\n\t<meta property=\"og:image:height\" content=\"627\" \/>\n\t<meta property=\"og:image:type\" content=\"image\/jpeg\" \/>\n<meta name=\"twitter:card\" content=\"summary_large_image\" \/>\n<meta name=\"twitter:site\" content=\"@Bullhorn\" \/>\n<meta name=\"twitter:label1\" content=\"Gesch\u00e4tzte Lesezeit\" \/>\n\t<meta name=\"twitter:data1\" content=\"1\u00a0Minute\" \/>\n<script type=\"application\/ld+json\" class=\"yoast-schema-graph\">{\"@context\":\"https:\/\/schema.org\",\"@graph\":[{\"@type\":\"WebPage\",\"@id\":\"https:\/\/www.bullhorn.com\/de\/grid\/2024-talent-trends\/\",\"url\":\"https:\/\/www.bullhorn.com\/de\/grid\/2024-talent-trends\/\",\"name\":\"GRID 2024 Talent-Trends-Report - Bullhorn DE\",\"isPartOf\":{\"@id\":\"https:\/\/www.bullhorn.com\/de\/#website\"},\"primaryImageOfPage\":{\"@id\":\"https:\/\/www.bullhorn.com\/de\/grid\/2024-talent-trends\/#primaryimage\"},\"image\":{\"@id\":\"https:\/\/www.bullhorn.com\/de\/grid\/2024-talent-trends\/#primaryimage\"},\"thumbnailUrl\":\"https:\/\/www.bullhorn.com\/de\/wp-content\/uploads\/sites\/7\/2023\/11\/Talent_Trends_Report_Social-Cards-US-UKI-APAC-.jpg\",\"datePublished\":\"2023-11-01T18:18:11+00:00\",\"dateModified\":\"2025-07-01T22:28:53+00:00\",\"breadcrumb\":{\"@id\":\"https:\/\/www.bullhorn.com\/de\/grid\/2024-talent-trends\/#breadcrumb\"},\"inLanguage\":\"de\",\"potentialAction\":[{\"@type\":\"ReadAction\",\"target\":[\"https:\/\/www.bullhorn.com\/de\/grid\/2024-talent-trends\/\"]}]},{\"@type\":\"ImageObject\",\"inLanguage\":\"de\",\"@id\":\"https:\/\/www.bullhorn.com\/de\/grid\/2024-talent-trends\/#primaryimage\",\"url\":\"https:\/\/www.bullhorn.com\/de\/wp-content\/uploads\/sites\/7\/2023\/11\/Talent_Trends_Report_Social-Cards-US-UKI-APAC-.jpg\",\"contentUrl\":\"https:\/\/www.bullhorn.com\/de\/wp-content\/uploads\/sites\/7\/2023\/11\/Talent_Trends_Report_Social-Cards-US-UKI-APAC-.jpg\",\"width\":1200,\"height\":627,\"caption\":\"Talent Trends Report social media featured image\"},{\"@type\":\"BreadcrumbList\",\"@id\":\"https:\/\/www.bullhorn.com\/de\/grid\/2024-talent-trends\/#breadcrumb\",\"itemListElement\":[{\"@type\":\"ListItem\",\"position\":1,\"name\":\"Home\",\"item\":\"https:\/\/www.bullhorn.com\/de\/\"},{\"@type\":\"ListItem\",\"position\":2,\"name\":\"GRID Home\",\"item\":\"https:\/\/www.bullhorn.com\/de\/grid\/\"},{\"@type\":\"ListItem\",\"position\":3,\"name\":\"GRID 2024 Talent-Trends-Report\"}]},{\"@type\":\"WebSite\",\"@id\":\"https:\/\/www.bullhorn.com\/de\/#website\",\"url\":\"https:\/\/www.bullhorn.com\/de\/\",\"name\":\"Bullhorn DE\",\"description\":\"Just another Bullhorn Sites site\",\"publisher\":{\"@id\":\"https:\/\/www.bullhorn.com\/de\/#organization\"},\"potentialAction\":[{\"@type\":\"SearchAction\",\"target\":{\"@type\":\"EntryPoint\",\"urlTemplate\":\"https:\/\/www.bullhorn.com\/de\/?s={search_term_string}\"},\"query-input\":{\"@type\":\"PropertyValueSpecification\",\"valueRequired\":true,\"valueName\":\"search_term_string\"}}],\"inLanguage\":\"de\"},{\"@type\":\"Organization\",\"@id\":\"https:\/\/www.bullhorn.com\/de\/#organization\",\"name\":\"Bullhorn\",\"url\":\"https:\/\/www.bullhorn.com\/de\/\",\"logo\":{\"@type\":\"ImageObject\",\"inLanguage\":\"de\",\"@id\":\"https:\/\/www.bullhorn.com\/de\/#\/schema\/logo\/image\/\",\"url\":\"https:\/\/www.bullhorn.com\/de\/wp-content\/uploads\/sites\/7\/2021\/09\/og-img.png\",\"contentUrl\":\"https:\/\/www.bullhorn.com\/de\/wp-content\/uploads\/sites\/7\/2021\/09\/og-img.png\",\"width\":1200,\"height\":628,\"caption\":\"Bullhorn\"},\"image\":{\"@id\":\"https:\/\/www.bullhorn.com\/de\/#\/schema\/logo\/image\/\"},\"sameAs\":[\"https:\/\/www.facebook.com\/Bullhorn\/\",\"https:\/\/x.com\/Bullhorn\",\"https:\/\/www.instagram.com\/lifeatbullhorn\/?hl=de\",\"https:\/\/www.linkedin.com\/company\/bullhorn\",\"https:\/\/www.youtube.com\/channel\/UC-Rgm5YxtoxsvlCHy6KW3Ug\",\"https:\/\/en.wikipedia.org\/wiki\/Bullhorn,_Inc.\"]}]}<\/script>\n<!-- \/ Yoast SEO plugin. -->","yoast_head_json":{"title":"GRID 2024 Talent-Trends-Report - Bullhorn DE","robots":{"index":"index","follow":"follow","max-snippet":"max-snippet:-1","max-image-preview":"max-image-preview:large","max-video-preview":"max-video-preview:-1"},"canonical":"https:\/\/www.bullhorn.com\/de\/grid\/2024-talent-trends\/","og_locale":"de_DE","og_type":"article","og_title":"GRID 2024 Talent-Trends-Report - Bullhorn DE","og_url":"https:\/\/www.bullhorn.com\/de\/grid\/2024-talent-trends\/","og_site_name":"Bullhorn DE","article_publisher":"https:\/\/www.facebook.com\/Bullhorn\/","article_modified_time":"2025-07-01T22:28:53+00:00","og_image":[{"width":1200,"height":627,"url":"https:\/\/www.bullhorn.com\/de\/wp-content\/uploads\/sites\/7\/2023\/11\/Talent_Trends_Report_Social-Cards-US-UKI-APAC-.jpg","type":"image\/jpeg"}],"twitter_card":"summary_large_image","twitter_site":"@Bullhorn","twitter_misc":{"Gesch\u00e4tzte Lesezeit":"1\u00a0Minute"},"schema":{"@context":"https:\/\/schema.org","@graph":[{"@type":"WebPage","@id":"https:\/\/www.bullhorn.com\/de\/grid\/2024-talent-trends\/","url":"https:\/\/www.bullhorn.com\/de\/grid\/2024-talent-trends\/","name":"GRID 2024 Talent-Trends-Report - Bullhorn DE","isPartOf":{"@id":"https:\/\/www.bullhorn.com\/de\/#website"},"primaryImageOfPage":{"@id":"https:\/\/www.bullhorn.com\/de\/grid\/2024-talent-trends\/#primaryimage"},"image":{"@id":"https:\/\/www.bullhorn.com\/de\/grid\/2024-talent-trends\/#primaryimage"},"thumbnailUrl":"https:\/\/www.bullhorn.com\/de\/wp-content\/uploads\/sites\/7\/2023\/11\/Talent_Trends_Report_Social-Cards-US-UKI-APAC-.jpg","datePublished":"2023-11-01T18:18:11+00:00","dateModified":"2025-07-01T22:28:53+00:00","breadcrumb":{"@id":"https:\/\/www.bullhorn.com\/de\/grid\/2024-talent-trends\/#breadcrumb"},"inLanguage":"de","potentialAction":[{"@type":"ReadAction","target":["https:\/\/www.bullhorn.com\/de\/grid\/2024-talent-trends\/"]}]},{"@type":"ImageObject","inLanguage":"de","@id":"https:\/\/www.bullhorn.com\/de\/grid\/2024-talent-trends\/#primaryimage","url":"https:\/\/www.bullhorn.com\/de\/wp-content\/uploads\/sites\/7\/2023\/11\/Talent_Trends_Report_Social-Cards-US-UKI-APAC-.jpg","contentUrl":"https:\/\/www.bullhorn.com\/de\/wp-content\/uploads\/sites\/7\/2023\/11\/Talent_Trends_Report_Social-Cards-US-UKI-APAC-.jpg","width":1200,"height":627,"caption":"Talent Trends Report social media featured image"},{"@type":"BreadcrumbList","@id":"https:\/\/www.bullhorn.com\/de\/grid\/2024-talent-trends\/#breadcrumb","itemListElement":[{"@type":"ListItem","position":1,"name":"Home","item":"https:\/\/www.bullhorn.com\/de\/"},{"@type":"ListItem","position":2,"name":"GRID Home","item":"https:\/\/www.bullhorn.com\/de\/grid\/"},{"@type":"ListItem","position":3,"name":"GRID 2024 Talent-Trends-Report"}]},{"@type":"WebSite","@id":"https:\/\/www.bullhorn.com\/de\/#website","url":"https:\/\/www.bullhorn.com\/de\/","name":"Bullhorn DE","description":"Just another Bullhorn Sites site","publisher":{"@id":"https:\/\/www.bullhorn.com\/de\/#organization"},"potentialAction":[{"@type":"SearchAction","target":{"@type":"EntryPoint","urlTemplate":"https:\/\/www.bullhorn.com\/de\/?s={search_term_string}"},"query-input":{"@type":"PropertyValueSpecification","valueRequired":true,"valueName":"search_term_string"}}],"inLanguage":"de"},{"@type":"Organization","@id":"https:\/\/www.bullhorn.com\/de\/#organization","name":"Bullhorn","url":"https:\/\/www.bullhorn.com\/de\/","logo":{"@type":"ImageObject","inLanguage":"de","@id":"https:\/\/www.bullhorn.com\/de\/#\/schema\/logo\/image\/","url":"https:\/\/www.bullhorn.com\/de\/wp-content\/uploads\/sites\/7\/2021\/09\/og-img.png","contentUrl":"https:\/\/www.bullhorn.com\/de\/wp-content\/uploads\/sites\/7\/2021\/09\/og-img.png","width":1200,"height":628,"caption":"Bullhorn"},"image":{"@id":"https:\/\/www.bullhorn.com\/de\/#\/schema\/logo\/image\/"},"sameAs":["https:\/\/www.facebook.com\/Bullhorn\/","https:\/\/x.com\/Bullhorn","https:\/\/www.instagram.com\/lifeatbullhorn\/?hl=de","https:\/\/www.linkedin.com\/company\/bullhorn","https:\/\/www.youtube.com\/channel\/UC-Rgm5YxtoxsvlCHy6KW3Ug","https:\/\/en.wikipedia.org\/wiki\/Bullhorn,_Inc."]}]}},"grav_blocks":[{"acf_fc_layout":"content-icon-box","icon":"","icon_color":"green","icon_alignment":"left","background_shape":"","parallax_fx":false,"title":"","block_aria":"Was erwarten Kandidat:innen von Personaldienstleistern?","content":"<h2 class=\"title-color-purple\">Was erwarten Kandidat:innen von Personaldienstleistern?<\/h2>\n<h3>Unser Bericht hat gezeigt, dass Kandidat:innen klare Erwartungen an Recruiter und deren Firmen haben: zeitnahe Vermittlung, klare Kommunikation und effiziente technische Werkzeuge \u2013 um nur einige zu nennen.<\/h3>\n<p><script src=\"https:\/\/fast.wistia.com\/embed\/medias\/a2jhuoozdf.jsonp\" async><\/script><script src=\"https:\/\/fast.wistia.com\/assets\/external\/E-v1.js\" async><\/script><\/p>\n<div class=\"wistia_responsive_padding\" style=\"padding: 56.25% 0 0 0; position: relative;\">\n<div class=\"wistia_responsive_wrapper\" style=\"height: 100%; left: 0; position: absolute; top: 0; width: 100%;\"><span class=\"wistia_embed wistia_async_a2jhuoozdf popover=true videoFoam=true\" style=\"display: inline-block; height: 100%; position: relative; width: 100%;\">\u00a0<\/span><\/div>\n<\/div>\n<p><a class=\"button button--magenta\" href=\"#banner\">Bericht abrufen<\/a><\/p>\n","links_title":"Related Products","links":false,"block_background":"block-bg-none","block_background_video_type":"url","block_background_video_url":"","block_background_video_file":false,"block_background_image":false,"block_background_overlay":false,"unique_id":"","block_option_custom_class":"","block_animate":false,"block_option_padding":["block-options-padding-remove-top"],"block_option_hide":[],"bg_lower_slant_color":""},{"acf_fc_layout":"columns","block_title":"","block_aria":"sneak peek","block_subtitle":"","format":"","enable_box_shadow":false,"columns":[{"type":"wysiwyg","wysiwyg":"<h2 class=\"title-color-purple\">Hier ist ein kleiner Einblick in einige unserer Ergebnisse:<\/h2>\n","accordion_open_first_section":false,"accordion_multiple_open_sections":false,"accordion_items":false,"icon_list_items":false},{"type":"wysiwyg","wysiwyg":"<h5><i class=\"fa-solid fa-arrow-right\"><\/i> Kandidat:innen bewerten die Suche nach dem <strong>richtigen Job<\/strong> und eine <strong>schnellere Vermittlung<\/strong> als den gr\u00f6\u00dften Mehrwert bei der Zusammenarbeit mit einem Recruiter.<\/h5>\n<h5><i class=\"fa-solid fa-arrow-right\"><\/i> 86% der Kandidat:innen m\u00f6chten in <strong>weniger als 20 Tagen<\/strong> vermittelt werden.<\/h5>\n<h5><i class=\"fa-solid fa-arrow-right\"><\/i> 59% der Kandidat:innen, die <strong>bereits mit KI arbeiten<\/strong>, geben an, aufgrund dessen schnellere R\u00fcckmeldungen erhalten zu haben.<\/h5>\n","accordion_open_first_section":false,"accordion_multiple_open_sections":false,"accordion_items":false,"icon_list_items":false}],"block_background":"block-bg-none","block_background_video_type":"url","block_background_video_url":"","block_background_video_file":false,"block_background_image":false,"block_background_overlay":false,"unique_id":"","block_option_custom_class":"","block_animate":false,"block_option_padding":[],"block_option_hide":[],"bg_lower_slant_color":""},{"acf_fc_layout":"columns","block_title":"","block_aria":"About the report","block_subtitle":"","format":"","enable_box_shadow":false,"columns":[{"type":"wysiwyg","wysiwyg":"<h2 class=\"title-color-purple\">\u00dcber den Bericht<\/h2>\n<h3>Unser j\u00e4hrlicher Bericht enth\u00e4lt die umfassendste Analyse des heutigen Talentpools. An der diesj\u00e4hrigen Umfrage haben sich \u00fcber 2.400 Zeitarbeitskr\u00e4fte aus aller Welt beteiligt, davon mehr als 100 aus der DACH-Region.<\/h3>\n<p><a class=\"button button--magenta\" href=\"#banner\">Bericht abrufen<\/a><\/p>\n","accordion_open_first_section":false,"accordion_multiple_open_sections":false,"accordion_items":false,"icon_list_items":false}],"block_background":"bg-gray","block_background_video_type":"url","block_background_video_url":"","block_background_video_file":false,"block_background_image":false,"block_background_overlay":false,"unique_id":"","block_option_custom_class":"","block_animate":false,"block_option_padding":[],"block_option_hide":[],"bg_lower_slant_color":""}],"_links":{"self":[{"href":"https:\/\/www.bullhorn.com\/de\/wp-json\/wp\/v2\/pages\/74931","targetHints":{"allow":["GET"]}}],"collection":[{"href":"https:\/\/www.bullhorn.com\/de\/wp-json\/wp\/v2\/pages"}],"about":[{"href":"https:\/\/www.bullhorn.com\/de\/wp-json\/wp\/v2\/types\/page"}],"author":[{"embeddable":true,"href":"https:\/\/www.bullhorn.com\/de\/wp-json\/wp\/v2\/users\/403"}],"replies":[{"embeddable":true,"href":"https:\/\/www.bullhorn.com\/de\/wp-json\/wp\/v2\/comments?post=74931"}],"version-history":[{"count":5,"href":"https:\/\/www.bullhorn.com\/de\/wp-json\/wp\/v2\/pages\/74931\/revisions"}],"predecessor-version":[{"id":76341,"href":"https:\/\/www.bullhorn.com\/de\/wp-json\/wp\/v2\/pages\/74931\/revisions\/76341"}],"up":[{"embeddable":true,"href":"https:\/\/www.bullhorn.com\/de\/wp-json\/wp\/v2\/pages\/73059"}],"wp:featuredmedia":[{"embeddable":true,"href":"https:\/\/www.bullhorn.com\/de\/wp-json\/wp\/v2\/media\/73737"}],"wp:attachment":[{"href":"https:\/\/www.bullhorn.com\/de\/wp-json\/wp\/v2\/media?parent=74931"}],"curies":[{"name":"wp","href":"https:\/\/api.w.org\/{rel}","templated":true}]}}