{"id":75708,"date":"2024-02-21T19:10:36","date_gmt":"2024-02-21T19:10:36","guid":{"rendered":"https:\/\/www.bullhorn.com\/de\/2025-industry-trends\/"},"modified":"2025-09-12T16:15:51","modified_gmt":"2025-09-12T16:15:51","slug":"2025-industry-trends","status":"publish","type":"page","link":"https:\/\/www.bullhorn.com\/de\/grid\/2025-industry-trends\/","title":{"rendered":"Der GRID 2025 Recruiting-Trends-Report"},"content":{"rendered":"","protected":false},"excerpt":{"rendered":"<p>Vor welchen Herausforderungen stehen Unternehmen 2025? Was sind ihre gr\u00f6\u00dften Priorit\u00e4ten? Und wird KI dieses Jahr zum Game-Changer f\u00fcr die Recruiting-Branche? Diese und viele weitere Fragen beleuchten wir in unserem j\u00e4hrlichen GRID Branchenreport.<\/p>\n","protected":false},"author":403,"featured_media":75709,"parent":73059,"menu_order":0,"comment_status":"closed","ping_status":"closed","template":"templates\/page-grid.php","meta":{"_acf_changed":false,"om_disable_all_campaigns":false},"class_list":["post-75708","page","type-page","status-publish","has-post-thumbnail","hentry"],"acf":[],"yoast_head":"<!-- This site is optimized with the Yoast SEO plugin v27.2 - https:\/\/yoast.com\/product\/yoast-seo-wordpress\/ -->\n<title>2025 Deutsche Personalbranche Trends | Bullhorn GRID<\/title>\n<meta name=\"description\" content=\"Entdecken Sie wichtige Erkenntnisse und Herausforderungen, die die deutsche Personalbranche 2025 pr\u00e4gen, mit dem Bullhorn GRID Report. Erhalten Sie Daten zu KI, Automatisierung und Wachstumsstrategien.\" \/>\n<meta name=\"robots\" content=\"index, follow, max-snippet:-1, max-image-preview:large, max-video-preview:-1\" \/>\n<link rel=\"canonical\" href=\"https:\/\/www.bullhorn.com\/de\/grid\/2025-industry-trends\/\" \/>\n<meta property=\"og:locale\" content=\"de_DE\" \/>\n<meta property=\"og:type\" content=\"article\" \/>\n<meta property=\"og:title\" content=\"2025 Deutsche Personalbranche Trends | Bullhorn GRID\" \/>\n<meta property=\"og:description\" content=\"Entdecken Sie wichtige Erkenntnisse und Herausforderungen, die die deutsche Personalbranche 2025 pr\u00e4gen, mit dem Bullhorn GRID Report. Erhalten Sie Daten zu KI, Automatisierung und Wachstumsstrategien.\" \/>\n<meta property=\"og:url\" content=\"https:\/\/www.bullhorn.com\/de\/grid\/2025-industry-trends\/\" \/>\n<meta property=\"og:site_name\" content=\"Bullhorn DE\" \/>\n<meta property=\"article:publisher\" content=\"https:\/\/www.facebook.com\/Bullhorn\/\" \/>\n<meta property=\"article:modified_time\" content=\"2025-09-12T16:15:51+00:00\" \/>\n<meta property=\"og:image\" content=\"https:\/\/www.bullhorn.com\/de\/wp-content\/uploads\/sites\/7\/2025\/02\/GRID_Industry_Social_Cards1_V2_NA.jpg\" \/>\n\t<meta property=\"og:image:width\" content=\"1200\" \/>\n\t<meta property=\"og:image:height\" content=\"627\" \/>\n\t<meta property=\"og:image:type\" content=\"image\/jpeg\" \/>\n<meta name=\"twitter:card\" content=\"summary_large_image\" \/>\n<meta name=\"twitter:site\" content=\"@Bullhorn\" \/>\n<meta name=\"twitter:label1\" content=\"Gesch\u00e4tzte Lesezeit\" \/>\n\t<meta name=\"twitter:data1\" content=\"1\u00a0Minute\" \/>\n<script type=\"application\/ld+json\" class=\"yoast-schema-graph\">{\"@context\":\"https:\/\/schema.org\",\"@graph\":[{\"@type\":[\"Article\",\"Report\"],\"@id\":\"https:\/\/www.bullhorn.com\/de\/grid\/2025-industry-trends\/#article\",\"isPartOf\":{\"@id\":\"https:\/\/www.bullhorn.com\/de\/grid\/2025-industry-trends\/\"},\"author\":{\"name\":\"Julian Ruiz\",\"@id\":\"https:\/\/www.bullhorn.com\/de\/#\/schema\/person\/cdd90d10e6cdb7f2e8e2a13d1a8c5f28\"},\"headline\":\"Der GRID 2025 Recruiting-Trends-Report\",\"datePublished\":\"2024-02-21T19:10:36+00:00\",\"dateModified\":\"2025-09-12T16:15:51+00:00\",\"mainEntityOfPage\":{\"@id\":\"https:\/\/www.bullhorn.com\/de\/grid\/2025-industry-trends\/\"},\"wordCount\":3,\"publisher\":{\"@id\":\"https:\/\/www.bullhorn.com\/de\/#organization\"},\"image\":{\"@id\":\"https:\/\/www.bullhorn.com\/de\/grid\/2025-industry-trends\/#primaryimage\"},\"thumbnailUrl\":\"https:\/\/www.bullhorn.com\/de\/wp-content\/uploads\/sites\/7\/2025\/02\/GRID_Industry_Social_Cards1_V2_NA.jpg\",\"inLanguage\":\"de\"},{\"@type\":\"WebPage\",\"@id\":\"https:\/\/www.bullhorn.com\/de\/grid\/2025-industry-trends\/\",\"url\":\"https:\/\/www.bullhorn.com\/de\/grid\/2025-industry-trends\/\",\"name\":\"2025 Deutsche Personalbranche Trends | Bullhorn GRID\",\"isPartOf\":{\"@id\":\"https:\/\/www.bullhorn.com\/de\/#website\"},\"primaryImageOfPage\":{\"@id\":\"https:\/\/www.bullhorn.com\/de\/grid\/2025-industry-trends\/#primaryimage\"},\"image\":{\"@id\":\"https:\/\/www.bullhorn.com\/de\/grid\/2025-industry-trends\/#primaryimage\"},\"thumbnailUrl\":\"https:\/\/www.bullhorn.com\/de\/wp-content\/uploads\/sites\/7\/2025\/02\/GRID_Industry_Social_Cards1_V2_NA.jpg\",\"datePublished\":\"2024-02-21T19:10:36+00:00\",\"dateModified\":\"2025-09-12T16:15:51+00:00\",\"description\":\"Entdecken Sie wichtige Erkenntnisse und Herausforderungen, die die deutsche Personalbranche 2025 pr\u00e4gen, mit dem Bullhorn GRID Report. Erhalten Sie Daten zu KI, Automatisierung und Wachstumsstrategien.\",\"breadcrumb\":{\"@id\":\"https:\/\/www.bullhorn.com\/de\/grid\/2025-industry-trends\/#breadcrumb\"},\"inLanguage\":\"de\",\"potentialAction\":[{\"@type\":\"ReadAction\",\"target\":[\"https:\/\/www.bullhorn.com\/de\/grid\/2025-industry-trends\/\"]}]},{\"@type\":\"ImageObject\",\"inLanguage\":\"de\",\"@id\":\"https:\/\/www.bullhorn.com\/de\/grid\/2025-industry-trends\/#primaryimage\",\"url\":\"https:\/\/www.bullhorn.com\/de\/wp-content\/uploads\/sites\/7\/2025\/02\/GRID_Industry_Social_Cards1_V2_NA.jpg\",\"contentUrl\":\"https:\/\/www.bullhorn.com\/de\/wp-content\/uploads\/sites\/7\/2025\/02\/GRID_Industry_Social_Cards1_V2_NA.jpg\",\"width\":1200,\"height\":627,\"caption\":\"GRID 2024 Industry Trends Report\"},{\"@type\":\"BreadcrumbList\",\"@id\":\"https:\/\/www.bullhorn.com\/de\/grid\/2025-industry-trends\/#breadcrumb\",\"itemListElement\":[{\"@type\":\"ListItem\",\"position\":1,\"name\":\"Home\",\"item\":\"https:\/\/www.bullhorn.com\/de\/\"},{\"@type\":\"ListItem\",\"position\":2,\"name\":\"GRID Home\",\"item\":\"https:\/\/www.bullhorn.com\/de\/grid\/\"},{\"@type\":\"ListItem\",\"position\":3,\"name\":\"Der GRID 2025 Recruiting-Trends-Report\"}]},{\"@type\":\"WebSite\",\"@id\":\"https:\/\/www.bullhorn.com\/de\/#website\",\"url\":\"https:\/\/www.bullhorn.com\/de\/\",\"name\":\"Bullhorn DE\",\"description\":\"Just another Bullhorn Sites site\",\"publisher\":{\"@id\":\"https:\/\/www.bullhorn.com\/de\/#organization\"},\"potentialAction\":[{\"@type\":\"SearchAction\",\"target\":{\"@type\":\"EntryPoint\",\"urlTemplate\":\"https:\/\/www.bullhorn.com\/de\/?s={search_term_string}\"},\"query-input\":{\"@type\":\"PropertyValueSpecification\",\"valueRequired\":true,\"valueName\":\"search_term_string\"}}],\"inLanguage\":\"de\"},{\"@type\":\"Organization\",\"@id\":\"https:\/\/www.bullhorn.com\/de\/#organization\",\"name\":\"Bullhorn\",\"url\":\"https:\/\/www.bullhorn.com\/de\/\",\"logo\":{\"@type\":\"ImageObject\",\"inLanguage\":\"de\",\"@id\":\"https:\/\/www.bullhorn.com\/de\/#\/schema\/logo\/image\/\",\"url\":\"https:\/\/www.bullhorn.com\/de\/wp-content\/uploads\/sites\/7\/2021\/09\/og-img.png\",\"contentUrl\":\"https:\/\/www.bullhorn.com\/de\/wp-content\/uploads\/sites\/7\/2021\/09\/og-img.png\",\"width\":1200,\"height\":628,\"caption\":\"Bullhorn\"},\"image\":{\"@id\":\"https:\/\/www.bullhorn.com\/de\/#\/schema\/logo\/image\/\"},\"sameAs\":[\"https:\/\/www.facebook.com\/Bullhorn\/\",\"https:\/\/x.com\/Bullhorn\",\"https:\/\/www.instagram.com\/lifeatbullhorn\/?hl=de\",\"https:\/\/www.linkedin.com\/company\/bullhorn\",\"https:\/\/www.youtube.com\/channel\/UC-Rgm5YxtoxsvlCHy6KW3Ug\",\"https:\/\/en.wikipedia.org\/wiki\/Bullhorn,_Inc.\"]},{\"@type\":\"Person\",\"@id\":\"https:\/\/www.bullhorn.com\/de\/#\/schema\/person\/cdd90d10e6cdb7f2e8e2a13d1a8c5f28\",\"name\":\"Julian Ruiz\",\"image\":{\"@type\":\"ImageObject\",\"inLanguage\":\"de\",\"@id\":\"https:\/\/secure.gravatar.com\/avatar\/3e16d68f4191396421f0d47a21d25ae7d922af7509b24a73f21ed22c26d32f5a?s=96&d=mm&r=g\",\"url\":\"https:\/\/secure.gravatar.com\/avatar\/3e16d68f4191396421f0d47a21d25ae7d922af7509b24a73f21ed22c26d32f5a?s=96&d=mm&r=g\",\"contentUrl\":\"https:\/\/secure.gravatar.com\/avatar\/3e16d68f4191396421f0d47a21d25ae7d922af7509b24a73f21ed22c26d32f5a?s=96&d=mm&r=g\",\"caption\":\"Julian Ruiz\"},\"url\":\"https:\/\/www.bullhorn.com\/de\/blog\/author\/julianruiz\/\"}]}<\/script>\n<!-- \/ Yoast SEO plugin. -->","yoast_head_json":{"title":"2025 Deutsche Personalbranche Trends | Bullhorn GRID","description":"Entdecken Sie wichtige Erkenntnisse und Herausforderungen, die die deutsche Personalbranche 2025 pr\u00e4gen, mit dem Bullhorn GRID Report. Erhalten Sie Daten zu KI, Automatisierung und Wachstumsstrategien.","robots":{"index":"index","follow":"follow","max-snippet":"max-snippet:-1","max-image-preview":"max-image-preview:large","max-video-preview":"max-video-preview:-1"},"canonical":"https:\/\/www.bullhorn.com\/de\/grid\/2025-industry-trends\/","og_locale":"de_DE","og_type":"article","og_title":"2025 Deutsche Personalbranche Trends | Bullhorn GRID","og_description":"Entdecken Sie wichtige Erkenntnisse und Herausforderungen, die die deutsche Personalbranche 2025 pr\u00e4gen, mit dem Bullhorn GRID Report. Erhalten Sie Daten zu KI, Automatisierung und Wachstumsstrategien.","og_url":"https:\/\/www.bullhorn.com\/de\/grid\/2025-industry-trends\/","og_site_name":"Bullhorn DE","article_publisher":"https:\/\/www.facebook.com\/Bullhorn\/","article_modified_time":"2025-09-12T16:15:51+00:00","og_image":[{"width":1200,"height":627,"url":"https:\/\/www.bullhorn.com\/de\/wp-content\/uploads\/sites\/7\/2025\/02\/GRID_Industry_Social_Cards1_V2_NA.jpg","type":"image\/jpeg"}],"twitter_card":"summary_large_image","twitter_site":"@Bullhorn","twitter_misc":{"Gesch\u00e4tzte Lesezeit":"1\u00a0Minute"},"schema":{"@context":"https:\/\/schema.org","@graph":[{"@type":["Article","Report"],"@id":"https:\/\/www.bullhorn.com\/de\/grid\/2025-industry-trends\/#article","isPartOf":{"@id":"https:\/\/www.bullhorn.com\/de\/grid\/2025-industry-trends\/"},"author":{"name":"Julian Ruiz","@id":"https:\/\/www.bullhorn.com\/de\/#\/schema\/person\/cdd90d10e6cdb7f2e8e2a13d1a8c5f28"},"headline":"Der GRID 2025 Recruiting-Trends-Report","datePublished":"2024-02-21T19:10:36+00:00","dateModified":"2025-09-12T16:15:51+00:00","mainEntityOfPage":{"@id":"https:\/\/www.bullhorn.com\/de\/grid\/2025-industry-trends\/"},"wordCount":3,"publisher":{"@id":"https:\/\/www.bullhorn.com\/de\/#organization"},"image":{"@id":"https:\/\/www.bullhorn.com\/de\/grid\/2025-industry-trends\/#primaryimage"},"thumbnailUrl":"https:\/\/www.bullhorn.com\/de\/wp-content\/uploads\/sites\/7\/2025\/02\/GRID_Industry_Social_Cards1_V2_NA.jpg","inLanguage":"de"},{"@type":"WebPage","@id":"https:\/\/www.bullhorn.com\/de\/grid\/2025-industry-trends\/","url":"https:\/\/www.bullhorn.com\/de\/grid\/2025-industry-trends\/","name":"2025 Deutsche Personalbranche Trends | Bullhorn GRID","isPartOf":{"@id":"https:\/\/www.bullhorn.com\/de\/#website"},"primaryImageOfPage":{"@id":"https:\/\/www.bullhorn.com\/de\/grid\/2025-industry-trends\/#primaryimage"},"image":{"@id":"https:\/\/www.bullhorn.com\/de\/grid\/2025-industry-trends\/#primaryimage"},"thumbnailUrl":"https:\/\/www.bullhorn.com\/de\/wp-content\/uploads\/sites\/7\/2025\/02\/GRID_Industry_Social_Cards1_V2_NA.jpg","datePublished":"2024-02-21T19:10:36+00:00","dateModified":"2025-09-12T16:15:51+00:00","description":"Entdecken Sie wichtige Erkenntnisse und Herausforderungen, die die deutsche Personalbranche 2025 pr\u00e4gen, mit dem Bullhorn GRID Report. Erhalten Sie Daten zu KI, Automatisierung und Wachstumsstrategien.","breadcrumb":{"@id":"https:\/\/www.bullhorn.com\/de\/grid\/2025-industry-trends\/#breadcrumb"},"inLanguage":"de","potentialAction":[{"@type":"ReadAction","target":["https:\/\/www.bullhorn.com\/de\/grid\/2025-industry-trends\/"]}]},{"@type":"ImageObject","inLanguage":"de","@id":"https:\/\/www.bullhorn.com\/de\/grid\/2025-industry-trends\/#primaryimage","url":"https:\/\/www.bullhorn.com\/de\/wp-content\/uploads\/sites\/7\/2025\/02\/GRID_Industry_Social_Cards1_V2_NA.jpg","contentUrl":"https:\/\/www.bullhorn.com\/de\/wp-content\/uploads\/sites\/7\/2025\/02\/GRID_Industry_Social_Cards1_V2_NA.jpg","width":1200,"height":627,"caption":"GRID 2024 Industry Trends Report"},{"@type":"BreadcrumbList","@id":"https:\/\/www.bullhorn.com\/de\/grid\/2025-industry-trends\/#breadcrumb","itemListElement":[{"@type":"ListItem","position":1,"name":"Home","item":"https:\/\/www.bullhorn.com\/de\/"},{"@type":"ListItem","position":2,"name":"GRID Home","item":"https:\/\/www.bullhorn.com\/de\/grid\/"},{"@type":"ListItem","position":3,"name":"Der GRID 2025 Recruiting-Trends-Report"}]},{"@type":"WebSite","@id":"https:\/\/www.bullhorn.com\/de\/#website","url":"https:\/\/www.bullhorn.com\/de\/","name":"Bullhorn DE","description":"Just another Bullhorn Sites site","publisher":{"@id":"https:\/\/www.bullhorn.com\/de\/#organization"},"potentialAction":[{"@type":"SearchAction","target":{"@type":"EntryPoint","urlTemplate":"https:\/\/www.bullhorn.com\/de\/?s={search_term_string}"},"query-input":{"@type":"PropertyValueSpecification","valueRequired":true,"valueName":"search_term_string"}}],"inLanguage":"de"},{"@type":"Organization","@id":"https:\/\/www.bullhorn.com\/de\/#organization","name":"Bullhorn","url":"https:\/\/www.bullhorn.com\/de\/","logo":{"@type":"ImageObject","inLanguage":"de","@id":"https:\/\/www.bullhorn.com\/de\/#\/schema\/logo\/image\/","url":"https:\/\/www.bullhorn.com\/de\/wp-content\/uploads\/sites\/7\/2021\/09\/og-img.png","contentUrl":"https:\/\/www.bullhorn.com\/de\/wp-content\/uploads\/sites\/7\/2021\/09\/og-img.png","width":1200,"height":628,"caption":"Bullhorn"},"image":{"@id":"https:\/\/www.bullhorn.com\/de\/#\/schema\/logo\/image\/"},"sameAs":["https:\/\/www.facebook.com\/Bullhorn\/","https:\/\/x.com\/Bullhorn","https:\/\/www.instagram.com\/lifeatbullhorn\/?hl=de","https:\/\/www.linkedin.com\/company\/bullhorn","https:\/\/www.youtube.com\/channel\/UC-Rgm5YxtoxsvlCHy6KW3Ug","https:\/\/en.wikipedia.org\/wiki\/Bullhorn,_Inc."]},{"@type":"Person","@id":"https:\/\/www.bullhorn.com\/de\/#\/schema\/person\/cdd90d10e6cdb7f2e8e2a13d1a8c5f28","name":"Julian Ruiz","image":{"@type":"ImageObject","inLanguage":"de","@id":"https:\/\/secure.gravatar.com\/avatar\/3e16d68f4191396421f0d47a21d25ae7d922af7509b24a73f21ed22c26d32f5a?s=96&d=mm&r=g","url":"https:\/\/secure.gravatar.com\/avatar\/3e16d68f4191396421f0d47a21d25ae7d922af7509b24a73f21ed22c26d32f5a?s=96&d=mm&r=g","contentUrl":"https:\/\/secure.gravatar.com\/avatar\/3e16d68f4191396421f0d47a21d25ae7d922af7509b24a73f21ed22c26d32f5a?s=96&d=mm&r=g","caption":"Julian Ruiz"},"url":"https:\/\/www.bullhorn.com\/de\/blog\/author\/julianruiz\/"}]}},"grav_blocks":[{"acf_fc_layout":"columns","block_title":"","block_aria":"Ein erster Blick in unsere Ergebnisse:","block_subtitle":"","format":"","enable_box_shadow":false,"columns":[{"type":"wysiwyg","wysiwyg":"<h2 class=\"title-color-purple\"><span style=\"vertical-align: inherit;\"><span style=\"vertical-align: inherit;\">Ein erster Einblick in unsere Ergebnisse:<\/span><\/span><\/h2>\n","accordion_open_first_section":false,"accordion_multiple_open_sections":false,"accordion_items":false,"icon_list_items":false},{"type":"wysiwyg","wysiwyg":"<h5><i class=\"fa-solid fa-arrow-right\"><\/i> Unternehmen, die KI im Recruiting-Prozess nutzen, haben <strong>78 % h\u00f6here Chancen<\/strong>, Kandidaten in <strong>weniger als 20 Tagen<\/strong> zu platzieren.<\/h5>\n<h5><i class=\"fa-solid fa-arrow-right\"><\/i> Erfolgreiche Unternehmen <strong>automatisieren doppelt so h\u00e4ufig<\/strong> Aufgaben wie die Kandidatensuche und das Screening.<\/h5>\n<h5><i class=\"fa-solid fa-arrow-right\"><\/i> Firmen prognostizieren, dass KI <strong>14 Stunden pro Recruiter<\/strong> pro Woche einsparen kann \u2013 allein 3,5 Stunden bei der Suche.<\/h5>\n","accordion_open_first_section":false,"accordion_multiple_open_sections":false,"accordion_items":false,"icon_list_items":false}],"block_background":"bg-gray","block_background_video_type":"url","block_background_video_url":"","block_background_video_file":false,"block_background_image":false,"block_background_overlay":false,"unique_id":"","block_option_custom_class":"","block_animate":false,"block_option_padding":[],"block_option_hide":[],"bg_lower_slant_color":""},{"acf_fc_layout":"card-grid","block_title":"","block_aria":"","block_subtitle":"","background_shape":"","background_shape_position":"left","parallax_fx":false,"title_position":"top","cards_bg_color":"bg-white","cards_border":true,"cards_per_row":"4","cards":[{"icon":"","icon_color":"green","line_title_with_icon":false,"inline_title":"","content":"<h3><span style=\"vertical-align: inherit;\"><span style=\"vertical-align: inherit;\">[Zum Webinar] Smarter Recruiting mit KI: Die wichtigsten Erkenntnisse aus dem GRID 2025 Recruiting-Trends-Report<\/span><\/span><\/h3>\n<p><span style=\"vertical-align: inherit;\"><span style=\"vertical-align: inherit;\">Sieh dir hier unser Webinar an und erfahre, was die erfolgreichsten Unternehmen aus der GRID-Umfrage anders machen und wie du diese Strategien f\u00fcr mehr Erfolg in 2025 und dar\u00fcber hinaus nutzen kannst!<\/span><\/span><\/p>\n<p><a class=\"button button--magenta\" href=\"https:\/\/pages.bullhorn.com\/WBN-25-03-12-DACH-GRID-2025-Recruiting-Trends-Webinar-with-APSCo_On-Demand-Page.html\" target=\"_blank\" rel=\"noopener\"><span style=\"vertical-align: inherit;\"><span style=\"vertical-align: inherit;\">Hier anmelden<\/span><\/span><\/a><\/p>\n"}],"block_background":"bg-gray","block_background_video_type":"url","block_background_video_url":"","block_background_video_file":false,"block_background_image":false,"block_background_overlay":false,"unique_id":"","block_option_custom_class":"","block_animate":false,"block_option_padding":[],"block_option_hide":[],"bg_lower_slant_color":""},{"acf_fc_layout":"columns","block_title":"","block_aria":"\u00dcber den Report","block_subtitle":"","format":"","enable_box_shadow":false,"columns":[{"type":"wysiwyg","wysiwyg":"<h2 class=\"title-color-purple\"><span style=\"vertical-align: inherit;\"><span style=\"vertical-align: inherit;\">\u00dcber den Report<\/span><\/span><\/h2>\n<h3><span style=\"vertical-align: inherit;\"><span style=\"vertical-align: inherit;\">Unser 15. j\u00e4hrlicher Branchenreport liefert eine umfassende Analyse der Personaldienstleistungsbranche. Er umfasst Antworten von Unternehmen jeder Gr\u00f6\u00dfe, aus verschiedenen Recruiting-Modellen und Branchen. In diesem Jahr haben weltweit \u00fcber 1.500 Recruiting-Profis an der Umfrage teilgenommen, davon mehr als 100 aus dem deutschsprachigen Raum.<\/span><\/span><\/h3>\n<p><a class=\"button button--magenta\" href=\"#banner\"><span style=\"vertical-align: inherit;\"><span style=\"vertical-align: inherit;\">Report lesen<\/span><\/span><\/a><\/p>\n","accordion_open_first_section":false,"accordion_multiple_open_sections":false,"accordion_items":false,"icon_list_items":false}],"block_background":"bg-gray","block_background_video_type":"url","block_background_video_url":"","block_background_video_file":false,"block_background_image":false,"block_background_overlay":false,"unique_id":"","block_option_custom_class":"","block_animate":false,"block_option_padding":[],"block_option_hide":[],"bg_lower_slant_color":""}],"_links":{"self":[{"href":"https:\/\/www.bullhorn.com\/de\/wp-json\/wp\/v2\/pages\/75708","targetHints":{"allow":["GET"]}}],"collection":[{"href":"https:\/\/www.bullhorn.com\/de\/wp-json\/wp\/v2\/pages"}],"about":[{"href":"https:\/\/www.bullhorn.com\/de\/wp-json\/wp\/v2\/types\/page"}],"author":[{"embeddable":true,"href":"https:\/\/www.bullhorn.com\/de\/wp-json\/wp\/v2\/users\/403"}],"replies":[{"embeddable":true,"href":"https:\/\/www.bullhorn.com\/de\/wp-json\/wp\/v2\/comments?post=75708"}],"version-history":[{"count":6,"href":"https:\/\/www.bullhorn.com\/de\/wp-json\/wp\/v2\/pages\/75708\/revisions"}],"predecessor-version":[{"id":76572,"href":"https:\/\/www.bullhorn.com\/de\/wp-json\/wp\/v2\/pages\/75708\/revisions\/76572"}],"up":[{"embeddable":true,"href":"https:\/\/www.bullhorn.com\/de\/wp-json\/wp\/v2\/pages\/73059"}],"wp:featuredmedia":[{"embeddable":true,"href":"https:\/\/www.bullhorn.com\/de\/wp-json\/wp\/v2\/media\/75709"}],"wp:attachment":[{"href":"https:\/\/www.bullhorn.com\/de\/wp-json\/wp\/v2\/media?parent=75708"}],"curies":[{"name":"wp","href":"https:\/\/api.w.org\/{rel}","templated":true}]}}