{"id":77003,"date":"2026-02-20T17:44:24","date_gmt":"2026-02-20T17:44:24","guid":{"rendered":"https:\/\/www.bullhorn.com\/de\/2026-industry-trends\/"},"modified":"2026-03-05T16:29:23","modified_gmt":"2026-03-05T16:29:23","slug":"2026-recruiting-trends","status":"publish","type":"page","link":"https:\/\/www.bullhorn.com\/de\/grid\/2026-recruiting-trends\/","title":{"rendered":"2026 Industry Trends"},"content":{"rendered":"","protected":false},"excerpt":{"rendered":"","protected":false},"author":403,"featured_media":0,"parent":73059,"menu_order":0,"comment_status":"closed","ping_status":"closed","template":"templates\/page-grid.php","meta":{"_acf_changed":false,"om_disable_all_campaigns":false},"class_list":["post-77003","page","type-page","status-publish","hentry"],"acf":[],"yoast_head":"<!-- This site is optimized with the Yoast SEO plugin v27.2 - https:\/\/yoast.com\/product\/yoast-seo-wordpress\/ -->\n<title>2026 Industry Trends - Bullhorn DE<\/title>\n<meta name=\"description\" content=\"Der GRID Recruiting-Trends-Report 2026 zeigt, welche KI-Strategien Personaldienstleister in der DACH-Region nutzen, um Umsatz zu steigern und Positionen schneller zu besetzen.\" \/>\n<meta name=\"robots\" content=\"index, follow, max-snippet:-1, max-image-preview:large, max-video-preview:-1\" \/>\n<link rel=\"canonical\" href=\"https:\/\/www.bullhorn.com\/de\/grid\/2026-recruiting-trends\/\" \/>\n<meta property=\"og:locale\" content=\"de_DE\" \/>\n<meta property=\"og:type\" content=\"article\" \/>\n<meta property=\"og:title\" content=\"2026 Industry Trends - Bullhorn DE\" \/>\n<meta property=\"og:description\" content=\"Der GRID Recruiting-Trends-Report 2026 zeigt, welche KI-Strategien Personaldienstleister in der DACH-Region nutzen, um Umsatz zu steigern und Positionen schneller zu besetzen.\" \/>\n<meta property=\"og:url\" content=\"https:\/\/www.bullhorn.com\/de\/grid\/2026-recruiting-trends\/\" \/>\n<meta property=\"og:site_name\" content=\"Bullhorn DE\" \/>\n<meta property=\"article:publisher\" content=\"https:\/\/www.facebook.com\/Bullhorn\/\" \/>\n<meta property=\"article:modified_time\" content=\"2026-03-05T16:29:23+00:00\" \/>\n<meta name=\"twitter:card\" content=\"summary_large_image\" \/>\n<meta name=\"twitter:site\" content=\"@Bullhorn\" \/>\n<script type=\"application\/ld+json\" class=\"yoast-schema-graph\">{\"@context\":\"https:\/\/schema.org\",\"@graph\":[{\"@type\":\"WebPage\",\"@id\":\"https:\/\/www.bullhorn.com\/de\/grid\/2026-recruiting-trends\/\",\"url\":\"https:\/\/www.bullhorn.com\/de\/grid\/2026-recruiting-trends\/\",\"name\":\"2026 Industry Trends - Bullhorn DE\",\"isPartOf\":{\"@id\":\"https:\/\/www.bullhorn.com\/de\/#website\"},\"datePublished\":\"2026-02-20T17:44:24+00:00\",\"dateModified\":\"2026-03-05T16:29:23+00:00\",\"description\":\"Der GRID Recruiting-Trends-Report 2026 zeigt, welche KI-Strategien Personaldienstleister in der DACH-Region nutzen, um Umsatz zu steigern und Positionen schneller zu besetzen.\",\"breadcrumb\":{\"@id\":\"https:\/\/www.bullhorn.com\/de\/grid\/2026-recruiting-trends\/#breadcrumb\"},\"inLanguage\":\"de\",\"potentialAction\":[{\"@type\":\"ReadAction\",\"target\":[\"https:\/\/www.bullhorn.com\/de\/grid\/2026-recruiting-trends\/\"]}]},{\"@type\":\"BreadcrumbList\",\"@id\":\"https:\/\/www.bullhorn.com\/de\/grid\/2026-recruiting-trends\/#breadcrumb\",\"itemListElement\":[{\"@type\":\"ListItem\",\"position\":1,\"name\":\"Home\",\"item\":\"https:\/\/www.bullhorn.com\/de\/\"},{\"@type\":\"ListItem\",\"position\":2,\"name\":\"GRID Home\",\"item\":\"https:\/\/www.bullhorn.com\/de\/grid\/\"},{\"@type\":\"ListItem\",\"position\":3,\"name\":\"2026 Industry Trends\"}]},{\"@type\":\"WebSite\",\"@id\":\"https:\/\/www.bullhorn.com\/de\/#website\",\"url\":\"https:\/\/www.bullhorn.com\/de\/\",\"name\":\"Bullhorn DE\",\"description\":\"Just another Bullhorn Sites site\",\"publisher\":{\"@id\":\"https:\/\/www.bullhorn.com\/de\/#organization\"},\"potentialAction\":[{\"@type\":\"SearchAction\",\"target\":{\"@type\":\"EntryPoint\",\"urlTemplate\":\"https:\/\/www.bullhorn.com\/de\/?s={search_term_string}\"},\"query-input\":{\"@type\":\"PropertyValueSpecification\",\"valueRequired\":true,\"valueName\":\"search_term_string\"}}],\"inLanguage\":\"de\"},{\"@type\":\"Organization\",\"@id\":\"https:\/\/www.bullhorn.com\/de\/#organization\",\"name\":\"Bullhorn\",\"url\":\"https:\/\/www.bullhorn.com\/de\/\",\"logo\":{\"@type\":\"ImageObject\",\"inLanguage\":\"de\",\"@id\":\"https:\/\/www.bullhorn.com\/de\/#\/schema\/logo\/image\/\",\"url\":\"https:\/\/www.bullhorn.com\/de\/wp-content\/uploads\/sites\/7\/2021\/09\/og-img.png\",\"contentUrl\":\"https:\/\/www.bullhorn.com\/de\/wp-content\/uploads\/sites\/7\/2021\/09\/og-img.png\",\"width\":1200,\"height\":628,\"caption\":\"Bullhorn\"},\"image\":{\"@id\":\"https:\/\/www.bullhorn.com\/de\/#\/schema\/logo\/image\/\"},\"sameAs\":[\"https:\/\/www.facebook.com\/Bullhorn\/\",\"https:\/\/x.com\/Bullhorn\",\"https:\/\/www.instagram.com\/lifeatbullhorn\/?hl=de\",\"https:\/\/www.linkedin.com\/company\/bullhorn\",\"https:\/\/www.youtube.com\/channel\/UC-Rgm5YxtoxsvlCHy6KW3Ug\",\"https:\/\/en.wikipedia.org\/wiki\/Bullhorn,_Inc.\"]}]}<\/script>\n<!-- \/ Yoast SEO plugin. -->","yoast_head_json":{"title":"2026 Industry Trends - Bullhorn DE","description":"Der GRID Recruiting-Trends-Report 2026 zeigt, welche KI-Strategien Personaldienstleister in der DACH-Region nutzen, um Umsatz zu steigern und Positionen schneller zu besetzen.","robots":{"index":"index","follow":"follow","max-snippet":"max-snippet:-1","max-image-preview":"max-image-preview:large","max-video-preview":"max-video-preview:-1"},"canonical":"https:\/\/www.bullhorn.com\/de\/grid\/2026-recruiting-trends\/","og_locale":"de_DE","og_type":"article","og_title":"2026 Industry Trends - Bullhorn DE","og_description":"Der GRID Recruiting-Trends-Report 2026 zeigt, welche KI-Strategien Personaldienstleister in der DACH-Region nutzen, um Umsatz zu steigern und Positionen schneller zu besetzen.","og_url":"https:\/\/www.bullhorn.com\/de\/grid\/2026-recruiting-trends\/","og_site_name":"Bullhorn DE","article_publisher":"https:\/\/www.facebook.com\/Bullhorn\/","article_modified_time":"2026-03-05T16:29:23+00:00","twitter_card":"summary_large_image","twitter_site":"@Bullhorn","schema":{"@context":"https:\/\/schema.org","@graph":[{"@type":"WebPage","@id":"https:\/\/www.bullhorn.com\/de\/grid\/2026-recruiting-trends\/","url":"https:\/\/www.bullhorn.com\/de\/grid\/2026-recruiting-trends\/","name":"2026 Industry Trends - Bullhorn DE","isPartOf":{"@id":"https:\/\/www.bullhorn.com\/de\/#website"},"datePublished":"2026-02-20T17:44:24+00:00","dateModified":"2026-03-05T16:29:23+00:00","description":"Der GRID Recruiting-Trends-Report 2026 zeigt, welche KI-Strategien Personaldienstleister in der DACH-Region nutzen, um Umsatz zu steigern und Positionen schneller zu besetzen.","breadcrumb":{"@id":"https:\/\/www.bullhorn.com\/de\/grid\/2026-recruiting-trends\/#breadcrumb"},"inLanguage":"de","potentialAction":[{"@type":"ReadAction","target":["https:\/\/www.bullhorn.com\/de\/grid\/2026-recruiting-trends\/"]}]},{"@type":"BreadcrumbList","@id":"https:\/\/www.bullhorn.com\/de\/grid\/2026-recruiting-trends\/#breadcrumb","itemListElement":[{"@type":"ListItem","position":1,"name":"Home","item":"https:\/\/www.bullhorn.com\/de\/"},{"@type":"ListItem","position":2,"name":"GRID Home","item":"https:\/\/www.bullhorn.com\/de\/grid\/"},{"@type":"ListItem","position":3,"name":"2026 Industry Trends"}]},{"@type":"WebSite","@id":"https:\/\/www.bullhorn.com\/de\/#website","url":"https:\/\/www.bullhorn.com\/de\/","name":"Bullhorn DE","description":"Just another Bullhorn Sites site","publisher":{"@id":"https:\/\/www.bullhorn.com\/de\/#organization"},"potentialAction":[{"@type":"SearchAction","target":{"@type":"EntryPoint","urlTemplate":"https:\/\/www.bullhorn.com\/de\/?s={search_term_string}"},"query-input":{"@type":"PropertyValueSpecification","valueRequired":true,"valueName":"search_term_string"}}],"inLanguage":"de"},{"@type":"Organization","@id":"https:\/\/www.bullhorn.com\/de\/#organization","name":"Bullhorn","url":"https:\/\/www.bullhorn.com\/de\/","logo":{"@type":"ImageObject","inLanguage":"de","@id":"https:\/\/www.bullhorn.com\/de\/#\/schema\/logo\/image\/","url":"https:\/\/www.bullhorn.com\/de\/wp-content\/uploads\/sites\/7\/2021\/09\/og-img.png","contentUrl":"https:\/\/www.bullhorn.com\/de\/wp-content\/uploads\/sites\/7\/2021\/09\/og-img.png","width":1200,"height":628,"caption":"Bullhorn"},"image":{"@id":"https:\/\/www.bullhorn.com\/de\/#\/schema\/logo\/image\/"},"sameAs":["https:\/\/www.facebook.com\/Bullhorn\/","https:\/\/x.com\/Bullhorn","https:\/\/www.instagram.com\/lifeatbullhorn\/?hl=de","https:\/\/www.linkedin.com\/company\/bullhorn","https:\/\/www.youtube.com\/channel\/UC-Rgm5YxtoxsvlCHy6KW3Ug","https:\/\/en.wikipedia.org\/wiki\/Bullhorn,_Inc."]}]}},"grav_blocks":[{"acf_fc_layout":"content-icon-box","icon":"","icon_color":"green","icon_alignment":"left","background_shape":"","parallax_fx":false,"title":"Was braucht es, um in 2026 als Personaldienstleister erfolgreich zu wachsen?","block_aria":"","content":"<p>Der Report zeigt: Vorreiter warten nicht auf Wachstum, sondern erzeugen es selbst. Indem sie KI in ihre gesamte Systemlandschaft integrieren, erzielen Top-Unternehmen Geschwindigkeits- und Umsatzgewinne, die bislang nicht m\u00f6glich waren.<\/p>\n<p><script src=\"https:\/\/fast.wistia.com\/player.js\" async><\/script><script src=\"https:\/\/fast.wistia.com\/embed\/m02ol3z14d.js\" async type=\"module\"><\/script><\/p>\n<style>wistia-player[media-id='m02ol3z14d']:not(:defined) { background: center \/ contain no-repeat url('https:\/\/fast.wistia.com\/embed\/medias\/m02ol3z14d\/swatch'); display: block; filter: blur(5px); padding-top:56.25%; }<\/style>\n<p>&nbsp;<\/p>\n<p><a class=\"button button--magenta\" href=\"#banner\">Report herunterladen<\/a><\/p>\n","links_title":"Related Products","links":false,"block_background":"block-bg-none","block_background_video_type":"url","block_background_video_url":"","block_background_video_file":false,"block_background_image":false,"block_background_overlay":false,"unique_id":"","block_option_custom_class":"","block_animate":false,"block_option_padding":[],"block_option_hide":[],"bg_lower_slant_color":"gray"},{"acf_fc_layout":"columns","block_title":"","block_aria":"","block_subtitle":"","format":"","enable_box_shadow":false,"columns":[{"type":"wysiwyg","wysiwyg":"<h2>Ein erster Einblick in die wichtigsten Ergebnisse 2026:<\/h2>\n","accordion_open_first_section":false,"accordion_multiple_open_sections":false,"accordion_items":false,"icon_list_items":false},{"type":"wysiwyg","wysiwyg":"<ul>\n<li>Personaldienstleister, die KI in mindestens einer Phase des Recruiting-Prozesses einsetzen, haben eine 3,5- bis 4,5-mal h\u00f6here Wahrscheinlichkeit, Umsatzsteigerungen zu verzeichnen.<\/li>\n<li>56 % der Top-Performer besetzen Positionen inzwischen in weniger als 10 Tagen.<\/li>\n<li>Recruiter berichten, dass KI das Kandidaten-Screening um 50 bis 75 % beschleunigt und ihnen dadurch mehr Zeit f\u00fcr wertsch\u00f6pfende Kundenbeziehungen bleibt.<\/li>\n<\/ul>\n","accordion_open_first_section":false,"accordion_multiple_open_sections":false,"accordion_items":false,"icon_list_items":false}],"block_background":"bg-gray","block_background_video_type":"url","block_background_video_url":"","block_background_video_file":false,"block_background_image":false,"block_background_overlay":false,"unique_id":"","block_option_custom_class":"","block_animate":false,"block_option_padding":[],"block_option_hide":[],"bg_lower_slant_color":""},{"acf_fc_layout":"columns","block_title":"","block_aria":"","block_subtitle":"","format":"","enable_box_shadow":false,"columns":[{"type":"wysiwyg","wysiwyg":"<h2>\u00dcber den Report<\/h2>\n<h3>Die 16. Ausgabe unseres j\u00e4hrlichen GRID-Branchenreports bietet eine fundierte Analyse der Staffing-Branche. In diesem Jahr haben \u00fcber 200 Fach- und F\u00fchrungskr\u00e4fte aus der DACH-Region an der Online-Befragung teilgenommen. Erg\u00e4nzend sind die Erkenntnisse aus Tiefeninterviews mit internationalen F\u00fchrungskr\u00e4ften eingeflossen, um die Ergebnisse strategisch einzuordnen.<\/h3>\n<h3>Die Teilnehmenden repr\u00e4sentieren Unternehmen unterschiedlicher Gr\u00f6\u00dfe, verschiedener Branchen und unterschiedliche Recruiting-Modelle.<\/h3>\n<h3>Der Report unterst\u00fctzt Personaldienstleister dabei, strategische Entscheidungen f\u00fcr 2026 zu treffen \u2013 mit klarem Fokus auf Produktivit\u00e4t, KI-Integration und nachhaltiges Umsatzwachstum.<\/h3>\n<p><a class=\"button button--magenta\" href=\"#banner\">Zum Report<\/a><\/p>\n","accordion_open_first_section":false,"accordion_multiple_open_sections":false,"accordion_items":false,"icon_list_items":false}],"block_background":"bg-gray","block_background_video_type":"url","block_background_video_url":"","block_background_video_file":false,"block_background_image":false,"block_background_overlay":false,"unique_id":"","block_option_custom_class":"","block_animate":false,"block_option_padding":[],"block_option_hide":[],"bg_lower_slant_color":""}],"_links":{"self":[{"href":"https:\/\/www.bullhorn.com\/de\/wp-json\/wp\/v2\/pages\/77003","targetHints":{"allow":["GET"]}}],"collection":[{"href":"https:\/\/www.bullhorn.com\/de\/wp-json\/wp\/v2\/pages"}],"about":[{"href":"https:\/\/www.bullhorn.com\/de\/wp-json\/wp\/v2\/types\/page"}],"author":[{"embeddable":true,"href":"https:\/\/www.bullhorn.com\/de\/wp-json\/wp\/v2\/users\/403"}],"replies":[{"embeddable":true,"href":"https:\/\/www.bullhorn.com\/de\/wp-json\/wp\/v2\/comments?post=77003"}],"version-history":[{"count":5,"href":"https:\/\/www.bullhorn.com\/de\/wp-json\/wp\/v2\/pages\/77003\/revisions"}],"predecessor-version":[{"id":77073,"href":"https:\/\/www.bullhorn.com\/de\/wp-json\/wp\/v2\/pages\/77003\/revisions\/77073"}],"up":[{"embeddable":true,"href":"https:\/\/www.bullhorn.com\/de\/wp-json\/wp\/v2\/pages\/73059"}],"wp:attachment":[{"href":"https:\/\/www.bullhorn.com\/de\/wp-json\/wp\/v2\/media?parent=77003"}],"curies":[{"name":"wp","href":"https:\/\/api.w.org\/{rel}","templated":true}]}}