{"id":77132,"date":"2026-04-15T16:59:13","date_gmt":"2026-04-15T16:59:13","guid":{"rendered":"https:\/\/www.bullhorn.com\/de\/?page_id=77132"},"modified":"2026-04-22T12:23:02","modified_gmt":"2026-04-22T12:23:02","slug":"staffingpreneur","status":"publish","type":"page","link":"https:\/\/www.bullhorn.com\/de\/staffingpreneur\/","title":{"rendered":"Staffingpreneur"},"content":{"rendered":"","protected":false},"excerpt":{"rendered":"","protected":false},"author":403,"featured_media":0,"parent":0,"menu_order":0,"comment_status":"closed","ping_status":"closed","template":"","meta":{"_acf_changed":false,"om_disable_all_campaigns":false},"class_list":["post-77132","page","type-page","status-publish","hentry"],"acf":[],"yoast_head":"<!-- This site is optimized with the Yoast SEO plugin v27.2 - https:\/\/yoast.com\/product\/yoast-seo-wordpress\/ -->\n<title>Staffingpreneur - Bullhorn DE<\/title>\n<meta name=\"robots\" content=\"index, follow, max-snippet:-1, max-image-preview:large, max-video-preview:-1\" \/>\n<link rel=\"canonical\" href=\"https:\/\/www.bullhorn.com\/de\/staffingpreneur\/\" \/>\n<meta property=\"og:locale\" content=\"de_DE\" \/>\n<meta property=\"og:type\" content=\"article\" \/>\n<meta property=\"og:title\" content=\"Staffingpreneur - Bullhorn DE\" \/>\n<meta property=\"og:url\" content=\"https:\/\/www.bullhorn.com\/de\/staffingpreneur\/\" \/>\n<meta property=\"og:site_name\" content=\"Bullhorn DE\" \/>\n<meta property=\"article:publisher\" content=\"https:\/\/www.facebook.com\/Bullhorn\/\" \/>\n<meta property=\"article:modified_time\" content=\"2026-04-22T12:23:02+00:00\" \/>\n<meta name=\"twitter:card\" content=\"summary_large_image\" \/>\n<meta name=\"twitter:site\" content=\"@Bullhorn\" \/>\n<script type=\"application\/ld+json\" class=\"yoast-schema-graph\">{\"@context\":\"https:\/\/schema.org\",\"@graph\":[{\"@type\":\"WebPage\",\"@id\":\"https:\/\/www.bullhorn.com\/de\/staffingpreneur\/\",\"url\":\"https:\/\/www.bullhorn.com\/de\/staffingpreneur\/\",\"name\":\"Staffingpreneur - Bullhorn DE\",\"isPartOf\":{\"@id\":\"https:\/\/www.bullhorn.com\/de\/#website\"},\"datePublished\":\"2026-04-15T16:59:13+00:00\",\"dateModified\":\"2026-04-22T12:23:02+00:00\",\"breadcrumb\":{\"@id\":\"https:\/\/www.bullhorn.com\/de\/staffingpreneur\/#breadcrumb\"},\"inLanguage\":\"de\",\"potentialAction\":[{\"@type\":\"ReadAction\",\"target\":[\"https:\/\/www.bullhorn.com\/de\/staffingpreneur\/\"]}]},{\"@type\":\"BreadcrumbList\",\"@id\":\"https:\/\/www.bullhorn.com\/de\/staffingpreneur\/#breadcrumb\",\"itemListElement\":[{\"@type\":\"ListItem\",\"position\":1,\"name\":\"Home\",\"item\":\"https:\/\/www.bullhorn.com\/de\/\"},{\"@type\":\"ListItem\",\"position\":2,\"name\":\"Staffingpreneur\"}]},{\"@type\":\"WebSite\",\"@id\":\"https:\/\/www.bullhorn.com\/de\/#website\",\"url\":\"https:\/\/www.bullhorn.com\/de\/\",\"name\":\"Bullhorn DE\",\"description\":\"Just another Bullhorn Sites site\",\"publisher\":{\"@id\":\"https:\/\/www.bullhorn.com\/de\/#organization\"},\"potentialAction\":[{\"@type\":\"SearchAction\",\"target\":{\"@type\":\"EntryPoint\",\"urlTemplate\":\"https:\/\/www.bullhorn.com\/de\/?s={search_term_string}\"},\"query-input\":{\"@type\":\"PropertyValueSpecification\",\"valueRequired\":true,\"valueName\":\"search_term_string\"}}],\"inLanguage\":\"de\"},{\"@type\":\"Organization\",\"@id\":\"https:\/\/www.bullhorn.com\/de\/#organization\",\"name\":\"Bullhorn\",\"url\":\"https:\/\/www.bullhorn.com\/de\/\",\"logo\":{\"@type\":\"ImageObject\",\"inLanguage\":\"de\",\"@id\":\"https:\/\/www.bullhorn.com\/de\/#\/schema\/logo\/image\/\",\"url\":\"https:\/\/www.bullhorn.com\/de\/wp-content\/uploads\/sites\/7\/2021\/09\/og-img.png\",\"contentUrl\":\"https:\/\/www.bullhorn.com\/de\/wp-content\/uploads\/sites\/7\/2021\/09\/og-img.png\",\"width\":1200,\"height\":628,\"caption\":\"Bullhorn\"},\"image\":{\"@id\":\"https:\/\/www.bullhorn.com\/de\/#\/schema\/logo\/image\/\"},\"sameAs\":[\"https:\/\/www.facebook.com\/Bullhorn\/\",\"https:\/\/x.com\/Bullhorn\",\"https:\/\/www.instagram.com\/lifeatbullhorn\/?hl=de\",\"https:\/\/www.linkedin.com\/company\/bullhorn\",\"https:\/\/www.youtube.com\/channel\/UC-Rgm5YxtoxsvlCHy6KW3Ug\",\"https:\/\/en.wikipedia.org\/wiki\/Bullhorn,_Inc.\"]}]}<\/script>\n<!-- \/ Yoast SEO plugin. -->","yoast_head_json":{"title":"Staffingpreneur - Bullhorn DE","robots":{"index":"index","follow":"follow","max-snippet":"max-snippet:-1","max-image-preview":"max-image-preview:large","max-video-preview":"max-video-preview:-1"},"canonical":"https:\/\/www.bullhorn.com\/de\/staffingpreneur\/","og_locale":"de_DE","og_type":"article","og_title":"Staffingpreneur - Bullhorn DE","og_url":"https:\/\/www.bullhorn.com\/de\/staffingpreneur\/","og_site_name":"Bullhorn DE","article_publisher":"https:\/\/www.facebook.com\/Bullhorn\/","article_modified_time":"2026-04-22T12:23:02+00:00","twitter_card":"summary_large_image","twitter_site":"@Bullhorn","schema":{"@context":"https:\/\/schema.org","@graph":[{"@type":"WebPage","@id":"https:\/\/www.bullhorn.com\/de\/staffingpreneur\/","url":"https:\/\/www.bullhorn.com\/de\/staffingpreneur\/","name":"Staffingpreneur - Bullhorn DE","isPartOf":{"@id":"https:\/\/www.bullhorn.com\/de\/#website"},"datePublished":"2026-04-15T16:59:13+00:00","dateModified":"2026-04-22T12:23:02+00:00","breadcrumb":{"@id":"https:\/\/www.bullhorn.com\/de\/staffingpreneur\/#breadcrumb"},"inLanguage":"de","potentialAction":[{"@type":"ReadAction","target":["https:\/\/www.bullhorn.com\/de\/staffingpreneur\/"]}]},{"@type":"BreadcrumbList","@id":"https:\/\/www.bullhorn.com\/de\/staffingpreneur\/#breadcrumb","itemListElement":[{"@type":"ListItem","position":1,"name":"Home","item":"https:\/\/www.bullhorn.com\/de\/"},{"@type":"ListItem","position":2,"name":"Staffingpreneur"}]},{"@type":"WebSite","@id":"https:\/\/www.bullhorn.com\/de\/#website","url":"https:\/\/www.bullhorn.com\/de\/","name":"Bullhorn DE","description":"Just another Bullhorn Sites site","publisher":{"@id":"https:\/\/www.bullhorn.com\/de\/#organization"},"potentialAction":[{"@type":"SearchAction","target":{"@type":"EntryPoint","urlTemplate":"https:\/\/www.bullhorn.com\/de\/?s={search_term_string}"},"query-input":{"@type":"PropertyValueSpecification","valueRequired":true,"valueName":"search_term_string"}}],"inLanguage":"de"},{"@type":"Organization","@id":"https:\/\/www.bullhorn.com\/de\/#organization","name":"Bullhorn","url":"https:\/\/www.bullhorn.com\/de\/","logo":{"@type":"ImageObject","inLanguage":"de","@id":"https:\/\/www.bullhorn.com\/de\/#\/schema\/logo\/image\/","url":"https:\/\/www.bullhorn.com\/de\/wp-content\/uploads\/sites\/7\/2021\/09\/og-img.png","contentUrl":"https:\/\/www.bullhorn.com\/de\/wp-content\/uploads\/sites\/7\/2021\/09\/og-img.png","width":1200,"height":628,"caption":"Bullhorn"},"image":{"@id":"https:\/\/www.bullhorn.com\/de\/#\/schema\/logo\/image\/"},"sameAs":["https:\/\/www.facebook.com\/Bullhorn\/","https:\/\/x.com\/Bullhorn","https:\/\/www.instagram.com\/lifeatbullhorn\/?hl=de","https:\/\/www.linkedin.com\/company\/bullhorn","https:\/\/www.youtube.com\/channel\/UC-Rgm5YxtoxsvlCHy6KW3Ug","https:\/\/en.wikipedia.org\/wiki\/Bullhorn,_Inc."]}]}},"grav_blocks":[{"acf_fc_layout":"content-form","content":"<h2>Was steckt drin<\/h2>\n<h3>Der GRID Recruiting-Trends-Report 2026 \u2013 dein Kompass f\u00fcr das Jahr<\/h3>\n<p>Auf Basis von \u00fcber 200 Interviews mit Fach- und F\u00fchrungskr\u00e4ften aus der DACH-Region zeigt der Report, was Top-Performer anders machen \u2013 und was du 2026 priorisieren solltest.<\/p>\n<p><img decoding=\"async\" style=\"margin-top:20px;\" src=\"https:\/\/www.bullhorn.com\/de\/wp-content\/uploads\/sites\/7\/2026\/04\/Der-GRID-Recruiting-Trends-Report-2026-\u2013-dein-Kompass-fuer-das-Jahr_.png\" alt=\"GRID Industry Trends 2026\" \/><\/p>\n","marketo_form_id":"9157","pre_form_content":"<h4>GRID Report kostenlos herunterladen<\/h4>\n","block_background":"block-bg-none","block_background_video_type":"url","block_background_video_url":"","block_background_video_file":false,"block_background_image":false,"block_background_overlay":false,"unique_id":"grid-form","block_option_custom_class":"","block_option_padding":[],"block_option_hide":[]},{"acf_fc_layout":"card-grid","block_title":"","block_aria":"","block_subtitle":"","background_shape":"","background_shape_position":"left","parallax_fx":false,"title_position":"top","cards_bg_color":"","cards_border":false,"cards_per_row":"4","cards":[{"icon":"icons\/chart","icon_color":"blue-dark","line_title_with_icon":false,"inline_title":"","content":"<h4>Markt &amp; Performance<\/h4>\n<p>Wie hat sich die Branche 2025 wirklich entwickelt \u2013 und welche Unternehmen sind gewachsen, w\u00e4hrend andere gestagniert sind?<\/p>\n"},{"icon":"icons\/magic","icon_color":"blue-dark","line_title_with_icon":false,"inline_title":"","content":"<h4>KI-Adoption &amp; ROI<\/h4>\n<p>Welche KI-Anwendungen treiben den Umsatz am st\u00e4rksten? Daten zu GenAI, Agentic AI und konkreten Effizienzgewinnen.<\/p>\n"},{"icon":"icons\/award","icon_color":"blue-dark","line_title_with_icon":false,"inline_title":"","content":"<h4>Priorit\u00e4ten f\u00fcr 2026<\/h4>\n<p>Was planen F\u00fchrungskr\u00e4fte f\u00fcr das n\u00e4chste Jahr \u2013 von Vertriebsstrategie bis Technologieinvestitionen?<\/p>\n"},{"icon":"icons\/checklist","icon_color":"blue-dark","line_title_with_icon":false,"inline_title":"","content":"<h4>Executive Interviews<\/h4>\n<p>Strategische Einordnung durch Branchenf\u00fchrer \u2013 direkt aus der Praxis, nicht aus der Theorie.<\/p>\n"}],"block_background":"block-bg-none","block_background_video_type":"url","block_background_video_url":"","block_background_video_file":false,"block_background_image":false,"block_background_overlay":false,"unique_id":"","block_option_custom_class":"","block_animate":false,"block_option_padding":[],"block_option_hide":[],"bg_lower_slant_color":""},{"acf_fc_layout":"columns","block_title":"","block_aria":"","block_subtitle":"","format":"","enable_box_shadow":false,"columns":[{"type":"wysiwyg","wysiwyg":"<h2>Stimmen aus der Branche<\/h2>\n","accordion_open_first_section":false,"accordion_multiple_open_sections":false,"accordion_items":false,"icon_list_items":false}],"block_background":"block-bg-none","block_background_video_type":"url","block_background_video_url":"","block_background_video_file":false,"block_background_image":false,"block_background_overlay":false,"unique_id":"","block_option_custom_class":"","block_animate":false,"block_option_padding":["block-options-padding-remove-bottom"],"block_option_hide":[],"bg_lower_slant_color":""},{"acf_fc_layout":"testimonials","background_shape":"","background_shape_position":"left","parallax_fx":false,"transition_speed":"10","enable_autoplay":false,"autoplay_speed":3000,"testimonials":[77004],"block_background":"block-bg-none","block_background_video_type":"url","block_background_video_url":"","block_background_video_file":false,"block_background_image":false,"block_background_overlay":false,"unique_id":"","block_option_custom_class":"","block_option_padding":[],"block_option_hide":[]},{"acf_fc_layout":"cta","mid_page_format":false,"condensed_format":false,"text":"Hole dir jetzt den GRID Report 2026 \u2013 kostenlos","subtext":"F\u00fcll das Formular aus und erhalte den vollst\u00e4ndigen Report direkt in dein Postfach. Kostenlos und sofort einsetzbar f\u00fcr deine Strategieentscheidungen in 2026.","block_aria":"Hole dir jetzt den GRID Report 2026 \u2013 kostenlos","image":{"ID":73766,"id":73766,"title":"GRID_Talent Trends Report 2023_DACH Graphs_V1-09","filename":"GRID_Talent-Trends-Report-2023_DACH-Graphs_V1-09.png","filesize":12270366,"url":"https:\/\/www.bullhorn.com\/de\/wp-content\/uploads\/sites\/7\/2023\/11\/GRID_Talent-Trends-Report-2023_DACH-Graphs_V1-09.png","link":"https:\/\/www.bullhorn.com\/de\/grid\/2023-dach-talent-report\/talent-report\/grid_talent-trends-report-2023_dach-graphs_v1-09\/","alt":"","author":"403","description":"","caption":"","name":"grid_talent-trends-report-2023_dach-graphs_v1-09","status":"inherit","uploaded_to":73736,"date":"2023-11-07 14:27:13","modified":"2023-11-07 14:27:13","menu_order":0,"mime_type":"image\/png","type":"image","subtype":"png","icon":"https:\/\/www.bullhorn.com\/de\/wp-includes\/images\/media\/default.png","width":3651,"height":3388,"sizes":{"thumbnail":"https:\/\/www.bullhorn.com\/de\/wp-content\/uploads\/sites\/7\/2023\/11\/GRID_Talent-Trends-Report-2023_DACH-Graphs_V1-09-150x150.png","thumbnail-width":150,"thumbnail-height":150,"medium":"https:\/\/www.bullhorn.com\/de\/wp-content\/uploads\/sites\/7\/2023\/11\/GRID_Talent-Trends-Report-2023_DACH-Graphs_V1-09-300x278.png","medium-width":300,"medium-height":278,"medium_large":"https:\/\/www.bullhorn.com\/de\/wp-content\/uploads\/sites\/7\/2023\/11\/GRID_Talent-Trends-Report-2023_DACH-Graphs_V1-09-768x713.png","medium_large-width":768,"medium_large-height":713,"large":"https:\/\/www.bullhorn.com\/de\/wp-content\/uploads\/sites\/7\/2023\/11\/GRID_Talent-Trends-Report-2023_DACH-Graphs_V1-09-1024x950.png","large-width":1024,"large-height":950,"1536x1536":"https:\/\/www.bullhorn.com\/de\/wp-content\/uploads\/sites\/7\/2023\/11\/GRID_Talent-Trends-Report-2023_DACH-Graphs_V1-09-1536x1425.png","1536x1536-width":1536,"1536x1536-height":1425,"2048x2048":"https:\/\/www.bullhorn.com\/de\/wp-content\/uploads\/sites\/7\/2023\/11\/GRID_Talent-Trends-Report-2023_DACH-Graphs_V1-09-2048x1900.png","2048x2048-width":2048,"2048x2048-height":1900,"post-thumbnail":"https:\/\/www.bullhorn.com\/de\/wp-content\/uploads\/sites\/7\/2023\/11\/GRID_Talent-Trends-Report-2023_DACH-Graphs_V1-09-300x300.png","post-thumbnail-width":300,"post-thumbnail-height":300,"small":"https:\/\/www.bullhorn.com\/de\/wp-content\/uploads\/sites\/7\/2023\/11\/GRID_Talent-Trends-Report-2023_DACH-Graphs_V1-09-300x278.png","small-width":300,"small-height":278,"xlarge":"https:\/\/www.bullhorn.com\/de\/wp-content\/uploads\/sites\/7\/2023\/11\/GRID_Talent-Trends-Report-2023_DACH-Graphs_V1-09-1440x1336.png","xlarge-width":1440,"xlarge-height":1336,"insight-of-the-week":"https:\/\/www.bullhorn.com\/de\/wp-content\/uploads\/sites\/7\/2023\/11\/GRID_Talent-Trends-Report-2023_DACH-Graphs_V1-09.png","insight-of-the-week-width":406,"insight-of-the-week-height":377,"insight-icons":"https:\/\/www.bullhorn.com\/de\/wp-content\/uploads\/sites\/7\/2023\/11\/GRID_Talent-Trends-Report-2023_DACH-Graphs_V1-09.png","insight-icons-width":83,"insight-icons-height":77,"insight-research-image":"https:\/\/www.bullhorn.com\/de\/wp-content\/uploads\/sites\/7\/2023\/11\/GRID_Talent-Trends-Report-2023_DACH-Graphs_V1-09.png","insight-research-image-width":237,"insight-research-image-height":220,"insight-featured-articles-thumbnail":"https:\/\/www.bullhorn.com\/de\/wp-content\/uploads\/sites\/7\/2023\/11\/GRID_Talent-Trends-Report-2023_DACH-Graphs_V1-09.png","insight-featured-articles-thumbnail-width":177,"insight-featured-articles-thumbnail-height":164,"insight-logo":"https:\/\/www.bullhorn.com\/de\/wp-content\/uploads\/sites\/7\/2023\/11\/GRID_Talent-Trends-Report-2023_DACH-Graphs_V1-09.png","insight-logo-width":192,"insight-logo-height":178}},"enable_bg_shape":false,"image_shape":"","action_type":"button","link_settings":{"link_type":"url","link_text":"Jetzt herunterladen","link_page":null,"link_url":"#grid-form","link_style":"button--orange","link_aria":"grid form"},"email_placeholder_text":"Enter Your Email Address","block_background":"bg-blue","block_background_video_type":"url","block_background_video_url":"","block_background_video_file":false,"block_background_image":false,"block_background_overlay":false,"unique_id":"","block_option_custom_class":"","block_animate":false,"block_option_padding":[],"block_option_hide":[],"bg_lower_slant_color":""}],"_links":{"self":[{"href":"https:\/\/www.bullhorn.com\/de\/wp-json\/wp\/v2\/pages\/77132","targetHints":{"allow":["GET"]}}],"collection":[{"href":"https:\/\/www.bullhorn.com\/de\/wp-json\/wp\/v2\/pages"}],"about":[{"href":"https:\/\/www.bullhorn.com\/de\/wp-json\/wp\/v2\/types\/page"}],"author":[{"embeddable":true,"href":"https:\/\/www.bullhorn.com\/de\/wp-json\/wp\/v2\/users\/403"}],"replies":[{"embeddable":true,"href":"https:\/\/www.bullhorn.com\/de\/wp-json\/wp\/v2\/comments?post=77132"}],"version-history":[{"count":5,"href":"https:\/\/www.bullhorn.com\/de\/wp-json\/wp\/v2\/pages\/77132\/revisions"}],"predecessor-version":[{"id":77168,"href":"https:\/\/www.bullhorn.com\/de\/wp-json\/wp\/v2\/pages\/77132\/revisions\/77168"}],"wp:attachment":[{"href":"https:\/\/www.bullhorn.com\/de\/wp-json\/wp\/v2\/media?parent=77132"}],"curies":[{"name":"wp","href":"https:\/\/api.w.org\/{rel}","templated":true}]}}