{"id":1061,"date":"2021-08-20T13:49:23","date_gmt":"2021-08-20T13:49:23","guid":{"rendered":"https:\/\/www.bullhorn.com\/fr\/?page_id=1061"},"modified":"2021-09-17T21:03:20","modified_gmt":"2021-09-17T21:03:20","slug":"small-to-midsize","status":"publish","type":"page","link":"https:\/\/www.bullhorn.com\/fr\/small-to-midsize\/","title":{"rendered":"Petite \u00e0 moyenne taille"},"content":{"rendered":"","protected":false},"excerpt":{"rendered":"","protected":false},"author":302,"featured_media":0,"parent":0,"menu_order":0,"comment_status":"closed","ping_status":"closed","template":"","meta":{"_acf_changed":false,"om_disable_all_campaigns":false},"class_list":["post-1061","page","type-page","status-publish","hentry"],"acf":[],"yoast_head":"<!-- This site is optimized with the Yoast SEO plugin v27.2 - https:\/\/yoast.com\/product\/yoast-seo-wordpress\/ -->\n<title>Petite \u00e0 moyenne taille - Bullhorn FR<\/title>\n<meta name=\"description\" content=\"Le logiciel de recrutement pour moyennes entreprises de Bullhorn assiste les entreprises en pleine croissance \u00e0 travers le monde tout au long du cycle de recrutement complet.\" \/>\n<meta name=\"robots\" content=\"index, follow, max-snippet:-1, max-image-preview:large, max-video-preview:-1\" \/>\n<link rel=\"canonical\" href=\"https:\/\/www.bullhorn.com\/fr\/small-to-midsize\/\" \/>\n<meta property=\"og:locale\" content=\"en_US\" \/>\n<meta property=\"og:type\" content=\"article\" \/>\n<meta property=\"og:title\" content=\"Petite \u00e0 moyenne taille - Bullhorn FR\" \/>\n<meta property=\"og:description\" content=\"Le logiciel de recrutement pour moyennes entreprises de Bullhorn assiste les entreprises en pleine croissance \u00e0 travers le monde tout au long du cycle de recrutement complet.\" \/>\n<meta property=\"og:url\" content=\"https:\/\/www.bullhorn.com\/fr\/small-to-midsize\/\" \/>\n<meta property=\"og:site_name\" content=\"Bullhorn FR\" \/>\n<meta property=\"article:publisher\" content=\"https:\/\/www.facebook.com\/Bullhorn\/\" \/>\n<meta property=\"article:modified_time\" content=\"2021-09-17T21:03:20+00:00\" \/>\n<meta name=\"twitter:card\" content=\"summary_large_image\" \/>\n<meta name=\"twitter:site\" content=\"@Bullhorn\" \/>\n<script type=\"application\/ld+json\" class=\"yoast-schema-graph\">{\"@context\":\"https:\/\/schema.org\",\"@graph\":[{\"@type\":\"WebPage\",\"@id\":\"https:\/\/www.bullhorn.com\/fr\/small-to-midsize\/\",\"url\":\"https:\/\/www.bullhorn.com\/fr\/small-to-midsize\/\",\"name\":\"Petite \u00e0 moyenne taille - Bullhorn FR\",\"isPartOf\":{\"@id\":\"https:\/\/www.bullhorn.com\/fr\/#website\"},\"datePublished\":\"2021-08-20T13:49:23+00:00\",\"dateModified\":\"2021-09-17T21:03:20+00:00\",\"description\":\"Le logiciel de recrutement pour moyennes entreprises de Bullhorn assiste les entreprises en pleine croissance \u00e0 travers le monde tout au long du cycle de recrutement complet.\",\"breadcrumb\":{\"@id\":\"https:\/\/www.bullhorn.com\/fr\/small-to-midsize\/#breadcrumb\"},\"inLanguage\":\"en-US\",\"potentialAction\":[{\"@type\":\"ReadAction\",\"target\":[\"https:\/\/www.bullhorn.com\/fr\/small-to-midsize\/\"]}]},{\"@type\":\"BreadcrumbList\",\"@id\":\"https:\/\/www.bullhorn.com\/fr\/small-to-midsize\/#breadcrumb\",\"itemListElement\":[{\"@type\":\"ListItem\",\"position\":1,\"name\":\"Home\",\"item\":\"https:\/\/www.bullhorn.com\/fr\/\"},{\"@type\":\"ListItem\",\"position\":2,\"name\":\"Petite \u00e0 moyenne taille\"}]},{\"@type\":\"WebSite\",\"@id\":\"https:\/\/www.bullhorn.com\/fr\/#website\",\"url\":\"https:\/\/www.bullhorn.com\/fr\/\",\"name\":\"Bullhorn FR\",\"description\":\"\",\"publisher\":{\"@id\":\"https:\/\/www.bullhorn.com\/fr\/#organization\"},\"potentialAction\":[{\"@type\":\"SearchAction\",\"target\":{\"@type\":\"EntryPoint\",\"urlTemplate\":\"https:\/\/www.bullhorn.com\/fr\/?s={search_term_string}\"},\"query-input\":{\"@type\":\"PropertyValueSpecification\",\"valueRequired\":true,\"valueName\":\"search_term_string\"}}],\"inLanguage\":\"en-US\"},{\"@type\":\"Organization\",\"@id\":\"https:\/\/www.bullhorn.com\/fr\/#organization\",\"name\":\"Bullhorn\",\"url\":\"https:\/\/www.bullhorn.com\/fr\/\",\"logo\":{\"@type\":\"ImageObject\",\"inLanguage\":\"en-US\",\"@id\":\"https:\/\/www.bullhorn.com\/fr\/#\/schema\/logo\/image\/\",\"url\":\"https:\/\/www.bullhorn.com\/fr\/wp-content\/uploads\/sites\/14\/2021\/09\/og-img.png\",\"contentUrl\":\"https:\/\/www.bullhorn.com\/fr\/wp-content\/uploads\/sites\/14\/2021\/09\/og-img.png\",\"width\":1200,\"height\":628,\"caption\":\"Bullhorn\"},\"image\":{\"@id\":\"https:\/\/www.bullhorn.com\/fr\/#\/schema\/logo\/image\/\"},\"sameAs\":[\"https:\/\/www.facebook.com\/Bullhorn\/\",\"https:\/\/x.com\/Bullhorn\",\"https:\/\/www.instagram.com\/lifeatbullhorn\/?hl=fr\",\"https:\/\/www.linkedin.com\/company\/bullhorn\",\"https:\/\/www.youtube.com\/channel\/UC-Rgm5YxtoxsvlCHy6KW3Ug\",\"https:\/\/en.wikipedia.org\/wiki\/Bullhorn,_Inc.\"]}]}<\/script>\n<!-- \/ Yoast SEO plugin. -->","yoast_head_json":{"title":"Petite \u00e0 moyenne taille - Bullhorn FR","description":"Le logiciel de recrutement pour moyennes entreprises de Bullhorn assiste les entreprises en pleine croissance \u00e0 travers le monde tout au long du cycle de recrutement complet.","robots":{"index":"index","follow":"follow","max-snippet":"max-snippet:-1","max-image-preview":"max-image-preview:large","max-video-preview":"max-video-preview:-1"},"canonical":"https:\/\/www.bullhorn.com\/fr\/small-to-midsize\/","og_locale":"en_US","og_type":"article","og_title":"Petite \u00e0 moyenne taille - Bullhorn FR","og_description":"Le logiciel de recrutement pour moyennes entreprises de Bullhorn assiste les entreprises en pleine croissance \u00e0 travers le monde tout au long du cycle de recrutement complet.","og_url":"https:\/\/www.bullhorn.com\/fr\/small-to-midsize\/","og_site_name":"Bullhorn FR","article_publisher":"https:\/\/www.facebook.com\/Bullhorn\/","article_modified_time":"2021-09-17T21:03:20+00:00","twitter_card":"summary_large_image","twitter_site":"@Bullhorn","schema":{"@context":"https:\/\/schema.org","@graph":[{"@type":"WebPage","@id":"https:\/\/www.bullhorn.com\/fr\/small-to-midsize\/","url":"https:\/\/www.bullhorn.com\/fr\/small-to-midsize\/","name":"Petite \u00e0 moyenne taille - Bullhorn FR","isPartOf":{"@id":"https:\/\/www.bullhorn.com\/fr\/#website"},"datePublished":"2021-08-20T13:49:23+00:00","dateModified":"2021-09-17T21:03:20+00:00","description":"Le logiciel de recrutement pour moyennes entreprises de Bullhorn assiste les entreprises en pleine croissance \u00e0 travers le monde tout au long du cycle de recrutement complet.","breadcrumb":{"@id":"https:\/\/www.bullhorn.com\/fr\/small-to-midsize\/#breadcrumb"},"inLanguage":"en-US","potentialAction":[{"@type":"ReadAction","target":["https:\/\/www.bullhorn.com\/fr\/small-to-midsize\/"]}]},{"@type":"BreadcrumbList","@id":"https:\/\/www.bullhorn.com\/fr\/small-to-midsize\/#breadcrumb","itemListElement":[{"@type":"ListItem","position":1,"name":"Home","item":"https:\/\/www.bullhorn.com\/fr\/"},{"@type":"ListItem","position":2,"name":"Petite \u00e0 moyenne taille"}]},{"@type":"WebSite","@id":"https:\/\/www.bullhorn.com\/fr\/#website","url":"https:\/\/www.bullhorn.com\/fr\/","name":"Bullhorn FR","description":"","publisher":{"@id":"https:\/\/www.bullhorn.com\/fr\/#organization"},"potentialAction":[{"@type":"SearchAction","target":{"@type":"EntryPoint","urlTemplate":"https:\/\/www.bullhorn.com\/fr\/?s={search_term_string}"},"query-input":{"@type":"PropertyValueSpecification","valueRequired":true,"valueName":"search_term_string"}}],"inLanguage":"en-US"},{"@type":"Organization","@id":"https:\/\/www.bullhorn.com\/fr\/#organization","name":"Bullhorn","url":"https:\/\/www.bullhorn.com\/fr\/","logo":{"@type":"ImageObject","inLanguage":"en-US","@id":"https:\/\/www.bullhorn.com\/fr\/#\/schema\/logo\/image\/","url":"https:\/\/www.bullhorn.com\/fr\/wp-content\/uploads\/sites\/14\/2021\/09\/og-img.png","contentUrl":"https:\/\/www.bullhorn.com\/fr\/wp-content\/uploads\/sites\/14\/2021\/09\/og-img.png","width":1200,"height":628,"caption":"Bullhorn"},"image":{"@id":"https:\/\/www.bullhorn.com\/fr\/#\/schema\/logo\/image\/"},"sameAs":["https:\/\/www.facebook.com\/Bullhorn\/","https:\/\/x.com\/Bullhorn","https:\/\/www.instagram.com\/lifeatbullhorn\/?hl=fr","https:\/\/www.linkedin.com\/company\/bullhorn","https:\/\/www.youtube.com\/channel\/UC-Rgm5YxtoxsvlCHy6KW3Ug","https:\/\/en.wikipedia.org\/wiki\/Bullhorn,_Inc."]}]}},"grav_blocks":[{"acf_fc_layout":"card-grid","block_title":"","block_aria":"","block_subtitle":"","background_shape":"","background_shape_position":"left","parallax_fx":false,"title_position":"top","cards_bg_color":"","cards_border":false,"cards_per_row":"4","cards":[{"icon":"icons\/gauge","icon_color":"blue-light","line_title_with_icon":false,"inline_title":"","content":"<h4>Performances haut de gamme<\/h4>\n<p>Bullhorn est le prestataire le plus recommand\u00e9 par les cadres du secteur du recrutement au taux de 5 contre 1. C&#8217;est un syst\u00e8me facile \u00e0 utiliser sp\u00e9cialement con\u00e7u pour les flux de travail de recrutement, et les nouveaux embauch\u00e9s peuvent \u00eatre brief\u00e9s rapidement en 48 heures. Chaque ann\u00e9e, nous investissons plus de 40\u00a0millions de dollars en recherche et d\u00e9veloppement afin d&#8217;assurer une technologie de pointe et qui vous permette de conserver votre avance sur la concurrence.<\/p>\n"},{"icon":"icons\/call","icon_color":"blue-light","line_title_with_icon":false,"inline_title":"","content":"<h4>Assistance de classe mondiale<\/h4>\n<p>Avec un taux de satisfaction des clients de 95\u00a0% et le taux de r\u00e9solution au premier appel le plus \u00e9lev\u00e9 de l&#8217;industrie, notre \u00e9quipe d&#8217;assistance internationale veille \u00e0 ce que vous obteniez \u00e0 tout moment le soutien dont vous avez besoin. Nos \u00e9quipes sont r\u00e9parties \u00e0 travers le monde afin que vous puissiez toujours joindre une personne, et non pas avoir affaire \u00e0 un r\u00e9pondeur.<\/p>\n"},{"icon":"icons\/cube","icon_color":"blue-light","line_title_with_icon":false,"inline_title":"","content":"<h4>Le plus grand marketplace de partenaires sp\u00e9cialistes du recrutement<\/h4>\n<p>Avec plus de 100 partenaires en technologie incorpor\u00e9s \u00e0 Bullhorn, vous pouvez cr\u00e9er une technologie qui r\u00e9pond \u00e0 vos exigences op\u00e9rationnelles uniques et fonctionne en parfaite harmonie. Tirez parti de l&#8217;expertise de l&#8217;\u00e9quipe et de 10\u00a0000 clients pour cr\u00e9er votre technologie id\u00e9ale.<\/p>\n"}],"block_background":"block-bg-none","block_background_video_type":"url","block_background_video_url":"","block_background_video_file":false,"block_background_image":false,"block_background_overlay":false,"unique_id":"","block_option_custom_class":"","block_animate":true,"block_option_padding":[],"block_option_hide":[],"bg_lower_slant_color":""},{"acf_fc_layout":"content-icon-box","icon":"content-icon-box\/S2M_Shape_1","icon_color":"orange","icon_alignment":"right","background_shape":"","parallax_fx":true,"title":"Exp\u00e9rience candidat sans pareille","block_aria":"","content":"<p>En tant qu&#8217;entreprise cherchant \u00e0 \u00e9voluer, la technologie que vous utilisez devrait vous permettre de simplifier vos activit\u00e9s courantes afin d&#8217;am\u00e9liorer l&#8217;exp\u00e9rience candidat, et non pas de rendre le processus encore plus compliqu\u00e9.<\/p>\n<p>Les outils de Bullhorn vous permettent de mieux trouver des candidats qualifi\u00e9s, d&#8217;interagir avec eux et de les suivre tout au long du processus de recrutement complet.<\/p>\n","links_title":"","links":false,"block_background":"block-bg-none","block_background_video_type":"url","block_background_video_url":"","block_background_video_file":false,"block_background_image":false,"block_background_overlay":false,"unique_id":"experience","block_option_custom_class":"","block_animate":true,"block_option_padding":[],"block_option_hide":[],"bg_lower_slant_color":""},{"acf_fc_layout":"content-icon-box","icon":"content-icon-box\/S2M_Shape_2","icon_color":"green","icon_alignment":"left","background_shape":"","parallax_fx":true,"title":"Optimisez le rendement de votre \u00e9quipe par le biais de l'automatisation","block_aria":"","content":"<p>L&#8217;automatisation permet aux moyennes entreprises de r\u00e9duire les co\u00fbts et de booster leur croissance. Les t\u00e2ches fastidieuses \u00e9tant prises en charge, les recruteurs peuvent passer du temps \u00e0 faire ce qu&#8217;ils font le mieux\u00a0: \u00e9tablir des relations. Les clients de Bullhorn qui investissent dans l&#8217;automatisation voient une augmentation globale de 12\u00a0% en mati\u00e8re de placements et s&#8217;\u00e9pargnent d&#8217;innombrables heures pass\u00e9es \u00e0 saisir manuellement des donn\u00e9es.<\/p>\n","links_title":"","links":[{"link_type":"url","link_text":"VMS Automation","link_page":null,"link_url":"https:\/\/www.bullhorn.com\/products\/vms-automation\/","link_aria":""}],"block_background":"block-bg-none","block_background_video_type":"url","block_background_video_url":"","block_background_video_file":false,"block_background_image":false,"block_background_overlay":false,"unique_id":"automation","block_option_custom_class":"","block_animate":true,"block_option_padding":[],"block_option_hide":[],"bg_lower_slant_color":""},{"acf_fc_layout":"content-icon-box","icon":"content-icon-box\/S2M_Shape_3","icon_color":"blue-dark","icon_alignment":"right","background_shape":"","parallax_fx":true,"title":"G\u00e9n\u00e9rez des rapports avec facilit\u00e9","block_aria":"","content":"<p>Comprenez toutes les facettes de votre entreprise. Gr\u00e2ce \u00e0 des rapports faciles \u00e0 ex\u00e9cuter, voyez rapidement ce qui marche et ce qui ne marche pas afin de pouvoir prendre des d\u00e9cisions commerciales inform\u00e9es et \u00e9tay\u00e9es par des donn\u00e9es disponibles. Cr\u00e9ez ou modifiez des rapports qui sont adapt\u00e9s \u00e0 vos exigences op\u00e9rationnelles sp\u00e9cifiques.<\/p>\n","links_title":"","links":false,"block_background":"block-bg-none","block_background_video_type":"url","block_background_video_url":"","block_background_video_file":false,"block_background_image":false,"block_background_overlay":false,"unique_id":"report","block_option_custom_class":"","block_animate":true,"block_option_padding":[],"block_option_hide":[],"bg_lower_slant_color":""},{"acf_fc_layout":"cta","mid_page_format":true,"condensed_format":false,"text":"Commencez \u00e0 d\u00e9velopper votre entreprise avec Bullhorn","subtext":"","block_aria":"","image":false,"enable_bg_shape":true,"image_shape":"","action_type":"button","link_settings":{"link_type":"url","link_text":"D\u00e9monstration en direct","link_page":null,"link_url":"#show-demo-modal","link_style":"button--orange","link_aria":""},"email_placeholder_text":"Enter Your Email Address","block_background":"bg-blue","block_background_video_type":"url","block_background_video_url":"","block_background_video_file":false,"block_background_image":false,"block_background_overlay":false,"unique_id":"","block_option_custom_class":"","block_animate":true,"block_option_padding":[],"block_option_hide":[],"bg_lower_slant_color":""},{"acf_fc_layout":"content-media","media_type":"image","image":{"ID":1567,"id":1567,"title":"FR_HOME_1","filename":"FR_HOME_1-e1631648363666.png","filesize":42633,"url":"https:\/\/www.bullhorn.com\/fr\/wp-content\/uploads\/sites\/14\/2021\/09\/FR_HOME_1-e1631648363666.png","link":"https:\/\/www.bullhorn.com\/fr\/home-2\/fr_home_1\/","alt":"","author":"302","description":"","caption":"","name":"fr_home_1","status":"inherit","uploaded_to":1022,"date":"2021-09-14 19:37:58","modified":"2021-09-14 19:37:58","menu_order":0,"mime_type":"image\/png","type":"image","subtype":"png","icon":"https:\/\/www.bullhorn.com\/fr\/wp-includes\/images\/media\/default.png","width":600,"height":451,"sizes":{"thumbnail":"https:\/\/www.bullhorn.com\/fr\/wp-content\/uploads\/sites\/14\/2021\/09\/FR_HOME_1-e1631648363666-150x150.png","thumbnail-width":150,"thumbnail-height":150,"medium":"https:\/\/www.bullhorn.com\/fr\/wp-content\/uploads\/sites\/14\/2021\/09\/FR_HOME_1-e1631648363666-300x226.png","medium-width":300,"medium-height":226,"medium_large":"https:\/\/www.bullhorn.com\/fr\/wp-content\/uploads\/sites\/14\/2021\/09\/FR_HOME_1-e1631648363666.png","medium_large-width":600,"medium_large-height":451,"large":"https:\/\/www.bullhorn.com\/fr\/wp-content\/uploads\/sites\/14\/2021\/09\/FR_HOME_1-e1631648363666.png","large-width":600,"large-height":451,"1536x1536":"https:\/\/www.bullhorn.com\/fr\/wp-content\/uploads\/sites\/14\/2021\/09\/FR_HOME_1-e1631648363666.png","1536x1536-width":600,"1536x1536-height":451,"2048x2048":"https:\/\/www.bullhorn.com\/fr\/wp-content\/uploads\/sites\/14\/2021\/09\/FR_HOME_1-e1631648363666.png","2048x2048-width":600,"2048x2048-height":451,"post-thumbnail":"https:\/\/www.bullhorn.com\/fr\/wp-content\/uploads\/sites\/14\/2021\/09\/FR_HOME_1-e1631648363666-300x300.png","post-thumbnail-width":300,"post-thumbnail-height":300,"small":"https:\/\/www.bullhorn.com\/fr\/wp-content\/uploads\/sites\/14\/2021\/09\/FR_HOME_1-e1631648363666-300x226.png","small-width":300,"small-height":226,"xlarge":"https:\/\/www.bullhorn.com\/fr\/wp-content\/uploads\/sites\/14\/2021\/09\/FR_HOME_1-e1631648363666.png","xlarge-width":600,"xlarge-height":451,"insight-of-the-week":"https:\/\/www.bullhorn.com\/fr\/wp-content\/uploads\/sites\/14\/2021\/09\/FR_HOME_1-e1631648363666.png","insight-of-the-week-width":502,"insight-of-the-week-height":377,"insight-icons":"https:\/\/www.bullhorn.com\/fr\/wp-content\/uploads\/sites\/14\/2021\/09\/FR_HOME_1-e1631648363666.png","insight-icons-width":83,"insight-icons-height":62,"insight-research-image":"https:\/\/www.bullhorn.com\/fr\/wp-content\/uploads\/sites\/14\/2021\/09\/FR_HOME_1-e1631648363666.png","insight-research-image-width":293,"insight-research-image-height":220,"insight-featured-articles-thumbnail":"https:\/\/www.bullhorn.com\/fr\/wp-content\/uploads\/sites\/14\/2021\/09\/FR_HOME_1-e1631648363666.png","insight-featured-articles-thumbnail-width":218,"insight-featured-articles-thumbnail-height":164,"insight-logo":"https:\/\/www.bullhorn.com\/fr\/wp-content\/uploads\/sites\/14\/2021\/09\/FR_HOME_1-e1631648363666.png","insight-logo-width":237,"insight-logo-height":178}},"video_url":"","embed_code":"","image_placement":"right","image_size":"8","image_box_shadow":false,"background_shape":"shapes\/cloud","background_shape_position":"right","parallax_fx":true,"block_aria":"","link_type":"none","link_page":null,"link_url":"","link_file":false,"link_video":"","link_aria":"","content":"<h2>Syst\u00e8me de suivi des candidats et CRM con\u00e7us pour les agences en croissance<\/h2>\n<p>Le puissant et convivial syst\u00e8me de suivi des candidats de Bullhorn vous permet de g\u00e9rer le processus de recrutement complet \u00e0 partir d&#8217;une interface unique, \u00e0 partir d&#8217;un ordinateur de bureau, d&#8217;un appareil mobile, sur n&#8217;importe quel navigateur. L&#8217;ajout de l&#8217;automatisation fait de chaque cabinet une force avec laquelle il faut compter. Doublez le rendement de votre \u00e9quipe gr\u00e2ce \u00e0 des communications avec les candidats automatis\u00e9es, mais personnalis\u00e9es\u00a0&#8211; du gagnant-gagnant pour votre \u00e9quipe, vos candidats et vos clients.<\/p>\n","block_background":"block-bg-none","block_background_video_type":"url","block_background_video_url":"","block_background_video_file":false,"block_background_image":false,"block_background_overlay":false,"unique_id":"","block_option_custom_class":"","block_animate":true,"block_option_padding":[],"block_option_hide":[]},{"acf_fc_layout":"testimonials","background_shape":"shapes\/circle","background_shape_position":"left","parallax_fx":true,"transition_speed":"10","enable_autoplay":false,"autoplay_speed":3000,"testimonials":[1064],"block_background":"block-bg-none","block_background_video_type":"url","block_background_video_url":"","block_background_video_file":false,"block_background_image":false,"block_background_overlay":false,"unique_id":"","block_option_custom_class":"","block_option_padding":[],"block_option_hide":[]},{"acf_fc_layout":"cta","mid_page_format":false,"condensed_format":false,"text":"Pr\u00eat \u00e0 commencer ?","subtext":"","block_aria":"","image":{"ID":1063,"id":1063,"title":"Footer_Stocksy_txpf77ca13blZ6300_Medium_3273657-e1628046792810","filename":"Footer_Stocksy_txpf77ca13blZ6300_Medium_3273657-e1628046792810.jpg","filesize":184537,"url":"https:\/\/www.bullhorn.com\/fr\/wp-content\/uploads\/sites\/14\/2021\/08\/Footer_Stocksy_txpf77ca13blZ6300_Medium_3273657-e1628046792810.jpg","link":"https:\/\/www.bullhorn.com\/fr\/small-to-midsize\/footer_stocksy_txpf77ca13blz6300_medium_3273657-e1628046792810\/","alt":"","author":"302","description":"","caption":"","name":"footer_stocksy_txpf77ca13blz6300_medium_3273657-e1628046792810","status":"inherit","uploaded_to":1061,"date":"2021-08-20 13:43:14","modified":"2021-08-20 13:43:14","menu_order":0,"mime_type":"image\/jpeg","type":"image","subtype":"jpeg","icon":"https:\/\/www.bullhorn.com\/fr\/wp-includes\/images\/media\/default.png","width":1555,"height":1164,"sizes":{"thumbnail":"https:\/\/www.bullhorn.com\/fr\/wp-content\/uploads\/sites\/14\/2021\/08\/Footer_Stocksy_txpf77ca13blZ6300_Medium_3273657-e1628046792810-150x150.jpg","thumbnail-width":150,"thumbnail-height":150,"medium":"https:\/\/www.bullhorn.com\/fr\/wp-content\/uploads\/sites\/14\/2021\/08\/Footer_Stocksy_txpf77ca13blZ6300_Medium_3273657-e1628046792810-300x225.jpg","medium-width":300,"medium-height":225,"medium_large":"https:\/\/www.bullhorn.com\/fr\/wp-content\/uploads\/sites\/14\/2021\/08\/Footer_Stocksy_txpf77ca13blZ6300_Medium_3273657-e1628046792810-768x575.jpg","medium_large-width":768,"medium_large-height":575,"large":"https:\/\/www.bullhorn.com\/fr\/wp-content\/uploads\/sites\/14\/2021\/08\/Footer_Stocksy_txpf77ca13blZ6300_Medium_3273657-e1628046792810-1024x767.jpg","large-width":1024,"large-height":767,"1536x1536":"https:\/\/www.bullhorn.com\/fr\/wp-content\/uploads\/sites\/14\/2021\/08\/Footer_Stocksy_txpf77ca13blZ6300_Medium_3273657-e1628046792810-1536x1150.jpg","1536x1536-width":1536,"1536x1536-height":1150,"2048x2048":"https:\/\/www.bullhorn.com\/fr\/wp-content\/uploads\/sites\/14\/2021\/08\/Footer_Stocksy_txpf77ca13blZ6300_Medium_3273657-e1628046792810.jpg","2048x2048-width":1555,"2048x2048-height":1164,"post-thumbnail":"https:\/\/www.bullhorn.com\/fr\/wp-content\/uploads\/sites\/14\/2021\/08\/Footer_Stocksy_txpf77ca13blZ6300_Medium_3273657-e1628046792810-300x300.jpg","post-thumbnail-width":300,"post-thumbnail-height":300,"small":"https:\/\/www.bullhorn.com\/fr\/wp-content\/uploads\/sites\/14\/2021\/08\/Footer_Stocksy_txpf77ca13blZ6300_Medium_3273657-e1628046792810-300x225.jpg","small-width":300,"small-height":225,"xlarge":"https:\/\/www.bullhorn.com\/fr\/wp-content\/uploads\/sites\/14\/2021\/08\/Footer_Stocksy_txpf77ca13blZ6300_Medium_3273657-e1628046792810-1440x1078.jpg","xlarge-width":1440,"xlarge-height":1078,"insight-of-the-week":"https:\/\/www.bullhorn.com\/fr\/wp-content\/uploads\/sites\/14\/2021\/08\/Footer_Stocksy_txpf77ca13blZ6300_Medium_3273657-e1628046792810.jpg","insight-of-the-week-width":504,"insight-of-the-week-height":377,"insight-icons":"https:\/\/www.bullhorn.com\/fr\/wp-content\/uploads\/sites\/14\/2021\/08\/Footer_Stocksy_txpf77ca13blZ6300_Medium_3273657-e1628046792810.jpg","insight-icons-width":83,"insight-icons-height":62,"insight-research-image":"https:\/\/www.bullhorn.com\/fr\/wp-content\/uploads\/sites\/14\/2021\/08\/Footer_Stocksy_txpf77ca13blZ6300_Medium_3273657-e1628046792810.jpg","insight-research-image-width":294,"insight-research-image-height":220,"insight-featured-articles-thumbnail":"https:\/\/www.bullhorn.com\/fr\/wp-content\/uploads\/sites\/14\/2021\/08\/Footer_Stocksy_txpf77ca13blZ6300_Medium_3273657-e1628046792810.jpg","insight-featured-articles-thumbnail-width":219,"insight-featured-articles-thumbnail-height":164,"insight-logo":"https:\/\/www.bullhorn.com\/fr\/wp-content\/uploads\/sites\/14\/2021\/08\/Footer_Stocksy_txpf77ca13blZ6300_Medium_3273657-e1628046792810.jpg","insight-logo-width":238,"insight-logo-height":178}},"enable_bg_shape":false,"image_shape":"masks\/arrow-right","action_type":"button","link_settings":{"link_type":"url","link_text":"D\u00e9monstration en direct","link_page":null,"link_url":"#show-demo-modal","link_style":"button--orange","link_aria":""},"email_placeholder_text":"Enter Your Email Address","block_background":"bg-blue","block_background_video_type":"url","block_background_video_url":"","block_background_video_file":false,"block_background_image":false,"block_background_overlay":false,"unique_id":"","block_option_custom_class":"","block_animate":true,"block_option_padding":[],"block_option_hide":[],"bg_lower_slant_color":""}],"_links":{"self":[{"href":"https:\/\/www.bullhorn.com\/fr\/wp-json\/wp\/v2\/pages\/1061","targetHints":{"allow":["GET"]}}],"collection":[{"href":"https:\/\/www.bullhorn.com\/fr\/wp-json\/wp\/v2\/pages"}],"about":[{"href":"https:\/\/www.bullhorn.com\/fr\/wp-json\/wp\/v2\/types\/page"}],"author":[{"embeddable":true,"href":"https:\/\/www.bullhorn.com\/fr\/wp-json\/wp\/v2\/users\/302"}],"replies":[{"embeddable":true,"href":"https:\/\/www.bullhorn.com\/fr\/wp-json\/wp\/v2\/comments?post=1061"}],"version-history":[{"count":6,"href":"https:\/\/www.bullhorn.com\/fr\/wp-json\/wp\/v2\/pages\/1061\/revisions"}],"predecessor-version":[{"id":1702,"href":"https:\/\/www.bullhorn.com\/fr\/wp-json\/wp\/v2\/pages\/1061\/revisions\/1702"}],"wp:attachment":[{"href":"https:\/\/www.bullhorn.com\/fr\/wp-json\/wp\/v2\/media?parent=1061"}],"curies":[{"name":"wp","href":"https:\/\/api.w.org\/{rel}","templated":true}]}}