{"id":1068,"date":"2021-08-20T13:56:54","date_gmt":"2021-08-20T13:56:54","guid":{"rendered":"https:\/\/www.bullhorn.com\/fr\/?page_id=1068"},"modified":"2021-09-17T21:21:42","modified_gmt":"2021-09-17T21:21:42","slug":"enterprise","status":"publish","type":"page","link":"https:\/\/www.bullhorn.com\/fr\/enterprise\/","title":{"rendered":"Entreprise"},"content":{"rendered":"","protected":false},"excerpt":{"rendered":"","protected":false},"author":302,"featured_media":0,"parent":0,"menu_order":0,"comment_status":"closed","ping_status":"closed","template":"","meta":{"_acf_changed":false,"om_disable_all_campaigns":false},"class_list":["post-1068","page","type-page","status-publish","hentry"],"acf":[],"yoast_head":"<!-- This site is optimized with the Yoast SEO plugin v27.2 - https:\/\/yoast.com\/product\/yoast-seo-wordpress\/ -->\n<title>Entreprise - Bullhorn FR<\/title>\n<meta name=\"description\" content=\"Le logiciel de recrutement pour entreprises de Bullhorn g\u00e8re les op\u00e9rations de Randstad, Kelly Services, Vaco, Spencer Ogden, et bien autres entreprises \u00e0 travers le monde.\" \/>\n<meta name=\"robots\" content=\"index, follow, max-snippet:-1, max-image-preview:large, max-video-preview:-1\" \/>\n<link rel=\"canonical\" href=\"https:\/\/www.bullhorn.com\/fr\/enterprise\/\" \/>\n<meta property=\"og:locale\" content=\"en_US\" \/>\n<meta property=\"og:type\" content=\"article\" \/>\n<meta property=\"og:title\" content=\"Entreprise - Bullhorn FR\" \/>\n<meta property=\"og:description\" content=\"Le logiciel de recrutement pour entreprises de Bullhorn g\u00e8re les op\u00e9rations de Randstad, Kelly Services, Vaco, Spencer Ogden, et bien autres entreprises \u00e0 travers le monde.\" \/>\n<meta property=\"og:url\" content=\"https:\/\/www.bullhorn.com\/fr\/enterprise\/\" \/>\n<meta property=\"og:site_name\" content=\"Bullhorn FR\" \/>\n<meta property=\"article:publisher\" content=\"https:\/\/www.facebook.com\/Bullhorn\/\" \/>\n<meta property=\"article:modified_time\" content=\"2021-09-17T21:21:42+00:00\" \/>\n<meta name=\"twitter:card\" content=\"summary_large_image\" \/>\n<meta name=\"twitter:site\" content=\"@Bullhorn\" \/>\n<script type=\"application\/ld+json\" class=\"yoast-schema-graph\">{\"@context\":\"https:\/\/schema.org\",\"@graph\":[{\"@type\":\"WebPage\",\"@id\":\"https:\/\/www.bullhorn.com\/fr\/enterprise\/\",\"url\":\"https:\/\/www.bullhorn.com\/fr\/enterprise\/\",\"name\":\"Entreprise - Bullhorn FR\",\"isPartOf\":{\"@id\":\"https:\/\/www.bullhorn.com\/fr\/#website\"},\"datePublished\":\"2021-08-20T13:56:54+00:00\",\"dateModified\":\"2021-09-17T21:21:42+00:00\",\"description\":\"Le logiciel de recrutement pour entreprises de Bullhorn g\u00e8re les op\u00e9rations de Randstad, Kelly Services, Vaco, Spencer Ogden, et bien autres entreprises \u00e0 travers le monde.\",\"breadcrumb\":{\"@id\":\"https:\/\/www.bullhorn.com\/fr\/enterprise\/#breadcrumb\"},\"inLanguage\":\"en-US\",\"potentialAction\":[{\"@type\":\"ReadAction\",\"target\":[\"https:\/\/www.bullhorn.com\/fr\/enterprise\/\"]}]},{\"@type\":\"BreadcrumbList\",\"@id\":\"https:\/\/www.bullhorn.com\/fr\/enterprise\/#breadcrumb\",\"itemListElement\":[{\"@type\":\"ListItem\",\"position\":1,\"name\":\"Home\",\"item\":\"https:\/\/www.bullhorn.com\/fr\/\"},{\"@type\":\"ListItem\",\"position\":2,\"name\":\"Entreprise\"}]},{\"@type\":\"WebSite\",\"@id\":\"https:\/\/www.bullhorn.com\/fr\/#website\",\"url\":\"https:\/\/www.bullhorn.com\/fr\/\",\"name\":\"Bullhorn FR\",\"description\":\"\",\"publisher\":{\"@id\":\"https:\/\/www.bullhorn.com\/fr\/#organization\"},\"potentialAction\":[{\"@type\":\"SearchAction\",\"target\":{\"@type\":\"EntryPoint\",\"urlTemplate\":\"https:\/\/www.bullhorn.com\/fr\/?s={search_term_string}\"},\"query-input\":{\"@type\":\"PropertyValueSpecification\",\"valueRequired\":true,\"valueName\":\"search_term_string\"}}],\"inLanguage\":\"en-US\"},{\"@type\":\"Organization\",\"@id\":\"https:\/\/www.bullhorn.com\/fr\/#organization\",\"name\":\"Bullhorn\",\"url\":\"https:\/\/www.bullhorn.com\/fr\/\",\"logo\":{\"@type\":\"ImageObject\",\"inLanguage\":\"en-US\",\"@id\":\"https:\/\/www.bullhorn.com\/fr\/#\/schema\/logo\/image\/\",\"url\":\"https:\/\/www.bullhorn.com\/fr\/wp-content\/uploads\/sites\/14\/2021\/09\/og-img.png\",\"contentUrl\":\"https:\/\/www.bullhorn.com\/fr\/wp-content\/uploads\/sites\/14\/2021\/09\/og-img.png\",\"width\":1200,\"height\":628,\"caption\":\"Bullhorn\"},\"image\":{\"@id\":\"https:\/\/www.bullhorn.com\/fr\/#\/schema\/logo\/image\/\"},\"sameAs\":[\"https:\/\/www.facebook.com\/Bullhorn\/\",\"https:\/\/x.com\/Bullhorn\",\"https:\/\/www.instagram.com\/lifeatbullhorn\/?hl=fr\",\"https:\/\/www.linkedin.com\/company\/bullhorn\",\"https:\/\/www.youtube.com\/channel\/UC-Rgm5YxtoxsvlCHy6KW3Ug\",\"https:\/\/en.wikipedia.org\/wiki\/Bullhorn,_Inc.\"]}]}<\/script>\n<!-- \/ Yoast SEO plugin. -->","yoast_head_json":{"title":"Entreprise - Bullhorn FR","description":"Le logiciel de recrutement pour entreprises de Bullhorn g\u00e8re les op\u00e9rations de Randstad, Kelly Services, Vaco, Spencer Ogden, et bien autres entreprises \u00e0 travers le monde.","robots":{"index":"index","follow":"follow","max-snippet":"max-snippet:-1","max-image-preview":"max-image-preview:large","max-video-preview":"max-video-preview:-1"},"canonical":"https:\/\/www.bullhorn.com\/fr\/enterprise\/","og_locale":"en_US","og_type":"article","og_title":"Entreprise - Bullhorn FR","og_description":"Le logiciel de recrutement pour entreprises de Bullhorn g\u00e8re les op\u00e9rations de Randstad, Kelly Services, Vaco, Spencer Ogden, et bien autres entreprises \u00e0 travers le monde.","og_url":"https:\/\/www.bullhorn.com\/fr\/enterprise\/","og_site_name":"Bullhorn FR","article_publisher":"https:\/\/www.facebook.com\/Bullhorn\/","article_modified_time":"2021-09-17T21:21:42+00:00","twitter_card":"summary_large_image","twitter_site":"@Bullhorn","schema":{"@context":"https:\/\/schema.org","@graph":[{"@type":"WebPage","@id":"https:\/\/www.bullhorn.com\/fr\/enterprise\/","url":"https:\/\/www.bullhorn.com\/fr\/enterprise\/","name":"Entreprise - Bullhorn FR","isPartOf":{"@id":"https:\/\/www.bullhorn.com\/fr\/#website"},"datePublished":"2021-08-20T13:56:54+00:00","dateModified":"2021-09-17T21:21:42+00:00","description":"Le logiciel de recrutement pour entreprises de Bullhorn g\u00e8re les op\u00e9rations de Randstad, Kelly Services, Vaco, Spencer Ogden, et bien autres entreprises \u00e0 travers le monde.","breadcrumb":{"@id":"https:\/\/www.bullhorn.com\/fr\/enterprise\/#breadcrumb"},"inLanguage":"en-US","potentialAction":[{"@type":"ReadAction","target":["https:\/\/www.bullhorn.com\/fr\/enterprise\/"]}]},{"@type":"BreadcrumbList","@id":"https:\/\/www.bullhorn.com\/fr\/enterprise\/#breadcrumb","itemListElement":[{"@type":"ListItem","position":1,"name":"Home","item":"https:\/\/www.bullhorn.com\/fr\/"},{"@type":"ListItem","position":2,"name":"Entreprise"}]},{"@type":"WebSite","@id":"https:\/\/www.bullhorn.com\/fr\/#website","url":"https:\/\/www.bullhorn.com\/fr\/","name":"Bullhorn FR","description":"","publisher":{"@id":"https:\/\/www.bullhorn.com\/fr\/#organization"},"potentialAction":[{"@type":"SearchAction","target":{"@type":"EntryPoint","urlTemplate":"https:\/\/www.bullhorn.com\/fr\/?s={search_term_string}"},"query-input":{"@type":"PropertyValueSpecification","valueRequired":true,"valueName":"search_term_string"}}],"inLanguage":"en-US"},{"@type":"Organization","@id":"https:\/\/www.bullhorn.com\/fr\/#organization","name":"Bullhorn","url":"https:\/\/www.bullhorn.com\/fr\/","logo":{"@type":"ImageObject","inLanguage":"en-US","@id":"https:\/\/www.bullhorn.com\/fr\/#\/schema\/logo\/image\/","url":"https:\/\/www.bullhorn.com\/fr\/wp-content\/uploads\/sites\/14\/2021\/09\/og-img.png","contentUrl":"https:\/\/www.bullhorn.com\/fr\/wp-content\/uploads\/sites\/14\/2021\/09\/og-img.png","width":1200,"height":628,"caption":"Bullhorn"},"image":{"@id":"https:\/\/www.bullhorn.com\/fr\/#\/schema\/logo\/image\/"},"sameAs":["https:\/\/www.facebook.com\/Bullhorn\/","https:\/\/x.com\/Bullhorn","https:\/\/www.instagram.com\/lifeatbullhorn\/?hl=fr","https:\/\/www.linkedin.com\/company\/bullhorn","https:\/\/www.youtube.com\/channel\/UC-Rgm5YxtoxsvlCHy6KW3Ug","https:\/\/en.wikipedia.org\/wiki\/Bullhorn,_Inc."]}]}},"grav_blocks":[{"acf_fc_layout":"card-grid","block_title":"","block_aria":"","block_subtitle":"","background_shape":"","background_shape_position":"left","parallax_fx":false,"title_position":"top","cards_bg_color":"","cards_border":false,"cards_per_row":"4","cards":[{"icon":"icons\/crane","icon_color":"blue-light","line_title_with_icon":false,"inline_title":"","content":"<h4>Plateforme<\/h4>\n<p>Les entreprises r\u00e9clament des plateformes qui peuvent \u00e9voluer pour atteindre leurs objectifs de croissance, g\u00e9rer leurs processus op\u00e9rationnels complexes, et rester comp\u00e9titives. Que votre syst\u00e8me de r\u00e9f\u00e9rence soit sur Bullhorn ou sur la plateforme force.com, notre technologie est con\u00e7ue pour vous aider aujourd&#8217;hui, et \u00e0 l&#8217;avenir.<\/p>\n"},{"icon":"icons\/support","icon_color":"blue-light","line_title_with_icon":false,"inline_title":"","content":"<h4>Partenariat<\/h4>\n<p>Bullhorn est un partenaire de votre entreprise, pas simplement un fournisseur. Nous vous offrons non seulement une \u00e9quipe d\u00e9di\u00e9e pour assurer votre r\u00e9ussite, mais nous disposons \u00e9galement de l&#8217;expertise et l&#8217;exp\u00e9rience n\u00e9cessaires pour r\u00e9soudre vos questions les plus complexes et pour soutenir vos processus m\u00e9tier.<\/p>\n"},{"icon":"icons\/lightbulb","icon_color":"blue-light","line_title_with_icon":false,"inline_title":"","content":"<h4>Innovation<\/h4>\n<p>Avec plus de 40\u00a0millions de dollars investis dans la recherche et le d\u00e9veloppement chaque ann\u00e9e, l&#8217;\u00e9quipe Bullhorn s&#8217;engage \u00e0 vous d\u00e9livrer une technologie de pointe. Notre plateforme bas\u00e9e sur le cloud fonctionne sur n&#8217;importe quel navigateur Internet et n&#8217;importe quel appareil. Elle nous permet d&#8217;innover plus rapidement que tout autre prestataire dans le secteur des logiciels CRM d&#8217;entreprise.<\/p>\n"}],"block_background":"block-bg-none","block_background_video_type":"url","block_background_video_url":"","block_background_video_file":false,"block_background_image":false,"block_background_overlay":false,"unique_id":"","block_option_custom_class":"","block_animate":true,"block_option_padding":[],"block_option_hide":[],"bg_lower_slant_color":""},{"acf_fc_layout":"content-icon-box","icon":"content-icon-box\/CE_Shape_2","icon_color":"blue-light","icon_alignment":"right","background_shape":"","parallax_fx":true,"title":"Un seul syst\u00e8me de r\u00e9f\u00e9rence, une seule source de v\u00e9rit\u00e9","block_aria":"","content":"<p>La technologie int\u00e9gr\u00e9e dans le cloud signifie que chaque membre de l&#8217;\u00e9quipe acc\u00e8de aux m\u00eames donn\u00e9es, au m\u00eame moment, de n&#8217;importe o\u00f9. Il est essentiel de comprendre chacune des parties de votre entreprise, et les solutions de Bullhorn vous permettent de tout faire, de la recherche au placement, en passant par la gestion du flux de tr\u00e9sorerie et le reporting sur le r\u00e9sultat net\u00a0; le tout \u00e0 partir d&#8217;un seul syst\u00e8me.<\/p>\n","links_title":"","links":false,"block_background":"block-bg-none","block_background_video_type":"url","block_background_video_url":"","block_background_video_file":false,"block_background_image":false,"block_background_overlay":false,"unique_id":"truth","block_option_custom_class":"","block_animate":true,"block_option_padding":[],"block_option_hide":[],"bg_lower_slant_color":""},{"acf_fc_layout":"content-icon-box","icon":"content-icon-box\/DBB_Shape_3","icon_color":"blue-dark","icon_alignment":"left","background_shape":"","parallax_fx":true,"title":"Plateforme de choix","block_aria":"","content":"<p>Nous croyons au pouvoir du choix. Nous investissons dans plusieurs des meilleures plateformes de l&#8217;industrie, Bullhorn, Invenias et Salesforce, qui se d\u00e9veloppent et \u00e9voluent parall\u00e8lement \u00e0 votre entreprise.<\/p>\n","links_title":"","links":false,"block_background":"block-bg-none","block_background_video_type":"url","block_background_video_url":"","block_background_video_file":false,"block_background_image":false,"block_background_overlay":false,"unique_id":"platform","block_option_custom_class":"","block_animate":true,"block_option_padding":[],"block_option_hide":[],"bg_lower_slant_color":""},{"acf_fc_layout":"content-icon-box","icon":"content-icon-box\/CE_Shape_1","icon_color":"green","icon_alignment":"right","background_shape":"","parallax_fx":true,"title":"L'automatisation pour transformer votre entreprise","block_aria":"","content":"<p>Passez plus de temps \u00e0 \u00e9tablir des relations en exploitant la seule plateforme d&#8217;automatisation con\u00e7ue pour l&#8217;environnement mouvement\u00e9 des cabinets de recrutement. Am\u00e9liorez grandement la productivit\u00e9, mettez de l&#8217;ordre dans votre base de donn\u00e9es une fois pour toutes et offrez une exp\u00e9rience exceptionnelle \u00e0 vos candidats et clients.<\/p>\n","links_title":"","links":false,"block_background":"block-bg-none","block_background_video_type":"url","block_background_video_url":"","block_background_video_file":false,"block_background_image":false,"block_background_overlay":false,"unique_id":"automation","block_option_custom_class":"","block_animate":true,"block_option_padding":[],"block_option_hide":[],"bg_lower_slant_color":""},{"acf_fc_layout":"testimonials","background_shape":"shapes\/cloud","background_shape_position":"left","parallax_fx":true,"transition_speed":"10","enable_autoplay":false,"autoplay_speed":3000,"testimonials":[1070],"block_background":"block-bg-none","block_background_video_type":"url","block_background_video_url":"","block_background_video_file":false,"block_background_image":false,"block_background_overlay":false,"unique_id":"","block_option_custom_class":"","block_option_padding":[],"block_option_hide":[]},{"acf_fc_layout":"global-block","block_group":1029}],"_links":{"self":[{"href":"https:\/\/www.bullhorn.com\/fr\/wp-json\/wp\/v2\/pages\/1068","targetHints":{"allow":["GET"]}}],"collection":[{"href":"https:\/\/www.bullhorn.com\/fr\/wp-json\/wp\/v2\/pages"}],"about":[{"href":"https:\/\/www.bullhorn.com\/fr\/wp-json\/wp\/v2\/types\/page"}],"author":[{"embeddable":true,"href":"https:\/\/www.bullhorn.com\/fr\/wp-json\/wp\/v2\/users\/302"}],"replies":[{"embeddable":true,"href":"https:\/\/www.bullhorn.com\/fr\/wp-json\/wp\/v2\/comments?post=1068"}],"version-history":[{"count":3,"href":"https:\/\/www.bullhorn.com\/fr\/wp-json\/wp\/v2\/pages\/1068\/revisions"}],"predecessor-version":[{"id":1703,"href":"https:\/\/www.bullhorn.com\/fr\/wp-json\/wp\/v2\/pages\/1068\/revisions\/1703"}],"wp:attachment":[{"href":"https:\/\/www.bullhorn.com\/fr\/wp-json\/wp\/v2\/media?parent=1068"}],"curies":[{"name":"wp","href":"https:\/\/api.w.org\/{rel}","templated":true}]}}