{"id":1090,"date":"2021-08-20T15:46:53","date_gmt":"2021-08-20T15:46:53","guid":{"rendered":"https:\/\/www.bullhorn.com\/fr\/?page_id=1090"},"modified":"2021-09-20T16:27:11","modified_gmt":"2021-09-20T16:27:11","slug":"automate-the-recruitment-lifecycle","status":"publish","type":"page","link":"https:\/\/www.bullhorn.com\/fr\/automate-the-recruitment-lifecycle\/","title":{"rendered":"Automatisez le cycle de vie du recrutement"},"content":{"rendered":"","protected":false},"excerpt":{"rendered":"","protected":false},"author":302,"featured_media":0,"parent":0,"menu_order":0,"comment_status":"closed","ping_status":"closed","template":"","meta":{"_acf_changed":false,"om_disable_all_campaigns":false},"class_list":["post-1090","page","type-page","status-publish","hentry"],"acf":[],"yoast_head":"<!-- This site is optimized with the Yoast SEO plugin v27.2 - https:\/\/yoast.com\/product\/yoast-seo-wordpress\/ -->\n<title>Automatisez le cycle de vie du recrutement - Bullhorn FR<\/title>\n<meta name=\"robots\" content=\"index, follow, max-snippet:-1, max-image-preview:large, max-video-preview:-1\" \/>\n<link rel=\"canonical\" href=\"https:\/\/www.bullhorn.com\/fr\/automate-the-recruitment-lifecycle\/\" \/>\n<meta property=\"og:locale\" content=\"en_US\" \/>\n<meta property=\"og:type\" content=\"article\" \/>\n<meta property=\"og:title\" content=\"Automatisez le cycle de vie du recrutement - Bullhorn FR\" \/>\n<meta property=\"og:url\" content=\"https:\/\/www.bullhorn.com\/fr\/automate-the-recruitment-lifecycle\/\" \/>\n<meta property=\"og:site_name\" content=\"Bullhorn FR\" \/>\n<meta property=\"article:publisher\" content=\"https:\/\/www.facebook.com\/Bullhorn\/\" \/>\n<meta property=\"article:modified_time\" content=\"2021-09-20T16:27:11+00:00\" \/>\n<meta name=\"twitter:card\" content=\"summary_large_image\" \/>\n<meta name=\"twitter:site\" content=\"@Bullhorn\" \/>\n<script type=\"application\/ld+json\" class=\"yoast-schema-graph\">{\"@context\":\"https:\/\/schema.org\",\"@graph\":[{\"@type\":\"WebPage\",\"@id\":\"https:\/\/www.bullhorn.com\/fr\/automate-the-recruitment-lifecycle\/\",\"url\":\"https:\/\/www.bullhorn.com\/fr\/automate-the-recruitment-lifecycle\/\",\"name\":\"Automatisez le cycle de vie du recrutement - Bullhorn FR\",\"isPartOf\":{\"@id\":\"https:\/\/www.bullhorn.com\/fr\/#website\"},\"datePublished\":\"2021-08-20T15:46:53+00:00\",\"dateModified\":\"2021-09-20T16:27:11+00:00\",\"breadcrumb\":{\"@id\":\"https:\/\/www.bullhorn.com\/fr\/automate-the-recruitment-lifecycle\/#breadcrumb\"},\"inLanguage\":\"en-US\",\"potentialAction\":[{\"@type\":\"ReadAction\",\"target\":[\"https:\/\/www.bullhorn.com\/fr\/automate-the-recruitment-lifecycle\/\"]}]},{\"@type\":\"BreadcrumbList\",\"@id\":\"https:\/\/www.bullhorn.com\/fr\/automate-the-recruitment-lifecycle\/#breadcrumb\",\"itemListElement\":[{\"@type\":\"ListItem\",\"position\":1,\"name\":\"Home\",\"item\":\"https:\/\/www.bullhorn.com\/fr\/\"},{\"@type\":\"ListItem\",\"position\":2,\"name\":\"Automatisez le cycle de vie du recrutement\"}]},{\"@type\":\"WebSite\",\"@id\":\"https:\/\/www.bullhorn.com\/fr\/#website\",\"url\":\"https:\/\/www.bullhorn.com\/fr\/\",\"name\":\"Bullhorn FR\",\"description\":\"\",\"publisher\":{\"@id\":\"https:\/\/www.bullhorn.com\/fr\/#organization\"},\"potentialAction\":[{\"@type\":\"SearchAction\",\"target\":{\"@type\":\"EntryPoint\",\"urlTemplate\":\"https:\/\/www.bullhorn.com\/fr\/?s={search_term_string}\"},\"query-input\":{\"@type\":\"PropertyValueSpecification\",\"valueRequired\":true,\"valueName\":\"search_term_string\"}}],\"inLanguage\":\"en-US\"},{\"@type\":\"Organization\",\"@id\":\"https:\/\/www.bullhorn.com\/fr\/#organization\",\"name\":\"Bullhorn\",\"url\":\"https:\/\/www.bullhorn.com\/fr\/\",\"logo\":{\"@type\":\"ImageObject\",\"inLanguage\":\"en-US\",\"@id\":\"https:\/\/www.bullhorn.com\/fr\/#\/schema\/logo\/image\/\",\"url\":\"https:\/\/www.bullhorn.com\/fr\/wp-content\/uploads\/sites\/14\/2021\/09\/og-img.png\",\"contentUrl\":\"https:\/\/www.bullhorn.com\/fr\/wp-content\/uploads\/sites\/14\/2021\/09\/og-img.png\",\"width\":1200,\"height\":628,\"caption\":\"Bullhorn\"},\"image\":{\"@id\":\"https:\/\/www.bullhorn.com\/fr\/#\/schema\/logo\/image\/\"},\"sameAs\":[\"https:\/\/www.facebook.com\/Bullhorn\/\",\"https:\/\/x.com\/Bullhorn\",\"https:\/\/www.instagram.com\/lifeatbullhorn\/?hl=fr\",\"https:\/\/www.linkedin.com\/company\/bullhorn\",\"https:\/\/www.youtube.com\/channel\/UC-Rgm5YxtoxsvlCHy6KW3Ug\",\"https:\/\/en.wikipedia.org\/wiki\/Bullhorn,_Inc.\"]}]}<\/script>\n<!-- \/ Yoast SEO plugin. -->","yoast_head_json":{"title":"Automatisez le cycle de vie du recrutement - Bullhorn FR","robots":{"index":"index","follow":"follow","max-snippet":"max-snippet:-1","max-image-preview":"max-image-preview:large","max-video-preview":"max-video-preview:-1"},"canonical":"https:\/\/www.bullhorn.com\/fr\/automate-the-recruitment-lifecycle\/","og_locale":"en_US","og_type":"article","og_title":"Automatisez le cycle de vie du recrutement - Bullhorn FR","og_url":"https:\/\/www.bullhorn.com\/fr\/automate-the-recruitment-lifecycle\/","og_site_name":"Bullhorn FR","article_publisher":"https:\/\/www.facebook.com\/Bullhorn\/","article_modified_time":"2021-09-20T16:27:11+00:00","twitter_card":"summary_large_image","twitter_site":"@Bullhorn","schema":{"@context":"https:\/\/schema.org","@graph":[{"@type":"WebPage","@id":"https:\/\/www.bullhorn.com\/fr\/automate-the-recruitment-lifecycle\/","url":"https:\/\/www.bullhorn.com\/fr\/automate-the-recruitment-lifecycle\/","name":"Automatisez le cycle de vie du recrutement - Bullhorn FR","isPartOf":{"@id":"https:\/\/www.bullhorn.com\/fr\/#website"},"datePublished":"2021-08-20T15:46:53+00:00","dateModified":"2021-09-20T16:27:11+00:00","breadcrumb":{"@id":"https:\/\/www.bullhorn.com\/fr\/automate-the-recruitment-lifecycle\/#breadcrumb"},"inLanguage":"en-US","potentialAction":[{"@type":"ReadAction","target":["https:\/\/www.bullhorn.com\/fr\/automate-the-recruitment-lifecycle\/"]}]},{"@type":"BreadcrumbList","@id":"https:\/\/www.bullhorn.com\/fr\/automate-the-recruitment-lifecycle\/#breadcrumb","itemListElement":[{"@type":"ListItem","position":1,"name":"Home","item":"https:\/\/www.bullhorn.com\/fr\/"},{"@type":"ListItem","position":2,"name":"Automatisez le cycle de vie du recrutement"}]},{"@type":"WebSite","@id":"https:\/\/www.bullhorn.com\/fr\/#website","url":"https:\/\/www.bullhorn.com\/fr\/","name":"Bullhorn FR","description":"","publisher":{"@id":"https:\/\/www.bullhorn.com\/fr\/#organization"},"potentialAction":[{"@type":"SearchAction","target":{"@type":"EntryPoint","urlTemplate":"https:\/\/www.bullhorn.com\/fr\/?s={search_term_string}"},"query-input":{"@type":"PropertyValueSpecification","valueRequired":true,"valueName":"search_term_string"}}],"inLanguage":"en-US"},{"@type":"Organization","@id":"https:\/\/www.bullhorn.com\/fr\/#organization","name":"Bullhorn","url":"https:\/\/www.bullhorn.com\/fr\/","logo":{"@type":"ImageObject","inLanguage":"en-US","@id":"https:\/\/www.bullhorn.com\/fr\/#\/schema\/logo\/image\/","url":"https:\/\/www.bullhorn.com\/fr\/wp-content\/uploads\/sites\/14\/2021\/09\/og-img.png","contentUrl":"https:\/\/www.bullhorn.com\/fr\/wp-content\/uploads\/sites\/14\/2021\/09\/og-img.png","width":1200,"height":628,"caption":"Bullhorn"},"image":{"@id":"https:\/\/www.bullhorn.com\/fr\/#\/schema\/logo\/image\/"},"sameAs":["https:\/\/www.facebook.com\/Bullhorn\/","https:\/\/x.com\/Bullhorn","https:\/\/www.instagram.com\/lifeatbullhorn\/?hl=fr","https:\/\/www.linkedin.com\/company\/bullhorn","https:\/\/www.youtube.com\/channel\/UC-Rgm5YxtoxsvlCHy6KW3Ug","https:\/\/en.wikipedia.org\/wiki\/Bullhorn,_Inc."]}]}},"grav_blocks":[{"acf_fc_layout":"columns","block_title":"","block_aria":"","block_subtitle":"","format":"","enable_box_shadow":true,"columns":[{"type":"wysiwyg","wysiwyg":"<h3><span style=\"color: #4ab890;\">Le probl\u00e8me<\/span><\/h3>\n<p>Le temps est votre ressource la plus pr\u00e9cieuse. Toutefois, les t\u00e2ches manuelles telles que l&#8217;envoi d&#8217;e-mails, le nettoyage des donn\u00e9es et le suivi des points de contact de communication peuvent amenuiser vos ressources. Comment pouvez-vous r\u00e9duire les t\u00e2ches chronophages tout en continuant \u00e0 accro\u00eetre vos activit\u00e9s ?<\/p>\n","accordion_open_first_section":false,"accordion_multiple_open_sections":false,"accordion_items":false,"icon_list_items":false},{"type":"wysiwyg","wysiwyg":"<h3><span style=\"color: #4ab890;\">Notre solution<\/span><\/h3>\n<p>L&#8217;automatisation du recrutement vous permet de rationaliser les flux de travail, communications et processus r\u00e9p\u00e9titifs tout au long du cycle de recrutement afin d&#8217;am\u00e9liorer le r\u00e9sultat net et la croissance du chiffre d&#8217;affaires.<\/p>\n","accordion_open_first_section":false,"accordion_multiple_open_sections":false,"accordion_items":false,"icon_list_items":false}],"block_background":"bg-blue","block_background_video_type":"url","block_background_video_url":"","block_background_video_file":false,"block_background_image":false,"block_background_overlay":false,"unique_id":"","block_option_custom_class":"","block_animate":true,"block_option_padding":[],"block_option_hide":[],"bg_lower_slant_color":"white"},{"acf_fc_layout":"card-grid","block_title":"","block_aria":"","block_subtitle":"","background_shape":"","background_shape_position":"left","parallax_fx":false,"title_position":"top","cards_bg_color":"","cards_border":false,"cards_per_row":"4","cards":[{"icon":"icons\/checklist","icon_color":"green","line_title_with_icon":false,"inline_title":"","content":"<h3>Productivit\u00e9<\/h3>\n<p>Automatisez les t\u00e2ches r\u00e9p\u00e9titives et souvent oubli\u00e9es et veillez \u00e0 ce que les processus corrects soient en place au moment opportun afin que votre \u00e9quipe puisse passer plus de temps sur les activit\u00e9s qui g\u00e9n\u00e8rent le plus de revenus.<\/p>\n"},{"icon":"icons\/table","icon_color":"green","line_title_with_icon":false,"inline_title":"","content":"<h3>Sant\u00e9 des donn\u00e9es<\/h3>\n<p>Identifiez les dossiers inexacts ou incomplets et automatisez de multiples processus de nettoyage.<\/p>\n"},{"icon":"icons\/email","icon_color":"green","line_title_with_icon":false,"inline_title":"","content":"<h3>Communication<\/h3>\n<p>Cr\u00e9ez des exp\u00e9riences \u00e0 forte interaction avec les candidats, clients et sous-traitants tout au long du processus de recrutement.<\/p>\n"}],"block_background":"block-bg-none","block_background_video_type":"url","block_background_video_url":"","block_background_video_file":false,"block_background_image":false,"block_background_overlay":false,"unique_id":"","block_option_custom_class":"","block_animate":true,"block_option_padding":[],"block_option_hide":[],"bg_lower_slant_color":""},{"acf_fc_layout":"content-icon-box","icon":"content-icon-box\/ARL_Shape_1","icon_color":"green","icon_alignment":"right","background_shape":"","parallax_fx":false,"title":"Activez votre base de donn\u00e9es","block_aria":"","content":"<p>Am\u00e9liorez la pr\u00e9cision des donn\u00e9es et cr\u00e9ez un vivier de talents plus exploitable en automatisant les t\u00e2ches de nettoyage de donn\u00e9es simples comme la reproduction, la suppression et le param\u00e9trage des valeurs de champ.<\/p>\n","links_title":"","links":false,"block_background":"block-bg-none","block_background_video_type":"url","block_background_video_url":"","block_background_video_file":false,"block_background_image":false,"block_background_overlay":false,"unique_id":"","block_option_custom_class":"","block_animate":true,"block_option_padding":[],"block_option_hide":[],"bg_lower_slant_color":""},{"acf_fc_layout":"content-icon-box","icon":"content-icon-box\/ARL_Shape_2","icon_color":"green","icon_alignment":"left","background_shape":"","parallax_fx":false,"title":"Soumettez des candidats plus rapidement","block_aria":"","content":"<p>Plus de copier-coller. Devancez la concurrence avec notre VMS automatis\u00e9, et solution de soumission de candidats. Les demandes de recrutement passent automatiquement dans votre ATS \u00e0 partir de plus de 60 VMS, et les recruteurs peuvent proposer les candidats aux postes, directement \u00e0 partir de Bullhorn.<\/p>\n","links_title":"","links":false,"block_background":"block-bg-none","block_background_video_type":"url","block_background_video_url":"","block_background_video_file":false,"block_background_image":false,"block_background_overlay":false,"unique_id":"","block_option_custom_class":"","block_animate":true,"block_option_padding":[],"block_option_hide":[],"bg_lower_slant_color":""},{"acf_fc_layout":"content-icon-box","icon":"content-icon-box\/ARL_Shape_3","icon_color":"green","icon_alignment":"right","background_shape":"","parallax_fx":false,"title":"Simplifiez le processus d'entretien et d'embauche","block_aria":"","content":"<p>Cr\u00e9ez moins de friction et plus d&#8217;interaction au niveau du flux de travail de recrutement avec les candidats et les clients. Un exemple\u00a0: Automatisez les rappels avant les entretiens pour veiller \u00e0 ce que les candidats soient pr\u00e9par\u00e9s et envoyez une enqu\u00eate aux clients apr\u00e8s les entretiens pour recueillir leurs commentaires.<\/p>\n","links_title":"","links":false,"block_background":"block-bg-none","block_background_video_type":"url","block_background_video_url":"","block_background_video_file":false,"block_background_image":false,"block_background_overlay":false,"unique_id":"","block_option_custom_class":"","block_animate":true,"block_option_padding":[],"block_option_hide":[],"bg_lower_slant_color":""},{"acf_fc_layout":"testimonials","background_shape":"shapes\/heart","background_shape_position":"left","parallax_fx":true,"transition_speed":"10","enable_autoplay":false,"autoplay_speed":3000,"testimonials":[1091],"block_background":"block-bg-none","block_background_video_type":"url","block_background_video_url":"","block_background_video_file":false,"block_background_image":false,"block_background_overlay":false,"unique_id":"","block_option_custom_class":"","block_option_padding":[],"block_option_hide":[]},{"acf_fc_layout":"cta","mid_page_format":false,"condensed_format":false,"text":"Pr\u00eat \u00e0 commencer ?","subtext":"","block_aria":"","image":{"ID":1084,"id":1084,"title":"Footer_Stocksy_txpf77ca13blZ6300_Medium_3814527","filename":"Footer_Stocksy_txpf77ca13blZ6300_Medium_3814527.jpg","filesize":1375109,"url":"https:\/\/www.bullhorn.com\/fr\/wp-content\/uploads\/sites\/14\/2021\/08\/Footer_Stocksy_txpf77ca13blZ6300_Medium_3814527.jpg","link":"https:\/\/www.bullhorn.com\/fr\/sales\/footer_stocksy_txpf77ca13blz6300_medium_3814527\/","alt":"","author":"302","description":"","caption":"","name":"footer_stocksy_txpf77ca13blz6300_medium_3814527","status":"inherit","uploaded_to":1127,"date":"2021-08-20 14:01:31","modified":"2021-09-20 14:04:16","menu_order":0,"mime_type":"image\/jpeg","type":"image","subtype":"jpeg","icon":"https:\/\/www.bullhorn.com\/fr\/wp-includes\/images\/media\/default.png","width":1110,"height":1802,"sizes":{"thumbnail":"https:\/\/www.bullhorn.com\/fr\/wp-content\/uploads\/sites\/14\/2021\/08\/Footer_Stocksy_txpf77ca13blZ6300_Medium_3814527-150x150.jpg","thumbnail-width":150,"thumbnail-height":150,"medium":"https:\/\/www.bullhorn.com\/fr\/wp-content\/uploads\/sites\/14\/2021\/08\/Footer_Stocksy_txpf77ca13blZ6300_Medium_3814527-185x300.jpg","medium-width":185,"medium-height":300,"medium_large":"https:\/\/www.bullhorn.com\/fr\/wp-content\/uploads\/sites\/14\/2021\/08\/Footer_Stocksy_txpf77ca13blZ6300_Medium_3814527-768x1247.jpg","medium_large-width":768,"medium_large-height":1247,"large":"https:\/\/www.bullhorn.com\/fr\/wp-content\/uploads\/sites\/14\/2021\/08\/Footer_Stocksy_txpf77ca13blZ6300_Medium_3814527-631x1024.jpg","large-width":631,"large-height":1024,"1536x1536":"https:\/\/www.bullhorn.com\/fr\/wp-content\/uploads\/sites\/14\/2021\/08\/Footer_Stocksy_txpf77ca13blZ6300_Medium_3814527-946x1536.jpg","1536x1536-width":946,"1536x1536-height":1536,"2048x2048":"https:\/\/www.bullhorn.com\/fr\/wp-content\/uploads\/sites\/14\/2021\/08\/Footer_Stocksy_txpf77ca13blZ6300_Medium_3814527.jpg","2048x2048-width":1110,"2048x2048-height":1802,"post-thumbnail":"https:\/\/www.bullhorn.com\/fr\/wp-content\/uploads\/sites\/14\/2021\/08\/Footer_Stocksy_txpf77ca13blZ6300_Medium_3814527-300x300.jpg","post-thumbnail-width":300,"post-thumbnail-height":300,"small":"https:\/\/www.bullhorn.com\/fr\/wp-content\/uploads\/sites\/14\/2021\/08\/Footer_Stocksy_txpf77ca13blZ6300_Medium_3814527-185x300.jpg","small-width":185,"small-height":300,"xlarge":"https:\/\/www.bullhorn.com\/fr\/wp-content\/uploads\/sites\/14\/2021\/08\/Footer_Stocksy_txpf77ca13blZ6300_Medium_3814527.jpg","xlarge-width":1110,"xlarge-height":1802,"insight-of-the-week":"https:\/\/www.bullhorn.com\/fr\/wp-content\/uploads\/sites\/14\/2021\/08\/Footer_Stocksy_txpf77ca13blZ6300_Medium_3814527.jpg","insight-of-the-week-width":232,"insight-of-the-week-height":377,"insight-icons":"https:\/\/www.bullhorn.com\/fr\/wp-content\/uploads\/sites\/14\/2021\/08\/Footer_Stocksy_txpf77ca13blZ6300_Medium_3814527.jpg","insight-icons-width":51,"insight-icons-height":83,"insight-research-image":"https:\/\/www.bullhorn.com\/fr\/wp-content\/uploads\/sites\/14\/2021\/08\/Footer_Stocksy_txpf77ca13blZ6300_Medium_3814527.jpg","insight-research-image-width":136,"insight-research-image-height":220,"insight-featured-articles-thumbnail":"https:\/\/www.bullhorn.com\/fr\/wp-content\/uploads\/sites\/14\/2021\/08\/Footer_Stocksy_txpf77ca13blZ6300_Medium_3814527.jpg","insight-featured-articles-thumbnail-width":101,"insight-featured-articles-thumbnail-height":164,"insight-logo":"https:\/\/www.bullhorn.com\/fr\/wp-content\/uploads\/sites\/14\/2021\/08\/Footer_Stocksy_txpf77ca13blZ6300_Medium_3814527.jpg","insight-logo-width":110,"insight-logo-height":178}},"enable_bg_shape":false,"image_shape":"masks\/arrow-right","action_type":"button","link_settings":{"link_type":"url","link_text":"Obtenez une d\u00e9mo en direct","link_page":null,"link_url":"#show-demo-modal","link_style":"button--orange","link_aria":""},"email_placeholder_text":"Enter Your Email Address","block_background":"bg-blue","block_background_video_type":"url","block_background_video_url":"","block_background_video_file":false,"block_background_image":false,"block_background_overlay":false,"unique_id":"","block_option_custom_class":"","block_animate":true,"block_option_padding":[],"block_option_hide":[],"bg_lower_slant_color":""}],"_links":{"self":[{"href":"https:\/\/www.bullhorn.com\/fr\/wp-json\/wp\/v2\/pages\/1090","targetHints":{"allow":["GET"]}}],"collection":[{"href":"https:\/\/www.bullhorn.com\/fr\/wp-json\/wp\/v2\/pages"}],"about":[{"href":"https:\/\/www.bullhorn.com\/fr\/wp-json\/wp\/v2\/types\/page"}],"author":[{"embeddable":true,"href":"https:\/\/www.bullhorn.com\/fr\/wp-json\/wp\/v2\/users\/302"}],"replies":[{"embeddable":true,"href":"https:\/\/www.bullhorn.com\/fr\/wp-json\/wp\/v2\/comments?post=1090"}],"version-history":[{"count":4,"href":"https:\/\/www.bullhorn.com\/fr\/wp-json\/wp\/v2\/pages\/1090\/revisions"}],"predecessor-version":[{"id":1717,"href":"https:\/\/www.bullhorn.com\/fr\/wp-json\/wp\/v2\/pages\/1090\/revisions\/1717"}],"wp:attachment":[{"href":"https:\/\/www.bullhorn.com\/fr\/wp-json\/wp\/v2\/media?parent=1090"}],"curies":[{"name":"wp","href":"https:\/\/api.w.org\/{rel}","templated":true}]}}