{"id":1095,"date":"2021-08-20T15:56:32","date_gmt":"2021-08-20T15:56:32","guid":{"rendered":"https:\/\/www.bullhorn.com\/fr\/?page_id=1095"},"modified":"2021-09-20T16:41:32","modified_gmt":"2021-09-20T16:41:32","slug":"find-top-talent","status":"publish","type":"page","link":"https:\/\/www.bullhorn.com\/fr\/find-top-talent\/","title":{"rendered":"Trouvez les meilleurs talents"},"content":{"rendered":"","protected":false},"excerpt":{"rendered":"","protected":false},"author":302,"featured_media":0,"parent":0,"menu_order":0,"comment_status":"closed","ping_status":"closed","template":"","meta":{"_acf_changed":false,"om_disable_all_campaigns":false},"class_list":["post-1095","page","type-page","status-publish","hentry"],"acf":[],"yoast_head":"<!-- This site is optimized with the Yoast SEO plugin v27.2 - https:\/\/yoast.com\/product\/yoast-seo-wordpress\/ -->\n<title>Trouvez les meilleurs talents - Bullhorn FR<\/title>\n<meta name=\"description\" content=\"With Bullhorn staffing solutions, fill your database with qualified candidates and engage talent faster than the competition.\" \/>\n<meta name=\"robots\" content=\"index, follow, max-snippet:-1, max-image-preview:large, max-video-preview:-1\" \/>\n<link rel=\"canonical\" href=\"https:\/\/www.bullhorn.com\/fr\/find-top-talent\/\" \/>\n<meta property=\"og:locale\" content=\"en_US\" \/>\n<meta property=\"og:type\" content=\"article\" \/>\n<meta property=\"og:title\" content=\"Trouvez les meilleurs talents - Bullhorn FR\" \/>\n<meta property=\"og:description\" content=\"With Bullhorn staffing solutions, fill your database with qualified candidates and engage talent faster than the competition.\" \/>\n<meta property=\"og:url\" content=\"https:\/\/www.bullhorn.com\/fr\/find-top-talent\/\" \/>\n<meta property=\"og:site_name\" content=\"Bullhorn FR\" \/>\n<meta property=\"article:publisher\" content=\"https:\/\/www.facebook.com\/Bullhorn\/\" \/>\n<meta property=\"article:modified_time\" content=\"2021-09-20T16:41:32+00:00\" \/>\n<meta name=\"twitter:card\" content=\"summary_large_image\" \/>\n<meta name=\"twitter:site\" content=\"@Bullhorn\" \/>\n<script type=\"application\/ld+json\" class=\"yoast-schema-graph\">{\"@context\":\"https:\/\/schema.org\",\"@graph\":[{\"@type\":\"WebPage\",\"@id\":\"https:\/\/www.bullhorn.com\/fr\/find-top-talent\/\",\"url\":\"https:\/\/www.bullhorn.com\/fr\/find-top-talent\/\",\"name\":\"Trouvez les meilleurs talents - Bullhorn FR\",\"isPartOf\":{\"@id\":\"https:\/\/www.bullhorn.com\/fr\/#website\"},\"datePublished\":\"2021-08-20T15:56:32+00:00\",\"dateModified\":\"2021-09-20T16:41:32+00:00\",\"description\":\"With Bullhorn staffing solutions, fill your database with qualified candidates and engage talent faster than the competition.\",\"breadcrumb\":{\"@id\":\"https:\/\/www.bullhorn.com\/fr\/find-top-talent\/#breadcrumb\"},\"inLanguage\":\"en-US\",\"potentialAction\":[{\"@type\":\"ReadAction\",\"target\":[\"https:\/\/www.bullhorn.com\/fr\/find-top-talent\/\"]}]},{\"@type\":\"BreadcrumbList\",\"@id\":\"https:\/\/www.bullhorn.com\/fr\/find-top-talent\/#breadcrumb\",\"itemListElement\":[{\"@type\":\"ListItem\",\"position\":1,\"name\":\"Home\",\"item\":\"https:\/\/www.bullhorn.com\/fr\/\"},{\"@type\":\"ListItem\",\"position\":2,\"name\":\"Trouvez les meilleurs talents\"}]},{\"@type\":\"WebSite\",\"@id\":\"https:\/\/www.bullhorn.com\/fr\/#website\",\"url\":\"https:\/\/www.bullhorn.com\/fr\/\",\"name\":\"Bullhorn FR\",\"description\":\"\",\"publisher\":{\"@id\":\"https:\/\/www.bullhorn.com\/fr\/#organization\"},\"potentialAction\":[{\"@type\":\"SearchAction\",\"target\":{\"@type\":\"EntryPoint\",\"urlTemplate\":\"https:\/\/www.bullhorn.com\/fr\/?s={search_term_string}\"},\"query-input\":{\"@type\":\"PropertyValueSpecification\",\"valueRequired\":true,\"valueName\":\"search_term_string\"}}],\"inLanguage\":\"en-US\"},{\"@type\":\"Organization\",\"@id\":\"https:\/\/www.bullhorn.com\/fr\/#organization\",\"name\":\"Bullhorn\",\"url\":\"https:\/\/www.bullhorn.com\/fr\/\",\"logo\":{\"@type\":\"ImageObject\",\"inLanguage\":\"en-US\",\"@id\":\"https:\/\/www.bullhorn.com\/fr\/#\/schema\/logo\/image\/\",\"url\":\"https:\/\/www.bullhorn.com\/fr\/wp-content\/uploads\/sites\/14\/2021\/09\/og-img.png\",\"contentUrl\":\"https:\/\/www.bullhorn.com\/fr\/wp-content\/uploads\/sites\/14\/2021\/09\/og-img.png\",\"width\":1200,\"height\":628,\"caption\":\"Bullhorn\"},\"image\":{\"@id\":\"https:\/\/www.bullhorn.com\/fr\/#\/schema\/logo\/image\/\"},\"sameAs\":[\"https:\/\/www.facebook.com\/Bullhorn\/\",\"https:\/\/x.com\/Bullhorn\",\"https:\/\/www.instagram.com\/lifeatbullhorn\/?hl=fr\",\"https:\/\/www.linkedin.com\/company\/bullhorn\",\"https:\/\/www.youtube.com\/channel\/UC-Rgm5YxtoxsvlCHy6KW3Ug\",\"https:\/\/en.wikipedia.org\/wiki\/Bullhorn,_Inc.\"]}]}<\/script>\n<!-- \/ Yoast SEO plugin. -->","yoast_head_json":{"title":"Trouvez les meilleurs talents - Bullhorn FR","description":"With Bullhorn staffing solutions, fill your database with qualified candidates and engage talent faster than the competition.","robots":{"index":"index","follow":"follow","max-snippet":"max-snippet:-1","max-image-preview":"max-image-preview:large","max-video-preview":"max-video-preview:-1"},"canonical":"https:\/\/www.bullhorn.com\/fr\/find-top-talent\/","og_locale":"en_US","og_type":"article","og_title":"Trouvez les meilleurs talents - Bullhorn FR","og_description":"With Bullhorn staffing solutions, fill your database with qualified candidates and engage talent faster than the competition.","og_url":"https:\/\/www.bullhorn.com\/fr\/find-top-talent\/","og_site_name":"Bullhorn FR","article_publisher":"https:\/\/www.facebook.com\/Bullhorn\/","article_modified_time":"2021-09-20T16:41:32+00:00","twitter_card":"summary_large_image","twitter_site":"@Bullhorn","schema":{"@context":"https:\/\/schema.org","@graph":[{"@type":"WebPage","@id":"https:\/\/www.bullhorn.com\/fr\/find-top-talent\/","url":"https:\/\/www.bullhorn.com\/fr\/find-top-talent\/","name":"Trouvez les meilleurs talents - Bullhorn FR","isPartOf":{"@id":"https:\/\/www.bullhorn.com\/fr\/#website"},"datePublished":"2021-08-20T15:56:32+00:00","dateModified":"2021-09-20T16:41:32+00:00","description":"With Bullhorn staffing solutions, fill your database with qualified candidates and engage talent faster than the competition.","breadcrumb":{"@id":"https:\/\/www.bullhorn.com\/fr\/find-top-talent\/#breadcrumb"},"inLanguage":"en-US","potentialAction":[{"@type":"ReadAction","target":["https:\/\/www.bullhorn.com\/fr\/find-top-talent\/"]}]},{"@type":"BreadcrumbList","@id":"https:\/\/www.bullhorn.com\/fr\/find-top-talent\/#breadcrumb","itemListElement":[{"@type":"ListItem","position":1,"name":"Home","item":"https:\/\/www.bullhorn.com\/fr\/"},{"@type":"ListItem","position":2,"name":"Trouvez les meilleurs talents"}]},{"@type":"WebSite","@id":"https:\/\/www.bullhorn.com\/fr\/#website","url":"https:\/\/www.bullhorn.com\/fr\/","name":"Bullhorn FR","description":"","publisher":{"@id":"https:\/\/www.bullhorn.com\/fr\/#organization"},"potentialAction":[{"@type":"SearchAction","target":{"@type":"EntryPoint","urlTemplate":"https:\/\/www.bullhorn.com\/fr\/?s={search_term_string}"},"query-input":{"@type":"PropertyValueSpecification","valueRequired":true,"valueName":"search_term_string"}}],"inLanguage":"en-US"},{"@type":"Organization","@id":"https:\/\/www.bullhorn.com\/fr\/#organization","name":"Bullhorn","url":"https:\/\/www.bullhorn.com\/fr\/","logo":{"@type":"ImageObject","inLanguage":"en-US","@id":"https:\/\/www.bullhorn.com\/fr\/#\/schema\/logo\/image\/","url":"https:\/\/www.bullhorn.com\/fr\/wp-content\/uploads\/sites\/14\/2021\/09\/og-img.png","contentUrl":"https:\/\/www.bullhorn.com\/fr\/wp-content\/uploads\/sites\/14\/2021\/09\/og-img.png","width":1200,"height":628,"caption":"Bullhorn"},"image":{"@id":"https:\/\/www.bullhorn.com\/fr\/#\/schema\/logo\/image\/"},"sameAs":["https:\/\/www.facebook.com\/Bullhorn\/","https:\/\/x.com\/Bullhorn","https:\/\/www.instagram.com\/lifeatbullhorn\/?hl=fr","https:\/\/www.linkedin.com\/company\/bullhorn","https:\/\/www.youtube.com\/channel\/UC-Rgm5YxtoxsvlCHy6KW3Ug","https:\/\/en.wikipedia.org\/wiki\/Bullhorn,_Inc."]}]}},"grav_blocks":[{"acf_fc_layout":"columns","block_title":"","block_aria":"","block_subtitle":"","format":"","enable_box_shadow":true,"columns":[{"type":"wysiwyg","wysiwyg":"<h3><span style=\"color: #009bdf;\">Le probl\u00e8me<\/span><\/h3>\n<p>Quel que soit votre secteur, trouver les meilleurs talents au moment opportun est probablement un challenge pour votre cabinet.<\/p>\n","accordion_open_first_section":false,"accordion_multiple_open_sections":false,"accordion_items":false,"icon_list_items":false},{"type":"wysiwyg","wysiwyg":"<h3><span style=\"color: #009bdf;\">Notre solution<\/span><\/h3>\n<p>Nous savons qu&#8217;il est difficile de se d\u00e9marquer. Avec nos solutions, vous allez pouvoir le faire. Trouvez les meilleurs candidats plus rapidement que la concurrence et mobilisez-les d&#8217;une mani\u00e8re qu&#8217;ils ne manqueront pas de remarquer.<\/p>\n","accordion_open_first_section":false,"accordion_multiple_open_sections":false,"accordion_items":false,"icon_list_items":false}],"block_background":"bg-blue","block_background_video_type":"url","block_background_video_url":"","block_background_video_file":false,"block_background_image":false,"block_background_overlay":false,"unique_id":"","block_option_custom_class":"","block_animate":true,"block_option_padding":[],"block_option_hide":[],"bg_lower_slant_color":"white"},{"acf_fc_layout":"card-grid","block_title":"","block_aria":"","block_subtitle":"","background_shape":"","background_shape_position":"left","parallax_fx":false,"title_position":"top","cards_bg_color":"","cards_border":false,"cards_per_row":"4","cards":[{"icon":"icons\/doc-check","icon_color":"blue-light","line_title_with_icon":false,"inline_title":"","content":"<h3>Remplissez votre base de donn\u00e9es avec des candidats qualifi\u00e9s<\/h3>\n<p>Obtenir le meilleur talent devant votre \u00e9quipe est le premier pas. Avec nos outils, vous serez en mesure de mettre vos postes en avant et de ramener rapidement les meilleurs candidats dans votre giron.<\/p>\n"},{"icon":"icons\/arrows-up","icon_color":"blue-light","line_title_with_icon":false,"inline_title":"","content":"<h3>R\u00e9v\u00e9lez les meilleurs candidats pour chaque poste<\/h3>\n<p>L&#8217;\u00e9tape suivante consiste \u00e0 \u00eatre capable de trouver les meilleurs candidats pour un poste donn\u00e9 en fonction de la localisation, des comp\u00e9tences, et plus encore. Notre fonction de recherche g\u00e9n\u00e9rera la meilleure liste de candidats, et ce, \u00e0 chaque fois.<\/p>\n"},{"icon":"icons\/personalized","icon_color":"blue-light","line_title_with_icon":false,"inline_title":"","content":"<h3>Mobilisez les candidats au moment opportun, de la bonne mani\u00e8re<\/h3>\n<p>Accrochez vos candidats d\u00e8s le d\u00e9part gr\u00e2ce \u00e0 une communication automatis\u00e9e hautement personnelle comme un e-mail ou un SMS.<\/p>\n"}],"block_background":"block-bg-none","block_background_video_type":"url","block_background_video_url":"","block_background_video_file":false,"block_background_image":false,"block_background_overlay":false,"unique_id":"","block_option_custom_class":"","block_animate":true,"block_option_padding":[],"block_option_hide":[],"bg_lower_slant_color":""},{"acf_fc_layout":"content-icon-box","icon":"content-icon-box\/FTT_Shape_1","icon_color":"blue-light","icon_alignment":"right","background_shape":"","parallax_fx":false,"title":"Capture de donn\u00e9es de tableau d'offres","block_aria":"","content":"<p>Capturez facilement des informations sur les candidats \u00e0 partir de tableaux d&#8217;offres et ajoutez-les imm\u00e9diatement dans Bullhorn. En utilisant l&#8217;extension Google Chrome Acc\u00e9l\u00e9rateur de sourcing de Bullhorn, vous aurez la possibilit\u00e9 de mettre \u00e0 jour ou d&#8217;ajouter des candidats sans quitter le tableau d&#8217;offres.<\/p>\n","links_title":"","links":false,"block_background":"block-bg-none","block_background_video_type":"url","block_background_video_url":"","block_background_video_file":false,"block_background_image":false,"block_background_overlay":false,"unique_id":"","block_option_custom_class":"","block_animate":true,"block_option_padding":[],"block_option_hide":[],"bg_lower_slant_color":""},{"acf_fc_layout":"content-icon-box","icon":"content-icon-box\/FTT_Shape_2","icon_color":"blue-light","icon_alignment":"left","background_shape":"","parallax_fx":false,"title":"Reprenez l'analyse","block_aria":"","content":"<p>Am\u00e9liorez votre efficacit\u00e9 et r\u00e9duisez le nombre de clics en exploitant le moteur d\u2019analyse de Bullhorn pour extraire des informations (d\u2019o\u00f9 qu\u2019elles viennent) et pr\u00e9remplir les champs des dossiers des candidats, des fichiers de contact et des dossiers d\u2019emploi Bullhorn.<\/p>\n","links_title":"Related Products","links":false,"block_background":"block-bg-none","block_background_video_type":"url","block_background_video_url":"","block_background_video_file":false,"block_background_image":false,"block_background_overlay":false,"unique_id":"","block_option_custom_class":"","block_animate":true,"block_option_padding":[],"block_option_hide":[],"bg_lower_slant_color":""},{"acf_fc_layout":"content-icon-box","icon":"content-icon-box\/FTT_Shape_3","icon_color":"blue-light","icon_alignment":"right","background_shape":"","parallax_fx":false,"title":"Int\u00e9gration \u00e0 LinkedIn Recruiter","block_aria":"","content":"<p>Cette int\u00e9gration permet de rationaliser le flux de travail d\u2019un recruteur, de r\u00e9duire le nombre de clics et de vous fournir des informations continuellement actualis\u00e9es sur tous vos candidats.<\/p>\n","links_title":"","links":false,"block_background":"block-bg-none","block_background_video_type":"url","block_background_video_url":"","block_background_video_file":false,"block_background_image":false,"block_background_overlay":false,"unique_id":"","block_option_custom_class":"","block_animate":true,"block_option_padding":[],"block_option_hide":[],"bg_lower_slant_color":""},{"acf_fc_layout":"content-icon-box","icon":"content-icon-box\/FTT_Shape_4","icon_color":"blue-light","icon_alignment":"left","background_shape":"","parallax_fx":false,"title":"Recherche bool\u00e9enne","block_aria":"","content":"<p>La barre \u00ab recherche rapide \u00bb de Bullhorn, la logique bool\u00e9enne, la recherche avanc\u00e9e par mot-cl\u00e9 et la hi\u00e9rarchisation des r\u00e9sultats par pertinence et r\u00e9cence de Bullhorn vous permettent de dresser une liste de candidats qualifi\u00e9s s\u00e9lectionn\u00e9s en un rien de temps.<\/p>\n","links_title":"","links":false,"block_background":"block-bg-none","block_background_video_type":"url","block_background_video_url":"","block_background_video_file":false,"block_background_image":false,"block_background_overlay":false,"unique_id":"","block_option_custom_class":"","block_animate":true,"block_option_padding":[],"block_option_hide":[],"bg_lower_slant_color":""},{"acf_fc_layout":"content-icon-box","icon":"content-icon-box\/FTT_Shape_5","icon_color":"blue-light","icon_alignment":"right","background_shape":"","parallax_fx":false,"title":"Communication automatis\u00e9e","block_aria":"","content":"<p>Utilisez les solutions d&#8217;automatisation de Bullhorn pour \u00e9tablir des flux de promotion et une communication personnalis\u00e9e pour chacun de vos groupes de candidats, en les mobilisant d\u00e8s qu&#8217;ils ont achev\u00e9 une mission ou lorsqu&#8217;ils sont les candidats id\u00e9aux pour une offre d&#8217;emploi.<\/p>\n","links_title":"","links":false,"block_background":"block-bg-none","block_background_video_type":"url","block_background_video_url":"","block_background_video_file":false,"block_background_image":false,"block_background_overlay":false,"unique_id":"","block_option_custom_class":"","block_animate":true,"block_option_padding":[],"block_option_hide":[],"bg_lower_slant_color":""},{"acf_fc_layout":"testimonials","background_shape":"shapes\/heart","background_shape_position":"left","parallax_fx":true,"transition_speed":"10","enable_autoplay":false,"autoplay_speed":3000,"testimonials":[1097],"block_background":"block-bg-none","block_background_video_type":"url","block_background_video_url":"","block_background_video_file":false,"block_background_image":false,"block_background_overlay":false,"unique_id":"","block_option_custom_class":"","block_option_padding":[],"block_option_hide":[]},{"acf_fc_layout":"global-block","block_group":1029}],"_links":{"self":[{"href":"https:\/\/www.bullhorn.com\/fr\/wp-json\/wp\/v2\/pages\/1095","targetHints":{"allow":["GET"]}}],"collection":[{"href":"https:\/\/www.bullhorn.com\/fr\/wp-json\/wp\/v2\/pages"}],"about":[{"href":"https:\/\/www.bullhorn.com\/fr\/wp-json\/wp\/v2\/types\/page"}],"author":[{"embeddable":true,"href":"https:\/\/www.bullhorn.com\/fr\/wp-json\/wp\/v2\/users\/302"}],"replies":[{"embeddable":true,"href":"https:\/\/www.bullhorn.com\/fr\/wp-json\/wp\/v2\/comments?post=1095"}],"version-history":[{"count":4,"href":"https:\/\/www.bullhorn.com\/fr\/wp-json\/wp\/v2\/pages\/1095\/revisions"}],"predecessor-version":[{"id":1720,"href":"https:\/\/www.bullhorn.com\/fr\/wp-json\/wp\/v2\/pages\/1095\/revisions\/1720"}],"wp:attachment":[{"href":"https:\/\/www.bullhorn.com\/fr\/wp-json\/wp\/v2\/media?parent=1095"}],"curies":[{"name":"wp","href":"https:\/\/api.w.org\/{rel}","templated":true}]}}