{"id":1101,"date":"2021-08-20T16:07:10","date_gmt":"2021-08-20T16:07:10","guid":{"rendered":"https:\/\/www.bullhorn.com\/fr\/?page_id=1101"},"modified":"2021-10-26T12:56:06","modified_gmt":"2021-10-26T12:56:06","slug":"candidate-experience","status":"publish","type":"page","link":"https:\/\/www.bullhorn.com\/fr\/candidate-experience\/","title":{"rendered":"l&#8217;exp\u00e9rience candidat"},"content":{"rendered":"","protected":false},"excerpt":{"rendered":"","protected":false},"author":302,"featured_media":0,"parent":0,"menu_order":0,"comment_status":"closed","ping_status":"closed","template":"","meta":{"_acf_changed":false,"om_disable_all_campaigns":false},"class_list":["post-1101","page","type-page","status-publish","hentry"],"acf":[],"yoast_head":"<!-- This site is optimized with the Yoast SEO plugin v27.2 - https:\/\/yoast.com\/product\/yoast-seo-wordpress\/ -->\n<title>l&#039;exp\u00e9rience candidat - Bullhorn FR<\/title>\n<meta name=\"description\" content=\"Le logiciel de recrutement de Bullhorn vous aide \u00e0 offrir une exp\u00e9rience candidat exceptionnelle et vous distingue de la concurrence\" \/>\n<meta name=\"robots\" content=\"index, follow, max-snippet:-1, max-image-preview:large, max-video-preview:-1\" \/>\n<link rel=\"canonical\" href=\"https:\/\/www.bullhorn.com\/fr\/candidate-experience\/\" \/>\n<meta property=\"og:locale\" content=\"en_US\" \/>\n<meta property=\"og:type\" content=\"article\" \/>\n<meta property=\"og:title\" content=\"l&#039;exp\u00e9rience candidat - Bullhorn FR\" \/>\n<meta property=\"og:description\" content=\"Le logiciel de recrutement de Bullhorn vous aide \u00e0 offrir une exp\u00e9rience candidat exceptionnelle et vous distingue de la concurrence\" \/>\n<meta property=\"og:url\" content=\"https:\/\/www.bullhorn.com\/fr\/candidate-experience\/\" \/>\n<meta property=\"og:site_name\" content=\"Bullhorn FR\" \/>\n<meta property=\"article:publisher\" content=\"https:\/\/www.facebook.com\/Bullhorn\/\" \/>\n<meta property=\"article:modified_time\" content=\"2021-10-26T12:56:06+00:00\" \/>\n<meta name=\"twitter:card\" content=\"summary_large_image\" \/>\n<meta name=\"twitter:site\" content=\"@Bullhorn\" \/>\n<script type=\"application\/ld+json\" class=\"yoast-schema-graph\">{\"@context\":\"https:\/\/schema.org\",\"@graph\":[{\"@type\":\"WebPage\",\"@id\":\"https:\/\/www.bullhorn.com\/fr\/candidate-experience\/\",\"url\":\"https:\/\/www.bullhorn.com\/fr\/candidate-experience\/\",\"name\":\"l'exp\u00e9rience candidat - Bullhorn FR\",\"isPartOf\":{\"@id\":\"https:\/\/www.bullhorn.com\/fr\/#website\"},\"datePublished\":\"2021-08-20T16:07:10+00:00\",\"dateModified\":\"2021-10-26T12:56:06+00:00\",\"description\":\"Le logiciel de recrutement de Bullhorn vous aide \u00e0 offrir une exp\u00e9rience candidat exceptionnelle et vous distingue de la concurrence\",\"breadcrumb\":{\"@id\":\"https:\/\/www.bullhorn.com\/fr\/candidate-experience\/#breadcrumb\"},\"inLanguage\":\"en-US\",\"potentialAction\":[{\"@type\":\"ReadAction\",\"target\":[\"https:\/\/www.bullhorn.com\/fr\/candidate-experience\/\"]}]},{\"@type\":\"BreadcrumbList\",\"@id\":\"https:\/\/www.bullhorn.com\/fr\/candidate-experience\/#breadcrumb\",\"itemListElement\":[{\"@type\":\"ListItem\",\"position\":1,\"name\":\"Home\",\"item\":\"https:\/\/www.bullhorn.com\/fr\/\"},{\"@type\":\"ListItem\",\"position\":2,\"name\":\"l&#8217;exp\u00e9rience candidat\"}]},{\"@type\":\"WebSite\",\"@id\":\"https:\/\/www.bullhorn.com\/fr\/#website\",\"url\":\"https:\/\/www.bullhorn.com\/fr\/\",\"name\":\"Bullhorn FR\",\"description\":\"\",\"publisher\":{\"@id\":\"https:\/\/www.bullhorn.com\/fr\/#organization\"},\"potentialAction\":[{\"@type\":\"SearchAction\",\"target\":{\"@type\":\"EntryPoint\",\"urlTemplate\":\"https:\/\/www.bullhorn.com\/fr\/?s={search_term_string}\"},\"query-input\":{\"@type\":\"PropertyValueSpecification\",\"valueRequired\":true,\"valueName\":\"search_term_string\"}}],\"inLanguage\":\"en-US\"},{\"@type\":\"Organization\",\"@id\":\"https:\/\/www.bullhorn.com\/fr\/#organization\",\"name\":\"Bullhorn\",\"url\":\"https:\/\/www.bullhorn.com\/fr\/\",\"logo\":{\"@type\":\"ImageObject\",\"inLanguage\":\"en-US\",\"@id\":\"https:\/\/www.bullhorn.com\/fr\/#\/schema\/logo\/image\/\",\"url\":\"https:\/\/www.bullhorn.com\/fr\/wp-content\/uploads\/sites\/14\/2021\/09\/og-img.png\",\"contentUrl\":\"https:\/\/www.bullhorn.com\/fr\/wp-content\/uploads\/sites\/14\/2021\/09\/og-img.png\",\"width\":1200,\"height\":628,\"caption\":\"Bullhorn\"},\"image\":{\"@id\":\"https:\/\/www.bullhorn.com\/fr\/#\/schema\/logo\/image\/\"},\"sameAs\":[\"https:\/\/www.facebook.com\/Bullhorn\/\",\"https:\/\/x.com\/Bullhorn\",\"https:\/\/www.instagram.com\/lifeatbullhorn\/?hl=fr\",\"https:\/\/www.linkedin.com\/company\/bullhorn\",\"https:\/\/www.youtube.com\/channel\/UC-Rgm5YxtoxsvlCHy6KW3Ug\",\"https:\/\/en.wikipedia.org\/wiki\/Bullhorn,_Inc.\"]}]}<\/script>\n<!-- \/ Yoast SEO plugin. -->","yoast_head_json":{"title":"l'exp\u00e9rience candidat - Bullhorn FR","description":"Le logiciel de recrutement de Bullhorn vous aide \u00e0 offrir une exp\u00e9rience candidat exceptionnelle et vous distingue de la concurrence","robots":{"index":"index","follow":"follow","max-snippet":"max-snippet:-1","max-image-preview":"max-image-preview:large","max-video-preview":"max-video-preview:-1"},"canonical":"https:\/\/www.bullhorn.com\/fr\/candidate-experience\/","og_locale":"en_US","og_type":"article","og_title":"l'exp\u00e9rience candidat - Bullhorn FR","og_description":"Le logiciel de recrutement de Bullhorn vous aide \u00e0 offrir une exp\u00e9rience candidat exceptionnelle et vous distingue de la concurrence","og_url":"https:\/\/www.bullhorn.com\/fr\/candidate-experience\/","og_site_name":"Bullhorn FR","article_publisher":"https:\/\/www.facebook.com\/Bullhorn\/","article_modified_time":"2021-10-26T12:56:06+00:00","twitter_card":"summary_large_image","twitter_site":"@Bullhorn","schema":{"@context":"https:\/\/schema.org","@graph":[{"@type":"WebPage","@id":"https:\/\/www.bullhorn.com\/fr\/candidate-experience\/","url":"https:\/\/www.bullhorn.com\/fr\/candidate-experience\/","name":"l'exp\u00e9rience candidat - Bullhorn FR","isPartOf":{"@id":"https:\/\/www.bullhorn.com\/fr\/#website"},"datePublished":"2021-08-20T16:07:10+00:00","dateModified":"2021-10-26T12:56:06+00:00","description":"Le logiciel de recrutement de Bullhorn vous aide \u00e0 offrir une exp\u00e9rience candidat exceptionnelle et vous distingue de la concurrence","breadcrumb":{"@id":"https:\/\/www.bullhorn.com\/fr\/candidate-experience\/#breadcrumb"},"inLanguage":"en-US","potentialAction":[{"@type":"ReadAction","target":["https:\/\/www.bullhorn.com\/fr\/candidate-experience\/"]}]},{"@type":"BreadcrumbList","@id":"https:\/\/www.bullhorn.com\/fr\/candidate-experience\/#breadcrumb","itemListElement":[{"@type":"ListItem","position":1,"name":"Home","item":"https:\/\/www.bullhorn.com\/fr\/"},{"@type":"ListItem","position":2,"name":"l&#8217;exp\u00e9rience candidat"}]},{"@type":"WebSite","@id":"https:\/\/www.bullhorn.com\/fr\/#website","url":"https:\/\/www.bullhorn.com\/fr\/","name":"Bullhorn FR","description":"","publisher":{"@id":"https:\/\/www.bullhorn.com\/fr\/#organization"},"potentialAction":[{"@type":"SearchAction","target":{"@type":"EntryPoint","urlTemplate":"https:\/\/www.bullhorn.com\/fr\/?s={search_term_string}"},"query-input":{"@type":"PropertyValueSpecification","valueRequired":true,"valueName":"search_term_string"}}],"inLanguage":"en-US"},{"@type":"Organization","@id":"https:\/\/www.bullhorn.com\/fr\/#organization","name":"Bullhorn","url":"https:\/\/www.bullhorn.com\/fr\/","logo":{"@type":"ImageObject","inLanguage":"en-US","@id":"https:\/\/www.bullhorn.com\/fr\/#\/schema\/logo\/image\/","url":"https:\/\/www.bullhorn.com\/fr\/wp-content\/uploads\/sites\/14\/2021\/09\/og-img.png","contentUrl":"https:\/\/www.bullhorn.com\/fr\/wp-content\/uploads\/sites\/14\/2021\/09\/og-img.png","width":1200,"height":628,"caption":"Bullhorn"},"image":{"@id":"https:\/\/www.bullhorn.com\/fr\/#\/schema\/logo\/image\/"},"sameAs":["https:\/\/www.facebook.com\/Bullhorn\/","https:\/\/x.com\/Bullhorn","https:\/\/www.instagram.com\/lifeatbullhorn\/?hl=fr","https:\/\/www.linkedin.com\/company\/bullhorn","https:\/\/www.youtube.com\/channel\/UC-Rgm5YxtoxsvlCHy6KW3Ug","https:\/\/en.wikipedia.org\/wiki\/Bullhorn,_Inc."]}]}},"grav_blocks":[{"acf_fc_layout":"columns","block_title":"","block_aria":"","block_subtitle":"","format":"","enable_box_shadow":true,"columns":[{"type":"wysiwyg","wysiwyg":"<h3><span style=\"color: #ffb400;\">Le probl\u00e8me<\/span><\/h3>\n<p>Les candidats d&#8217;aujourd&#8217;hui s&#8217;attendent \u00e0 une exp\u00e9rience de recrutement rationalis\u00e9e qui correspond \u00e0 leur vie en dehors du travail. Ils souhaitent un acc\u00e8s en temps r\u00e9el aux informations. Ils s&#8217;attendent \u00e0 une exp\u00e9rience rapide, facile et humaine, mais trop souvent, les meilleurs talents sont perdus au cours du processus de recrutement, les mauvaises exp\u00e9riences entra\u00eenant des abandons.<\/p>\n","accordion_open_first_section":false,"accordion_multiple_open_sections":false,"accordion_items":false,"icon_list_items":false},{"type":"wysiwyg","wysiwyg":"<h3><span style=\"color: #ffb400;\">Notre solution<\/span><\/h3>\n<p>Bullhorn offre des solutions qui permettent \u00e0 votre cabinet de d\u00e9livrer une exp\u00e9rience unifi\u00e9e tout au long du cycle de vie de recrutement complet. De la mobilisation initiale \u00e0 l&#8217;enregistrement, en passant par l&#8217;int\u00e9gration et les options libre-service, l&#8217;ensemble est con\u00e7u pour d\u00e9livrer des exp\u00e9riences \u00e0 forte interaction qui font des candidats des employ\u00e9s \u00e0 long terme.<\/p>\n","accordion_open_first_section":false,"accordion_multiple_open_sections":false,"accordion_items":false,"icon_list_items":false}],"block_background":"bg-blue","block_background_video_type":"url","block_background_video_url":"","block_background_video_file":false,"block_background_image":false,"block_background_overlay":false,"unique_id":"","block_option_custom_class":"","block_animate":true,"block_option_padding":[],"block_option_hide":[],"bg_lower_slant_color":"white"},{"acf_fc_layout":"card-grid","block_title":"","block_aria":"","block_subtitle":"","background_shape":"","background_shape_position":"left","parallax_fx":false,"title_position":"top","cards_bg_color":"","cards_border":false,"cards_per_row":"4","cards":[{"icon":"icons\/heart","icon_color":"yellow","line_title_with_icon":false,"inline_title":"","content":"<h3>Cr\u00e9ez des candidats fid\u00e8les<\/h3>\n<p>Offrez une exp\u00e9rience dont les candidats veulent faire l&#8217;exp\u00e9rience ! Facile \u00e0 utiliser, mobile, flexible. \u00c9liminez la friction du recrutement et cr\u00e9ez des candidats pour la vie, en favorisant un meilleur red\u00e9ploiement et en r\u00e9duisant vos co\u00fbts de recruteur.<\/p>\n"},{"icon":"icons\/phone","icon_color":"yellow","line_title_with_icon":false,"inline_title":"","content":"<h3>\u00c9voluez gr\u00e2ce au libre-service<\/h3>\n<p>En simplifiant la vie des candidats, vous savez que vous avez non seulement mobilis\u00e9 un vivier de candidats, mais que votre \u00e9quipe va \u00e9galement \u00e9conomiser des heures en temps de recrutement et en administration de back-office.<\/p>\n"},{"icon":"icons\/gear-chat","icon_color":"yellow","line_title_with_icon":false,"inline_title":"","content":"<h3>Automatisez la communication \u00e0 forte interaction<\/h3>\n<p>Cr\u00e9ez des exp\u00e9riences candidats \u00e0 forte interaction automatis\u00e9es qui \u00e9tablissent des relations de longue dur\u00e9e tout en limitant les t\u00e2ches fastidieuses.<\/p>\n"}],"block_background":"block-bg-none","block_background_video_type":"url","block_background_video_url":"","block_background_video_file":false,"block_background_image":false,"block_background_overlay":false,"unique_id":"","block_option_custom_class":"","block_animate":true,"block_option_padding":[],"block_option_hide":[],"bg_lower_slant_color":""},{"acf_fc_layout":"content-icon-box","icon":"content-icon-box\/CE_Shape_1","icon_color":"orange","icon_alignment":"right","background_shape":"","parallax_fx":false,"title":"Automatisation, automatisation, automatisation","block_aria":"","content":"<p>Avec Bullhorn pour Herefish, vous pouvez cr\u00e9er des automatisations simples \u00e0 l\u2019impact important sur l&#8217;exp\u00e9rience candidat, en seulement quelques clics. Automatisez les communications pour informer les candidats que leur candidature a \u00e9t\u00e9 re\u00e7ue, pour envoyer des enqu\u00eates \u00e0 la suite d&#8217;une affectation, et pour les informer d&#8217;opportunit\u00e9s similaires \u00e0 venir. Entretenez vos candidats passifs et mobilisez vos candidats actifs pour cr\u00e9er une mine d&#8217;or de talents.<\/p>\n<p><a class=\"button button--orange\" href=\"\/fr\/recruitment-automation\/\">Herefish de Bullhorn<\/a><\/p>\n","links_title":"","links":false,"block_background":"block-bg-none","block_background_video_type":"url","block_background_video_url":"","block_background_video_file":false,"block_background_image":false,"block_background_overlay":false,"unique_id":"","block_option_custom_class":"","block_animate":true,"block_option_padding":[],"block_option_hide":[],"bg_lower_slant_color":""},{"acf_fc_layout":"content-icon-box","icon":"content-icon-box\/CE_Shape_2","icon_color":"orange","icon_alignment":"left","background_shape":"","parallax_fx":false,"title":"Optimisez vos communications mobiles","block_aria":"","content":"<p>Augmentez vos taux de r\u00e9ponses candidats par rapport aux e-mails et au d\u00e9marchage traditionnels. Les SMS d\u00e9cuplent les taux de r\u00e9ponse pour acc\u00e9l\u00e9rer les communications commerciales. Avec Bullhorn Messaging, vous pouvez g\u00e9rer des campagnes de SMS et des engagements individuels \u00e0 partir du m\u00eame endroit.<\/p>\n<p><a class=\"button button--orange\" href=\"\/fr\/bullhorn-messaging\/\">Bullhorn Messaging<\/a><\/p>\n","links_title":"","links":false,"block_background":"block-bg-none","block_background_video_type":"url","block_background_video_url":"","block_background_video_file":false,"block_background_image":false,"block_background_overlay":false,"unique_id":"","block_option_custom_class":"","block_animate":true,"block_option_padding":[],"block_option_hide":[],"bg_lower_slant_color":""},{"acf_fc_layout":"content-icon-box","icon":"content-icon-box\/CE_Shape_3","icon_color":"orange","icon_alignment":"right","background_shape":"","parallax_fx":false,"title":"Contact au moment opportun","block_aria":"","content":"<p>Ne serait-ce pas formidable de conna\u00eetre le meilleur moment pour contacter un candidat ? Ou la derni\u00e8re fois que vous avez \u00e9t\u00e9 en contact ? Avec Bullhorn Pulse, vous pouvez plonger au plus profond de la relation avec n&#8217;importe quel candidat ou client afin de d\u00e9nicher des informations cl\u00e9s qui vous aideront \u00e0 communiquer plus efficacement.<\/p>\n","links_title":"","links":false,"block_background":"block-bg-none","block_background_video_type":"url","block_background_video_url":"","block_background_video_file":false,"block_background_image":false,"block_background_overlay":false,"unique_id":"","block_option_custom_class":"","block_animate":true,"block_option_padding":[],"block_option_hide":[],"bg_lower_slant_color":""},{"acf_fc_layout":"testimonials","background_shape":"shapes\/heart","background_shape_position":"left","parallax_fx":true,"transition_speed":"10","enable_autoplay":false,"autoplay_speed":3000,"testimonials":[1103],"block_background":"block-bg-none","block_background_video_type":"url","block_background_video_url":"","block_background_video_file":false,"block_background_image":false,"block_background_overlay":false,"unique_id":"","block_option_custom_class":"","block_option_padding":[],"block_option_hide":[]},{"acf_fc_layout":"cta","mid_page_format":false,"condensed_format":false,"text":"Pr\u00eat \u00e0 commencer ?","subtext":"","block_aria":"","image":{"ID":1063,"id":1063,"title":"Footer_Stocksy_txpf77ca13blZ6300_Medium_3273657-e1628046792810","filename":"Footer_Stocksy_txpf77ca13blZ6300_Medium_3273657-e1628046792810.jpg","filesize":184537,"url":"https:\/\/www.bullhorn.com\/fr\/wp-content\/uploads\/sites\/14\/2021\/08\/Footer_Stocksy_txpf77ca13blZ6300_Medium_3273657-e1628046792810.jpg","link":"https:\/\/www.bullhorn.com\/fr\/small-to-midsize\/footer_stocksy_txpf77ca13blz6300_medium_3273657-e1628046792810\/","alt":"","author":"302","description":"","caption":"","name":"footer_stocksy_txpf77ca13blz6300_medium_3273657-e1628046792810","status":"inherit","uploaded_to":1061,"date":"2021-08-20 13:43:14","modified":"2021-08-20 13:43:14","menu_order":0,"mime_type":"image\/jpeg","type":"image","subtype":"jpeg","icon":"https:\/\/www.bullhorn.com\/fr\/wp-includes\/images\/media\/default.png","width":1555,"height":1164,"sizes":{"thumbnail":"https:\/\/www.bullhorn.com\/fr\/wp-content\/uploads\/sites\/14\/2021\/08\/Footer_Stocksy_txpf77ca13blZ6300_Medium_3273657-e1628046792810-150x150.jpg","thumbnail-width":150,"thumbnail-height":150,"medium":"https:\/\/www.bullhorn.com\/fr\/wp-content\/uploads\/sites\/14\/2021\/08\/Footer_Stocksy_txpf77ca13blZ6300_Medium_3273657-e1628046792810-300x225.jpg","medium-width":300,"medium-height":225,"medium_large":"https:\/\/www.bullhorn.com\/fr\/wp-content\/uploads\/sites\/14\/2021\/08\/Footer_Stocksy_txpf77ca13blZ6300_Medium_3273657-e1628046792810-768x575.jpg","medium_large-width":768,"medium_large-height":575,"large":"https:\/\/www.bullhorn.com\/fr\/wp-content\/uploads\/sites\/14\/2021\/08\/Footer_Stocksy_txpf77ca13blZ6300_Medium_3273657-e1628046792810-1024x767.jpg","large-width":1024,"large-height":767,"1536x1536":"https:\/\/www.bullhorn.com\/fr\/wp-content\/uploads\/sites\/14\/2021\/08\/Footer_Stocksy_txpf77ca13blZ6300_Medium_3273657-e1628046792810-1536x1150.jpg","1536x1536-width":1536,"1536x1536-height":1150,"2048x2048":"https:\/\/www.bullhorn.com\/fr\/wp-content\/uploads\/sites\/14\/2021\/08\/Footer_Stocksy_txpf77ca13blZ6300_Medium_3273657-e1628046792810.jpg","2048x2048-width":1555,"2048x2048-height":1164,"post-thumbnail":"https:\/\/www.bullhorn.com\/fr\/wp-content\/uploads\/sites\/14\/2021\/08\/Footer_Stocksy_txpf77ca13blZ6300_Medium_3273657-e1628046792810-300x300.jpg","post-thumbnail-width":300,"post-thumbnail-height":300,"small":"https:\/\/www.bullhorn.com\/fr\/wp-content\/uploads\/sites\/14\/2021\/08\/Footer_Stocksy_txpf77ca13blZ6300_Medium_3273657-e1628046792810-300x225.jpg","small-width":300,"small-height":225,"xlarge":"https:\/\/www.bullhorn.com\/fr\/wp-content\/uploads\/sites\/14\/2021\/08\/Footer_Stocksy_txpf77ca13blZ6300_Medium_3273657-e1628046792810-1440x1078.jpg","xlarge-width":1440,"xlarge-height":1078,"insight-of-the-week":"https:\/\/www.bullhorn.com\/fr\/wp-content\/uploads\/sites\/14\/2021\/08\/Footer_Stocksy_txpf77ca13blZ6300_Medium_3273657-e1628046792810.jpg","insight-of-the-week-width":504,"insight-of-the-week-height":377,"insight-icons":"https:\/\/www.bullhorn.com\/fr\/wp-content\/uploads\/sites\/14\/2021\/08\/Footer_Stocksy_txpf77ca13blZ6300_Medium_3273657-e1628046792810.jpg","insight-icons-width":83,"insight-icons-height":62,"insight-research-image":"https:\/\/www.bullhorn.com\/fr\/wp-content\/uploads\/sites\/14\/2021\/08\/Footer_Stocksy_txpf77ca13blZ6300_Medium_3273657-e1628046792810.jpg","insight-research-image-width":294,"insight-research-image-height":220,"insight-featured-articles-thumbnail":"https:\/\/www.bullhorn.com\/fr\/wp-content\/uploads\/sites\/14\/2021\/08\/Footer_Stocksy_txpf77ca13blZ6300_Medium_3273657-e1628046792810.jpg","insight-featured-articles-thumbnail-width":219,"insight-featured-articles-thumbnail-height":164,"insight-logo":"https:\/\/www.bullhorn.com\/fr\/wp-content\/uploads\/sites\/14\/2021\/08\/Footer_Stocksy_txpf77ca13blZ6300_Medium_3273657-e1628046792810.jpg","insight-logo-width":238,"insight-logo-height":178}},"enable_bg_shape":false,"image_shape":"masks\/arrow-right","action_type":"button","link_settings":{"link_type":"url","link_text":"D\u00e9monstration en direct","link_page":null,"link_url":"#show-demo-modal","link_style":"button--orange","link_aria":""},"email_placeholder_text":"Enter Your Email Address","block_background":"bg-blue","block_background_video_type":"url","block_background_video_url":"","block_background_video_file":false,"block_background_image":false,"block_background_overlay":false,"unique_id":"","block_option_custom_class":"","block_animate":true,"block_option_padding":[],"block_option_hide":[],"bg_lower_slant_color":""}],"_links":{"self":[{"href":"https:\/\/www.bullhorn.com\/fr\/wp-json\/wp\/v2\/pages\/1101","targetHints":{"allow":["GET"]}}],"collection":[{"href":"https:\/\/www.bullhorn.com\/fr\/wp-json\/wp\/v2\/pages"}],"about":[{"href":"https:\/\/www.bullhorn.com\/fr\/wp-json\/wp\/v2\/types\/page"}],"author":[{"embeddable":true,"href":"https:\/\/www.bullhorn.com\/fr\/wp-json\/wp\/v2\/users\/302"}],"replies":[{"embeddable":true,"href":"https:\/\/www.bullhorn.com\/fr\/wp-json\/wp\/v2\/comments?post=1101"}],"version-history":[{"count":5,"href":"https:\/\/www.bullhorn.com\/fr\/wp-json\/wp\/v2\/pages\/1101\/revisions"}],"predecessor-version":[{"id":1756,"href":"https:\/\/www.bullhorn.com\/fr\/wp-json\/wp\/v2\/pages\/1101\/revisions\/1756"}],"wp:attachment":[{"href":"https:\/\/www.bullhorn.com\/fr\/wp-json\/wp\/v2\/media?parent=1101"}],"curies":[{"name":"wp","href":"https:\/\/api.w.org\/{rel}","templated":true}]}}