{"id":1107,"date":"2021-08-20T16:12:20","date_gmt":"2021-08-20T16:12:20","guid":{"rendered":"https:\/\/www.bullhorn.com\/fr\/?page_id=1107"},"modified":"2021-09-20T17:17:18","modified_gmt":"2021-09-20T17:17:18","slug":"real-time-reporting","status":"publish","type":"page","link":"https:\/\/www.bullhorn.com\/fr\/real-time-reporting\/","title":{"rendered":"Reporting en temps r\u00e9el"},"content":{"rendered":"","protected":false},"excerpt":{"rendered":"","protected":false},"author":302,"featured_media":0,"parent":0,"menu_order":0,"comment_status":"closed","ping_status":"closed","template":"","meta":{"_acf_changed":false,"om_disable_all_campaigns":false},"class_list":["post-1107","page","type-page","status-publish","hentry"],"acf":[],"yoast_head":"<!-- This site is optimized with the Yoast SEO plugin v27.2 - https:\/\/yoast.com\/product\/yoast-seo-wordpress\/ -->\n<title>Reporting en temps r\u00e9el - Bullhorn FR<\/title>\n<meta name=\"description\" content=\"Bullhorn&#039;s reporting solutions empower your team with true ad hoc reporting and data-driven insights that help you make better decisions, faster.\" \/>\n<meta name=\"robots\" content=\"index, follow, max-snippet:-1, max-image-preview:large, max-video-preview:-1\" \/>\n<link rel=\"canonical\" href=\"https:\/\/www.bullhorn.com\/fr\/real-time-reporting\/\" \/>\n<meta property=\"og:locale\" content=\"en_US\" \/>\n<meta property=\"og:type\" content=\"article\" \/>\n<meta property=\"og:title\" content=\"Reporting en temps r\u00e9el - Bullhorn FR\" \/>\n<meta property=\"og:description\" content=\"Bullhorn&#039;s reporting solutions empower your team with true ad hoc reporting and data-driven insights that help you make better decisions, faster.\" \/>\n<meta property=\"og:url\" content=\"https:\/\/www.bullhorn.com\/fr\/real-time-reporting\/\" \/>\n<meta property=\"og:site_name\" content=\"Bullhorn FR\" \/>\n<meta property=\"article:publisher\" content=\"https:\/\/www.facebook.com\/Bullhorn\/\" \/>\n<meta property=\"article:modified_time\" content=\"2021-09-20T17:17:18+00:00\" \/>\n<meta name=\"twitter:card\" content=\"summary_large_image\" \/>\n<meta name=\"twitter:site\" content=\"@Bullhorn\" \/>\n<script type=\"application\/ld+json\" class=\"yoast-schema-graph\">{\"@context\":\"https:\/\/schema.org\",\"@graph\":[{\"@type\":\"WebPage\",\"@id\":\"https:\/\/www.bullhorn.com\/fr\/real-time-reporting\/\",\"url\":\"https:\/\/www.bullhorn.com\/fr\/real-time-reporting\/\",\"name\":\"Reporting en temps r\u00e9el - Bullhorn FR\",\"isPartOf\":{\"@id\":\"https:\/\/www.bullhorn.com\/fr\/#website\"},\"datePublished\":\"2021-08-20T16:12:20+00:00\",\"dateModified\":\"2021-09-20T17:17:18+00:00\",\"description\":\"Bullhorn's reporting solutions empower your team with true ad hoc reporting and data-driven insights that help you make better decisions, faster.\",\"breadcrumb\":{\"@id\":\"https:\/\/www.bullhorn.com\/fr\/real-time-reporting\/#breadcrumb\"},\"inLanguage\":\"en-US\",\"potentialAction\":[{\"@type\":\"ReadAction\",\"target\":[\"https:\/\/www.bullhorn.com\/fr\/real-time-reporting\/\"]}]},{\"@type\":\"BreadcrumbList\",\"@id\":\"https:\/\/www.bullhorn.com\/fr\/real-time-reporting\/#breadcrumb\",\"itemListElement\":[{\"@type\":\"ListItem\",\"position\":1,\"name\":\"Home\",\"item\":\"https:\/\/www.bullhorn.com\/fr\/\"},{\"@type\":\"ListItem\",\"position\":2,\"name\":\"Reporting en temps r\u00e9el\"}]},{\"@type\":\"WebSite\",\"@id\":\"https:\/\/www.bullhorn.com\/fr\/#website\",\"url\":\"https:\/\/www.bullhorn.com\/fr\/\",\"name\":\"Bullhorn FR\",\"description\":\"\",\"publisher\":{\"@id\":\"https:\/\/www.bullhorn.com\/fr\/#organization\"},\"potentialAction\":[{\"@type\":\"SearchAction\",\"target\":{\"@type\":\"EntryPoint\",\"urlTemplate\":\"https:\/\/www.bullhorn.com\/fr\/?s={search_term_string}\"},\"query-input\":{\"@type\":\"PropertyValueSpecification\",\"valueRequired\":true,\"valueName\":\"search_term_string\"}}],\"inLanguage\":\"en-US\"},{\"@type\":\"Organization\",\"@id\":\"https:\/\/www.bullhorn.com\/fr\/#organization\",\"name\":\"Bullhorn\",\"url\":\"https:\/\/www.bullhorn.com\/fr\/\",\"logo\":{\"@type\":\"ImageObject\",\"inLanguage\":\"en-US\",\"@id\":\"https:\/\/www.bullhorn.com\/fr\/#\/schema\/logo\/image\/\",\"url\":\"https:\/\/www.bullhorn.com\/fr\/wp-content\/uploads\/sites\/14\/2021\/09\/og-img.png\",\"contentUrl\":\"https:\/\/www.bullhorn.com\/fr\/wp-content\/uploads\/sites\/14\/2021\/09\/og-img.png\",\"width\":1200,\"height\":628,\"caption\":\"Bullhorn\"},\"image\":{\"@id\":\"https:\/\/www.bullhorn.com\/fr\/#\/schema\/logo\/image\/\"},\"sameAs\":[\"https:\/\/www.facebook.com\/Bullhorn\/\",\"https:\/\/x.com\/Bullhorn\",\"https:\/\/www.instagram.com\/lifeatbullhorn\/?hl=fr\",\"https:\/\/www.linkedin.com\/company\/bullhorn\",\"https:\/\/www.youtube.com\/channel\/UC-Rgm5YxtoxsvlCHy6KW3Ug\",\"https:\/\/en.wikipedia.org\/wiki\/Bullhorn,_Inc.\"]}]}<\/script>\n<!-- \/ Yoast SEO plugin. -->","yoast_head_json":{"title":"Reporting en temps r\u00e9el - Bullhorn FR","description":"Bullhorn's reporting solutions empower your team with true ad hoc reporting and data-driven insights that help you make better decisions, faster.","robots":{"index":"index","follow":"follow","max-snippet":"max-snippet:-1","max-image-preview":"max-image-preview:large","max-video-preview":"max-video-preview:-1"},"canonical":"https:\/\/www.bullhorn.com\/fr\/real-time-reporting\/","og_locale":"en_US","og_type":"article","og_title":"Reporting en temps r\u00e9el - Bullhorn FR","og_description":"Bullhorn's reporting solutions empower your team with true ad hoc reporting and data-driven insights that help you make better decisions, faster.","og_url":"https:\/\/www.bullhorn.com\/fr\/real-time-reporting\/","og_site_name":"Bullhorn FR","article_publisher":"https:\/\/www.facebook.com\/Bullhorn\/","article_modified_time":"2021-09-20T17:17:18+00:00","twitter_card":"summary_large_image","twitter_site":"@Bullhorn","schema":{"@context":"https:\/\/schema.org","@graph":[{"@type":"WebPage","@id":"https:\/\/www.bullhorn.com\/fr\/real-time-reporting\/","url":"https:\/\/www.bullhorn.com\/fr\/real-time-reporting\/","name":"Reporting en temps r\u00e9el - Bullhorn FR","isPartOf":{"@id":"https:\/\/www.bullhorn.com\/fr\/#website"},"datePublished":"2021-08-20T16:12:20+00:00","dateModified":"2021-09-20T17:17:18+00:00","description":"Bullhorn's reporting solutions empower your team with true ad hoc reporting and data-driven insights that help you make better decisions, faster.","breadcrumb":{"@id":"https:\/\/www.bullhorn.com\/fr\/real-time-reporting\/#breadcrumb"},"inLanguage":"en-US","potentialAction":[{"@type":"ReadAction","target":["https:\/\/www.bullhorn.com\/fr\/real-time-reporting\/"]}]},{"@type":"BreadcrumbList","@id":"https:\/\/www.bullhorn.com\/fr\/real-time-reporting\/#breadcrumb","itemListElement":[{"@type":"ListItem","position":1,"name":"Home","item":"https:\/\/www.bullhorn.com\/fr\/"},{"@type":"ListItem","position":2,"name":"Reporting en temps r\u00e9el"}]},{"@type":"WebSite","@id":"https:\/\/www.bullhorn.com\/fr\/#website","url":"https:\/\/www.bullhorn.com\/fr\/","name":"Bullhorn FR","description":"","publisher":{"@id":"https:\/\/www.bullhorn.com\/fr\/#organization"},"potentialAction":[{"@type":"SearchAction","target":{"@type":"EntryPoint","urlTemplate":"https:\/\/www.bullhorn.com\/fr\/?s={search_term_string}"},"query-input":{"@type":"PropertyValueSpecification","valueRequired":true,"valueName":"search_term_string"}}],"inLanguage":"en-US"},{"@type":"Organization","@id":"https:\/\/www.bullhorn.com\/fr\/#organization","name":"Bullhorn","url":"https:\/\/www.bullhorn.com\/fr\/","logo":{"@type":"ImageObject","inLanguage":"en-US","@id":"https:\/\/www.bullhorn.com\/fr\/#\/schema\/logo\/image\/","url":"https:\/\/www.bullhorn.com\/fr\/wp-content\/uploads\/sites\/14\/2021\/09\/og-img.png","contentUrl":"https:\/\/www.bullhorn.com\/fr\/wp-content\/uploads\/sites\/14\/2021\/09\/og-img.png","width":1200,"height":628,"caption":"Bullhorn"},"image":{"@id":"https:\/\/www.bullhorn.com\/fr\/#\/schema\/logo\/image\/"},"sameAs":["https:\/\/www.facebook.com\/Bullhorn\/","https:\/\/x.com\/Bullhorn","https:\/\/www.instagram.com\/lifeatbullhorn\/?hl=fr","https:\/\/www.linkedin.com\/company\/bullhorn","https:\/\/www.youtube.com\/channel\/UC-Rgm5YxtoxsvlCHy6KW3Ug","https:\/\/en.wikipedia.org\/wiki\/Bullhorn,_Inc."]}]}},"grav_blocks":[{"acf_fc_layout":"columns","block_title":"","block_aria":"","block_subtitle":"","format":"","enable_box_shadow":true,"columns":[{"type":"wysiwyg","wysiwyg":"<h3><span style=\"color: #913b8d;\">Le probl\u00e8me<\/span><\/h3>\n<p>Essayer de prendre des d\u00e9cisions sans donn\u00e9es donne l\u2019impression de tirer sur une cible \u00e0 l&#8217;aveuglette. Le recrutement est un jeu de vitesse. Pour l&#8217;emporter sur la concurrence, vous avez besoin d&#8217;avoir tous les chiffres sous la main afin de prendre la bonne d\u00e9cision, et ce, rapidement.<\/p>\n","accordion_open_first_section":false,"accordion_multiple_open_sections":false,"accordion_items":false,"icon_list_items":false},{"type":"wysiwyg","wysiwyg":"<h3><span style=\"color: #913b8d;\">Notre solution<\/span><\/h3>\n<p>Avec les solutions de reporting de Bullhorn, vous pouvez rapidement recueillir de renseignements sur divers secteurs de vos activit\u00e9s. Vous avez besoin de d\u00e9cider du march\u00e9 vertical dans lequel \u00e9tendre vos activit\u00e9s ? Vous souhaitez voir quels placements offrent les meilleures marges ? Bullhorn peut vous aider.<\/p>\n","accordion_open_first_section":false,"accordion_multiple_open_sections":false,"accordion_items":false,"icon_list_items":false}],"block_background":"bg-blue","block_background_video_type":"url","block_background_video_url":"","block_background_video_file":false,"block_background_image":false,"block_background_overlay":false,"unique_id":"","block_option_custom_class":"","block_animate":true,"block_option_padding":[],"block_option_hide":[],"bg_lower_slant_color":"white"},{"acf_fc_layout":"card-grid","block_title":"","block_aria":"","block_subtitle":"","background_shape":"","background_shape_position":"left","parallax_fx":false,"title_position":"top","cards_bg_color":"","cards_border":false,"cards_per_row":"4","cards":[{"icon":"icons\/arrows-up","icon_color":"purple","line_title_with_icon":false,"inline_title":"","content":"<h3>Doublez la mise sur votre r\u00e9ussite<\/h3>\n<p>Avec un aper\u00e7u des activit\u00e9s qui marchent et celles qui ne marchent pas, vous pouvez concentrer le temps de votre \u00e9quipe sur les activit\u00e9s qui g\u00e9n\u00e8rent le plus de revenus. Un exemple ? Voyez quels types de communication, suivi et tactique d&#8217;int\u00e9gration augmentent votre temps de r\u00e9ponse.<\/p>\n"},{"icon":"icons\/binoculars","icon_color":"purple","line_title_with_icon":false,"inline_title":"","content":"<h3>Gagnez en visibilit\u00e9 financi\u00e8re<\/h3>\n<p>Avec le reporting financier de Bullhorn, incorporez les ICP comme la marge brute r\u00e9elle et les d\u00e9lais d&#8217;encaissement. Ces informations vous fournissent un aper\u00e7u pr\u00e9cis de votre flux de tr\u00e9sorerie et peuvent informer votre personnel en front-office pour prioriser les clients, postes et les candidats les plus lucratifs.<\/p>\n"}],"block_background":"block-bg-none","block_background_video_type":"url","block_background_video_url":"","block_background_video_file":false,"block_background_image":false,"block_background_overlay":false,"unique_id":"","block_option_custom_class":"","block_animate":true,"block_option_padding":[],"block_option_hide":[],"bg_lower_slant_color":""},{"acf_fc_layout":"content-icon-box","icon":"content-icon-box\/DBB_Shape_1","icon_color":"green","icon_alignment":"right","background_shape":"","parallax_fx":false,"title":"Tableaux de bord en temps r\u00e9el","block_aria":"","content":"<p>Les capacit\u00e9s de reporting sur tableaux de bord de Bullhorn vous permettent de transformer les donn\u00e9es d&#8217;activit\u00e9s de recrutement de votre \u00e9quipe en opportunit\u00e9s commerciales. Les rapports standard incluent l&#8217;analyse des performances globales d&#8217;\u00e9quipe et des recruteurs individuels, des activit\u00e9s de placement, des activit\u00e9s en fonction des ordres de travail, des contacts candidats et de l&#8217;efficacit\u00e9 du sourcing, et bien plus encore<\/p>\n","links_title":"","links":false,"block_background":"block-bg-none","block_background_video_type":"url","block_background_video_url":"","block_background_video_file":false,"block_background_image":false,"block_background_overlay":false,"unique_id":"","block_option_custom_class":"","block_animate":true,"block_option_padding":[],"block_option_hide":[],"bg_lower_slant_color":""},{"acf_fc_layout":"content-icon-box","icon":"content-icon-box\/DBB_Shape_2","icon_color":"green","icon_alignment":"left","background_shape":"","parallax_fx":false,"title":"Reporting ad hoc","block_aria":"","content":"<p>Avec la suite d&#8217;analyse de recrutement de Bullhorn, vous pouvez explorer chaque facette de votre entreprise et g\u00e9n\u00e9rer n&#8217;importe quel rapport imaginable.<\/p>\n","links_title":"","links":false,"block_background":"block-bg-none","block_background_video_type":"url","block_background_video_url":"","block_background_video_file":false,"block_background_image":false,"block_background_overlay":false,"unique_id":"","block_option_custom_class":"","block_animate":true,"block_option_padding":[],"block_option_hide":[],"bg_lower_slant_color":""},{"acf_fc_layout":"content-icon-box","icon":"content-icon-box\/DBB_Shape_3","icon_color":"green","icon_alignment":"right","background_shape":"","parallax_fx":false,"title":"Partenaires de Marketplace","block_aria":"","content":"<p>Explorez l&#8217;\u00e9cosyst\u00e8me pour voir toutes les mani\u00e8res dont notre r\u00e9seau de partenaires de confiance peut vous aider \u00e0 constituer des rapports sur votre \u00e9cosyst\u00e8me technologique complet.<\/p>\n","links_title":"","links":false,"block_background":"block-bg-none","block_background_video_type":"url","block_background_video_url":"","block_background_video_file":false,"block_background_image":false,"block_background_overlay":false,"unique_id":"","block_option_custom_class":"","block_animate":true,"block_option_padding":[],"block_option_hide":[],"bg_lower_slant_color":""},{"acf_fc_layout":"testimonials","background_shape":"shapes\/heart","background_shape_position":"left","parallax_fx":true,"transition_speed":"10","enable_autoplay":false,"autoplay_speed":3000,"testimonials":[1070],"block_background":"block-bg-none","block_background_video_type":"url","block_background_video_url":"","block_background_video_file":false,"block_background_image":false,"block_background_overlay":false,"unique_id":"","block_option_custom_class":"","block_option_padding":[],"block_option_hide":[]},{"acf_fc_layout":"global-block","block_group":1029}],"_links":{"self":[{"href":"https:\/\/www.bullhorn.com\/fr\/wp-json\/wp\/v2\/pages\/1107","targetHints":{"allow":["GET"]}}],"collection":[{"href":"https:\/\/www.bullhorn.com\/fr\/wp-json\/wp\/v2\/pages"}],"about":[{"href":"https:\/\/www.bullhorn.com\/fr\/wp-json\/wp\/v2\/types\/page"}],"author":[{"embeddable":true,"href":"https:\/\/www.bullhorn.com\/fr\/wp-json\/wp\/v2\/users\/302"}],"replies":[{"embeddable":true,"href":"https:\/\/www.bullhorn.com\/fr\/wp-json\/wp\/v2\/comments?post=1107"}],"version-history":[{"count":6,"href":"https:\/\/www.bullhorn.com\/fr\/wp-json\/wp\/v2\/pages\/1107\/revisions"}],"predecessor-version":[{"id":1722,"href":"https:\/\/www.bullhorn.com\/fr\/wp-json\/wp\/v2\/pages\/1107\/revisions\/1722"}],"wp:attachment":[{"href":"https:\/\/www.bullhorn.com\/fr\/wp-json\/wp\/v2\/media?parent=1107"}],"curies":[{"name":"wp","href":"https:\/\/api.w.org\/{rel}","templated":true}]}}