{"id":1127,"date":"2021-08-20T18:53:20","date_gmt":"2021-08-20T18:53:20","guid":{"rendered":"https:\/\/www.bullhorn.com\/fr\/?page_id=1127"},"modified":"2021-09-20T14:04:16","modified_gmt":"2021-09-20T14:04:16","slug":"sales","status":"publish","type":"page","link":"https:\/\/www.bullhorn.com\/fr\/sales\/","title":{"rendered":"Ventes"},"content":{"rendered":"","protected":false},"excerpt":{"rendered":"","protected":false},"author":302,"featured_media":0,"parent":0,"menu_order":0,"comment_status":"closed","ping_status":"closed","template":"","meta":{"_acf_changed":false,"om_disable_all_campaigns":false},"class_list":["post-1127","page","type-page","status-publish","hentry"],"acf":[],"yoast_head":"<!-- This site is optimized with the Yoast SEO plugin v27.2 - https:\/\/yoast.com\/product\/yoast-seo-wordpress\/ -->\n<title>Ventes - Bullhorn FR<\/title>\n<meta name=\"description\" content=\"Bullhorn staffing software reduces busywork so that recruiters can increase job orders, reduce time-to-fill, and make more placements.\" \/>\n<meta name=\"robots\" content=\"index, follow, max-snippet:-1, max-image-preview:large, max-video-preview:-1\" \/>\n<link rel=\"canonical\" href=\"https:\/\/www.bullhorn.com\/fr\/sales\/\" \/>\n<meta property=\"og:locale\" content=\"en_US\" \/>\n<meta property=\"og:type\" content=\"article\" \/>\n<meta property=\"og:title\" content=\"Ventes - Bullhorn FR\" \/>\n<meta property=\"og:description\" content=\"Bullhorn staffing software reduces busywork so that recruiters can increase job orders, reduce time-to-fill, and make more placements.\" \/>\n<meta property=\"og:url\" content=\"https:\/\/www.bullhorn.com\/fr\/sales\/\" \/>\n<meta property=\"og:site_name\" content=\"Bullhorn FR\" \/>\n<meta property=\"article:publisher\" content=\"https:\/\/www.facebook.com\/Bullhorn\/\" \/>\n<meta property=\"article:modified_time\" content=\"2021-09-20T14:04:16+00:00\" \/>\n<meta name=\"twitter:card\" content=\"summary_large_image\" \/>\n<meta name=\"twitter:site\" content=\"@Bullhorn\" \/>\n<script type=\"application\/ld+json\" class=\"yoast-schema-graph\">{\"@context\":\"https:\/\/schema.org\",\"@graph\":[{\"@type\":\"WebPage\",\"@id\":\"https:\/\/www.bullhorn.com\/fr\/sales\/\",\"url\":\"https:\/\/www.bullhorn.com\/fr\/sales\/\",\"name\":\"Ventes - Bullhorn FR\",\"isPartOf\":{\"@id\":\"https:\/\/www.bullhorn.com\/fr\/#website\"},\"datePublished\":\"2021-08-20T18:53:20+00:00\",\"dateModified\":\"2021-09-20T14:04:16+00:00\",\"description\":\"Bullhorn staffing software reduces busywork so that recruiters can increase job orders, reduce time-to-fill, and make more placements.\",\"breadcrumb\":{\"@id\":\"https:\/\/www.bullhorn.com\/fr\/sales\/#breadcrumb\"},\"inLanguage\":\"en-US\",\"potentialAction\":[{\"@type\":\"ReadAction\",\"target\":[\"https:\/\/www.bullhorn.com\/fr\/sales\/\"]}]},{\"@type\":\"BreadcrumbList\",\"@id\":\"https:\/\/www.bullhorn.com\/fr\/sales\/#breadcrumb\",\"itemListElement\":[{\"@type\":\"ListItem\",\"position\":1,\"name\":\"Home\",\"item\":\"https:\/\/www.bullhorn.com\/fr\/\"},{\"@type\":\"ListItem\",\"position\":2,\"name\":\"Ventes\"}]},{\"@type\":\"WebSite\",\"@id\":\"https:\/\/www.bullhorn.com\/fr\/#website\",\"url\":\"https:\/\/www.bullhorn.com\/fr\/\",\"name\":\"Bullhorn FR\",\"description\":\"\",\"publisher\":{\"@id\":\"https:\/\/www.bullhorn.com\/fr\/#organization\"},\"potentialAction\":[{\"@type\":\"SearchAction\",\"target\":{\"@type\":\"EntryPoint\",\"urlTemplate\":\"https:\/\/www.bullhorn.com\/fr\/?s={search_term_string}\"},\"query-input\":{\"@type\":\"PropertyValueSpecification\",\"valueRequired\":true,\"valueName\":\"search_term_string\"}}],\"inLanguage\":\"en-US\"},{\"@type\":\"Organization\",\"@id\":\"https:\/\/www.bullhorn.com\/fr\/#organization\",\"name\":\"Bullhorn\",\"url\":\"https:\/\/www.bullhorn.com\/fr\/\",\"logo\":{\"@type\":\"ImageObject\",\"inLanguage\":\"en-US\",\"@id\":\"https:\/\/www.bullhorn.com\/fr\/#\/schema\/logo\/image\/\",\"url\":\"https:\/\/www.bullhorn.com\/fr\/wp-content\/uploads\/sites\/14\/2021\/09\/og-img.png\",\"contentUrl\":\"https:\/\/www.bullhorn.com\/fr\/wp-content\/uploads\/sites\/14\/2021\/09\/og-img.png\",\"width\":1200,\"height\":628,\"caption\":\"Bullhorn\"},\"image\":{\"@id\":\"https:\/\/www.bullhorn.com\/fr\/#\/schema\/logo\/image\/\"},\"sameAs\":[\"https:\/\/www.facebook.com\/Bullhorn\/\",\"https:\/\/x.com\/Bullhorn\",\"https:\/\/www.instagram.com\/lifeatbullhorn\/?hl=fr\",\"https:\/\/www.linkedin.com\/company\/bullhorn\",\"https:\/\/www.youtube.com\/channel\/UC-Rgm5YxtoxsvlCHy6KW3Ug\",\"https:\/\/en.wikipedia.org\/wiki\/Bullhorn,_Inc.\"]}]}<\/script>\n<!-- \/ Yoast SEO plugin. -->","yoast_head_json":{"title":"Ventes - Bullhorn FR","description":"Bullhorn staffing software reduces busywork so that recruiters can increase job orders, reduce time-to-fill, and make more placements.","robots":{"index":"index","follow":"follow","max-snippet":"max-snippet:-1","max-image-preview":"max-image-preview:large","max-video-preview":"max-video-preview:-1"},"canonical":"https:\/\/www.bullhorn.com\/fr\/sales\/","og_locale":"en_US","og_type":"article","og_title":"Ventes - Bullhorn FR","og_description":"Bullhorn staffing software reduces busywork so that recruiters can increase job orders, reduce time-to-fill, and make more placements.","og_url":"https:\/\/www.bullhorn.com\/fr\/sales\/","og_site_name":"Bullhorn FR","article_publisher":"https:\/\/www.facebook.com\/Bullhorn\/","article_modified_time":"2021-09-20T14:04:16+00:00","twitter_card":"summary_large_image","twitter_site":"@Bullhorn","schema":{"@context":"https:\/\/schema.org","@graph":[{"@type":"WebPage","@id":"https:\/\/www.bullhorn.com\/fr\/sales\/","url":"https:\/\/www.bullhorn.com\/fr\/sales\/","name":"Ventes - Bullhorn FR","isPartOf":{"@id":"https:\/\/www.bullhorn.com\/fr\/#website"},"datePublished":"2021-08-20T18:53:20+00:00","dateModified":"2021-09-20T14:04:16+00:00","description":"Bullhorn staffing software reduces busywork so that recruiters can increase job orders, reduce time-to-fill, and make more placements.","breadcrumb":{"@id":"https:\/\/www.bullhorn.com\/fr\/sales\/#breadcrumb"},"inLanguage":"en-US","potentialAction":[{"@type":"ReadAction","target":["https:\/\/www.bullhorn.com\/fr\/sales\/"]}]},{"@type":"BreadcrumbList","@id":"https:\/\/www.bullhorn.com\/fr\/sales\/#breadcrumb","itemListElement":[{"@type":"ListItem","position":1,"name":"Home","item":"https:\/\/www.bullhorn.com\/fr\/"},{"@type":"ListItem","position":2,"name":"Ventes"}]},{"@type":"WebSite","@id":"https:\/\/www.bullhorn.com\/fr\/#website","url":"https:\/\/www.bullhorn.com\/fr\/","name":"Bullhorn FR","description":"","publisher":{"@id":"https:\/\/www.bullhorn.com\/fr\/#organization"},"potentialAction":[{"@type":"SearchAction","target":{"@type":"EntryPoint","urlTemplate":"https:\/\/www.bullhorn.com\/fr\/?s={search_term_string}"},"query-input":{"@type":"PropertyValueSpecification","valueRequired":true,"valueName":"search_term_string"}}],"inLanguage":"en-US"},{"@type":"Organization","@id":"https:\/\/www.bullhorn.com\/fr\/#organization","name":"Bullhorn","url":"https:\/\/www.bullhorn.com\/fr\/","logo":{"@type":"ImageObject","inLanguage":"en-US","@id":"https:\/\/www.bullhorn.com\/fr\/#\/schema\/logo\/image\/","url":"https:\/\/www.bullhorn.com\/fr\/wp-content\/uploads\/sites\/14\/2021\/09\/og-img.png","contentUrl":"https:\/\/www.bullhorn.com\/fr\/wp-content\/uploads\/sites\/14\/2021\/09\/og-img.png","width":1200,"height":628,"caption":"Bullhorn"},"image":{"@id":"https:\/\/www.bullhorn.com\/fr\/#\/schema\/logo\/image\/"},"sameAs":["https:\/\/www.facebook.com\/Bullhorn\/","https:\/\/x.com\/Bullhorn","https:\/\/www.instagram.com\/lifeatbullhorn\/?hl=fr","https:\/\/www.linkedin.com\/company\/bullhorn","https:\/\/www.youtube.com\/channel\/UC-Rgm5YxtoxsvlCHy6KW3Ug","https:\/\/en.wikipedia.org\/wiki\/Bullhorn,_Inc."]}]}},"grav_blocks":[{"acf_fc_layout":"card-grid","block_title":"","block_aria":"","block_subtitle":"","background_shape":"","background_shape_position":"left","parallax_fx":false,"title_position":"top","cards_bg_color":"bg-white","cards_border":true,"cards_per_row":"4","cards":[{"icon":"icons\/increase-revenue","icon_color":"blue-dark","line_title_with_icon":false,"inline_title":"","content":"<h4>Obtenez de nouveaux contrats<\/h4>\n<p>Ouvrez de nouveaux comptes et \u00e9tablissez de solides relations commerciales avec les bons contacts pour d\u00e9velopper votre<\/p>\n"},{"icon":"icons\/handshake","icon_color":"blue-dark","line_title_with_icon":false,"inline_title":"","content":"<h4>D\u00e9veloppez les relations existantes<\/h4>\n<p>D\u00e9veloppez vos clients \u00e9tablis en renfor\u00e7ant vos relations \u00e0 l&#8217;aide d&#8217;informations en temps r\u00e9el pour d\u00e9couvrir de nouvelles opportunit\u00e9s de croissance.<\/p>\n"}],"block_background":"block-bg-none","block_background_video_type":"url","block_background_video_url":"","block_background_video_file":false,"block_background_image":false,"block_background_overlay":false,"unique_id":"","block_option_custom_class":"","block_animate":true,"block_option_padding":[],"block_option_hide":[],"bg_lower_slant_color":""},{"acf_fc_layout":"content-media","media_type":"image","image":{"ID":1593,"id":1593,"title":"FR_ATS_5_Rel_Intel_V1","filename":"FR_ATS_5_Rel_Intel_V1.png","filesize":31823,"url":"https:\/\/www.bullhorn.com\/fr\/wp-content\/uploads\/sites\/14\/2021\/09\/FR_ATS_5_Rel_Intel_V1.png","link":"https:\/\/www.bullhorn.com\/fr\/sales\/fr_ats_5_rel_intel_v1\/","alt":"","author":"302","description":"","caption":"","name":"fr_ats_5_rel_intel_v1","status":"inherit","uploaded_to":1127,"date":"2021-09-14 19:59:05","modified":"2021-09-14 19:59:05","menu_order":0,"mime_type":"image\/png","type":"image","subtype":"png","icon":"https:\/\/www.bullhorn.com\/fr\/wp-includes\/images\/media\/default.png","width":600,"height":450,"sizes":{"thumbnail":"https:\/\/www.bullhorn.com\/fr\/wp-content\/uploads\/sites\/14\/2021\/09\/FR_ATS_5_Rel_Intel_V1-150x150.png","thumbnail-width":150,"thumbnail-height":150,"medium":"https:\/\/www.bullhorn.com\/fr\/wp-content\/uploads\/sites\/14\/2021\/09\/FR_ATS_5_Rel_Intel_V1-300x225.png","medium-width":300,"medium-height":225,"medium_large":"https:\/\/www.bullhorn.com\/fr\/wp-content\/uploads\/sites\/14\/2021\/09\/FR_ATS_5_Rel_Intel_V1.png","medium_large-width":600,"medium_large-height":450,"large":"https:\/\/www.bullhorn.com\/fr\/wp-content\/uploads\/sites\/14\/2021\/09\/FR_ATS_5_Rel_Intel_V1.png","large-width":600,"large-height":450,"1536x1536":"https:\/\/www.bullhorn.com\/fr\/wp-content\/uploads\/sites\/14\/2021\/09\/FR_ATS_5_Rel_Intel_V1.png","1536x1536-width":600,"1536x1536-height":450,"2048x2048":"https:\/\/www.bullhorn.com\/fr\/wp-content\/uploads\/sites\/14\/2021\/09\/FR_ATS_5_Rel_Intel_V1.png","2048x2048-width":600,"2048x2048-height":450,"post-thumbnail":"https:\/\/www.bullhorn.com\/fr\/wp-content\/uploads\/sites\/14\/2021\/09\/FR_ATS_5_Rel_Intel_V1-300x300.png","post-thumbnail-width":300,"post-thumbnail-height":300,"small":"https:\/\/www.bullhorn.com\/fr\/wp-content\/uploads\/sites\/14\/2021\/09\/FR_ATS_5_Rel_Intel_V1-300x225.png","small-width":300,"small-height":225,"xlarge":"https:\/\/www.bullhorn.com\/fr\/wp-content\/uploads\/sites\/14\/2021\/09\/FR_ATS_5_Rel_Intel_V1.png","xlarge-width":600,"xlarge-height":450,"insight-of-the-week":"https:\/\/www.bullhorn.com\/fr\/wp-content\/uploads\/sites\/14\/2021\/09\/FR_ATS_5_Rel_Intel_V1.png","insight-of-the-week-width":503,"insight-of-the-week-height":377,"insight-icons":"https:\/\/www.bullhorn.com\/fr\/wp-content\/uploads\/sites\/14\/2021\/09\/FR_ATS_5_Rel_Intel_V1.png","insight-icons-width":83,"insight-icons-height":62,"insight-research-image":"https:\/\/www.bullhorn.com\/fr\/wp-content\/uploads\/sites\/14\/2021\/09\/FR_ATS_5_Rel_Intel_V1.png","insight-research-image-width":293,"insight-research-image-height":220,"insight-featured-articles-thumbnail":"https:\/\/www.bullhorn.com\/fr\/wp-content\/uploads\/sites\/14\/2021\/09\/FR_ATS_5_Rel_Intel_V1.png","insight-featured-articles-thumbnail-width":219,"insight-featured-articles-thumbnail-height":164,"insight-logo":"https:\/\/www.bullhorn.com\/fr\/wp-content\/uploads\/sites\/14\/2021\/09\/FR_ATS_5_Rel_Intel_V1.png","insight-logo-width":237,"insight-logo-height":178}},"video_url":"","embed_code":"","image_placement":"right","image_size":"6","image_box_shadow":false,"background_shape":"","background_shape_position":"left","parallax_fx":false,"block_aria":"","link_type":"none","link_page":null,"link_url":"","link_file":false,"link_video":"","link_aria":"","content":"<h2>Analyse client Pulse<\/h2>\n<p>Bullhorn Pulse fournit une vision holistique des relations avec vos clients et vos prospects. Avec une pleine visibilit\u00e9 sur ces relations, vous saurez ce qui se passe pour n&#8217;importe quel contact et \u00e0 n&#8217;importe quel moment. Ces informations utiles vous aideront \u00e0 \u00e9liminer le risque commercial et \u00e0 faire de vos clients les meilleurs prospects.<\/p>\n","block_background":"block-bg-none","block_background_video_type":"url","block_background_video_url":"","block_background_video_file":false,"block_background_image":false,"block_background_overlay":false,"unique_id":"","block_option_custom_class":"","block_animate":true,"block_option_padding":["block-options-padding-remove-bottom"],"block_option_hide":[]},{"acf_fc_layout":"content-media","media_type":"image","image":{"ID":1594,"id":1594,"title":"FR_ATS_2_CRM_V2","filename":"FR_ATS_2_CRM_V2.png","filesize":106240,"url":"https:\/\/www.bullhorn.com\/fr\/wp-content\/uploads\/sites\/14\/2021\/09\/FR_ATS_2_CRM_V2.png","link":"https:\/\/www.bullhorn.com\/fr\/sales\/fr_ats_2_crm_v2\/","alt":"","author":"302","description":"","caption":"","name":"fr_ats_2_crm_v2","status":"inherit","uploaded_to":1127,"date":"2021-09-14 19:59:24","modified":"2021-09-14 19:59:24","menu_order":0,"mime_type":"image\/png","type":"image","subtype":"png","icon":"https:\/\/www.bullhorn.com\/fr\/wp-includes\/images\/media\/default.png","width":600,"height":450,"sizes":{"thumbnail":"https:\/\/www.bullhorn.com\/fr\/wp-content\/uploads\/sites\/14\/2021\/09\/FR_ATS_2_CRM_V2-150x150.png","thumbnail-width":150,"thumbnail-height":150,"medium":"https:\/\/www.bullhorn.com\/fr\/wp-content\/uploads\/sites\/14\/2021\/09\/FR_ATS_2_CRM_V2-300x225.png","medium-width":300,"medium-height":225,"medium_large":"https:\/\/www.bullhorn.com\/fr\/wp-content\/uploads\/sites\/14\/2021\/09\/FR_ATS_2_CRM_V2.png","medium_large-width":600,"medium_large-height":450,"large":"https:\/\/www.bullhorn.com\/fr\/wp-content\/uploads\/sites\/14\/2021\/09\/FR_ATS_2_CRM_V2.png","large-width":600,"large-height":450,"1536x1536":"https:\/\/www.bullhorn.com\/fr\/wp-content\/uploads\/sites\/14\/2021\/09\/FR_ATS_2_CRM_V2.png","1536x1536-width":600,"1536x1536-height":450,"2048x2048":"https:\/\/www.bullhorn.com\/fr\/wp-content\/uploads\/sites\/14\/2021\/09\/FR_ATS_2_CRM_V2.png","2048x2048-width":600,"2048x2048-height":450,"post-thumbnail":"https:\/\/www.bullhorn.com\/fr\/wp-content\/uploads\/sites\/14\/2021\/09\/FR_ATS_2_CRM_V2-300x300.png","post-thumbnail-width":300,"post-thumbnail-height":300,"small":"https:\/\/www.bullhorn.com\/fr\/wp-content\/uploads\/sites\/14\/2021\/09\/FR_ATS_2_CRM_V2-300x225.png","small-width":300,"small-height":225,"xlarge":"https:\/\/www.bullhorn.com\/fr\/wp-content\/uploads\/sites\/14\/2021\/09\/FR_ATS_2_CRM_V2.png","xlarge-width":600,"xlarge-height":450,"insight-of-the-week":"https:\/\/www.bullhorn.com\/fr\/wp-content\/uploads\/sites\/14\/2021\/09\/FR_ATS_2_CRM_V2.png","insight-of-the-week-width":503,"insight-of-the-week-height":377,"insight-icons":"https:\/\/www.bullhorn.com\/fr\/wp-content\/uploads\/sites\/14\/2021\/09\/FR_ATS_2_CRM_V2.png","insight-icons-width":83,"insight-icons-height":62,"insight-research-image":"https:\/\/www.bullhorn.com\/fr\/wp-content\/uploads\/sites\/14\/2021\/09\/FR_ATS_2_CRM_V2.png","insight-research-image-width":293,"insight-research-image-height":220,"insight-featured-articles-thumbnail":"https:\/\/www.bullhorn.com\/fr\/wp-content\/uploads\/sites\/14\/2021\/09\/FR_ATS_2_CRM_V2.png","insight-featured-articles-thumbnail-width":219,"insight-featured-articles-thumbnail-height":164,"insight-logo":"https:\/\/www.bullhorn.com\/fr\/wp-content\/uploads\/sites\/14\/2021\/09\/FR_ATS_2_CRM_V2.png","insight-logo-width":237,"insight-logo-height":178}},"video_url":"","embed_code":"","image_placement":"left","image_size":"6","image_box_shadow":false,"background_shape":"","background_shape_position":"left","parallax_fx":false,"block_aria":"","link_type":"none","link_page":null,"link_url":"","link_file":false,"link_video":"","link_aria":"","content":"<h2>Gestion de la relation client<\/h2>\n<p>La fonctionnalit\u00e9 CRM de Bullhorn am\u00e9liore radicalement la visibilit\u00e9 des personnes au sein de votre \u00e9quipe qui sont en contact avec la client\u00e8le ainsi que leurs conversations. Avec cette plateforme mobile, intuitive et compl\u00e8tement automatis\u00e9e, votre \u00e9quipe peut collaborer pour transformer les pistes et opportunit\u00e9s commerciales en clients.<\/p>\n","block_background":"block-bg-none","block_background_video_type":"url","block_background_video_url":"","block_background_video_file":false,"block_background_image":false,"block_background_overlay":false,"unique_id":"","block_option_custom_class":"","block_animate":true,"block_option_padding":["block-options-padding-remove-bottom"],"block_option_hide":[]},{"acf_fc_layout":"content-media","media_type":"image","image":{"ID":1595,"id":1595,"title":"FR_RECR_4_Analytics_V1","filename":"FR_RECR_4_Analytics_V1.png","filesize":31343,"url":"https:\/\/www.bullhorn.com\/fr\/wp-content\/uploads\/sites\/14\/2021\/09\/FR_RECR_4_Analytics_V1.png","link":"https:\/\/www.bullhorn.com\/fr\/sales\/fr_recr_4_analytics_v1\/","alt":"","author":"302","description":"","caption":"","name":"fr_recr_4_analytics_v1","status":"inherit","uploaded_to":1127,"date":"2021-09-14 20:00:18","modified":"2021-09-14 20:00:18","menu_order":0,"mime_type":"image\/png","type":"image","subtype":"png","icon":"https:\/\/www.bullhorn.com\/fr\/wp-includes\/images\/media\/default.png","width":600,"height":450,"sizes":{"thumbnail":"https:\/\/www.bullhorn.com\/fr\/wp-content\/uploads\/sites\/14\/2021\/09\/FR_RECR_4_Analytics_V1-150x150.png","thumbnail-width":150,"thumbnail-height":150,"medium":"https:\/\/www.bullhorn.com\/fr\/wp-content\/uploads\/sites\/14\/2021\/09\/FR_RECR_4_Analytics_V1-300x225.png","medium-width":300,"medium-height":225,"medium_large":"https:\/\/www.bullhorn.com\/fr\/wp-content\/uploads\/sites\/14\/2021\/09\/FR_RECR_4_Analytics_V1.png","medium_large-width":600,"medium_large-height":450,"large":"https:\/\/www.bullhorn.com\/fr\/wp-content\/uploads\/sites\/14\/2021\/09\/FR_RECR_4_Analytics_V1.png","large-width":600,"large-height":450,"1536x1536":"https:\/\/www.bullhorn.com\/fr\/wp-content\/uploads\/sites\/14\/2021\/09\/FR_RECR_4_Analytics_V1.png","1536x1536-width":600,"1536x1536-height":450,"2048x2048":"https:\/\/www.bullhorn.com\/fr\/wp-content\/uploads\/sites\/14\/2021\/09\/FR_RECR_4_Analytics_V1.png","2048x2048-width":600,"2048x2048-height":450,"post-thumbnail":"https:\/\/www.bullhorn.com\/fr\/wp-content\/uploads\/sites\/14\/2021\/09\/FR_RECR_4_Analytics_V1-300x300.png","post-thumbnail-width":300,"post-thumbnail-height":300,"small":"https:\/\/www.bullhorn.com\/fr\/wp-content\/uploads\/sites\/14\/2021\/09\/FR_RECR_4_Analytics_V1-300x225.png","small-width":300,"small-height":225,"xlarge":"https:\/\/www.bullhorn.com\/fr\/wp-content\/uploads\/sites\/14\/2021\/09\/FR_RECR_4_Analytics_V1.png","xlarge-width":600,"xlarge-height":450,"insight-of-the-week":"https:\/\/www.bullhorn.com\/fr\/wp-content\/uploads\/sites\/14\/2021\/09\/FR_RECR_4_Analytics_V1.png","insight-of-the-week-width":503,"insight-of-the-week-height":377,"insight-icons":"https:\/\/www.bullhorn.com\/fr\/wp-content\/uploads\/sites\/14\/2021\/09\/FR_RECR_4_Analytics_V1.png","insight-icons-width":83,"insight-icons-height":62,"insight-research-image":"https:\/\/www.bullhorn.com\/fr\/wp-content\/uploads\/sites\/14\/2021\/09\/FR_RECR_4_Analytics_V1.png","insight-research-image-width":293,"insight-research-image-height":220,"insight-featured-articles-thumbnail":"https:\/\/www.bullhorn.com\/fr\/wp-content\/uploads\/sites\/14\/2021\/09\/FR_RECR_4_Analytics_V1.png","insight-featured-articles-thumbnail-width":219,"insight-featured-articles-thumbnail-height":164,"insight-logo":"https:\/\/www.bullhorn.com\/fr\/wp-content\/uploads\/sites\/14\/2021\/09\/FR_RECR_4_Analytics_V1.png","insight-logo-width":237,"insight-logo-height":178}},"video_url":"","embed_code":"","image_placement":"right","image_size":"6","image_box_shadow":false,"background_shape":"","background_shape_position":"left","parallax_fx":true,"block_aria":"","link_type":"none","link_page":null,"link_url":"","link_file":false,"link_video":"","link_aria":"","content":"<h2>Reporting avanc\u00e9<\/h2>\n<p>Transformez l&#8217;activit\u00e9 de vente de votre \u00e9quipe en informations commerciales exploitables avec des rapports configurables adapt\u00e9s \u00e0 vos objectifs et indicateurs cl\u00e9s de performance sp\u00e9cifiques.<\/p>\n","block_background":"block-bg-none","block_background_video_type":"url","block_background_video_url":"","block_background_video_file":false,"block_background_image":false,"block_background_overlay":false,"unique_id":"","block_option_custom_class":"","block_animate":true,"block_option_padding":[],"block_option_hide":[]},{"acf_fc_layout":"testimonials","background_shape":"shapes\/heart","background_shape_position":"left","parallax_fx":true,"transition_speed":"10","enable_autoplay":false,"autoplay_speed":3000,"testimonials":[1132],"block_background":"block-bg-none","block_background_video_type":"url","block_background_video_url":"","block_background_video_file":false,"block_background_image":false,"block_background_overlay":false,"unique_id":"","block_option_custom_class":"","block_option_padding":[],"block_option_hide":[]},{"acf_fc_layout":"cta","mid_page_format":false,"condensed_format":false,"text":"Pr\u00eat \u00e0 commencer ?","subtext":"","block_aria":"","image":{"ID":1084,"id":1084,"title":"Footer_Stocksy_txpf77ca13blZ6300_Medium_3814527","filename":"Footer_Stocksy_txpf77ca13blZ6300_Medium_3814527.jpg","filesize":1375109,"url":"https:\/\/www.bullhorn.com\/fr\/wp-content\/uploads\/sites\/14\/2021\/08\/Footer_Stocksy_txpf77ca13blZ6300_Medium_3814527.jpg","link":"https:\/\/www.bullhorn.com\/fr\/sales\/footer_stocksy_txpf77ca13blz6300_medium_3814527\/","alt":"","author":"302","description":"","caption":"","name":"footer_stocksy_txpf77ca13blz6300_medium_3814527","status":"inherit","uploaded_to":1127,"date":"2021-08-20 14:01:31","modified":"2021-09-20 14:04:16","menu_order":0,"mime_type":"image\/jpeg","type":"image","subtype":"jpeg","icon":"https:\/\/www.bullhorn.com\/fr\/wp-includes\/images\/media\/default.png","width":1110,"height":1802,"sizes":{"thumbnail":"https:\/\/www.bullhorn.com\/fr\/wp-content\/uploads\/sites\/14\/2021\/08\/Footer_Stocksy_txpf77ca13blZ6300_Medium_3814527-150x150.jpg","thumbnail-width":150,"thumbnail-height":150,"medium":"https:\/\/www.bullhorn.com\/fr\/wp-content\/uploads\/sites\/14\/2021\/08\/Footer_Stocksy_txpf77ca13blZ6300_Medium_3814527-185x300.jpg","medium-width":185,"medium-height":300,"medium_large":"https:\/\/www.bullhorn.com\/fr\/wp-content\/uploads\/sites\/14\/2021\/08\/Footer_Stocksy_txpf77ca13blZ6300_Medium_3814527-768x1247.jpg","medium_large-width":768,"medium_large-height":1247,"large":"https:\/\/www.bullhorn.com\/fr\/wp-content\/uploads\/sites\/14\/2021\/08\/Footer_Stocksy_txpf77ca13blZ6300_Medium_3814527-631x1024.jpg","large-width":631,"large-height":1024,"1536x1536":"https:\/\/www.bullhorn.com\/fr\/wp-content\/uploads\/sites\/14\/2021\/08\/Footer_Stocksy_txpf77ca13blZ6300_Medium_3814527-946x1536.jpg","1536x1536-width":946,"1536x1536-height":1536,"2048x2048":"https:\/\/www.bullhorn.com\/fr\/wp-content\/uploads\/sites\/14\/2021\/08\/Footer_Stocksy_txpf77ca13blZ6300_Medium_3814527.jpg","2048x2048-width":1110,"2048x2048-height":1802,"post-thumbnail":"https:\/\/www.bullhorn.com\/fr\/wp-content\/uploads\/sites\/14\/2021\/08\/Footer_Stocksy_txpf77ca13blZ6300_Medium_3814527-300x300.jpg","post-thumbnail-width":300,"post-thumbnail-height":300,"small":"https:\/\/www.bullhorn.com\/fr\/wp-content\/uploads\/sites\/14\/2021\/08\/Footer_Stocksy_txpf77ca13blZ6300_Medium_3814527-185x300.jpg","small-width":185,"small-height":300,"xlarge":"https:\/\/www.bullhorn.com\/fr\/wp-content\/uploads\/sites\/14\/2021\/08\/Footer_Stocksy_txpf77ca13blZ6300_Medium_3814527.jpg","xlarge-width":1110,"xlarge-height":1802,"insight-of-the-week":"https:\/\/www.bullhorn.com\/fr\/wp-content\/uploads\/sites\/14\/2021\/08\/Footer_Stocksy_txpf77ca13blZ6300_Medium_3814527.jpg","insight-of-the-week-width":232,"insight-of-the-week-height":377,"insight-icons":"https:\/\/www.bullhorn.com\/fr\/wp-content\/uploads\/sites\/14\/2021\/08\/Footer_Stocksy_txpf77ca13blZ6300_Medium_3814527.jpg","insight-icons-width":51,"insight-icons-height":83,"insight-research-image":"https:\/\/www.bullhorn.com\/fr\/wp-content\/uploads\/sites\/14\/2021\/08\/Footer_Stocksy_txpf77ca13blZ6300_Medium_3814527.jpg","insight-research-image-width":136,"insight-research-image-height":220,"insight-featured-articles-thumbnail":"https:\/\/www.bullhorn.com\/fr\/wp-content\/uploads\/sites\/14\/2021\/08\/Footer_Stocksy_txpf77ca13blZ6300_Medium_3814527.jpg","insight-featured-articles-thumbnail-width":101,"insight-featured-articles-thumbnail-height":164,"insight-logo":"https:\/\/www.bullhorn.com\/fr\/wp-content\/uploads\/sites\/14\/2021\/08\/Footer_Stocksy_txpf77ca13blZ6300_Medium_3814527.jpg","insight-logo-width":110,"insight-logo-height":178}},"enable_bg_shape":false,"image_shape":"masks\/arrow-right","action_type":"button","link_settings":{"link_type":"url","link_text":"Obtenez une d\u00e9mo","link_page":null,"link_url":"#show-demo-modal","link_style":"button--orange","link_aria":""},"email_placeholder_text":"Enter Your Email Address","block_background":"bg-blue","block_background_video_type":"url","block_background_video_url":"","block_background_video_file":false,"block_background_image":false,"block_background_overlay":false,"unique_id":"","block_option_custom_class":"","block_animate":true,"block_option_padding":[],"block_option_hide":[],"bg_lower_slant_color":""}],"_links":{"self":[{"href":"https:\/\/www.bullhorn.com\/fr\/wp-json\/wp\/v2\/pages\/1127","targetHints":{"allow":["GET"]}}],"collection":[{"href":"https:\/\/www.bullhorn.com\/fr\/wp-json\/wp\/v2\/pages"}],"about":[{"href":"https:\/\/www.bullhorn.com\/fr\/wp-json\/wp\/v2\/types\/page"}],"author":[{"embeddable":true,"href":"https:\/\/www.bullhorn.com\/fr\/wp-json\/wp\/v2\/users\/302"}],"replies":[{"embeddable":true,"href":"https:\/\/www.bullhorn.com\/fr\/wp-json\/wp\/v2\/comments?post=1127"}],"version-history":[{"count":6,"href":"https:\/\/www.bullhorn.com\/fr\/wp-json\/wp\/v2\/pages\/1127\/revisions"}],"predecessor-version":[{"id":1709,"href":"https:\/\/www.bullhorn.com\/fr\/wp-json\/wp\/v2\/pages\/1127\/revisions\/1709"}],"wp:attachment":[{"href":"https:\/\/www.bullhorn.com\/fr\/wp-json\/wp\/v2\/media?parent=1127"}],"curies":[{"name":"wp","href":"https:\/\/api.w.org\/{rel}","templated":true}]}}