{"id":1167,"date":"2021-08-23T13:59:21","date_gmt":"2021-08-23T13:59:21","guid":{"rendered":"https:\/\/www.bullhorn.com\/fr\/?page_id=1167"},"modified":"2021-09-20T14:45:09","modified_gmt":"2021-09-20T14:45:09","slug":"healthcare","status":"publish","type":"page","link":"https:\/\/www.bullhorn.com\/fr\/healthcare\/","title":{"rendered":"Logiciel de recrutement pour le secteur de la sant\u00e9"},"content":{"rendered":"","protected":false},"excerpt":{"rendered":"","protected":false},"author":302,"featured_media":0,"parent":0,"menu_order":0,"comment_status":"closed","ping_status":"closed","template":"","meta":{"_acf_changed":false,"om_disable_all_campaigns":false},"class_list":["post-1167","page","type-page","status-publish","hentry"],"acf":[],"yoast_head":"<!-- This site is optimized with the Yoast SEO plugin v27.2 - https:\/\/yoast.com\/product\/yoast-seo-wordpress\/ -->\n<title>Logiciel de recrutement pour le secteur de la sant\u00e9 - Bullhorn FR<\/title>\n<meta name=\"description\" content=\"Build your workforce, connect with your workers, and effectively manage time and expense with Bullhorn&#039;s commercial solution built for the industrial staffing market.\" \/>\n<meta name=\"robots\" content=\"index, follow, max-snippet:-1, max-image-preview:large, max-video-preview:-1\" \/>\n<link rel=\"canonical\" href=\"https:\/\/www.bullhorn.com\/fr\/healthcare\/\" \/>\n<meta property=\"og:locale\" content=\"en_US\" \/>\n<meta property=\"og:type\" content=\"article\" \/>\n<meta property=\"og:title\" content=\"Logiciel de recrutement pour le secteur de la sant\u00e9 - Bullhorn FR\" \/>\n<meta property=\"og:description\" content=\"Build your workforce, connect with your workers, and effectively manage time and expense with Bullhorn&#039;s commercial solution built for the industrial staffing market.\" \/>\n<meta property=\"og:url\" content=\"https:\/\/www.bullhorn.com\/fr\/healthcare\/\" \/>\n<meta property=\"og:site_name\" content=\"Bullhorn FR\" \/>\n<meta property=\"article:publisher\" content=\"https:\/\/www.facebook.com\/Bullhorn\/\" \/>\n<meta property=\"article:modified_time\" content=\"2021-09-20T14:45:09+00:00\" \/>\n<meta name=\"twitter:card\" content=\"summary_large_image\" \/>\n<meta name=\"twitter:site\" content=\"@Bullhorn\" \/>\n<script type=\"application\/ld+json\" class=\"yoast-schema-graph\">{\"@context\":\"https:\/\/schema.org\",\"@graph\":[{\"@type\":\"WebPage\",\"@id\":\"https:\/\/www.bullhorn.com\/fr\/healthcare\/\",\"url\":\"https:\/\/www.bullhorn.com\/fr\/healthcare\/\",\"name\":\"Logiciel de recrutement pour le secteur de la sant\u00e9 - Bullhorn FR\",\"isPartOf\":{\"@id\":\"https:\/\/www.bullhorn.com\/fr\/#website\"},\"datePublished\":\"2021-08-23T13:59:21+00:00\",\"dateModified\":\"2021-09-20T14:45:09+00:00\",\"description\":\"Build your workforce, connect with your workers, and effectively manage time and expense with Bullhorn's commercial solution built for the industrial staffing market.\",\"breadcrumb\":{\"@id\":\"https:\/\/www.bullhorn.com\/fr\/healthcare\/#breadcrumb\"},\"inLanguage\":\"en-US\",\"potentialAction\":[{\"@type\":\"ReadAction\",\"target\":[\"https:\/\/www.bullhorn.com\/fr\/healthcare\/\"]}]},{\"@type\":\"BreadcrumbList\",\"@id\":\"https:\/\/www.bullhorn.com\/fr\/healthcare\/#breadcrumb\",\"itemListElement\":[{\"@type\":\"ListItem\",\"position\":1,\"name\":\"Home\",\"item\":\"https:\/\/www.bullhorn.com\/fr\/\"},{\"@type\":\"ListItem\",\"position\":2,\"name\":\"Logiciel de recrutement pour le secteur de la sant\u00e9\"}]},{\"@type\":\"WebSite\",\"@id\":\"https:\/\/www.bullhorn.com\/fr\/#website\",\"url\":\"https:\/\/www.bullhorn.com\/fr\/\",\"name\":\"Bullhorn FR\",\"description\":\"\",\"publisher\":{\"@id\":\"https:\/\/www.bullhorn.com\/fr\/#organization\"},\"potentialAction\":[{\"@type\":\"SearchAction\",\"target\":{\"@type\":\"EntryPoint\",\"urlTemplate\":\"https:\/\/www.bullhorn.com\/fr\/?s={search_term_string}\"},\"query-input\":{\"@type\":\"PropertyValueSpecification\",\"valueRequired\":true,\"valueName\":\"search_term_string\"}}],\"inLanguage\":\"en-US\"},{\"@type\":\"Organization\",\"@id\":\"https:\/\/www.bullhorn.com\/fr\/#organization\",\"name\":\"Bullhorn\",\"url\":\"https:\/\/www.bullhorn.com\/fr\/\",\"logo\":{\"@type\":\"ImageObject\",\"inLanguage\":\"en-US\",\"@id\":\"https:\/\/www.bullhorn.com\/fr\/#\/schema\/logo\/image\/\",\"url\":\"https:\/\/www.bullhorn.com\/fr\/wp-content\/uploads\/sites\/14\/2021\/09\/og-img.png\",\"contentUrl\":\"https:\/\/www.bullhorn.com\/fr\/wp-content\/uploads\/sites\/14\/2021\/09\/og-img.png\",\"width\":1200,\"height\":628,\"caption\":\"Bullhorn\"},\"image\":{\"@id\":\"https:\/\/www.bullhorn.com\/fr\/#\/schema\/logo\/image\/\"},\"sameAs\":[\"https:\/\/www.facebook.com\/Bullhorn\/\",\"https:\/\/x.com\/Bullhorn\",\"https:\/\/www.instagram.com\/lifeatbullhorn\/?hl=fr\",\"https:\/\/www.linkedin.com\/company\/bullhorn\",\"https:\/\/www.youtube.com\/channel\/UC-Rgm5YxtoxsvlCHy6KW3Ug\",\"https:\/\/en.wikipedia.org\/wiki\/Bullhorn,_Inc.\"]}]}<\/script>\n<!-- \/ Yoast SEO plugin. -->","yoast_head_json":{"title":"Logiciel de recrutement pour le secteur de la sant\u00e9 - Bullhorn FR","description":"Build your workforce, connect with your workers, and effectively manage time and expense with Bullhorn's commercial solution built for the industrial staffing market.","robots":{"index":"index","follow":"follow","max-snippet":"max-snippet:-1","max-image-preview":"max-image-preview:large","max-video-preview":"max-video-preview:-1"},"canonical":"https:\/\/www.bullhorn.com\/fr\/healthcare\/","og_locale":"en_US","og_type":"article","og_title":"Logiciel de recrutement pour le secteur de la sant\u00e9 - Bullhorn FR","og_description":"Build your workforce, connect with your workers, and effectively manage time and expense with Bullhorn's commercial solution built for the industrial staffing market.","og_url":"https:\/\/www.bullhorn.com\/fr\/healthcare\/","og_site_name":"Bullhorn FR","article_publisher":"https:\/\/www.facebook.com\/Bullhorn\/","article_modified_time":"2021-09-20T14:45:09+00:00","twitter_card":"summary_large_image","twitter_site":"@Bullhorn","schema":{"@context":"https:\/\/schema.org","@graph":[{"@type":"WebPage","@id":"https:\/\/www.bullhorn.com\/fr\/healthcare\/","url":"https:\/\/www.bullhorn.com\/fr\/healthcare\/","name":"Logiciel de recrutement pour le secteur de la sant\u00e9 - Bullhorn FR","isPartOf":{"@id":"https:\/\/www.bullhorn.com\/fr\/#website"},"datePublished":"2021-08-23T13:59:21+00:00","dateModified":"2021-09-20T14:45:09+00:00","description":"Build your workforce, connect with your workers, and effectively manage time and expense with Bullhorn's commercial solution built for the industrial staffing market.","breadcrumb":{"@id":"https:\/\/www.bullhorn.com\/fr\/healthcare\/#breadcrumb"},"inLanguage":"en-US","potentialAction":[{"@type":"ReadAction","target":["https:\/\/www.bullhorn.com\/fr\/healthcare\/"]}]},{"@type":"BreadcrumbList","@id":"https:\/\/www.bullhorn.com\/fr\/healthcare\/#breadcrumb","itemListElement":[{"@type":"ListItem","position":1,"name":"Home","item":"https:\/\/www.bullhorn.com\/fr\/"},{"@type":"ListItem","position":2,"name":"Logiciel de recrutement pour le secteur de la sant\u00e9"}]},{"@type":"WebSite","@id":"https:\/\/www.bullhorn.com\/fr\/#website","url":"https:\/\/www.bullhorn.com\/fr\/","name":"Bullhorn FR","description":"","publisher":{"@id":"https:\/\/www.bullhorn.com\/fr\/#organization"},"potentialAction":[{"@type":"SearchAction","target":{"@type":"EntryPoint","urlTemplate":"https:\/\/www.bullhorn.com\/fr\/?s={search_term_string}"},"query-input":{"@type":"PropertyValueSpecification","valueRequired":true,"valueName":"search_term_string"}}],"inLanguage":"en-US"},{"@type":"Organization","@id":"https:\/\/www.bullhorn.com\/fr\/#organization","name":"Bullhorn","url":"https:\/\/www.bullhorn.com\/fr\/","logo":{"@type":"ImageObject","inLanguage":"en-US","@id":"https:\/\/www.bullhorn.com\/fr\/#\/schema\/logo\/image\/","url":"https:\/\/www.bullhorn.com\/fr\/wp-content\/uploads\/sites\/14\/2021\/09\/og-img.png","contentUrl":"https:\/\/www.bullhorn.com\/fr\/wp-content\/uploads\/sites\/14\/2021\/09\/og-img.png","width":1200,"height":628,"caption":"Bullhorn"},"image":{"@id":"https:\/\/www.bullhorn.com\/fr\/#\/schema\/logo\/image\/"},"sameAs":["https:\/\/www.facebook.com\/Bullhorn\/","https:\/\/x.com\/Bullhorn","https:\/\/www.instagram.com\/lifeatbullhorn\/?hl=fr","https:\/\/www.linkedin.com\/company\/bullhorn","https:\/\/www.youtube.com\/channel\/UC-Rgm5YxtoxsvlCHy6KW3Ug","https:\/\/en.wikipedia.org\/wiki\/Bullhorn,_Inc."]}]}},"grav_blocks":[{"acf_fc_layout":"card-grid","block_title":"","block_aria":"","block_subtitle":"","background_shape":"","background_shape_position":"left","parallax_fx":false,"title_position":"top","cards_bg_color":"bg-white","cards_border":true,"cards_per_row":"4","cards":[{"icon":"icons\/mountain","icon_color":"blue-dark","line_title_with_icon":false,"inline_title":"","content":"<h3>Devancez la concurrence<\/h3>\n<p>Gr\u00e2ce \u00e0 notre solution intuitive et int\u00e9gr\u00e9e, rationalisez les t\u00e2ches journali\u00e8res telles que l&#8217;accr\u00e9ditation et le travail sur le VMS.<\/p>\n"},{"icon":"icons\/happy","icon_color":"blue-dark","line_title_with_icon":false,"inline_title":"","content":"<h3>Am\u00e9liorez l&#8217;exp\u00e9rience prestataire\/client<\/h3>\n<p>Gr\u00e2ce \u00e0 notre suite de communication rationalis\u00e9e, prestataires et clients auront h\u00e2te de travailler \u00e0 nouveau avec vous.<\/p>\n"},{"icon":"icons\/graph-3","icon_color":"blue-dark","line_title_with_icon":false,"inline_title":"","content":"<h3>Prenez de meilleures d\u00e9cisions commerciales<\/h3>\n<p>G\u00e9rez votre entreprise en fonction des chiffres \u00e0 l&#8217;aide de rapports exploitables sp\u00e9cifiques au personnel de sant\u00e9.<\/p>\n"}],"block_background":"block-bg-none","block_background_video_type":"url","block_background_video_url":"","block_background_video_file":false,"block_background_image":false,"block_background_overlay":false,"unique_id":"","block_option_custom_class":"","block_animate":true,"block_option_padding":[],"block_option_hide":[],"bg_lower_slant_color":""},{"acf_fc_layout":"sidebar-anchor","sidebar_title":"Caract\u00e9ristiques","sidebar_title_display_large":true,"sidebar_cta_button":{"link_type":"url","link_text":"Live Demo","link_page":null,"link_url":"#show-demo-modal","link_aria":""},"sections":[{"sidebar_label":"ATS","link_type":"default","section_type":"content-media","section_columns":false,"content":"<h2>ATS<\/h2>\n<p>Fort de plus de 10 000 clients, Bullhorn est le syst\u00e8me de suivi des candidats (ATS) le plus populaire du march\u00e9. En outre des fonctionnalit\u00e9s \u00e9tendues permettent d\u00e9sormais de r\u00e9pondre aux besoins complexes du recrutement en sant\u00e9. G\u00e9rez l\u2019ensemble du cycle de recrutement \u00e0 partir d&#8217;une interface unique et conviviale.<\/p>\n","section_list_items":false,"image":{"ID":1567,"id":1567,"title":"FR_HOME_1","filename":"FR_HOME_1-e1631648363666.png","filesize":42633,"url":"https:\/\/www.bullhorn.com\/fr\/wp-content\/uploads\/sites\/14\/2021\/09\/FR_HOME_1-e1631648363666.png","link":"https:\/\/www.bullhorn.com\/fr\/home-2\/fr_home_1\/","alt":"","author":"302","description":"","caption":"","name":"fr_home_1","status":"inherit","uploaded_to":1022,"date":"2021-09-14 19:37:58","modified":"2021-09-14 19:37:58","menu_order":0,"mime_type":"image\/png","type":"image","subtype":"png","icon":"https:\/\/www.bullhorn.com\/fr\/wp-includes\/images\/media\/default.png","width":600,"height":451,"sizes":{"thumbnail":"https:\/\/www.bullhorn.com\/fr\/wp-content\/uploads\/sites\/14\/2021\/09\/FR_HOME_1-e1631648363666-150x150.png","thumbnail-width":150,"thumbnail-height":150,"medium":"https:\/\/www.bullhorn.com\/fr\/wp-content\/uploads\/sites\/14\/2021\/09\/FR_HOME_1-e1631648363666-300x226.png","medium-width":300,"medium-height":226,"medium_large":"https:\/\/www.bullhorn.com\/fr\/wp-content\/uploads\/sites\/14\/2021\/09\/FR_HOME_1-e1631648363666.png","medium_large-width":600,"medium_large-height":451,"large":"https:\/\/www.bullhorn.com\/fr\/wp-content\/uploads\/sites\/14\/2021\/09\/FR_HOME_1-e1631648363666.png","large-width":600,"large-height":451,"1536x1536":"https:\/\/www.bullhorn.com\/fr\/wp-content\/uploads\/sites\/14\/2021\/09\/FR_HOME_1-e1631648363666.png","1536x1536-width":600,"1536x1536-height":451,"2048x2048":"https:\/\/www.bullhorn.com\/fr\/wp-content\/uploads\/sites\/14\/2021\/09\/FR_HOME_1-e1631648363666.png","2048x2048-width":600,"2048x2048-height":451,"post-thumbnail":"https:\/\/www.bullhorn.com\/fr\/wp-content\/uploads\/sites\/14\/2021\/09\/FR_HOME_1-e1631648363666-300x300.png","post-thumbnail-width":300,"post-thumbnail-height":300,"small":"https:\/\/www.bullhorn.com\/fr\/wp-content\/uploads\/sites\/14\/2021\/09\/FR_HOME_1-e1631648363666-300x226.png","small-width":300,"small-height":226,"xlarge":"https:\/\/www.bullhorn.com\/fr\/wp-content\/uploads\/sites\/14\/2021\/09\/FR_HOME_1-e1631648363666.png","xlarge-width":600,"xlarge-height":451,"insight-of-the-week":"https:\/\/www.bullhorn.com\/fr\/wp-content\/uploads\/sites\/14\/2021\/09\/FR_HOME_1-e1631648363666.png","insight-of-the-week-width":502,"insight-of-the-week-height":377,"insight-icons":"https:\/\/www.bullhorn.com\/fr\/wp-content\/uploads\/sites\/14\/2021\/09\/FR_HOME_1-e1631648363666.png","insight-icons-width":83,"insight-icons-height":62,"insight-research-image":"https:\/\/www.bullhorn.com\/fr\/wp-content\/uploads\/sites\/14\/2021\/09\/FR_HOME_1-e1631648363666.png","insight-research-image-width":293,"insight-research-image-height":220,"insight-featured-articles-thumbnail":"https:\/\/www.bullhorn.com\/fr\/wp-content\/uploads\/sites\/14\/2021\/09\/FR_HOME_1-e1631648363666.png","insight-featured-articles-thumbnail-width":218,"insight-featured-articles-thumbnail-height":164,"insight-logo":"https:\/\/www.bullhorn.com\/fr\/wp-content\/uploads\/sites\/14\/2021\/09\/FR_HOME_1-e1631648363666.png","insight-logo-width":237,"insight-logo-height":178}},"image_video_url":""},{"sidebar_label":"Gestion des accr\u00e9ditations","link_type":"default","section_type":"content-media","section_columns":false,"content":"<h2>Gestion des accr\u00e9ditations<\/h2>\n<p>Les agences de recrutement dans le secteur de la sant\u00e9 font face \u00e0 de nombreux d\u00e9fis : grave p\u00e9nurie de talents, probl\u00e8mes de conformit\u00e9 et processus manuels fastidieux. Une gestion des accr\u00e9ditations intelligente et dynamique est essentielle pour placer de mani\u00e8re efficace des prestataires qualifi\u00e9s au bon endroit, tout en restant en conformit\u00e9.<\/p>\n","section_list_items":false,"image":{"ID":1169,"id":1169,"title":"HLTH_2_Credential_V1","filename":"HLTH_2_Credential_V1.png","filesize":12848,"url":"https:\/\/www.bullhorn.com\/fr\/wp-content\/uploads\/sites\/14\/2021\/08\/HLTH_2_Credential_V1.png","link":"https:\/\/www.bullhorn.com\/fr\/healthcare\/hlth_2_credential_v1\/","alt":"","author":"302","description":"","caption":"","name":"hlth_2_credential_v1","status":"inherit","uploaded_to":1167,"date":"2021-08-23 13:54:19","modified":"2021-08-23 13:54:19","menu_order":0,"mime_type":"image\/png","type":"image","subtype":"png","icon":"https:\/\/www.bullhorn.com\/fr\/wp-includes\/images\/media\/default.png","width":600,"height":450,"sizes":{"thumbnail":"https:\/\/www.bullhorn.com\/fr\/wp-content\/uploads\/sites\/14\/2021\/08\/HLTH_2_Credential_V1-150x150.png","thumbnail-width":150,"thumbnail-height":150,"medium":"https:\/\/www.bullhorn.com\/fr\/wp-content\/uploads\/sites\/14\/2021\/08\/HLTH_2_Credential_V1-300x225.png","medium-width":300,"medium-height":225,"medium_large":"https:\/\/www.bullhorn.com\/fr\/wp-content\/uploads\/sites\/14\/2021\/08\/HLTH_2_Credential_V1.png","medium_large-width":600,"medium_large-height":450,"large":"https:\/\/www.bullhorn.com\/fr\/wp-content\/uploads\/sites\/14\/2021\/08\/HLTH_2_Credential_V1.png","large-width":600,"large-height":450,"1536x1536":"https:\/\/www.bullhorn.com\/fr\/wp-content\/uploads\/sites\/14\/2021\/08\/HLTH_2_Credential_V1.png","1536x1536-width":600,"1536x1536-height":450,"2048x2048":"https:\/\/www.bullhorn.com\/fr\/wp-content\/uploads\/sites\/14\/2021\/08\/HLTH_2_Credential_V1.png","2048x2048-width":600,"2048x2048-height":450,"post-thumbnail":"https:\/\/www.bullhorn.com\/fr\/wp-content\/uploads\/sites\/14\/2021\/08\/HLTH_2_Credential_V1-300x300.png","post-thumbnail-width":300,"post-thumbnail-height":300,"small":"https:\/\/www.bullhorn.com\/fr\/wp-content\/uploads\/sites\/14\/2021\/08\/HLTH_2_Credential_V1-300x225.png","small-width":300,"small-height":225,"xlarge":"https:\/\/www.bullhorn.com\/fr\/wp-content\/uploads\/sites\/14\/2021\/08\/HLTH_2_Credential_V1.png","xlarge-width":600,"xlarge-height":450,"insight-of-the-week":"https:\/\/www.bullhorn.com\/fr\/wp-content\/uploads\/sites\/14\/2021\/08\/HLTH_2_Credential_V1.png","insight-of-the-week-width":503,"insight-of-the-week-height":377,"insight-icons":"https:\/\/www.bullhorn.com\/fr\/wp-content\/uploads\/sites\/14\/2021\/08\/HLTH_2_Credential_V1.png","insight-icons-width":83,"insight-icons-height":62,"insight-research-image":"https:\/\/www.bullhorn.com\/fr\/wp-content\/uploads\/sites\/14\/2021\/08\/HLTH_2_Credential_V1.png","insight-research-image-width":293,"insight-research-image-height":220,"insight-featured-articles-thumbnail":"https:\/\/www.bullhorn.com\/fr\/wp-content\/uploads\/sites\/14\/2021\/08\/HLTH_2_Credential_V1.png","insight-featured-articles-thumbnail-width":219,"insight-featured-articles-thumbnail-height":164,"insight-logo":"https:\/\/www.bullhorn.com\/fr\/wp-content\/uploads\/sites\/14\/2021\/08\/HLTH_2_Credential_V1.png","insight-logo-width":237,"insight-logo-height":178}},"image_video_url":""},{"sidebar_label":"Gestion des documents","link_type":"default","section_type":"content-media","section_columns":false,"content":"<h2>Gestion des documents<\/h2>\n<p>La solution de recrutement de personnel de sant\u00e9 de Bullhorn dispose d&#8217;une fonctionnalit\u00e9 d&#8217;int\u00e9gration qui simplifie la gestion des documents. Les entreprises peuvent cr\u00e9er autant de formulaires que leurs clients le leur demandent, remplir automatiquement les champs de donn\u00e9es relatifs aux postes et aux candidats, et offrir une excellente exp\u00e9rience candidat gr\u00e2ce \u00e0 un portail s\u00e9curis\u00e9 permettant de remplir et signer les documents.<\/p>\n","section_list_items":false,"image":{"ID":1605,"id":1605,"title":"FR_ONB_5_ATS_V1","filename":"FR_ONB_5_ATS_V1.png","filesize":67252,"url":"https:\/\/www.bullhorn.com\/fr\/wp-content\/uploads\/sites\/14\/2021\/09\/FR_ONB_5_ATS_V1.png","link":"https:\/\/www.bullhorn.com\/fr\/healthcare\/fr_onb_5_ats_v1\/","alt":"","author":"302","description":"","caption":"","name":"fr_onb_5_ats_v1","status":"inherit","uploaded_to":1167,"date":"2021-09-14 20:06:31","modified":"2021-09-14 20:06:31","menu_order":0,"mime_type":"image\/png","type":"image","subtype":"png","icon":"https:\/\/www.bullhorn.com\/fr\/wp-includes\/images\/media\/default.png","width":600,"height":450,"sizes":{"thumbnail":"https:\/\/www.bullhorn.com\/fr\/wp-content\/uploads\/sites\/14\/2021\/09\/FR_ONB_5_ATS_V1-150x150.png","thumbnail-width":150,"thumbnail-height":150,"medium":"https:\/\/www.bullhorn.com\/fr\/wp-content\/uploads\/sites\/14\/2021\/09\/FR_ONB_5_ATS_V1-300x225.png","medium-width":300,"medium-height":225,"medium_large":"https:\/\/www.bullhorn.com\/fr\/wp-content\/uploads\/sites\/14\/2021\/09\/FR_ONB_5_ATS_V1.png","medium_large-width":600,"medium_large-height":450,"large":"https:\/\/www.bullhorn.com\/fr\/wp-content\/uploads\/sites\/14\/2021\/09\/FR_ONB_5_ATS_V1.png","large-width":600,"large-height":450,"1536x1536":"https:\/\/www.bullhorn.com\/fr\/wp-content\/uploads\/sites\/14\/2021\/09\/FR_ONB_5_ATS_V1.png","1536x1536-width":600,"1536x1536-height":450,"2048x2048":"https:\/\/www.bullhorn.com\/fr\/wp-content\/uploads\/sites\/14\/2021\/09\/FR_ONB_5_ATS_V1.png","2048x2048-width":600,"2048x2048-height":450,"post-thumbnail":"https:\/\/www.bullhorn.com\/fr\/wp-content\/uploads\/sites\/14\/2021\/09\/FR_ONB_5_ATS_V1-300x300.png","post-thumbnail-width":300,"post-thumbnail-height":300,"small":"https:\/\/www.bullhorn.com\/fr\/wp-content\/uploads\/sites\/14\/2021\/09\/FR_ONB_5_ATS_V1-300x225.png","small-width":300,"small-height":225,"xlarge":"https:\/\/www.bullhorn.com\/fr\/wp-content\/uploads\/sites\/14\/2021\/09\/FR_ONB_5_ATS_V1.png","xlarge-width":600,"xlarge-height":450,"insight-of-the-week":"https:\/\/www.bullhorn.com\/fr\/wp-content\/uploads\/sites\/14\/2021\/09\/FR_ONB_5_ATS_V1.png","insight-of-the-week-width":503,"insight-of-the-week-height":377,"insight-icons":"https:\/\/www.bullhorn.com\/fr\/wp-content\/uploads\/sites\/14\/2021\/09\/FR_ONB_5_ATS_V1.png","insight-icons-width":83,"insight-icons-height":62,"insight-research-image":"https:\/\/www.bullhorn.com\/fr\/wp-content\/uploads\/sites\/14\/2021\/09\/FR_ONB_5_ATS_V1.png","insight-research-image-width":293,"insight-research-image-height":220,"insight-featured-articles-thumbnail":"https:\/\/www.bullhorn.com\/fr\/wp-content\/uploads\/sites\/14\/2021\/09\/FR_ONB_5_ATS_V1.png","insight-featured-articles-thumbnail-width":219,"insight-featured-articles-thumbnail-height":164,"insight-logo":"https:\/\/www.bullhorn.com\/fr\/wp-content\/uploads\/sites\/14\/2021\/09\/FR_ONB_5_ATS_V1.png","insight-logo-width":237,"insight-logo-height":178}},"image_video_url":""},{"sidebar_label":"Int\u00e9grations VMS","link_type":"default","section_type":"content-media","section_columns":false,"content":"<h2>Int\u00e9grations VMS<\/h2>\n<p>Chargez automatiquement les offres d&#8217;emplois directement dans l&#8217;ATS de Bullhorn et renvoyez toutes vos donn\u00e9es sur les candidats vers votre VMS. L&#8217;automatisation de ce processus permet aux recruteurs de commencer \u00e0 travailler sur leurs offres plus rapidement et d&#8217;\u00e9viter de perdre du temps sur des postes d\u00e9j\u00e0 pourvus, d&#8217;o\u00f9 un d\u00e9lai de soumission plus court et des taux d&#8217;embauche plus \u00e9lev\u00e9s.<\/p>\n","section_list_items":false,"image":{"ID":1603,"id":1603,"title":"FR_VMS_3_Integrations_V2","filename":"FR_VMS_3_Integrations_V2.jpg","filesize":22829,"url":"https:\/\/www.bullhorn.com\/fr\/wp-content\/uploads\/sites\/14\/2021\/09\/FR_VMS_3_Integrations_V2.jpg","link":"https:\/\/www.bullhorn.com\/fr\/professional-staffing\/fr_vms_3_integrations_v2\/","alt":"","author":"302","description":"","caption":"","name":"fr_vms_3_integrations_v2","status":"inherit","uploaded_to":1174,"date":"2021-09-14 20:05:15","modified":"2021-09-14 20:05:15","menu_order":0,"mime_type":"image\/jpeg","type":"image","subtype":"jpeg","icon":"https:\/\/www.bullhorn.com\/fr\/wp-includes\/images\/media\/default.png","width":600,"height":450,"sizes":{"thumbnail":"https:\/\/www.bullhorn.com\/fr\/wp-content\/uploads\/sites\/14\/2021\/09\/FR_VMS_3_Integrations_V2-150x150.jpg","thumbnail-width":150,"thumbnail-height":150,"medium":"https:\/\/www.bullhorn.com\/fr\/wp-content\/uploads\/sites\/14\/2021\/09\/FR_VMS_3_Integrations_V2-300x225.jpg","medium-width":300,"medium-height":225,"medium_large":"https:\/\/www.bullhorn.com\/fr\/wp-content\/uploads\/sites\/14\/2021\/09\/FR_VMS_3_Integrations_V2.jpg","medium_large-width":600,"medium_large-height":450,"large":"https:\/\/www.bullhorn.com\/fr\/wp-content\/uploads\/sites\/14\/2021\/09\/FR_VMS_3_Integrations_V2.jpg","large-width":600,"large-height":450,"1536x1536":"https:\/\/www.bullhorn.com\/fr\/wp-content\/uploads\/sites\/14\/2021\/09\/FR_VMS_3_Integrations_V2.jpg","1536x1536-width":600,"1536x1536-height":450,"2048x2048":"https:\/\/www.bullhorn.com\/fr\/wp-content\/uploads\/sites\/14\/2021\/09\/FR_VMS_3_Integrations_V2.jpg","2048x2048-width":600,"2048x2048-height":450,"post-thumbnail":"https:\/\/www.bullhorn.com\/fr\/wp-content\/uploads\/sites\/14\/2021\/09\/FR_VMS_3_Integrations_V2-300x300.jpg","post-thumbnail-width":300,"post-thumbnail-height":300,"small":"https:\/\/www.bullhorn.com\/fr\/wp-content\/uploads\/sites\/14\/2021\/09\/FR_VMS_3_Integrations_V2-300x225.jpg","small-width":300,"small-height":225,"xlarge":"https:\/\/www.bullhorn.com\/fr\/wp-content\/uploads\/sites\/14\/2021\/09\/FR_VMS_3_Integrations_V2.jpg","xlarge-width":600,"xlarge-height":450,"insight-of-the-week":"https:\/\/www.bullhorn.com\/fr\/wp-content\/uploads\/sites\/14\/2021\/09\/FR_VMS_3_Integrations_V2.jpg","insight-of-the-week-width":503,"insight-of-the-week-height":377,"insight-icons":"https:\/\/www.bullhorn.com\/fr\/wp-content\/uploads\/sites\/14\/2021\/09\/FR_VMS_3_Integrations_V2.jpg","insight-icons-width":83,"insight-icons-height":62,"insight-research-image":"https:\/\/www.bullhorn.com\/fr\/wp-content\/uploads\/sites\/14\/2021\/09\/FR_VMS_3_Integrations_V2.jpg","insight-research-image-width":293,"insight-research-image-height":220,"insight-featured-articles-thumbnail":"https:\/\/www.bullhorn.com\/fr\/wp-content\/uploads\/sites\/14\/2021\/09\/FR_VMS_3_Integrations_V2.jpg","insight-featured-articles-thumbnail-width":219,"insight-featured-articles-thumbnail-height":164,"insight-logo":"https:\/\/www.bullhorn.com\/fr\/wp-content\/uploads\/sites\/14\/2021\/09\/FR_VMS_3_Integrations_V2.jpg","insight-logo-width":237,"insight-logo-height":178}},"image_video_url":""}],"block_background":"block-bg-none","block_background_video_type":"url","block_background_video_url":"","block_background_video_file":false,"block_background_image":false,"block_background_overlay":false,"unique_id":"","block_option_custom_class":"","block_animate":true,"block_option_padding":[],"block_option_hide":[]},{"acf_fc_layout":"testimonials","background_shape":"shapes\/heart","background_shape_position":"left","parallax_fx":true,"transition_speed":"10","enable_autoplay":false,"autoplay_speed":3000,"testimonials":[1172],"block_background":"block-bg-none","block_background_video_type":"url","block_background_video_url":"","block_background_video_file":false,"block_background_image":false,"block_background_overlay":false,"unique_id":"","block_option_custom_class":"","block_option_padding":[],"block_option_hide":[]},{"acf_fc_layout":"global-block","block_group":1029}],"_links":{"self":[{"href":"https:\/\/www.bullhorn.com\/fr\/wp-json\/wp\/v2\/pages\/1167","targetHints":{"allow":["GET"]}}],"collection":[{"href":"https:\/\/www.bullhorn.com\/fr\/wp-json\/wp\/v2\/pages"}],"about":[{"href":"https:\/\/www.bullhorn.com\/fr\/wp-json\/wp\/v2\/types\/page"}],"author":[{"embeddable":true,"href":"https:\/\/www.bullhorn.com\/fr\/wp-json\/wp\/v2\/users\/302"}],"replies":[{"embeddable":true,"href":"https:\/\/www.bullhorn.com\/fr\/wp-json\/wp\/v2\/comments?post=1167"}],"version-history":[{"count":6,"href":"https:\/\/www.bullhorn.com\/fr\/wp-json\/wp\/v2\/pages\/1167\/revisions"}],"predecessor-version":[{"id":1712,"href":"https:\/\/www.bullhorn.com\/fr\/wp-json\/wp\/v2\/pages\/1167\/revisions\/1712"}],"wp:attachment":[{"href":"https:\/\/www.bullhorn.com\/fr\/wp-json\/wp\/v2\/media?parent=1167"}],"curies":[{"name":"wp","href":"https:\/\/api.w.org\/{rel}","templated":true}]}}