{"id":1181,"date":"2021-08-23T14:14:58","date_gmt":"2021-08-23T14:14:58","guid":{"rendered":"https:\/\/www.bullhorn.com\/fr\/?page_id=1181"},"modified":"2021-09-20T15:22:17","modified_gmt":"2021-09-20T15:22:17","slug":"nonprofits","status":"publish","type":"page","link":"https:\/\/www.bullhorn.com\/fr\/nonprofits\/","title":{"rendered":"Nonprofits"},"content":{"rendered":"","protected":false},"excerpt":{"rendered":"","protected":false},"author":302,"featured_media":0,"parent":0,"menu_order":0,"comment_status":"closed","ping_status":"closed","template":"","meta":{"_acf_changed":false,"om_disable_all_campaigns":false},"class_list":["post-1181","page","type-page","status-publish","hentry"],"acf":[],"yoast_head":"<!-- This site is optimized with the Yoast SEO plugin v27.2 - https:\/\/yoast.com\/product\/yoast-seo-wordpress\/ -->\n<title>Nonprofits - Bullhorn FR<\/title>\n<meta name=\"description\" content=\"As a part of Bullhorn&#039;s culture of service and commitment to giving back to the community, we are dedicated to offering discounts to nonprofit organizations.\" \/>\n<meta name=\"robots\" content=\"index, follow, max-snippet:-1, max-image-preview:large, max-video-preview:-1\" \/>\n<link rel=\"canonical\" href=\"https:\/\/www.bullhorn.com\/fr\/nonprofits\/\" \/>\n<meta property=\"og:locale\" content=\"en_US\" \/>\n<meta property=\"og:type\" content=\"article\" \/>\n<meta property=\"og:title\" content=\"Nonprofits - Bullhorn FR\" \/>\n<meta property=\"og:description\" content=\"As a part of Bullhorn&#039;s culture of service and commitment to giving back to the community, we are dedicated to offering discounts to nonprofit organizations.\" \/>\n<meta property=\"og:url\" content=\"https:\/\/www.bullhorn.com\/fr\/nonprofits\/\" \/>\n<meta property=\"og:site_name\" content=\"Bullhorn FR\" \/>\n<meta property=\"article:publisher\" content=\"https:\/\/www.facebook.com\/Bullhorn\/\" \/>\n<meta property=\"article:modified_time\" content=\"2021-09-20T15:22:17+00:00\" \/>\n<meta name=\"twitter:card\" content=\"summary_large_image\" \/>\n<meta name=\"twitter:site\" content=\"@Bullhorn\" \/>\n<script type=\"application\/ld+json\" class=\"yoast-schema-graph\">{\"@context\":\"https:\/\/schema.org\",\"@graph\":[{\"@type\":\"WebPage\",\"@id\":\"https:\/\/www.bullhorn.com\/fr\/nonprofits\/\",\"url\":\"https:\/\/www.bullhorn.com\/fr\/nonprofits\/\",\"name\":\"Nonprofits - Bullhorn FR\",\"isPartOf\":{\"@id\":\"https:\/\/www.bullhorn.com\/fr\/#website\"},\"datePublished\":\"2021-08-23T14:14:58+00:00\",\"dateModified\":\"2021-09-20T15:22:17+00:00\",\"description\":\"As a part of Bullhorn's culture of service and commitment to giving back to the community, we are dedicated to offering discounts to nonprofit organizations.\",\"breadcrumb\":{\"@id\":\"https:\/\/www.bullhorn.com\/fr\/nonprofits\/#breadcrumb\"},\"inLanguage\":\"en-US\",\"potentialAction\":[{\"@type\":\"ReadAction\",\"target\":[\"https:\/\/www.bullhorn.com\/fr\/nonprofits\/\"]}]},{\"@type\":\"BreadcrumbList\",\"@id\":\"https:\/\/www.bullhorn.com\/fr\/nonprofits\/#breadcrumb\",\"itemListElement\":[{\"@type\":\"ListItem\",\"position\":1,\"name\":\"Home\",\"item\":\"https:\/\/www.bullhorn.com\/fr\/\"},{\"@type\":\"ListItem\",\"position\":2,\"name\":\"Nonprofits\"}]},{\"@type\":\"WebSite\",\"@id\":\"https:\/\/www.bullhorn.com\/fr\/#website\",\"url\":\"https:\/\/www.bullhorn.com\/fr\/\",\"name\":\"Bullhorn FR\",\"description\":\"\",\"publisher\":{\"@id\":\"https:\/\/www.bullhorn.com\/fr\/#organization\"},\"potentialAction\":[{\"@type\":\"SearchAction\",\"target\":{\"@type\":\"EntryPoint\",\"urlTemplate\":\"https:\/\/www.bullhorn.com\/fr\/?s={search_term_string}\"},\"query-input\":{\"@type\":\"PropertyValueSpecification\",\"valueRequired\":true,\"valueName\":\"search_term_string\"}}],\"inLanguage\":\"en-US\"},{\"@type\":\"Organization\",\"@id\":\"https:\/\/www.bullhorn.com\/fr\/#organization\",\"name\":\"Bullhorn\",\"url\":\"https:\/\/www.bullhorn.com\/fr\/\",\"logo\":{\"@type\":\"ImageObject\",\"inLanguage\":\"en-US\",\"@id\":\"https:\/\/www.bullhorn.com\/fr\/#\/schema\/logo\/image\/\",\"url\":\"https:\/\/www.bullhorn.com\/fr\/wp-content\/uploads\/sites\/14\/2021\/09\/og-img.png\",\"contentUrl\":\"https:\/\/www.bullhorn.com\/fr\/wp-content\/uploads\/sites\/14\/2021\/09\/og-img.png\",\"width\":1200,\"height\":628,\"caption\":\"Bullhorn\"},\"image\":{\"@id\":\"https:\/\/www.bullhorn.com\/fr\/#\/schema\/logo\/image\/\"},\"sameAs\":[\"https:\/\/www.facebook.com\/Bullhorn\/\",\"https:\/\/x.com\/Bullhorn\",\"https:\/\/www.instagram.com\/lifeatbullhorn\/?hl=fr\",\"https:\/\/www.linkedin.com\/company\/bullhorn\",\"https:\/\/www.youtube.com\/channel\/UC-Rgm5YxtoxsvlCHy6KW3Ug\",\"https:\/\/en.wikipedia.org\/wiki\/Bullhorn,_Inc.\"]}]}<\/script>\n<!-- \/ Yoast SEO plugin. -->","yoast_head_json":{"title":"Nonprofits - Bullhorn FR","description":"As a part of Bullhorn's culture of service and commitment to giving back to the community, we are dedicated to offering discounts to nonprofit organizations.","robots":{"index":"index","follow":"follow","max-snippet":"max-snippet:-1","max-image-preview":"max-image-preview:large","max-video-preview":"max-video-preview:-1"},"canonical":"https:\/\/www.bullhorn.com\/fr\/nonprofits\/","og_locale":"en_US","og_type":"article","og_title":"Nonprofits - Bullhorn FR","og_description":"As a part of Bullhorn's culture of service and commitment to giving back to the community, we are dedicated to offering discounts to nonprofit organizations.","og_url":"https:\/\/www.bullhorn.com\/fr\/nonprofits\/","og_site_name":"Bullhorn FR","article_publisher":"https:\/\/www.facebook.com\/Bullhorn\/","article_modified_time":"2021-09-20T15:22:17+00:00","twitter_card":"summary_large_image","twitter_site":"@Bullhorn","schema":{"@context":"https:\/\/schema.org","@graph":[{"@type":"WebPage","@id":"https:\/\/www.bullhorn.com\/fr\/nonprofits\/","url":"https:\/\/www.bullhorn.com\/fr\/nonprofits\/","name":"Nonprofits - Bullhorn FR","isPartOf":{"@id":"https:\/\/www.bullhorn.com\/fr\/#website"},"datePublished":"2021-08-23T14:14:58+00:00","dateModified":"2021-09-20T15:22:17+00:00","description":"As a part of Bullhorn's culture of service and commitment to giving back to the community, we are dedicated to offering discounts to nonprofit organizations.","breadcrumb":{"@id":"https:\/\/www.bullhorn.com\/fr\/nonprofits\/#breadcrumb"},"inLanguage":"en-US","potentialAction":[{"@type":"ReadAction","target":["https:\/\/www.bullhorn.com\/fr\/nonprofits\/"]}]},{"@type":"BreadcrumbList","@id":"https:\/\/www.bullhorn.com\/fr\/nonprofits\/#breadcrumb","itemListElement":[{"@type":"ListItem","position":1,"name":"Home","item":"https:\/\/www.bullhorn.com\/fr\/"},{"@type":"ListItem","position":2,"name":"Nonprofits"}]},{"@type":"WebSite","@id":"https:\/\/www.bullhorn.com\/fr\/#website","url":"https:\/\/www.bullhorn.com\/fr\/","name":"Bullhorn FR","description":"","publisher":{"@id":"https:\/\/www.bullhorn.com\/fr\/#organization"},"potentialAction":[{"@type":"SearchAction","target":{"@type":"EntryPoint","urlTemplate":"https:\/\/www.bullhorn.com\/fr\/?s={search_term_string}"},"query-input":{"@type":"PropertyValueSpecification","valueRequired":true,"valueName":"search_term_string"}}],"inLanguage":"en-US"},{"@type":"Organization","@id":"https:\/\/www.bullhorn.com\/fr\/#organization","name":"Bullhorn","url":"https:\/\/www.bullhorn.com\/fr\/","logo":{"@type":"ImageObject","inLanguage":"en-US","@id":"https:\/\/www.bullhorn.com\/fr\/#\/schema\/logo\/image\/","url":"https:\/\/www.bullhorn.com\/fr\/wp-content\/uploads\/sites\/14\/2021\/09\/og-img.png","contentUrl":"https:\/\/www.bullhorn.com\/fr\/wp-content\/uploads\/sites\/14\/2021\/09\/og-img.png","width":1200,"height":628,"caption":"Bullhorn"},"image":{"@id":"https:\/\/www.bullhorn.com\/fr\/#\/schema\/logo\/image\/"},"sameAs":["https:\/\/www.facebook.com\/Bullhorn\/","https:\/\/x.com\/Bullhorn","https:\/\/www.instagram.com\/lifeatbullhorn\/?hl=fr","https:\/\/www.linkedin.com\/company\/bullhorn","https:\/\/www.youtube.com\/channel\/UC-Rgm5YxtoxsvlCHy6KW3Ug","https:\/\/en.wikipedia.org\/wiki\/Bullhorn,_Inc."]}]}},"grav_blocks":[{"acf_fc_layout":"card-grid","block_title":"","block_aria":"","block_subtitle":"","background_shape":"","background_shape_position":"left","parallax_fx":false,"title_position":"top","cards_bg_color":"","cards_border":false,"cards_per_row":"4","cards":[{"icon":"icons\/globe-3","icon_color":"blue-dark","line_title_with_icon":false,"inline_title":"","content":"<h3>Faire une diff\u00e9rence<\/h3>\n<p>Bullhorn Impact, notre branche philanthrope g\u00e9r\u00e9e par nos employ\u00e9s, a rassembl\u00e9 plus de 500 000$ depuis sa cr\u00e9ation en 2006<\/p>\n"},{"icon":"icons\/heart-2","icon_color":"blue-dark","line_title_with_icon":false,"inline_title":"","content":"<h3>Pr\u00eater serment<\/h3>\n<p>En tant que membre de Pledge 1%, Bullhorn s&#8217;engage \u00e0 consacrer un pourcent de ses capitaux propres, du temps de ses employ\u00e9s, de son produit et\/ou b\u00e9n\u00e9fices au profit des communaut\u00e9s locales.<\/p>\n"},{"icon":"icons\/clock","icon_color":"blue-dark","line_title_with_icon":false,"inline_title":"","content":"<h3>Donner notre temps<\/h3>\n<p>Bullhorn fait don de pr\u00e8s d&#8217;un million de dollars chaque ann\u00e9e en esp\u00e8ces, en remises sur nos produits et en temps de b\u00e9n\u00e9volat des employ\u00e9s qui, chaque trimestre, ont l&#8217;opportunit\u00e9 de passer une journ\u00e9e dans leur communaut\u00e9 comme volontaires.<\/p>\n"}],"block_background":"block-bg-none","block_background_video_type":"url","block_background_video_url":"","block_background_video_file":false,"block_background_image":false,"block_background_overlay":false,"unique_id":"","block_option_custom_class":"","block_animate":true,"block_option_padding":[],"block_option_hide":[],"bg_lower_slant_color":""},{"acf_fc_layout":"content-media","media_type":"image","image":{"ID":1183,"id":1183,"title":"np-video","filename":"np-video.jpg","filesize":53501,"url":"https:\/\/www.bullhorn.com\/fr\/wp-content\/uploads\/sites\/14\/2021\/08\/np-video.jpg","link":"https:\/\/www.bullhorn.com\/fr\/nonprofits\/np-video\/","alt":"","author":"302","description":"","caption":"","name":"np-video","status":"inherit","uploaded_to":1181,"date":"2021-08-23 14:11:11","modified":"2021-08-23 14:11:11","menu_order":0,"mime_type":"image\/jpeg","type":"image","subtype":"jpeg","icon":"https:\/\/www.bullhorn.com\/fr\/wp-includes\/images\/media\/default.png","width":639,"height":361,"sizes":{"thumbnail":"https:\/\/www.bullhorn.com\/fr\/wp-content\/uploads\/sites\/14\/2021\/08\/np-video-150x150.jpg","thumbnail-width":150,"thumbnail-height":150,"medium":"https:\/\/www.bullhorn.com\/fr\/wp-content\/uploads\/sites\/14\/2021\/08\/np-video-300x169.jpg","medium-width":300,"medium-height":169,"medium_large":"https:\/\/www.bullhorn.com\/fr\/wp-content\/uploads\/sites\/14\/2021\/08\/np-video.jpg","medium_large-width":639,"medium_large-height":361,"large":"https:\/\/www.bullhorn.com\/fr\/wp-content\/uploads\/sites\/14\/2021\/08\/np-video.jpg","large-width":639,"large-height":361,"1536x1536":"https:\/\/www.bullhorn.com\/fr\/wp-content\/uploads\/sites\/14\/2021\/08\/np-video.jpg","1536x1536-width":639,"1536x1536-height":361,"2048x2048":"https:\/\/www.bullhorn.com\/fr\/wp-content\/uploads\/sites\/14\/2021\/08\/np-video.jpg","2048x2048-width":639,"2048x2048-height":361,"post-thumbnail":"https:\/\/www.bullhorn.com\/fr\/wp-content\/uploads\/sites\/14\/2021\/08\/np-video-300x300.jpg","post-thumbnail-width":300,"post-thumbnail-height":300,"small":"https:\/\/www.bullhorn.com\/fr\/wp-content\/uploads\/sites\/14\/2021\/08\/np-video-300x169.jpg","small-width":300,"small-height":169,"xlarge":"https:\/\/www.bullhorn.com\/fr\/wp-content\/uploads\/sites\/14\/2021\/08\/np-video.jpg","xlarge-width":639,"xlarge-height":361,"insight-of-the-week":"https:\/\/www.bullhorn.com\/fr\/wp-content\/uploads\/sites\/14\/2021\/08\/np-video.jpg","insight-of-the-week-width":567,"insight-of-the-week-height":320,"insight-icons":"https:\/\/www.bullhorn.com\/fr\/wp-content\/uploads\/sites\/14\/2021\/08\/np-video.jpg","insight-icons-width":83,"insight-icons-height":47,"insight-research-image":"https:\/\/www.bullhorn.com\/fr\/wp-content\/uploads\/sites\/14\/2021\/08\/np-video.jpg","insight-research-image-width":362,"insight-research-image-height":205,"insight-featured-articles-thumbnail":"https:\/\/www.bullhorn.com\/fr\/wp-content\/uploads\/sites\/14\/2021\/08\/np-video.jpg","insight-featured-articles-thumbnail-width":290,"insight-featured-articles-thumbnail-height":164,"insight-logo":"https:\/\/www.bullhorn.com\/fr\/wp-content\/uploads\/sites\/14\/2021\/08\/np-video.jpg","insight-logo-width":315,"insight-logo-height":178}},"video_url":"","embed_code":"","image_placement":"right","image_size":"6","image_box_shadow":false,"background_shape":"shapes\/heart","background_shape_position":"right","parallax_fx":true,"block_aria":"","link_type":"video","link_page":null,"link_url":"","link_file":false,"link_video":"https:\/\/bullhorn.wistia.com\/medias\/08aumd8i8v","link_aria":"","content":"<h2>D\u00e9termin\u00e9s \u00e0 tirer parti des opportunit\u00e9s inexploit\u00e9es<\/h2>\n<h4>Le talent est \u00e9quitablement r\u00e9parti. Les opportunit\u00e9s ne le sont pas.<\/h4>\n<p>Bullhorn s&#8217;associe \u00e0 Career Collaborative et YearUp pour offrir aux individus talentueux la possibilit\u00e9 de poursuivre une carri\u00e8re professionnelle.<\/p>\n<p><img loading=\"lazy\" decoding=\"async\" class=\"alignnone wp-image-75737\" src=\"https:\/\/www.bullhorn.com\/wp-content\/uploads\/2021\/07\/logo-career-collab.jpg\" alt=\"\" width=\"150\" height=\"104\" \/> <img loading=\"lazy\" decoding=\"async\" class=\"alignnone wp-image-75738\" src=\"https:\/\/www.bullhorn.com\/wp-content\/uploads\/2021\/07\/logo-year-up.jpg\" alt=\"\" width=\"150\" height=\"104\" \/><\/p>\n","block_background":"block-bg-none","block_background_video_type":"url","block_background_video_url":"","block_background_video_file":false,"block_background_image":false,"block_background_overlay":false,"unique_id":"","block_option_custom_class":"","block_animate":true,"block_option_padding":[],"block_option_hide":[]},{"acf_fc_layout":"columns","block_title":"","block_aria":"","block_subtitle":"","format":"","enable_box_shadow":false,"columns":[{"type":"wysiwyg","wysiwyg":"<h2>Lib\u00e9rer le potentiel des personnes<\/h2>\n<h4>Bullhorn s&#8217;engage \u00e0 proposer des r\u00e9ductions aux organisations \u00e0 but non-lucratif. C&#8217;est un \u00e9l\u00e9ment de notre culture du service. Remplissez le formulaire ci-dessous pour contacter notre \u00e9quipe de vente et en apprendre plus sur les r\u00e9ductions disponibles pour votre organisation.*<\/h4>\n<p><span style=\"font-size: 8pt;\">CONDITIONS G\u00c9N\u00c9RALES. Bullhorn propose des tarifs avantageux aux organisations non-imposables qualifi\u00e9es qui s&#8217;engagent dans un accord d&#8217;abonnement principal et une grille tarifaire (MSA &#8211; Master Subscription Agreement and Pricing Schedule) avec Bullhorn Enterprise Edition Services (les \u00ab services \u00bb), pour une dur\u00e9e de souscription minimum de douze (12) mois. Pour pouvoir b\u00e9n\u00e9ficier d&#8217;une remise pour organisations \u00e0 but non-lucratif, une organisation non-imposable doit : (a) \u00eatre un organisme de charit\u00e9 de type 501(c)(3) reconnu par l&#8217;IRS (Internal Revenue Service) si situ\u00e9 aux \u00c9tats-Unis ; (b) \u00eatre un organisme de charit\u00e9 reconnu par la loi du pays concern\u00e9 si situ\u00e9 hors des \u00c9tats-Unis ; (c) et pr\u00e9senter des documents actuels et valides prouvant l&#8217;exemption fiscale conform\u00e9ment aux lois applicables du pays de domiciliation. Bullhorn se r\u00e9serve le droit de suspendre ou d&#8217;interrompre les Services s&#8217;il apparait qu&#8217;un client ne remplit pas les conditions requises pour b\u00e9n\u00e9ficier du statut d&#8217;exon\u00e9ration fiscale. Les r\u00e9ductions ne sont disponibles que pour les nouveaux clients et n&#8217;engagent en rien Bullhorn \u00e0 r\u00e9duire ses tarifs de souscription pour les clients utilisant les Services dans le cadre d&#8217;un MSA existant. Bullhorn se r\u00e9serve le droit, \u00e0 sa seule discr\u00e9tion, \u00e0 tout moment et pour n&#8217;importe quelle raison ou sans raison, de modifier ou compl\u00e9ter ces conditions g\u00e9n\u00e9rales, de modifier ou d&#8217;interrompre l&#8217;offre de rabais et\/ou d&#8217;accorder ou de refuser la demande d&#8217;une organisation de b\u00e9n\u00e9ficier du tarif r\u00e9duit.<\/span><\/p>\n","accordion_open_first_section":false,"accordion_multiple_open_sections":false,"accordion_items":false,"icon_list_items":false},{"type":"wysiwyg","wysiwyg":"<form id=\"mktoForm_2754\" data-marketo-form-id=\"2754\" data-status=\"\"><\/form>\n","accordion_open_first_section":false,"accordion_multiple_open_sections":false,"accordion_items":false,"icon_list_items":false}],"block_background":"bg-blue","block_background_video_type":"url","block_background_video_url":"","block_background_video_file":false,"block_background_image":false,"block_background_overlay":false,"unique_id":"","block_option_custom_class":"","block_animate":false,"block_option_padding":[],"block_option_hide":[],"bg_lower_slant_color":""}],"_links":{"self":[{"href":"https:\/\/www.bullhorn.com\/fr\/wp-json\/wp\/v2\/pages\/1181","targetHints":{"allow":["GET"]}}],"collection":[{"href":"https:\/\/www.bullhorn.com\/fr\/wp-json\/wp\/v2\/pages"}],"about":[{"href":"https:\/\/www.bullhorn.com\/fr\/wp-json\/wp\/v2\/types\/page"}],"author":[{"embeddable":true,"href":"https:\/\/www.bullhorn.com\/fr\/wp-json\/wp\/v2\/users\/302"}],"replies":[{"embeddable":true,"href":"https:\/\/www.bullhorn.com\/fr\/wp-json\/wp\/v2\/comments?post=1181"}],"version-history":[{"count":2,"href":"https:\/\/www.bullhorn.com\/fr\/wp-json\/wp\/v2\/pages\/1181\/revisions"}],"predecessor-version":[{"id":1660,"href":"https:\/\/www.bullhorn.com\/fr\/wp-json\/wp\/v2\/pages\/1181\/revisions\/1660"}],"wp:attachment":[{"href":"https:\/\/www.bullhorn.com\/fr\/wp-json\/wp\/v2\/media?parent=1181"}],"curies":[{"name":"wp","href":"https:\/\/api.w.org\/{rel}","templated":true}]}}