{"id":1281,"date":"2021-08-31T20:03:58","date_gmt":"2021-08-31T20:03:58","guid":{"rendered":"https:\/\/www.bullhorn.com\/fr\/?page_id=1281"},"modified":"2021-09-30T21:21:09","modified_gmt":"2021-09-30T21:21:09","slug":"ad-hoc-reporting","status":"publish","type":"page","link":"https:\/\/www.bullhorn.com\/fr\/produits\/ad-hoc-reporting\/","title":{"rendered":"Reporting ad hoc"},"content":{"rendered":"","protected":false},"excerpt":{"rendered":"","protected":false},"author":302,"featured_media":0,"parent":1185,"menu_order":0,"comment_status":"closed","ping_status":"closed","template":"","meta":{"_acf_changed":false,"om_disable_all_campaigns":false},"class_list":["post-1281","page","type-page","status-publish","hentry"],"acf":[],"yoast_head":"<!-- This site is optimized with the Yoast SEO plugin v27.2 - https:\/\/yoast.com\/product\/yoast-seo-wordpress\/ -->\n<title>Reporting ad hoc - Bullhorn FR<\/title>\n<meta name=\"description\" content=\"Unlock the insights hidden in your data and build any report imaginable with Bullhorn Canvas, a powerful recruitment analytics tool for staffing businesses.\" \/>\n<meta name=\"robots\" content=\"index, follow, max-snippet:-1, max-image-preview:large, max-video-preview:-1\" \/>\n<link rel=\"canonical\" href=\"https:\/\/www.bullhorn.com\/fr\/produits\/ad-hoc-reporting\/\" \/>\n<meta property=\"og:locale\" content=\"en_US\" \/>\n<meta property=\"og:type\" content=\"article\" \/>\n<meta property=\"og:title\" content=\"Reporting ad hoc - Bullhorn FR\" \/>\n<meta property=\"og:description\" content=\"Unlock the insights hidden in your data and build any report imaginable with Bullhorn Canvas, a powerful recruitment analytics tool for staffing businesses.\" \/>\n<meta property=\"og:url\" content=\"https:\/\/www.bullhorn.com\/fr\/produits\/ad-hoc-reporting\/\" \/>\n<meta property=\"og:site_name\" content=\"Bullhorn FR\" \/>\n<meta property=\"article:publisher\" content=\"https:\/\/www.facebook.com\/Bullhorn\/\" \/>\n<meta property=\"article:modified_time\" content=\"2021-09-30T21:21:09+00:00\" \/>\n<meta name=\"twitter:card\" content=\"summary_large_image\" \/>\n<meta name=\"twitter:site\" content=\"@Bullhorn\" \/>\n<script type=\"application\/ld+json\" class=\"yoast-schema-graph\">{\"@context\":\"https:\/\/schema.org\",\"@graph\":[{\"@type\":\"WebPage\",\"@id\":\"https:\/\/www.bullhorn.com\/fr\/produits\/ad-hoc-reporting\/\",\"url\":\"https:\/\/www.bullhorn.com\/fr\/produits\/ad-hoc-reporting\/\",\"name\":\"Reporting ad hoc - Bullhorn FR\",\"isPartOf\":{\"@id\":\"https:\/\/www.bullhorn.com\/fr\/#website\"},\"datePublished\":\"2021-08-31T20:03:58+00:00\",\"dateModified\":\"2021-09-30T21:21:09+00:00\",\"description\":\"Unlock the insights hidden in your data and build any report imaginable with Bullhorn Canvas, a powerful recruitment analytics tool for staffing businesses.\",\"breadcrumb\":{\"@id\":\"https:\/\/www.bullhorn.com\/fr\/produits\/ad-hoc-reporting\/#breadcrumb\"},\"inLanguage\":\"en-US\",\"potentialAction\":[{\"@type\":\"ReadAction\",\"target\":[\"https:\/\/www.bullhorn.com\/fr\/produits\/ad-hoc-reporting\/\"]}]},{\"@type\":\"BreadcrumbList\",\"@id\":\"https:\/\/www.bullhorn.com\/fr\/produits\/ad-hoc-reporting\/#breadcrumb\",\"itemListElement\":[{\"@type\":\"ListItem\",\"position\":1,\"name\":\"Home\",\"item\":\"https:\/\/www.bullhorn.com\/fr\/\"},{\"@type\":\"ListItem\",\"position\":2,\"name\":\"Products\",\"item\":\"https:\/\/www.bullhorn.com\/fr\/produits\/\"},{\"@type\":\"ListItem\",\"position\":3,\"name\":\"Reporting ad hoc\"}]},{\"@type\":\"WebSite\",\"@id\":\"https:\/\/www.bullhorn.com\/fr\/#website\",\"url\":\"https:\/\/www.bullhorn.com\/fr\/\",\"name\":\"Bullhorn FR\",\"description\":\"\",\"publisher\":{\"@id\":\"https:\/\/www.bullhorn.com\/fr\/#organization\"},\"potentialAction\":[{\"@type\":\"SearchAction\",\"target\":{\"@type\":\"EntryPoint\",\"urlTemplate\":\"https:\/\/www.bullhorn.com\/fr\/?s={search_term_string}\"},\"query-input\":{\"@type\":\"PropertyValueSpecification\",\"valueRequired\":true,\"valueName\":\"search_term_string\"}}],\"inLanguage\":\"en-US\"},{\"@type\":\"Organization\",\"@id\":\"https:\/\/www.bullhorn.com\/fr\/#organization\",\"name\":\"Bullhorn\",\"url\":\"https:\/\/www.bullhorn.com\/fr\/\",\"logo\":{\"@type\":\"ImageObject\",\"inLanguage\":\"en-US\",\"@id\":\"https:\/\/www.bullhorn.com\/fr\/#\/schema\/logo\/image\/\",\"url\":\"https:\/\/www.bullhorn.com\/fr\/wp-content\/uploads\/sites\/14\/2021\/09\/og-img.png\",\"contentUrl\":\"https:\/\/www.bullhorn.com\/fr\/wp-content\/uploads\/sites\/14\/2021\/09\/og-img.png\",\"width\":1200,\"height\":628,\"caption\":\"Bullhorn\"},\"image\":{\"@id\":\"https:\/\/www.bullhorn.com\/fr\/#\/schema\/logo\/image\/\"},\"sameAs\":[\"https:\/\/www.facebook.com\/Bullhorn\/\",\"https:\/\/x.com\/Bullhorn\",\"https:\/\/www.instagram.com\/lifeatbullhorn\/?hl=fr\",\"https:\/\/www.linkedin.com\/company\/bullhorn\",\"https:\/\/www.youtube.com\/channel\/UC-Rgm5YxtoxsvlCHy6KW3Ug\",\"https:\/\/en.wikipedia.org\/wiki\/Bullhorn,_Inc.\"]}]}<\/script>\n<!-- \/ Yoast SEO plugin. -->","yoast_head_json":{"title":"Reporting ad hoc - Bullhorn FR","description":"Unlock the insights hidden in your data and build any report imaginable with Bullhorn Canvas, a powerful recruitment analytics tool for staffing businesses.","robots":{"index":"index","follow":"follow","max-snippet":"max-snippet:-1","max-image-preview":"max-image-preview:large","max-video-preview":"max-video-preview:-1"},"canonical":"https:\/\/www.bullhorn.com\/fr\/produits\/ad-hoc-reporting\/","og_locale":"en_US","og_type":"article","og_title":"Reporting ad hoc - Bullhorn FR","og_description":"Unlock the insights hidden in your data and build any report imaginable with Bullhorn Canvas, a powerful recruitment analytics tool for staffing businesses.","og_url":"https:\/\/www.bullhorn.com\/fr\/produits\/ad-hoc-reporting\/","og_site_name":"Bullhorn FR","article_publisher":"https:\/\/www.facebook.com\/Bullhorn\/","article_modified_time":"2021-09-30T21:21:09+00:00","twitter_card":"summary_large_image","twitter_site":"@Bullhorn","schema":{"@context":"https:\/\/schema.org","@graph":[{"@type":"WebPage","@id":"https:\/\/www.bullhorn.com\/fr\/produits\/ad-hoc-reporting\/","url":"https:\/\/www.bullhorn.com\/fr\/produits\/ad-hoc-reporting\/","name":"Reporting ad hoc - Bullhorn FR","isPartOf":{"@id":"https:\/\/www.bullhorn.com\/fr\/#website"},"datePublished":"2021-08-31T20:03:58+00:00","dateModified":"2021-09-30T21:21:09+00:00","description":"Unlock the insights hidden in your data and build any report imaginable with Bullhorn Canvas, a powerful recruitment analytics tool for staffing businesses.","breadcrumb":{"@id":"https:\/\/www.bullhorn.com\/fr\/produits\/ad-hoc-reporting\/#breadcrumb"},"inLanguage":"en-US","potentialAction":[{"@type":"ReadAction","target":["https:\/\/www.bullhorn.com\/fr\/produits\/ad-hoc-reporting\/"]}]},{"@type":"BreadcrumbList","@id":"https:\/\/www.bullhorn.com\/fr\/produits\/ad-hoc-reporting\/#breadcrumb","itemListElement":[{"@type":"ListItem","position":1,"name":"Home","item":"https:\/\/www.bullhorn.com\/fr\/"},{"@type":"ListItem","position":2,"name":"Products","item":"https:\/\/www.bullhorn.com\/fr\/produits\/"},{"@type":"ListItem","position":3,"name":"Reporting ad hoc"}]},{"@type":"WebSite","@id":"https:\/\/www.bullhorn.com\/fr\/#website","url":"https:\/\/www.bullhorn.com\/fr\/","name":"Bullhorn FR","description":"","publisher":{"@id":"https:\/\/www.bullhorn.com\/fr\/#organization"},"potentialAction":[{"@type":"SearchAction","target":{"@type":"EntryPoint","urlTemplate":"https:\/\/www.bullhorn.com\/fr\/?s={search_term_string}"},"query-input":{"@type":"PropertyValueSpecification","valueRequired":true,"valueName":"search_term_string"}}],"inLanguage":"en-US"},{"@type":"Organization","@id":"https:\/\/www.bullhorn.com\/fr\/#organization","name":"Bullhorn","url":"https:\/\/www.bullhorn.com\/fr\/","logo":{"@type":"ImageObject","inLanguage":"en-US","@id":"https:\/\/www.bullhorn.com\/fr\/#\/schema\/logo\/image\/","url":"https:\/\/www.bullhorn.com\/fr\/wp-content\/uploads\/sites\/14\/2021\/09\/og-img.png","contentUrl":"https:\/\/www.bullhorn.com\/fr\/wp-content\/uploads\/sites\/14\/2021\/09\/og-img.png","width":1200,"height":628,"caption":"Bullhorn"},"image":{"@id":"https:\/\/www.bullhorn.com\/fr\/#\/schema\/logo\/image\/"},"sameAs":["https:\/\/www.facebook.com\/Bullhorn\/","https:\/\/x.com\/Bullhorn","https:\/\/www.instagram.com\/lifeatbullhorn\/?hl=fr","https:\/\/www.linkedin.com\/company\/bullhorn","https:\/\/www.youtube.com\/channel\/UC-Rgm5YxtoxsvlCHy6KW3Ug","https:\/\/en.wikipedia.org\/wiki\/Bullhorn,_Inc."]}]}},"grav_blocks":[{"acf_fc_layout":"card-grid","block_title":"","block_aria":"","block_subtitle":"","background_shape":"","background_shape_position":"left","parallax_fx":false,"title_position":"top","cards_bg_color":"","cards_border":false,"cards_per_row":"4","cards":[{"icon":"icons\/graph","icon_color":"blue-light","line_title_with_icon":false,"inline_title":"","content":"<h4>G\u00e9n\u00e9rez n&#8217;importe quel rapport imaginable<\/h4>\n<p>Avec Bullhorn Canvas, vous pouvez produire n&#8217;importe quel nombre de rapports, enti\u00e8rement adapt\u00e9s \u00e0 vos exigences op\u00e9rationnelles uniques.<\/p>\n"},{"icon":"icons\/binoculars","icon_color":"blue-light","line_title_with_icon":false,"inline_title":"","content":"<h4>Augmentez la visibilit\u00e9<\/h4>\n<p>Canvas vous permet de partager des rapports entre les \u00e9quipes, les bureaux et les r\u00e9gions, de sorte que l&#8217;ensemble de l&#8217;organisation ait acc\u00e8s aux informations op\u00e9rationnelles cruciales.<\/p>\n"},{"icon":"icons\/graph-2","icon_color":"blue-light","line_title_with_icon":false,"inline_title":"","content":"<h4>Produisez des r\u00e9sultats op\u00e9rationnels r\u00e9els, rapidement<\/h4>\n<p>Avec des donn\u00e9es d\u00e9bloqu\u00e9es, Bullhorn Canvas vous permet de d\u00e9couvrir de nouvelles informations sur vos grands comptes, afin de pouvoir prendre des d\u00e9cisions op\u00e9rationnelles plus inform\u00e9es et r\u00e9aliser des investissements op\u00e9rationnels plus avertis.<\/p>\n"}],"block_background":"block-bg-none","block_background_video_type":"url","block_background_video_url":"","block_background_video_file":false,"block_background_image":false,"block_background_overlay":false,"unique_id":"","block_option_custom_class":"","block_animate":true,"block_option_padding":[],"block_option_hide":[],"bg_lower_slant_color":""},{"acf_fc_layout":"sidebar-anchor","sidebar_title":"Caract\u00e9ristiques","sidebar_title_display_large":true,"sidebar_cta_button":{"link_type":"url","link_text":"Demandez une d\u00e9mo","link_page":null,"link_url":"#show-demo-modal","link_aria":""},"sections":[{"sidebar_label":"G\u00e9n\u00e9rez ou modifiez des exemples de rapports pr\u00e9d\u00e9finis","link_type":"default","section_type":"content-media","section_columns":false,"content":"<h2>G\u00e9n\u00e9rez ou modifiez des exemples de rapports pr\u00e9d\u00e9finis<\/h2>\n<p>Gr\u00e2ce \u00e0 Bullhorn Canvas, vous pouvez cr\u00e9er, g\u00e9n\u00e9rer ou modifier des exemples de rapports pour disposer des informations dont vous avez besoin, notamment :<\/p>\n<ul>\n<li>rapports d&#8217;activit\u00e9 du recruteur pour consulter les performances des employ\u00e9s d\u00e9taill\u00e9es par client<\/li>\n<li>\u00e9volutions des marges historiques pour r\u00e9v\u00e9ler des investissements sous-performants<\/li>\n<li>heatmaps des activit\u00e9s de vente pour le suivi des performances \u00e0 travers les r\u00e9gions<\/li>\n<\/ul>\n","section_list_items":false,"image":{"ID":1595,"id":1595,"title":"FR_RECR_4_Analytics_V1","filename":"FR_RECR_4_Analytics_V1.png","filesize":31343,"url":"https:\/\/www.bullhorn.com\/fr\/wp-content\/uploads\/sites\/14\/2021\/09\/FR_RECR_4_Analytics_V1.png","link":"https:\/\/www.bullhorn.com\/fr\/sales\/fr_recr_4_analytics_v1\/","alt":"","author":"302","description":"","caption":"","name":"fr_recr_4_analytics_v1","status":"inherit","uploaded_to":1127,"date":"2021-09-14 20:00:18","modified":"2021-09-14 20:00:18","menu_order":0,"mime_type":"image\/png","type":"image","subtype":"png","icon":"https:\/\/www.bullhorn.com\/fr\/wp-includes\/images\/media\/default.png","width":600,"height":450,"sizes":{"thumbnail":"https:\/\/www.bullhorn.com\/fr\/wp-content\/uploads\/sites\/14\/2021\/09\/FR_RECR_4_Analytics_V1-150x150.png","thumbnail-width":150,"thumbnail-height":150,"medium":"https:\/\/www.bullhorn.com\/fr\/wp-content\/uploads\/sites\/14\/2021\/09\/FR_RECR_4_Analytics_V1-300x225.png","medium-width":300,"medium-height":225,"medium_large":"https:\/\/www.bullhorn.com\/fr\/wp-content\/uploads\/sites\/14\/2021\/09\/FR_RECR_4_Analytics_V1.png","medium_large-width":600,"medium_large-height":450,"large":"https:\/\/www.bullhorn.com\/fr\/wp-content\/uploads\/sites\/14\/2021\/09\/FR_RECR_4_Analytics_V1.png","large-width":600,"large-height":450,"1536x1536":"https:\/\/www.bullhorn.com\/fr\/wp-content\/uploads\/sites\/14\/2021\/09\/FR_RECR_4_Analytics_V1.png","1536x1536-width":600,"1536x1536-height":450,"2048x2048":"https:\/\/www.bullhorn.com\/fr\/wp-content\/uploads\/sites\/14\/2021\/09\/FR_RECR_4_Analytics_V1.png","2048x2048-width":600,"2048x2048-height":450,"post-thumbnail":"https:\/\/www.bullhorn.com\/fr\/wp-content\/uploads\/sites\/14\/2021\/09\/FR_RECR_4_Analytics_V1-300x300.png","post-thumbnail-width":300,"post-thumbnail-height":300,"small":"https:\/\/www.bullhorn.com\/fr\/wp-content\/uploads\/sites\/14\/2021\/09\/FR_RECR_4_Analytics_V1-300x225.png","small-width":300,"small-height":225,"xlarge":"https:\/\/www.bullhorn.com\/fr\/wp-content\/uploads\/sites\/14\/2021\/09\/FR_RECR_4_Analytics_V1.png","xlarge-width":600,"xlarge-height":450,"insight-of-the-week":"https:\/\/www.bullhorn.com\/fr\/wp-content\/uploads\/sites\/14\/2021\/09\/FR_RECR_4_Analytics_V1.png","insight-of-the-week-width":503,"insight-of-the-week-height":377,"insight-icons":"https:\/\/www.bullhorn.com\/fr\/wp-content\/uploads\/sites\/14\/2021\/09\/FR_RECR_4_Analytics_V1.png","insight-icons-width":83,"insight-icons-height":62,"insight-research-image":"https:\/\/www.bullhorn.com\/fr\/wp-content\/uploads\/sites\/14\/2021\/09\/FR_RECR_4_Analytics_V1.png","insight-research-image-width":293,"insight-research-image-height":220,"insight-featured-articles-thumbnail":"https:\/\/www.bullhorn.com\/fr\/wp-content\/uploads\/sites\/14\/2021\/09\/FR_RECR_4_Analytics_V1.png","insight-featured-articles-thumbnail-width":219,"insight-featured-articles-thumbnail-height":164,"insight-logo":"https:\/\/www.bullhorn.com\/fr\/wp-content\/uploads\/sites\/14\/2021\/09\/FR_RECR_4_Analytics_V1.png","insight-logo-width":237,"insight-logo-height":178}},"image_video_url":""},{"sidebar_label":"Cr\u00e9ez des rapports personnalis\u00e9s","link_type":"default","section_type":"content-media","section_columns":false,"content":"<h2>Cr\u00e9ez des rapports personnalis\u00e9s<\/h2>\n<p>Bullhorn est dot\u00e9 de plusieurs rapports de meilleures pratiques de l&#8217;industrie pr\u00e9d\u00e9finis. Toutefois, votre entreprise se d\u00e9veloppant en taille et en complexit\u00e9, il en va de m\u00eame de la n\u00e9cessit\u00e9 de d\u00e9couvrir et d&#8217;analyser des indicateurs cl\u00e9s uniques \u00e0 la strat\u00e9gie et aux tactiques de votre entreprise. Bullhorn Canvas vous fournit les outils de recherche op\u00e9rationnels pour mettre en \u00e9vidence ces informations.<\/p>\n","section_list_items":false,"image":{"ID":1283,"id":1283,"title":"CAN_2_Modify_V3","filename":"CAN_2_Modify_V3.jpg","filesize":22819,"url":"https:\/\/www.bullhorn.com\/fr\/wp-content\/uploads\/sites\/14\/2021\/08\/CAN_2_Modify_V3.jpg","link":"https:\/\/www.bullhorn.com\/fr\/produits\/ad-hoc-reporting\/can_2_modify_v3\/","alt":"","author":"302","description":"","caption":"","name":"can_2_modify_v3","status":"inherit","uploaded_to":1281,"date":"2021-08-31 19:58:48","modified":"2021-08-31 19:58:48","menu_order":0,"mime_type":"image\/jpeg","type":"image","subtype":"jpeg","icon":"https:\/\/www.bullhorn.com\/fr\/wp-includes\/images\/media\/default.png","width":600,"height":450,"sizes":{"thumbnail":"https:\/\/www.bullhorn.com\/fr\/wp-content\/uploads\/sites\/14\/2021\/08\/CAN_2_Modify_V3-150x150.jpg","thumbnail-width":150,"thumbnail-height":150,"medium":"https:\/\/www.bullhorn.com\/fr\/wp-content\/uploads\/sites\/14\/2021\/08\/CAN_2_Modify_V3-300x225.jpg","medium-width":300,"medium-height":225,"medium_large":"https:\/\/www.bullhorn.com\/fr\/wp-content\/uploads\/sites\/14\/2021\/08\/CAN_2_Modify_V3.jpg","medium_large-width":600,"medium_large-height":450,"large":"https:\/\/www.bullhorn.com\/fr\/wp-content\/uploads\/sites\/14\/2021\/08\/CAN_2_Modify_V3.jpg","large-width":600,"large-height":450,"1536x1536":"https:\/\/www.bullhorn.com\/fr\/wp-content\/uploads\/sites\/14\/2021\/08\/CAN_2_Modify_V3.jpg","1536x1536-width":600,"1536x1536-height":450,"2048x2048":"https:\/\/www.bullhorn.com\/fr\/wp-content\/uploads\/sites\/14\/2021\/08\/CAN_2_Modify_V3.jpg","2048x2048-width":600,"2048x2048-height":450,"post-thumbnail":"https:\/\/www.bullhorn.com\/fr\/wp-content\/uploads\/sites\/14\/2021\/08\/CAN_2_Modify_V3-300x300.jpg","post-thumbnail-width":300,"post-thumbnail-height":300,"small":"https:\/\/www.bullhorn.com\/fr\/wp-content\/uploads\/sites\/14\/2021\/08\/CAN_2_Modify_V3-300x225.jpg","small-width":300,"small-height":225,"xlarge":"https:\/\/www.bullhorn.com\/fr\/wp-content\/uploads\/sites\/14\/2021\/08\/CAN_2_Modify_V3.jpg","xlarge-width":600,"xlarge-height":450,"insight-of-the-week":"https:\/\/www.bullhorn.com\/fr\/wp-content\/uploads\/sites\/14\/2021\/08\/CAN_2_Modify_V3.jpg","insight-of-the-week-width":503,"insight-of-the-week-height":377,"insight-icons":"https:\/\/www.bullhorn.com\/fr\/wp-content\/uploads\/sites\/14\/2021\/08\/CAN_2_Modify_V3.jpg","insight-icons-width":83,"insight-icons-height":62,"insight-research-image":"https:\/\/www.bullhorn.com\/fr\/wp-content\/uploads\/sites\/14\/2021\/08\/CAN_2_Modify_V3.jpg","insight-research-image-width":293,"insight-research-image-height":220,"insight-featured-articles-thumbnail":"https:\/\/www.bullhorn.com\/fr\/wp-content\/uploads\/sites\/14\/2021\/08\/CAN_2_Modify_V3.jpg","insight-featured-articles-thumbnail-width":219,"insight-featured-articles-thumbnail-height":164,"insight-logo":"https:\/\/www.bullhorn.com\/fr\/wp-content\/uploads\/sites\/14\/2021\/08\/CAN_2_Modify_V3.jpg","insight-logo-width":237,"insight-logo-height":178}},"image_video_url":""},{"sidebar_label":"Exportez les r\u00e9sultats et partagez","link_type":"default","section_type":"content-media","section_columns":false,"content":"<h2>Exportez les r\u00e9sultats et partagez<\/h2>\n<p>Exportez des r\u00e9sultats dans des formats Excel, CSV, ou PDF et partagez-les avec l&#8217;\u00e9quipe. Vous pouvez \u00e9galement planifier des rapports pour les envoyer automatiquement \u00e0 une cadence d\u00e9finie.<\/p>\n","section_list_items":false,"image":{"ID":1284,"id":1284,"title":"CAN_3_Schedule_V3","filename":"CAN_3_Schedule_V3.jpg","filesize":15612,"url":"https:\/\/www.bullhorn.com\/fr\/wp-content\/uploads\/sites\/14\/2021\/08\/CAN_3_Schedule_V3.jpg","link":"https:\/\/www.bullhorn.com\/fr\/produits\/ad-hoc-reporting\/can_3_schedule_v3\/","alt":"","author":"302","description":"","caption":"","name":"can_3_schedule_v3","status":"inherit","uploaded_to":1281,"date":"2021-08-31 19:58:49","modified":"2021-08-31 19:58:49","menu_order":0,"mime_type":"image\/jpeg","type":"image","subtype":"jpeg","icon":"https:\/\/www.bullhorn.com\/fr\/wp-includes\/images\/media\/default.png","width":600,"height":450,"sizes":{"thumbnail":"https:\/\/www.bullhorn.com\/fr\/wp-content\/uploads\/sites\/14\/2021\/08\/CAN_3_Schedule_V3-150x150.jpg","thumbnail-width":150,"thumbnail-height":150,"medium":"https:\/\/www.bullhorn.com\/fr\/wp-content\/uploads\/sites\/14\/2021\/08\/CAN_3_Schedule_V3-300x225.jpg","medium-width":300,"medium-height":225,"medium_large":"https:\/\/www.bullhorn.com\/fr\/wp-content\/uploads\/sites\/14\/2021\/08\/CAN_3_Schedule_V3.jpg","medium_large-width":600,"medium_large-height":450,"large":"https:\/\/www.bullhorn.com\/fr\/wp-content\/uploads\/sites\/14\/2021\/08\/CAN_3_Schedule_V3.jpg","large-width":600,"large-height":450,"1536x1536":"https:\/\/www.bullhorn.com\/fr\/wp-content\/uploads\/sites\/14\/2021\/08\/CAN_3_Schedule_V3.jpg","1536x1536-width":600,"1536x1536-height":450,"2048x2048":"https:\/\/www.bullhorn.com\/fr\/wp-content\/uploads\/sites\/14\/2021\/08\/CAN_3_Schedule_V3.jpg","2048x2048-width":600,"2048x2048-height":450,"post-thumbnail":"https:\/\/www.bullhorn.com\/fr\/wp-content\/uploads\/sites\/14\/2021\/08\/CAN_3_Schedule_V3-300x300.jpg","post-thumbnail-width":300,"post-thumbnail-height":300,"small":"https:\/\/www.bullhorn.com\/fr\/wp-content\/uploads\/sites\/14\/2021\/08\/CAN_3_Schedule_V3-300x225.jpg","small-width":300,"small-height":225,"xlarge":"https:\/\/www.bullhorn.com\/fr\/wp-content\/uploads\/sites\/14\/2021\/08\/CAN_3_Schedule_V3.jpg","xlarge-width":600,"xlarge-height":450,"insight-of-the-week":"https:\/\/www.bullhorn.com\/fr\/wp-content\/uploads\/sites\/14\/2021\/08\/CAN_3_Schedule_V3.jpg","insight-of-the-week-width":503,"insight-of-the-week-height":377,"insight-icons":"https:\/\/www.bullhorn.com\/fr\/wp-content\/uploads\/sites\/14\/2021\/08\/CAN_3_Schedule_V3.jpg","insight-icons-width":83,"insight-icons-height":62,"insight-research-image":"https:\/\/www.bullhorn.com\/fr\/wp-content\/uploads\/sites\/14\/2021\/08\/CAN_3_Schedule_V3.jpg","insight-research-image-width":293,"insight-research-image-height":220,"insight-featured-articles-thumbnail":"https:\/\/www.bullhorn.com\/fr\/wp-content\/uploads\/sites\/14\/2021\/08\/CAN_3_Schedule_V3.jpg","insight-featured-articles-thumbnail-width":219,"insight-featured-articles-thumbnail-height":164,"insight-logo":"https:\/\/www.bullhorn.com\/fr\/wp-content\/uploads\/sites\/14\/2021\/08\/CAN_3_Schedule_V3.jpg","insight-logo-width":237,"insight-logo-height":178}},"image_video_url":""}],"block_background":"block-bg-none","block_background_video_type":"url","block_background_video_url":"","block_background_video_file":false,"block_background_image":false,"block_background_overlay":false,"unique_id":"","block_option_custom_class":"","block_animate":true,"block_option_padding":[],"block_option_hide":[]},{"acf_fc_layout":"testimonials","background_shape":"","background_shape_position":"left","parallax_fx":false,"transition_speed":"10","enable_autoplay":false,"autoplay_speed":3000,"testimonials":[1286],"block_background":"block-bg-none","block_background_video_type":"url","block_background_video_url":"","block_background_video_file":false,"block_background_image":false,"block_background_overlay":false,"unique_id":"","block_option_custom_class":"","block_option_padding":[],"block_option_hide":[]},{"acf_fc_layout":"cta","mid_page_format":false,"condensed_format":false,"text":"Pr\u00eat \u00e0 commencer ?","subtext":"","block_aria":"","image":{"ID":1285,"id":1285,"title":"E_Footer_V1-2","filename":"E_Footer_V1-2.png","filesize":58434,"url":"https:\/\/www.bullhorn.com\/fr\/wp-content\/uploads\/sites\/14\/2021\/08\/E_Footer_V1-2.png","link":"https:\/\/www.bullhorn.com\/fr\/produits\/ad-hoc-reporting\/e_footer_v1-2\/","alt":"","author":"302","description":"","caption":"","name":"e_footer_v1-2","status":"inherit","uploaded_to":1281,"date":"2021-08-31 19:58:49","modified":"2021-08-31 19:58:49","menu_order":0,"mime_type":"image\/png","type":"image","subtype":"png","icon":"https:\/\/www.bullhorn.com\/fr\/wp-includes\/images\/media\/default.png","width":478,"height":504,"sizes":{"thumbnail":"https:\/\/www.bullhorn.com\/fr\/wp-content\/uploads\/sites\/14\/2021\/08\/E_Footer_V1-2-150x150.png","thumbnail-width":150,"thumbnail-height":150,"medium":"https:\/\/www.bullhorn.com\/fr\/wp-content\/uploads\/sites\/14\/2021\/08\/E_Footer_V1-2-285x300.png","medium-width":285,"medium-height":300,"medium_large":"https:\/\/www.bullhorn.com\/fr\/wp-content\/uploads\/sites\/14\/2021\/08\/E_Footer_V1-2.png","medium_large-width":478,"medium_large-height":504,"large":"https:\/\/www.bullhorn.com\/fr\/wp-content\/uploads\/sites\/14\/2021\/08\/E_Footer_V1-2.png","large-width":478,"large-height":504,"1536x1536":"https:\/\/www.bullhorn.com\/fr\/wp-content\/uploads\/sites\/14\/2021\/08\/E_Footer_V1-2.png","1536x1536-width":478,"1536x1536-height":504,"2048x2048":"https:\/\/www.bullhorn.com\/fr\/wp-content\/uploads\/sites\/14\/2021\/08\/E_Footer_V1-2.png","2048x2048-width":478,"2048x2048-height":504,"post-thumbnail":"https:\/\/www.bullhorn.com\/fr\/wp-content\/uploads\/sites\/14\/2021\/08\/E_Footer_V1-2-300x300.png","post-thumbnail-width":300,"post-thumbnail-height":300,"small":"https:\/\/www.bullhorn.com\/fr\/wp-content\/uploads\/sites\/14\/2021\/08\/E_Footer_V1-2-285x300.png","small-width":285,"small-height":300,"xlarge":"https:\/\/www.bullhorn.com\/fr\/wp-content\/uploads\/sites\/14\/2021\/08\/E_Footer_V1-2.png","xlarge-width":478,"xlarge-height":504,"insight-of-the-week":"https:\/\/www.bullhorn.com\/fr\/wp-content\/uploads\/sites\/14\/2021\/08\/E_Footer_V1-2.png","insight-of-the-week-width":358,"insight-of-the-week-height":377,"insight-icons":"https:\/\/www.bullhorn.com\/fr\/wp-content\/uploads\/sites\/14\/2021\/08\/E_Footer_V1-2.png","insight-icons-width":79,"insight-icons-height":83,"insight-research-image":"https:\/\/www.bullhorn.com\/fr\/wp-content\/uploads\/sites\/14\/2021\/08\/E_Footer_V1-2.png","insight-research-image-width":209,"insight-research-image-height":220,"insight-featured-articles-thumbnail":"https:\/\/www.bullhorn.com\/fr\/wp-content\/uploads\/sites\/14\/2021\/08\/E_Footer_V1-2.png","insight-featured-articles-thumbnail-width":156,"insight-featured-articles-thumbnail-height":164,"insight-logo":"https:\/\/www.bullhorn.com\/fr\/wp-content\/uploads\/sites\/14\/2021\/08\/E_Footer_V1-2.png","insight-logo-width":169,"insight-logo-height":178}},"enable_bg_shape":false,"image_shape":"masks\/arrow-right","action_type":"button","link_settings":{"link_type":"url","link_text":"Obtenez une d\u00e9mo en direct","link_page":null,"link_url":"#show-demo-modal","link_style":"button--orange","link_aria":""},"email_placeholder_text":"Enter Your Email Address","block_background":"bg-blue","block_background_video_type":"url","block_background_video_url":"","block_background_video_file":false,"block_background_image":false,"block_background_overlay":false,"unique_id":"","block_option_custom_class":"","block_animate":false,"block_option_padding":[],"block_option_hide":[],"bg_lower_slant_color":""}],"_links":{"self":[{"href":"https:\/\/www.bullhorn.com\/fr\/wp-json\/wp\/v2\/pages\/1281","targetHints":{"allow":["GET"]}}],"collection":[{"href":"https:\/\/www.bullhorn.com\/fr\/wp-json\/wp\/v2\/pages"}],"about":[{"href":"https:\/\/www.bullhorn.com\/fr\/wp-json\/wp\/v2\/types\/page"}],"author":[{"embeddable":true,"href":"https:\/\/www.bullhorn.com\/fr\/wp-json\/wp\/v2\/users\/302"}],"replies":[{"embeddable":true,"href":"https:\/\/www.bullhorn.com\/fr\/wp-json\/wp\/v2\/comments?post=1281"}],"version-history":[{"count":5,"href":"https:\/\/www.bullhorn.com\/fr\/wp-json\/wp\/v2\/pages\/1281\/revisions"}],"predecessor-version":[{"id":1742,"href":"https:\/\/www.bullhorn.com\/fr\/wp-json\/wp\/v2\/pages\/1281\/revisions\/1742"}],"up":[{"embeddable":true,"href":"https:\/\/www.bullhorn.com\/fr\/wp-json\/wp\/v2\/pages\/1185"}],"wp:attachment":[{"href":"https:\/\/www.bullhorn.com\/fr\/wp-json\/wp\/v2\/media?parent=1281"}],"curies":[{"name":"wp","href":"https:\/\/api.w.org\/{rel}","templated":true}]}}