{"id":1291,"date":"2021-08-31T20:12:29","date_gmt":"2021-08-31T20:12:29","guid":{"rendered":"https:\/\/www.bullhorn.com\/fr\/?page_id=1291"},"modified":"2021-09-30T21:21:40","modified_gmt":"2021-09-30T21:21:40","slug":"data-replication","status":"publish","type":"page","link":"https:\/\/www.bullhorn.com\/fr\/produits\/data-replication\/","title":{"rendered":"R\u00e9plication des donn\u00e9es"},"content":{"rendered":"","protected":false},"excerpt":{"rendered":"","protected":false},"author":302,"featured_media":0,"parent":1185,"menu_order":0,"comment_status":"closed","ping_status":"closed","template":"","meta":{"_acf_changed":false,"om_disable_all_campaigns":false},"class_list":["post-1291","page","type-page","status-publish","hentry"],"acf":[],"yoast_head":"<!-- This site is optimized with the Yoast SEO plugin v27.2 - https:\/\/yoast.com\/product\/yoast-seo-wordpress\/ -->\n<title>R\u00e9plication des donn\u00e9es - Bullhorn FR<\/title>\n<meta name=\"description\" content=\"With Bullhorn&#039;s Data Mirror, you can reliably replicate data outside of your ATS to allow for more advanced reporting and better business insights\" \/>\n<meta name=\"robots\" content=\"index, follow, max-snippet:-1, max-image-preview:large, max-video-preview:-1\" \/>\n<link rel=\"canonical\" href=\"https:\/\/www.bullhorn.com\/fr\/produits\/data-replication\/\" \/>\n<meta property=\"og:locale\" content=\"en_US\" \/>\n<meta property=\"og:type\" content=\"article\" \/>\n<meta property=\"og:title\" content=\"R\u00e9plication des donn\u00e9es - Bullhorn FR\" \/>\n<meta property=\"og:description\" content=\"With Bullhorn&#039;s Data Mirror, you can reliably replicate data outside of your ATS to allow for more advanced reporting and better business insights\" \/>\n<meta property=\"og:url\" content=\"https:\/\/www.bullhorn.com\/fr\/produits\/data-replication\/\" \/>\n<meta property=\"og:site_name\" content=\"Bullhorn FR\" \/>\n<meta property=\"article:publisher\" content=\"https:\/\/www.facebook.com\/Bullhorn\/\" \/>\n<meta property=\"article:modified_time\" content=\"2021-09-30T21:21:40+00:00\" \/>\n<meta name=\"twitter:card\" content=\"summary_large_image\" \/>\n<meta name=\"twitter:site\" content=\"@Bullhorn\" \/>\n<script type=\"application\/ld+json\" class=\"yoast-schema-graph\">{\"@context\":\"https:\/\/schema.org\",\"@graph\":[{\"@type\":\"WebPage\",\"@id\":\"https:\/\/www.bullhorn.com\/fr\/produits\/data-replication\/\",\"url\":\"https:\/\/www.bullhorn.com\/fr\/produits\/data-replication\/\",\"name\":\"R\u00e9plication des donn\u00e9es - Bullhorn FR\",\"isPartOf\":{\"@id\":\"https:\/\/www.bullhorn.com\/fr\/#website\"},\"datePublished\":\"2021-08-31T20:12:29+00:00\",\"dateModified\":\"2021-09-30T21:21:40+00:00\",\"description\":\"With Bullhorn's Data Mirror, you can reliably replicate data outside of your ATS to allow for more advanced reporting and better business insights\",\"breadcrumb\":{\"@id\":\"https:\/\/www.bullhorn.com\/fr\/produits\/data-replication\/#breadcrumb\"},\"inLanguage\":\"en-US\",\"potentialAction\":[{\"@type\":\"ReadAction\",\"target\":[\"https:\/\/www.bullhorn.com\/fr\/produits\/data-replication\/\"]}]},{\"@type\":\"BreadcrumbList\",\"@id\":\"https:\/\/www.bullhorn.com\/fr\/produits\/data-replication\/#breadcrumb\",\"itemListElement\":[{\"@type\":\"ListItem\",\"position\":1,\"name\":\"Home\",\"item\":\"https:\/\/www.bullhorn.com\/fr\/\"},{\"@type\":\"ListItem\",\"position\":2,\"name\":\"Products\",\"item\":\"https:\/\/www.bullhorn.com\/fr\/produits\/\"},{\"@type\":\"ListItem\",\"position\":3,\"name\":\"R\u00e9plication des donn\u00e9es\"}]},{\"@type\":\"WebSite\",\"@id\":\"https:\/\/www.bullhorn.com\/fr\/#website\",\"url\":\"https:\/\/www.bullhorn.com\/fr\/\",\"name\":\"Bullhorn FR\",\"description\":\"\",\"publisher\":{\"@id\":\"https:\/\/www.bullhorn.com\/fr\/#organization\"},\"potentialAction\":[{\"@type\":\"SearchAction\",\"target\":{\"@type\":\"EntryPoint\",\"urlTemplate\":\"https:\/\/www.bullhorn.com\/fr\/?s={search_term_string}\"},\"query-input\":{\"@type\":\"PropertyValueSpecification\",\"valueRequired\":true,\"valueName\":\"search_term_string\"}}],\"inLanguage\":\"en-US\"},{\"@type\":\"Organization\",\"@id\":\"https:\/\/www.bullhorn.com\/fr\/#organization\",\"name\":\"Bullhorn\",\"url\":\"https:\/\/www.bullhorn.com\/fr\/\",\"logo\":{\"@type\":\"ImageObject\",\"inLanguage\":\"en-US\",\"@id\":\"https:\/\/www.bullhorn.com\/fr\/#\/schema\/logo\/image\/\",\"url\":\"https:\/\/www.bullhorn.com\/fr\/wp-content\/uploads\/sites\/14\/2021\/09\/og-img.png\",\"contentUrl\":\"https:\/\/www.bullhorn.com\/fr\/wp-content\/uploads\/sites\/14\/2021\/09\/og-img.png\",\"width\":1200,\"height\":628,\"caption\":\"Bullhorn\"},\"image\":{\"@id\":\"https:\/\/www.bullhorn.com\/fr\/#\/schema\/logo\/image\/\"},\"sameAs\":[\"https:\/\/www.facebook.com\/Bullhorn\/\",\"https:\/\/x.com\/Bullhorn\",\"https:\/\/www.instagram.com\/lifeatbullhorn\/?hl=fr\",\"https:\/\/www.linkedin.com\/company\/bullhorn\",\"https:\/\/www.youtube.com\/channel\/UC-Rgm5YxtoxsvlCHy6KW3Ug\",\"https:\/\/en.wikipedia.org\/wiki\/Bullhorn,_Inc.\"]}]}<\/script>\n<!-- \/ Yoast SEO plugin. -->","yoast_head_json":{"title":"R\u00e9plication des donn\u00e9es - Bullhorn FR","description":"With Bullhorn's Data Mirror, you can reliably replicate data outside of your ATS to allow for more advanced reporting and better business insights","robots":{"index":"index","follow":"follow","max-snippet":"max-snippet:-1","max-image-preview":"max-image-preview:large","max-video-preview":"max-video-preview:-1"},"canonical":"https:\/\/www.bullhorn.com\/fr\/produits\/data-replication\/","og_locale":"en_US","og_type":"article","og_title":"R\u00e9plication des donn\u00e9es - Bullhorn FR","og_description":"With Bullhorn's Data Mirror, you can reliably replicate data outside of your ATS to allow for more advanced reporting and better business insights","og_url":"https:\/\/www.bullhorn.com\/fr\/produits\/data-replication\/","og_site_name":"Bullhorn FR","article_publisher":"https:\/\/www.facebook.com\/Bullhorn\/","article_modified_time":"2021-09-30T21:21:40+00:00","twitter_card":"summary_large_image","twitter_site":"@Bullhorn","schema":{"@context":"https:\/\/schema.org","@graph":[{"@type":"WebPage","@id":"https:\/\/www.bullhorn.com\/fr\/produits\/data-replication\/","url":"https:\/\/www.bullhorn.com\/fr\/produits\/data-replication\/","name":"R\u00e9plication des donn\u00e9es - Bullhorn FR","isPartOf":{"@id":"https:\/\/www.bullhorn.com\/fr\/#website"},"datePublished":"2021-08-31T20:12:29+00:00","dateModified":"2021-09-30T21:21:40+00:00","description":"With Bullhorn's Data Mirror, you can reliably replicate data outside of your ATS to allow for more advanced reporting and better business insights","breadcrumb":{"@id":"https:\/\/www.bullhorn.com\/fr\/produits\/data-replication\/#breadcrumb"},"inLanguage":"en-US","potentialAction":[{"@type":"ReadAction","target":["https:\/\/www.bullhorn.com\/fr\/produits\/data-replication\/"]}]},{"@type":"BreadcrumbList","@id":"https:\/\/www.bullhorn.com\/fr\/produits\/data-replication\/#breadcrumb","itemListElement":[{"@type":"ListItem","position":1,"name":"Home","item":"https:\/\/www.bullhorn.com\/fr\/"},{"@type":"ListItem","position":2,"name":"Products","item":"https:\/\/www.bullhorn.com\/fr\/produits\/"},{"@type":"ListItem","position":3,"name":"R\u00e9plication des donn\u00e9es"}]},{"@type":"WebSite","@id":"https:\/\/www.bullhorn.com\/fr\/#website","url":"https:\/\/www.bullhorn.com\/fr\/","name":"Bullhorn FR","description":"","publisher":{"@id":"https:\/\/www.bullhorn.com\/fr\/#organization"},"potentialAction":[{"@type":"SearchAction","target":{"@type":"EntryPoint","urlTemplate":"https:\/\/www.bullhorn.com\/fr\/?s={search_term_string}"},"query-input":{"@type":"PropertyValueSpecification","valueRequired":true,"valueName":"search_term_string"}}],"inLanguage":"en-US"},{"@type":"Organization","@id":"https:\/\/www.bullhorn.com\/fr\/#organization","name":"Bullhorn","url":"https:\/\/www.bullhorn.com\/fr\/","logo":{"@type":"ImageObject","inLanguage":"en-US","@id":"https:\/\/www.bullhorn.com\/fr\/#\/schema\/logo\/image\/","url":"https:\/\/www.bullhorn.com\/fr\/wp-content\/uploads\/sites\/14\/2021\/09\/og-img.png","contentUrl":"https:\/\/www.bullhorn.com\/fr\/wp-content\/uploads\/sites\/14\/2021\/09\/og-img.png","width":1200,"height":628,"caption":"Bullhorn"},"image":{"@id":"https:\/\/www.bullhorn.com\/fr\/#\/schema\/logo\/image\/"},"sameAs":["https:\/\/www.facebook.com\/Bullhorn\/","https:\/\/x.com\/Bullhorn","https:\/\/www.instagram.com\/lifeatbullhorn\/?hl=fr","https:\/\/www.linkedin.com\/company\/bullhorn","https:\/\/www.youtube.com\/channel\/UC-Rgm5YxtoxsvlCHy6KW3Ug","https:\/\/en.wikipedia.org\/wiki\/Bullhorn,_Inc."]}]}},"grav_blocks":[{"acf_fc_layout":"card-grid","block_title":"","block_aria":"","block_subtitle":"","background_shape":"","background_shape_position":"left","parallax_fx":false,"title_position":"top","cards_bg_color":"","cards_border":false,"cards_per_row":"4","cards":[{"icon":"icons\/cloud-check","icon_color":"blue-light","line_title_with_icon":false,"inline_title":"","content":"<h4>Assurez la fiabilit\u00e9<\/h4>\n<p>R\u00e9pliquez en toute s\u00e9curit\u00e9 les donn\u00e9es Bullhorn n&#8217;importe o\u00f9 vous le souhaitez<\/p>\n"},{"icon":"icons\/business-performance","icon_color":"blue-light","line_title_with_icon":false,"inline_title":"","content":"<h4>Creusez plus profond dans les performances commerciales<\/h4>\n<p>Normalisez, transformez ou combinez les donn\u00e9es Bullhorn avec n&#8217;importe quelle autre source de donn\u00e9es pour obtenir une vision holistique des performances commerciales<\/p>\n"},{"icon":"icons\/save","icon_color":"blue-light","line_title_with_icon":false,"inline_title":"","content":"<h4>\u00c9conomisez des investissements co\u00fbteux<\/h4>\n<p>\u00c9vitez des investissements initiaux on\u00e9reux et des fardeaux de maintenance \u00e0 long terme qui r\u00e9sultent g\u00e9n\u00e9ralement de solutions de r\u00e9plication de donn\u00e9es personnalis\u00e9es<\/p>\n"}],"block_background":"block-bg-none","block_background_video_type":"url","block_background_video_url":"","block_background_video_file":false,"block_background_image":false,"block_background_overlay":false,"unique_id":"","block_option_custom_class":"","block_animate":true,"block_option_padding":[],"block_option_hide":[],"bg_lower_slant_color":""},{"acf_fc_layout":"sidebar-anchor","sidebar_title":"Caract\u00e9ristiques","sidebar_title_display_large":true,"sidebar_cta_button":{"link_type":"url","link_text":"Demandez une d\u00e9mo","link_page":null,"link_url":"#show-demo-modal","link_aria":""},"sections":[{"sidebar_label":"Synchronisation en temps quasi r\u00e9el","link_type":"default","section_type":"content-media","section_columns":[{"column_content":""}],"content":"<h2>Synchronisation en temps quasi r\u00e9el<\/h2>\n<p>Avec Data Mirror de Bullhorn, vos donn\u00e9es peuvent se synchroniser constamment, m\u00eame en cas de panne ou d&#8217;incident. Cela fournit une r\u00e9plication et une fiabilit\u00e9 des donn\u00e9es de 100\u00a0%, quoi qu&#8217;il arrive dans votre entreprise.<\/p>\n","section_list_items":false,"image":{"ID":1642,"id":1642,"title":"FR_DR_1_Synchronization_V1","filename":"FR_DR_1_Synchronization_V1.png","filesize":42769,"url":"https:\/\/www.bullhorn.com\/fr\/wp-content\/uploads\/sites\/14\/2021\/09\/FR_DR_1_Synchronization_V1.png","link":"https:\/\/www.bullhorn.com\/fr\/produits\/data-replication\/fr_dr_1_synchronization_v1\/","alt":"","author":"302","description":"","caption":"","name":"fr_dr_1_synchronization_v1","status":"inherit","uploaded_to":1291,"date":"2021-09-14 20:29:40","modified":"2021-09-14 20:29:40","menu_order":0,"mime_type":"image\/png","type":"image","subtype":"png","icon":"https:\/\/www.bullhorn.com\/fr\/wp-includes\/images\/media\/default.png","width":600,"height":451,"sizes":{"thumbnail":"https:\/\/www.bullhorn.com\/fr\/wp-content\/uploads\/sites\/14\/2021\/09\/FR_DR_1_Synchronization_V1-150x150.png","thumbnail-width":150,"thumbnail-height":150,"medium":"https:\/\/www.bullhorn.com\/fr\/wp-content\/uploads\/sites\/14\/2021\/09\/FR_DR_1_Synchronization_V1-300x226.png","medium-width":300,"medium-height":226,"medium_large":"https:\/\/www.bullhorn.com\/fr\/wp-content\/uploads\/sites\/14\/2021\/09\/FR_DR_1_Synchronization_V1.png","medium_large-width":600,"medium_large-height":451,"large":"https:\/\/www.bullhorn.com\/fr\/wp-content\/uploads\/sites\/14\/2021\/09\/FR_DR_1_Synchronization_V1.png","large-width":600,"large-height":451,"1536x1536":"https:\/\/www.bullhorn.com\/fr\/wp-content\/uploads\/sites\/14\/2021\/09\/FR_DR_1_Synchronization_V1.png","1536x1536-width":600,"1536x1536-height":451,"2048x2048":"https:\/\/www.bullhorn.com\/fr\/wp-content\/uploads\/sites\/14\/2021\/09\/FR_DR_1_Synchronization_V1.png","2048x2048-width":600,"2048x2048-height":451,"post-thumbnail":"https:\/\/www.bullhorn.com\/fr\/wp-content\/uploads\/sites\/14\/2021\/09\/FR_DR_1_Synchronization_V1-300x300.png","post-thumbnail-width":300,"post-thumbnail-height":300,"small":"https:\/\/www.bullhorn.com\/fr\/wp-content\/uploads\/sites\/14\/2021\/09\/FR_DR_1_Synchronization_V1-300x226.png","small-width":300,"small-height":226,"xlarge":"https:\/\/www.bullhorn.com\/fr\/wp-content\/uploads\/sites\/14\/2021\/09\/FR_DR_1_Synchronization_V1.png","xlarge-width":600,"xlarge-height":451,"insight-of-the-week":"https:\/\/www.bullhorn.com\/fr\/wp-content\/uploads\/sites\/14\/2021\/09\/FR_DR_1_Synchronization_V1.png","insight-of-the-week-width":502,"insight-of-the-week-height":377,"insight-icons":"https:\/\/www.bullhorn.com\/fr\/wp-content\/uploads\/sites\/14\/2021\/09\/FR_DR_1_Synchronization_V1.png","insight-icons-width":83,"insight-icons-height":62,"insight-research-image":"https:\/\/www.bullhorn.com\/fr\/wp-content\/uploads\/sites\/14\/2021\/09\/FR_DR_1_Synchronization_V1.png","insight-research-image-width":293,"insight-research-image-height":220,"insight-featured-articles-thumbnail":"https:\/\/www.bullhorn.com\/fr\/wp-content\/uploads\/sites\/14\/2021\/09\/FR_DR_1_Synchronization_V1.png","insight-featured-articles-thumbnail-width":218,"insight-featured-articles-thumbnail-height":164,"insight-logo":"https:\/\/www.bullhorn.com\/fr\/wp-content\/uploads\/sites\/14\/2021\/09\/FR_DR_1_Synchronization_V1.png","insight-logo-width":237,"insight-logo-height":178}},"image_video_url":""},{"sidebar_label":"Pr\u00e9cision des donn\u00e9es","link_type":"default","section_type":"content-media","section_columns":false,"content":"<h2>Pr\u00e9cision des donn\u00e9es<\/h2>\n<p>Nous ex\u00e9cutons des comparaisons quotidiennes par rapport \u00e0 la base de donn\u00e9es de production pour d\u00e9tecter tout dossier manquant et resynchroniser automatiquement les dossiers manqu\u00e9s ou les mises \u00e0 jour critiques.<\/p>\n","section_list_items":false,"image":{"ID":1643,"id":1643,"title":"FR_DR_2_Accuracy_V1","filename":"FR_DR_2_Accuracy_V1.png","filesize":31748,"url":"https:\/\/www.bullhorn.com\/fr\/wp-content\/uploads\/sites\/14\/2021\/09\/FR_DR_2_Accuracy_V1.png","link":"https:\/\/www.bullhorn.com\/fr\/produits\/data-replication\/fr_dr_2_accuracy_v1\/","alt":"","author":"302","description":"","caption":"","name":"fr_dr_2_accuracy_v1","status":"inherit","uploaded_to":1291,"date":"2021-09-14 20:29:51","modified":"2021-09-14 20:29:51","menu_order":0,"mime_type":"image\/png","type":"image","subtype":"png","icon":"https:\/\/www.bullhorn.com\/fr\/wp-includes\/images\/media\/default.png","width":600,"height":451,"sizes":{"thumbnail":"https:\/\/www.bullhorn.com\/fr\/wp-content\/uploads\/sites\/14\/2021\/09\/FR_DR_2_Accuracy_V1-150x150.png","thumbnail-width":150,"thumbnail-height":150,"medium":"https:\/\/www.bullhorn.com\/fr\/wp-content\/uploads\/sites\/14\/2021\/09\/FR_DR_2_Accuracy_V1-300x226.png","medium-width":300,"medium-height":226,"medium_large":"https:\/\/www.bullhorn.com\/fr\/wp-content\/uploads\/sites\/14\/2021\/09\/FR_DR_2_Accuracy_V1.png","medium_large-width":600,"medium_large-height":451,"large":"https:\/\/www.bullhorn.com\/fr\/wp-content\/uploads\/sites\/14\/2021\/09\/FR_DR_2_Accuracy_V1.png","large-width":600,"large-height":451,"1536x1536":"https:\/\/www.bullhorn.com\/fr\/wp-content\/uploads\/sites\/14\/2021\/09\/FR_DR_2_Accuracy_V1.png","1536x1536-width":600,"1536x1536-height":451,"2048x2048":"https:\/\/www.bullhorn.com\/fr\/wp-content\/uploads\/sites\/14\/2021\/09\/FR_DR_2_Accuracy_V1.png","2048x2048-width":600,"2048x2048-height":451,"post-thumbnail":"https:\/\/www.bullhorn.com\/fr\/wp-content\/uploads\/sites\/14\/2021\/09\/FR_DR_2_Accuracy_V1-300x300.png","post-thumbnail-width":300,"post-thumbnail-height":300,"small":"https:\/\/www.bullhorn.com\/fr\/wp-content\/uploads\/sites\/14\/2021\/09\/FR_DR_2_Accuracy_V1-300x226.png","small-width":300,"small-height":226,"xlarge":"https:\/\/www.bullhorn.com\/fr\/wp-content\/uploads\/sites\/14\/2021\/09\/FR_DR_2_Accuracy_V1.png","xlarge-width":600,"xlarge-height":451,"insight-of-the-week":"https:\/\/www.bullhorn.com\/fr\/wp-content\/uploads\/sites\/14\/2021\/09\/FR_DR_2_Accuracy_V1.png","insight-of-the-week-width":502,"insight-of-the-week-height":377,"insight-icons":"https:\/\/www.bullhorn.com\/fr\/wp-content\/uploads\/sites\/14\/2021\/09\/FR_DR_2_Accuracy_V1.png","insight-icons-width":83,"insight-icons-height":62,"insight-research-image":"https:\/\/www.bullhorn.com\/fr\/wp-content\/uploads\/sites\/14\/2021\/09\/FR_DR_2_Accuracy_V1.png","insight-research-image-width":293,"insight-research-image-height":220,"insight-featured-articles-thumbnail":"https:\/\/www.bullhorn.com\/fr\/wp-content\/uploads\/sites\/14\/2021\/09\/FR_DR_2_Accuracy_V1.png","insight-featured-articles-thumbnail-width":218,"insight-featured-articles-thumbnail-height":164,"insight-logo":"https:\/\/www.bullhorn.com\/fr\/wp-content\/uploads\/sites\/14\/2021\/09\/FR_DR_2_Accuracy_V1.png","insight-logo-width":237,"insight-logo-height":178}},"image_video_url":""},{"sidebar_label":"Entreposage de donn\u00e9es","link_type":"default","section_type":"content-media","section_columns":false,"content":"<h2>Entreposage de donn\u00e9es<\/h2>\n<p>Combinez les donn\u00e9es Bullhorn aux donn\u00e9es d&#8217;autres sources priv\u00e9es et propri\u00e9taires, comme des syst\u00e8mes financiers, des applications de tiers et des outils de conformit\u00e9.<\/p>\n","section_list_items":false,"image":{"ID":1644,"id":1644,"title":"FR_DR_3_Warehousing_V1","filename":"FR_DR_3_Warehousing_V1.png","filesize":25926,"url":"https:\/\/www.bullhorn.com\/fr\/wp-content\/uploads\/sites\/14\/2021\/09\/FR_DR_3_Warehousing_V1.png","link":"https:\/\/www.bullhorn.com\/fr\/produits\/data-replication\/fr_dr_3_warehousing_v1\/","alt":"","author":"302","description":"","caption":"","name":"fr_dr_3_warehousing_v1","status":"inherit","uploaded_to":1291,"date":"2021-09-14 20:30:16","modified":"2021-09-14 20:30:16","menu_order":0,"mime_type":"image\/png","type":"image","subtype":"png","icon":"https:\/\/www.bullhorn.com\/fr\/wp-includes\/images\/media\/default.png","width":600,"height":451,"sizes":{"thumbnail":"https:\/\/www.bullhorn.com\/fr\/wp-content\/uploads\/sites\/14\/2021\/09\/FR_DR_3_Warehousing_V1-150x150.png","thumbnail-width":150,"thumbnail-height":150,"medium":"https:\/\/www.bullhorn.com\/fr\/wp-content\/uploads\/sites\/14\/2021\/09\/FR_DR_3_Warehousing_V1-300x226.png","medium-width":300,"medium-height":226,"medium_large":"https:\/\/www.bullhorn.com\/fr\/wp-content\/uploads\/sites\/14\/2021\/09\/FR_DR_3_Warehousing_V1.png","medium_large-width":600,"medium_large-height":451,"large":"https:\/\/www.bullhorn.com\/fr\/wp-content\/uploads\/sites\/14\/2021\/09\/FR_DR_3_Warehousing_V1.png","large-width":600,"large-height":451,"1536x1536":"https:\/\/www.bullhorn.com\/fr\/wp-content\/uploads\/sites\/14\/2021\/09\/FR_DR_3_Warehousing_V1.png","1536x1536-width":600,"1536x1536-height":451,"2048x2048":"https:\/\/www.bullhorn.com\/fr\/wp-content\/uploads\/sites\/14\/2021\/09\/FR_DR_3_Warehousing_V1.png","2048x2048-width":600,"2048x2048-height":451,"post-thumbnail":"https:\/\/www.bullhorn.com\/fr\/wp-content\/uploads\/sites\/14\/2021\/09\/FR_DR_3_Warehousing_V1-300x300.png","post-thumbnail-width":300,"post-thumbnail-height":300,"small":"https:\/\/www.bullhorn.com\/fr\/wp-content\/uploads\/sites\/14\/2021\/09\/FR_DR_3_Warehousing_V1-300x226.png","small-width":300,"small-height":226,"xlarge":"https:\/\/www.bullhorn.com\/fr\/wp-content\/uploads\/sites\/14\/2021\/09\/FR_DR_3_Warehousing_V1.png","xlarge-width":600,"xlarge-height":451,"insight-of-the-week":"https:\/\/www.bullhorn.com\/fr\/wp-content\/uploads\/sites\/14\/2021\/09\/FR_DR_3_Warehousing_V1.png","insight-of-the-week-width":502,"insight-of-the-week-height":377,"insight-icons":"https:\/\/www.bullhorn.com\/fr\/wp-content\/uploads\/sites\/14\/2021\/09\/FR_DR_3_Warehousing_V1.png","insight-icons-width":83,"insight-icons-height":62,"insight-research-image":"https:\/\/www.bullhorn.com\/fr\/wp-content\/uploads\/sites\/14\/2021\/09\/FR_DR_3_Warehousing_V1.png","insight-research-image-width":293,"insight-research-image-height":220,"insight-featured-articles-thumbnail":"https:\/\/www.bullhorn.com\/fr\/wp-content\/uploads\/sites\/14\/2021\/09\/FR_DR_3_Warehousing_V1.png","insight-featured-articles-thumbnail-width":218,"insight-featured-articles-thumbnail-height":164,"insight-logo":"https:\/\/www.bullhorn.com\/fr\/wp-content\/uploads\/sites\/14\/2021\/09\/FR_DR_3_Warehousing_V1.png","insight-logo-width":237,"insight-logo-height":178}},"image_video_url":""}],"block_background":"block-bg-none","block_background_video_type":"url","block_background_video_url":"","block_background_video_file":false,"block_background_image":false,"block_background_overlay":false,"unique_id":"","block_option_custom_class":"","block_animate":true,"block_option_padding":[],"block_option_hide":[]},{"acf_fc_layout":"cta","mid_page_format":true,"condensed_format":false,"text":"Pr\u00eat \u00e0 r\u00e9pliquer ?","subtext":"","block_aria":"","image":false,"enable_bg_shape":false,"image_shape":"","action_type":"button","link_settings":{"link_type":"url","link_text":"Demandez une d\u00e9mo","link_page":null,"link_url":"#show-demo-modal","link_style":"button--orange","link_aria":""},"email_placeholder_text":"Enter Your Email Address","block_background":"bg-blue","block_background_video_type":"url","block_background_video_url":"","block_background_video_file":false,"block_background_image":false,"block_background_overlay":false,"unique_id":"","block_option_custom_class":"","block_animate":false,"block_option_padding":[],"block_option_hide":[],"bg_lower_slant_color":""},{"acf_fc_layout":"cta","mid_page_format":false,"condensed_format":false,"text":"Pr\u00eat \u00e0 commencer ?","subtext":"","block_aria":"","image":{"ID":1296,"id":1296,"title":"F_Footer_V1-2","filename":"F_Footer_V1-2.png","filesize":55553,"url":"https:\/\/www.bullhorn.com\/fr\/wp-content\/uploads\/sites\/14\/2021\/08\/F_Footer_V1-2.png","link":"https:\/\/www.bullhorn.com\/fr\/produits\/data-replication\/f_footer_v1-2\/","alt":"","author":"302","description":"","caption":"","name":"f_footer_v1-2","status":"inherit","uploaded_to":1291,"date":"2021-08-31 20:09:03","modified":"2021-08-31 20:09:03","menu_order":0,"mime_type":"image\/png","type":"image","subtype":"png","icon":"https:\/\/www.bullhorn.com\/fr\/wp-includes\/images\/media\/default.png","width":478,"height":504,"sizes":{"thumbnail":"https:\/\/www.bullhorn.com\/fr\/wp-content\/uploads\/sites\/14\/2021\/08\/F_Footer_V1-2-150x150.png","thumbnail-width":150,"thumbnail-height":150,"medium":"https:\/\/www.bullhorn.com\/fr\/wp-content\/uploads\/sites\/14\/2021\/08\/F_Footer_V1-2-285x300.png","medium-width":285,"medium-height":300,"medium_large":"https:\/\/www.bullhorn.com\/fr\/wp-content\/uploads\/sites\/14\/2021\/08\/F_Footer_V1-2.png","medium_large-width":478,"medium_large-height":504,"large":"https:\/\/www.bullhorn.com\/fr\/wp-content\/uploads\/sites\/14\/2021\/08\/F_Footer_V1-2.png","large-width":478,"large-height":504,"1536x1536":"https:\/\/www.bullhorn.com\/fr\/wp-content\/uploads\/sites\/14\/2021\/08\/F_Footer_V1-2.png","1536x1536-width":478,"1536x1536-height":504,"2048x2048":"https:\/\/www.bullhorn.com\/fr\/wp-content\/uploads\/sites\/14\/2021\/08\/F_Footer_V1-2.png","2048x2048-width":478,"2048x2048-height":504,"post-thumbnail":"https:\/\/www.bullhorn.com\/fr\/wp-content\/uploads\/sites\/14\/2021\/08\/F_Footer_V1-2-300x300.png","post-thumbnail-width":300,"post-thumbnail-height":300,"small":"https:\/\/www.bullhorn.com\/fr\/wp-content\/uploads\/sites\/14\/2021\/08\/F_Footer_V1-2-285x300.png","small-width":285,"small-height":300,"xlarge":"https:\/\/www.bullhorn.com\/fr\/wp-content\/uploads\/sites\/14\/2021\/08\/F_Footer_V1-2.png","xlarge-width":478,"xlarge-height":504,"insight-of-the-week":"https:\/\/www.bullhorn.com\/fr\/wp-content\/uploads\/sites\/14\/2021\/08\/F_Footer_V1-2.png","insight-of-the-week-width":358,"insight-of-the-week-height":377,"insight-icons":"https:\/\/www.bullhorn.com\/fr\/wp-content\/uploads\/sites\/14\/2021\/08\/F_Footer_V1-2.png","insight-icons-width":79,"insight-icons-height":83,"insight-research-image":"https:\/\/www.bullhorn.com\/fr\/wp-content\/uploads\/sites\/14\/2021\/08\/F_Footer_V1-2.png","insight-research-image-width":209,"insight-research-image-height":220,"insight-featured-articles-thumbnail":"https:\/\/www.bullhorn.com\/fr\/wp-content\/uploads\/sites\/14\/2021\/08\/F_Footer_V1-2.png","insight-featured-articles-thumbnail-width":156,"insight-featured-articles-thumbnail-height":164,"insight-logo":"https:\/\/www.bullhorn.com\/fr\/wp-content\/uploads\/sites\/14\/2021\/08\/F_Footer_V1-2.png","insight-logo-width":169,"insight-logo-height":178}},"enable_bg_shape":false,"image_shape":"","action_type":"button","link_settings":{"link_type":"url","link_text":"Demandez une d\u00e9mo","link_page":null,"link_url":"#show-demo-modal","link_style":"button--orange","link_aria":""},"email_placeholder_text":"Enter Your Email Address","block_background":"bg-blue","block_background_video_type":"url","block_background_video_url":"","block_background_video_file":false,"block_background_image":false,"block_background_overlay":false,"unique_id":"","block_option_custom_class":"","block_animate":false,"block_option_padding":[],"block_option_hide":[],"bg_lower_slant_color":""}],"_links":{"self":[{"href":"https:\/\/www.bullhorn.com\/fr\/wp-json\/wp\/v2\/pages\/1291","targetHints":{"allow":["GET"]}}],"collection":[{"href":"https:\/\/www.bullhorn.com\/fr\/wp-json\/wp\/v2\/pages"}],"about":[{"href":"https:\/\/www.bullhorn.com\/fr\/wp-json\/wp\/v2\/types\/page"}],"author":[{"embeddable":true,"href":"https:\/\/www.bullhorn.com\/fr\/wp-json\/wp\/v2\/users\/302"}],"replies":[{"embeddable":true,"href":"https:\/\/www.bullhorn.com\/fr\/wp-json\/wp\/v2\/comments?post=1291"}],"version-history":[{"count":7,"href":"https:\/\/www.bullhorn.com\/fr\/wp-json\/wp\/v2\/pages\/1291\/revisions"}],"predecessor-version":[{"id":1743,"href":"https:\/\/www.bullhorn.com\/fr\/wp-json\/wp\/v2\/pages\/1291\/revisions\/1743"}],"up":[{"embeddable":true,"href":"https:\/\/www.bullhorn.com\/fr\/wp-json\/wp\/v2\/pages\/1185"}],"wp:attachment":[{"href":"https:\/\/www.bullhorn.com\/fr\/wp-json\/wp\/v2\/media?parent=1291"}],"curies":[{"name":"wp","href":"https:\/\/api.w.org\/{rel}","templated":true}]}}