{"id":1409,"date":"2021-08-31T20:54:07","date_gmt":"2021-08-31T20:54:07","guid":{"rendered":"https:\/\/www.bullhorn.com\/fr\/?page_id=1409"},"modified":"2025-03-05T22:42:45","modified_gmt":"2025-03-05T22:42:45","slug":"intro-to-marketplace","status":"publish","type":"page","link":"https:\/\/www.bullhorn.com\/fr\/intro-to-marketplace\/","title":{"rendered":"Qu&#8217;est-ce que Bullhorn Marketplace ?"},"content":{"rendered":"","protected":false},"excerpt":{"rendered":"","protected":false},"author":302,"featured_media":2042,"parent":0,"menu_order":0,"comment_status":"closed","ping_status":"closed","template":"","meta":{"_acf_changed":false,"om_disable_all_campaigns":false},"class_list":["post-1409","page","type-page","status-publish","has-post-thumbnail","hentry"],"acf":[],"yoast_head":"<!-- This site is optimized with the Yoast SEO plugin v27.2 - https:\/\/yoast.com\/product\/yoast-seo-wordpress\/ -->\n<title>Qu&#039;est-ce que Bullhorn Marketplace ? - Bullhorn FR<\/title>\n<meta name=\"description\" content=\"Bullhorn\u2019s marketplace of 100+ pre-integrated partners gives staffing agencies tools to build a unique, future-proof solution that adapts to a changing landscape.\" \/>\n<meta name=\"robots\" content=\"index, follow, max-snippet:-1, max-image-preview:large, max-video-preview:-1\" \/>\n<link rel=\"canonical\" href=\"https:\/\/www.bullhorn.com\/fr\/intro-to-marketplace\/\" \/>\n<meta property=\"og:locale\" content=\"en_US\" \/>\n<meta property=\"og:type\" content=\"article\" \/>\n<meta property=\"og:title\" content=\"Qu&#039;est-ce que Bullhorn Marketplace ? - Bullhorn FR\" \/>\n<meta property=\"og:description\" content=\"Bullhorn\u2019s marketplace of 100+ pre-integrated partners gives staffing agencies tools to build a unique, future-proof solution that adapts to a changing landscape.\" \/>\n<meta property=\"og:url\" content=\"https:\/\/www.bullhorn.com\/fr\/intro-to-marketplace\/\" \/>\n<meta property=\"og:site_name\" content=\"Bullhorn FR\" \/>\n<meta property=\"article:publisher\" content=\"https:\/\/www.facebook.com\/Bullhorn\/\" \/>\n<meta property=\"article:modified_time\" content=\"2025-03-05T22:42:45+00:00\" \/>\n<meta property=\"og:image\" content=\"https:\/\/www.bullhorn.com\/fr\/wp-content\/uploads\/sites\/14\/2025\/01\/Marketplace_Nav_Image.png\" \/>\n\t<meta property=\"og:image:width\" content=\"1277\" \/>\n\t<meta property=\"og:image:height\" content=\"1098\" \/>\n\t<meta property=\"og:image:type\" content=\"image\/png\" \/>\n<meta name=\"twitter:card\" content=\"summary_large_image\" \/>\n<meta name=\"twitter:site\" content=\"@Bullhorn\" \/>\n<script type=\"application\/ld+json\" class=\"yoast-schema-graph\">{\"@context\":\"https:\/\/schema.org\",\"@graph\":[{\"@type\":\"WebPage\",\"@id\":\"https:\/\/www.bullhorn.com\/fr\/intro-to-marketplace\/\",\"url\":\"https:\/\/www.bullhorn.com\/fr\/intro-to-marketplace\/\",\"name\":\"Qu'est-ce que Bullhorn Marketplace ? - Bullhorn FR\",\"isPartOf\":{\"@id\":\"https:\/\/www.bullhorn.com\/fr\/#website\"},\"primaryImageOfPage\":{\"@id\":\"https:\/\/www.bullhorn.com\/fr\/intro-to-marketplace\/#primaryimage\"},\"image\":{\"@id\":\"https:\/\/www.bullhorn.com\/fr\/intro-to-marketplace\/#primaryimage\"},\"thumbnailUrl\":\"https:\/\/www.bullhorn.com\/fr\/wp-content\/uploads\/sites\/14\/2025\/01\/Marketplace_Nav_Image.png\",\"datePublished\":\"2021-08-31T20:54:07+00:00\",\"dateModified\":\"2025-03-05T22:42:45+00:00\",\"description\":\"Bullhorn\u2019s marketplace of 100+ pre-integrated partners gives staffing agencies tools to build a unique, future-proof solution that adapts to a changing landscape.\",\"breadcrumb\":{\"@id\":\"https:\/\/www.bullhorn.com\/fr\/intro-to-marketplace\/#breadcrumb\"},\"inLanguage\":\"en-US\",\"potentialAction\":[{\"@type\":\"ReadAction\",\"target\":[\"https:\/\/www.bullhorn.com\/fr\/intro-to-marketplace\/\"]}]},{\"@type\":\"ImageObject\",\"inLanguage\":\"en-US\",\"@id\":\"https:\/\/www.bullhorn.com\/fr\/intro-to-marketplace\/#primaryimage\",\"url\":\"https:\/\/www.bullhorn.com\/fr\/wp-content\/uploads\/sites\/14\/2025\/01\/Marketplace_Nav_Image.png\",\"contentUrl\":\"https:\/\/www.bullhorn.com\/fr\/wp-content\/uploads\/sites\/14\/2025\/01\/Marketplace_Nav_Image.png\",\"width\":1277,\"height\":1098},{\"@type\":\"BreadcrumbList\",\"@id\":\"https:\/\/www.bullhorn.com\/fr\/intro-to-marketplace\/#breadcrumb\",\"itemListElement\":[{\"@type\":\"ListItem\",\"position\":1,\"name\":\"Home\",\"item\":\"https:\/\/www.bullhorn.com\/fr\/\"},{\"@type\":\"ListItem\",\"position\":2,\"name\":\"Qu&#8217;est-ce que Bullhorn Marketplace ?\"}]},{\"@type\":\"WebSite\",\"@id\":\"https:\/\/www.bullhorn.com\/fr\/#website\",\"url\":\"https:\/\/www.bullhorn.com\/fr\/\",\"name\":\"Bullhorn FR\",\"description\":\"\",\"publisher\":{\"@id\":\"https:\/\/www.bullhorn.com\/fr\/#organization\"},\"potentialAction\":[{\"@type\":\"SearchAction\",\"target\":{\"@type\":\"EntryPoint\",\"urlTemplate\":\"https:\/\/www.bullhorn.com\/fr\/?s={search_term_string}\"},\"query-input\":{\"@type\":\"PropertyValueSpecification\",\"valueRequired\":true,\"valueName\":\"search_term_string\"}}],\"inLanguage\":\"en-US\"},{\"@type\":\"Organization\",\"@id\":\"https:\/\/www.bullhorn.com\/fr\/#organization\",\"name\":\"Bullhorn\",\"url\":\"https:\/\/www.bullhorn.com\/fr\/\",\"logo\":{\"@type\":\"ImageObject\",\"inLanguage\":\"en-US\",\"@id\":\"https:\/\/www.bullhorn.com\/fr\/#\/schema\/logo\/image\/\",\"url\":\"https:\/\/www.bullhorn.com\/fr\/wp-content\/uploads\/sites\/14\/2021\/09\/og-img.png\",\"contentUrl\":\"https:\/\/www.bullhorn.com\/fr\/wp-content\/uploads\/sites\/14\/2021\/09\/og-img.png\",\"width\":1200,\"height\":628,\"caption\":\"Bullhorn\"},\"image\":{\"@id\":\"https:\/\/www.bullhorn.com\/fr\/#\/schema\/logo\/image\/\"},\"sameAs\":[\"https:\/\/www.facebook.com\/Bullhorn\/\",\"https:\/\/x.com\/Bullhorn\",\"https:\/\/www.instagram.com\/lifeatbullhorn\/?hl=fr\",\"https:\/\/www.linkedin.com\/company\/bullhorn\",\"https:\/\/www.youtube.com\/channel\/UC-Rgm5YxtoxsvlCHy6KW3Ug\",\"https:\/\/en.wikipedia.org\/wiki\/Bullhorn,_Inc.\"]}]}<\/script>\n<!-- \/ Yoast SEO plugin. -->","yoast_head_json":{"title":"Qu'est-ce que Bullhorn Marketplace ? - Bullhorn FR","description":"Bullhorn\u2019s marketplace of 100+ pre-integrated partners gives staffing agencies tools to build a unique, future-proof solution that adapts to a changing landscape.","robots":{"index":"index","follow":"follow","max-snippet":"max-snippet:-1","max-image-preview":"max-image-preview:large","max-video-preview":"max-video-preview:-1"},"canonical":"https:\/\/www.bullhorn.com\/fr\/intro-to-marketplace\/","og_locale":"en_US","og_type":"article","og_title":"Qu'est-ce que Bullhorn Marketplace ? - Bullhorn FR","og_description":"Bullhorn\u2019s marketplace of 100+ pre-integrated partners gives staffing agencies tools to build a unique, future-proof solution that adapts to a changing landscape.","og_url":"https:\/\/www.bullhorn.com\/fr\/intro-to-marketplace\/","og_site_name":"Bullhorn FR","article_publisher":"https:\/\/www.facebook.com\/Bullhorn\/","article_modified_time":"2025-03-05T22:42:45+00:00","og_image":[{"width":1277,"height":1098,"url":"https:\/\/www.bullhorn.com\/fr\/wp-content\/uploads\/sites\/14\/2025\/01\/Marketplace_Nav_Image.png","type":"image\/png"}],"twitter_card":"summary_large_image","twitter_site":"@Bullhorn","schema":{"@context":"https:\/\/schema.org","@graph":[{"@type":"WebPage","@id":"https:\/\/www.bullhorn.com\/fr\/intro-to-marketplace\/","url":"https:\/\/www.bullhorn.com\/fr\/intro-to-marketplace\/","name":"Qu'est-ce que Bullhorn Marketplace ? - Bullhorn FR","isPartOf":{"@id":"https:\/\/www.bullhorn.com\/fr\/#website"},"primaryImageOfPage":{"@id":"https:\/\/www.bullhorn.com\/fr\/intro-to-marketplace\/#primaryimage"},"image":{"@id":"https:\/\/www.bullhorn.com\/fr\/intro-to-marketplace\/#primaryimage"},"thumbnailUrl":"https:\/\/www.bullhorn.com\/fr\/wp-content\/uploads\/sites\/14\/2025\/01\/Marketplace_Nav_Image.png","datePublished":"2021-08-31T20:54:07+00:00","dateModified":"2025-03-05T22:42:45+00:00","description":"Bullhorn\u2019s marketplace of 100+ pre-integrated partners gives staffing agencies tools to build a unique, future-proof solution that adapts to a changing landscape.","breadcrumb":{"@id":"https:\/\/www.bullhorn.com\/fr\/intro-to-marketplace\/#breadcrumb"},"inLanguage":"en-US","potentialAction":[{"@type":"ReadAction","target":["https:\/\/www.bullhorn.com\/fr\/intro-to-marketplace\/"]}]},{"@type":"ImageObject","inLanguage":"en-US","@id":"https:\/\/www.bullhorn.com\/fr\/intro-to-marketplace\/#primaryimage","url":"https:\/\/www.bullhorn.com\/fr\/wp-content\/uploads\/sites\/14\/2025\/01\/Marketplace_Nav_Image.png","contentUrl":"https:\/\/www.bullhorn.com\/fr\/wp-content\/uploads\/sites\/14\/2025\/01\/Marketplace_Nav_Image.png","width":1277,"height":1098},{"@type":"BreadcrumbList","@id":"https:\/\/www.bullhorn.com\/fr\/intro-to-marketplace\/#breadcrumb","itemListElement":[{"@type":"ListItem","position":1,"name":"Home","item":"https:\/\/www.bullhorn.com\/fr\/"},{"@type":"ListItem","position":2,"name":"Qu&#8217;est-ce que Bullhorn Marketplace ?"}]},{"@type":"WebSite","@id":"https:\/\/www.bullhorn.com\/fr\/#website","url":"https:\/\/www.bullhorn.com\/fr\/","name":"Bullhorn FR","description":"","publisher":{"@id":"https:\/\/www.bullhorn.com\/fr\/#organization"},"potentialAction":[{"@type":"SearchAction","target":{"@type":"EntryPoint","urlTemplate":"https:\/\/www.bullhorn.com\/fr\/?s={search_term_string}"},"query-input":{"@type":"PropertyValueSpecification","valueRequired":true,"valueName":"search_term_string"}}],"inLanguage":"en-US"},{"@type":"Organization","@id":"https:\/\/www.bullhorn.com\/fr\/#organization","name":"Bullhorn","url":"https:\/\/www.bullhorn.com\/fr\/","logo":{"@type":"ImageObject","inLanguage":"en-US","@id":"https:\/\/www.bullhorn.com\/fr\/#\/schema\/logo\/image\/","url":"https:\/\/www.bullhorn.com\/fr\/wp-content\/uploads\/sites\/14\/2021\/09\/og-img.png","contentUrl":"https:\/\/www.bullhorn.com\/fr\/wp-content\/uploads\/sites\/14\/2021\/09\/og-img.png","width":1200,"height":628,"caption":"Bullhorn"},"image":{"@id":"https:\/\/www.bullhorn.com\/fr\/#\/schema\/logo\/image\/"},"sameAs":["https:\/\/www.facebook.com\/Bullhorn\/","https:\/\/x.com\/Bullhorn","https:\/\/www.instagram.com\/lifeatbullhorn\/?hl=fr","https:\/\/www.linkedin.com\/company\/bullhorn","https:\/\/www.youtube.com\/channel\/UC-Rgm5YxtoxsvlCHy6KW3Ug","https:\/\/en.wikipedia.org\/wiki\/Bullhorn,_Inc."]}]}},"grav_blocks":[{"acf_fc_layout":"card-grid","block_title":"","block_aria":"","block_subtitle":"","background_shape":"","background_shape_position":"left","parallax_fx":false,"title_position":"top","cards_bg_color":"bg-white","cards_border":true,"cards_per_row":"4","cards":[{"icon":"icons\/target","icon_color":"blue-dark","line_title_with_icon":false,"inline_title":"","content":"<h4>Prenez de meilleures et plus rapides d\u00e9cisions<\/h4>\n<p>Les agences de placement&#8230; Transf\u00e8rent les informations d&#8217;un syst\u00e8me vers un autre, \u00e0 travers 5 outils ou plus Elles souhaitent&#8230; Int\u00e9grer toutes leurs technologies dans Bullhorn et op\u00e9rer plus efficacement Dans Marketplace, vous pouvez&#8230; \u00c9liminer le double emploi et profiter de la transparence des donn\u00e9es pour prendre de meilleures d\u00e9cisions commerciales<\/p>\n"},{"icon":"icons\/phone","icon_color":"blue-dark","line_title_with_icon":false,"inline_title":"","content":"<h4>Am\u00e9liorer la productivit\u00e9 n&#8217;importe o\u00f9, n&#8217;importe quand<\/h4>\n<p>Les agences de placement&#8230; Ont du mal \u00e0 ce que chacun dans leur organisation utilise un nouveau syst\u00e8me et en tire profit Elles souhaitent&#8230; R\u00e9duire le temps des employ\u00e9s pour plus de valeur et un chiffre d&#8217;affaires plus \u00e9lev\u00e9 Dans Marketplace, vous pouvez&#8230; Tirer parti de la technologie pour d\u00e9finir et promouvoir les meilleures pratiques r\u00e9duisant le temps n\u00e9cessaire aux employ\u00e9s pour \u00eatre productifs et r\u00e9duire le taux d\u2019attrition<\/p>\n"},{"icon":"icons\/handshake","icon_color":"blue-dark","line_title_with_icon":false,"inline_title":"","content":"<h4>\u00c9tablir des relations via des exp\u00e9riences clients et candidats am\u00e9lior\u00e9es<\/h4>\n<p>Les agences de placement&#8230; D\u00e9pensent beaucoup de temps et de ressources \u00e0 communiquer avec des intervenants externes Elles souhaitent&#8230; Fournir des informations aux personnes sous la forme qu&#8217;elles souhaitent, via le canal qu&#8217;elles pr\u00e9f\u00e8rent Dans Marketplace, vous pouvez&#8230; Cr\u00e9er une exp\u00e9rience connect\u00e9e unique pour les candidats et les clients pour accro\u00eetre le red\u00e9ploiement et obtenir plus de demandes de recrutement \u00e0 pourvoir<\/p>\n"}],"block_background":"block-bg-none","block_background_video_type":"url","block_background_video_url":"","block_background_video_file":false,"block_background_image":false,"block_background_overlay":false,"unique_id":"","block_option_custom_class":"","block_animate":true,"block_option_padding":[],"block_option_hide":[],"bg_lower_slant_color":""},{"acf_fc_layout":"columns","block_title":"","block_aria":"","block_subtitle":"","format":"format-sidebar-left","enable_box_shadow":false,"columns":[{"type":"wysiwyg","wysiwyg":"<h2>Marketplace Partner Toolkit<\/h2>\n<p>Votre guichet unique pour les ressources relatives aux premiers pas de votre parcours de partenaire, de comment \u00e9valuer \u00e0 comment int\u00e9grer.<\/p>\n","accordion_open_first_section":false,"accordion_multiple_open_sections":false,"accordion_items":false,"icon_list_items":false},{"type":"accordion","wysiwyg":"","accordion_open_first_section":true,"accordion_multiple_open_sections":false,"accordion_items":[{"title":"Votre guide sur les diff\u00e9rents types de cat\u00e9gories de marketplace","content":"<p>Vous ne savez par o\u00f9 commencer lorsque vous cherchez des partenaires Bullhorn Marketplace\u00a0? Ce guide va vous montrer chaque cat\u00e9gorie de march\u00e9, ce qu&#8217;elles repr\u00e9sentent et en quoi elles sont importantes pour votre agence de placement.<\/p>\n<p><a class=\"button button--orange\" href=\"https:\/\/www.bullhorn.com\/marketplace\/toolkit-your-guide-to-the-different-kinds-of-marketplace-categories\/\">En savoir plus<\/a><\/p>\n"},{"title":"10 questions \u00e0 poser au cours de la d\u00e9monstration partenaire","content":"<p>Quelles questions devriez-vous poser au cours d&#8217;une d\u00e9monstration partenaire Commencez par cette liste de contr\u00f4le.<\/p>\n<p><a class=\"button button--orange\" href=\"https:\/\/www.bullhorn.com\/resources\/10-questions-to-ask-during-a-partner-demo\/\">en savoir plus<\/a><\/p>\n"},{"title":"Consid\u00e9rations principales lorsque vous choisissez une int\u00e9gration ATS","content":"<p>Que devez-vous v\u00e9ritablement prendre en compte lorsque vous choisissez une int\u00e9gration\u00a0? Commencez par ces questions.<\/p>\n<p><a class=\"button button--orange\" href=\"https:\/\/www.bullhorn.com\/resources\/top-considerations-when-choosing-an-ats-integration\/\">En savoir plus<\/a><\/p>\n"},{"title":"3 fa\u00e7ons d\u2019obtenir plus de talents avec des partenaires","content":"<p>Vous souhaitez que votre agence se distingue et d\u00e9veloppe sa client\u00e8le\u00a0? Un de nos partenaires de march\u00e9 nous fait partager quelques moyens utiles de gagner plus de talents et d&#8217;acqu\u00e9rir un avantage concurrentiel.<\/p>\n<p><a class=\"button button--orange\" href=\"https:\/\/www.bullhorn.com\/resources\/3-ways-to-win-more-talent\/\">En savoir plus<\/a><\/p>\n"},{"title":"Comment mesurer le succ\u00e8s avec les partenaires de Marketplace","content":"<p>Comment pouvez-vous d\u00e9terminer le retour sur investissements dans le cadre d&#8217;un investissement Marketplace\u00a0? Voici trois moyens de mesurer la valeur d&#8217;une solution de partenaire possible.<\/p>\n<p><a class=\"button button--orange\" href=\"https:\/\/www.bullhorn.com\/resources\/measure-success-with-marketplace-partners\/\">En savoir plus<\/a><\/p>\n"},{"title":"Offres et \u00e9v\u00e9nements partenaires","content":"<p>Inscrivez-vous aux \u00e9v\u00e9nements partenaires \u00e0 venir, explorez les offres et d\u00e9couvrez les meilleurs contenus partenaires et les plus r\u00e9cents.<br \/>\n<a class=\"button button--orange\" href=\"https:\/\/www.bullhorn.com\/marketplace\/\">En savoir plus<\/a><\/p>\n"}],"icon_list_items":false}],"block_background":"block-bg-none","block_background_video_type":"url","block_background_video_url":"","block_background_video_file":false,"block_background_image":false,"block_background_overlay":false,"unique_id":"","block_option_custom_class":"","block_animate":false,"block_option_padding":[],"block_option_hide":[],"bg_lower_slant_color":""},{"acf_fc_layout":"card-grid","block_title":"Explorez le Marketplace","block_aria":"","block_subtitle":"","background_shape":"","background_shape_position":"left","parallax_fx":false,"title_position":"left","cards_bg_color":"","cards_border":false,"cards_per_row":"4","cards":[{"icon":"icons\/support","icon_color":"blue-light","line_title_with_icon":false,"inline_title":"","content":"<h3>Trouvez un partenaire<\/h3>\n<p><a class=\"button button--orange\" href=\"\/marketplace\">En savoir plus<\/a><\/p>\n"},{"icon":"icons\/hero","icon_color":"blue-light","line_title_with_icon":false,"inline_title":"","content":"<h3>Devenez partenaire<\/h3>\n<p><a class=\"button button--orange\" href=\"https:\/\/www.bullhorn.com\/become-a-partner\/\" target=\"_blank\">En savoir plus<\/a><\/p>\n"}],"block_background":"bg-blue","block_background_video_type":"url","block_background_video_url":"","block_background_video_file":false,"block_background_image":false,"block_background_overlay":false,"unique_id":"","block_option_custom_class":"","block_animate":false,"block_option_padding":[],"block_option_hide":[],"bg_lower_slant_color":""}],"_links":{"self":[{"href":"https:\/\/www.bullhorn.com\/fr\/wp-json\/wp\/v2\/pages\/1409","targetHints":{"allow":["GET"]}}],"collection":[{"href":"https:\/\/www.bullhorn.com\/fr\/wp-json\/wp\/v2\/pages"}],"about":[{"href":"https:\/\/www.bullhorn.com\/fr\/wp-json\/wp\/v2\/types\/page"}],"author":[{"embeddable":true,"href":"https:\/\/www.bullhorn.com\/fr\/wp-json\/wp\/v2\/users\/302"}],"replies":[{"embeddable":true,"href":"https:\/\/www.bullhorn.com\/fr\/wp-json\/wp\/v2\/comments?post=1409"}],"version-history":[{"count":6,"href":"https:\/\/www.bullhorn.com\/fr\/wp-json\/wp\/v2\/pages\/1409\/revisions"}],"predecessor-version":[{"id":2131,"href":"https:\/\/www.bullhorn.com\/fr\/wp-json\/wp\/v2\/pages\/1409\/revisions\/2131"}],"wp:featuredmedia":[{"embeddable":true,"href":"https:\/\/www.bullhorn.com\/fr\/wp-json\/wp\/v2\/media\/2042"}],"wp:attachment":[{"href":"https:\/\/www.bullhorn.com\/fr\/wp-json\/wp\/v2\/media?parent=1409"}],"curies":[{"name":"wp","href":"https:\/\/api.w.org\/{rel}","templated":true}]}}