{"id":1433,"date":"2021-09-01T17:29:44","date_gmt":"2021-09-01T17:29:44","guid":{"rendered":"https:\/\/www.bullhorn.com\/fr\/?page_id=1433"},"modified":"2025-08-29T15:47:03","modified_gmt":"2025-08-29T15:47:03","slug":"tarification","status":"publish","type":"page","link":"https:\/\/www.bullhorn.com\/fr\/tarification\/","title":{"rendered":"Tarification"},"content":{"rendered":"","protected":false},"excerpt":{"rendered":"","protected":false},"author":302,"featured_media":0,"parent":0,"menu_order":0,"comment_status":"closed","ping_status":"closed","template":"","meta":{"_acf_changed":false,"om_disable_all_campaigns":false},"class_list":["post-1433","page","type-page","status-publish","hentry"],"acf":[],"yoast_head":"<!-- This site is optimized with the Yoast SEO plugin v27.2 - https:\/\/yoast.com\/product\/yoast-seo-wordpress\/ -->\n<title>Tarification - Bullhorn FR<\/title>\n<meta name=\"description\" content=\"Bullhorn has solutions for every part of the recruiting life cycle, all in one place. Get in touch a pricing quote for your specific business needs.\" \/>\n<meta name=\"robots\" content=\"index, follow, max-snippet:-1, max-image-preview:large, max-video-preview:-1\" \/>\n<link rel=\"canonical\" href=\"https:\/\/www.bullhorn.com\/fr\/tarification\/\" \/>\n<meta property=\"og:locale\" content=\"en_US\" \/>\n<meta property=\"og:type\" content=\"article\" \/>\n<meta property=\"og:title\" content=\"Tarification - Bullhorn FR\" \/>\n<meta property=\"og:description\" content=\"Bullhorn has solutions for every part of the recruiting life cycle, all in one place. Get in touch a pricing quote for your specific business needs.\" \/>\n<meta property=\"og:url\" content=\"https:\/\/www.bullhorn.com\/fr\/tarification\/\" \/>\n<meta property=\"og:site_name\" content=\"Bullhorn FR\" \/>\n<meta property=\"article:publisher\" content=\"https:\/\/www.facebook.com\/Bullhorn\/\" \/>\n<meta property=\"article:modified_time\" content=\"2025-08-29T15:47:03+00:00\" \/>\n<meta name=\"twitter:card\" content=\"summary_large_image\" \/>\n<meta name=\"twitter:site\" content=\"@Bullhorn\" \/>\n<script type=\"application\/ld+json\" class=\"yoast-schema-graph\">{\"@context\":\"https:\/\/schema.org\",\"@graph\":[{\"@type\":\"WebPage\",\"@id\":\"https:\/\/www.bullhorn.com\/fr\/tarification\/\",\"url\":\"https:\/\/www.bullhorn.com\/fr\/tarification\/\",\"name\":\"Tarification - Bullhorn FR\",\"isPartOf\":{\"@id\":\"https:\/\/www.bullhorn.com\/fr\/#website\"},\"datePublished\":\"2021-09-01T17:29:44+00:00\",\"dateModified\":\"2025-08-29T15:47:03+00:00\",\"description\":\"Bullhorn has solutions for every part of the recruiting life cycle, all in one place. Get in touch a pricing quote for your specific business needs.\",\"breadcrumb\":{\"@id\":\"https:\/\/www.bullhorn.com\/fr\/tarification\/#breadcrumb\"},\"inLanguage\":\"en-US\",\"potentialAction\":[{\"@type\":\"ReadAction\",\"target\":[\"https:\/\/www.bullhorn.com\/fr\/tarification\/\"]}]},{\"@type\":\"BreadcrumbList\",\"@id\":\"https:\/\/www.bullhorn.com\/fr\/tarification\/#breadcrumb\",\"itemListElement\":[{\"@type\":\"ListItem\",\"position\":1,\"name\":\"Home\",\"item\":\"https:\/\/www.bullhorn.com\/fr\/\"},{\"@type\":\"ListItem\",\"position\":2,\"name\":\"Tarification\"}]},{\"@type\":\"WebSite\",\"@id\":\"https:\/\/www.bullhorn.com\/fr\/#website\",\"url\":\"https:\/\/www.bullhorn.com\/fr\/\",\"name\":\"Bullhorn FR\",\"description\":\"\",\"publisher\":{\"@id\":\"https:\/\/www.bullhorn.com\/fr\/#organization\"},\"potentialAction\":[{\"@type\":\"SearchAction\",\"target\":{\"@type\":\"EntryPoint\",\"urlTemplate\":\"https:\/\/www.bullhorn.com\/fr\/?s={search_term_string}\"},\"query-input\":{\"@type\":\"PropertyValueSpecification\",\"valueRequired\":true,\"valueName\":\"search_term_string\"}}],\"inLanguage\":\"en-US\"},{\"@type\":\"Organization\",\"@id\":\"https:\/\/www.bullhorn.com\/fr\/#organization\",\"name\":\"Bullhorn\",\"url\":\"https:\/\/www.bullhorn.com\/fr\/\",\"logo\":{\"@type\":\"ImageObject\",\"inLanguage\":\"en-US\",\"@id\":\"https:\/\/www.bullhorn.com\/fr\/#\/schema\/logo\/image\/\",\"url\":\"https:\/\/www.bullhorn.com\/fr\/wp-content\/uploads\/sites\/14\/2021\/09\/og-img.png\",\"contentUrl\":\"https:\/\/www.bullhorn.com\/fr\/wp-content\/uploads\/sites\/14\/2021\/09\/og-img.png\",\"width\":1200,\"height\":628,\"caption\":\"Bullhorn\"},\"image\":{\"@id\":\"https:\/\/www.bullhorn.com\/fr\/#\/schema\/logo\/image\/\"},\"sameAs\":[\"https:\/\/www.facebook.com\/Bullhorn\/\",\"https:\/\/x.com\/Bullhorn\",\"https:\/\/www.instagram.com\/lifeatbullhorn\/?hl=fr\",\"https:\/\/www.linkedin.com\/company\/bullhorn\",\"https:\/\/www.youtube.com\/channel\/UC-Rgm5YxtoxsvlCHy6KW3Ug\",\"https:\/\/en.wikipedia.org\/wiki\/Bullhorn,_Inc.\"]}]}<\/script>\n<!-- \/ Yoast SEO plugin. -->","yoast_head_json":{"title":"Tarification - Bullhorn FR","description":"Bullhorn has solutions for every part of the recruiting life cycle, all in one place. Get in touch a pricing quote for your specific business needs.","robots":{"index":"index","follow":"follow","max-snippet":"max-snippet:-1","max-image-preview":"max-image-preview:large","max-video-preview":"max-video-preview:-1"},"canonical":"https:\/\/www.bullhorn.com\/fr\/tarification\/","og_locale":"en_US","og_type":"article","og_title":"Tarification - Bullhorn FR","og_description":"Bullhorn has solutions for every part of the recruiting life cycle, all in one place. Get in touch a pricing quote for your specific business needs.","og_url":"https:\/\/www.bullhorn.com\/fr\/tarification\/","og_site_name":"Bullhorn FR","article_publisher":"https:\/\/www.facebook.com\/Bullhorn\/","article_modified_time":"2025-08-29T15:47:03+00:00","twitter_card":"summary_large_image","twitter_site":"@Bullhorn","schema":{"@context":"https:\/\/schema.org","@graph":[{"@type":"WebPage","@id":"https:\/\/www.bullhorn.com\/fr\/tarification\/","url":"https:\/\/www.bullhorn.com\/fr\/tarification\/","name":"Tarification - Bullhorn FR","isPartOf":{"@id":"https:\/\/www.bullhorn.com\/fr\/#website"},"datePublished":"2021-09-01T17:29:44+00:00","dateModified":"2025-08-29T15:47:03+00:00","description":"Bullhorn has solutions for every part of the recruiting life cycle, all in one place. Get in touch a pricing quote for your specific business needs.","breadcrumb":{"@id":"https:\/\/www.bullhorn.com\/fr\/tarification\/#breadcrumb"},"inLanguage":"en-US","potentialAction":[{"@type":"ReadAction","target":["https:\/\/www.bullhorn.com\/fr\/tarification\/"]}]},{"@type":"BreadcrumbList","@id":"https:\/\/www.bullhorn.com\/fr\/tarification\/#breadcrumb","itemListElement":[{"@type":"ListItem","position":1,"name":"Home","item":"https:\/\/www.bullhorn.com\/fr\/"},{"@type":"ListItem","position":2,"name":"Tarification"}]},{"@type":"WebSite","@id":"https:\/\/www.bullhorn.com\/fr\/#website","url":"https:\/\/www.bullhorn.com\/fr\/","name":"Bullhorn FR","description":"","publisher":{"@id":"https:\/\/www.bullhorn.com\/fr\/#organization"},"potentialAction":[{"@type":"SearchAction","target":{"@type":"EntryPoint","urlTemplate":"https:\/\/www.bullhorn.com\/fr\/?s={search_term_string}"},"query-input":{"@type":"PropertyValueSpecification","valueRequired":true,"valueName":"search_term_string"}}],"inLanguage":"en-US"},{"@type":"Organization","@id":"https:\/\/www.bullhorn.com\/fr\/#organization","name":"Bullhorn","url":"https:\/\/www.bullhorn.com\/fr\/","logo":{"@type":"ImageObject","inLanguage":"en-US","@id":"https:\/\/www.bullhorn.com\/fr\/#\/schema\/logo\/image\/","url":"https:\/\/www.bullhorn.com\/fr\/wp-content\/uploads\/sites\/14\/2021\/09\/og-img.png","contentUrl":"https:\/\/www.bullhorn.com\/fr\/wp-content\/uploads\/sites\/14\/2021\/09\/og-img.png","width":1200,"height":628,"caption":"Bullhorn"},"image":{"@id":"https:\/\/www.bullhorn.com\/fr\/#\/schema\/logo\/image\/"},"sameAs":["https:\/\/www.facebook.com\/Bullhorn\/","https:\/\/x.com\/Bullhorn","https:\/\/www.instagram.com\/lifeatbullhorn\/?hl=fr","https:\/\/www.linkedin.com\/company\/bullhorn","https:\/\/www.youtube.com\/channel\/UC-Rgm5YxtoxsvlCHy6KW3Ug","https:\/\/en.wikipedia.org\/wiki\/Bullhorn,_Inc."]}]}},"grav_blocks":[{"acf_fc_layout":"columns","block_title":"","block_aria":"","block_subtitle":"","format":"format-sidebar-left","enable_box_shadow":false,"columns":[{"type":"wysiwyg","wysiwyg":"<h2>Syst\u00e8me de suivi des candidats et CRM<\/h2>\n","accordion_open_first_section":false,"accordion_multiple_open_sections":false,"accordion_items":false,"icon_list_items":false},{"type":"wysiwyg","wysiwyg":"<p>Syst\u00e8me de recrutement moderne qui permet aux agences de placement d\u2019augmenter les ventes, de rationaliser les op\u00e9rations et de se distinguer de la concurrence. Effectuez des placements plus rapides, augmentez le red\u00e9ploiement des candidats et g\u00e9rez les relations avec la client\u00e8le \u00e0 l&#8217;aide d&#8217;un seul syst\u00e8me d&#8217;orientation<\/p>\n<p><a class=\"button button--blue\" href=\"\/fr\/get-a-quote\/?LS=Website&amp;LSD=Quote_FR&amp;LA=Quote_FR&amp;LAD=Quote_FR\/\">Demandez un devis<\/a><\/p>\n","accordion_open_first_section":false,"accordion_multiple_open_sections":false,"accordion_items":false,"icon_list_items":false}],"block_background":"bg-gray","block_background_video_type":"url","block_background_video_url":"","block_background_video_file":false,"block_background_image":false,"block_background_overlay":false,"unique_id":"","block_option_custom_class":"","block_animate":true,"block_option_padding":[],"block_option_hide":[],"bg_lower_slant_color":""},{"acf_fc_layout":"card-grid","block_title":"","block_aria":"","block_subtitle":"","background_shape":"","background_shape_position":"left","parallax_fx":false,"title_position":"top","cards_bg_color":"bg-white","cards_border":true,"cards_per_row":"4","cards":[{"icon":"","icon_color":"green","line_title_with_icon":false,"inline_title":"","content":"<h4>\u00c9quipe<\/h4>\n<ul>\n<li>Gestion et recherche de candidats<\/li>\n<li>Gestion des contacts et des entreprises<\/li>\n<li>Gestion et publication des offres d\u2019emploi<\/li>\n<li>Int\u00e9gration, suivi et envoi massif d\u2019e-mails<\/li>\n<li>Module compl\u00e9mentaire d\u2019envoi de SMS<\/li>\n<li>Analyse syntaxique des CV<\/li>\n<li>Portail des carri\u00e8res<\/li>\n<li>Reporting standard<\/li>\n<\/ul>\n"},{"icon":"","icon_color":"green","line_title_with_icon":false,"inline_title":"","content":"<h4>Entreprise<\/h4>\n<p>Toutes les fonctionnalit\u00e9s incluses dans Team, plus :<\/p>\n<ul>\n<li>Stockage illimit\u00e9 des donn\u00e9es<\/li>\n<li>Acc\u00e8s \u00e0 l\u2019API<\/li>\n<li>Champs et flux de travail personnalis\u00e9s<\/li>\n<li>Int\u00e9gration \u00e0 LinkedIn<\/li>\n<li>Outil de productivit\u00e9 de la bo\u00eete de r\u00e9ception<\/li>\n<li>Outil d&#8217;enqu\u00eate NPS<\/li>\n<\/ul>\n"},{"icon":"","icon_color":"green","line_title_with_icon":false,"inline_title":"","content":"<h4><h4 data-feature-text=\"Most Popular\" data-feature-text-color=\"blue-light\">Entreprise<\/h4><\/h4>\n<p>Toutes les fonctionnalit\u00e9s incluses dans Corporate, plus :<\/p>\n<ul>\n<li>Tableaux de bord de reporting avanc\u00e9s<\/li>\n<li>Intelligence relationnelle Pulse<\/li>\n<li>Suivi des pistes et des opportunit\u00e9s<\/li>\n<li>Gestion du pipeline<\/li>\n<li>Objectifs d\u2019activit\u00e9 et quotas de vente<\/li>\n<\/ul>\n"},{"icon":"","icon_color":"green","line_title_with_icon":false,"inline_title":"","content":"<h4>Enterprise Plus<\/h4>\n<p>Toutes les fonctionnalit\u00e9s incluses dans Enterprise, plus :<\/p>\n<ul>\n<li>Objets de reporting et visualisation avanc\u00e9s<\/li>\n<li>Produits suppl\u00e9mentaires<\/li>\n<\/ul>\n"}],"block_background":"bg-gray","block_background_video_type":"url","block_background_video_url":"","block_background_video_file":false,"block_background_image":false,"block_background_overlay":false,"unique_id":"","block_option_custom_class":"","block_animate":true,"block_option_padding":[],"block_option_hide":[],"bg_lower_slant_color":"white"},{"acf_fc_layout":"sidebar-anchor","sidebar_title":"Additional Products","sidebar_title_display_large":true,"sidebar_cta_button":{"link_type":"url","link_text":"En savoir plus","link_page":null,"link_url":"\/fr\/get-a-quote\/?LS=Website&amp;LSD=Quote_FR&amp;LA=Quote_FR&amp;LAD=Quote_FR\/","link_aria":""},"sections":[{"sidebar_label":"Bullhorn pour Salesforce","link_type":"none","section_type":"content-list","section_columns":[{"column_content":"<p>Bullhorn for Salesforce gives firms a competitive edge with real-time dashboards, recruitment-specific software integrations, and the global capabilities of the Salesforce platform. Our feature set is designed to help you quickly find the perfect candidate and to streamline all workflows.<\/p>\n<p>&nbsp;<\/p>\n<p>&nbsp;<\/p>\n"}],"content":"<h2>Bullhorn pour Salesforce<\/h2>\n<p>Bullhorn pour Salesforce donne aux entreprises un avantage concurrentiel gr\u00e2ce \u00e0 des tableaux de bord en temps r\u00e9el, des int\u00e9grations de logiciels sp\u00e9cifiques au recrutement et aux capacit\u00e9s mondiales de la plateforme Salesforce. Notre ensemble de fonctionnalit\u00e9s est con\u00e7u pour vous aider \u00e0 trouver rapidement le candidat id\u00e9al et \u00e0 rationaliser tous les flux de travail.<\/p>\n<p><a class=\"button button--blue\" href=\"\/fr\/get-a-quote\/?LS=Website&amp;LSD=Quote_FR&amp;LA=Quote_FR&amp;LAD=Quote_FR\/\">En savoir plus<\/a><\/p>\n","section_list_items":[{"item_text":"Gestion et recherche de candidats"},{"item_text":"Accord avec le client"},{"item_text":"Gestion des contacts et des entreprises"},{"item_text":"Gestion des calendriers et des t\u00e2ches"},{"item_text":"Portail client"},{"item_text":"Gestion et conversion des pistes d\u2019emploi"},{"item_text":"Recherche et matching"},{"item_text":"Gestionnaire et r\u00e9dacteur de CV"},{"item_text":"Planificateur"},{"item_text":"Portail des candidats"}],"image":false,"image_video_url":""},{"sidebar_label":"Int\u00e9gration","link_type":"none","section_type":"content-list","section_columns":false,"content":"<h2>Int\u00e9gration<\/h2>\n<p>Les solutions d\u2019int\u00e9gration de Bullhorn vous permettent d\u2019\u00e9liminer la saisie manuelle des donn\u00e9es et d\u2019offrir une excellente exp\u00e9rience aux nouveaux employ\u00e9s.<\/p>\n<p><a class=\"button button--blue\" href=\"\/fr\/get-a-quote\/?LS=Website&amp;LSD=Quote_FR&amp;LA=Quote_FR&amp;LAD=Quote_FR\/\">En savoir plus<\/a><\/p>\n","section_list_items":[{"item_text":"Int\u00e9gration du syst\u00e8me de suivi des candidats"},{"item_text":"Assistance pour la documentation de pr\u00e9-embauche"},{"item_text":"Gestion \u00e9lectronique des documents"},{"item_text":"Stockage des documents"},{"item_text":"Logiciel True Cloud"},{"item_text":"Int\u00e9gration avec E-Verify"},{"item_text":"Portail des candidats de marque"}],"image":false,"image_video_url":""},{"sidebar_label":"Automatisation du VMS","link_type":"none","section_type":"content-list","section_columns":false,"content":"<h2>Automatisation du VMS<\/h2>\n<p>L\u2019int\u00e9gration du syst\u00e8me de gestion des fournisseurs (VMS) de Bullhorn permet de se connecter \u00e0 n\u2019importe quel syst\u00e8me de gestion des fournisseurs (VMS) et de mettre \u00e0 jour et d&#8217;importer automatiquement les dossiers d&#8217;emploi dans votre syst\u00e8me de gestion des candidatures. Remplissez le formulaire pour en savoir plus sur la tarification et les modalit\u00e9s.<\/p>\n<p><a class=\"button button--blue\" href=\"\/fr\/get-a-quote\/?LS=Website&amp;LSD=Quote_FR&amp;LA=Quote_FR&amp;LAD=Quote_FR\/\">En savoir plus<\/a><\/p>\n","section_list_items":[{"item_text":"Int\u00e9gration du syst\u00e8me de suivi des candidats"},{"item_text":"Ajout automatique d\u2019emplois"},{"item_text":"Filtrage des demandes d\u2019emploi"},{"item_text":"Alertes rapides"},{"item_text":"Analyses avanc\u00e9es"},{"item_text":"R\u00e8gles de gestion"}],"image":false,"image_video_url":""},{"sidebar_label":"Automatisation du recrutement","link_type":"none","section_type":"content-list","section_columns":false,"content":"<h2>Automatisation du recrutement<\/h2>\n<p>Herefish de Bullhorn est une plateforme d\u2019automatisation qui permet aux entreprises modernes de recrutement et de placement d\u2019atteindre de nouveaux niveaux de productivit\u00e9, d\u2019am\u00e9liorer la qualit\u00e9 et la richesse de leurs donn\u00e9es et de garantir une exp\u00e9rience coh\u00e9rente tout au long du cycle de recrutement.<\/p>\n<p><a class=\"button button--blue\" href=\"\/fr\/get-a-quote\/?LS=Website&amp;LSD=Quote_FR&amp;LA=Quote_FR&amp;LAD=Quote_FR\/\">En savoir plus<\/a><\/p>\n","section_list_items":[{"item_text":"Constructeur visuel de flux de travail"},{"item_text":"Acc\u00e8s aux candidats, aux contacts clients, aux soumissions, aux placements et aux emplois"},{"item_text":"Automatisation de la sant\u00e9 des donn\u00e9es"},{"item_text":"R\u00e8gles d\u2019affectation des propri\u00e9taires"},{"item_text":"D\u00e9clencheurs et actions bas\u00e9s sur des champs de date et de profil"},{"item_text":"Reporting"},{"item_text":"Int\u00e9gration de l\u2019ATS"}],"image":false,"image_video_url":""},{"sidebar_label":"Messagerie","link_type":"none","section_type":"content-list","section_columns":false,"content":"<h2>Messagerie<\/h2>\n<p>Avec Bullhorn Messaging, vous pouvez communiquer plus rapidement et \u00e9tablir des relations plus solides avec vos prospects, candidats et clients en les joignant o\u00f9 ils se trouvent, sur leur portable.<\/p>\n<p><a class=\"button button--blue\" href=\"\/fr\/get-a-quote\/?LS=Website&amp;LSD=Quote_FR&amp;LA=Quote_FR&amp;LAD=Quote_FR\/\">En Savoir plus<\/a><\/p>\n","section_list_items":[{"item_text":"Plateforme de messagerie facile \u00e0 utiliser"},{"item_text":"Activation votre t\u00e9l\u00e9phone existant en mode texte"},{"item_text":"Contacts illimit\u00e9s"},{"item_text":"Application mobile"},{"item_text":"Int\u00e9gration du syst\u00e8me de suivi des candidats"},{"item_text":"Analyses, reporting et mod\u00e8les de messages texte"},{"item_text":"Messages programm\u00e9s et diffusion"}],"image":false,"image_video_url":""},{"sidebar_label":"Middle et Back Office","link_type":"none","section_type":"content-list","section_columns":false,"content":"<h2>Middle et Back Office<\/h2>\n<p>Les solutions de middle et de back office de Bullhorn aident les entreprises de recrutement \u00e0 rationaliser les activit\u00e9s manuelles et chronophages li\u00e9es au traitement des feuilles de pr\u00e9sence et \u00e0 la facturation des clients. Remplissez le formulaire pour en savoir plus sur les solutions qui conviennent le mieux \u00e0 votre entreprise.<\/p>\n<p><a class=\"button button--blue\" href=\"\/fr\/get-a-quote\/?LS=Website&amp;LSD=Quote_FR&amp;LA=Quote_FR&amp;LAD=Quote_FR\/\">En savoir plus<\/a><\/p>\n","section_list_items":[{"item_text":"Int\u00e9gration de l\u2019ATS de Bullhorn"},{"item_text":"Temps et d\u00e9penses enti\u00e8rement \u00e9lectroniques"},{"item_text":"Portail Web de feuilles de pr\u00e9sence"},{"item_text":"Feuilles de pr\u00e9sence mobiles"},{"item_text":"Facturation automatis\u00e9e"},{"item_text":"R\u00e8gles et profils d\u2019heures suppl\u00e9mentaires"},{"item_text":"True Cloud"},{"item_text":"Importation VMS"},{"item_text":"Outil de commissions"}],"image":false,"image_video_url":""},{"sidebar_label":"Reporting ad hoc","link_type":"none","section_type":"content-list","section_columns":false,"content":"<h2>Reporting ad hoc<\/h2>\n<p>Bullhorn Canvas est un outil de reporting ad hoc qui vous permet d\u2019aller au-del\u00e0 du reporting standard et de g\u00e9n\u00e9rer des rapports sur n\u2019importe quel point de donn\u00e9es au sein de Bullhorn ATS\/CRM. Canvas fait l\u2019objet d\u2019un abonnement annuel.<\/p>\n<p><a class=\"button button--blue\" href=\"\/fr\/get-a-quote\/?LS=Website&amp;LSD=Quote_FR&amp;LA=Quote_FR&amp;LAD=Quote_FR\/\">En savoir plus<\/a><\/p>\n","section_list_items":[{"item_text":"Int\u00e9gration du syst\u00e8me de suivi des candidats"},{"item_text":"Acc\u00e8s complet au mod\u00e8le de donn\u00e9es de Bullhorn"},{"item_text":"Objets de reporting et visualisations avanc\u00e9s"},{"item_text":"Ensemble de rapports de base pr\u00e9\u00e9tablis"},{"item_text":"Programmation de l\u2019envoi automatique des rapports"},{"item_text":"Capacit\u00e9s d\u2019exportation (excel, csv, ou pdf)"},{"item_text":"Gestion des autorisations au niveau des utilisateurs"}],"image":false,"image_video_url":""}],"block_background":"block-bg-none","block_background_video_type":"url","block_background_video_url":"","block_background_video_file":false,"block_background_image":false,"block_background_overlay":false,"unique_id":"","block_option_custom_class":"","block_animate":true,"block_option_padding":[],"block_option_hide":[]}],"_links":{"self":[{"href":"https:\/\/www.bullhorn.com\/fr\/wp-json\/wp\/v2\/pages\/1433","targetHints":{"allow":["GET"]}}],"collection":[{"href":"https:\/\/www.bullhorn.com\/fr\/wp-json\/wp\/v2\/pages"}],"about":[{"href":"https:\/\/www.bullhorn.com\/fr\/wp-json\/wp\/v2\/types\/page"}],"author":[{"embeddable":true,"href":"https:\/\/www.bullhorn.com\/fr\/wp-json\/wp\/v2\/users\/302"}],"replies":[{"embeddable":true,"href":"https:\/\/www.bullhorn.com\/fr\/wp-json\/wp\/v2\/comments?post=1433"}],"version-history":[{"count":5,"href":"https:\/\/www.bullhorn.com\/fr\/wp-json\/wp\/v2\/pages\/1433\/revisions"}],"predecessor-version":[{"id":2507,"href":"https:\/\/www.bullhorn.com\/fr\/wp-json\/wp\/v2\/pages\/1433\/revisions\/2507"}],"wp:attachment":[{"href":"https:\/\/www.bullhorn.com\/fr\/wp-json\/wp\/v2\/media?parent=1433"}],"curies":[{"name":"wp","href":"https:\/\/api.w.org\/{rel}","templated":true}]}}