{"id":1456,"date":"2021-09-02T15:36:24","date_gmt":"2021-09-02T15:36:24","guid":{"rendered":"https:\/\/www.bullhorn.com\/fr\/?page_id=1456"},"modified":"2021-09-14T19:09:32","modified_gmt":"2021-09-14T19:09:32","slug":"best-applicant-tracking-system","status":"publish","type":"page","link":"https:\/\/www.bullhorn.com\/fr\/best-applicant-tracking-system\/","title":{"rendered":"Trouvez le meilleur Applicant tracking sytem (ATS) pour votre entreprise"},"content":{"rendered":"","protected":false},"excerpt":{"rendered":"","protected":false},"author":302,"featured_media":0,"parent":0,"menu_order":0,"comment_status":"closed","ping_status":"closed","template":"","meta":{"_acf_changed":false,"om_disable_all_campaigns":false},"class_list":["post-1456","page","type-page","status-publish","hentry"],"acf":[],"yoast_head":"<!-- This site is optimized with the Yoast SEO plugin v27.2 - https:\/\/yoast.com\/product\/yoast-seo-wordpress\/ -->\n<title>Trouvez le meilleur Applicant tracking sytem (ATS) pour votre entreprise - Bullhorn FR<\/title>\n<meta name=\"robots\" content=\"index, follow, max-snippet:-1, max-image-preview:large, max-video-preview:-1\" \/>\n<link rel=\"canonical\" href=\"https:\/\/www.bullhorn.com\/fr\/best-applicant-tracking-system\/\" \/>\n<meta property=\"og:locale\" content=\"en_US\" \/>\n<meta property=\"og:type\" content=\"article\" \/>\n<meta property=\"og:title\" content=\"Trouvez le meilleur Applicant tracking sytem (ATS) pour votre entreprise - Bullhorn FR\" \/>\n<meta property=\"og:url\" content=\"https:\/\/www.bullhorn.com\/fr\/best-applicant-tracking-system\/\" \/>\n<meta property=\"og:site_name\" content=\"Bullhorn FR\" \/>\n<meta property=\"article:publisher\" content=\"https:\/\/www.facebook.com\/Bullhorn\/\" \/>\n<meta property=\"article:modified_time\" content=\"2021-09-14T19:09:32+00:00\" \/>\n<meta name=\"twitter:card\" content=\"summary_large_image\" \/>\n<meta name=\"twitter:site\" content=\"@Bullhorn\" \/>\n<script type=\"application\/ld+json\" class=\"yoast-schema-graph\">{\"@context\":\"https:\/\/schema.org\",\"@graph\":[{\"@type\":\"WebPage\",\"@id\":\"https:\/\/www.bullhorn.com\/fr\/best-applicant-tracking-system\/\",\"url\":\"https:\/\/www.bullhorn.com\/fr\/best-applicant-tracking-system\/\",\"name\":\"Trouvez le meilleur Applicant tracking sytem (ATS) pour votre entreprise - Bullhorn FR\",\"isPartOf\":{\"@id\":\"https:\/\/www.bullhorn.com\/fr\/#website\"},\"datePublished\":\"2021-09-02T15:36:24+00:00\",\"dateModified\":\"2021-09-14T19:09:32+00:00\",\"breadcrumb\":{\"@id\":\"https:\/\/www.bullhorn.com\/fr\/best-applicant-tracking-system\/#breadcrumb\"},\"inLanguage\":\"en-US\",\"potentialAction\":[{\"@type\":\"ReadAction\",\"target\":[\"https:\/\/www.bullhorn.com\/fr\/best-applicant-tracking-system\/\"]}]},{\"@type\":\"BreadcrumbList\",\"@id\":\"https:\/\/www.bullhorn.com\/fr\/best-applicant-tracking-system\/#breadcrumb\",\"itemListElement\":[{\"@type\":\"ListItem\",\"position\":1,\"name\":\"Home\",\"item\":\"https:\/\/www.bullhorn.com\/fr\/\"},{\"@type\":\"ListItem\",\"position\":2,\"name\":\"Trouvez le meilleur Applicant tracking sytem (ATS) pour votre entreprise\"}]},{\"@type\":\"WebSite\",\"@id\":\"https:\/\/www.bullhorn.com\/fr\/#website\",\"url\":\"https:\/\/www.bullhorn.com\/fr\/\",\"name\":\"Bullhorn FR\",\"description\":\"\",\"publisher\":{\"@id\":\"https:\/\/www.bullhorn.com\/fr\/#organization\"},\"potentialAction\":[{\"@type\":\"SearchAction\",\"target\":{\"@type\":\"EntryPoint\",\"urlTemplate\":\"https:\/\/www.bullhorn.com\/fr\/?s={search_term_string}\"},\"query-input\":{\"@type\":\"PropertyValueSpecification\",\"valueRequired\":true,\"valueName\":\"search_term_string\"}}],\"inLanguage\":\"en-US\"},{\"@type\":\"Organization\",\"@id\":\"https:\/\/www.bullhorn.com\/fr\/#organization\",\"name\":\"Bullhorn\",\"url\":\"https:\/\/www.bullhorn.com\/fr\/\",\"logo\":{\"@type\":\"ImageObject\",\"inLanguage\":\"en-US\",\"@id\":\"https:\/\/www.bullhorn.com\/fr\/#\/schema\/logo\/image\/\",\"url\":\"https:\/\/www.bullhorn.com\/fr\/wp-content\/uploads\/sites\/14\/2021\/09\/og-img.png\",\"contentUrl\":\"https:\/\/www.bullhorn.com\/fr\/wp-content\/uploads\/sites\/14\/2021\/09\/og-img.png\",\"width\":1200,\"height\":628,\"caption\":\"Bullhorn\"},\"image\":{\"@id\":\"https:\/\/www.bullhorn.com\/fr\/#\/schema\/logo\/image\/\"},\"sameAs\":[\"https:\/\/www.facebook.com\/Bullhorn\/\",\"https:\/\/x.com\/Bullhorn\",\"https:\/\/www.instagram.com\/lifeatbullhorn\/?hl=fr\",\"https:\/\/www.linkedin.com\/company\/bullhorn\",\"https:\/\/www.youtube.com\/channel\/UC-Rgm5YxtoxsvlCHy6KW3Ug\",\"https:\/\/en.wikipedia.org\/wiki\/Bullhorn,_Inc.\"]}]}<\/script>\n<!-- \/ Yoast SEO plugin. -->","yoast_head_json":{"title":"Trouvez le meilleur Applicant tracking sytem (ATS) pour votre entreprise - Bullhorn FR","robots":{"index":"index","follow":"follow","max-snippet":"max-snippet:-1","max-image-preview":"max-image-preview:large","max-video-preview":"max-video-preview:-1"},"canonical":"https:\/\/www.bullhorn.com\/fr\/best-applicant-tracking-system\/","og_locale":"en_US","og_type":"article","og_title":"Trouvez le meilleur Applicant tracking sytem (ATS) pour votre entreprise - Bullhorn FR","og_url":"https:\/\/www.bullhorn.com\/fr\/best-applicant-tracking-system\/","og_site_name":"Bullhorn FR","article_publisher":"https:\/\/www.facebook.com\/Bullhorn\/","article_modified_time":"2021-09-14T19:09:32+00:00","twitter_card":"summary_large_image","twitter_site":"@Bullhorn","schema":{"@context":"https:\/\/schema.org","@graph":[{"@type":"WebPage","@id":"https:\/\/www.bullhorn.com\/fr\/best-applicant-tracking-system\/","url":"https:\/\/www.bullhorn.com\/fr\/best-applicant-tracking-system\/","name":"Trouvez le meilleur Applicant tracking sytem (ATS) pour votre entreprise - Bullhorn FR","isPartOf":{"@id":"https:\/\/www.bullhorn.com\/fr\/#website"},"datePublished":"2021-09-02T15:36:24+00:00","dateModified":"2021-09-14T19:09:32+00:00","breadcrumb":{"@id":"https:\/\/www.bullhorn.com\/fr\/best-applicant-tracking-system\/#breadcrumb"},"inLanguage":"en-US","potentialAction":[{"@type":"ReadAction","target":["https:\/\/www.bullhorn.com\/fr\/best-applicant-tracking-system\/"]}]},{"@type":"BreadcrumbList","@id":"https:\/\/www.bullhorn.com\/fr\/best-applicant-tracking-system\/#breadcrumb","itemListElement":[{"@type":"ListItem","position":1,"name":"Home","item":"https:\/\/www.bullhorn.com\/fr\/"},{"@type":"ListItem","position":2,"name":"Trouvez le meilleur Applicant tracking sytem (ATS) pour votre entreprise"}]},{"@type":"WebSite","@id":"https:\/\/www.bullhorn.com\/fr\/#website","url":"https:\/\/www.bullhorn.com\/fr\/","name":"Bullhorn FR","description":"","publisher":{"@id":"https:\/\/www.bullhorn.com\/fr\/#organization"},"potentialAction":[{"@type":"SearchAction","target":{"@type":"EntryPoint","urlTemplate":"https:\/\/www.bullhorn.com\/fr\/?s={search_term_string}"},"query-input":{"@type":"PropertyValueSpecification","valueRequired":true,"valueName":"search_term_string"}}],"inLanguage":"en-US"},{"@type":"Organization","@id":"https:\/\/www.bullhorn.com\/fr\/#organization","name":"Bullhorn","url":"https:\/\/www.bullhorn.com\/fr\/","logo":{"@type":"ImageObject","inLanguage":"en-US","@id":"https:\/\/www.bullhorn.com\/fr\/#\/schema\/logo\/image\/","url":"https:\/\/www.bullhorn.com\/fr\/wp-content\/uploads\/sites\/14\/2021\/09\/og-img.png","contentUrl":"https:\/\/www.bullhorn.com\/fr\/wp-content\/uploads\/sites\/14\/2021\/09\/og-img.png","width":1200,"height":628,"caption":"Bullhorn"},"image":{"@id":"https:\/\/www.bullhorn.com\/fr\/#\/schema\/logo\/image\/"},"sameAs":["https:\/\/www.facebook.com\/Bullhorn\/","https:\/\/x.com\/Bullhorn","https:\/\/www.instagram.com\/lifeatbullhorn\/?hl=fr","https:\/\/www.linkedin.com\/company\/bullhorn","https:\/\/www.youtube.com\/channel\/UC-Rgm5YxtoxsvlCHy6KW3Ug","https:\/\/en.wikipedia.org\/wiki\/Bullhorn,_Inc."]}]}},"grav_blocks":[{"acf_fc_layout":"columns","block_title":"Pourquoi votre entreprise a-t-elle besoin d\u2019un Applicant Tracking System (ATS) ?","block_aria":"","block_subtitle":"","format":"","enable_box_shadow":false,"columns":[{"type":"wysiwyg","wysiwyg":"<p>Il se peut que votre entreprise utilise une base de donn\u00e9es pour garder une trace de vos candidats. Mais il se peut \u00e9galement que le design de cette base de donn\u00e9es soit lourd et d\u00e9sorganis\u00e9. Une base de donn\u00e9es ne fournit tout simplement pas toutes les ressources dont votre entreprise a besoin afin de trouver les meilleurs talents.<\/p>\n<p>Pour ce qui est de l\u2019interaction avec les candidats quant \u00e0 l\u2019ouverture de certains postes, un Applicant Tracking System (ATS) est une n\u00e9cessit\u00e9 absolue. Le meilleur des Applicant Tracking Systems (ATS) poss\u00e8de une structure robuste et une facilit\u00e9 d\u2019utilisation permettant de rationaliser la <a href=\"https:\/\/www.bullhorn.com\/topics\/candidate-management\/\">gestion des candidats<\/a> du d\u00e9but \u00e0 la fin.<\/p>\n","accordion_open_first_section":false,"accordion_multiple_open_sections":false,"accordion_items":false,"icon_list_items":false},{"type":"wysiwyg","wysiwyg":"<p><img loading=\"lazy\" decoding=\"async\" class=\"alignnone wp-image-1457 size-full\" src=\"https:\/\/www.bullhorn.com\/fr\/wp-content\/uploads\/sites\/14\/2021\/09\/Topics_Best_ATS_Laptop.png\" alt=\"\" width=\"471\" height=\"333\" srcset=\"https:\/\/www.bullhorn.com\/fr\/wp-content\/uploads\/sites\/14\/2021\/09\/Topics_Best_ATS_Laptop.png 471w, https:\/\/www.bullhorn.com\/fr\/wp-content\/uploads\/sites\/14\/2021\/09\/Topics_Best_ATS_Laptop-300x212.png 300w\" sizes=\"auto, (max-width: 471px) 100vw, 471px\" \/><\/p>\n","accordion_open_first_section":false,"accordion_multiple_open_sections":false,"accordion_items":false,"icon_list_items":false}],"block_background":"block-bg-none","block_background_video_type":"url","block_background_video_url":"","block_background_video_file":false,"block_background_image":false,"block_background_overlay":false,"unique_id":"","block_option_custom_class":"","block_animate":false,"block_option_padding":[],"block_option_hide":[],"bg_lower_slant_color":""},{"acf_fc_layout":"columns","block_title":"Les \u00e9l\u00e9ments cl\u00e9s d\u00e9marquant le meilleur Applicant Tracking System (ATS)","block_aria":"","block_subtitle":"","format":"","enable_box_shadow":false,"columns":[{"type":"wysiwyg","wysiwyg":"<h3>L\u2019engagement des candidats<\/h3>\n<p>L\u2019exp\u00e9rience des candidats est d\u2019une importance extr\u00eame aujourd\u2019hui dans l\u2019industrie du recrutement. Le meilleur Applicant Tracking System (ATS) permet \u00e0 ses utilisateurs de cr\u00e9er des interactions positives avec les candidats \u00e0 chaque tournant.<\/p>\n<p>Les capacit\u00e9s d&#8217;Applicant Tracking devraient vous permettre non seulement d\u2019\u00eatre connect\u00e9 facilement \u00e0 vos candidats en postant sur vos tableaux d\u2019offre d\u2019emplois, vos r\u00e9seaux sociaux, et vos portaux carri\u00e8re, mais aussi d\u2019entrer en contact avec des candidats passifs sur votre base de donn\u00e9es afin de trouver le match parfait pour chaque commande d\u2019emploi.<\/p>\n<p><a class=\"button button--orange\" href=\"#show-demo-modal\">Demo<\/a><\/p>\n","accordion_open_first_section":false,"accordion_multiple_open_sections":false,"accordion_items":false,"icon_list_items":false},{"type":"wysiwyg","wysiwyg":"<p><img loading=\"lazy\" decoding=\"async\" class=\"alignnone wp-image-1458 size-full\" src=\"https:\/\/www.bullhorn.com\/fr\/wp-content\/uploads\/sites\/14\/2021\/09\/view@2x-6-3.png\" alt=\"\" width=\"1000\" height=\"229\" srcset=\"https:\/\/www.bullhorn.com\/fr\/wp-content\/uploads\/sites\/14\/2021\/09\/view@2x-6-3.png 1000w, https:\/\/www.bullhorn.com\/fr\/wp-content\/uploads\/sites\/14\/2021\/09\/view@2x-6-3-300x69.png 300w, https:\/\/www.bullhorn.com\/fr\/wp-content\/uploads\/sites\/14\/2021\/09\/view@2x-6-3-768x176.png 768w\" sizes=\"auto, (max-width: 1000px) 100vw, 1000px\" \/><\/p>\n","accordion_open_first_section":false,"accordion_multiple_open_sections":false,"accordion_items":false,"icon_list_items":false}],"block_background":"block-bg-none","block_background_video_type":"url","block_background_video_url":"","block_background_video_file":false,"block_background_image":false,"block_background_overlay":false,"unique_id":"","block_option_custom_class":"","block_animate":false,"block_option_padding":[],"block_option_hide":[],"bg_lower_slant_color":""},{"acf_fc_layout":"columns","block_title":"","block_aria":"","block_subtitle":"","format":"","enable_box_shadow":false,"columns":[{"type":"wysiwyg","wysiwyg":"<h3>Int\u00e9gration d\u2019email<\/h3>\n<p>Ne perdez pas votre temps \u00e0 changer de fen\u00eatre pour effectuer vos fonctions de recrutement de tous les jours. Avec l\u2019int\u00e9gration d\u2019email \u00e0 votre <a href=\"https:\/\/www.bullhorn.com\/products\/applicant-tracking-system\/\">Applicant Tracking System (ATS)<\/a>, vous pouvez augmenter la productivit\u00e9 de votre entreprise en permettant \u00e0 vos recruteurs d\u2019achever davantage plus rapidement.<\/p>\n<p>Le meilleur Applicant Tracking System (ATS) pour votre entreprise poss\u00e8de une int\u00e9gration d\u2019email qui non seulement vous permet d\u2019envoyer et de recevoir des emails depuis l\u2019int\u00e9rieur de votre ATS, mais qui garde \u00e9galement une trace de toutes les activit\u00e9s sur emails afin que vous ne manquiez jamais la moindre conversation.<\/p>\n","accordion_open_first_section":false,"accordion_multiple_open_sections":false,"accordion_items":false,"icon_list_items":false},{"type":"wysiwyg","wysiwyg":"<p><img loading=\"lazy\" decoding=\"async\" class=\"alignnone wp-image-1459 size-full\" src=\"https:\/\/www.bullhorn.com\/fr\/wp-content\/uploads\/sites\/14\/2021\/09\/view@2x-8-2.jpg\" alt=\"\" width=\"1100\" height=\"621\" srcset=\"https:\/\/www.bullhorn.com\/fr\/wp-content\/uploads\/sites\/14\/2021\/09\/view@2x-8-2.jpg 1100w, https:\/\/www.bullhorn.com\/fr\/wp-content\/uploads\/sites\/14\/2021\/09\/view@2x-8-2-300x169.jpg 300w, https:\/\/www.bullhorn.com\/fr\/wp-content\/uploads\/sites\/14\/2021\/09\/view@2x-8-2-1024x578.jpg 1024w, https:\/\/www.bullhorn.com\/fr\/wp-content\/uploads\/sites\/14\/2021\/09\/view@2x-8-2-768x434.jpg 768w\" sizes=\"auto, (max-width: 1100px) 100vw, 1100px\" \/><\/p>\n","accordion_open_first_section":false,"accordion_multiple_open_sections":false,"accordion_items":false,"icon_list_items":false}],"block_background":"block-bg-none","block_background_video_type":"url","block_background_video_url":"","block_background_video_file":false,"block_background_image":false,"block_background_overlay":false,"unique_id":"","block_option_custom_class":"","block_animate":false,"block_option_padding":[],"block_option_hide":[],"bg_lower_slant_color":""},{"acf_fc_layout":"columns","block_title":"","block_aria":"","block_subtitle":"","format":"","enable_box_shadow":false,"columns":[{"type":"wysiwyg","wysiwyg":"<h3>Recherche avanc\u00e9e et capacit\u00e9 d\u2019appariement<\/h3>\n<p>Avec des options telles qu\u2019une recherche avanc\u00e9e par clavier et recherche bool\u00e9enne, le meilleur Applicant Tracking System (ATS) peut rendre le processus de placement sur un emploi plus simple. Rechercher au sein de votre propre logiciel devrait \u00eatre simple et rapide. Les candidats, postes, contacts et entreprises id\u00e9al(e)s devraient appara\u00eetre \u00e9vident(e)s dans vos r\u00e9sultats.<\/p>\n<p>Les r\u00e9sultats les plus pertinents et r\u00e9cents devraient \u00eatre prioritis\u00e9s. Vous devriez \u00eatre capable de favoriser vos recherches afin d\u2019augmenter l\u2019efficacit\u00e9 de l\u2019Applicant Tracking de votre entreprise.<\/p>\n<p><a class=\"button button--orange\" href=\"#show-demo-modal\">Demo<\/a><\/p>\n","accordion_open_first_section":false,"accordion_multiple_open_sections":false,"accordion_items":false,"icon_list_items":false},{"type":"wysiwyg","wysiwyg":"<p><img loading=\"lazy\" decoding=\"async\" class=\"alignnone wp-image-1460 size-full\" src=\"https:\/\/www.bullhorn.com\/fr\/wp-content\/uploads\/sites\/14\/2021\/09\/Search_Capabilities.gif\" alt=\"\" width=\"600\" height=\"400\" \/><\/p>\n","accordion_open_first_section":false,"accordion_multiple_open_sections":false,"accordion_items":false,"icon_list_items":false}],"block_background":"block-bg-none","block_background_video_type":"url","block_background_video_url":"","block_background_video_file":false,"block_background_image":false,"block_background_overlay":false,"unique_id":"","block_option_custom_class":"","block_animate":false,"block_option_padding":[],"block_option_hide":[],"bg_lower_slant_color":""},{"acf_fc_layout":"global-block","block_group":1029}],"_links":{"self":[{"href":"https:\/\/www.bullhorn.com\/fr\/wp-json\/wp\/v2\/pages\/1456","targetHints":{"allow":["GET"]}}],"collection":[{"href":"https:\/\/www.bullhorn.com\/fr\/wp-json\/wp\/v2\/pages"}],"about":[{"href":"https:\/\/www.bullhorn.com\/fr\/wp-json\/wp\/v2\/types\/page"}],"author":[{"embeddable":true,"href":"https:\/\/www.bullhorn.com\/fr\/wp-json\/wp\/v2\/users\/302"}],"replies":[{"embeddable":true,"href":"https:\/\/www.bullhorn.com\/fr\/wp-json\/wp\/v2\/comments?post=1456"}],"version-history":[{"count":2,"href":"https:\/\/www.bullhorn.com\/fr\/wp-json\/wp\/v2\/pages\/1456\/revisions"}],"predecessor-version":[{"id":1557,"href":"https:\/\/www.bullhorn.com\/fr\/wp-json\/wp\/v2\/pages\/1456\/revisions\/1557"}],"wp:attachment":[{"href":"https:\/\/www.bullhorn.com\/fr\/wp-json\/wp\/v2\/media?parent=1456"}],"curies":[{"name":"wp","href":"https:\/\/api.w.org\/{rel}","templated":true}]}}