{"id":1779,"date":"2023-02-08T17:36:23","date_gmt":"2023-02-08T17:36:23","guid":{"rendered":"https:\/\/www.bullhorn.com\/fr\/test-2023-industry-trends-report\/"},"modified":"2023-02-28T20:18:31","modified_gmt":"2023-02-28T20:18:31","slug":"barometre-tendances","status":"publish","type":"page","link":"https:\/\/www.bullhorn.com\/fr\/grid\/barometre-tendances\/","title":{"rendered":"Rapport GRID 2023 sur les tendances du secteur"},"content":{"rendered":"","protected":false},"excerpt":{"rendered":"","protected":false},"author":403,"featured_media":1794,"parent":1838,"menu_order":0,"comment_status":"closed","ping_status":"closed","template":"templates\/page-grid.php","meta":{"_acf_changed":false,"om_disable_all_campaigns":false},"class_list":["post-1779","page","type-page","status-publish","has-post-thumbnail","hentry"],"acf":[],"yoast_head":"<!-- This site is optimized with the Yoast SEO plugin v27.2 - https:\/\/yoast.com\/product\/yoast-seo-wordpress\/ -->\n<title>Rapport GRID 2023 sur les tendances du secteur - Bullhorn FR<\/title>\n<meta name=\"robots\" content=\"index, follow, max-snippet:-1, max-image-preview:large, max-video-preview:-1\" \/>\n<link rel=\"canonical\" href=\"https:\/\/www.bullhorn.com\/fr\/grid\/barometre-tendances\/\" \/>\n<meta property=\"og:locale\" content=\"en_US\" \/>\n<meta property=\"og:type\" content=\"article\" \/>\n<meta property=\"og:title\" content=\"Rapport GRID 2023 sur les tendances du secteur - Bullhorn FR\" \/>\n<meta property=\"og:url\" content=\"https:\/\/www.bullhorn.com\/fr\/grid\/barometre-tendances\/\" \/>\n<meta property=\"og:site_name\" content=\"Bullhorn FR\" \/>\n<meta property=\"article:publisher\" content=\"https:\/\/www.facebook.com\/Bullhorn\/\" \/>\n<meta property=\"article:modified_time\" content=\"2023-02-28T20:18:31+00:00\" \/>\n<meta property=\"og:image\" content=\"https:\/\/www.bullhorn.com\/fr\/wp-content\/uploads\/sites\/14\/2023\/02\/FRENCH_GRID_Stats_Social_Image1_V1.jpg\" \/>\n\t<meta property=\"og:image:width\" content=\"1200\" \/>\n\t<meta property=\"og:image:height\" content=\"627\" \/>\n\t<meta property=\"og:image:type\" content=\"image\/jpeg\" \/>\n<meta name=\"twitter:card\" content=\"summary_large_image\" \/>\n<meta name=\"twitter:site\" content=\"@Bullhorn\" \/>\n<script type=\"application\/ld+json\" class=\"yoast-schema-graph\">{\"@context\":\"https:\/\/schema.org\",\"@graph\":[{\"@type\":\"WebPage\",\"@id\":\"https:\/\/www.bullhorn.com\/fr\/grid\/barometre-tendances\/\",\"url\":\"https:\/\/www.bullhorn.com\/fr\/grid\/barometre-tendances\/\",\"name\":\"Rapport GRID 2023 sur les tendances du secteur - Bullhorn FR\",\"isPartOf\":{\"@id\":\"https:\/\/www.bullhorn.com\/fr\/#website\"},\"primaryImageOfPage\":{\"@id\":\"https:\/\/www.bullhorn.com\/fr\/grid\/barometre-tendances\/#primaryimage\"},\"image\":{\"@id\":\"https:\/\/www.bullhorn.com\/fr\/grid\/barometre-tendances\/#primaryimage\"},\"thumbnailUrl\":\"https:\/\/www.bullhorn.com\/fr\/wp-content\/uploads\/sites\/14\/2023\/02\/FRENCH_GRID_Stats_Social_Image1_V1.jpg\",\"datePublished\":\"2023-02-08T17:36:23+00:00\",\"dateModified\":\"2023-02-28T20:18:31+00:00\",\"breadcrumb\":{\"@id\":\"https:\/\/www.bullhorn.com\/fr\/grid\/barometre-tendances\/#breadcrumb\"},\"inLanguage\":\"en-US\",\"potentialAction\":[{\"@type\":\"ReadAction\",\"target\":[\"https:\/\/www.bullhorn.com\/fr\/grid\/barometre-tendances\/\"]}]},{\"@type\":\"ImageObject\",\"inLanguage\":\"en-US\",\"@id\":\"https:\/\/www.bullhorn.com\/fr\/grid\/barometre-tendances\/#primaryimage\",\"url\":\"https:\/\/www.bullhorn.com\/fr\/wp-content\/uploads\/sites\/14\/2023\/02\/FRENCH_GRID_Stats_Social_Image1_V1.jpg\",\"contentUrl\":\"https:\/\/www.bullhorn.com\/fr\/wp-content\/uploads\/sites\/14\/2023\/02\/FRENCH_GRID_Stats_Social_Image1_V1.jpg\",\"width\":1200,\"height\":627},{\"@type\":\"BreadcrumbList\",\"@id\":\"https:\/\/www.bullhorn.com\/fr\/grid\/barometre-tendances\/#breadcrumb\",\"itemListElement\":[{\"@type\":\"ListItem\",\"position\":1,\"name\":\"Home\",\"item\":\"https:\/\/www.bullhorn.com\/fr\/\"},{\"@type\":\"ListItem\",\"position\":2,\"name\":\"GRID\",\"item\":\"https:\/\/www.bullhorn.com\/fr\/grid\/\"},{\"@type\":\"ListItem\",\"position\":3,\"name\":\"Rapport GRID 2023 sur les tendances du secteur\"}]},{\"@type\":\"WebSite\",\"@id\":\"https:\/\/www.bullhorn.com\/fr\/#website\",\"url\":\"https:\/\/www.bullhorn.com\/fr\/\",\"name\":\"Bullhorn FR\",\"description\":\"\",\"publisher\":{\"@id\":\"https:\/\/www.bullhorn.com\/fr\/#organization\"},\"potentialAction\":[{\"@type\":\"SearchAction\",\"target\":{\"@type\":\"EntryPoint\",\"urlTemplate\":\"https:\/\/www.bullhorn.com\/fr\/?s={search_term_string}\"},\"query-input\":{\"@type\":\"PropertyValueSpecification\",\"valueRequired\":true,\"valueName\":\"search_term_string\"}}],\"inLanguage\":\"en-US\"},{\"@type\":\"Organization\",\"@id\":\"https:\/\/www.bullhorn.com\/fr\/#organization\",\"name\":\"Bullhorn\",\"url\":\"https:\/\/www.bullhorn.com\/fr\/\",\"logo\":{\"@type\":\"ImageObject\",\"inLanguage\":\"en-US\",\"@id\":\"https:\/\/www.bullhorn.com\/fr\/#\/schema\/logo\/image\/\",\"url\":\"https:\/\/www.bullhorn.com\/fr\/wp-content\/uploads\/sites\/14\/2021\/09\/og-img.png\",\"contentUrl\":\"https:\/\/www.bullhorn.com\/fr\/wp-content\/uploads\/sites\/14\/2021\/09\/og-img.png\",\"width\":1200,\"height\":628,\"caption\":\"Bullhorn\"},\"image\":{\"@id\":\"https:\/\/www.bullhorn.com\/fr\/#\/schema\/logo\/image\/\"},\"sameAs\":[\"https:\/\/www.facebook.com\/Bullhorn\/\",\"https:\/\/x.com\/Bullhorn\",\"https:\/\/www.instagram.com\/lifeatbullhorn\/?hl=fr\",\"https:\/\/www.linkedin.com\/company\/bullhorn\",\"https:\/\/www.youtube.com\/channel\/UC-Rgm5YxtoxsvlCHy6KW3Ug\",\"https:\/\/en.wikipedia.org\/wiki\/Bullhorn,_Inc.\"]}]}<\/script>\n<!-- \/ Yoast SEO plugin. -->","yoast_head_json":{"title":"Rapport GRID 2023 sur les tendances du secteur - Bullhorn FR","robots":{"index":"index","follow":"follow","max-snippet":"max-snippet:-1","max-image-preview":"max-image-preview:large","max-video-preview":"max-video-preview:-1"},"canonical":"https:\/\/www.bullhorn.com\/fr\/grid\/barometre-tendances\/","og_locale":"en_US","og_type":"article","og_title":"Rapport GRID 2023 sur les tendances du secteur - Bullhorn FR","og_url":"https:\/\/www.bullhorn.com\/fr\/grid\/barometre-tendances\/","og_site_name":"Bullhorn FR","article_publisher":"https:\/\/www.facebook.com\/Bullhorn\/","article_modified_time":"2023-02-28T20:18:31+00:00","og_image":[{"width":1200,"height":627,"url":"https:\/\/www.bullhorn.com\/fr\/wp-content\/uploads\/sites\/14\/2023\/02\/FRENCH_GRID_Stats_Social_Image1_V1.jpg","type":"image\/jpeg"}],"twitter_card":"summary_large_image","twitter_site":"@Bullhorn","schema":{"@context":"https:\/\/schema.org","@graph":[{"@type":"WebPage","@id":"https:\/\/www.bullhorn.com\/fr\/grid\/barometre-tendances\/","url":"https:\/\/www.bullhorn.com\/fr\/grid\/barometre-tendances\/","name":"Rapport GRID 2023 sur les tendances du secteur - Bullhorn FR","isPartOf":{"@id":"https:\/\/www.bullhorn.com\/fr\/#website"},"primaryImageOfPage":{"@id":"https:\/\/www.bullhorn.com\/fr\/grid\/barometre-tendances\/#primaryimage"},"image":{"@id":"https:\/\/www.bullhorn.com\/fr\/grid\/barometre-tendances\/#primaryimage"},"thumbnailUrl":"https:\/\/www.bullhorn.com\/fr\/wp-content\/uploads\/sites\/14\/2023\/02\/FRENCH_GRID_Stats_Social_Image1_V1.jpg","datePublished":"2023-02-08T17:36:23+00:00","dateModified":"2023-02-28T20:18:31+00:00","breadcrumb":{"@id":"https:\/\/www.bullhorn.com\/fr\/grid\/barometre-tendances\/#breadcrumb"},"inLanguage":"en-US","potentialAction":[{"@type":"ReadAction","target":["https:\/\/www.bullhorn.com\/fr\/grid\/barometre-tendances\/"]}]},{"@type":"ImageObject","inLanguage":"en-US","@id":"https:\/\/www.bullhorn.com\/fr\/grid\/barometre-tendances\/#primaryimage","url":"https:\/\/www.bullhorn.com\/fr\/wp-content\/uploads\/sites\/14\/2023\/02\/FRENCH_GRID_Stats_Social_Image1_V1.jpg","contentUrl":"https:\/\/www.bullhorn.com\/fr\/wp-content\/uploads\/sites\/14\/2023\/02\/FRENCH_GRID_Stats_Social_Image1_V1.jpg","width":1200,"height":627},{"@type":"BreadcrumbList","@id":"https:\/\/www.bullhorn.com\/fr\/grid\/barometre-tendances\/#breadcrumb","itemListElement":[{"@type":"ListItem","position":1,"name":"Home","item":"https:\/\/www.bullhorn.com\/fr\/"},{"@type":"ListItem","position":2,"name":"GRID","item":"https:\/\/www.bullhorn.com\/fr\/grid\/"},{"@type":"ListItem","position":3,"name":"Rapport GRID 2023 sur les tendances du secteur"}]},{"@type":"WebSite","@id":"https:\/\/www.bullhorn.com\/fr\/#website","url":"https:\/\/www.bullhorn.com\/fr\/","name":"Bullhorn FR","description":"","publisher":{"@id":"https:\/\/www.bullhorn.com\/fr\/#organization"},"potentialAction":[{"@type":"SearchAction","target":{"@type":"EntryPoint","urlTemplate":"https:\/\/www.bullhorn.com\/fr\/?s={search_term_string}"},"query-input":{"@type":"PropertyValueSpecification","valueRequired":true,"valueName":"search_term_string"}}],"inLanguage":"en-US"},{"@type":"Organization","@id":"https:\/\/www.bullhorn.com\/fr\/#organization","name":"Bullhorn","url":"https:\/\/www.bullhorn.com\/fr\/","logo":{"@type":"ImageObject","inLanguage":"en-US","@id":"https:\/\/www.bullhorn.com\/fr\/#\/schema\/logo\/image\/","url":"https:\/\/www.bullhorn.com\/fr\/wp-content\/uploads\/sites\/14\/2021\/09\/og-img.png","contentUrl":"https:\/\/www.bullhorn.com\/fr\/wp-content\/uploads\/sites\/14\/2021\/09\/og-img.png","width":1200,"height":628,"caption":"Bullhorn"},"image":{"@id":"https:\/\/www.bullhorn.com\/fr\/#\/schema\/logo\/image\/"},"sameAs":["https:\/\/www.facebook.com\/Bullhorn\/","https:\/\/x.com\/Bullhorn","https:\/\/www.instagram.com\/lifeatbullhorn\/?hl=fr","https:\/\/www.linkedin.com\/company\/bullhorn","https:\/\/www.youtube.com\/channel\/UC-Rgm5YxtoxsvlCHy6KW3Ug","https:\/\/en.wikipedia.org\/wiki\/Bullhorn,_Inc."]}]}},"grav_blocks":[{"acf_fc_layout":"content-icon-box","icon":"","icon_color":"green","icon_alignment":"left","background_shape":"","parallax_fx":false,"title":"","block_aria":"","content":"<h2 class=\"title-color-purple\">Qu&#8217;est-ce que les agences de recrutement et les entreprises de travail temporaire les plus performantes ont en commun ?<\/h2>\n<h3 style=\"font-family: 'Montserrat', Montserrat, sans-serif\">Le rapport de cette ann\u00e9e a r\u00e9v\u00e9l\u00e9 certaines tendances communes aux agences qui ont connu la plus forte croissance de leurs revenus en 2022. Les agences les plus performantes ont adopt\u00e9 une approche diff\u00e9rente dans leur fa\u00e7on d&#8217;utiliser la technologie, de trouver des candidats (sourcing) et d&#8217;engager leurs viviers de talents. Apprenez-en davantage sur ce qui les distingue et obtenez une analyse d\u00e9taill\u00e9e de leurs priorit\u00e9s, leurs d\u00e9fis et leurs perspectives dans l&#8217;ensemble du secteur.<\/h3>\n<p><a href=\"#banner\" class=\"button button--magenta\">Lire le rapport<\/a><\/p>\n","links_title":"Related Products","links":false,"block_background":"block-bg-none","block_background_video_type":"url","block_background_video_url":"","block_background_video_file":false,"block_background_image":false,"block_background_overlay":false,"unique_id":"","block_option_custom_class":"","block_animate":true,"block_option_padding":[],"block_option_hide":[],"bg_lower_slant_color":"white"},{"acf_fc_layout":"card-grid","block_title":"","block_aria":"","block_subtitle":"","background_shape":"","background_shape_position":"left","parallax_fx":false,"title_position":"top","cards_bg_color":"","cards_border":false,"cards_per_row":"4","cards":[{"icon":"","icon_color":"green","line_title_with_icon":false,"inline_title":"","content":"<h3 style=\"font-family: 'Montserrat', Montserrat, sans-serif;\" class=\"title-color-purple\">Voici quelques exemples de ce que les agences les plus performantes ont fait diff\u00e9remment<\/h3>\n<div class=\"row\">\n<div class=\"container small-2\" style=\"margin: auto; text-align: center;\">\n<h2 style=\"font-size: 6.5rem; color: #cc33cc;\">2x<\/h2>\n<\/p><\/div>\n<div class=\"container small-9\">\n<h5><i class=\"fa-solid fa-arrow-right\"><\/i> plus susceptibles de digitaliser les donn\u00e9es<\/h5>\n<h5><i class=\"fa-solid fa-arrow-right\"><\/i> plus susceptibles d&#8217;automatiser les processus<\/h5>\n<h5><i class=\"fa-solid fa-arrow-right\"><\/i> plus susceptibles d&#8217;exceller dans le replacement de candidats<\/h5>\n<\/p><\/div>\n<\/div>\n"},{"icon":"","icon_color":"green","line_title_with_icon":false,"inline_title":"","content":"<h3 style=\"font-family: 'Montserrat', Montserrat, sans-serif;\" class=\"title-color-purple\">Qu&#8217;apprendrez-vous d&#8217;autre dans le rapport de cette ann\u00e9e ?<\/h3>\n<h5><i class=\"fa-solid fa-arrow-right\"><\/i> Ce que les agences les plus performantes de l&#8217;ann\u00e9e derni\u00e8re ont fait pour devancer la concurrence<\/h5>\n<h5><i class=\"fa-solid fa-arrow-right\"><\/i> Pourquoi obtenir de nouveaux contrats est la priorit\u00e9 absolue pour la premi\u00e8re fois en six ans<\/h5>\n<h5><i class=\"fa-solid fa-arrow-right\"><\/i> Comment les agences de recrutement et les entreprises de travail temporaire s&#8217;adaptent \u00e0 la p\u00e9nurie de comp\u00e9tences persistante<\/h5>\n"}],"block_background":"block-bg-none","block_background_video_type":"url","block_background_video_url":"","block_background_video_file":false,"block_background_image":false,"block_background_overlay":false,"unique_id":"","block_option_custom_class":"","block_animate":true,"block_option_padding":["block-options-padding-remove-bottom"],"block_option_hide":[],"bg_lower_slant_color":""},{"acf_fc_layout":"columns","block_title":"","block_aria":"","block_subtitle":"","format":"","enable_box_shadow":false,"columns":[{"type":"wysiwyg","wysiwyg":"<h2 class=\"title-color-purple\">\u00c0 propos du rapport<\/h2>\n<h3 style=\"font-family: 'Montserrat', Montserrat, sans-serif\">Notre 13e rapport annuel comprend notre analyse la plus compl\u00e8te du secteur du recrutement \u00e0 ce jour, englobant les r\u00e9ponses d&#8217;entreprises de toutes tailles, de tous mod\u00e8les de recrutement et de tous secteurs de clients. Plus de 2 000 professionnels du recrutement du monde entier ont r\u00e9pondu \u00e0 l&#8217;enqu\u00eate de cette ann\u00e9e.<\/h3>\n<p><a href=\"#banner\" class=\"button button--magenta\">Lire le rapport<\/a><\/p>\n","accordion_open_first_section":false,"accordion_multiple_open_sections":false,"accordion_items":false,"icon_list_items":false}],"block_background":"block-bg-none","block_background_video_type":"url","block_background_video_url":"","block_background_video_file":false,"block_background_image":false,"block_background_overlay":false,"unique_id":"","block_option_custom_class":"","block_animate":false,"block_option_padding":["block-options-padding-add-extra"],"block_option_hide":[],"bg_lower_slant_color":""}],"_links":{"self":[{"href":"https:\/\/www.bullhorn.com\/fr\/wp-json\/wp\/v2\/pages\/1779","targetHints":{"allow":["GET"]}}],"collection":[{"href":"https:\/\/www.bullhorn.com\/fr\/wp-json\/wp\/v2\/pages"}],"about":[{"href":"https:\/\/www.bullhorn.com\/fr\/wp-json\/wp\/v2\/types\/page"}],"author":[{"embeddable":true,"href":"https:\/\/www.bullhorn.com\/fr\/wp-json\/wp\/v2\/users\/403"}],"replies":[{"embeddable":true,"href":"https:\/\/www.bullhorn.com\/fr\/wp-json\/wp\/v2\/comments?post=1779"}],"version-history":[{"count":5,"href":"https:\/\/www.bullhorn.com\/fr\/wp-json\/wp\/v2\/pages\/1779\/revisions"}],"predecessor-version":[{"id":1893,"href":"https:\/\/www.bullhorn.com\/fr\/wp-json\/wp\/v2\/pages\/1779\/revisions\/1893"}],"up":[{"embeddable":true,"href":"https:\/\/www.bullhorn.com\/fr\/wp-json\/wp\/v2\/pages\/1838"}],"wp:featuredmedia":[{"embeddable":true,"href":"https:\/\/www.bullhorn.com\/fr\/wp-json\/wp\/v2\/media\/1794"}],"wp:attachment":[{"href":"https:\/\/www.bullhorn.com\/fr\/wp-json\/wp\/v2\/media?parent=1779"}],"curies":[{"name":"wp","href":"https:\/\/api.w.org\/{rel}","templated":true}]}}