{"id":483,"date":"2017-11-21T16:48:48","date_gmt":"2017-11-21T16:48:48","guid":{"rendered":"https:\/\/www.bullhorn.com\/fr\/?page_id=483"},"modified":"2019-06-21T13:52:35","modified_gmt":"2019-06-21T13:52:35","slug":"solution-agences-dinterim-et-cabinets-de-recrutement","status":"publish","type":"page","link":"https:\/\/www.bullhorn.com\/fr\/solution-agences-dinterim-et-cabinets-de-recrutement\/","title":{"rendered":"Le syst\u00e8me de suivi des candidats et la gestion de la relation client de Bullhorn Connexys"},"content":{"rendered":"<h1 style=\"text-align: left;\">Logiciel pour agences d&#8217;interim et cabinets de recrutement<\/h1>\n<p style=\"text-align: left;\"> Rendu possible sur la plateforme Salesforce<\/p>\n<p style=\"text-align: left;\"><a href=\"\/fr\/demo\/?LS=Website&LSD=Connexys_ATS_ProductPage_FR&LA=CXS_ATS_ContactSales_FR&LAD=CXS_ATS_ContactSales_FR\" class=\"btn btn-orange btn-md\">Planifiez une d\u00e9monstration<\/a><\/p>\n<img loading=\"lazy\" decoding=\"async\" src=\"https:\/\/www.bullhorn.com\/eu\/wp-content\/uploads\/sites\/13\/2017\/11\/MAN_BE_Logo_SS_HOR_MC_RGB.png\" alt=\"\" width=\"1169\" height=\"222\" \/>\n<img decoding=\"async\" src=\"https:\/\/upload.wikimedia.org\/wikipedia\/commons\/thumb\/1\/10\/Randstad_Logo.svg\/2000px-Randstad_Logo.svg.png\" \/>\n<img loading=\"lazy\" decoding=\"async\" src=\"https:\/\/www.bullhorn.com\/fr\/wp-content\/uploads\/sites\/14\/2017\/11\/Trifinance.png\" alt=\"\" width=\"200\" height=\"63\" \/>\n<img loading=\"lazy\" decoding=\"async\" src=\"https:\/\/www.bullhorn.com\/fr\/wp-content\/uploads\/sites\/14\/2017\/11\/Trenkwalder.png\" alt=\"\" width=\"214\" height=\"24\" \/>\n<img loading=\"lazy\" decoding=\"async\" src=\"https:\/\/www.bullhorn.com\/fr\/wp-content\/uploads\/sites\/14\/2017\/11\/Otto-Workforce.png\" alt=\"\" width=\"123\" height=\"45\" \/>\n<h2 style=\"text-align: center;\">Recrutez les meilleurs candidats avec le logiciel n\u00b01 de gestion de relation client<\/h2>\n<img loading=\"lazy\" decoding=\"async\" src=\"https:\/\/www.bullhorn.com\/fr\/wp-content\/uploads\/sites\/14\/2017\/11\/staffing-software.png\" alt=\"\" width=\"363\" height=\"279\" \/>\n<h3>Les plus grands cabinets de recrutement en Europe utilisent Bullhorn Connexys pour les raisons suivantes :<\/h3>\n<ul>\n<li style=\"font-weight: 400;\">Sa facilit\u00e9 d&#8217;utilisation<\/li>\n<li style=\"font-weight: 400;\">Des processus rapides et efficaces<\/li>\n<li style=\"font-weight: 400;\">Sa flexibilit\u00e9<\/li>\n<li>Son acc\u00e8s \u00e0 l&#8217;App Exchange de Salesforce avec plus de 3000 applications<\/li>\n<li>Compatible avec Salesforce Lightning, pour une exp\u00e9rience utilisateur incroyable<\/li>\n<\/ul>\n<p>&nbsp;<\/p>\n<h2 style=\"text-align: center;\">Tout comme Randstad et Manpower, optez pour le leader du logiciel de recrutement<\/h2>\n<h2 style=\"text-align: center;\">Fonctionnalit\u00e9s pour travailler plus vite et plus intelligemment :<\/h2>\n<img loading=\"lazy\" decoding=\"async\" src=\"https:\/\/www.bullhorn.com\/fr\/wp-content\/uploads\/sites\/14\/2017\/11\/SearchAndMatch_150x150_V1.png\" alt=\"\" width=\"150\" height=\"150\" \/>\n<h3>Rechercher et trouver<\/h3>\n<p>Chercher et trouver intelligemment les meilleurs candidats en quelques secondes.<\/p>\n<img loading=\"lazy\" decoding=\"async\" src=\"https:\/\/www.bullhorn.com\/fr\/wp-content\/uploads\/sites\/14\/2017\/11\/CollaborativeWorkSpaces_150x150_V1.png\" alt=\"\" width=\"150\" height=\"150\" \/>\n<h3>Lieux de travail communs<\/h3>\n<p>Coop\u00e9rez pour \u00e9valuer l&#8217;ensemble des candidats, proposez des candidats \u00e0 des coll\u00e8gues et pr\u00e9sentez ensemble des candidats avec une offre attrayante.<\/p>\n<img loading=\"lazy\" decoding=\"async\" src=\"https:\/\/www.bullhorn.com\/fr\/wp-content\/uploads\/sites\/14\/2017\/11\/SelectionCommittees_150x150_V1.png\" alt=\"\" width=\"150\" height=\"150\" \/>\n<h3>Comit\u00e9s de s\u00e9lection<\/h3>\n<p>Instaurez des comit\u00e9s de s\u00e9lection, afin que plusieurs personnes puissent participer au processus d&#8217;\u00e9valuation des candidats.<\/p>\n<p>&nbsp;<\/p>\n<img loading=\"lazy\" decoding=\"async\" src=\"https:\/\/www.bullhorn.com\/fr\/wp-content\/uploads\/sites\/14\/2017\/11\/TalentPools_150x150_V1.png\" alt=\"\" width=\"150\" height=\"150\" \/>\n<h3>Base de donn\u00e9es de talents<\/h3>\n<p>G\u00e9rez vos candidats de valeur en utilisant des bases de donn\u00e9es de talents avanc\u00e9s.<\/p>\n<img loading=\"lazy\" decoding=\"async\" src=\"https:\/\/www.bullhorn.com\/fr\/wp-content\/uploads\/sites\/14\/2017\/11\/FlexibleReporting_150x150_V1.png\" alt=\"\" width=\"150\" height=\"150\" \/>\n<h3>Des rapports flexibles<\/h3>\n<p>Utilisez une s\u00e9rie de rapports standard pour comprendre tous les recoins de votre entreprise.<\/p>\n<img loading=\"lazy\" decoding=\"async\" src=\"https:\/\/www.bullhorn.com\/fr\/wp-content\/uploads\/sites\/14\/2017\/11\/JobPosting_150x150_V1.png\" alt=\"\" width=\"150\" height=\"150\" \/>\n<h3>Publication du poste vacant<\/h3>\n<p>Postez en un seul clic des postes \u00e0 pourvoir sur plus de 100 agences de recrutement diff\u00e9rentes et sur le site internet de votre entreprise.<\/p>\n<p>&nbsp;<\/p>\n<h3><\/h3>\n<p>\t\t\t&#8220;L&#8217;accent mis sur la satisfaction client, la flexibilit\u00e9 et l&#8217;innovation ainsi que les r\u00e9f\u00e9rences de march\u00e9 ont pour nous \u00e9t\u00e9 d\u00e9terminants pour choisir Connexys.&#8221;<\/p>\n<hr \/>\n<p style=\"text-align: center;\">Karl Neumann<\/p>\n<p style=\"text-align: center;\"><em>CIO, Trenkwalder<\/em><\/p>\n<p>\t\t\t&#8220;Connexys est un excellent outil de recrutement sur la plateforme Salesforce. Connexys est un vrai partenaire, adapt\u00e9 \u00e0 notre ADN. Sans une telle correspondance, un outil ne peut jamais se faire remarquer.&#8221;  <\/p>\n<hr \/>\n<p style=\"text-align: center;\">Niels Valks<\/p>\n<p style=\"text-align: center;\"><em>Director, CORE APPS &#8211; Manpower<\/em><\/p>\n<p>\t\t\t&#8220;La technologie logicielle avanc\u00e9e de Connexys et leur motivation \u00e0 collaborer avec nous correspondent \u00e0 100% avec ce en quoi nous croyons chez TMC : les gens \/\/ la motivation \/\/ la technologie.&#8221;<\/p>\n<hr \/>\n<p style=\"text-align: center;\">Ronald van Gerwen<\/p>\n<p style=\"text-align: center;\"><em>CEO, TMC<\/em><\/p>\n<h4 style=\"text-align: center;\">Commencez le d\u00e9veloppement de votre entreprise<\/h4>\n<p style=\"text-align: center;\"><a href=\"\/fr\/demo\/?LS=Website&LSD=Connexys_ATS_ProductPage_FR&LA=CXS_ATS_ContactSales_FR&LAD=CXS_ATS_ContactSales_FR\" class=\"btn btn-orange btn-md\">D\u00e9mo<\/a><\/p>\n","protected":false},"excerpt":{"rendered":"<p>Logiciel pour agences d&#8217;interim et cabinets de recrutement Rendu possible sur la plateforme Salesforce Recrutez les meilleurs candidats avec le logiciel n\u00b01 de gestion de relation client Les plus grands cabinets de recrutement en Europe utilisent Bullhorn Connexys pour les raisons suivantes : Sa facilit\u00e9 d&#8217;utilisation Des processus rapides et efficaces Sa flexibilit\u00e9 Son acc\u00e8s [&hellip;]<\/p>\n","protected":false},"author":137,"featured_media":0,"parent":0,"menu_order":0,"comment_status":"closed","ping_status":"closed","template":"","meta":{"_acf_changed":false,"om_disable_all_campaigns":false},"class_list":["post-483","page","type-page","status-publish","hentry"],"acf":[],"yoast_head":"<!-- This site is optimized with the Yoast SEO plugin v27.2 - https:\/\/yoast.com\/product\/yoast-seo-wordpress\/ -->\n<title>Logiciel de gestion du recrutement pour les cabinets de recrutement | Bullhorn FR<\/title>\n<meta name=\"description\" content=\"Recrutez les meilleurs candidats avec le logiciel num\u00e9ro 1 de gestion de la relation client: Bullhorn Connexys. Les plus grandes agences de recrutement ...\" \/>\n<meta name=\"robots\" content=\"index, follow, max-snippet:-1, max-image-preview:large, max-video-preview:-1\" \/>\n<link rel=\"canonical\" href=\"https:\/\/www.bullhorn.com\/fr\/solution-agences-dinterim-et-cabinets-de-recrutement\/\" \/>\n<meta property=\"og:locale\" content=\"en_US\" \/>\n<meta property=\"og:type\" content=\"article\" \/>\n<meta property=\"og:title\" content=\"Logiciel de gestion du recrutement pour les cabinets de recrutement | Bullhorn FR\" \/>\n<meta property=\"og:description\" content=\"Recrutez les meilleurs candidats avec le logiciel num\u00e9ro 1 de gestion de la relation client: Bullhorn Connexys. Les plus grandes agences de recrutement ...\" \/>\n<meta property=\"og:url\" content=\"https:\/\/www.bullhorn.com\/fr\/solution-agences-dinterim-et-cabinets-de-recrutement\/\" \/>\n<meta property=\"og:site_name\" content=\"Bullhorn FR\" \/>\n<meta property=\"article:publisher\" content=\"https:\/\/www.facebook.com\/Bullhorn\/\" \/>\n<meta property=\"article:modified_time\" content=\"2019-06-21T13:52:35+00:00\" \/>\n<meta property=\"og:image\" content=\"https:\/\/www.bullhorn.com\/eu\/wp-content\/uploads\/sites\/13\/2017\/11\/MAN_BE_Logo_SS_HOR_MC_RGB.png\" \/>\n<meta name=\"twitter:card\" content=\"summary_large_image\" \/>\n<meta name=\"twitter:site\" content=\"@Bullhorn\" \/>\n<meta name=\"twitter:label1\" content=\"Est. reading time\" \/>\n\t<meta name=\"twitter:data1\" content=\"2 minutes\" \/>\n<script type=\"application\/ld+json\" class=\"yoast-schema-graph\">{\"@context\":\"https:\/\/schema.org\",\"@graph\":[{\"@type\":\"WebPage\",\"@id\":\"https:\/\/www.bullhorn.com\/fr\/solution-agences-dinterim-et-cabinets-de-recrutement\/\",\"url\":\"https:\/\/www.bullhorn.com\/fr\/solution-agences-dinterim-et-cabinets-de-recrutement\/\",\"name\":\"Logiciel de gestion du recrutement pour les cabinets de recrutement | Bullhorn FR\",\"isPartOf\":{\"@id\":\"https:\/\/www.bullhorn.com\/fr\/#website\"},\"primaryImageOfPage\":{\"@id\":\"https:\/\/www.bullhorn.com\/fr\/solution-agences-dinterim-et-cabinets-de-recrutement\/#primaryimage\"},\"image\":{\"@id\":\"https:\/\/www.bullhorn.com\/fr\/solution-agences-dinterim-et-cabinets-de-recrutement\/#primaryimage\"},\"thumbnailUrl\":\"https:\/\/www.bullhorn.com\/eu\/wp-content\/uploads\/sites\/13\/2017\/11\/MAN_BE_Logo_SS_HOR_MC_RGB.png\",\"datePublished\":\"2017-11-21T16:48:48+00:00\",\"dateModified\":\"2019-06-21T13:52:35+00:00\",\"description\":\"Recrutez les meilleurs candidats avec le logiciel num\u00e9ro 1 de gestion de la relation client: Bullhorn Connexys. Les plus grandes agences de recrutement ...\",\"breadcrumb\":{\"@id\":\"https:\/\/www.bullhorn.com\/fr\/solution-agences-dinterim-et-cabinets-de-recrutement\/#breadcrumb\"},\"inLanguage\":\"en-US\",\"potentialAction\":[{\"@type\":\"ReadAction\",\"target\":[\"https:\/\/www.bullhorn.com\/fr\/solution-agences-dinterim-et-cabinets-de-recrutement\/\"]}]},{\"@type\":\"ImageObject\",\"inLanguage\":\"en-US\",\"@id\":\"https:\/\/www.bullhorn.com\/fr\/solution-agences-dinterim-et-cabinets-de-recrutement\/#primaryimage\",\"url\":\"https:\/\/www.bullhorn.com\/eu\/wp-content\/uploads\/sites\/13\/2017\/11\/MAN_BE_Logo_SS_HOR_MC_RGB.png\",\"contentUrl\":\"https:\/\/www.bullhorn.com\/eu\/wp-content\/uploads\/sites\/13\/2017\/11\/MAN_BE_Logo_SS_HOR_MC_RGB.png\"},{\"@type\":\"BreadcrumbList\",\"@id\":\"https:\/\/www.bullhorn.com\/fr\/solution-agences-dinterim-et-cabinets-de-recrutement\/#breadcrumb\",\"itemListElement\":[{\"@type\":\"ListItem\",\"position\":1,\"name\":\"Home\",\"item\":\"https:\/\/www.bullhorn.com\/fr\/\"},{\"@type\":\"ListItem\",\"position\":2,\"name\":\"Le syst\u00e8me de suivi des candidats et la gestion de la relation client de Bullhorn Connexys\"}]},{\"@type\":\"WebSite\",\"@id\":\"https:\/\/www.bullhorn.com\/fr\/#website\",\"url\":\"https:\/\/www.bullhorn.com\/fr\/\",\"name\":\"Bullhorn FR\",\"description\":\"\",\"publisher\":{\"@id\":\"https:\/\/www.bullhorn.com\/fr\/#organization\"},\"potentialAction\":[{\"@type\":\"SearchAction\",\"target\":{\"@type\":\"EntryPoint\",\"urlTemplate\":\"https:\/\/www.bullhorn.com\/fr\/?s={search_term_string}\"},\"query-input\":{\"@type\":\"PropertyValueSpecification\",\"valueRequired\":true,\"valueName\":\"search_term_string\"}}],\"inLanguage\":\"en-US\"},{\"@type\":\"Organization\",\"@id\":\"https:\/\/www.bullhorn.com\/fr\/#organization\",\"name\":\"Bullhorn\",\"url\":\"https:\/\/www.bullhorn.com\/fr\/\",\"logo\":{\"@type\":\"ImageObject\",\"inLanguage\":\"en-US\",\"@id\":\"https:\/\/www.bullhorn.com\/fr\/#\/schema\/logo\/image\/\",\"url\":\"https:\/\/www.bullhorn.com\/fr\/wp-content\/uploads\/sites\/14\/2021\/09\/og-img.png\",\"contentUrl\":\"https:\/\/www.bullhorn.com\/fr\/wp-content\/uploads\/sites\/14\/2021\/09\/og-img.png\",\"width\":1200,\"height\":628,\"caption\":\"Bullhorn\"},\"image\":{\"@id\":\"https:\/\/www.bullhorn.com\/fr\/#\/schema\/logo\/image\/\"},\"sameAs\":[\"https:\/\/www.facebook.com\/Bullhorn\/\",\"https:\/\/x.com\/Bullhorn\",\"https:\/\/www.instagram.com\/lifeatbullhorn\/?hl=fr\",\"https:\/\/www.linkedin.com\/company\/bullhorn\",\"https:\/\/www.youtube.com\/channel\/UC-Rgm5YxtoxsvlCHy6KW3Ug\",\"https:\/\/en.wikipedia.org\/wiki\/Bullhorn,_Inc.\"]}]}<\/script>\n<!-- \/ Yoast SEO plugin. -->","yoast_head_json":{"title":"Logiciel de gestion du recrutement pour les cabinets de recrutement | Bullhorn FR","description":"Recrutez les meilleurs candidats avec le logiciel num\u00e9ro 1 de gestion de la relation client: Bullhorn Connexys. Les plus grandes agences de recrutement ...","robots":{"index":"index","follow":"follow","max-snippet":"max-snippet:-1","max-image-preview":"max-image-preview:large","max-video-preview":"max-video-preview:-1"},"canonical":"https:\/\/www.bullhorn.com\/fr\/solution-agences-dinterim-et-cabinets-de-recrutement\/","og_locale":"en_US","og_type":"article","og_title":"Logiciel de gestion du recrutement pour les cabinets de recrutement | Bullhorn FR","og_description":"Recrutez les meilleurs candidats avec le logiciel num\u00e9ro 1 de gestion de la relation client: Bullhorn Connexys. Les plus grandes agences de recrutement ...","og_url":"https:\/\/www.bullhorn.com\/fr\/solution-agences-dinterim-et-cabinets-de-recrutement\/","og_site_name":"Bullhorn FR","article_publisher":"https:\/\/www.facebook.com\/Bullhorn\/","article_modified_time":"2019-06-21T13:52:35+00:00","og_image":[{"url":"https:\/\/www.bullhorn.com\/eu\/wp-content\/uploads\/sites\/13\/2017\/11\/MAN_BE_Logo_SS_HOR_MC_RGB.png","type":"","width":"","height":""}],"twitter_card":"summary_large_image","twitter_site":"@Bullhorn","twitter_misc":{"Est. reading time":"2 minutes"},"schema":{"@context":"https:\/\/schema.org","@graph":[{"@type":"WebPage","@id":"https:\/\/www.bullhorn.com\/fr\/solution-agences-dinterim-et-cabinets-de-recrutement\/","url":"https:\/\/www.bullhorn.com\/fr\/solution-agences-dinterim-et-cabinets-de-recrutement\/","name":"Logiciel de gestion du recrutement pour les cabinets de recrutement | Bullhorn FR","isPartOf":{"@id":"https:\/\/www.bullhorn.com\/fr\/#website"},"primaryImageOfPage":{"@id":"https:\/\/www.bullhorn.com\/fr\/solution-agences-dinterim-et-cabinets-de-recrutement\/#primaryimage"},"image":{"@id":"https:\/\/www.bullhorn.com\/fr\/solution-agences-dinterim-et-cabinets-de-recrutement\/#primaryimage"},"thumbnailUrl":"https:\/\/www.bullhorn.com\/eu\/wp-content\/uploads\/sites\/13\/2017\/11\/MAN_BE_Logo_SS_HOR_MC_RGB.png","datePublished":"2017-11-21T16:48:48+00:00","dateModified":"2019-06-21T13:52:35+00:00","description":"Recrutez les meilleurs candidats avec le logiciel num\u00e9ro 1 de gestion de la relation client: Bullhorn Connexys. Les plus grandes agences de recrutement ...","breadcrumb":{"@id":"https:\/\/www.bullhorn.com\/fr\/solution-agences-dinterim-et-cabinets-de-recrutement\/#breadcrumb"},"inLanguage":"en-US","potentialAction":[{"@type":"ReadAction","target":["https:\/\/www.bullhorn.com\/fr\/solution-agences-dinterim-et-cabinets-de-recrutement\/"]}]},{"@type":"ImageObject","inLanguage":"en-US","@id":"https:\/\/www.bullhorn.com\/fr\/solution-agences-dinterim-et-cabinets-de-recrutement\/#primaryimage","url":"https:\/\/www.bullhorn.com\/eu\/wp-content\/uploads\/sites\/13\/2017\/11\/MAN_BE_Logo_SS_HOR_MC_RGB.png","contentUrl":"https:\/\/www.bullhorn.com\/eu\/wp-content\/uploads\/sites\/13\/2017\/11\/MAN_BE_Logo_SS_HOR_MC_RGB.png"},{"@type":"BreadcrumbList","@id":"https:\/\/www.bullhorn.com\/fr\/solution-agences-dinterim-et-cabinets-de-recrutement\/#breadcrumb","itemListElement":[{"@type":"ListItem","position":1,"name":"Home","item":"https:\/\/www.bullhorn.com\/fr\/"},{"@type":"ListItem","position":2,"name":"Le syst\u00e8me de suivi des candidats et la gestion de la relation client de Bullhorn Connexys"}]},{"@type":"WebSite","@id":"https:\/\/www.bullhorn.com\/fr\/#website","url":"https:\/\/www.bullhorn.com\/fr\/","name":"Bullhorn FR","description":"","publisher":{"@id":"https:\/\/www.bullhorn.com\/fr\/#organization"},"potentialAction":[{"@type":"SearchAction","target":{"@type":"EntryPoint","urlTemplate":"https:\/\/www.bullhorn.com\/fr\/?s={search_term_string}"},"query-input":{"@type":"PropertyValueSpecification","valueRequired":true,"valueName":"search_term_string"}}],"inLanguage":"en-US"},{"@type":"Organization","@id":"https:\/\/www.bullhorn.com\/fr\/#organization","name":"Bullhorn","url":"https:\/\/www.bullhorn.com\/fr\/","logo":{"@type":"ImageObject","inLanguage":"en-US","@id":"https:\/\/www.bullhorn.com\/fr\/#\/schema\/logo\/image\/","url":"https:\/\/www.bullhorn.com\/fr\/wp-content\/uploads\/sites\/14\/2021\/09\/og-img.png","contentUrl":"https:\/\/www.bullhorn.com\/fr\/wp-content\/uploads\/sites\/14\/2021\/09\/og-img.png","width":1200,"height":628,"caption":"Bullhorn"},"image":{"@id":"https:\/\/www.bullhorn.com\/fr\/#\/schema\/logo\/image\/"},"sameAs":["https:\/\/www.facebook.com\/Bullhorn\/","https:\/\/x.com\/Bullhorn","https:\/\/www.instagram.com\/lifeatbullhorn\/?hl=fr","https:\/\/www.linkedin.com\/company\/bullhorn","https:\/\/www.youtube.com\/channel\/UC-Rgm5YxtoxsvlCHy6KW3Ug","https:\/\/en.wikipedia.org\/wiki\/Bullhorn,_Inc."]}]}},"grav_blocks":null,"_links":{"self":[{"href":"https:\/\/www.bullhorn.com\/fr\/wp-json\/wp\/v2\/pages\/483","targetHints":{"allow":["GET"]}}],"collection":[{"href":"https:\/\/www.bullhorn.com\/fr\/wp-json\/wp\/v2\/pages"}],"about":[{"href":"https:\/\/www.bullhorn.com\/fr\/wp-json\/wp\/v2\/types\/page"}],"author":[{"embeddable":true,"href":"https:\/\/www.bullhorn.com\/fr\/wp-json\/wp\/v2\/users\/137"}],"replies":[{"embeddable":true,"href":"https:\/\/www.bullhorn.com\/fr\/wp-json\/wp\/v2\/comments?post=483"}],"version-history":[{"count":0,"href":"https:\/\/www.bullhorn.com\/fr\/wp-json\/wp\/v2\/pages\/483\/revisions"}],"wp:attachment":[{"href":"https:\/\/www.bullhorn.com\/fr\/wp-json\/wp\/v2\/media?parent=483"}],"curies":[{"name":"wp","href":"https:\/\/api.w.org\/{rel}","templated":true}]}}