{"id":484,"date":"2017-11-21T16:48:49","date_gmt":"2017-11-21T16:48:49","guid":{"rendered":"https:\/\/www.bullhorn.com\/fr\/?page_id=484"},"modified":"2019-06-17T12:47:29","modified_gmt":"2019-06-17T12:47:29","slug":"solution-recrutement-entreprise","status":"publish","type":"page","link":"https:\/\/www.bullhorn.com\/fr\/solution-recrutement-entreprise\/","title":{"rendered":"Le logiciel de Bullhorn Connexys pour le recrutement de talents d&#8217;entreprise"},"content":{"rendered":"<h1>Le logiciel de recrutement de Bullhorn Connexys pour les entreprises<\/h1>\n<h2>Trouvez et conservez les meilleurs talents pour votre organisation<\/h2>\n<a href=\"\/fr\/demo\/?LS=Website&LSD=Connexys_Corporate_Recruitment_FR&LA=CXS_ContactSales_FR&LAD=CXS_ContactSales_FR\" class=\"btn btn-orange btn-md\">Planifiez une d\u00e9monstration<\/a>\n<h2 style=\"text-align: center;\">Top Syst\u00e8mes de rep\u00e9rage de candidats pour les grandes organisations<\/h2>\n<img loading=\"lazy\" decoding=\"async\" src=\"https:\/\/www.bullhorn.com\/fr\/wp-content\/uploads\/sites\/14\/2017\/11\/Monitoren_ResourceManager_UK_aangepast-1.png\" alt=\"\" width=\"2262\" height=\"1225\" \/>\n<p>Construit sur la plateforme Force.com, le logiciel de recrutement de Bullhorn Connexys aide les organisations les plus grandes \u00e0 g\u00e9rer l&#8217;ensemble du flux de travail du recrutement. Avec Bullhorn Connexys, vous avez les moyens de recruter des candidats via diff\u00e9rents canaux. Publier les postes \u00e0 pourvoir sur votre propre site web, tableau d&#8217;offres ou plateformes de r\u00e9seaux sociaux (comme Facebook ou LinkedIn) par un simple clic.<\/p>\n<h2 style=\"text-align: center;\">Outils pour vous aider \u00e0 travailler plus rapidement, et plus intelligement:<\/h2>\n<img loading=\"lazy\" decoding=\"async\" src=\"https:\/\/www.bullhorn.com\/fr\/wp-content\/uploads\/sites\/14\/2017\/11\/SearchAndMatch_150x150_V1.png\" alt=\"\" width=\"150\" height=\"150\" \/>\n<h3>Rechercher et trouver<\/h3>\n<p>Chercher et trouver intelligemment les meilleurs candidats en quelques secondes.<\/p>\n<img loading=\"lazy\" decoding=\"async\" src=\"https:\/\/www.bullhorn.com\/fr\/wp-content\/uploads\/sites\/14\/2017\/11\/CollaborativeWorkSpaces_150x150_V1.png\" alt=\"\" width=\"150\" height=\"150\" \/>\n<h3>Lieux de travail communs <\/h3>\n<p>Coop\u00e9rez pour \u00e9valuer l&#8217;ensemble des candidats, proposez des candidats \u00e0 des coll\u00e8gues et pr\u00e9sentez ensemble des candidats avec une offre attrayante.<\/p>\n<img loading=\"lazy\" decoding=\"async\" src=\"https:\/\/www.bullhorn.com\/fr\/wp-content\/uploads\/sites\/14\/2017\/11\/SelectionCommittees_150x150_V1.png\" alt=\"\" width=\"150\" height=\"150\" \/>\n<h3>Comit\u00e9s de s\u00e9lection<\/h3>\n<p>Instaurez des comit\u00e9s de s\u00e9lection, afin que plusieurs personnes puissent participer au processus d&#8217;\u00e9valuation des candidats.<\/p>\n<img loading=\"lazy\" decoding=\"async\" src=\"https:\/\/www.bullhorn.com\/fr\/wp-content\/uploads\/sites\/14\/2017\/11\/TalentPools_150x150_V1.png\" alt=\"\" width=\"150\" height=\"150\" \/>\n<h3>Base de donn\u00e9es de talents<\/h3>\n<p>G\u00e9rez vos candidats de valeur en utilisant des bases de donn\u00e9es de talents avanc\u00e9s.<\/p>\n<img loading=\"lazy\" decoding=\"async\" src=\"https:\/\/www.bullhorn.com\/fr\/wp-content\/uploads\/sites\/14\/2017\/11\/FlexibleReporting_150x150_V1.png\" alt=\"\" width=\"150\" height=\"150\" \/>\n<h3>Rapports flexibles<\/h3>\n<p>Utilisez une s\u00e9rie de rapports standard pour comprendre tous les recoins de votre entreprise.<\/p>\n<img loading=\"lazy\" decoding=\"async\" src=\"https:\/\/www.bullhorn.com\/fr\/wp-content\/uploads\/sites\/14\/2017\/11\/ManagersPortals_150x150_V1.png\" alt=\"\" width=\"150\" height=\"150\" \/>\n<h3>Un portail pour manager<\/h3>\n<p>Les managers auront ensemble acc\u00e8s au portail de gestion et d&#8217;ex\u00e9cution de toutes les t\u00e2ches principales. <\/p>\n<img loading=\"lazy\" decoding=\"async\" src=\"https:\/\/www.bullhorn.com\/fr\/wp-content\/uploads\/sites\/14\/2017\/11\/JobPosting_150x150_V1.png\" alt=\"\" width=\"150\" height=\"150\" \/>\n<h3>Publication du poste vacant<\/h3>\n<p>Postez en un seul clic des postes \u00e0 pourvoir sur plus de 100 agences de recrutement diff\u00e9rentes et sur le site internet de votre entreprise.<\/p>\n<img loading=\"lazy\" decoding=\"async\" src=\"https:\/\/www.bullhorn.com\/fr\/wp-content\/uploads\/sites\/14\/2017\/11\/PersonnelleInformation_150x150_V1.png\" alt=\"\" width=\"150\" height=\"150\" \/>\n<h3>Int\u00e9gration de syst\u00e8mes d&#8217;informations du personnel<\/h3>\n<p>Connectez la plateforme avec les syst\u00e8mes d&#8217;informations du personnel existants comme AFS, Centric et ADP.<\/p>\n<img loading=\"lazy\" decoding=\"async\" src=\"https:\/\/www.bullhorn.com\/fr\/wp-content\/uploads\/sites\/14\/2017\/11\/SocialMediaIntegration_150x150_V1.png\" alt=\"\" width=\"150\" height=\"150\" \/>\n<h3>Int\u00e9gration des r\u00e9seaux sociaux<\/h3>\n<p>G\u00e9rez votre LinkedIn, Twitter et Facebook directement via votre plateforme et vous n&#8217;aurez pas \u00e0 vous connecter sur diff\u00e9rents portails.<\/p>\n<h4 style=\"text-align: center;\">Commencez le d\u00e9veloppement de votre entreprise<br \/>\n<\/h4>\n<p style=\"text-align: center;\"><a href=\"\/fr\/demo\/?LS=Website&LSD=Connexys_Corporate_Recruitment_FR&LA=CXS_ContactSales_FR&LAD=CXS_ContactSales_FR\" class=\"btn btn-orange btn-md\">D\u00e9monstration<\/a><\/p>\n","protected":false},"excerpt":{"rendered":"<p>Le logiciel de recrutement de Bullhorn Connexys pour les entreprises Trouvez et conservez les meilleurs talents pour votre organisation Top Syst\u00e8mes de rep\u00e9rage de candidats pour les grandes organisations Construit sur la plateforme Force.com, le logiciel de recrutement de Bullhorn Connexys aide les organisations les plus grandes \u00e0 g\u00e9rer l&#8217;ensemble du flux de travail du [&hellip;]<\/p>\n","protected":false},"author":137,"featured_media":0,"parent":0,"menu_order":0,"comment_status":"closed","ping_status":"closed","template":"","meta":{"_acf_changed":false,"om_disable_all_campaigns":false},"class_list":["post-484","page","type-page","status-publish","hentry"],"acf":[],"yoast_head":"<!-- This site is optimized with the Yoast SEO plugin v27.2 - https:\/\/yoast.com\/product\/yoast-seo-wordpress\/ -->\n<title>Solutions de recrutement d&#039;entreprise | Bullhorn FR<\/title>\n<meta name=\"description\" content=\"Trouvez et conservez les meilleurs talents pour votre organisation gr\u00e2ce aux solutions de Bullhorn Connexys et ses fonctionnalit\u00e9s vous aidant \u00e0 ...\" \/>\n<meta name=\"robots\" content=\"index, follow, max-snippet:-1, max-image-preview:large, max-video-preview:-1\" \/>\n<link rel=\"canonical\" href=\"https:\/\/www.bullhorn.com\/fr\/solution-recrutement-entreprise\/\" \/>\n<meta property=\"og:locale\" content=\"en_US\" \/>\n<meta property=\"og:type\" content=\"article\" \/>\n<meta property=\"og:title\" content=\"Solutions de recrutement d&#039;entreprise | Bullhorn FR\" \/>\n<meta property=\"og:description\" content=\"Trouvez et conservez les meilleurs talents pour votre organisation gr\u00e2ce aux solutions de Bullhorn Connexys et ses fonctionnalit\u00e9s vous aidant \u00e0 ...\" \/>\n<meta property=\"og:url\" content=\"https:\/\/www.bullhorn.com\/fr\/solution-recrutement-entreprise\/\" \/>\n<meta property=\"og:site_name\" content=\"Bullhorn FR\" \/>\n<meta property=\"article:publisher\" content=\"https:\/\/www.facebook.com\/Bullhorn\/\" \/>\n<meta property=\"article:modified_time\" content=\"2019-06-17T12:47:29+00:00\" \/>\n<meta property=\"og:image\" content=\"https:\/\/www.bullhorn.com\/fr\/wp-content\/uploads\/sites\/14\/2017\/11\/Monitoren_ResourceManager_UK_aangepast-1.png\" \/>\n<meta name=\"twitter:card\" content=\"summary_large_image\" \/>\n<meta name=\"twitter:site\" content=\"@Bullhorn\" \/>\n<meta name=\"twitter:label1\" content=\"Est. reading time\" \/>\n\t<meta name=\"twitter:data1\" content=\"2 minutes\" \/>\n<script type=\"application\/ld+json\" class=\"yoast-schema-graph\">{\"@context\":\"https:\/\/schema.org\",\"@graph\":[{\"@type\":\"WebPage\",\"@id\":\"https:\/\/www.bullhorn.com\/fr\/solution-recrutement-entreprise\/\",\"url\":\"https:\/\/www.bullhorn.com\/fr\/solution-recrutement-entreprise\/\",\"name\":\"Solutions de recrutement d'entreprise | Bullhorn FR\",\"isPartOf\":{\"@id\":\"https:\/\/www.bullhorn.com\/fr\/#website\"},\"primaryImageOfPage\":{\"@id\":\"https:\/\/www.bullhorn.com\/fr\/solution-recrutement-entreprise\/#primaryimage\"},\"image\":{\"@id\":\"https:\/\/www.bullhorn.com\/fr\/solution-recrutement-entreprise\/#primaryimage\"},\"thumbnailUrl\":\"https:\/\/www.bullhorn.com\/fr\/wp-content\/uploads\/sites\/14\/2017\/11\/Monitoren_ResourceManager_UK_aangepast-1.png\",\"datePublished\":\"2017-11-21T16:48:49+00:00\",\"dateModified\":\"2019-06-17T12:47:29+00:00\",\"description\":\"Trouvez et conservez les meilleurs talents pour votre organisation gr\u00e2ce aux solutions de Bullhorn Connexys et ses fonctionnalit\u00e9s vous aidant \u00e0 ...\",\"breadcrumb\":{\"@id\":\"https:\/\/www.bullhorn.com\/fr\/solution-recrutement-entreprise\/#breadcrumb\"},\"inLanguage\":\"en-US\",\"potentialAction\":[{\"@type\":\"ReadAction\",\"target\":[\"https:\/\/www.bullhorn.com\/fr\/solution-recrutement-entreprise\/\"]}]},{\"@type\":\"ImageObject\",\"inLanguage\":\"en-US\",\"@id\":\"https:\/\/www.bullhorn.com\/fr\/solution-recrutement-entreprise\/#primaryimage\",\"url\":\"https:\/\/www.bullhorn.com\/fr\/wp-content\/uploads\/sites\/14\/2017\/11\/Monitoren_ResourceManager_UK_aangepast-1.png\",\"contentUrl\":\"https:\/\/www.bullhorn.com\/fr\/wp-content\/uploads\/sites\/14\/2017\/11\/Monitoren_ResourceManager_UK_aangepast-1.png\",\"width\":2262,\"height\":1225},{\"@type\":\"BreadcrumbList\",\"@id\":\"https:\/\/www.bullhorn.com\/fr\/solution-recrutement-entreprise\/#breadcrumb\",\"itemListElement\":[{\"@type\":\"ListItem\",\"position\":1,\"name\":\"Home\",\"item\":\"https:\/\/www.bullhorn.com\/fr\/\"},{\"@type\":\"ListItem\",\"position\":2,\"name\":\"Le logiciel de Bullhorn Connexys pour le recrutement de talents d&#8217;entreprise\"}]},{\"@type\":\"WebSite\",\"@id\":\"https:\/\/www.bullhorn.com\/fr\/#website\",\"url\":\"https:\/\/www.bullhorn.com\/fr\/\",\"name\":\"Bullhorn FR\",\"description\":\"\",\"publisher\":{\"@id\":\"https:\/\/www.bullhorn.com\/fr\/#organization\"},\"potentialAction\":[{\"@type\":\"SearchAction\",\"target\":{\"@type\":\"EntryPoint\",\"urlTemplate\":\"https:\/\/www.bullhorn.com\/fr\/?s={search_term_string}\"},\"query-input\":{\"@type\":\"PropertyValueSpecification\",\"valueRequired\":true,\"valueName\":\"search_term_string\"}}],\"inLanguage\":\"en-US\"},{\"@type\":\"Organization\",\"@id\":\"https:\/\/www.bullhorn.com\/fr\/#organization\",\"name\":\"Bullhorn\",\"url\":\"https:\/\/www.bullhorn.com\/fr\/\",\"logo\":{\"@type\":\"ImageObject\",\"inLanguage\":\"en-US\",\"@id\":\"https:\/\/www.bullhorn.com\/fr\/#\/schema\/logo\/image\/\",\"url\":\"https:\/\/www.bullhorn.com\/fr\/wp-content\/uploads\/sites\/14\/2021\/09\/og-img.png\",\"contentUrl\":\"https:\/\/www.bullhorn.com\/fr\/wp-content\/uploads\/sites\/14\/2021\/09\/og-img.png\",\"width\":1200,\"height\":628,\"caption\":\"Bullhorn\"},\"image\":{\"@id\":\"https:\/\/www.bullhorn.com\/fr\/#\/schema\/logo\/image\/\"},\"sameAs\":[\"https:\/\/www.facebook.com\/Bullhorn\/\",\"https:\/\/x.com\/Bullhorn\",\"https:\/\/www.instagram.com\/lifeatbullhorn\/?hl=fr\",\"https:\/\/www.linkedin.com\/company\/bullhorn\",\"https:\/\/www.youtube.com\/channel\/UC-Rgm5YxtoxsvlCHy6KW3Ug\",\"https:\/\/en.wikipedia.org\/wiki\/Bullhorn,_Inc.\"]}]}<\/script>\n<!-- \/ Yoast SEO plugin. -->","yoast_head_json":{"title":"Solutions de recrutement d'entreprise | Bullhorn FR","description":"Trouvez et conservez les meilleurs talents pour votre organisation gr\u00e2ce aux solutions de Bullhorn Connexys et ses fonctionnalit\u00e9s vous aidant \u00e0 ...","robots":{"index":"index","follow":"follow","max-snippet":"max-snippet:-1","max-image-preview":"max-image-preview:large","max-video-preview":"max-video-preview:-1"},"canonical":"https:\/\/www.bullhorn.com\/fr\/solution-recrutement-entreprise\/","og_locale":"en_US","og_type":"article","og_title":"Solutions de recrutement d'entreprise | Bullhorn FR","og_description":"Trouvez et conservez les meilleurs talents pour votre organisation gr\u00e2ce aux solutions de Bullhorn Connexys et ses fonctionnalit\u00e9s vous aidant \u00e0 ...","og_url":"https:\/\/www.bullhorn.com\/fr\/solution-recrutement-entreprise\/","og_site_name":"Bullhorn FR","article_publisher":"https:\/\/www.facebook.com\/Bullhorn\/","article_modified_time":"2019-06-17T12:47:29+00:00","og_image":[{"url":"https:\/\/www.bullhorn.com\/fr\/wp-content\/uploads\/sites\/14\/2017\/11\/Monitoren_ResourceManager_UK_aangepast-1.png","type":"","width":"","height":""}],"twitter_card":"summary_large_image","twitter_site":"@Bullhorn","twitter_misc":{"Est. reading time":"2 minutes"},"schema":{"@context":"https:\/\/schema.org","@graph":[{"@type":"WebPage","@id":"https:\/\/www.bullhorn.com\/fr\/solution-recrutement-entreprise\/","url":"https:\/\/www.bullhorn.com\/fr\/solution-recrutement-entreprise\/","name":"Solutions de recrutement d'entreprise | Bullhorn FR","isPartOf":{"@id":"https:\/\/www.bullhorn.com\/fr\/#website"},"primaryImageOfPage":{"@id":"https:\/\/www.bullhorn.com\/fr\/solution-recrutement-entreprise\/#primaryimage"},"image":{"@id":"https:\/\/www.bullhorn.com\/fr\/solution-recrutement-entreprise\/#primaryimage"},"thumbnailUrl":"https:\/\/www.bullhorn.com\/fr\/wp-content\/uploads\/sites\/14\/2017\/11\/Monitoren_ResourceManager_UK_aangepast-1.png","datePublished":"2017-11-21T16:48:49+00:00","dateModified":"2019-06-17T12:47:29+00:00","description":"Trouvez et conservez les meilleurs talents pour votre organisation gr\u00e2ce aux solutions de Bullhorn Connexys et ses fonctionnalit\u00e9s vous aidant \u00e0 ...","breadcrumb":{"@id":"https:\/\/www.bullhorn.com\/fr\/solution-recrutement-entreprise\/#breadcrumb"},"inLanguage":"en-US","potentialAction":[{"@type":"ReadAction","target":["https:\/\/www.bullhorn.com\/fr\/solution-recrutement-entreprise\/"]}]},{"@type":"ImageObject","inLanguage":"en-US","@id":"https:\/\/www.bullhorn.com\/fr\/solution-recrutement-entreprise\/#primaryimage","url":"https:\/\/www.bullhorn.com\/fr\/wp-content\/uploads\/sites\/14\/2017\/11\/Monitoren_ResourceManager_UK_aangepast-1.png","contentUrl":"https:\/\/www.bullhorn.com\/fr\/wp-content\/uploads\/sites\/14\/2017\/11\/Monitoren_ResourceManager_UK_aangepast-1.png","width":2262,"height":1225},{"@type":"BreadcrumbList","@id":"https:\/\/www.bullhorn.com\/fr\/solution-recrutement-entreprise\/#breadcrumb","itemListElement":[{"@type":"ListItem","position":1,"name":"Home","item":"https:\/\/www.bullhorn.com\/fr\/"},{"@type":"ListItem","position":2,"name":"Le logiciel de Bullhorn Connexys pour le recrutement de talents d&#8217;entreprise"}]},{"@type":"WebSite","@id":"https:\/\/www.bullhorn.com\/fr\/#website","url":"https:\/\/www.bullhorn.com\/fr\/","name":"Bullhorn FR","description":"","publisher":{"@id":"https:\/\/www.bullhorn.com\/fr\/#organization"},"potentialAction":[{"@type":"SearchAction","target":{"@type":"EntryPoint","urlTemplate":"https:\/\/www.bullhorn.com\/fr\/?s={search_term_string}"},"query-input":{"@type":"PropertyValueSpecification","valueRequired":true,"valueName":"search_term_string"}}],"inLanguage":"en-US"},{"@type":"Organization","@id":"https:\/\/www.bullhorn.com\/fr\/#organization","name":"Bullhorn","url":"https:\/\/www.bullhorn.com\/fr\/","logo":{"@type":"ImageObject","inLanguage":"en-US","@id":"https:\/\/www.bullhorn.com\/fr\/#\/schema\/logo\/image\/","url":"https:\/\/www.bullhorn.com\/fr\/wp-content\/uploads\/sites\/14\/2021\/09\/og-img.png","contentUrl":"https:\/\/www.bullhorn.com\/fr\/wp-content\/uploads\/sites\/14\/2021\/09\/og-img.png","width":1200,"height":628,"caption":"Bullhorn"},"image":{"@id":"https:\/\/www.bullhorn.com\/fr\/#\/schema\/logo\/image\/"},"sameAs":["https:\/\/www.facebook.com\/Bullhorn\/","https:\/\/x.com\/Bullhorn","https:\/\/www.instagram.com\/lifeatbullhorn\/?hl=fr","https:\/\/www.linkedin.com\/company\/bullhorn","https:\/\/www.youtube.com\/channel\/UC-Rgm5YxtoxsvlCHy6KW3Ug","https:\/\/en.wikipedia.org\/wiki\/Bullhorn,_Inc."]}]}},"grav_blocks":null,"_links":{"self":[{"href":"https:\/\/www.bullhorn.com\/fr\/wp-json\/wp\/v2\/pages\/484","targetHints":{"allow":["GET"]}}],"collection":[{"href":"https:\/\/www.bullhorn.com\/fr\/wp-json\/wp\/v2\/pages"}],"about":[{"href":"https:\/\/www.bullhorn.com\/fr\/wp-json\/wp\/v2\/types\/page"}],"author":[{"embeddable":true,"href":"https:\/\/www.bullhorn.com\/fr\/wp-json\/wp\/v2\/users\/137"}],"replies":[{"embeddable":true,"href":"https:\/\/www.bullhorn.com\/fr\/wp-json\/wp\/v2\/comments?post=484"}],"version-history":[{"count":0,"href":"https:\/\/www.bullhorn.com\/fr\/wp-json\/wp\/v2\/pages\/484\/revisions"}],"wp:attachment":[{"href":"https:\/\/www.bullhorn.com\/fr\/wp-json\/wp\/v2\/media?parent=484"}],"curies":[{"name":"wp","href":"https:\/\/api.w.org\/{rel}","templated":true}]}}