{"id":485,"date":"2017-11-21T16:48:50","date_gmt":"2017-11-21T16:48:50","guid":{"rendered":"https:\/\/www.bullhorn.com\/fr\/?page_id=485"},"modified":"2019-06-17T13:15:23","modified_gmt":"2019-06-17T13:15:23","slug":"les-resultats-de-bullhorn-connexys","status":"publish","type":"page","link":"https:\/\/www.bullhorn.com\/fr\/les-resultats-de-bullhorn-connexys\/","title":{"rendered":"Les r\u00e9sultats de Bullhorn Connexys"},"content":{"rendered":"<h1 style=\"text-align: center;\">Logiciel de Recrutement de Bullhorn\u00a0Connexys <\/h1>\n<h1 style=\"text-align: center;\"><\/h1>\n<p style=\"text-align: center;\">Rendu possible par la plateforme Salesforce<\/p>\n<p>&nbsp;<\/p>\n<p>&nbsp;<\/p>\n<p style=\"text-align: center;\">\n<p style=\"text-align: center;\"><a href=\"\/fr\/logiciels-pour-les-bureaux-et-les-agences-de-placement\/\" class=\"btn btn-orange btn-lg\">Pour les bureaux<\/a><\/p>\n<p style=\"text-align: center;\"><a href=\"\/fr\/solution-recrutement-entreprise\/\" class=\"btn btn-orange btn-lg\">Pour les employeurs<\/a><\/p>\n<p style=\"text-align: center;\"><a href=\"\/fr\/demo\/?LS=Website&LSD=CX_Recruitment_Software_FR&LA=ContactSales_FR&LAD=ContactSales_FR\" class=\"btn btn-orange btn-lg\">Demander une d\u00e9mo<\/a><\/p>\n<img loading=\"lazy\" decoding=\"async\" src=\"https:\/\/www.bullhorn.com\/eu\/wp-content\/uploads\/sites\/13\/2017\/11\/MAN_BE_Logo_SS_HOR_MC_RGB.png\" alt=\"\" width=\"1169\" height=\"222\" \/>\n<img decoding=\"async\" src=\"https:\/\/upload.wikimedia.org\/wikipedia\/commons\/thumb\/1\/10\/Randstad_Logo.svg\/2000px-Randstad_Logo.svg.png\" \/>\n<img loading=\"lazy\" decoding=\"async\" src=\"https:\/\/www.bullhorn.com\/fr\/wp-content\/uploads\/sites\/14\/2017\/11\/Trifinance-300x94.png\" alt=\"\" width=\"300\" height=\"94\" \/>\n<img loading=\"lazy\" decoding=\"async\" src=\"https:\/\/www.bullhorn.com\/eu\/wp-content\/uploads\/sites\/13\/2017\/11\/Logo-Werken-bij-Tempo-Team.png\" alt=\"tempo-team\" width=\"936\" height=\"201\" \/>\n<img loading=\"lazy\" decoding=\"async\" src=\"https:\/\/www.bullhorn.com\/fr\/wp-content\/uploads\/sites\/14\/2017\/11\/logo_bam-150x150.png\" alt=\"\" width=\"108\" height=\"108\" \/>\n<h2 style=\"text-align: center;\">Des r\u00e9sultats pr\u00e9pond\u00e9rants pour les \u00e9quipes en t\u00eate du recrutement en Europe<\/h2>\n<p>&nbsp;<\/p>\n<h3 style=\"text-align: center;\">Innovant<\/h3>\n<p style=\"text-align: center;\"><img loading=\"lazy\" decoding=\"async\" src=\"https:\/\/www.bullhorn.com\/fr\/wp-content\/uploads\/sites\/14\/2017\/11\/Recruitment_1_V1.png\" alt=\"\" width=\"157\" height=\"157\" \/>Chaque instance du syst\u00e8me de suivi de candidats de Bullhorn Connexys est diff\u00e9rente, mais partage la m\u00eame infrastructure, les innovations et les mises \u00e0 jour. De plus, tout le monde fonctionnant sur une base de code unique.<\/p>\n<h3 style=\"text-align: center;\">Flexible et \u00e9volutif<\/h3>\n<p style=\"text-align: center;\"><img loading=\"lazy\" decoding=\"async\" src=\"https:\/\/www.bullhorn.com\/fr\/wp-content\/uploads\/sites\/14\/2017\/11\/FlexibleScalable_1_V1.png\" alt=\"\" width=\"161\" height=\"161\" \/>Si vous voulez vous d\u00e9velopper, vous avez besoin d&#8217;une plateforme flexible et pr\u00eate \u00e0 \u00e9voluer. Le syst\u00e8me de suivi de candidats de Bullhorn Connexys a tous les avantages de la puissance de la plateforme Force.com.<\/p>\n<h3 style=\"text-align: center;\">De confiance<\/h3>\n<p style=\"text-align: center;\"><img loading=\"lazy\" decoding=\"async\" src=\"https:\/\/www.bullhorn.com\/fr\/wp-content\/uploads\/sites\/14\/2017\/11\/CandidateEngagement_1_V1.png\" alt=\"\" width=\"164\" height=\"164\" \/>Le syst\u00e8me de suivi de Bullhorn Connexys repose sur la plateforme Salesforce, dont l&#8217;architecture robuste et s\u00e9curis\u00e9e est reconnue par des entreprises du monde entier, y compris celles des secteurs les plus r\u00e9glement\u00e9s.<\/p>\n<p style=\"text-align: center;\"><a href=\"\/fr\/demo\/?LS=Website&LSD=CX_Recruitment_Software_FR&LA=ContactSales_FR&LAD=ContactSales_FR\" class=\"btn btn-orange btn-md\">Demander une d\u00e9mo<\/a><\/p>\n<h4 style=\"text-align: center;\">Commencez le d\u00e9veloppement de votre entreprise<\/h4>\n<p style=\"text-align: center;\"><a href=\"\/fr\/demo\/?LS=Website&LSD=CX_Recruitment_Software_FR&LA=ContactSales_FR&LAD=ContactSales_FR\" class=\"btn btn-orange btn-md\">D\u00e9monstration<\/a><\/p>\n","protected":false},"excerpt":{"rendered":"<p>Logiciel de Recrutement de Bullhorn\u00a0Connexys Rendu possible par la plateforme Salesforce &nbsp; &nbsp; Des r\u00e9sultats pr\u00e9pond\u00e9rants pour les \u00e9quipes en t\u00eate du recrutement en Europe &nbsp; Innovant Chaque instance du syst\u00e8me de suivi de candidats de Bullhorn Connexys est diff\u00e9rente, mais partage la m\u00eame infrastructure, les innovations et les mises \u00e0 jour. De plus, tout [&hellip;]<\/p>\n","protected":false},"author":137,"featured_media":0,"parent":0,"menu_order":0,"comment_status":"closed","ping_status":"closed","template":"","meta":{"_acf_changed":false,"om_disable_all_campaigns":false},"class_list":["post-485","page","type-page","status-publish","hentry"],"acf":[],"yoast_head":"<!-- This site is optimized with the Yoast SEO plugin v27.2 - https:\/\/yoast.com\/product\/yoast-seo-wordpress\/ -->\n<title>Bullhorn Connexys r\u00e9sultats | Bullhorn FR<\/title>\n<meta name=\"description\" content=\"Bullhorn Connexys un logiciel de recrutement travaillant \u00e0 la stimulation de r\u00e9sultats pour les \u00e9quipes de recrutement en t\u00eate de l&#039;Europe\" \/>\n<meta name=\"robots\" content=\"index, follow, max-snippet:-1, max-image-preview:large, max-video-preview:-1\" \/>\n<link rel=\"canonical\" href=\"https:\/\/www.bullhorn.com\/fr\/les-resultats-de-bullhorn-connexys\/\" \/>\n<meta property=\"og:locale\" content=\"en_US\" \/>\n<meta property=\"og:type\" content=\"article\" \/>\n<meta property=\"og:title\" content=\"Bullhorn Connexys r\u00e9sultats | Bullhorn FR\" \/>\n<meta property=\"og:description\" content=\"Bullhorn Connexys un logiciel de recrutement travaillant \u00e0 la stimulation de r\u00e9sultats pour les \u00e9quipes de recrutement en t\u00eate de l&#039;Europe\" \/>\n<meta property=\"og:url\" content=\"https:\/\/www.bullhorn.com\/fr\/les-resultats-de-bullhorn-connexys\/\" \/>\n<meta property=\"og:site_name\" content=\"Bullhorn FR\" \/>\n<meta property=\"article:publisher\" content=\"https:\/\/www.facebook.com\/Bullhorn\/\" \/>\n<meta property=\"article:modified_time\" content=\"2019-06-17T13:15:23+00:00\" \/>\n<meta property=\"og:image\" content=\"https:\/\/www.bullhorn.com\/eu\/wp-content\/uploads\/sites\/13\/2017\/11\/MAN_BE_Logo_SS_HOR_MC_RGB.png\" \/>\n<meta name=\"twitter:card\" content=\"summary_large_image\" \/>\n<meta name=\"twitter:site\" content=\"@Bullhorn\" \/>\n<meta name=\"twitter:label1\" content=\"Est. reading time\" \/>\n\t<meta name=\"twitter:data1\" content=\"1 minute\" \/>\n<script type=\"application\/ld+json\" class=\"yoast-schema-graph\">{\"@context\":\"https:\/\/schema.org\",\"@graph\":[{\"@type\":\"WebPage\",\"@id\":\"https:\/\/www.bullhorn.com\/fr\/les-resultats-de-bullhorn-connexys\/\",\"url\":\"https:\/\/www.bullhorn.com\/fr\/les-resultats-de-bullhorn-connexys\/\",\"name\":\"Bullhorn Connexys r\u00e9sultats | Bullhorn FR\",\"isPartOf\":{\"@id\":\"https:\/\/www.bullhorn.com\/fr\/#website\"},\"primaryImageOfPage\":{\"@id\":\"https:\/\/www.bullhorn.com\/fr\/les-resultats-de-bullhorn-connexys\/#primaryimage\"},\"image\":{\"@id\":\"https:\/\/www.bullhorn.com\/fr\/les-resultats-de-bullhorn-connexys\/#primaryimage\"},\"thumbnailUrl\":\"https:\/\/www.bullhorn.com\/eu\/wp-content\/uploads\/sites\/13\/2017\/11\/MAN_BE_Logo_SS_HOR_MC_RGB.png\",\"datePublished\":\"2017-11-21T16:48:50+00:00\",\"dateModified\":\"2019-06-17T13:15:23+00:00\",\"description\":\"Bullhorn Connexys un logiciel de recrutement travaillant \u00e0 la stimulation de r\u00e9sultats pour les \u00e9quipes de recrutement en t\u00eate de l'Europe\",\"breadcrumb\":{\"@id\":\"https:\/\/www.bullhorn.com\/fr\/les-resultats-de-bullhorn-connexys\/#breadcrumb\"},\"inLanguage\":\"en-US\",\"potentialAction\":[{\"@type\":\"ReadAction\",\"target\":[\"https:\/\/www.bullhorn.com\/fr\/les-resultats-de-bullhorn-connexys\/\"]}]},{\"@type\":\"ImageObject\",\"inLanguage\":\"en-US\",\"@id\":\"https:\/\/www.bullhorn.com\/fr\/les-resultats-de-bullhorn-connexys\/#primaryimage\",\"url\":\"https:\/\/www.bullhorn.com\/eu\/wp-content\/uploads\/sites\/13\/2017\/11\/MAN_BE_Logo_SS_HOR_MC_RGB.png\",\"contentUrl\":\"https:\/\/www.bullhorn.com\/eu\/wp-content\/uploads\/sites\/13\/2017\/11\/MAN_BE_Logo_SS_HOR_MC_RGB.png\"},{\"@type\":\"BreadcrumbList\",\"@id\":\"https:\/\/www.bullhorn.com\/fr\/les-resultats-de-bullhorn-connexys\/#breadcrumb\",\"itemListElement\":[{\"@type\":\"ListItem\",\"position\":1,\"name\":\"Home\",\"item\":\"https:\/\/www.bullhorn.com\/fr\/\"},{\"@type\":\"ListItem\",\"position\":2,\"name\":\"Les r\u00e9sultats de Bullhorn Connexys\"}]},{\"@type\":\"WebSite\",\"@id\":\"https:\/\/www.bullhorn.com\/fr\/#website\",\"url\":\"https:\/\/www.bullhorn.com\/fr\/\",\"name\":\"Bullhorn FR\",\"description\":\"\",\"publisher\":{\"@id\":\"https:\/\/www.bullhorn.com\/fr\/#organization\"},\"potentialAction\":[{\"@type\":\"SearchAction\",\"target\":{\"@type\":\"EntryPoint\",\"urlTemplate\":\"https:\/\/www.bullhorn.com\/fr\/?s={search_term_string}\"},\"query-input\":{\"@type\":\"PropertyValueSpecification\",\"valueRequired\":true,\"valueName\":\"search_term_string\"}}],\"inLanguage\":\"en-US\"},{\"@type\":\"Organization\",\"@id\":\"https:\/\/www.bullhorn.com\/fr\/#organization\",\"name\":\"Bullhorn\",\"url\":\"https:\/\/www.bullhorn.com\/fr\/\",\"logo\":{\"@type\":\"ImageObject\",\"inLanguage\":\"en-US\",\"@id\":\"https:\/\/www.bullhorn.com\/fr\/#\/schema\/logo\/image\/\",\"url\":\"https:\/\/www.bullhorn.com\/fr\/wp-content\/uploads\/sites\/14\/2021\/09\/og-img.png\",\"contentUrl\":\"https:\/\/www.bullhorn.com\/fr\/wp-content\/uploads\/sites\/14\/2021\/09\/og-img.png\",\"width\":1200,\"height\":628,\"caption\":\"Bullhorn\"},\"image\":{\"@id\":\"https:\/\/www.bullhorn.com\/fr\/#\/schema\/logo\/image\/\"},\"sameAs\":[\"https:\/\/www.facebook.com\/Bullhorn\/\",\"https:\/\/x.com\/Bullhorn\",\"https:\/\/www.instagram.com\/lifeatbullhorn\/?hl=fr\",\"https:\/\/www.linkedin.com\/company\/bullhorn\",\"https:\/\/www.youtube.com\/channel\/UC-Rgm5YxtoxsvlCHy6KW3Ug\",\"https:\/\/en.wikipedia.org\/wiki\/Bullhorn,_Inc.\"]}]}<\/script>\n<!-- \/ Yoast SEO plugin. -->","yoast_head_json":{"title":"Bullhorn Connexys r\u00e9sultats | Bullhorn FR","description":"Bullhorn Connexys un logiciel de recrutement travaillant \u00e0 la stimulation de r\u00e9sultats pour les \u00e9quipes de recrutement en t\u00eate de l'Europe","robots":{"index":"index","follow":"follow","max-snippet":"max-snippet:-1","max-image-preview":"max-image-preview:large","max-video-preview":"max-video-preview:-1"},"canonical":"https:\/\/www.bullhorn.com\/fr\/les-resultats-de-bullhorn-connexys\/","og_locale":"en_US","og_type":"article","og_title":"Bullhorn Connexys r\u00e9sultats | Bullhorn FR","og_description":"Bullhorn Connexys un logiciel de recrutement travaillant \u00e0 la stimulation de r\u00e9sultats pour les \u00e9quipes de recrutement en t\u00eate de l'Europe","og_url":"https:\/\/www.bullhorn.com\/fr\/les-resultats-de-bullhorn-connexys\/","og_site_name":"Bullhorn FR","article_publisher":"https:\/\/www.facebook.com\/Bullhorn\/","article_modified_time":"2019-06-17T13:15:23+00:00","og_image":[{"url":"https:\/\/www.bullhorn.com\/eu\/wp-content\/uploads\/sites\/13\/2017\/11\/MAN_BE_Logo_SS_HOR_MC_RGB.png","type":"","width":"","height":""}],"twitter_card":"summary_large_image","twitter_site":"@Bullhorn","twitter_misc":{"Est. reading time":"1 minute"},"schema":{"@context":"https:\/\/schema.org","@graph":[{"@type":"WebPage","@id":"https:\/\/www.bullhorn.com\/fr\/les-resultats-de-bullhorn-connexys\/","url":"https:\/\/www.bullhorn.com\/fr\/les-resultats-de-bullhorn-connexys\/","name":"Bullhorn Connexys r\u00e9sultats | Bullhorn FR","isPartOf":{"@id":"https:\/\/www.bullhorn.com\/fr\/#website"},"primaryImageOfPage":{"@id":"https:\/\/www.bullhorn.com\/fr\/les-resultats-de-bullhorn-connexys\/#primaryimage"},"image":{"@id":"https:\/\/www.bullhorn.com\/fr\/les-resultats-de-bullhorn-connexys\/#primaryimage"},"thumbnailUrl":"https:\/\/www.bullhorn.com\/eu\/wp-content\/uploads\/sites\/13\/2017\/11\/MAN_BE_Logo_SS_HOR_MC_RGB.png","datePublished":"2017-11-21T16:48:50+00:00","dateModified":"2019-06-17T13:15:23+00:00","description":"Bullhorn Connexys un logiciel de recrutement travaillant \u00e0 la stimulation de r\u00e9sultats pour les \u00e9quipes de recrutement en t\u00eate de l'Europe","breadcrumb":{"@id":"https:\/\/www.bullhorn.com\/fr\/les-resultats-de-bullhorn-connexys\/#breadcrumb"},"inLanguage":"en-US","potentialAction":[{"@type":"ReadAction","target":["https:\/\/www.bullhorn.com\/fr\/les-resultats-de-bullhorn-connexys\/"]}]},{"@type":"ImageObject","inLanguage":"en-US","@id":"https:\/\/www.bullhorn.com\/fr\/les-resultats-de-bullhorn-connexys\/#primaryimage","url":"https:\/\/www.bullhorn.com\/eu\/wp-content\/uploads\/sites\/13\/2017\/11\/MAN_BE_Logo_SS_HOR_MC_RGB.png","contentUrl":"https:\/\/www.bullhorn.com\/eu\/wp-content\/uploads\/sites\/13\/2017\/11\/MAN_BE_Logo_SS_HOR_MC_RGB.png"},{"@type":"BreadcrumbList","@id":"https:\/\/www.bullhorn.com\/fr\/les-resultats-de-bullhorn-connexys\/#breadcrumb","itemListElement":[{"@type":"ListItem","position":1,"name":"Home","item":"https:\/\/www.bullhorn.com\/fr\/"},{"@type":"ListItem","position":2,"name":"Les r\u00e9sultats de Bullhorn Connexys"}]},{"@type":"WebSite","@id":"https:\/\/www.bullhorn.com\/fr\/#website","url":"https:\/\/www.bullhorn.com\/fr\/","name":"Bullhorn FR","description":"","publisher":{"@id":"https:\/\/www.bullhorn.com\/fr\/#organization"},"potentialAction":[{"@type":"SearchAction","target":{"@type":"EntryPoint","urlTemplate":"https:\/\/www.bullhorn.com\/fr\/?s={search_term_string}"},"query-input":{"@type":"PropertyValueSpecification","valueRequired":true,"valueName":"search_term_string"}}],"inLanguage":"en-US"},{"@type":"Organization","@id":"https:\/\/www.bullhorn.com\/fr\/#organization","name":"Bullhorn","url":"https:\/\/www.bullhorn.com\/fr\/","logo":{"@type":"ImageObject","inLanguage":"en-US","@id":"https:\/\/www.bullhorn.com\/fr\/#\/schema\/logo\/image\/","url":"https:\/\/www.bullhorn.com\/fr\/wp-content\/uploads\/sites\/14\/2021\/09\/og-img.png","contentUrl":"https:\/\/www.bullhorn.com\/fr\/wp-content\/uploads\/sites\/14\/2021\/09\/og-img.png","width":1200,"height":628,"caption":"Bullhorn"},"image":{"@id":"https:\/\/www.bullhorn.com\/fr\/#\/schema\/logo\/image\/"},"sameAs":["https:\/\/www.facebook.com\/Bullhorn\/","https:\/\/x.com\/Bullhorn","https:\/\/www.instagram.com\/lifeatbullhorn\/?hl=fr","https:\/\/www.linkedin.com\/company\/bullhorn","https:\/\/www.youtube.com\/channel\/UC-Rgm5YxtoxsvlCHy6KW3Ug","https:\/\/en.wikipedia.org\/wiki\/Bullhorn,_Inc."]}]}},"grav_blocks":null,"_links":{"self":[{"href":"https:\/\/www.bullhorn.com\/fr\/wp-json\/wp\/v2\/pages\/485","targetHints":{"allow":["GET"]}}],"collection":[{"href":"https:\/\/www.bullhorn.com\/fr\/wp-json\/wp\/v2\/pages"}],"about":[{"href":"https:\/\/www.bullhorn.com\/fr\/wp-json\/wp\/v2\/types\/page"}],"author":[{"embeddable":true,"href":"https:\/\/www.bullhorn.com\/fr\/wp-json\/wp\/v2\/users\/137"}],"replies":[{"embeddable":true,"href":"https:\/\/www.bullhorn.com\/fr\/wp-json\/wp\/v2\/comments?post=485"}],"version-history":[{"count":0,"href":"https:\/\/www.bullhorn.com\/fr\/wp-json\/wp\/v2\/pages\/485\/revisions"}],"wp:attachment":[{"href":"https:\/\/www.bullhorn.com\/fr\/wp-json\/wp\/v2\/media?parent=485"}],"curies":[{"name":"wp","href":"https:\/\/api.w.org\/{rel}","templated":true}]}}