{"id":492,"date":"2017-11-21T16:48:56","date_gmt":"2017-11-21T16:48:56","guid":{"rendered":"https:\/\/www.bullhorn.com\/fr\/?page_id=492"},"modified":"2021-02-25T15:50:54","modified_gmt":"2021-02-25T15:50:54","slug":"home","status":"publish","type":"page","link":"https:\/\/www.bullhorn.com\/fr\/home\/","title":{"rendered":"Menu principal"},"content":{"rendered":"\r\n<h1>Le logiciel de recrutement qui accompagne le d\u00e9veloppement de votre entreprise<\/h1>\r\n<p>La solution Bullhorn consolide les entreprises de recrutement en Europe<br \/>qui connaissent une forte croissance.<\/p>\r\n<p>&nbsp;<\/p>\r\n<p><a href=\"\/fr\/logiciels-pour-les-bureaux-et-les-agences-de-placement\/\" class=\"btn btn-orange btn-lg\">Pour les cabinets de recrutement<\/a> <a href=\"\/fr\/solution-recrutement-entreprise\/\" class=\"btn btn-orange btn-lg\">Pour votre d\u00e9partement RH<\/a><\/p>\r\n<h2>Travaillez comme vous le souhaitez<\/h2>\r\n<h3>Quelque soit votre r\u00f4le, la taille de votre entreprise ou votre sp\u00e9cialit\u00e9 les solutions recrutement Bullhorn vous aident \u00e0 \u00eatre plus productif<\/h3>\r\n<h3>Productivit\u00e9 du recruteur<\/h3>\r\n<h3><\/h3>\r\n<p>&nbsp;<\/p>\r\n<p>Simplifiez vos activit\u00e9s quotidiennes et am\u00e9liorez la productivit\u00e9 des recruteurs. Sourcez, rechercher et matcher des candidats rapidement et efficacement gr\u00e2ce \u00e0 des flux optimiser pour le recrutement depuis votre poste de travail ou votre mobile.<\/p>\r\n<h3>Relation avec le candidat<\/h3>\r\n<p>&nbsp;<\/p>\r\n<p>Assurez une exp\u00e9rience du candidat impressionnante. \u00c9tablissez une relation avec les talents en communiquant par publipostage ou par sms. Optimalisez l&#8217;int\u00e9gration avec le site de recrutement et maintenez le contact gr\u00e2ce \u00e0 l&#8217;entretien automatis\u00e9 des candidats.<\/p>\r\n<h3>Connaissance op\u00e9rationnelle et efficacit\u00e9<\/h3>\r\n<p>Assurez une exp\u00e9rience du candidat impressionnante. \u00c9tablissez une relation avec les talents en communiquant par publipostage ou par sms. Optimalisez l&#8217;int\u00e9gration avec le site de recrutement et maintenez le contact gr\u00e2ce \u00e0 l&#8217;entretien automatis\u00e9 des candidats.<\/p>\r\n<p>&nbsp;<\/p>\r\n<a href=\"\/fr\/demo\/?LS=Website&LSD=Homepage_FR&LA=Home_ContactSales_FR&LAD=Home_ContactSales_FR\" class=\"btn btn-orange btn-md\">En savoir plus<\/a>\r\n<h4>Commencez le d\u00e9veloppement votre entreprise<\/h4>\r\n<a href=\"\/fr\/demo\/?LS=Website&LSD=Homepage_FR&LA=Home_ContactSales_FR&LAD=Home_ContactSales_FR\" class=\"btn btn-orange btn-md\">D\u00e9mo<\/a>\r\n","protected":false},"excerpt":{"rendered":"","protected":false},"author":137,"featured_media":0,"parent":0,"menu_order":0,"comment_status":"closed","ping_status":"closed","template":"","meta":{"_acf_changed":false,"om_disable_all_campaigns":false},"class_list":["post-492","page","type-page","status-publish","hentry"],"acf":[],"yoast_head":"<!-- This site is optimized with the Yoast SEO plugin v27.2 - https:\/\/yoast.com\/product\/yoast-seo-wordpress\/ -->\n<title>Logiciel de recrutement | Bullhorn FR<\/title>\n<meta name=\"description\" content=\"Le logiciel de recrutement de Bullhorn pour d\u00e9velopper votre entreprise. Bullhorn renforce les agences de recrutement europ\u00e9ennes qui connaissent ...\" \/>\n<meta name=\"robots\" content=\"index, follow, max-snippet:-1, max-image-preview:large, max-video-preview:-1\" \/>\n<link rel=\"canonical\" href=\"https:\/\/www.bullhorn.com\/fr\/home\/\" \/>\n<meta property=\"og:locale\" content=\"en_US\" \/>\n<meta property=\"og:type\" content=\"article\" \/>\n<meta property=\"og:title\" content=\"Logiciel de recrutement | Bullhorn FR\" \/>\n<meta property=\"og:description\" content=\"Le logiciel de recrutement de Bullhorn pour d\u00e9velopper votre entreprise. Bullhorn renforce les agences de recrutement europ\u00e9ennes qui connaissent ...\" \/>\n<meta property=\"og:url\" content=\"https:\/\/www.bullhorn.com\/fr\/home\/\" \/>\n<meta property=\"og:site_name\" content=\"Bullhorn FR\" \/>\n<meta property=\"article:publisher\" content=\"https:\/\/www.facebook.com\/Bullhorn\/\" \/>\n<meta property=\"article:modified_time\" content=\"2021-02-25T15:50:54+00:00\" \/>\n<meta name=\"twitter:card\" content=\"summary_large_image\" \/>\n<meta name=\"twitter:site\" content=\"@Bullhorn\" \/>\n<meta name=\"twitter:label1\" content=\"Est. reading time\" \/>\n\t<meta name=\"twitter:data1\" content=\"1 minute\" \/>\n<script type=\"application\/ld+json\" class=\"yoast-schema-graph\">{\"@context\":\"https:\/\/schema.org\",\"@graph\":[{\"@type\":\"WebPage\",\"@id\":\"https:\/\/www.bullhorn.com\/fr\/home\/\",\"url\":\"https:\/\/www.bullhorn.com\/fr\/home\/\",\"name\":\"Logiciel de recrutement | Bullhorn FR\",\"isPartOf\":{\"@id\":\"https:\/\/www.bullhorn.com\/fr\/#website\"},\"datePublished\":\"2017-11-21T16:48:56+00:00\",\"dateModified\":\"2021-02-25T15:50:54+00:00\",\"description\":\"Le logiciel de recrutement de Bullhorn pour d\u00e9velopper votre entreprise. Bullhorn renforce les agences de recrutement europ\u00e9ennes qui connaissent ...\",\"breadcrumb\":{\"@id\":\"https:\/\/www.bullhorn.com\/fr\/home\/#breadcrumb\"},\"inLanguage\":\"en-US\",\"potentialAction\":[{\"@type\":\"ReadAction\",\"target\":[\"https:\/\/www.bullhorn.com\/fr\/home\/\"]}]},{\"@type\":\"BreadcrumbList\",\"@id\":\"https:\/\/www.bullhorn.com\/fr\/home\/#breadcrumb\",\"itemListElement\":[{\"@type\":\"ListItem\",\"position\":1,\"name\":\"Home\",\"item\":\"https:\/\/www.bullhorn.com\/fr\/\"},{\"@type\":\"ListItem\",\"position\":2,\"name\":\"Menu principal\"}]},{\"@type\":\"WebSite\",\"@id\":\"https:\/\/www.bullhorn.com\/fr\/#website\",\"url\":\"https:\/\/www.bullhorn.com\/fr\/\",\"name\":\"Bullhorn FR\",\"description\":\"\",\"publisher\":{\"@id\":\"https:\/\/www.bullhorn.com\/fr\/#organization\"},\"potentialAction\":[{\"@type\":\"SearchAction\",\"target\":{\"@type\":\"EntryPoint\",\"urlTemplate\":\"https:\/\/www.bullhorn.com\/fr\/?s={search_term_string}\"},\"query-input\":{\"@type\":\"PropertyValueSpecification\",\"valueRequired\":true,\"valueName\":\"search_term_string\"}}],\"inLanguage\":\"en-US\"},{\"@type\":\"Organization\",\"@id\":\"https:\/\/www.bullhorn.com\/fr\/#organization\",\"name\":\"Bullhorn\",\"url\":\"https:\/\/www.bullhorn.com\/fr\/\",\"logo\":{\"@type\":\"ImageObject\",\"inLanguage\":\"en-US\",\"@id\":\"https:\/\/www.bullhorn.com\/fr\/#\/schema\/logo\/image\/\",\"url\":\"https:\/\/www.bullhorn.com\/fr\/wp-content\/uploads\/sites\/14\/2021\/09\/og-img.png\",\"contentUrl\":\"https:\/\/www.bullhorn.com\/fr\/wp-content\/uploads\/sites\/14\/2021\/09\/og-img.png\",\"width\":1200,\"height\":628,\"caption\":\"Bullhorn\"},\"image\":{\"@id\":\"https:\/\/www.bullhorn.com\/fr\/#\/schema\/logo\/image\/\"},\"sameAs\":[\"https:\/\/www.facebook.com\/Bullhorn\/\",\"https:\/\/x.com\/Bullhorn\",\"https:\/\/www.instagram.com\/lifeatbullhorn\/?hl=fr\",\"https:\/\/www.linkedin.com\/company\/bullhorn\",\"https:\/\/www.youtube.com\/channel\/UC-Rgm5YxtoxsvlCHy6KW3Ug\",\"https:\/\/en.wikipedia.org\/wiki\/Bullhorn,_Inc.\"]}]}<\/script>\n<!-- \/ Yoast SEO plugin. -->","yoast_head_json":{"title":"Logiciel de recrutement | Bullhorn FR","description":"Le logiciel de recrutement de Bullhorn pour d\u00e9velopper votre entreprise. Bullhorn renforce les agences de recrutement europ\u00e9ennes qui connaissent ...","robots":{"index":"index","follow":"follow","max-snippet":"max-snippet:-1","max-image-preview":"max-image-preview:large","max-video-preview":"max-video-preview:-1"},"canonical":"https:\/\/www.bullhorn.com\/fr\/home\/","og_locale":"en_US","og_type":"article","og_title":"Logiciel de recrutement | Bullhorn FR","og_description":"Le logiciel de recrutement de Bullhorn pour d\u00e9velopper votre entreprise. Bullhorn renforce les agences de recrutement europ\u00e9ennes qui connaissent ...","og_url":"https:\/\/www.bullhorn.com\/fr\/home\/","og_site_name":"Bullhorn FR","article_publisher":"https:\/\/www.facebook.com\/Bullhorn\/","article_modified_time":"2021-02-25T15:50:54+00:00","twitter_card":"summary_large_image","twitter_site":"@Bullhorn","twitter_misc":{"Est. reading time":"1 minute"},"schema":{"@context":"https:\/\/schema.org","@graph":[{"@type":"WebPage","@id":"https:\/\/www.bullhorn.com\/fr\/home\/","url":"https:\/\/www.bullhorn.com\/fr\/home\/","name":"Logiciel de recrutement | Bullhorn FR","isPartOf":{"@id":"https:\/\/www.bullhorn.com\/fr\/#website"},"datePublished":"2017-11-21T16:48:56+00:00","dateModified":"2021-02-25T15:50:54+00:00","description":"Le logiciel de recrutement de Bullhorn pour d\u00e9velopper votre entreprise. Bullhorn renforce les agences de recrutement europ\u00e9ennes qui connaissent ...","breadcrumb":{"@id":"https:\/\/www.bullhorn.com\/fr\/home\/#breadcrumb"},"inLanguage":"en-US","potentialAction":[{"@type":"ReadAction","target":["https:\/\/www.bullhorn.com\/fr\/home\/"]}]},{"@type":"BreadcrumbList","@id":"https:\/\/www.bullhorn.com\/fr\/home\/#breadcrumb","itemListElement":[{"@type":"ListItem","position":1,"name":"Home","item":"https:\/\/www.bullhorn.com\/fr\/"},{"@type":"ListItem","position":2,"name":"Menu principal"}]},{"@type":"WebSite","@id":"https:\/\/www.bullhorn.com\/fr\/#website","url":"https:\/\/www.bullhorn.com\/fr\/","name":"Bullhorn FR","description":"","publisher":{"@id":"https:\/\/www.bullhorn.com\/fr\/#organization"},"potentialAction":[{"@type":"SearchAction","target":{"@type":"EntryPoint","urlTemplate":"https:\/\/www.bullhorn.com\/fr\/?s={search_term_string}"},"query-input":{"@type":"PropertyValueSpecification","valueRequired":true,"valueName":"search_term_string"}}],"inLanguage":"en-US"},{"@type":"Organization","@id":"https:\/\/www.bullhorn.com\/fr\/#organization","name":"Bullhorn","url":"https:\/\/www.bullhorn.com\/fr\/","logo":{"@type":"ImageObject","inLanguage":"en-US","@id":"https:\/\/www.bullhorn.com\/fr\/#\/schema\/logo\/image\/","url":"https:\/\/www.bullhorn.com\/fr\/wp-content\/uploads\/sites\/14\/2021\/09\/og-img.png","contentUrl":"https:\/\/www.bullhorn.com\/fr\/wp-content\/uploads\/sites\/14\/2021\/09\/og-img.png","width":1200,"height":628,"caption":"Bullhorn"},"image":{"@id":"https:\/\/www.bullhorn.com\/fr\/#\/schema\/logo\/image\/"},"sameAs":["https:\/\/www.facebook.com\/Bullhorn\/","https:\/\/x.com\/Bullhorn","https:\/\/www.instagram.com\/lifeatbullhorn\/?hl=fr","https:\/\/www.linkedin.com\/company\/bullhorn","https:\/\/www.youtube.com\/channel\/UC-Rgm5YxtoxsvlCHy6KW3Ug","https:\/\/en.wikipedia.org\/wiki\/Bullhorn,_Inc."]}]}},"grav_blocks":null,"_links":{"self":[{"href":"https:\/\/www.bullhorn.com\/fr\/wp-json\/wp\/v2\/pages\/492","targetHints":{"allow":["GET"]}}],"collection":[{"href":"https:\/\/www.bullhorn.com\/fr\/wp-json\/wp\/v2\/pages"}],"about":[{"href":"https:\/\/www.bullhorn.com\/fr\/wp-json\/wp\/v2\/types\/page"}],"author":[{"embeddable":true,"href":"https:\/\/www.bullhorn.com\/fr\/wp-json\/wp\/v2\/users\/137"}],"replies":[{"embeddable":true,"href":"https:\/\/www.bullhorn.com\/fr\/wp-json\/wp\/v2\/comments?post=492"}],"version-history":[{"count":1,"href":"https:\/\/www.bullhorn.com\/fr\/wp-json\/wp\/v2\/pages\/492\/revisions"}],"predecessor-version":[{"id":1003,"href":"https:\/\/www.bullhorn.com\/fr\/wp-json\/wp\/v2\/pages\/492\/revisions\/1003"}],"wp:attachment":[{"href":"https:\/\/www.bullhorn.com\/fr\/wp-json\/wp\/v2\/media?parent=492"}],"curies":[{"name":"wp","href":"https:\/\/api.w.org\/{rel}","templated":true}]}}