{"id":494,"date":"2017-11-21T16:48:58","date_gmt":"2017-11-21T16:48:58","guid":{"rendered":"https:\/\/www.bullhorn.com\/fr\/?page_id=494"},"modified":"2021-09-14T19:10:34","modified_gmt":"2021-09-14T19:10:34","slug":"mentions-legales","status":"publish","type":"page","link":"https:\/\/www.bullhorn.com\/fr\/mentions-legales\/","title":{"rendered":"Mentions l\u00e9gales"},"content":{"rendered":"<h1 style=\"text-align: center;\">Mentions l\u00e9gales<\/h1>\n<p><strong>Marques d\u00e9pos\u00e9es<\/strong><\/p>\n<p>Toutes les marques d\u00e9pos\u00e9es affich\u00e9es sur ce site web autres que celles qui sont la propri\u00e9t\u00e9 de Bullhorn sont les marques d\u00e9pos\u00e9es de leurs propri\u00e9taires respectifs.\u00a0 De telles marques d\u00e9pos\u00e9es de tierces parties sont utilis\u00e9es pour identifier les produits et les services de leurs propri\u00e9taires respectifs, et aucune sponsorisation ni approbation ne doit \u00eatre d\u00e9duite de l&#8217;utilisation de ces marques d\u00e9pos\u00e9es. Aucun \u00e9l\u00e9ment du contenu de ce site web ne doit \u00eatre interpr\u00e9t\u00e9 comme l&#8217;octroi d&#8217;une licence ou d&#8217;un droit d&#8217;utilisation d&#8217;une marque d\u00e9pos\u00e9e affich\u00e9e sur ce site web, sans le consentement expr\u00e8s et \u00e9crit de la part de Bullhorn ou de la tierce partie propri\u00e9taire de la marque.<\/p>\n<p><strong>\u00a0<\/strong><\/p>\n<p><strong>Clause exon\u00e9ratoire des garanties <\/strong><\/p>\n<p>Vous reconnaissez et consentez que ce site est propos\u00e9 sur la base de &#8220;en l&#8221;\u00e9tat&#8221; et &#8220;suivant disponibilit\u00e9&#8221;.\u00a0 Bullhorn se r\u00e9serve le droit de modifier ou de mettre fin \u00e0 ce site \u00e0 tout moment sans notification pr\u00e9alable.\u00a0 Bullhorn, Inc., ses filiales, ses succursales ou ses dirigeants, administrateurs, employ\u00e9s ou agents (collectivement appel\u00e9s les &#8220;parties de Bullhorn&#8221;) ne garantissent l&#8217;exactitude, l&#8217;exhaustivit\u00e9, l&#8217;actualit\u00e9, la pertinence ou l&#8217;utilit\u00e9 de toute partie de ce site, que ce site sera ininterrompu ou sans erreurs, que toute information sp\u00e9cifique demand\u00e9e sera fournie ou que ce site ou son serveur sont ou seront exempts de virus informatiques ou d&#8217;autres \u00e9l\u00e9ments nuisibles.\u00a0 Vous acceptez express\u00e9ment que l&#8217;int\u00e9gralit\u00e9 du risque quant \u00e0 la qualit\u00e9 et \u00e0 la performance de ce site et l&#8217;exactitude, l&#8217;actualit\u00e9 ou l&#8217;exhaustivit\u00e9 du contenu ou des services est assum\u00e9e uniquement par vous. Par la pr\u00e9sentes, aucune des parties de Bullhorn n&#8217;exprime quelque garantie que ce soit, de repr\u00e9sentations, d&#8217;approbation, de garantie et de caution, expresse ou entendue, concernant ce site, y-compris et sans limitation, les garanties sous-entendues concernant la qualit\u00e9 marchande et la praticabilit\u00e9 pour tout objectif, le titre et la non-violation de droits d&#8217;une tierce partie.<\/p>\n<p><strong>\u00a0<\/strong><\/p>\n<p><strong>Limitation de responsabilit\u00e9 <\/strong><\/p>\n<p>En aucune circonstance, une des parties de Bullhorn ne sera tenue responsable de toute perte ni de tout dommage caus\u00e9 par la confiance que vous accordez aux informations obtenues par le biais de ce site.\u00a0 Il est de votre responsabilit\u00e9 d&#8217;\u00e9valuer l&#8217;exactitude, l&#8217;exhaustivit\u00e9 ou l&#8217;utilit\u00e9 de ce site\u00a0 En aucun cas l&#8217;une des parties Bullhorn ne pourra \u00eatre tenue responsable des dommages directs, indirects, punitifs, accessoires, sp\u00e9ciaux ou cons\u00e9cutifs d\u00e9coulant du site ou du pr\u00e9sent contrat, que ce soit en vertu d&#8217;une garantie, d&#8217;un contrat, d&#8217;un acte d\u00e9lictuel ou de toute autre th\u00e9orie. l\u00e9gale.\u00a0 Du fait que quelques juridictions n&#8217;acceptent pas l&#8217;exclusion ni la limitation ou la responsabilit\u00e9 pour n\u00e9gligence ou pour les dommages cons\u00e9cutifs, accessoires ou autres, la responsabilit\u00e9 pour de telles juridictions est limit\u00e9e pour les parties de Bullhorn \u00e0 la plus grande mesure accept\u00e9e par la loi.\u00a0 Votre seul rem\u00e8de au m\u00e9contentement concernant ce site est d&#8217;arr\u00eater de l&#8217;utiliser.<\/p>\n<p><strong>\u00a0<\/strong><\/p>\n<p><strong>R\u00e9ponses aux questions en ligne <\/strong><\/p>\n<p>Detemps en temps, Bullhorn peut proposer de fournir des informations ou du mat\u00e9riel via un mail \u00e9lectronique ou autrement aux personnes int\u00e9ress\u00e9es.\u00a0 Bullhorn se r\u00e9serve le droit, \u00e0 sa seule discr\u00e9tion, de rejeter toute demande concernant de telles informations ou de tel mat\u00e9riel, ou de discontinuer la fourniture de telles informations ou de tel mat\u00e9riel, pour quelque raison qui soit.<\/p>\n<p><strong>\u00a0<\/strong><\/p>\n<p><strong>Liens vers d&#8217;autres sites<\/strong><\/p>\n<p>Ce site peut contenir des liens vers des sites externes.\u00a0 Ces liens ne sont propos\u00e9s qu&#8217;\u00e0 titre de commodit\u00e9.\u00a0 Les sites vers lesquels pointent ces liens ne sont pas contr\u00f4l\u00e9s par Bullhorn et Bullhorn n&#8217;est pas responsable des contenus des sites li\u00e9s, ni de tout lien contenu dans un site li\u00e9.\u00a0 L&#8217;inclusion d&#8217;un lien ne signifie pas que Bullhorn accepte la responsabilit\u00e9 du site, et Bullhorn n&#8217;aura pas la responsabilit\u00e9 pour les informations que ce site fournit ou qui sont reli\u00e9es par ce site.<\/p>\n<p>&nbsp;<\/p>\n<h4 style=\"text-align: center;\">Commencez le d\u00e9veloppement de votre entreprise<\/h4>\n<p style=\"text-align: center;\"><a href=\"\/fr\/demo\/?LS=Website&LSD=Home_ContactSales_FR\" class=\"btn btn-orange btn-md\">Live Demo<\/a><\/p>\n<p>&nbsp;<\/p>\n","protected":false},"excerpt":{"rendered":"<p>Mentions l\u00e9gales Marques d\u00e9pos\u00e9es Toutes les marques d\u00e9pos\u00e9es affich\u00e9es sur ce site web autres que celles qui sont la propri\u00e9t\u00e9 de Bullhorn sont les marques d\u00e9pos\u00e9es de leurs propri\u00e9taires respectifs.\u00a0 De telles marques d\u00e9pos\u00e9es de tierces parties sont utilis\u00e9es pour identifier les produits et les services de leurs propri\u00e9taires respectifs, et aucune sponsorisation ni approbation [&hellip;]<\/p>\n","protected":false},"author":137,"featured_media":0,"parent":0,"menu_order":0,"comment_status":"closed","ping_status":"closed","template":"","meta":{"_acf_changed":false,"om_disable_all_campaigns":false},"class_list":["post-494","page","type-page","status-publish","hentry"],"acf":[],"yoast_head":"<!-- This site is optimized with the Yoast SEO plugin v27.2 - https:\/\/yoast.com\/product\/yoast-seo-wordpress\/ -->\n<title>Mentions l\u00e9gales - Bullhorn FR<\/title>\n<meta name=\"description\" content=\"Mentions l\u00e9gales, informations juridiques: ce que vous devez sur la protection juridique de Bullhorn. Informations officielles.\" \/>\n<meta name=\"robots\" content=\"index, follow, max-snippet:-1, max-image-preview:large, max-video-preview:-1\" \/>\n<link rel=\"canonical\" href=\"https:\/\/www.bullhorn.com\/fr\/mentions-legales\/\" \/>\n<meta property=\"og:locale\" content=\"en_US\" \/>\n<meta property=\"og:type\" content=\"article\" \/>\n<meta property=\"og:title\" content=\"Mentions l\u00e9gales - Bullhorn FR\" \/>\n<meta property=\"og:description\" content=\"Mentions l\u00e9gales, informations juridiques: ce que vous devez sur la protection juridique de Bullhorn. Informations officielles.\" \/>\n<meta property=\"og:url\" content=\"https:\/\/www.bullhorn.com\/fr\/mentions-legales\/\" \/>\n<meta property=\"og:site_name\" content=\"Bullhorn FR\" \/>\n<meta property=\"article:publisher\" content=\"https:\/\/www.facebook.com\/Bullhorn\/\" \/>\n<meta property=\"article:modified_time\" content=\"2021-09-14T19:10:34+00:00\" \/>\n<meta name=\"twitter:card\" content=\"summary_large_image\" \/>\n<meta name=\"twitter:site\" content=\"@Bullhorn\" \/>\n<meta name=\"twitter:label1\" content=\"Est. reading time\" \/>\n\t<meta name=\"twitter:data1\" content=\"4 minutes\" \/>\n<script type=\"application\/ld+json\" class=\"yoast-schema-graph\">{\"@context\":\"https:\/\/schema.org\",\"@graph\":[{\"@type\":\"WebPage\",\"@id\":\"https:\/\/www.bullhorn.com\/fr\/mentions-legales\/\",\"url\":\"https:\/\/www.bullhorn.com\/fr\/mentions-legales\/\",\"name\":\"Mentions l\u00e9gales - Bullhorn FR\",\"isPartOf\":{\"@id\":\"https:\/\/www.bullhorn.com\/fr\/#website\"},\"datePublished\":\"2017-11-21T16:48:58+00:00\",\"dateModified\":\"2021-09-14T19:10:34+00:00\",\"description\":\"Mentions l\u00e9gales, informations juridiques: ce que vous devez sur la protection juridique de Bullhorn. Informations officielles.\",\"breadcrumb\":{\"@id\":\"https:\/\/www.bullhorn.com\/fr\/mentions-legales\/#breadcrumb\"},\"inLanguage\":\"en-US\",\"potentialAction\":[{\"@type\":\"ReadAction\",\"target\":[\"https:\/\/www.bullhorn.com\/fr\/mentions-legales\/\"]}]},{\"@type\":\"BreadcrumbList\",\"@id\":\"https:\/\/www.bullhorn.com\/fr\/mentions-legales\/#breadcrumb\",\"itemListElement\":[{\"@type\":\"ListItem\",\"position\":1,\"name\":\"Home\",\"item\":\"https:\/\/www.bullhorn.com\/fr\/\"},{\"@type\":\"ListItem\",\"position\":2,\"name\":\"Mentions l\u00e9gales\"}]},{\"@type\":\"WebSite\",\"@id\":\"https:\/\/www.bullhorn.com\/fr\/#website\",\"url\":\"https:\/\/www.bullhorn.com\/fr\/\",\"name\":\"Bullhorn FR\",\"description\":\"\",\"publisher\":{\"@id\":\"https:\/\/www.bullhorn.com\/fr\/#organization\"},\"potentialAction\":[{\"@type\":\"SearchAction\",\"target\":{\"@type\":\"EntryPoint\",\"urlTemplate\":\"https:\/\/www.bullhorn.com\/fr\/?s={search_term_string}\"},\"query-input\":{\"@type\":\"PropertyValueSpecification\",\"valueRequired\":true,\"valueName\":\"search_term_string\"}}],\"inLanguage\":\"en-US\"},{\"@type\":\"Organization\",\"@id\":\"https:\/\/www.bullhorn.com\/fr\/#organization\",\"name\":\"Bullhorn\",\"url\":\"https:\/\/www.bullhorn.com\/fr\/\",\"logo\":{\"@type\":\"ImageObject\",\"inLanguage\":\"en-US\",\"@id\":\"https:\/\/www.bullhorn.com\/fr\/#\/schema\/logo\/image\/\",\"url\":\"https:\/\/www.bullhorn.com\/fr\/wp-content\/uploads\/sites\/14\/2021\/09\/og-img.png\",\"contentUrl\":\"https:\/\/www.bullhorn.com\/fr\/wp-content\/uploads\/sites\/14\/2021\/09\/og-img.png\",\"width\":1200,\"height\":628,\"caption\":\"Bullhorn\"},\"image\":{\"@id\":\"https:\/\/www.bullhorn.com\/fr\/#\/schema\/logo\/image\/\"},\"sameAs\":[\"https:\/\/www.facebook.com\/Bullhorn\/\",\"https:\/\/x.com\/Bullhorn\",\"https:\/\/www.instagram.com\/lifeatbullhorn\/?hl=fr\",\"https:\/\/www.linkedin.com\/company\/bullhorn\",\"https:\/\/www.youtube.com\/channel\/UC-Rgm5YxtoxsvlCHy6KW3Ug\",\"https:\/\/en.wikipedia.org\/wiki\/Bullhorn,_Inc.\"]}]}<\/script>\n<!-- \/ Yoast SEO plugin. -->","yoast_head_json":{"title":"Mentions l\u00e9gales - Bullhorn FR","description":"Mentions l\u00e9gales, informations juridiques: ce que vous devez sur la protection juridique de Bullhorn. Informations officielles.","robots":{"index":"index","follow":"follow","max-snippet":"max-snippet:-1","max-image-preview":"max-image-preview:large","max-video-preview":"max-video-preview:-1"},"canonical":"https:\/\/www.bullhorn.com\/fr\/mentions-legales\/","og_locale":"en_US","og_type":"article","og_title":"Mentions l\u00e9gales - Bullhorn FR","og_description":"Mentions l\u00e9gales, informations juridiques: ce que vous devez sur la protection juridique de Bullhorn. Informations officielles.","og_url":"https:\/\/www.bullhorn.com\/fr\/mentions-legales\/","og_site_name":"Bullhorn FR","article_publisher":"https:\/\/www.facebook.com\/Bullhorn\/","article_modified_time":"2021-09-14T19:10:34+00:00","twitter_card":"summary_large_image","twitter_site":"@Bullhorn","twitter_misc":{"Est. reading time":"4 minutes"},"schema":{"@context":"https:\/\/schema.org","@graph":[{"@type":"WebPage","@id":"https:\/\/www.bullhorn.com\/fr\/mentions-legales\/","url":"https:\/\/www.bullhorn.com\/fr\/mentions-legales\/","name":"Mentions l\u00e9gales - Bullhorn FR","isPartOf":{"@id":"https:\/\/www.bullhorn.com\/fr\/#website"},"datePublished":"2017-11-21T16:48:58+00:00","dateModified":"2021-09-14T19:10:34+00:00","description":"Mentions l\u00e9gales, informations juridiques: ce que vous devez sur la protection juridique de Bullhorn. Informations officielles.","breadcrumb":{"@id":"https:\/\/www.bullhorn.com\/fr\/mentions-legales\/#breadcrumb"},"inLanguage":"en-US","potentialAction":[{"@type":"ReadAction","target":["https:\/\/www.bullhorn.com\/fr\/mentions-legales\/"]}]},{"@type":"BreadcrumbList","@id":"https:\/\/www.bullhorn.com\/fr\/mentions-legales\/#breadcrumb","itemListElement":[{"@type":"ListItem","position":1,"name":"Home","item":"https:\/\/www.bullhorn.com\/fr\/"},{"@type":"ListItem","position":2,"name":"Mentions l\u00e9gales"}]},{"@type":"WebSite","@id":"https:\/\/www.bullhorn.com\/fr\/#website","url":"https:\/\/www.bullhorn.com\/fr\/","name":"Bullhorn FR","description":"","publisher":{"@id":"https:\/\/www.bullhorn.com\/fr\/#organization"},"potentialAction":[{"@type":"SearchAction","target":{"@type":"EntryPoint","urlTemplate":"https:\/\/www.bullhorn.com\/fr\/?s={search_term_string}"},"query-input":{"@type":"PropertyValueSpecification","valueRequired":true,"valueName":"search_term_string"}}],"inLanguage":"en-US"},{"@type":"Organization","@id":"https:\/\/www.bullhorn.com\/fr\/#organization","name":"Bullhorn","url":"https:\/\/www.bullhorn.com\/fr\/","logo":{"@type":"ImageObject","inLanguage":"en-US","@id":"https:\/\/www.bullhorn.com\/fr\/#\/schema\/logo\/image\/","url":"https:\/\/www.bullhorn.com\/fr\/wp-content\/uploads\/sites\/14\/2021\/09\/og-img.png","contentUrl":"https:\/\/www.bullhorn.com\/fr\/wp-content\/uploads\/sites\/14\/2021\/09\/og-img.png","width":1200,"height":628,"caption":"Bullhorn"},"image":{"@id":"https:\/\/www.bullhorn.com\/fr\/#\/schema\/logo\/image\/"},"sameAs":["https:\/\/www.facebook.com\/Bullhorn\/","https:\/\/x.com\/Bullhorn","https:\/\/www.instagram.com\/lifeatbullhorn\/?hl=fr","https:\/\/www.linkedin.com\/company\/bullhorn","https:\/\/www.youtube.com\/channel\/UC-Rgm5YxtoxsvlCHy6KW3Ug","https:\/\/en.wikipedia.org\/wiki\/Bullhorn,_Inc."]}]}},"grav_blocks":[{"acf_fc_layout":"columns","block_title":"","block_aria":"","block_subtitle":"","format":"","enable_box_shadow":false,"columns":[{"type":"wysiwyg","wysiwyg":"<h3>Marques d\u00e9pos\u00e9es<\/h3>\n<p>Toutes les marques d\u00e9pos\u00e9es affich\u00e9es sur ce site web autres que celles qui sont la propri\u00e9t\u00e9 de Bullhorn sont les marques d\u00e9pos\u00e9es de leurs propri\u00e9taires respectifs.\u00a0 De telles marques d\u00e9pos\u00e9es de tierces parties sont utilis\u00e9es pour identifier les produits et les services de leurs propri\u00e9taires respectifs, et aucune sponsorisation ni approbation ne doit \u00eatre d\u00e9duite de l&#8217;utilisation de ces marques d\u00e9pos\u00e9es. Aucun \u00e9l\u00e9ment du contenu de ce site web ne doit \u00eatre interpr\u00e9t\u00e9 comme l&#8217;octroi d&#8217;une licence ou d&#8217;un droit d&#8217;utilisation d&#8217;une marque d\u00e9pos\u00e9e affich\u00e9e sur ce site web, sans le consentement expr\u00e8s et \u00e9crit de la part de Bullhorn ou de la tierce partie propri\u00e9taire de la marque.<\/p>\n<h3>Clause exon\u00e9ratoire des garanties<\/h3>\n<p>Vous reconnaissez et consentez que ce site est propos\u00e9 sur la base de &#8220;en l&#8221;\u00e9tat&#8221; et &#8220;suivant disponibilit\u00e9&#8221;.\u00a0 Bullhorn se r\u00e9serve le droit de modifier ou de mettre fin \u00e0 ce site \u00e0 tout moment sans notification pr\u00e9alable.\u00a0 Bullhorn, Inc., ses filiales, ses succursales ou ses dirigeants, administrateurs, employ\u00e9s ou agents (collectivement appel\u00e9s les &#8220;parties de Bullhorn&#8221;) ne garantissent l&#8217;exactitude, l&#8217;exhaustivit\u00e9, l&#8217;actualit\u00e9, la pertinence ou l&#8217;utilit\u00e9 de toute partie de ce site, que ce site sera ininterrompu ou sans erreurs, que toute information sp\u00e9cifique demand\u00e9e sera fournie ou que ce site ou son serveur sont ou seront exempts de virus informatiques ou d&#8217;autres \u00e9l\u00e9ments nuisibles.\u00a0 Vous acceptez express\u00e9ment que l&#8217;int\u00e9gralit\u00e9 du risque quant \u00e0 la qualit\u00e9 et \u00e0 la performance de ce site et l&#8217;exactitude, l&#8217;actualit\u00e9 ou l&#8217;exhaustivit\u00e9 du contenu ou des services est assum\u00e9e uniquement par vous. Par la pr\u00e9sente, aucune des parties de Bullhorn n&#8217;exprime quelque garantie que ce soit, de repr\u00e9sentations, d&#8217;approbation, de garantie et de caution, expresse ou entendue, concernant ce site, y-compris et sans limitation, les garanties sous-entendues concernant la qualit\u00e9 marchande et la praticabilit\u00e9 pour tout objectif, le titre et la non-violation de droits d&#8217;une tierce partie.<\/p>\n<h3>Limitation de responsabilit\u00e9<\/h3>\n<p>En aucune circonstance, une des parties de Bullhorn ne sera tenue responsable de toute perte ni de tout dommage caus\u00e9 par la confiance que vous accordez aux informations obtenues par le biais de ce site.\u00a0 Il est de votre responsabilit\u00e9 d&#8217;\u00e9valuer l&#8217;exactitude, l&#8217;exhaustivit\u00e9 ou l&#8217;utilit\u00e9 de ce site\u00a0 En aucun cas l&#8217;une des parties Bullhorn ne pourra \u00eatre tenue responsable des dommages directs, indirects, punitifs, accessoires, sp\u00e9ciaux ou cons\u00e9cutifs d\u00e9coulant du site ou du pr\u00e9sent contrat, que ce soit en vertu d&#8217;une garantie, d&#8217;un contrat, d&#8217;un acte d\u00e9lictuel ou de toute autre jurisprudence.\u00a0 Du fait que quelques juridictions n&#8217;acceptent pas l&#8217;exclusion ni la limitation ou la responsabilit\u00e9 pour n\u00e9gligence ou pour les dommages cons\u00e9cutifs, accessoires ou autres, la responsabilit\u00e9 pour de telles juridictions est limit\u00e9e pour les parties de Bullhorn \u00e0 la plus grande mesure accept\u00e9e par la loi.\u00a0 Votre seul rem\u00e8de au m\u00e9contentement concernant ce site est d&#8217;arr\u00eater de l&#8217;utiliser.<\/p>\n<h3>R\u00e9ponses aux questions en ligne<\/h3>\n<p>De temps en temps, Bullhorn peut proposer de fournir des informations ou du mat\u00e9riel via un mail \u00e9lectronique ou autrement aux personnes int\u00e9ress\u00e9es.\u00a0 Bullhorn se r\u00e9serve le droit, \u00e0 sa seule discr\u00e9tion, de rejeter toute demande concernant de telles informations ou de tel mat\u00e9riel, ou de discontinuer la fourniture de telles informations ou de tel mat\u00e9riel, pour quelque raison qui soit.<\/p>\n<h3>Liens vers d&#8217;autres sites<\/h3>\n<p>Ce site peut contenir des liens vers des sites externes.\u00a0 Ces liens ne sont propos\u00e9s qu&#8217;\u00e0 titre de commodit\u00e9.\u00a0 Les sites vers lesquels pointent ces liens ne sont pas contr\u00f4l\u00e9s par Bullhorn et Bullhorn n&#8217;est pas responsable des contenus des sites li\u00e9s, ni de tout lien contenu dans un site li\u00e9.\u00a0 L&#8217;inclusion d&#8217;un lien ne signifie pas que Bullhorn accepte la responsabilit\u00e9 du site, et Bullhorn n&#8217;aura pas la responsabilit\u00e9 pour les informations que ce site fournit ou qui sont reli\u00e9es par ce site.<\/p>\n","accordion_open_first_section":false,"accordion_multiple_open_sections":false,"accordion_items":false,"icon_list_items":false}],"block_background":"block-bg-none","block_background_video_type":"url","block_background_video_url":"","block_background_video_file":false,"block_background_image":false,"block_background_overlay":false,"unique_id":"","block_option_custom_class":"","block_animate":false,"block_option_padding":[],"block_option_hide":[],"bg_lower_slant_color":""},{"acf_fc_layout":"cta","mid_page_format":false,"condensed_format":false,"text":"Commencez le d\u00e9veloppement de votre entreprise","subtext":"","block_aria":"","image":false,"enable_bg_shape":false,"image_shape":"","action_type":"button","link_settings":{"link_type":"url","link_text":"Live Demo","link_page":null,"link_url":"#show-demo-modal","link_style":"button--orange","link_aria":""},"email_placeholder_text":"Enter Your Email Address","block_background":"bg-blue","block_background_video_type":"url","block_background_video_url":"","block_background_video_file":false,"block_background_image":false,"block_background_overlay":false,"unique_id":"","block_option_custom_class":"","block_animate":false,"block_option_padding":[],"block_option_hide":[],"bg_lower_slant_color":""}],"_links":{"self":[{"href":"https:\/\/www.bullhorn.com\/fr\/wp-json\/wp\/v2\/pages\/494","targetHints":{"allow":["GET"]}}],"collection":[{"href":"https:\/\/www.bullhorn.com\/fr\/wp-json\/wp\/v2\/pages"}],"about":[{"href":"https:\/\/www.bullhorn.com\/fr\/wp-json\/wp\/v2\/types\/page"}],"author":[{"embeddable":true,"href":"https:\/\/www.bullhorn.com\/fr\/wp-json\/wp\/v2\/users\/137"}],"replies":[{"embeddable":true,"href":"https:\/\/www.bullhorn.com\/fr\/wp-json\/wp\/v2\/comments?post=494"}],"version-history":[{"count":2,"href":"https:\/\/www.bullhorn.com\/fr\/wp-json\/wp\/v2\/pages\/494\/revisions"}],"predecessor-version":[{"id":1558,"href":"https:\/\/www.bullhorn.com\/fr\/wp-json\/wp\/v2\/pages\/494\/revisions\/1558"}],"wp:attachment":[{"href":"https:\/\/www.bullhorn.com\/fr\/wp-json\/wp\/v2\/media?parent=494"}],"curies":[{"name":"wp","href":"https:\/\/api.w.org\/{rel}","templated":true}]}}